{"id":9801,"date":"2021-05-14T19:39:43","date_gmt":"2021-05-14T19:39:43","guid":{"rendered":"https:\/\/www.pshhc.org\/?page_id=9801"},"modified":"2025-11-26T19:20:44","modified_gmt":"2025-11-26T19:20:44","slug":"care-independence","status":"publish","type":"page","link":"https:\/\/www.pshhc.org\/es\/care-independence\/","title":{"rendered":"Cuidado e Independencia"},"content":{"rendered":"<div class=\"wpb-content-wrapper\"><div data-vc-full-width=\"true\" data-vc-full-width-temp=\"true\" data-vc-full-width-init=\"false\" data-vc-stretch-content=\"true\" class=\"vc_row wpb_row vc_row-fluid inner-banner vc_row-no-padding\"><div class=\"wpb_column vc_column_container vc_col-sm-12\"><div class=\"vc_column-inner\"><div class=\"wpb_wrapper\">\n\t<div  class=\"wpb_single_image wpb_content_element vc_align_center wpb_content_element  bg-image\">\n\t\t\n\t\t<figure class=\"wpb_wrapper vc_figure\">\n\t\t\t<div class=\"vc_single_image-wrapper   vc_box_border_grey\"><img loading=\"lazy\" decoding=\"async\" width=\"2560\" height=\"1707\" src=\"https:\/\/www.pshhc.org\/wp-content\/uploads\/2022\/11\/ChildCareLicenceesSB2018_wcert-scaled.jpg\" class=\"vc_single_image-img attachment-full\" alt=\"\" title=\"Licencias de cuidado infantilSB2018_wcert\" srcset=\"https:\/\/www.pshhc.org\/wp-content\/uploads\/2022\/11\/ChildCareLicenceesSB2018_wcert-scaled.jpg 2560w, https:\/\/www.pshhc.org\/wp-content\/uploads\/2022\/11\/ChildCareLicenceesSB2018_wcert-300x200.jpg 300w, https:\/\/www.pshhc.org\/wp-content\/uploads\/2022\/11\/ChildCareLicenceesSB2018_wcert-1024x683.jpg 1024w, https:\/\/www.pshhc.org\/wp-content\/uploads\/2022\/11\/ChildCareLicenceesSB2018_wcert-768x512.jpg 768w, https:\/\/www.pshhc.org\/wp-content\/uploads\/2022\/11\/ChildCareLicenceesSB2018_wcert-1536x1024.jpg 1536w, https:\/\/www.pshhc.org\/wp-content\/uploads\/2022\/11\/ChildCareLicenceesSB2018_wcert-2048x1365.jpg 2048w, https:\/\/www.pshhc.org\/wp-content\/uploads\/2022\/11\/ChildCareLicenceesSB2018_wcert-18x12.jpg 18w\" sizes=\"auto, (max-width: 2560px) 100vw, 2560px\" \/><\/div>\n\t\t<\/figure>\n\t<\/div>\n<\/div><\/div><\/div><\/div><div class=\"vc_row-full-width vc_clearfix\"><\/div><div data-vc-full-width=\"true\" data-vc-full-width-temp=\"true\" data-vc-full-width-init=\"false\" data-vc-stretch-content=\"true\" class=\"vc_row wpb_row vc_row-fluid inner-housing-section vc_row-no-padding\"><div class=\"wpb_column vc_column_container vc_col-sm-12\"><div class=\"vc_column-inner\"><div class=\"wpb_wrapper\">\n\t<div class=\"wpb_text_column wpb_content_element container\" >\n\t\t<div class=\"wpb_wrapper\">\n\t\t\t<h2>Cuidado e Independencia<\/h2>\n\n\t\t<\/div>\n\t<\/div>\n<\/div><\/div><\/div><\/div><div class=\"vc_row-full-width vc_clearfix\"><\/div><div data-vc-full-width=\"true\" data-vc-full-width-temp=\"true\" data-vc-full-width-init=\"false\" data-vc-stretch-content=\"true\" class=\"vc_row wpb_row vc_row-fluid rental-housing-section wider vc_row-no-padding\"><div class=\"wpb_column vc_column_container vc_col-sm-12\"><div class=\"vc_column-inner\"><div class=\"wpb_wrapper\"><div class=\"vc_row wpb_row vc_inner vc_row-fluid container vc_column-gap-30\"><div class=\"wpb_column vc_column_container vc_col-sm-3\"><div class=\"vc_column-inner\"><div class=\"wpb_wrapper\">\n\t<div  class=\"wpb_single_image wpb_content_element vc_align_center wpb_content_element\">\n\t\t\n\t\t<figure class=\"wpb_wrapper vc_figure\">\n\t\t\t<div class=\"vc_single_image-wrapper   vc_box_border_grey\"><img loading=\"lazy\" decoding=\"async\" width=\"270\" height=\"200\" src=\"https:\/\/www.pshhc.org\/wp-content\/uploads\/2022\/11\/Untitled-design-2022-11-03T143851.371.png\" class=\"vc_single_image-img attachment-full\" alt=\"\" title=\"Independencia de funciones de SHP2\" srcset=\"https:\/\/www.pshhc.org\/wp-content\/uploads\/2022\/11\/Untitled-design-2022-11-03T143851.371.png 270w, https:\/\/www.pshhc.org\/wp-content\/uploads\/2022\/11\/Untitled-design-2022-11-03T143851.371-16x12.png 16w\" sizes=\"auto, (max-width: 270px) 100vw, 270px\" \/><\/div>\n\t\t<\/figure>\n\t<\/div>\n<\/div><\/div><\/div><div class=\"wpb_column vc_column_container vc_col-sm-9\"><div class=\"vc_column-inner\"><div class=\"wpb_wrapper\">\n\t<div class=\"wpb_text_column wpb_content_element tal\" >\n\t\t<div class=\"wpb_wrapper\">\n\t\t\t<p>Durante tiempos dif\u00edciles, como p\u00e9rdida de empleo, crisis de salud mental y emergencias f\u00edsicas, nuestros trabajadores sociales ayudan a los residentes a recorrer el camino de regreso a la estabilidad. El equipo de SHP est\u00e1 altamente capacitado para obtener recursos y brindar el apoyo emocional necesario. La vivienda de apoyo puede cambiar vidas. Nuestro atento equipo ayuda a empoderar a los residentes hacia la tranquilidad y la independencia.<\/p>\n<p><a style=\"background-color: #ffffff;\" href=\"https:\/\/form-renderer-app.donorperfect.io\/give\/peoples-self-help-housing\/give-today-supportive-housing\" target=\"_blank\" rel=\"noopener\">\u00a1Ayuda a crear m\u00e1s oportunidades de independencia para nuestros residentes!<\/a><\/p>\n\n\t\t<\/div>\n\t<\/div>\n<\/div><\/div><\/div><\/div><\/div><\/div><\/div><\/div><div class=\"vc_row-full-width vc_clearfix\"><\/div>\n<\/div>","protected":false},"excerpt":{"rendered":"Atenci\u00f3n e independencia Durante tiempos dif\u00edciles, como p\u00e9rdida de empleo, crisis de salud mental y emergencias f\u00edsicas, nuestros trabajadores sociales ayudan a los residentes a recorrer el camino de regreso a la estabilidad. El equipo de SHP est\u00e1 altamente capacitado para obtener recursos y brindar el apoyo emocional necesario. La vivienda de apoyo puede cambiar vidas. Nuestro atento equipo ayuda a empoderar a los residentes hacia la paz...  <a class=\"excerpt-read-more\" href=\"https:\/\/www.pshhc.org\/es\/care-independence\/\" title=\"Leer Cuidado e Independencia\">Leer m\u00e1s &quot;<\/a>","protected":false},"author":1105,"featured_media":65223,"parent":0,"menu_order":0,"comment_status":"closed","ping_status":"closed","template":"page-wide.php","meta":{"_acf_changed":false,"footnotes":""},"class_list":["post-9801","page","type-page","status-publish","has-post-thumbnail","hentry"],"acf":[],"yoast_head":"<!-- This site is optimized with the Yoast SEO plugin v26.9 - https:\/\/yoast.com\/product\/yoast-seo-wordpress\/ -->\n<title>Care &amp; Independence - People&#039;s Self-Help Housing<\/title>\n<meta name=\"description\" content=\"Care &amp; Independence During difficult times, such as job loss, mental health crises, and physical emergencies, our social workers help residents navigate the path back towards stability. The SHP team\" \/>\n<meta name=\"robots\" content=\"index, follow, max-snippet:-1, max-image-preview:large, max-video-preview:-1\" \/>\n<link rel=\"canonical\" href=\"https:\/\/www.pshhc.org\/es\/care-independence\/\" \/>\n<meta property=\"og:locale\" content=\"es_MX\" \/>\n<meta property=\"og:type\" content=\"article\" \/>\n<meta property=\"og:title\" content=\"Care &amp; Independence - People&#039;s Self-Help Housing\" \/>\n<meta property=\"og:url\" content=\"https:\/\/www.pshhc.org\/es\/care-independence\/\" \/>\n<meta property=\"og:site_name\" content=\"People&#039;s Self-Help Housing\" \/>\n<meta property=\"article:modified_time\" content=\"2025-11-26T19:20:44+00:00\" \/>\n<meta property=\"og:image\" content=\"https:\/\/www.pshhc.org\/wp-content\/uploads\/2022\/11\/Untitled-design-2022-11-03T143851.371.png\" \/>\n\t<meta property=\"og:image:width\" content=\"270\" \/>\n\t<meta property=\"og:image:height\" content=\"200\" \/>\n\t<meta property=\"og:image:type\" content=\"image\/png\" \/>\n<meta name=\"twitter:card\" content=\"summary_large_image\" \/>\n<meta name=\"twitter:label1\" content=\"Tiempo de lectura\" \/>\n\t<meta name=\"twitter:data1\" content=\"1 minuto\" \/>\n<script type=\"application\/ld+json\" class=\"yoast-schema-graph\">{\"@context\":\"https:\/\/schema.org\",\"@graph\":[{\"@type\":\"WebPage\",\"@id\":\"https:\/\/www.pshhc.org\/care-independence\/\",\"url\":\"https:\/\/www.pshhc.org\/care-independence\/\",\"name\":\"Care & Independence - People&#039;s Self-Help Housing\",\"isPartOf\":{\"@id\":\"https:\/\/www.pshhc.org\/#website\"},\"primaryImageOfPage\":{\"@id\":\"https:\/\/www.pshhc.org\/care-independence\/#primaryimage\"},\"image\":{\"@id\":\"https:\/\/www.pshhc.org\/care-independence\/#primaryimage\"},\"thumbnailUrl\":\"https:\/\/www.pshhc.org\/wp-content\/uploads\/2022\/11\/Untitled-design-2022-11-03T143851.371.png\",\"datePublished\":\"2021-05-14T19:39:43+00:00\",\"dateModified\":\"2025-11-26T19:20:44+00:00\",\"breadcrumb\":{\"@id\":\"https:\/\/www.pshhc.org\/care-independence\/#breadcrumb\"},\"inLanguage\":\"es\",\"potentialAction\":[{\"@type\":\"ReadAction\",\"target\":[\"https:\/\/www.pshhc.org\/care-independence\/\"]}]},{\"@type\":\"ImageObject\",\"inLanguage\":\"es\",\"@id\":\"https:\/\/www.pshhc.org\/care-independence\/#primaryimage\",\"url\":\"https:\/\/www.pshhc.org\/wp-content\/uploads\/2022\/11\/Untitled-design-2022-11-03T143851.371.png\",\"contentUrl\":\"https:\/\/www.pshhc.org\/wp-content\/uploads\/2022\/11\/Untitled-design-2022-11-03T143851.371.png\",\"width\":270,\"height\":200},{\"@type\":\"BreadcrumbList\",\"@id\":\"https:\/\/www.pshhc.org\/care-independence\/#breadcrumb\",\"itemListElement\":[{\"@type\":\"ListItem\",\"position\":1,\"name\":\"Home\",\"item\":\"https:\/\/www.pshhc.org\/\"},{\"@type\":\"ListItem\",\"position\":2,\"name\":\"Care &#038; Independence\"}]},{\"@type\":\"WebSite\",\"@id\":\"https:\/\/www.pshhc.org\/#website\",\"url\":\"https:\/\/www.pshhc.org\/\",\"name\":\"People&#039;s Self-Help Housing\",\"description\":\"People&#039;s Self-Help Housing\",\"potentialAction\":[{\"@type\":\"SearchAction\",\"target\":{\"@type\":\"EntryPoint\",\"urlTemplate\":\"https:\/\/www.pshhc.org\/?s={search_term_string}\"},\"query-input\":{\"@type\":\"PropertyValueSpecification\",\"valueRequired\":true,\"valueName\":\"search_term_string\"}}],\"inLanguage\":\"es\"}]}<\/script>\n<!-- \/ Yoast SEO plugin. -->","yoast_head_json":{"title":"Cuidado e Independencia - Vivienda de Autoayuda Popular","description":"Cuidado e Independencia. En momentos dif\u00edciles, como la p\u00e9rdida del empleo, crisis de salud mental y emergencias f\u00edsicas, nuestros trabajadores sociales ayudan a los residentes a encontrar la estabilidad. El equipo de SHP.","robots":{"index":"index","follow":"follow","max-snippet":"max-snippet:-1","max-image-preview":"max-image-preview:large","max-video-preview":"max-video-preview:-1"},"canonical":"https:\/\/www.pshhc.org\/es\/care-independence\/","og_locale":"es_MX","og_type":"article","og_title":"Care & Independence - People&#039;s Self-Help Housing","og_url":"https:\/\/www.pshhc.org\/es\/care-independence\/","og_site_name":"People&#039;s Self-Help Housing","article_modified_time":"2025-11-26T19:20:44+00:00","og_image":[{"width":270,"height":200,"url":"https:\/\/www.pshhc.org\/wp-content\/uploads\/2022\/11\/Untitled-design-2022-11-03T143851.371.png","type":"image\/png"}],"twitter_card":"summary_large_image","twitter_misc":{"Tiempo de lectura":"1 minuto"},"schema":{"@context":"https:\/\/schema.org","@graph":[{"@type":"WebPage","@id":"https:\/\/www.pshhc.org\/care-independence\/","url":"https:\/\/www.pshhc.org\/care-independence\/","name":"Cuidado e Independencia - Vivienda de Autoayuda Popular","isPartOf":{"@id":"https:\/\/www.pshhc.org\/#website"},"primaryImageOfPage":{"@id":"https:\/\/www.pshhc.org\/care-independence\/#primaryimage"},"image":{"@id":"https:\/\/www.pshhc.org\/care-independence\/#primaryimage"},"thumbnailUrl":"https:\/\/www.pshhc.org\/wp-content\/uploads\/2022\/11\/Untitled-design-2022-11-03T143851.371.png","datePublished":"2021-05-14T19:39:43+00:00","dateModified":"2025-11-26T19:20:44+00:00","breadcrumb":{"@id":"https:\/\/www.pshhc.org\/care-independence\/#breadcrumb"},"inLanguage":"es","potentialAction":[{"@type":"ReadAction","target":["https:\/\/www.pshhc.org\/care-independence\/"]}]},{"@type":"ImageObject","inLanguage":"es","@id":"https:\/\/www.pshhc.org\/care-independence\/#primaryimage","url":"https:\/\/www.pshhc.org\/wp-content\/uploads\/2022\/11\/Untitled-design-2022-11-03T143851.371.png","contentUrl":"https:\/\/www.pshhc.org\/wp-content\/uploads\/2022\/11\/Untitled-design-2022-11-03T143851.371.png","width":270,"height":200},{"@type":"BreadcrumbList","@id":"https:\/\/www.pshhc.org\/care-independence\/#breadcrumb","itemListElement":[{"@type":"ListItem","position":1,"name":"Home","item":"https:\/\/www.pshhc.org\/"},{"@type":"ListItem","position":2,"name":"Care &#038; Independence"}]},{"@type":"WebSite","@id":"https:\/\/www.pshhc.org\/#website","url":"https:\/\/www.pshhc.org\/","name":"Vivienda de autoayuda de People &amp; #039; s","description":"Vivienda de autoayuda de People &amp; #039; s","potentialAction":[{"@type":"SearchAction","target":{"@type":"EntryPoint","urlTemplate":"https:\/\/www.pshhc.org\/?s={search_term_string}"},"query-input":{"@type":"PropertyValueSpecification","valueRequired":true,"valueName":"search_term_string"}}],"inLanguage":"es"}]}},"jetpack_sharing_enabled":true,"_links":{"self":[{"href":"https:\/\/www.pshhc.org\/es\/wp-json\/wp\/v2\/pages\/9801","targetHints":{"allow":["GET"]}}],"collection":[{"href":"https:\/\/www.pshhc.org\/es\/wp-json\/wp\/v2\/pages"}],"about":[{"href":"https:\/\/www.pshhc.org\/es\/wp-json\/wp\/v2\/types\/page"}],"author":[{"embeddable":true,"href":"https:\/\/www.pshhc.org\/es\/wp-json\/wp\/v2\/users\/1105"}],"replies":[{"embeddable":true,"href":"https:\/\/www.pshhc.org\/es\/wp-json\/wp\/v2\/comments?post=9801"}],"version-history":[{"count":12,"href":"https:\/\/www.pshhc.org\/es\/wp-json\/wp\/v2\/pages\/9801\/revisions"}],"predecessor-version":[{"id":139664,"href":"https:\/\/www.pshhc.org\/es\/wp-json\/wp\/v2\/pages\/9801\/revisions\/139664"}],"wp:featuredmedia":[{"embeddable":true,"href":"https:\/\/www.pshhc.org\/es\/wp-json\/wp\/v2\/media\/65223"}],"wp:attachment":[{"href":"https:\/\/www.pshhc.org\/es\/wp-json\/wp\/v2\/media?parent=9801"}],"curies":[{"name":"gracias","href":"https:\/\/api.w.org\/{rel}","templated":true}]}}