{"id":9076,"date":"2021-03-29T21:21:04","date_gmt":"2021-03-29T21:21:04","guid":{"rendered":"https:\/\/www.pshhc.org\/?page_id=9076"},"modified":"2023-03-31T21:19:14","modified_gmt":"2023-03-31T21:19:14","slug":"management","status":"publish","type":"page","link":"https:\/\/www.pshhc.org\/es\/management\/","title":{"rendered":"administraci\u00f3n"},"content":{"rendered":"<div class=\"wpb-content-wrapper\"><div data-vc-full-width=\"true\" data-vc-full-width-temp=\"true\" data-vc-full-width-init=\"false\" data-vc-stretch-content=\"true\" class=\"vc_row wpb_row vc_row-fluid inner-banner vc_row-no-padding\"><div class=\"wpb_column vc_column_container vc_col-sm-12\"><div class=\"vc_column-inner\"><div class=\"wpb_wrapper\">\n\t<div  class=\"wpb_single_image wpb_content_element vc_align_center wpb_content_element  bg-image\">\n\t\t\n\t\t<figure class=\"wpb_wrapper vc_figure\">\n\t\t\t<div class=\"vc_single_image-wrapper   vc_box_border_grey\"><img loading=\"lazy\" decoding=\"async\" width=\"2560\" height=\"953\" src=\"https:\/\/www.pshhc.org\/wp-content\/uploads\/2022\/01\/IMG_0028-1-scaled-e1641851337172.jpg\" class=\"vc_single_image-img attachment-full\" alt=\"\" title=\"IMG_0028\" srcset=\"https:\/\/www.pshhc.org\/wp-content\/uploads\/2022\/01\/IMG_0028-1-scaled-e1641851337172.jpg 2560w, https:\/\/www.pshhc.org\/wp-content\/uploads\/2022\/01\/IMG_0028-1-scaled-e1641851337172-300x112.jpg 300w, https:\/\/www.pshhc.org\/wp-content\/uploads\/2022\/01\/IMG_0028-1-scaled-e1641851337172-1024x381.jpg 1024w, https:\/\/www.pshhc.org\/wp-content\/uploads\/2022\/01\/IMG_0028-1-scaled-e1641851337172-768x286.jpg 768w, https:\/\/www.pshhc.org\/wp-content\/uploads\/2022\/01\/IMG_0028-1-scaled-e1641851337172-1536x572.jpg 1536w, https:\/\/www.pshhc.org\/wp-content\/uploads\/2022\/01\/IMG_0028-1-scaled-e1641851337172-2048x762.jpg 2048w, https:\/\/www.pshhc.org\/wp-content\/uploads\/2022\/01\/IMG_0028-1-scaled-e1641851337172-18x7.jpg 18w, https:\/\/www.pshhc.org\/wp-content\/uploads\/2022\/01\/IMG_0028-1-scaled-e1641851337172-600x223.jpg 600w\" sizes=\"auto, (max-width: 2560px) 100vw, 2560px\" \/><\/div>\n\t\t<\/figure>\n\t<\/div>\n<\/div><\/div><\/div><\/div><div class=\"vc_row-full-width vc_clearfix\"><\/div><div data-vc-full-width=\"true\" data-vc-full-width-temp=\"true\" data-vc-full-width-init=\"false\" data-vc-stretch-content=\"true\" class=\"vc_row wpb_row vc_row-fluid inner-housing-section vc_row-no-padding\"><div class=\"wpb_column vc_column_container vc_col-sm-12\"><div class=\"vc_column-inner\"><div class=\"wpb_wrapper\">\n\t<div class=\"wpb_text_column wpb_content_element container\" >\n\t\t<div class=\"wpb_wrapper\">\n\t\t\t<h2>Administraci\u00f3n de propiedades en el lugar<\/h2>\n\n\t\t<\/div>\n\t<\/div>\n<\/div><\/div><\/div><\/div><div class=\"vc_row-full-width vc_clearfix\"><\/div><div data-vc-full-width=\"true\" data-vc-full-width-temp=\"true\" data-vc-full-width-init=\"false\" data-vc-stretch-content=\"true\" class=\"vc_row wpb_row vc_row-fluid rental-housing-section wider vc_row-no-padding\"><div class=\"wpb_column vc_column_container vc_col-sm-12\"><div class=\"vc_column-inner\"><div class=\"wpb_wrapper\"><div class=\"vc_row wpb_row vc_inner vc_row-fluid container vc_column-gap-30\"><div class=\"wpb_column vc_column_container vc_col-sm-3\"><div class=\"vc_column-inner\"><div class=\"wpb_wrapper\">\n\t<div  class=\"wpb_single_image wpb_content_element vc_align_center wpb_content_element\">\n\t\t\n\t\t<figure class=\"wpb_wrapper vc_figure\">\n\t\t\t<div class=\"vc_single_image-wrapper   vc_box_border_grey\"><img loading=\"lazy\" decoding=\"async\" width=\"1587\" height=\"1126\" src=\"https:\/\/www.pshhc.org\/wp-content\/uploads\/2022\/01\/P1020618-scaled-e1641851559519.jpg\" class=\"vc_single_image-img attachment-full\" alt=\"\" title=\"P1020618\" srcset=\"https:\/\/www.pshhc.org\/wp-content\/uploads\/2022\/01\/P1020618-scaled-e1641851559519.jpg 1587w, https:\/\/www.pshhc.org\/wp-content\/uploads\/2022\/01\/P1020618-scaled-e1641851559519-300x213.jpg 300w, https:\/\/www.pshhc.org\/wp-content\/uploads\/2022\/01\/P1020618-scaled-e1641851559519-1024x727.jpg 1024w, https:\/\/www.pshhc.org\/wp-content\/uploads\/2022\/01\/P1020618-scaled-e1641851559519-768x545.jpg 768w, https:\/\/www.pshhc.org\/wp-content\/uploads\/2022\/01\/P1020618-scaled-e1641851559519-1536x1090.jpg 1536w, https:\/\/www.pshhc.org\/wp-content\/uploads\/2022\/01\/P1020618-scaled-e1641851559519-18x12.jpg 18w, https:\/\/www.pshhc.org\/wp-content\/uploads\/2022\/01\/P1020618-scaled-e1641851559519-600x426.jpg 600w\" sizes=\"auto, (max-width: 1587px) 100vw, 1587px\" \/><\/div>\n\t\t<\/figure>\n\t<\/div>\n<\/div><\/div><\/div><div class=\"wpb_column vc_column_container vc_col-sm-9\"><div class=\"vc_column-inner\"><div class=\"wpb_wrapper\">\n\t<div class=\"wpb_text_column wpb_content_element tal\" >\n\t\t<div class=\"wpb_wrapper\">\n\t\t\t<p>No hay rostros m\u00e1s conocidos en un vecindario de PSHH que los de nuestros administradores de propiedades. Como representantes in situ de la organizaci\u00f3n, estos profesionales brindan una administraci\u00f3n de propiedades compasiva que brinda tranquilidad a los residentes y sus seres queridos.<\/p>\n<p>Cada d\u00eda brinda oportunidades para que el equipo apoye a nuestros residentes y ayude a construir una comunidad entre vecinos. Los mercados de agricultores, las cl\u00ednicas de salud m\u00f3viles y las reuniones de temporada se ven com\u00fanmente en nuestros sitios, y cada evento hace que el vecindario se sienta como en casa. Vivir en el lugar permite que nuestros equipos est\u00e9n disponibles para nuestros residentes y para los numerosos proveedores y socios que contribuyen al \u00e9xito de nuestras comunidades.<\/p>\n\n\t\t<\/div>\n\t<\/div>\n<\/div><\/div><\/div><\/div><\/div><\/div><\/div><\/div><div class=\"vc_row-full-width vc_clearfix\"><\/div>\n<\/div>","protected":false},"excerpt":{"rendered":"Administraci\u00f3n de propiedades en el sitio No hay caras m\u00e1s conocidas en un vecindario de PSHH que las de nuestros administradores de propiedades. Como representantes in situ de la organizaci\u00f3n, estos profesionales brindan una administraci\u00f3n compasiva de la propiedad que brinda tranquilidad a los residentes y sus seres queridos. Cada d\u00eda brinda oportunidades para que el equipo apoye a nuestros residentes y...  <a class=\"excerpt-read-more\" href=\"https:\/\/www.pshhc.org\/es\/management\/\" title=\"Leer Gesti\u00f3n\">Leer m\u00e1s &quot;<\/a>","protected":false},"author":1105,"featured_media":25838,"parent":0,"menu_order":0,"comment_status":"closed","ping_status":"closed","template":"page-wide.php","meta":{"_acf_changed":false,"footnotes":""},"class_list":["post-9076","page","type-page","status-publish","has-post-thumbnail","hentry"],"acf":[],"yoast_head":"<!-- This site is optimized with the Yoast SEO plugin v26.9 - https:\/\/yoast.com\/product\/yoast-seo-wordpress\/ -->\n<title>Management - People&#039;s Self-Help Housing<\/title>\n<meta name=\"description\" content=\"Onsite Property Management There are no faces more well known around a PSHH neighborhood than those of our property managers. As onsite representatives of the organization, these professionals provide compassionate\" \/>\n<meta name=\"robots\" content=\"index, follow, max-snippet:-1, max-image-preview:large, max-video-preview:-1\" \/>\n<link rel=\"canonical\" href=\"https:\/\/www.pshhc.org\/es\/management\/\" \/>\n<meta property=\"og:locale\" content=\"es_MX\" \/>\n<meta property=\"og:type\" content=\"article\" \/>\n<meta property=\"og:title\" content=\"Management - People&#039;s Self-Help Housing\" \/>\n<meta property=\"og:url\" content=\"https:\/\/www.pshhc.org\/es\/management\/\" \/>\n<meta property=\"og:site_name\" content=\"People&#039;s Self-Help Housing\" \/>\n<meta property=\"article:modified_time\" content=\"2023-03-31T21:19:14+00:00\" \/>\n<meta property=\"og:image\" content=\"https:\/\/www.pshhc.org\/wp-content\/uploads\/2022\/01\/IMG_0028-scaled.jpg\" \/>\n\t<meta property=\"og:image:width\" content=\"2560\" \/>\n\t<meta property=\"og:image:height\" content=\"1920\" \/>\n\t<meta property=\"og:image:type\" content=\"image\/jpeg\" \/>\n<meta name=\"twitter:card\" content=\"summary_large_image\" \/>\n<meta name=\"twitter:label1\" content=\"Tiempo de lectura\" \/>\n\t<meta name=\"twitter:data1\" content=\"1 minuto\" \/>\n<script type=\"application\/ld+json\" class=\"yoast-schema-graph\">{\"@context\":\"https:\/\/schema.org\",\"@graph\":[{\"@type\":\"WebPage\",\"@id\":\"https:\/\/www.pshhc.org\/management\/\",\"url\":\"https:\/\/www.pshhc.org\/management\/\",\"name\":\"Management - People&#039;s Self-Help Housing\",\"isPartOf\":{\"@id\":\"https:\/\/www.pshhc.org\/#website\"},\"primaryImageOfPage\":{\"@id\":\"https:\/\/www.pshhc.org\/management\/#primaryimage\"},\"image\":{\"@id\":\"https:\/\/www.pshhc.org\/management\/#primaryimage\"},\"thumbnailUrl\":\"https:\/\/www.pshhc.org\/wp-content\/uploads\/2022\/01\/IMG_0028-scaled.jpg\",\"datePublished\":\"2021-03-29T21:21:04+00:00\",\"dateModified\":\"2023-03-31T21:19:14+00:00\",\"breadcrumb\":{\"@id\":\"https:\/\/www.pshhc.org\/management\/#breadcrumb\"},\"inLanguage\":\"es\",\"potentialAction\":[{\"@type\":\"ReadAction\",\"target\":[\"https:\/\/www.pshhc.org\/management\/\"]}]},{\"@type\":\"ImageObject\",\"inLanguage\":\"es\",\"@id\":\"https:\/\/www.pshhc.org\/management\/#primaryimage\",\"url\":\"https:\/\/www.pshhc.org\/wp-content\/uploads\/2022\/01\/IMG_0028-scaled.jpg\",\"contentUrl\":\"https:\/\/www.pshhc.org\/wp-content\/uploads\/2022\/01\/IMG_0028-scaled.jpg\",\"width\":2560,\"height\":1920},{\"@type\":\"BreadcrumbList\",\"@id\":\"https:\/\/www.pshhc.org\/management\/#breadcrumb\",\"itemListElement\":[{\"@type\":\"ListItem\",\"position\":1,\"name\":\"Home\",\"item\":\"https:\/\/www.pshhc.org\/\"},{\"@type\":\"ListItem\",\"position\":2,\"name\":\"Management\"}]},{\"@type\":\"WebSite\",\"@id\":\"https:\/\/www.pshhc.org\/#website\",\"url\":\"https:\/\/www.pshhc.org\/\",\"name\":\"People&#039;s Self-Help Housing\",\"description\":\"People&#039;s Self-Help Housing\",\"potentialAction\":[{\"@type\":\"SearchAction\",\"target\":{\"@type\":\"EntryPoint\",\"urlTemplate\":\"https:\/\/www.pshhc.org\/?s={search_term_string}\"},\"query-input\":{\"@type\":\"PropertyValueSpecification\",\"valueRequired\":true,\"valueName\":\"search_term_string\"}}],\"inLanguage\":\"es\"}]}<\/script>\n<!-- \/ Yoast SEO plugin. -->","yoast_head_json":{"title":"Gesti\u00f3n - Vivienda de Autoayuda Popular","description":"Administraci\u00f3n de propiedades en el sitio. No hay rostros m\u00e1s conocidos en un vecindario de PSHH que los de nuestros administradores de propiedades. Como representantes de la organizaci\u00f3n en el sitio, estos profesionales brindan un trato compasivo.","robots":{"index":"index","follow":"follow","max-snippet":"max-snippet:-1","max-image-preview":"max-image-preview:large","max-video-preview":"max-video-preview:-1"},"canonical":"https:\/\/www.pshhc.org\/es\/management\/","og_locale":"es_MX","og_type":"article","og_title":"Management - People&#039;s Self-Help Housing","og_url":"https:\/\/www.pshhc.org\/es\/management\/","og_site_name":"People&#039;s Self-Help Housing","article_modified_time":"2023-03-31T21:19:14+00:00","og_image":[{"width":2560,"height":1920,"url":"https:\/\/www.pshhc.org\/wp-content\/uploads\/2022\/01\/IMG_0028-scaled.jpg","type":"image\/jpeg"}],"twitter_card":"summary_large_image","twitter_misc":{"Tiempo de lectura":"1 minuto"},"schema":{"@context":"https:\/\/schema.org","@graph":[{"@type":"WebPage","@id":"https:\/\/www.pshhc.org\/management\/","url":"https:\/\/www.pshhc.org\/management\/","name":"Gesti\u00f3n - Vivienda de Autoayuda Popular","isPartOf":{"@id":"https:\/\/www.pshhc.org\/#website"},"primaryImageOfPage":{"@id":"https:\/\/www.pshhc.org\/management\/#primaryimage"},"image":{"@id":"https:\/\/www.pshhc.org\/management\/#primaryimage"},"thumbnailUrl":"https:\/\/www.pshhc.org\/wp-content\/uploads\/2022\/01\/IMG_0028-scaled.jpg","datePublished":"2021-03-29T21:21:04+00:00","dateModified":"2023-03-31T21:19:14+00:00","breadcrumb":{"@id":"https:\/\/www.pshhc.org\/management\/#breadcrumb"},"inLanguage":"es","potentialAction":[{"@type":"ReadAction","target":["https:\/\/www.pshhc.org\/management\/"]}]},{"@type":"ImageObject","inLanguage":"es","@id":"https:\/\/www.pshhc.org\/management\/#primaryimage","url":"https:\/\/www.pshhc.org\/wp-content\/uploads\/2022\/01\/IMG_0028-scaled.jpg","contentUrl":"https:\/\/www.pshhc.org\/wp-content\/uploads\/2022\/01\/IMG_0028-scaled.jpg","width":2560,"height":1920},{"@type":"BreadcrumbList","@id":"https:\/\/www.pshhc.org\/management\/#breadcrumb","itemListElement":[{"@type":"ListItem","position":1,"name":"Home","item":"https:\/\/www.pshhc.org\/"},{"@type":"ListItem","position":2,"name":"Management"}]},{"@type":"WebSite","@id":"https:\/\/www.pshhc.org\/#website","url":"https:\/\/www.pshhc.org\/","name":"Vivienda de autoayuda de People &amp; #039; s","description":"Vivienda de autoayuda de People &amp; #039; s","potentialAction":[{"@type":"SearchAction","target":{"@type":"EntryPoint","urlTemplate":"https:\/\/www.pshhc.org\/?s={search_term_string}"},"query-input":{"@type":"PropertyValueSpecification","valueRequired":true,"valueName":"search_term_string"}}],"inLanguage":"es"}]}},"jetpack_sharing_enabled":true,"_links":{"self":[{"href":"https:\/\/www.pshhc.org\/es\/wp-json\/wp\/v2\/pages\/9076","targetHints":{"allow":["GET"]}}],"collection":[{"href":"https:\/\/www.pshhc.org\/es\/wp-json\/wp\/v2\/pages"}],"about":[{"href":"https:\/\/www.pshhc.org\/es\/wp-json\/wp\/v2\/types\/page"}],"author":[{"embeddable":true,"href":"https:\/\/www.pshhc.org\/es\/wp-json\/wp\/v2\/users\/1105"}],"replies":[{"embeddable":true,"href":"https:\/\/www.pshhc.org\/es\/wp-json\/wp\/v2\/comments?post=9076"}],"version-history":[{"count":17,"href":"https:\/\/www.pshhc.org\/es\/wp-json\/wp\/v2\/pages\/9076\/revisions"}],"predecessor-version":[{"id":89109,"href":"https:\/\/www.pshhc.org\/es\/wp-json\/wp\/v2\/pages\/9076\/revisions\/89109"}],"wp:featuredmedia":[{"embeddable":true,"href":"https:\/\/www.pshhc.org\/es\/wp-json\/wp\/v2\/media\/25838"}],"wp:attachment":[{"href":"https:\/\/www.pshhc.org\/es\/wp-json\/wp\/v2\/media?parent=9076"}],"curies":[{"name":"gracias","href":"https:\/\/api.w.org\/{rel}","templated":true}]}}