{"id":889,"date":"2019-06-27T22:40:16","date_gmt":"2019-06-27T22:40:16","guid":{"rendered":"https:\/\/www.pshhc.org\/?page_id=889"},"modified":"2026-02-11T18:04:59","modified_gmt":"2026-02-11T18:04:59","slug":"accessibility-statement","status":"publish","type":"page","link":"https:\/\/www.pshhc.org\/es\/accessibility-statement\/","title":{"rendered":"Declaraci\u00f3n de accesibilidad"},"content":{"rendered":"<div class=\"wpb-content-wrapper\"><div class=\"vc_row wpb_row vc_row-fluid\"><div class=\"wpb_column vc_column_container vc_col-sm-12\"><div class=\"vc_column-inner\"><div class=\"wpb_wrapper\">\n\t<div class=\"wpb_text_column wpb_content_element\" >\n\t\t<div class=\"wpb_wrapper\">\n\t\t\t<h2><\/h2>\n<p>&nbsp;<\/p>\n<h2>General<\/h2>\n<p>pshhc.org se esfuerza por garantizar que sus servicios sean accesibles para personas con discapacidades. pshhc.org ha invertido una cantidad significativa de recursos para ayudar a garantizar que su sitio web sea m\u00e1s f\u00e1cil de usar y m\u00e1s accesible para las personas con discapacidades, con la firme convicci\u00f3n de que todas las personas tienen derecho a vivir con dignidad, igualdad, comodidad e independencia.<\/p>\n<h2>Accesibilidad en pshhc.org<\/h2>\n<p>pshhc.org pone a disposici\u00f3n el <a title=\"Widget gratuito de accesibilidad del sitio web\" href=\"https:\/\/UserWay.org\">Widget de accesibilidad del sitio web de UserWay<\/a> que funciona con un servidor de accesibilidad dedicado. El software permite a pshhc.org mejorar su cumplimiento de las Pautas de accesibilidad al contenido web (WCAG 2.1).<\/p>\n<h2>Habilitaci\u00f3n del men\u00fa de accesibilidad<\/h2>\n<p>El men\u00fa de accesibilidad pshhc.org se puede habilitar haciendo clic en el \u00edcono del men\u00fa de accesibilidad que aparece en la esquina de la p\u00e1gina. Despu\u00e9s de activar el men\u00fa de accesibilidad, espere un momento hasta que el men\u00fa de accesibilidad se cargue por completo.<\/p>\n<h2>Descargo de responsabilidad<\/h2>\n<p>pshhc.org contin\u00faa sus esfuerzos para mejorar constantemente la accesibilidad de su sitio y servicios en la creencia de que es nuestra obligaci\u00f3n moral colectiva permitir el uso transparente, accesible y sin obst\u00e1culos tambi\u00e9n para aquellos de nosotros con discapacidades.<\/p>\n<p>A pesar de nuestros esfuerzos por hacer que todas las p\u00e1ginas y el contenido de pshhc.org sean totalmente accesibles, es posible que algunos contenidos a\u00fan no se hayan adaptado completamente a los est\u00e1ndares de accesibilidad m\u00e1s estrictos. Esto puede deberse a no haber encontrado o identificado la soluci\u00f3n tecnol\u00f3gica m\u00e1s adecuada.<\/p>\n<h2>Aqu\u00ed para ti<\/h2>\n<p>Si tiene dificultades con cualquier contenido de pshhc.org o necesita ayuda con cualquier parte de nuestro sitio, comun\u00edquese con nosotros durante el horario laboral normal, como se detalla a continuaci\u00f3n, y estaremos encantados de ayudarle.<\/p>\n<h2>Cont\u00e1ctenos<\/h2>\n<p>Si desea informar un problema de accesibilidad, tiene alguna pregunta o necesita ayuda, por favor <a href=\"\/es\/contact\/\" target=\"_blank\" rel=\"noopener noreferrer\">Cont\u00e1ctenos<\/a>.<\/p>\n\n\t\t<\/div>\n\t<\/div>\n<\/div><\/div><\/div><\/div>\n<\/div>","protected":false},"excerpt":{"rendered":"&nbsp; General pshhc.org se esfuerza por garantizar que sus servicios sean accesibles para personas con discapacidades. pshhc.org ha invertido una cantidad significativa de recursos para ayudar a garantizar que su sitio web sea m\u00e1s f\u00e1cil de usar y m\u00e1s accesible para las personas con discapacidad, con la firme convicci\u00f3n de que toda persona tiene derecho a vivir con dignidad,...  <a class=\"excerpt-read-more\" href=\"https:\/\/www.pshhc.org\/es\/accessibility-statement\/\" title=\"Leer declaraci\u00f3n de accesibilidad\">Leer m\u00e1s &quot;<\/a>","protected":false},"author":1102,"featured_media":0,"parent":0,"menu_order":0,"comment_status":"closed","ping_status":"closed","template":"page-wide.php","meta":{"_acf_changed":false,"footnotes":""},"class_list":["post-889","page","type-page","status-publish","hentry"],"acf":[],"yoast_head":"<!-- This site is optimized with the Yoast SEO plugin v26.9 - https:\/\/yoast.com\/product\/yoast-seo-wordpress\/ -->\n<title>Accessibility Statement - People&#039;s Self-Help Housing<\/title>\n<meta name=\"description\" content=\"&nbsp; General pshhc.org strives to ensure that its services are accessible to people with disabilities.\" \/>\n<meta name=\"robots\" content=\"noindex, follow\" \/>\n<meta property=\"og:locale\" content=\"es_MX\" \/>\n<meta property=\"og:type\" content=\"article\" \/>\n<meta property=\"og:title\" content=\"Accessibility Statement - People&#039;s Self-Help Housing\" \/>\n<meta property=\"og:url\" content=\"https:\/\/www.pshhc.org\/es\/accessibility-statement\/\" \/>\n<meta property=\"og:site_name\" content=\"People&#039;s Self-Help Housing\" \/>\n<meta property=\"article:modified_time\" content=\"2026-02-11T18:04:59+00:00\" \/>\n<meta name=\"twitter:card\" content=\"summary_large_image\" \/>\n<meta name=\"twitter:label1\" content=\"Tiempo de lectura\" \/>\n\t<meta name=\"twitter:data1\" content=\"2 minutos\" \/>\n<script type=\"application\/ld+json\" class=\"yoast-schema-graph\">{\"@context\":\"https:\/\/schema.org\",\"@graph\":[{\"@type\":\"WebPage\",\"@id\":\"https:\/\/www.pshhc.org\/accessibility-statement\/\",\"url\":\"https:\/\/www.pshhc.org\/accessibility-statement\/\",\"name\":\"Accessibility Statement - People&#039;s Self-Help Housing\",\"isPartOf\":{\"@id\":\"https:\/\/www.pshhc.org\/#website\"},\"datePublished\":\"2019-06-27T22:40:16+00:00\",\"dateModified\":\"2026-02-11T18:04:59+00:00\",\"breadcrumb\":{\"@id\":\"https:\/\/www.pshhc.org\/accessibility-statement\/#breadcrumb\"},\"inLanguage\":\"es\",\"potentialAction\":[{\"@type\":\"ReadAction\",\"target\":[\"https:\/\/www.pshhc.org\/accessibility-statement\/\"]}]},{\"@type\":\"BreadcrumbList\",\"@id\":\"https:\/\/www.pshhc.org\/accessibility-statement\/#breadcrumb\",\"itemListElement\":[{\"@type\":\"ListItem\",\"position\":1,\"name\":\"Home\",\"item\":\"https:\/\/www.pshhc.org\/\"},{\"@type\":\"ListItem\",\"position\":2,\"name\":\"Accessibility Statement\"}]},{\"@type\":\"WebSite\",\"@id\":\"https:\/\/www.pshhc.org\/#website\",\"url\":\"https:\/\/www.pshhc.org\/\",\"name\":\"People&#039;s Self-Help Housing\",\"description\":\"People&#039;s Self-Help Housing\",\"potentialAction\":[{\"@type\":\"SearchAction\",\"target\":{\"@type\":\"EntryPoint\",\"urlTemplate\":\"https:\/\/www.pshhc.org\/?s={search_term_string}\"},\"query-input\":{\"@type\":\"PropertyValueSpecification\",\"valueRequired\":true,\"valueName\":\"search_term_string\"}}],\"inLanguage\":\"es\"}]}<\/script>\n<!-- \/ Yoast SEO plugin. -->","yoast_head_json":{"title":"Declaraci\u00f3n de accesibilidad - Vivienda de autoayuda para personas","description":"&nbsp; General pshhc.org se esfuerza por garantizar que sus servicios sean accesibles para personas con discapacidades.","robots":{"index":"noindex","follow":"follow"},"og_locale":"es_MX","og_type":"article","og_title":"Accessibility Statement - People&#039;s Self-Help Housing","og_url":"https:\/\/www.pshhc.org\/es\/accessibility-statement\/","og_site_name":"People&#039;s Self-Help Housing","article_modified_time":"2026-02-11T18:04:59+00:00","twitter_card":"summary_large_image","twitter_misc":{"Tiempo de lectura":"2 minutos"},"schema":{"@context":"https:\/\/schema.org","@graph":[{"@type":"WebPage","@id":"https:\/\/www.pshhc.org\/accessibility-statement\/","url":"https:\/\/www.pshhc.org\/accessibility-statement\/","name":"Declaraci\u00f3n de accesibilidad - Vivienda de autoayuda para personas","isPartOf":{"@id":"https:\/\/www.pshhc.org\/#website"},"datePublished":"2019-06-27T22:40:16+00:00","dateModified":"2026-02-11T18:04:59+00:00","breadcrumb":{"@id":"https:\/\/www.pshhc.org\/accessibility-statement\/#breadcrumb"},"inLanguage":"es","potentialAction":[{"@type":"ReadAction","target":["https:\/\/www.pshhc.org\/accessibility-statement\/"]}]},{"@type":"BreadcrumbList","@id":"https:\/\/www.pshhc.org\/accessibility-statement\/#breadcrumb","itemListElement":[{"@type":"ListItem","position":1,"name":"Home","item":"https:\/\/www.pshhc.org\/"},{"@type":"ListItem","position":2,"name":"Accessibility Statement"}]},{"@type":"WebSite","@id":"https:\/\/www.pshhc.org\/#website","url":"https:\/\/www.pshhc.org\/","name":"Vivienda de autoayuda de People &amp; #039; s","description":"Vivienda de autoayuda de People &amp; #039; s","potentialAction":[{"@type":"SearchAction","target":{"@type":"EntryPoint","urlTemplate":"https:\/\/www.pshhc.org\/?s={search_term_string}"},"query-input":{"@type":"PropertyValueSpecification","valueRequired":true,"valueName":"search_term_string"}}],"inLanguage":"es"}]}},"jetpack_sharing_enabled":true,"_links":{"self":[{"href":"https:\/\/www.pshhc.org\/es\/wp-json\/wp\/v2\/pages\/889","targetHints":{"allow":["GET"]}}],"collection":[{"href":"https:\/\/www.pshhc.org\/es\/wp-json\/wp\/v2\/pages"}],"about":[{"href":"https:\/\/www.pshhc.org\/es\/wp-json\/wp\/v2\/types\/page"}],"author":[{"embeddable":true,"href":"https:\/\/www.pshhc.org\/es\/wp-json\/wp\/v2\/users\/1102"}],"replies":[{"embeddable":true,"href":"https:\/\/www.pshhc.org\/es\/wp-json\/wp\/v2\/comments?post=889"}],"version-history":[{"count":11,"href":"https:\/\/www.pshhc.org\/es\/wp-json\/wp\/v2\/pages\/889\/revisions"}],"predecessor-version":[{"id":140365,"href":"https:\/\/www.pshhc.org\/es\/wp-json\/wp\/v2\/pages\/889\/revisions\/140365"}],"wp:attachment":[{"href":"https:\/\/www.pshhc.org\/es\/wp-json\/wp\/v2\/media?parent=889"}],"curies":[{"name":"gracias","href":"https:\/\/api.w.org\/{rel}","templated":true}]}}