{"id":8663,"date":"2021-02-23T23:20:20","date_gmt":"2021-02-23T23:20:20","guid":{"rendered":"https:\/\/www.pshhc.org\/?page_id=8663"},"modified":"2026-01-26T20:31:49","modified_gmt":"2026-01-26T20:31:49","slug":"celebre","status":"publish","type":"page","link":"https:\/\/www.pshhc.org\/es\/celebre\/","title":{"rendered":"CELEBRAR"},"content":{"rendered":"<div class=\"wpb-content-wrapper\"><div data-vc-full-width=\"true\" data-vc-full-width-temp=\"true\" data-vc-full-width-init=\"false\" data-vc-stretch-content=\"true\" class=\"vc_row wpb_row vc_row-fluid inner-banner vc_row-no-padding\"><div class=\"wpb_column vc_column_container vc_col-sm-12\"><div class=\"vc_column-inner\"><div class=\"wpb_wrapper\">\n\t<div  class=\"wpb_single_image wpb_content_element vc_align_center wpb_content_element  bg-image\">\n\t\t\n\t\t<figure class=\"wpb_wrapper vc_figure\">\n\t\t\t<div class=\"vc_single_image-wrapper   vc_box_border_grey\"><img loading=\"lazy\" decoding=\"async\" width=\"1280\" height=\"720\" src=\"https:\/\/www.pshhc.org\/wp-content\/uploads\/2024\/12\/ewscripps.brightspotcdn.png\" class=\"vc_single_image-img attachment-full\" alt=\"\" title=\"ewscripps.brightspotcdn\" srcset=\"https:\/\/www.pshhc.org\/wp-content\/uploads\/2024\/12\/ewscripps.brightspotcdn.png 1280w, https:\/\/www.pshhc.org\/wp-content\/uploads\/2024\/12\/ewscripps.brightspotcdn-300x169.png 300w, https:\/\/www.pshhc.org\/wp-content\/uploads\/2024\/12\/ewscripps.brightspotcdn-1024x576.png 1024w, https:\/\/www.pshhc.org\/wp-content\/uploads\/2024\/12\/ewscripps.brightspotcdn-768x432.png 768w, https:\/\/www.pshhc.org\/wp-content\/uploads\/2024\/12\/ewscripps.brightspotcdn-18x10.png 18w\" sizes=\"auto, (max-width: 1280px) 100vw, 1280px\" \/><\/div>\n\t\t<\/figure>\n\t<\/div>\n<\/div><\/div><\/div><\/div><div class=\"vc_row-full-width vc_clearfix\"><\/div><div data-vc-full-width=\"true\" data-vc-full-width-temp=\"true\" data-vc-full-width-init=\"false\" data-vc-stretch-content=\"true\" class=\"vc_row wpb_row vc_row-fluid inner-housing-section vc_row-no-padding\"><div class=\"wpb_column vc_column_container vc_col-sm-12\"><div class=\"vc_column-inner\"><div class=\"wpb_wrapper\">\n\t<div class=\"wpb_text_column wpb_content_element container\" >\n\t\t<div class=\"wpb_wrapper\">\n\t\t\t<h2>CELEBRAR<\/h2>\n\n\t\t<\/div>\n\t<\/div>\n<\/div><\/div><\/div><\/div><div class=\"vc_row-full-width vc_clearfix\"><\/div><div data-vc-full-width=\"true\" data-vc-full-width-temp=\"true\" data-vc-full-width-init=\"false\" data-vc-stretch-content=\"true\" class=\"vc_row wpb_row vc_row-fluid rental-housing-section wider vc_row-no-padding\"><div class=\"wpb_column vc_column_container vc_col-sm-12\"><div class=\"vc_column-inner\"><div class=\"wpb_wrapper\"><div class=\"vc_row wpb_row vc_inner vc_row-fluid container vc_column-gap-30\"><div class=\"wpb_column vc_column_container vc_col-sm-3\"><div class=\"vc_column-inner\"><div class=\"wpb_wrapper\">\n\t<div  class=\"wpb_single_image wpb_content_element vc_align_center wpb_content_element\">\n\t\t\n\t\t<figure class=\"wpb_wrapper vc_figure\">\n\t\t\t<div class=\"vc_single_image-wrapper   vc_box_border_grey\"><img loading=\"lazy\" decoding=\"async\" width=\"270\" height=\"200\" src=\"https:\/\/www.pshhc.org\/wp-content\/uploads\/2023\/03\/Untitled-270-\u00d7-200-px.png\" class=\"vc_single_image-img attachment-full\" alt=\"\" title=\"CELEBRAR\" srcset=\"https:\/\/www.pshhc.org\/wp-content\/uploads\/2023\/03\/Untitled-270-\u00d7-200-px.png 270w, https:\/\/www.pshhc.org\/wp-content\/uploads\/2023\/03\/Untitled-270-\u00d7-200-px-16x12.png 16w\" sizes=\"auto, (max-width: 270px) 100vw, 270px\" \/><\/div>\n\t\t<\/figure>\n\t<\/div>\n<\/div><\/div><\/div><div class=\"wpb_column vc_column_container vc_col-sm-9\"><div class=\"vc_column-inner\"><div class=\"wpb_wrapper\">\n\t<div class=\"wpb_text_column wpb_content_element tal\" >\n\t\t<div class=\"wpb_wrapper\">\n\t\t\t<p>CELEBRE proporciona a estudiantes de bajos recursos las habilidades y la confianza necesarias para cursar estudios superiores. El programa, en particular, empodera a los estudiantes de primera generaci\u00f3n para superar las desigualdades y barreras. A trav\u00e9s de visitas a universidades, talleres para padres y redes de contactos profesionales, estos estudiantes pioneros se imaginan alcanzando la excelencia acad\u00e9mica y siendo los primeros de su familia en asistir a la universidad.<\/p>\n\n\t\t<\/div>\n\t<\/div>\n<\/div><\/div><\/div><\/div><div class=\"vc_separator wpb_content_element vc_separator_align_center vc_sep_width_100 vc_sep_pos_align_center vc_separator_no_text vc_sep_color_grey wpb_content_element  wpb_content_element container\" ><span class=\"vc_sep_holder vc_sep_holder_l\"><span class=\"vc_sep_line\"><\/span><\/span><span class=\"vc_sep_holder vc_sep_holder_r\"><span class=\"vc_sep_line\"><\/span><\/span>\n<\/div><div class=\"vc_row wpb_row vc_inner vc_row-fluid container vc_column-gap-30\"><div class=\"wpb_column vc_column_container vc_col-sm-4\"><div class=\"vc_column-inner\"><div class=\"wpb_wrapper\">\n\t<div  class=\"wpb_single_image wpb_content_element vc_align_left wpb_content_element\">\n\t\t\n\t\t<figure class=\"wpb_wrapper vc_figure\">\n\t\t\t<div class=\"vc_single_image-wrapper   vc_box_border_grey\"><img loading=\"lazy\" decoding=\"async\" width=\"300\" height=\"300\" src=\"https:\/\/www.pshhc.org\/wp-content\/uploads\/2025\/09\/CELEBRE-300x300.png\" class=\"vc_single_image-img attachment-medium\" alt=\"\" title=\"CELEBRAR\" srcset=\"https:\/\/www.pshhc.org\/wp-content\/uploads\/2025\/09\/CELEBRE-300x300.png 300w, https:\/\/www.pshhc.org\/wp-content\/uploads\/2025\/09\/CELEBRE-150x150.png 150w, https:\/\/www.pshhc.org\/wp-content\/uploads\/2025\/09\/CELEBRE-768x768.png 768w, https:\/\/www.pshhc.org\/wp-content\/uploads\/2025\/09\/CELEBRE-12x12.png 12w, https:\/\/www.pshhc.org\/wp-content\/uploads\/2025\/09\/CELEBRE-600x600.png 600w, https:\/\/www.pshhc.org\/wp-content\/uploads\/2025\/09\/CELEBRE-125x125.png 125w, https:\/\/www.pshhc.org\/wp-content\/uploads\/2025\/09\/CELEBRE-450x450.png 450w, https:\/\/www.pshhc.org\/wp-content\/uploads\/2025\/09\/CELEBRE.png 800w\" sizes=\"auto, (max-width: 300px) 100vw, 300px\" \/><\/div>\n\t\t<\/figure>\n\t<\/div>\n<\/div><\/div><\/div><div class=\"wpb_column vc_column_container vc_col-sm-4\"><div class=\"vc_column-inner\"><div class=\"wpb_wrapper\">\n\t<div  class=\"wpb_single_image wpb_content_element vc_align_left wpb_content_element\">\n\t\t\n\t\t<figure class=\"wpb_wrapper vc_figure\">\n\t\t\t<div class=\"vc_single_image-wrapper   vc_box_border_grey\"><img loading=\"lazy\" decoding=\"async\" width=\"300\" height=\"300\" src=\"https:\/\/www.pshhc.org\/wp-content\/uploads\/2025\/09\/CELEBRE-2-300x300.png\" class=\"vc_single_image-img attachment-medium\" alt=\"\" title=\"CELEBRIDAD (2)\" srcset=\"https:\/\/www.pshhc.org\/wp-content\/uploads\/2025\/09\/CELEBRE-2-300x300.png 300w, https:\/\/www.pshhc.org\/wp-content\/uploads\/2025\/09\/CELEBRE-2-150x150.png 150w, https:\/\/www.pshhc.org\/wp-content\/uploads\/2025\/09\/CELEBRE-2-768x768.png 768w, https:\/\/www.pshhc.org\/wp-content\/uploads\/2025\/09\/CELEBRE-2-12x12.png 12w, https:\/\/www.pshhc.org\/wp-content\/uploads\/2025\/09\/CELEBRE-2-600x600.png 600w, https:\/\/www.pshhc.org\/wp-content\/uploads\/2025\/09\/CELEBRE-2-125x125.png 125w, https:\/\/www.pshhc.org\/wp-content\/uploads\/2025\/09\/CELEBRE-2-450x450.png 450w, https:\/\/www.pshhc.org\/wp-content\/uploads\/2025\/09\/CELEBRE-2.png 800w\" sizes=\"auto, (max-width: 300px) 100vw, 300px\" \/><\/div>\n\t\t<\/figure>\n\t<\/div>\n<\/div><\/div><\/div><div class=\"wpb_column vc_column_container vc_col-sm-4\"><div class=\"vc_column-inner\"><div class=\"wpb_wrapper\">\n\t<div  class=\"wpb_single_image wpb_content_element vc_align_left wpb_content_element\">\n\t\t\n\t\t<figure class=\"wpb_wrapper vc_figure\">\n\t\t\t<div class=\"vc_single_image-wrapper   vc_box_border_grey\"><img loading=\"lazy\" decoding=\"async\" width=\"300\" height=\"300\" src=\"https:\/\/www.pshhc.org\/wp-content\/uploads\/2025\/09\/CELEBRE-3-300x300.png\" class=\"vc_single_image-img attachment-medium\" alt=\"\" title=\"CELEBRIDAD (3)\" srcset=\"https:\/\/www.pshhc.org\/wp-content\/uploads\/2025\/09\/CELEBRE-3-300x300.png 300w, https:\/\/www.pshhc.org\/wp-content\/uploads\/2025\/09\/CELEBRE-3-150x150.png 150w, https:\/\/www.pshhc.org\/wp-content\/uploads\/2025\/09\/CELEBRE-3-768x768.png 768w, https:\/\/www.pshhc.org\/wp-content\/uploads\/2025\/09\/CELEBRE-3-12x12.png 12w, https:\/\/www.pshhc.org\/wp-content\/uploads\/2025\/09\/CELEBRE-3-600x600.png 600w, https:\/\/www.pshhc.org\/wp-content\/uploads\/2025\/09\/CELEBRE-3-125x125.png 125w, https:\/\/www.pshhc.org\/wp-content\/uploads\/2025\/09\/CELEBRE-3-450x450.png 450w, https:\/\/www.pshhc.org\/wp-content\/uploads\/2025\/09\/CELEBRE-3.png 800w\" sizes=\"auto, (max-width: 300px) 100vw, 300px\" \/><\/div>\n\t\t<\/figure>\n\t<\/div>\n<\/div><\/div><\/div><\/div><\/div><\/div><\/div><\/div><div class=\"vc_row-full-width vc_clearfix\"><\/div><div data-vc-full-width=\"true\" data-vc-full-width-temp=\"true\" data-vc-full-width-init=\"false\" data-vc-stretch-content=\"true\" class=\"vc_row wpb_row vc_row-fluid find-callhome-section vc_column-gap-10 vc_row-no-padding\"><div class=\"wpb_column vc_column_container vc_col-sm-12\"><div class=\"vc_column-inner\"><div class=\"wpb_wrapper\">\n\t<div  class=\"wpb_single_image wpb_content_element vc_align_center wpb_content_element\">\n\t\t\n\t\t<figure class=\"wpb_wrapper vc_figure\">\n\t\t\t<a href=\"https:\/\/www.pshhc.org\/es\/celebre-zine\/\" target=\"_self\" class=\"vc_single_image-wrapper   vc_box_border_grey\"><img loading=\"lazy\" decoding=\"async\" width=\"1000\" height=\"333\" src=\"https:\/\/www.pshhc.org\/wp-content\/uploads\/2024\/12\/Celebre-Zine-Web-Graphic-2-e1733251996405.png\" class=\"vc_single_image-img attachment-full\" alt=\"\" title=\"Celebre Zine - Gr\u00e1ficos web (2)\" \/><\/a>\n\t\t<\/figure>\n\t<\/div>\n<\/div><\/div><\/div><\/div><div class=\"vc_row-full-width vc_clearfix\"><\/div><div data-vc-full-width=\"true\" data-vc-full-width-temp=\"true\" data-vc-full-width-init=\"false\" data-vc-stretch-content=\"true\" class=\"vc_row wpb_row vc_row-fluid rental-housing-section wider leadership vc_row-no-padding\"><div class=\"wpb_column vc_column_container vc_col-sm-12\"><div class=\"vc_column-inner\"><div class=\"wpb_wrapper\"><div class=\"vc_empty_space\"   style=\"height: 22px\"><span class=\"vc_empty_space_inner\"><\/span><\/div>\n\t<div class=\"wpb_text_column wpb_content_element container\" >\n\t\t<div class=\"wpb_wrapper\">\n\t\t\t<h2 style=\"text-align: center;\"><strong>Celebrando el \u00e9xito de los estudiantes<\/strong><\/h2>\n\n\t\t<\/div>\n\t<\/div>\n\n<div class=\"vc_grid-container-wrapper vc_clearfix vc_grid-animation-fadeIn\">\n\t<div class=\"vc_grid-container vc_clearfix wpb_content_element vc_basic_grid vc_custom_1733512824874 container people-grid\" data-initial-loading-animation=\"fadeIn\" data-vc-grid-settings=\"{&quot;page_id&quot;:8663,&quot;style&quot;:&quot;all&quot;,&quot;action&quot;:&quot;vc_get_vc_grid_data&quot;,&quot;shortcode_id&quot;:&quot;1769459501371-cc610536-372e-3&quot;,&quot;tag&quot;:&quot;vc_basic_grid&quot;}\" data-vc-request=\"https:\/\/www.pshhc.org\/wp-admin\/admin-ajax.php\" data-vc-post-id=\"8663\" data-vc-public-nonce=\"d9e05c9929\">\n\t\t\n\t<\/div>\n<\/div><div class=\"ubtn-ctn-center\"><a class=\"ubtn-link ult-adjust-bottom-margin ubtn-center ubtn-custom\" href=\"https:\/\/form-renderer-app.donorperfect.io\/give\/peoples-self-help-housing\/give-today-education\" target=\"_blank\" rel=\"noopener\" ><button type=\"button\" id=\"ubtn-1853\"  class=\"ubtn ult-adjust-bottom-margin ult-responsive ubtn-custom ubtn-top-bg  none  ubtn-center   tooltip-69e5aa49e235b\"  data-hover=\"#9B0002\" data-border-color=\"\" data-bg=\"#9B0002\" data-hover-bg=\"#FFFFFF\" data-border-hover=\"\" data-shadow-hover=\"\" data-shadow-click=\"none\" data-shadow=\"\" data-shd-shadow=\"\"  data-ultimate-target='#ubtn-1853'  data-responsive-json-new='{\"font-size\":\"\",\"line-height\":\"\"}'  style=\"font-weight:normal;width:250px;min-height:50px;padding:px px;border:none;background: #9B0002;color: #FFFFFF;\"><span class=\"ubtn-hover\" style=\"background-color:#FFFFFF\"><\/span><span class=\"ubtn-data ubtn-text\" >Apoye m\u00e1s \u00e9xito<\/span><\/button><\/a><\/div><div class=\"vc_separator wpb_content_element vc_separator_align_center vc_sep_width_100 vc_sep_pos_align_center vc_separator_no_text vc_sep_color_grey wpb_content_element  wpb_content_element container\" ><span class=\"vc_sep_holder vc_sep_holder_l\"><span class=\"vc_sep_line\"><\/span><\/span><span class=\"vc_sep_holder vc_sep_holder_r\"><span class=\"vc_sep_line\"><\/span><\/span>\n<\/div>\n\t<div class=\"wpb_text_column wpb_content_element container\" >\n\t\t<div class=\"wpb_wrapper\">\n\t\t\t<p class=\"xmsonormal\" style=\"text-align: center;\"><em>En agradecimiento por compartir su historia, todos los estudiantes mencionados recibieron una tarjeta de regalo. La financiaci\u00f3n de las historias de \u00e9xito est\u00e1 generosamente patrocinada por:<\/em><br \/>\n<img loading=\"lazy\" decoding=\"async\" class=\"size-medium wp-image-139701 aligncenter\" src=\"https:\/\/www.pshhc.org\/wp-content\/uploads\/2025\/12\/JPMorgan-Chase-Logo-SVG-desktop-e1764718122998-300x66.jpg\" alt=\"\" width=\"300\" height=\"66\" srcset=\"https:\/\/www.pshhc.org\/wp-content\/uploads\/2025\/12\/JPMorgan-Chase-Logo-SVG-desktop-e1764718122998-300x66.jpg 300w, https:\/\/www.pshhc.org\/wp-content\/uploads\/2025\/12\/JPMorgan-Chase-Logo-SVG-desktop-e1764718122998-1024x225.jpg 1024w, https:\/\/www.pshhc.org\/wp-content\/uploads\/2025\/12\/JPMorgan-Chase-Logo-SVG-desktop-e1764718122998-768x169.jpg 768w, https:\/\/www.pshhc.org\/wp-content\/uploads\/2025\/12\/JPMorgan-Chase-Logo-SVG-desktop-e1764718122998-18x4.jpg 18w, https:\/\/www.pshhc.org\/wp-content\/uploads\/2025\/12\/JPMorgan-Chase-Logo-SVG-desktop-e1764718122998.jpg 1200w\" sizes=\"auto, (max-width: 300px) 100vw, 300px\" \/><\/p>\n\n\t\t<\/div>\n\t<\/div>\n<\/div><\/div><\/div><\/div><div class=\"vc_row-full-width vc_clearfix\"><\/div>\n<\/div>","protected":false},"excerpt":{"rendered":"CELEBRE CELEBRE proporciona a estudiantes de bajos recursos las habilidades y la confianza necesarias para cursar estudios superiores. El programa, en particular, empodera a los estudiantes de primera generaci\u00f3n para superar las desigualdades y barreras. A trav\u00e9s de visitas a universidades, talleres para padres y redes de contactos profesionales, estos estudiantes pioneros se imaginan alcanzando la excelencia acad\u00e9mica y siendo los primeros de su familia en asistir a la universidad. Celebrando el \u00c9xito Estudiantil...  <a class=\"excerpt-read-more\" href=\"https:\/\/www.pshhc.org\/es\/celebre\/\" title=\"Leer CELEBRE\">Leer m\u00e1s &quot;<\/a>","protected":false},"author":1105,"featured_media":137703,"parent":0,"menu_order":0,"comment_status":"closed","ping_status":"closed","template":"page-wide.php","meta":{"_acf_changed":false,"footnotes":""},"class_list":["post-8663","page","type-page","status-publish","has-post-thumbnail","hentry"],"acf":[],"yoast_head":"<!-- This site is optimized with the Yoast SEO plugin v26.9 - https:\/\/yoast.com\/product\/yoast-seo-wordpress\/ -->\n<title>CELEBRE - People&#039;s Self-Help Housing<\/title>\n<meta name=\"description\" content=\"CELEBRE CELEBRE equips low-income students with the skills and confidence to pursue higher education. The program particularly empowers first-generation students to overcome inequalities and barriers.\" \/>\n<meta name=\"robots\" content=\"index, follow, max-snippet:-1, max-image-preview:large, max-video-preview:-1\" \/>\n<link rel=\"canonical\" href=\"https:\/\/www.pshhc.org\/es\/celebre\/\" \/>\n<meta property=\"og:locale\" content=\"es_MX\" \/>\n<meta property=\"og:type\" content=\"article\" \/>\n<meta property=\"og:title\" content=\"CELEBRE - People&#039;s Self-Help Housing\" \/>\n<meta property=\"og:url\" content=\"https:\/\/www.pshhc.org\/es\/celebre\/\" \/>\n<meta property=\"og:site_name\" content=\"People&#039;s Self-Help Housing\" \/>\n<meta property=\"article:modified_time\" content=\"2026-01-26T20:31:49+00:00\" \/>\n<meta property=\"og:image\" content=\"https:\/\/www.pshhc.org\/wp-content\/uploads\/2024\/12\/Michelle-1024x1024.png\" \/>\n\t<meta property=\"og:image:width\" content=\"1024\" \/>\n\t<meta property=\"og:image:height\" content=\"1024\" \/>\n\t<meta property=\"og:image:type\" content=\"image\/png\" \/>\n<meta name=\"twitter:card\" content=\"summary_large_image\" \/>\n<meta name=\"twitter:label1\" content=\"Tiempo de lectura\" \/>\n\t<meta name=\"twitter:data1\" content=\"3 minutos\" \/>\n<script type=\"application\/ld+json\" class=\"yoast-schema-graph\">{\"@context\":\"https:\/\/schema.org\",\"@graph\":[{\"@type\":\"WebPage\",\"@id\":\"https:\/\/www.pshhc.org\/celebre\/\",\"url\":\"https:\/\/www.pshhc.org\/celebre\/\",\"name\":\"CELEBRE - People&#039;s Self-Help Housing\",\"isPartOf\":{\"@id\":\"https:\/\/www.pshhc.org\/#website\"},\"primaryImageOfPage\":{\"@id\":\"https:\/\/www.pshhc.org\/celebre\/#primaryimage\"},\"image\":{\"@id\":\"https:\/\/www.pshhc.org\/celebre\/#primaryimage\"},\"thumbnailUrl\":\"https:\/\/www.pshhc.org\/wp-content\/uploads\/2024\/12\/Michelle.png\",\"datePublished\":\"2021-02-23T23:20:20+00:00\",\"dateModified\":\"2026-01-26T20:31:49+00:00\",\"breadcrumb\":{\"@id\":\"https:\/\/www.pshhc.org\/celebre\/#breadcrumb\"},\"inLanguage\":\"es\",\"potentialAction\":[{\"@type\":\"ReadAction\",\"target\":[\"https:\/\/www.pshhc.org\/celebre\/\"]}]},{\"@type\":\"ImageObject\",\"inLanguage\":\"es\",\"@id\":\"https:\/\/www.pshhc.org\/celebre\/#primaryimage\",\"url\":\"https:\/\/www.pshhc.org\/wp-content\/uploads\/2024\/12\/Michelle.png\",\"contentUrl\":\"https:\/\/www.pshhc.org\/wp-content\/uploads\/2024\/12\/Michelle.png\",\"width\":1080,\"height\":1080},{\"@type\":\"BreadcrumbList\",\"@id\":\"https:\/\/www.pshhc.org\/celebre\/#breadcrumb\",\"itemListElement\":[{\"@type\":\"ListItem\",\"position\":1,\"name\":\"Home\",\"item\":\"https:\/\/www.pshhc.org\/\"},{\"@type\":\"ListItem\",\"position\":2,\"name\":\"CELEBRE\"}]},{\"@type\":\"WebSite\",\"@id\":\"https:\/\/www.pshhc.org\/#website\",\"url\":\"https:\/\/www.pshhc.org\/\",\"name\":\"People&#039;s Self-Help Housing\",\"description\":\"People&#039;s Self-Help Housing\",\"potentialAction\":[{\"@type\":\"SearchAction\",\"target\":{\"@type\":\"EntryPoint\",\"urlTemplate\":\"https:\/\/www.pshhc.org\/?s={search_term_string}\"},\"query-input\":{\"@type\":\"PropertyValueSpecification\",\"valueRequired\":true,\"valueName\":\"search_term_string\"}}],\"inLanguage\":\"es\"}]}<\/script>\n<!-- \/ Yoast SEO plugin. -->","yoast_head_json":{"title":"CELEBRE - Vivienda de autoayuda para personas","description":"CELEBRE CELEBRE proporciona a estudiantes de bajos recursos las habilidades y la confianza necesarias para cursar estudios superiores. El programa, en particular, empodera a los estudiantes de primera generaci\u00f3n para superar las desigualdades y barreras.","robots":{"index":"index","follow":"follow","max-snippet":"max-snippet:-1","max-image-preview":"max-image-preview:large","max-video-preview":"max-video-preview:-1"},"canonical":"https:\/\/www.pshhc.org\/es\/celebre\/","og_locale":"es_MX","og_type":"article","og_title":"CELEBRE - People&#039;s Self-Help Housing","og_url":"https:\/\/www.pshhc.org\/es\/celebre\/","og_site_name":"People&#039;s Self-Help Housing","article_modified_time":"2026-01-26T20:31:49+00:00","og_image":[{"width":1024,"height":1024,"url":"https:\/\/www.pshhc.org\/wp-content\/uploads\/2024\/12\/Michelle-1024x1024.png","type":"image\/png"}],"twitter_card":"summary_large_image","twitter_misc":{"Tiempo de lectura":"3 minutos"},"schema":{"@context":"https:\/\/schema.org","@graph":[{"@type":"WebPage","@id":"https:\/\/www.pshhc.org\/celebre\/","url":"https:\/\/www.pshhc.org\/celebre\/","name":"CELEBRE - Vivienda de autoayuda para personas","isPartOf":{"@id":"https:\/\/www.pshhc.org\/#website"},"primaryImageOfPage":{"@id":"https:\/\/www.pshhc.org\/celebre\/#primaryimage"},"image":{"@id":"https:\/\/www.pshhc.org\/celebre\/#primaryimage"},"thumbnailUrl":"https:\/\/www.pshhc.org\/wp-content\/uploads\/2024\/12\/Michelle.png","datePublished":"2021-02-23T23:20:20+00:00","dateModified":"2026-01-26T20:31:49+00:00","breadcrumb":{"@id":"https:\/\/www.pshhc.org\/celebre\/#breadcrumb"},"inLanguage":"es","potentialAction":[{"@type":"ReadAction","target":["https:\/\/www.pshhc.org\/celebre\/"]}]},{"@type":"ImageObject","inLanguage":"es","@id":"https:\/\/www.pshhc.org\/celebre\/#primaryimage","url":"https:\/\/www.pshhc.org\/wp-content\/uploads\/2024\/12\/Michelle.png","contentUrl":"https:\/\/www.pshhc.org\/wp-content\/uploads\/2024\/12\/Michelle.png","width":1080,"height":1080},{"@type":"BreadcrumbList","@id":"https:\/\/www.pshhc.org\/celebre\/#breadcrumb","itemListElement":[{"@type":"ListItem","position":1,"name":"Home","item":"https:\/\/www.pshhc.org\/"},{"@type":"ListItem","position":2,"name":"CELEBRE"}]},{"@type":"WebSite","@id":"https:\/\/www.pshhc.org\/#website","url":"https:\/\/www.pshhc.org\/","name":"Vivienda de autoayuda de People &amp; #039; s","description":"Vivienda de autoayuda de People &amp; #039; s","potentialAction":[{"@type":"SearchAction","target":{"@type":"EntryPoint","urlTemplate":"https:\/\/www.pshhc.org\/?s={search_term_string}"},"query-input":{"@type":"PropertyValueSpecification","valueRequired":true,"valueName":"search_term_string"}}],"inLanguage":"es"}]}},"jetpack_sharing_enabled":true,"_links":{"self":[{"href":"https:\/\/www.pshhc.org\/es\/wp-json\/wp\/v2\/pages\/8663","targetHints":{"allow":["GET"]}}],"collection":[{"href":"https:\/\/www.pshhc.org\/es\/wp-json\/wp\/v2\/pages"}],"about":[{"href":"https:\/\/www.pshhc.org\/es\/wp-json\/wp\/v2\/types\/page"}],"author":[{"embeddable":true,"href":"https:\/\/www.pshhc.org\/es\/wp-json\/wp\/v2\/users\/1105"}],"replies":[{"embeddable":true,"href":"https:\/\/www.pshhc.org\/es\/wp-json\/wp\/v2\/comments?post=8663"}],"version-history":[{"count":29,"href":"https:\/\/www.pshhc.org\/es\/wp-json\/wp\/v2\/pages\/8663\/revisions"}],"predecessor-version":[{"id":139890,"href":"https:\/\/www.pshhc.org\/es\/wp-json\/wp\/v2\/pages\/8663\/revisions\/139890"}],"wp:featuredmedia":[{"embeddable":true,"href":"https:\/\/www.pshhc.org\/es\/wp-json\/wp\/v2\/media\/137703"}],"wp:attachment":[{"href":"https:\/\/www.pshhc.org\/es\/wp-json\/wp\/v2\/media?parent=8663"}],"curies":[{"name":"gracias","href":"https:\/\/api.w.org\/{rel}","templated":true}]}}