{"id":7028,"date":"2020-10-22T22:51:06","date_gmt":"2020-10-22T22:51:06","guid":{"rendered":"https:\/\/www.pshhc.org\/?page_id=7028"},"modified":"2025-11-24T18:49:49","modified_gmt":"2025-11-24T18:49:49","slug":"strategicplan","status":"publish","type":"page","link":"https:\/\/www.pshhc.org\/es\/strategicplan\/","title":{"rendered":"Plan estrat\u00e9gico"},"content":{"rendered":"<div class=\"wpb-content-wrapper\"><div data-vc-full-width=\"true\" data-vc-full-width-temp=\"true\" data-vc-full-width-init=\"false\" data-vc-stretch-content=\"true\" class=\"vc_row wpb_row vc_row-fluid inner-housing-section vc_row-no-padding\"><div class=\"wpb_column vc_column_container vc_col-sm-12\"><div class=\"vc_column-inner\"><div class=\"wpb_wrapper\"><div class=\"vc_empty_space\"   style=\"height: 55px\"><span class=\"vc_empty_space_inner\"><\/span><\/div>\n\t<div class=\"wpb_text_column wpb_content_element container\" >\n\t\t<div class=\"wpb_wrapper\">\n\t\t\t<h2>Plan Estrat\u00e9gico 2025-30<\/h2>\n\n\t\t<\/div>\n\t<\/div>\n<\/div><\/div><\/div><\/div><div class=\"vc_row-full-width vc_clearfix\"><\/div><div class=\"vc_row wpb_row vc_row-fluid vc_row-o-content-middle vc_row-flex\"><div class=\"wpb_column vc_column_container vc_col-sm-12\"><div class=\"vc_column-inner\"><div class=\"wpb_wrapper\"><div class=\"vc_empty_space\"   style=\"height: 55px\"><span class=\"vc_empty_space_inner\"><\/span><\/div>\n\t<div class=\"wpb_text_column wpb_content_element\" >\n\t\t<div class=\"wpb_wrapper\">\n\t\t\t<p style=\"text-align: center;\">Explore nuestro Plan Estrat\u00e9gico utilizando las flechas a continuaci\u00f3n o <a href=\"https:\/\/www.pshhc.org\/wp-content\/uploads\/2025\/11\/2025-2030-Strategic-Plan.pdf\" target=\"_blank\" rel=\"noopener\">Descargue una copia en formato PDF.<\/a><\/p>\n\n\t\t<\/div>\n\t<\/div>\n<\/div><\/div><\/div><\/div><div class=\"vc_row wpb_row vc_row-fluid vc_row-o-content-middle vc_row-flex\"><div class=\"wpb_column vc_column_container vc_col-sm-2\"><div class=\"vc_column-inner\"><div class=\"wpb_wrapper\"><\/div><\/div><\/div><div class=\"wpb_column vc_column_container vc_col-sm-8\"><div class=\"vc_column-inner\"><div class=\"wpb_wrapper\"><div class=\"wpb_gallery wpb_content_element vc_clearfix wpb_content_element\" ><div class=\"wpb_wrapper\"><div class=\"wpb_gallery_slides wpb_flexslider flexslider_slide flexslider\" data-interval=\"0\" data-flex_fx=\"slide\"><ul class=\"slides\"><li><img loading=\"lazy\" decoding=\"async\" width=\"2560\" height=\"1978\" src=\"https:\/\/www.pshhc.org\/wp-content\/uploads\/2025\/07\/2025-2030-Strategic-Plan-scaled.png\" class=\"attachment-full\" alt=\"\" title=\"Plan Estrat\u00e9gico 2025-2030\" srcset=\"https:\/\/www.pshhc.org\/wp-content\/uploads\/2025\/07\/2025-2030-Strategic-Plan-scaled.png 2560w, https:\/\/www.pshhc.org\/wp-content\/uploads\/2025\/07\/2025-2030-Strategic-Plan-300x232.png 300w, https:\/\/www.pshhc.org\/wp-content\/uploads\/2025\/07\/2025-2030-Strategic-Plan-1024x791.png 1024w, https:\/\/www.pshhc.org\/wp-content\/uploads\/2025\/07\/2025-2030-Strategic-Plan-768x593.png 768w, https:\/\/www.pshhc.org\/wp-content\/uploads\/2025\/07\/2025-2030-Strategic-Plan-1536x1187.png 1536w, https:\/\/www.pshhc.org\/wp-content\/uploads\/2025\/07\/2025-2030-Strategic-Plan-2048x1583.png 2048w, https:\/\/www.pshhc.org\/wp-content\/uploads\/2025\/07\/2025-2030-Strategic-Plan-16x12.png 16w\" sizes=\"auto, (max-width: 2560px) 100vw, 2560px\" \/><\/li><li><img loading=\"lazy\" decoding=\"async\" width=\"2560\" height=\"1978\" src=\"https:\/\/www.pshhc.org\/wp-content\/uploads\/2025\/07\/2025-2030-Strategic-Plan2-scaled.png\" class=\"attachment-full\" alt=\"\" title=\"Plan Estrat\u00e9gico 2025-20302\" srcset=\"https:\/\/www.pshhc.org\/wp-content\/uploads\/2025\/07\/2025-2030-Strategic-Plan2-scaled.png 2560w, https:\/\/www.pshhc.org\/wp-content\/uploads\/2025\/07\/2025-2030-Strategic-Plan2-300x232.png 300w, https:\/\/www.pshhc.org\/wp-content\/uploads\/2025\/07\/2025-2030-Strategic-Plan2-1024x791.png 1024w, https:\/\/www.pshhc.org\/wp-content\/uploads\/2025\/07\/2025-2030-Strategic-Plan2-768x593.png 768w, https:\/\/www.pshhc.org\/wp-content\/uploads\/2025\/07\/2025-2030-Strategic-Plan2-1536x1187.png 1536w, https:\/\/www.pshhc.org\/wp-content\/uploads\/2025\/07\/2025-2030-Strategic-Plan2-2048x1583.png 2048w, https:\/\/www.pshhc.org\/wp-content\/uploads\/2025\/07\/2025-2030-Strategic-Plan2-16x12.png 16w\" sizes=\"auto, (max-width: 2560px) 100vw, 2560px\" \/><\/li><li><img loading=\"lazy\" decoding=\"async\" width=\"2560\" height=\"1978\" src=\"https:\/\/www.pshhc.org\/wp-content\/uploads\/2025\/11\/2025-2030-Strategic-Plan-V2-scaled.png\" class=\"attachment-full\" alt=\"\" title=\"Plan Estrat\u00e9gico 2025-2030 V2\" srcset=\"https:\/\/www.pshhc.org\/wp-content\/uploads\/2025\/11\/2025-2030-Strategic-Plan-V2-scaled.png 2560w, https:\/\/www.pshhc.org\/wp-content\/uploads\/2025\/11\/2025-2030-Strategic-Plan-V2-300x232.png 300w, https:\/\/www.pshhc.org\/wp-content\/uploads\/2025\/11\/2025-2030-Strategic-Plan-V2-1024x791.png 1024w, https:\/\/www.pshhc.org\/wp-content\/uploads\/2025\/11\/2025-2030-Strategic-Plan-V2-768x593.png 768w, https:\/\/www.pshhc.org\/wp-content\/uploads\/2025\/11\/2025-2030-Strategic-Plan-V2-1536x1187.png 1536w, https:\/\/www.pshhc.org\/wp-content\/uploads\/2025\/11\/2025-2030-Strategic-Plan-V2-2048x1583.png 2048w, https:\/\/www.pshhc.org\/wp-content\/uploads\/2025\/11\/2025-2030-Strategic-Plan-V2-16x12.png 16w\" sizes=\"auto, (max-width: 2560px) 100vw, 2560px\" \/><\/li><li><img decoding=\"async\" src=\"https:\/\/www.pshhc.org\/wp-content\/uploads\/2025\/07\/2025-2030-Strategic-Plan4.png\" class=\"attachment-full\" alt=\"\" title=\"Plan Estrat\u00e9gico 2025-20304\" \/><\/li><li><img loading=\"lazy\" decoding=\"async\" width=\"2560\" height=\"1978\" src=\"https:\/\/www.pshhc.org\/wp-content\/uploads\/2025\/07\/2025-2030-Strategic-Plan5-scaled.png\" class=\"attachment-full\" alt=\"\" title=\"Plan Estrat\u00e9gico 2025-20305\" srcset=\"https:\/\/www.pshhc.org\/wp-content\/uploads\/2025\/07\/2025-2030-Strategic-Plan5-scaled.png 2560w, https:\/\/www.pshhc.org\/wp-content\/uploads\/2025\/07\/2025-2030-Strategic-Plan5-300x232.png 300w, https:\/\/www.pshhc.org\/wp-content\/uploads\/2025\/07\/2025-2030-Strategic-Plan5-1024x791.png 1024w, https:\/\/www.pshhc.org\/wp-content\/uploads\/2025\/07\/2025-2030-Strategic-Plan5-768x593.png 768w, https:\/\/www.pshhc.org\/wp-content\/uploads\/2025\/07\/2025-2030-Strategic-Plan5-1536x1187.png 1536w, https:\/\/www.pshhc.org\/wp-content\/uploads\/2025\/07\/2025-2030-Strategic-Plan5-2048x1583.png 2048w, https:\/\/www.pshhc.org\/wp-content\/uploads\/2025\/07\/2025-2030-Strategic-Plan5-16x12.png 16w\" sizes=\"auto, (max-width: 2560px) 100vw, 2560px\" \/><\/li><li><img loading=\"lazy\" decoding=\"async\" width=\"2560\" height=\"1978\" src=\"https:\/\/www.pshhc.org\/wp-content\/uploads\/2025\/07\/2025-2030-Strategic-Plan6-scaled.png\" class=\"attachment-full\" alt=\"\" title=\"Plan Estrat\u00e9gico 2025-20306\" srcset=\"https:\/\/www.pshhc.org\/wp-content\/uploads\/2025\/07\/2025-2030-Strategic-Plan6-scaled.png 2560w, https:\/\/www.pshhc.org\/wp-content\/uploads\/2025\/07\/2025-2030-Strategic-Plan6-300x232.png 300w, https:\/\/www.pshhc.org\/wp-content\/uploads\/2025\/07\/2025-2030-Strategic-Plan6-1024x791.png 1024w, https:\/\/www.pshhc.org\/wp-content\/uploads\/2025\/07\/2025-2030-Strategic-Plan6-768x593.png 768w, https:\/\/www.pshhc.org\/wp-content\/uploads\/2025\/07\/2025-2030-Strategic-Plan6-1536x1187.png 1536w, https:\/\/www.pshhc.org\/wp-content\/uploads\/2025\/07\/2025-2030-Strategic-Plan6-2048x1583.png 2048w, https:\/\/www.pshhc.org\/wp-content\/uploads\/2025\/07\/2025-2030-Strategic-Plan6-16x12.png 16w\" sizes=\"auto, (max-width: 2560px) 100vw, 2560px\" \/><\/li><li><img loading=\"lazy\" decoding=\"async\" width=\"2560\" height=\"1978\" src=\"https:\/\/www.pshhc.org\/wp-content\/uploads\/2025\/07\/2025-2030-Strategic-Plan7-scaled.png\" class=\"attachment-full\" alt=\"\" title=\"Plan Estrat\u00e9gico 2025-20307\" srcset=\"https:\/\/www.pshhc.org\/wp-content\/uploads\/2025\/07\/2025-2030-Strategic-Plan7-scaled.png 2560w, https:\/\/www.pshhc.org\/wp-content\/uploads\/2025\/07\/2025-2030-Strategic-Plan7-300x232.png 300w, https:\/\/www.pshhc.org\/wp-content\/uploads\/2025\/07\/2025-2030-Strategic-Plan7-1024x791.png 1024w, https:\/\/www.pshhc.org\/wp-content\/uploads\/2025\/07\/2025-2030-Strategic-Plan7-768x593.png 768w, https:\/\/www.pshhc.org\/wp-content\/uploads\/2025\/07\/2025-2030-Strategic-Plan7-1536x1187.png 1536w, https:\/\/www.pshhc.org\/wp-content\/uploads\/2025\/07\/2025-2030-Strategic-Plan7-2048x1583.png 2048w, https:\/\/www.pshhc.org\/wp-content\/uploads\/2025\/07\/2025-2030-Strategic-Plan7-16x12.png 16w\" sizes=\"auto, (max-width: 2560px) 100vw, 2560px\" \/><\/li><li><img loading=\"lazy\" decoding=\"async\" width=\"2560\" height=\"1978\" src=\"https:\/\/www.pshhc.org\/wp-content\/uploads\/2025\/07\/2025-2030-Strategic-Plan8-scaled.png\" class=\"attachment-full\" alt=\"\" title=\"Plan Estrat\u00e9gico 2025-20308\" srcset=\"https:\/\/www.pshhc.org\/wp-content\/uploads\/2025\/07\/2025-2030-Strategic-Plan8-scaled.png 2560w, https:\/\/www.pshhc.org\/wp-content\/uploads\/2025\/07\/2025-2030-Strategic-Plan8-300x232.png 300w, https:\/\/www.pshhc.org\/wp-content\/uploads\/2025\/07\/2025-2030-Strategic-Plan8-1024x791.png 1024w, https:\/\/www.pshhc.org\/wp-content\/uploads\/2025\/07\/2025-2030-Strategic-Plan8-768x593.png 768w, https:\/\/www.pshhc.org\/wp-content\/uploads\/2025\/07\/2025-2030-Strategic-Plan8-1536x1187.png 1536w\" sizes=\"auto, (max-width: 2560px) 100vw, 2560px\" \/><\/li><li><img loading=\"lazy\" decoding=\"async\" width=\"2560\" height=\"1978\" src=\"https:\/\/www.pshhc.org\/wp-content\/uploads\/2025\/07\/2025-2030-Strategic-Plan9-scaled.png\" class=\"attachment-full\" alt=\"\" title=\"Plan Estrat\u00e9gico 2025-20309\" srcset=\"https:\/\/www.pshhc.org\/wp-content\/uploads\/2025\/07\/2025-2030-Strategic-Plan9-scaled.png 2560w, https:\/\/www.pshhc.org\/wp-content\/uploads\/2025\/07\/2025-2030-Strategic-Plan9-300x232.png 300w, https:\/\/www.pshhc.org\/wp-content\/uploads\/2025\/07\/2025-2030-Strategic-Plan9-1024x791.png 1024w, https:\/\/www.pshhc.org\/wp-content\/uploads\/2025\/07\/2025-2030-Strategic-Plan9-768x593.png 768w, https:\/\/www.pshhc.org\/wp-content\/uploads\/2025\/07\/2025-2030-Strategic-Plan9-1536x1187.png 1536w, https:\/\/www.pshhc.org\/wp-content\/uploads\/2025\/07\/2025-2030-Strategic-Plan9-2048x1583.png 2048w, https:\/\/www.pshhc.org\/wp-content\/uploads\/2025\/07\/2025-2030-Strategic-Plan9-16x12.png 16w\" sizes=\"auto, (max-width: 2560px) 100vw, 2560px\" \/><\/li><li><img decoding=\"async\" src=\"https:\/\/www.pshhc.org\/wp-content\/uploads\/2025\/07\/2025-2030-Strategic-Plan10.png\" class=\"attachment-full\" alt=\"\" title=\"Plan Estrat\u00e9gico 2025-203010\" \/><\/li><li><img loading=\"lazy\" decoding=\"async\" width=\"2560\" height=\"1978\" src=\"https:\/\/www.pshhc.org\/wp-content\/uploads\/2025\/07\/2025-2030-Strategic-Plan11-scaled.png\" class=\"attachment-full\" alt=\"\" title=\"Plan Estrat\u00e9gico 2025-203011\" srcset=\"https:\/\/www.pshhc.org\/wp-content\/uploads\/2025\/07\/2025-2030-Strategic-Plan11-scaled.png 2560w, https:\/\/www.pshhc.org\/wp-content\/uploads\/2025\/07\/2025-2030-Strategic-Plan11-300x232.png 300w, https:\/\/www.pshhc.org\/wp-content\/uploads\/2025\/07\/2025-2030-Strategic-Plan11-1024x791.png 1024w, https:\/\/www.pshhc.org\/wp-content\/uploads\/2025\/07\/2025-2030-Strategic-Plan11-768x593.png 768w, https:\/\/www.pshhc.org\/wp-content\/uploads\/2025\/07\/2025-2030-Strategic-Plan11-1536x1187.png 1536w, https:\/\/www.pshhc.org\/wp-content\/uploads\/2025\/07\/2025-2030-Strategic-Plan11-2048x1583.png 2048w, https:\/\/www.pshhc.org\/wp-content\/uploads\/2025\/07\/2025-2030-Strategic-Plan11-16x12.png 16w\" sizes=\"auto, (max-width: 2560px) 100vw, 2560px\" \/><\/li><li><img loading=\"lazy\" decoding=\"async\" width=\"2560\" height=\"1978\" src=\"https:\/\/www.pshhc.org\/wp-content\/uploads\/2025\/07\/2025-2030-Strategic-Plan12-1-scaled.png\" class=\"attachment-full\" alt=\"\" title=\"Plan Estrat\u00e9gico 2025-203012\" srcset=\"https:\/\/www.pshhc.org\/wp-content\/uploads\/2025\/07\/2025-2030-Strategic-Plan12-1-scaled.png 2560w, https:\/\/www.pshhc.org\/wp-content\/uploads\/2025\/07\/2025-2030-Strategic-Plan12-1-300x232.png 300w, https:\/\/www.pshhc.org\/wp-content\/uploads\/2025\/07\/2025-2030-Strategic-Plan12-1-1024x791.png 1024w, https:\/\/www.pshhc.org\/wp-content\/uploads\/2025\/07\/2025-2030-Strategic-Plan12-1-768x593.png 768w, https:\/\/www.pshhc.org\/wp-content\/uploads\/2025\/07\/2025-2030-Strategic-Plan12-1-1536x1187.png 1536w, https:\/\/www.pshhc.org\/wp-content\/uploads\/2025\/07\/2025-2030-Strategic-Plan12-1-2048x1583.png 2048w, https:\/\/www.pshhc.org\/wp-content\/uploads\/2025\/07\/2025-2030-Strategic-Plan12-1-16x12.png 16w\" sizes=\"auto, (max-width: 2560px) 100vw, 2560px\" \/><\/li><li><img loading=\"lazy\" decoding=\"async\" width=\"2560\" height=\"1978\" src=\"https:\/\/www.pshhc.org\/wp-content\/uploads\/2025\/07\/2025-2030-Strategic-Plan13-1-scaled.png\" class=\"attachment-full\" alt=\"\" title=\"Plan Estrat\u00e9gico 2025-203013\" srcset=\"https:\/\/www.pshhc.org\/wp-content\/uploads\/2025\/07\/2025-2030-Strategic-Plan13-1-scaled.png 2560w, https:\/\/www.pshhc.org\/wp-content\/uploads\/2025\/07\/2025-2030-Strategic-Plan13-1-300x232.png 300w, https:\/\/www.pshhc.org\/wp-content\/uploads\/2025\/07\/2025-2030-Strategic-Plan13-1-1024x791.png 1024w, https:\/\/www.pshhc.org\/wp-content\/uploads\/2025\/07\/2025-2030-Strategic-Plan13-1-768x593.png 768w, https:\/\/www.pshhc.org\/wp-content\/uploads\/2025\/07\/2025-2030-Strategic-Plan13-1-1536x1187.png 1536w, https:\/\/www.pshhc.org\/wp-content\/uploads\/2025\/07\/2025-2030-Strategic-Plan13-1-2048x1583.png 2048w, https:\/\/www.pshhc.org\/wp-content\/uploads\/2025\/07\/2025-2030-Strategic-Plan13-1-16x12.png 16w\" sizes=\"auto, (max-width: 2560px) 100vw, 2560px\" \/><\/li><li><img loading=\"lazy\" decoding=\"async\" width=\"2560\" height=\"1978\" src=\"https:\/\/www.pshhc.org\/wp-content\/uploads\/2025\/07\/2025-2030-Strategic-Plan14-1-scaled.png\" class=\"attachment-full\" alt=\"\" title=\"Plan Estrat\u00e9gico 2025-203014\" srcset=\"https:\/\/www.pshhc.org\/wp-content\/uploads\/2025\/07\/2025-2030-Strategic-Plan14-1-scaled.png 2560w, https:\/\/www.pshhc.org\/wp-content\/uploads\/2025\/07\/2025-2030-Strategic-Plan14-1-300x232.png 300w, https:\/\/www.pshhc.org\/wp-content\/uploads\/2025\/07\/2025-2030-Strategic-Plan14-1-1024x791.png 1024w, https:\/\/www.pshhc.org\/wp-content\/uploads\/2025\/07\/2025-2030-Strategic-Plan14-1-768x593.png 768w, https:\/\/www.pshhc.org\/wp-content\/uploads\/2025\/07\/2025-2030-Strategic-Plan14-1-1536x1187.png 1536w, https:\/\/www.pshhc.org\/wp-content\/uploads\/2025\/07\/2025-2030-Strategic-Plan14-1-2048x1583.png 2048w, https:\/\/www.pshhc.org\/wp-content\/uploads\/2025\/07\/2025-2030-Strategic-Plan14-1-16x12.png 16w\" sizes=\"auto, (max-width: 2560px) 100vw, 2560px\" \/><\/li><li><img loading=\"lazy\" decoding=\"async\" width=\"2560\" height=\"1978\" src=\"https:\/\/www.pshhc.org\/wp-content\/uploads\/2025\/11\/2025-2030-Strategic-Plan-V22-scaled.png\" class=\"attachment-full\" alt=\"\" title=\"Plan Estrat\u00e9gico 2025-2030 V22\" srcset=\"https:\/\/www.pshhc.org\/wp-content\/uploads\/2025\/11\/2025-2030-Strategic-Plan-V22-scaled.png 2560w, https:\/\/www.pshhc.org\/wp-content\/uploads\/2025\/11\/2025-2030-Strategic-Plan-V22-300x232.png 300w, https:\/\/www.pshhc.org\/wp-content\/uploads\/2025\/11\/2025-2030-Strategic-Plan-V22-1024x791.png 1024w, https:\/\/www.pshhc.org\/wp-content\/uploads\/2025\/11\/2025-2030-Strategic-Plan-V22-768x593.png 768w, https:\/\/www.pshhc.org\/wp-content\/uploads\/2025\/11\/2025-2030-Strategic-Plan-V22-1536x1187.png 1536w, https:\/\/www.pshhc.org\/wp-content\/uploads\/2025\/11\/2025-2030-Strategic-Plan-V22-2048x1583.png 2048w, https:\/\/www.pshhc.org\/wp-content\/uploads\/2025\/11\/2025-2030-Strategic-Plan-V22-16x12.png 16w\" sizes=\"auto, (max-width: 2560px) 100vw, 2560px\" \/><\/li><li><img decoding=\"async\" src=\"https:\/\/www.pshhc.org\/wp-content\/uploads\/2025\/11\/2025-2030-Strategic-Plan-V222.png\" class=\"attachment-full\" alt=\"\" title=\"Plan Estrat\u00e9gico 2025-2030 V222\" \/><\/li><\/ul><\/div><\/div><\/div><\/div><\/div><\/div><div class=\"wpb_column vc_column_container vc_col-sm-2\"><div class=\"vc_column-inner\"><div class=\"wpb_wrapper\"><\/div><\/div><\/div><\/div>\n<\/div>","protected":false},"excerpt":{"rendered":"Plan Estrat\u00e9gico 2025-30 Explore nuestro Plan Estrat\u00e9gico utilizando las flechas a continuaci\u00f3n o descargue una copia en formato PDF.","protected":false},"author":1105,"featured_media":0,"parent":0,"menu_order":0,"comment_status":"closed","ping_status":"closed","template":"page-wide.php","meta":{"_acf_changed":false,"footnotes":""},"class_list":["post-7028","page","type-page","status-publish","hentry"],"acf":[],"yoast_head":"<!-- This site is optimized with the Yoast SEO plugin v26.9 - https:\/\/yoast.com\/product\/yoast-seo-wordpress\/ -->\n<title>Strategic Plan - People&#039;s Self-Help Housing<\/title>\n<meta name=\"description\" content=\"Click the arrows to browse through our 2021-23 Strategic Plan. Download a PDF Report\" \/>\n<meta name=\"robots\" content=\"index, follow, max-snippet:-1, max-image-preview:large, max-video-preview:-1\" \/>\n<link rel=\"canonical\" href=\"https:\/\/www.pshhc.org\/es\/strategicplan\/\" \/>\n<meta property=\"og:locale\" content=\"es_MX\" \/>\n<meta property=\"og:type\" content=\"article\" \/>\n<meta property=\"og:title\" content=\"Strategic Plan - People&#039;s Self-Help Housing\" \/>\n<meta property=\"og:description\" content=\"Click the arrows to browse through our 2021-23 Strategic Plan. Download a PDF Report\" \/>\n<meta property=\"og:url\" content=\"https:\/\/www.pshhc.org\/es\/strategicplan\/\" \/>\n<meta property=\"og:site_name\" content=\"People&#039;s Self-Help Housing\" \/>\n<meta property=\"article:modified_time\" content=\"2025-11-24T18:49:49+00:00\" \/>\n<meta name=\"twitter:card\" content=\"summary_large_image\" \/>\n<meta name=\"twitter:label1\" content=\"Tiempo de lectura\" \/>\n\t<meta name=\"twitter:data1\" content=\"3 minutos\" \/>\n<script type=\"application\/ld+json\" class=\"yoast-schema-graph\">{\"@context\":\"https:\/\/schema.org\",\"@graph\":[{\"@type\":\"WebPage\",\"@id\":\"https:\/\/www.pshhc.org\/strategicplan\/\",\"url\":\"https:\/\/www.pshhc.org\/strategicplan\/\",\"name\":\"Strategic Plan - People&#039;s Self-Help Housing\",\"isPartOf\":{\"@id\":\"https:\/\/www.pshhc.org\/#website\"},\"datePublished\":\"2020-10-22T22:51:06+00:00\",\"dateModified\":\"2025-11-24T18:49:49+00:00\",\"description\":\"Click the arrows to browse through our 2021-23 Strategic Plan. Download a PDF Report\",\"breadcrumb\":{\"@id\":\"https:\/\/www.pshhc.org\/strategicplan\/#breadcrumb\"},\"inLanguage\":\"es\",\"potentialAction\":[{\"@type\":\"ReadAction\",\"target\":[\"https:\/\/www.pshhc.org\/strategicplan\/\"]}]},{\"@type\":\"BreadcrumbList\",\"@id\":\"https:\/\/www.pshhc.org\/strategicplan\/#breadcrumb\",\"itemListElement\":[{\"@type\":\"ListItem\",\"position\":1,\"name\":\"Home\",\"item\":\"https:\/\/www.pshhc.org\/\"},{\"@type\":\"ListItem\",\"position\":2,\"name\":\"Strategic Plan\"}]},{\"@type\":\"WebSite\",\"@id\":\"https:\/\/www.pshhc.org\/#website\",\"url\":\"https:\/\/www.pshhc.org\/\",\"name\":\"People&#039;s Self-Help Housing\",\"description\":\"People&#039;s Self-Help Housing\",\"potentialAction\":[{\"@type\":\"SearchAction\",\"target\":{\"@type\":\"EntryPoint\",\"urlTemplate\":\"https:\/\/www.pshhc.org\/?s={search_term_string}\"},\"query-input\":{\"@type\":\"PropertyValueSpecification\",\"valueRequired\":true,\"valueName\":\"search_term_string\"}}],\"inLanguage\":\"es\"}]}<\/script>\n<!-- \/ Yoast SEO plugin. -->","yoast_head_json":{"title":"Plan Estrat\u00e9gico - Vivienda de Autoayuda Popular","description":"Haga clic en las flechas para explorar nuestro Plan Estrat\u00e9gico 2021-23. Descargue el informe en PDF.","robots":{"index":"index","follow":"follow","max-snippet":"max-snippet:-1","max-image-preview":"max-image-preview:large","max-video-preview":"max-video-preview:-1"},"canonical":"https:\/\/www.pshhc.org\/es\/strategicplan\/","og_locale":"es_MX","og_type":"article","og_title":"Strategic Plan - People&#039;s Self-Help Housing","og_description":"Click the arrows to browse through our 2021-23 Strategic Plan. Download a PDF Report","og_url":"https:\/\/www.pshhc.org\/es\/strategicplan\/","og_site_name":"People&#039;s Self-Help Housing","article_modified_time":"2025-11-24T18:49:49+00:00","twitter_card":"summary_large_image","twitter_misc":{"Tiempo de lectura":"3 minutos"},"schema":{"@context":"https:\/\/schema.org","@graph":[{"@type":"WebPage","@id":"https:\/\/www.pshhc.org\/strategicplan\/","url":"https:\/\/www.pshhc.org\/strategicplan\/","name":"Plan Estrat\u00e9gico - Vivienda de Autoayuda Popular","isPartOf":{"@id":"https:\/\/www.pshhc.org\/#website"},"datePublished":"2020-10-22T22:51:06+00:00","dateModified":"2025-11-24T18:49:49+00:00","description":"Haga clic en las flechas para explorar nuestro Plan Estrat\u00e9gico 2021-23. Descargue el informe en PDF.","breadcrumb":{"@id":"https:\/\/www.pshhc.org\/strategicplan\/#breadcrumb"},"inLanguage":"es","potentialAction":[{"@type":"ReadAction","target":["https:\/\/www.pshhc.org\/strategicplan\/"]}]},{"@type":"BreadcrumbList","@id":"https:\/\/www.pshhc.org\/strategicplan\/#breadcrumb","itemListElement":[{"@type":"ListItem","position":1,"name":"Home","item":"https:\/\/www.pshhc.org\/"},{"@type":"ListItem","position":2,"name":"Strategic Plan"}]},{"@type":"WebSite","@id":"https:\/\/www.pshhc.org\/#website","url":"https:\/\/www.pshhc.org\/","name":"Vivienda de autoayuda de People &amp; #039; s","description":"Vivienda de autoayuda de People &amp; #039; s","potentialAction":[{"@type":"SearchAction","target":{"@type":"EntryPoint","urlTemplate":"https:\/\/www.pshhc.org\/?s={search_term_string}"},"query-input":{"@type":"PropertyValueSpecification","valueRequired":true,"valueName":"search_term_string"}}],"inLanguage":"es"}]}},"jetpack_sharing_enabled":true,"_links":{"self":[{"href":"https:\/\/www.pshhc.org\/es\/wp-json\/wp\/v2\/pages\/7028","targetHints":{"allow":["GET"]}}],"collection":[{"href":"https:\/\/www.pshhc.org\/es\/wp-json\/wp\/v2\/pages"}],"about":[{"href":"https:\/\/www.pshhc.org\/es\/wp-json\/wp\/v2\/types\/page"}],"author":[{"embeddable":true,"href":"https:\/\/www.pshhc.org\/es\/wp-json\/wp\/v2\/users\/1105"}],"replies":[{"embeddable":true,"href":"https:\/\/www.pshhc.org\/es\/wp-json\/wp\/v2\/comments?post=7028"}],"version-history":[{"count":18,"href":"https:\/\/www.pshhc.org\/es\/wp-json\/wp\/v2\/pages\/7028\/revisions"}],"predecessor-version":[{"id":139647,"href":"https:\/\/www.pshhc.org\/es\/wp-json\/wp\/v2\/pages\/7028\/revisions\/139647"}],"wp:attachment":[{"href":"https:\/\/www.pshhc.org\/es\/wp-json\/wp\/v2\/media?parent=7028"}],"curies":[{"name":"gracias","href":"https:\/\/api.w.org\/{rel}","templated":true}]}}