{"id":65801,"date":"2022-11-07T21:55:25","date_gmt":"2022-11-07T21:55:25","guid":{"rendered":"https:\/\/www.pshhc.org\/?page_id=65801"},"modified":"2026-02-12T19:17:28","modified_gmt":"2026-02-12T19:17:28","slug":"resident-internet","status":"publish","type":"page","link":"https:\/\/www.pshhc.org\/es\/resident-internet\/","title":{"rendered":"Internet residente"},"content":{"rendered":"<div class=\"wpb-content-wrapper\"><div data-vc-full-width=\"true\" data-vc-full-width-temp=\"true\" data-vc-full-width-init=\"false\" data-vc-stretch-content=\"true\" class=\"vc_row wpb_row vc_row-fluid inner-banner vc_row-no-padding\"><div class=\"wpb_column vc_column_container vc_col-sm-12\"><div class=\"vc_column-inner\"><div class=\"wpb_wrapper\">\n\t<div  class=\"wpb_single_image wpb_content_element vc_align_center wpb_content_element  bg-image\">\n\t\t\n\t\t<figure class=\"wpb_wrapper vc_figure\">\n\t\t\t<div class=\"vc_single_image-wrapper   vc_box_border_grey\"><img loading=\"lazy\" decoding=\"async\" width=\"1920\" height=\"960\" src=\"https:\/\/www.pshhc.org\/wp-content\/uploads\/2022\/11\/pexels-anri-lilkov-4130210-scaled-e1762256726292.jpg\" class=\"vc_single_image-img attachment-full\" alt=\"\" title=\"pexels-anri-lilkov-4130210\" srcset=\"https:\/\/www.pshhc.org\/wp-content\/uploads\/2022\/11\/pexels-anri-lilkov-4130210-scaled-e1762256726292.jpg 1920w, https:\/\/www.pshhc.org\/wp-content\/uploads\/2022\/11\/pexels-anri-lilkov-4130210-scaled-e1762256726292-300x150.jpg 300w, https:\/\/www.pshhc.org\/wp-content\/uploads\/2022\/11\/pexels-anri-lilkov-4130210-scaled-e1762256726292-1024x512.jpg 1024w, https:\/\/www.pshhc.org\/wp-content\/uploads\/2022\/11\/pexels-anri-lilkov-4130210-scaled-e1762256726292-768x384.jpg 768w, https:\/\/www.pshhc.org\/wp-content\/uploads\/2022\/11\/pexels-anri-lilkov-4130210-scaled-e1762256726292-1536x768.jpg 1536w, https:\/\/www.pshhc.org\/wp-content\/uploads\/2022\/11\/pexels-anri-lilkov-4130210-scaled-e1762256726292-18x9.jpg 18w\" sizes=\"auto, (max-width: 1920px) 100vw, 1920px\" \/><\/div>\n\t\t<\/figure>\n\t<\/div>\n<\/div><\/div><\/div><\/div><div class=\"vc_row-full-width vc_clearfix\"><\/div><div data-vc-full-width=\"true\" data-vc-full-width-temp=\"true\" data-vc-full-width-init=\"false\" data-vc-stretch-content=\"true\" class=\"vc_row wpb_row vc_row-fluid inner-housing-section vc_row-no-padding\"><div class=\"wpb_column vc_column_container vc_col-sm-12\"><div class=\"vc_column-inner\"><div class=\"wpb_wrapper\">\n\t<div class=\"wpb_text_column wpb_content_element container\" >\n\t\t<div class=\"wpb_wrapper\">\n\t\t\t<h2>Internet residente<\/h2>\n\n\t\t<\/div>\n\t<\/div>\n<\/div><\/div><\/div><\/div><div class=\"vc_row-full-width vc_clearfix\"><\/div><div data-vc-full-width=\"true\" data-vc-full-width-temp=\"true\" data-vc-full-width-init=\"false\" data-vc-stretch-content=\"true\" class=\"vc_row wpb_row vc_row-fluid rental-housing-section vc_row-no-padding\"><div class=\"wpb_column vc_column_container vc_col-sm-12\"><div class=\"vc_column-inner\"><div class=\"wpb_wrapper\">\n\t<div class=\"wpb_text_column wpb_content_element container\" >\n\t\t<div class=\"wpb_wrapper\">\n\t\t\t<p>People&#039;s Self-Help Housing brinda un servicio b\u00e1sico de Internet sin costo para los residentes en la mayor parte de nuestra cartera. Si bien el departamento de TI de PSHH configura algunos de estos sitios, la mayor\u00eda fueron dise\u00f1ados e instalados por nuestro socio colaborador Innovative IT.<\/p>\n<p>Para soporte de Internet para residentes en el sitio, llame a Innovative IT al (888) 610-0010.<\/p>\n\n\t\t<\/div>\n\t<\/div>\n<div class=\"vc_tta-container\" data-vc-action=\"collapseAll\"><div class=\"vc_general vc_tta vc_tta-accordion vc_tta-color-grey vc_tta-style-classic vc_tta-shape-square vc_tta-o-shape-group vc_tta-controls-align-default vc_tta-o-all-clickable  container\"><div class=\"vc_tta-panels-container\"><div class=\"vc_tta-panels\"><div class=\"vc_tta-panel\" id=\"1603992761463-b6d01504-cabe\" data-vc-content=\".vc_tta-panel-body\"><div class=\"vc_tta-panel-heading\"><h4 class=\"vc_tta-panel-title vc_tta-controls-icon-position-right\"><a href=\"#1603992761463-b6d01504-cabe\" data-vc-accordion data-vc-container=\".vc_tta-container\"><span class=\"vc_tta-title-text\">\u00bfEs realmente gratis?<\/span><i class=\"vc_tta-controls-icon vc_tta-controls-icon-chevron\"><\/i><\/a><\/h4><\/div><div class=\"vc_tta-panel-body\">\n\t<div class=\"wpb_text_column wpb_content_element\" >\n\t\t<div class=\"wpb_wrapper\">\n\t\t\t<p>El acceso a Internet para residentes es gratuito para los residentes de People&#039;s Self-Help Housing.<\/p>\n\n\t\t<\/div>\n\t<\/div>\n<\/div><\/div><div class=\"vc_tta-panel\" id=\"1607021112597-54c4348f-7629\" data-vc-content=\".vc_tta-panel-body\"><div class=\"vc_tta-panel-heading\"><h4 class=\"vc_tta-panel-title vc_tta-controls-icon-position-right\"><a href=\"#1607021112597-54c4348f-7629\" data-vc-accordion data-vc-container=\".vc_tta-container\"><span class=\"vc_tta-title-text\">\u00bfCu\u00e1l es la contrase\u00f1a de Wi-Fi y con qui\u00e9n pueden comunicarse los residentes para obtener ayuda?<\/span><i class=\"vc_tta-controls-icon vc_tta-controls-icon-chevron\"><\/i><\/a><\/h4><\/div><div class=\"vc_tta-panel-body\">\n\t<div class=\"wpb_text_column wpb_content_element\" >\n\t\t<div class=\"wpb_wrapper\">\n\t\t\t<p>Innovative IT ofrece soporte t\u00e9cnico gratuito a los residentes llamando al (888) 610-0010. Tambi\u00e9n pueden llamar a este n\u00famero para obtener la contrase\u00f1a de wifi. El soporte est\u00e1 disponible en ingl\u00e9s y espa\u00f1ol.<\/p>\n<p>Tenga en cuenta que este soporte t\u00e9cnico es principalmente un servicio de devoluci\u00f3n de llamadas, por lo que los residentes deber\u00e1n dejar su nombre completo y n\u00famero de tel\u00e9fono en el contestador autom\u00e1tico para obtener ayuda.<\/p>\n\n\t\t<\/div>\n\t<\/div>\n<\/div><\/div><div class=\"vc_tta-panel\" id=\"1603302191846-0d88dd41-feca\" data-vc-content=\".vc_tta-panel-body\"><div class=\"vc_tta-panel-heading\"><h4 class=\"vc_tta-panel-title vc_tta-controls-icon-position-right\"><a href=\"#1603302191846-0d88dd41-feca\" data-vc-accordion data-vc-container=\".vc_tta-container\"><span class=\"vc_tta-title-text\">\u00bfQu\u00e9 tan r\u00e1pido es el Internet para residentes?<\/span><i class=\"vc_tta-controls-icon vc_tta-controls-icon-chevron\"><\/i><\/a><\/h4><\/div><div class=\"vc_tta-panel-body\">\n\t<div class=\"wpb_text_column wpb_content_element\" >\n\t\t<div class=\"wpb_wrapper\">\n\t\t\t<p>Las velocidades var\u00edan seg\u00fan la propiedad debido a que las distintas redes se construyeron en diferentes momentos y con diferentes requisitos. Internet es excelente para funciones b\u00e1sicas como navegar por internet y usar el correo electr\u00f3nico, pero podr\u00eda no ofrecer suficiente ancho de banda para streaming, especialmente a resoluciones altas.<\/p>\n\n\t\t<\/div>\n\t<\/div>\n<\/div><\/div><div class=\"vc_tta-panel\" id=\"1602709116956-c5f73f3a-3cd0\" data-vc-content=\".vc_tta-panel-body\"><div class=\"vc_tta-panel-heading\"><h4 class=\"vc_tta-panel-title vc_tta-controls-icon-position-right\"><a href=\"#1602709116956-c5f73f3a-3cd0\" data-vc-accordion data-vc-container=\".vc_tta-container\"><span class=\"vc_tta-title-text\">\u00bfQu\u00e9 propiedades cuentan con servicio de Internet para residentes?<\/span><i class=\"vc_tta-controls-icon vc_tta-controls-icon-chevron\"><\/i><\/a><\/h4><\/div><div class=\"vc_tta-panel-body\">\n\t<div class=\"wpb_text_column wpb_content_element\" >\n\t\t<div class=\"wpb_wrapper\">\n\t\t\t<p>A continuaci\u00f3n se muestra la lista de propiedades con internet para residentes actualmente. Salvo que se indique lo contrario, el sistema cuenta con el soporte de Innovative IT.<\/p>\n<ul>\n<li>Jardines de Atascadero (inal\u00e1mbrico)<\/li>\n<li>Belridge Street Apartments (inal\u00e1mbrico)<\/li>\n<li>Apartamentos de la calle Brizzolara (con conexi\u00f3n el\u00e9ctrica)<\/li>\n<li>Broad Street Place (cableado)<\/li>\n<li>Apartamentos Buellton Garden (con conexi\u00f3n el\u00e9ctrica)<\/li>\n<li>Apartamentos Canyon Creek (con conexi\u00f3n por cable)*<\/li>\n<li>Casas de las Flores (con cable)<\/li>\n<li>Casas las Granadas (con cable)<\/li>\n<li>Casas de los Carneros (inal\u00e1mbrico)<\/li>\n<li>Corte Cawelti (con cable)*<\/li>\n<li>Tribunal de la capilla (inal\u00e1mbrico)<\/li>\n<li>Cleaver &amp; Clark Commons (conectado)<\/li>\n<li>College Park (con cable)*<\/li>\n<li>Apartamentos Courtland Street (con conexi\u00f3n por cable)*<\/li>\n<li>Jardines Creekside (con cable)<\/li>\n<li>Creston Gardens (inal\u00e1mbrico)<\/li>\n<li>Cypress Place (conectado)<\/li>\n<li>Dahlia Court I (inal\u00e1mbrico)<\/li>\n<li>Dahlia Court II (inal\u00e1mbrico)<\/li>\n<li>El Patio Hotel (con cable)*<\/li>\n<li>Apartamentos Ellwood (con conexi\u00f3n el\u00e9ctrica)<\/li>\n<li>Cancha de Guadalupe (cableada)<\/li>\n<li>Heath House (inal\u00e1mbrico)<\/li>\n<li>Apartamentos Isla Vista (inal\u00e1mbrico)<\/li>\n<li>Jard\u00edn de las Rosas (cableado)<\/li>\n<li>Apartamentos Juniper Street (con conexi\u00f3n por cable)*<\/li>\n<li>La Brisa Marina (inal\u00e1mbrica)<\/li>\n<li>Apartamentos Lachen Tara (con conexi\u00f3n por cable)<\/li>\n<li>Ladera Street Apartments (inal\u00e1mbrico)<\/li>\n<li>Los Adobes de Mar\u00eda I (inal\u00e1mbrico)*<\/li>\n<li>Los Adobes de Mar\u00eda II (inal\u00e1mbrico)*<\/li>\n<li>Los Adobes de Mar\u00eda III (cableado)<\/li>\n<li>Terraza Los Robles (cableada)<\/li>\n<li>Mariposa Townhomes (inal\u00e1mbrica)<\/li>\n<li>Ocean View Manor (inal\u00e1mbrico)<\/li>\n<li>Jardines Oceanside (con cable)*<\/li>\n<li>Apartamentos con vista al Pac\u00edfico (con cable)*<\/li>\n<li>El lugar de la gente (con cable)<\/li>\n<li>Bungalows Pismo Creek (con conexi\u00f3n por cable)<\/li>\n<li>Terraza Pismo (con cable)<\/li>\n<li>Casas adosadas con vista al r\u00edo (con cableado)*<\/li>\n<li>Rolling Hills I (inal\u00e1mbrico)<\/li>\n<li>Rolling Hills II (con cable)<\/li>\n<li>Apartamentos Schoolhouse Lane (con conexi\u00f3n por cable)*<\/li>\n<li>Apartamentos Sea Breeze (inal\u00e1mbrico)<\/li>\n<li>Apartamentos Sequoia (con conexi\u00f3n por cable)*<\/li>\n<li>Caba\u00f1as Sierra Madre (cableadas)<\/li>\n<li>Apartamentos South Bay (inal\u00e1mbrico)<\/li>\n<li>Storke Ranch (inal\u00e1mbrico)<\/li>\n<li>Templeton Place (con cable)*<\/li>\n<li>Templeton Place II (cableado)<\/li>\n<li>Tibur\u00f3n Place (conectado)<\/li>\n<li>Valentine Court I (inal\u00e1mbrico)<\/li>\n<li>Valentine Court II (inal\u00e1mbrico)<\/li>\n<li>Valentine Court III (inal\u00e1mbrico)<\/li>\n<li>Hotel Victoria (con cable)*<\/li>\n<li>Victoria Street Bungalows (inal\u00e1mbrico)<\/li>\n<li>Villa la Esperanza (inal\u00e1mbrica)<\/li>\n<li>Villas en Higuera (con cable)*<\/li>\n<\/ul>\n<p>*Con conexi\u00f3n por cable, pero el administrador de la propiedad debe proporcionar a los residentes un m\u00f3dem antes de que puedan conectarse.<\/p>\n\n\t\t<\/div>\n\t<\/div>\n<\/div><\/div><div class=\"vc_tta-panel\" id=\"1606163221933-46ab2270-d9c3\" data-vc-content=\".vc_tta-panel-body\"><div class=\"vc_tta-panel-heading\"><h4 class=\"vc_tta-panel-title vc_tta-controls-icon-position-right\"><a href=\"#1606163221933-46ab2270-d9c3\" data-vc-accordion data-vc-container=\".vc_tta-container\"><span class=\"vc_tta-title-text\">\u00bfPor qu\u00e9 algunas implementaciones son cableadas y otras inal\u00e1mbricas?<\/span><i class=\"vc_tta-controls-icon vc_tta-controls-icon-chevron\"><\/i><\/a><\/h4><\/div><div class=\"vc_tta-panel-body\">\n\t<div class=\"wpb_text_column wpb_content_element\" >\n\t\t<div class=\"wpb_wrapper\">\n\t\t\t<p>La mayor\u00eda de las instalaciones son cableadas por su fiabilidad y porque la infraestructura ya est\u00e1 instalada. Algunas propiedades utilizan un sistema inal\u00e1mbrico.<\/p>\n\n\t\t<\/div>\n\t<\/div>\n<\/div><\/div><div class=\"vc_tta-panel\" id=\"1607464061322-66b52549-4b1c\" data-vc-content=\".vc_tta-panel-body\"><div class=\"vc_tta-panel-heading\"><h4 class=\"vc_tta-panel-title vc_tta-controls-icon-position-right\"><a href=\"#1607464061322-66b52549-4b1c\" data-vc-accordion data-vc-container=\".vc_tta-container\"><span class=\"vc_tta-title-text\">\u00bfPueden los residentes con Internet por cable seguir utilizando Wi-Fi?<\/span><i class=\"vc_tta-controls-icon vc_tta-controls-icon-chevron\"><\/i><\/a><\/h4><\/div><div class=\"vc_tta-panel-body\">\n\t<div class=\"wpb_text_column wpb_content_element\" >\n\t\t<div class=\"wpb_wrapper\">\n\t\t\t<p>\u00a1S\u00ed! Si la unidad tiene internet a trav\u00e9s de una l\u00ednea telef\u00f3nica, los residentes pueden conectar un enrutador inal\u00e1mbrico a su m\u00f3dem. Si la unidad tiene internet a trav\u00e9s de Ethernet, los residentes pueden conectar un cable Ethernet desde la toma de pared al puerto WAN de su enrutador inal\u00e1mbrico. Esto crear\u00e1 una red inal\u00e1mbrica privada.<\/p>\n<p>Los residentes que opten por esto deben proporcionar su propio enrutador a su cargo y no est\u00e1 disponible soporte t\u00e9cnico para sistemas personales.<\/p>\n\n\t\t<\/div>\n\t<\/div>\n<\/div><\/div><\/div><\/div><\/div><\/div><\/div><\/div><\/div><\/div><div class=\"vc_row-full-width vc_clearfix\"><\/div>\n<\/div>","protected":false},"excerpt":{"rendered":"Resident Internet People&#039;s Self-Help Housing brinda un servicio b\u00e1sico de Internet sin costo para los residentes en la mayor parte de nuestra cartera. Si bien el departamento de TI de PSHH configura algunos de estos sitios, la mayor\u00eda fueron dise\u00f1ados e instalados por nuestro socio colaborador Innovative IT. Para soporte de Internet para residentes en el sitio, llame a Innovative IT al (888) 610-0010. Lo es...  <a class=\"excerpt-read-more\" href=\"https:\/\/www.pshhc.org\/es\/resident-internet\/\" title=\"Leer Internet para residentes\">Leer m\u00e1s &quot;<\/a>","protected":false},"author":1105,"featured_media":65807,"parent":0,"menu_order":0,"comment_status":"closed","ping_status":"closed","template":"page-wide.php","meta":{"_acf_changed":false,"footnotes":""},"class_list":["post-65801","page","type-page","status-publish","has-post-thumbnail","hentry"],"acf":[],"yoast_head":"<!-- This site is optimized with the Yoast SEO plugin v27.5 - https:\/\/yoast.com\/product\/yoast-seo-wordpress\/ -->\n<title>Resident Internet - People&#039;s Self-Help Housing<\/title>\n<meta name=\"description\" content=\"Resident Internet People\u2019s Self-Help Housing provides basic Internet service at no cost to residents across most of our portfolio. While the PSHH IT department sets up a few of these\" \/>\n<meta name=\"robots\" content=\"index, follow, max-snippet:-1, max-image-preview:large, max-video-preview:-1\" \/>\n<link rel=\"canonical\" href=\"https:\/\/www.pshhc.org\/es\/resident-internet\/\" \/>\n<meta property=\"og:locale\" content=\"es_MX\" \/>\n<meta property=\"og:type\" content=\"article\" \/>\n<meta property=\"og:title\" content=\"Resident Internet - People&#039;s Self-Help Housing\" \/>\n<meta property=\"og:url\" content=\"https:\/\/www.pshhc.org\/es\/resident-internet\/\" \/>\n<meta property=\"og:site_name\" content=\"People&#039;s Self-Help Housing\" \/>\n<meta property=\"article:modified_time\" content=\"2026-02-12T19:17:28+00:00\" \/>\n<meta property=\"og:image\" content=\"https:\/\/www.pshhc.org\/wp-content\/uploads\/2022\/11\/pexels-anri-lilkov-4130210-scaled-e1762256726292.jpg\" \/>\n\t<meta property=\"og:image:width\" content=\"1920\" \/>\n\t<meta property=\"og:image:height\" content=\"960\" \/>\n\t<meta property=\"og:image:type\" content=\"image\/jpeg\" \/>\n<meta name=\"twitter:card\" content=\"summary_large_image\" \/>\n<meta name=\"twitter:label1\" content=\"Tiempo de lectura\" \/>\n\t<meta name=\"twitter:data1\" content=\"3 minutos\" \/>\n<script type=\"application\/ld+json\" class=\"yoast-schema-graph\">{\"@context\":\"https:\\\/\\\/schema.org\",\"@graph\":[{\"@type\":\"WebPage\",\"@id\":\"https:\\\/\\\/www.pshhc.org\\\/resident-internet\\\/\",\"url\":\"https:\\\/\\\/www.pshhc.org\\\/resident-internet\\\/\",\"name\":\"Resident Internet - People&#039;s Self-Help Housing\",\"isPartOf\":{\"@id\":\"https:\\\/\\\/www.pshhc.org\\\/#website\"},\"primaryImageOfPage\":{\"@id\":\"https:\\\/\\\/www.pshhc.org\\\/resident-internet\\\/#primaryimage\"},\"image\":{\"@id\":\"https:\\\/\\\/www.pshhc.org\\\/resident-internet\\\/#primaryimage\"},\"thumbnailUrl\":\"https:\\\/\\\/www.pshhc.org\\\/wp-content\\\/uploads\\\/2022\\\/11\\\/pexels-anri-lilkov-4130210-scaled-e1762256726292.jpg\",\"datePublished\":\"2022-11-07T21:55:25+00:00\",\"dateModified\":\"2026-02-12T19:17:28+00:00\",\"breadcrumb\":{\"@id\":\"https:\\\/\\\/www.pshhc.org\\\/resident-internet\\\/#breadcrumb\"},\"inLanguage\":\"es\",\"potentialAction\":[{\"@type\":\"ReadAction\",\"target\":[\"https:\\\/\\\/www.pshhc.org\\\/resident-internet\\\/\"]}]},{\"@type\":\"ImageObject\",\"inLanguage\":\"es\",\"@id\":\"https:\\\/\\\/www.pshhc.org\\\/resident-internet\\\/#primaryimage\",\"url\":\"https:\\\/\\\/www.pshhc.org\\\/wp-content\\\/uploads\\\/2022\\\/11\\\/pexels-anri-lilkov-4130210-scaled-e1762256726292.jpg\",\"contentUrl\":\"https:\\\/\\\/www.pshhc.org\\\/wp-content\\\/uploads\\\/2022\\\/11\\\/pexels-anri-lilkov-4130210-scaled-e1762256726292.jpg\",\"width\":1920,\"height\":960},{\"@type\":\"BreadcrumbList\",\"@id\":\"https:\\\/\\\/www.pshhc.org\\\/resident-internet\\\/#breadcrumb\",\"itemListElement\":[{\"@type\":\"ListItem\",\"position\":1,\"name\":\"Home\",\"item\":\"https:\\\/\\\/www.pshhc.org\\\/\"},{\"@type\":\"ListItem\",\"position\":2,\"name\":\"Resident Internet\"}]},{\"@type\":\"WebSite\",\"@id\":\"https:\\\/\\\/www.pshhc.org\\\/#website\",\"url\":\"https:\\\/\\\/www.pshhc.org\\\/\",\"name\":\"People&#039;s Self-Help Housing\",\"description\":\"People&#039;s Self-Help Housing\",\"potentialAction\":[{\"@type\":\"SearchAction\",\"target\":{\"@type\":\"EntryPoint\",\"urlTemplate\":\"https:\\\/\\\/www.pshhc.org\\\/?s={search_term_string}\"},\"query-input\":{\"@type\":\"PropertyValueSpecification\",\"valueRequired\":true,\"valueName\":\"search_term_string\"}}],\"inLanguage\":\"es\"}]}<\/script>\n<!-- \/ Yoast SEO plugin. -->","yoast_head_json":{"title":"Internet para residentes - Vivienda de autoayuda para personas","description":"Internet para Residentes: People&#039;s Self-Help Housing ofrece servicio b\u00e1sico de internet gratuito a los residentes en la mayor parte de nuestra cartera. Si bien el departamento de TI de PSHH configura algunos de estos...","robots":{"index":"index","follow":"follow","max-snippet":"max-snippet:-1","max-image-preview":"max-image-preview:large","max-video-preview":"max-video-preview:-1"},"canonical":"https:\/\/www.pshhc.org\/es\/resident-internet\/","og_locale":"es_MX","og_type":"article","og_title":"Resident Internet - People&#039;s Self-Help Housing","og_url":"https:\/\/www.pshhc.org\/es\/resident-internet\/","og_site_name":"People&#039;s Self-Help Housing","article_modified_time":"2026-02-12T19:17:28+00:00","og_image":[{"width":1920,"height":960,"url":"https:\/\/www.pshhc.org\/wp-content\/uploads\/2022\/11\/pexels-anri-lilkov-4130210-scaled-e1762256726292.jpg","type":"image\/jpeg"}],"twitter_card":"summary_large_image","twitter_misc":{"Tiempo de lectura":"3 minutos"},"schema":{"@context":"https:\/\/schema.org","@graph":[{"@type":"WebPage","@id":"https:\/\/www.pshhc.org\/resident-internet\/","url":"https:\/\/www.pshhc.org\/resident-internet\/","name":"Internet para residentes - Vivienda de autoayuda para personas","isPartOf":{"@id":"https:\/\/www.pshhc.org\/#website"},"primaryImageOfPage":{"@id":"https:\/\/www.pshhc.org\/resident-internet\/#primaryimage"},"image":{"@id":"https:\/\/www.pshhc.org\/resident-internet\/#primaryimage"},"thumbnailUrl":"https:\/\/www.pshhc.org\/wp-content\/uploads\/2022\/11\/pexels-anri-lilkov-4130210-scaled-e1762256726292.jpg","datePublished":"2022-11-07T21:55:25+00:00","dateModified":"2026-02-12T19:17:28+00:00","breadcrumb":{"@id":"https:\/\/www.pshhc.org\/resident-internet\/#breadcrumb"},"inLanguage":"es","potentialAction":[{"@type":"ReadAction","target":["https:\/\/www.pshhc.org\/resident-internet\/"]}]},{"@type":"ImageObject","inLanguage":"es","@id":"https:\/\/www.pshhc.org\/resident-internet\/#primaryimage","url":"https:\/\/www.pshhc.org\/wp-content\/uploads\/2022\/11\/pexels-anri-lilkov-4130210-scaled-e1762256726292.jpg","contentUrl":"https:\/\/www.pshhc.org\/wp-content\/uploads\/2022\/11\/pexels-anri-lilkov-4130210-scaled-e1762256726292.jpg","width":1920,"height":960},{"@type":"BreadcrumbList","@id":"https:\/\/www.pshhc.org\/resident-internet\/#breadcrumb","itemListElement":[{"@type":"ListItem","position":1,"name":"Home","item":"https:\/\/www.pshhc.org\/"},{"@type":"ListItem","position":2,"name":"Resident Internet"}]},{"@type":"WebSite","@id":"https:\/\/www.pshhc.org\/#website","url":"https:\/\/www.pshhc.org\/","name":"Vivienda de autoayuda de People &amp; #039; s","description":"Vivienda de autoayuda de People &amp; #039; s","potentialAction":[{"@type":"SearchAction","target":{"@type":"EntryPoint","urlTemplate":"https:\/\/www.pshhc.org\/?s={search_term_string}"},"query-input":{"@type":"PropertyValueSpecification","valueRequired":true,"valueName":"search_term_string"}}],"inLanguage":"es"}]}},"jetpack_sharing_enabled":true,"_links":{"self":[{"href":"https:\/\/www.pshhc.org\/es\/wp-json\/wp\/v2\/pages\/65801","targetHints":{"allow":["GET"]}}],"collection":[{"href":"https:\/\/www.pshhc.org\/es\/wp-json\/wp\/v2\/pages"}],"about":[{"href":"https:\/\/www.pshhc.org\/es\/wp-json\/wp\/v2\/types\/page"}],"author":[{"embeddable":true,"href":"https:\/\/www.pshhc.org\/es\/wp-json\/wp\/v2\/users\/1105"}],"replies":[{"embeddable":true,"href":"https:\/\/www.pshhc.org\/es\/wp-json\/wp\/v2\/comments?post=65801"}],"version-history":[{"count":19,"href":"https:\/\/www.pshhc.org\/es\/wp-json\/wp\/v2\/pages\/65801\/revisions"}],"predecessor-version":[{"id":140376,"href":"https:\/\/www.pshhc.org\/es\/wp-json\/wp\/v2\/pages\/65801\/revisions\/140376"}],"wp:featuredmedia":[{"embeddable":true,"href":"https:\/\/www.pshhc.org\/es\/wp-json\/wp\/v2\/media\/65807"}],"wp:attachment":[{"href":"https:\/\/www.pshhc.org\/es\/wp-json\/wp\/v2\/media?parent=65801"}],"curies":[{"name":"gracias","href":"https:\/\/api.w.org\/{rel}","templated":true}]}}