{"id":61140,"date":"2022-10-06T22:40:25","date_gmt":"2022-10-06T22:40:25","guid":{"rendered":"https:\/\/www.pshhc.org\/?page_id=61140"},"modified":"2026-02-11T22:04:58","modified_gmt":"2026-02-11T22:04:58","slug":"ascend-fund","status":"publish","type":"page","link":"https:\/\/www.pshhc.org\/es\/ascend-fund\/","title":{"rendered":"Fondo ASCEND"},"content":{"rendered":"<div class=\"wpb-content-wrapper\"><div data-vc-full-width=\"true\" data-vc-full-width-temp=\"true\" data-vc-full-width-init=\"false\" data-vc-stretch-content=\"true\" class=\"vc_row wpb_row vc_row-fluid inner-banner vc_row-no-padding\"><div class=\"wpb_column vc_column_container vc_col-sm-12\"><div class=\"vc_column-inner\"><div class=\"wpb_wrapper\">\n\t<div  class=\"wpb_single_image wpb_content_element vc_align_center wpb_content_element  bg-image\">\n\t\t\n\t\t<figure class=\"wpb_wrapper vc_figure\">\n\t\t\t<div class=\"vc_single_image-wrapper   vc_box_border_grey\"><img loading=\"lazy\" decoding=\"async\" width=\"1920\" height=\"1080\" src=\"https:\/\/www.pshhc.org\/wp-content\/uploads\/2026\/02\/Website-Hero-Images-4.png\" class=\"vc_single_image-img attachment-full\" alt=\"\" title=\"Im\u00e1genes destacadas del sitio web (4)\" srcset=\"https:\/\/www.pshhc.org\/wp-content\/uploads\/2026\/02\/Website-Hero-Images-4.png 1920w, https:\/\/www.pshhc.org\/wp-content\/uploads\/2026\/02\/Website-Hero-Images-4-300x169.png 300w, https:\/\/www.pshhc.org\/wp-content\/uploads\/2026\/02\/Website-Hero-Images-4-1024x576.png 1024w, https:\/\/www.pshhc.org\/wp-content\/uploads\/2026\/02\/Website-Hero-Images-4-768x432.png 768w, https:\/\/www.pshhc.org\/wp-content\/uploads\/2026\/02\/Website-Hero-Images-4-1536x864.png 1536w, https:\/\/www.pshhc.org\/wp-content\/uploads\/2026\/02\/Website-Hero-Images-4-18x10.png 18w\" sizes=\"auto, (max-width: 1920px) 100vw, 1920px\" \/><\/div>\n\t\t<\/figure>\n\t<\/div>\n<\/div><\/div><\/div><\/div><div class=\"vc_row-full-width vc_clearfix\"><\/div><div data-vc-full-width=\"true\" data-vc-full-width-temp=\"true\" data-vc-full-width-init=\"false\" data-vc-stretch-content=\"true\" class=\"vc_row wpb_row vc_row-fluid inner-housing-section vc_row-no-padding\"><div class=\"wpb_column vc_column_container vc_col-sm-12\"><div class=\"vc_column-inner\"><div class=\"wpb_wrapper\">\n\t<div class=\"wpb_text_column wpb_content_element\" >\n\t\t<div class=\"wpb_wrapper\">\n\t\t\t<h2 style=\"text-align: center;\">El Fondo ASCEND<\/h2>\n\n\t\t<\/div>\n\t<\/div>\n<\/div><\/div><\/div><\/div><div class=\"vc_row-full-width vc_clearfix\"><\/div><div data-vc-full-width=\"true\" data-vc-full-width-temp=\"true\" data-vc-full-width-init=\"false\" data-vc-stretch-content=\"true\" class=\"vc_row wpb_row vc_row-fluid rental-housing-section wider leadership vc_row-no-padding\"><div class=\"wpb_column vc_column_container vc_col-sm-12\"><div class=\"vc_column-inner\"><div class=\"wpb_wrapper\">\n\t<div class=\"wpb_text_column wpb_content_element container\" >\n\t\t<div class=\"wpb_wrapper\">\n\t\t\t<p>Nuestro Fondo ASCEND apoya a los residentes que est\u00e1n listos para emprender, liderar, acceder a oportunidades educativas y crecer personalmente. ASCEND refleja el camino que recorren los residentes al desarrollar confianza, adquirir habilidades y avanzar hacia sus metas. Su apoyo a este fondo les proporciona las herramientas, el est\u00edmulo y las oportunidades para avanzar significativamente.<\/p>\n\n\t\t<\/div>\n\t<\/div>\n<div class=\"vc_separator wpb_content_element vc_separator_align_center vc_sep_width_100 vc_sep_pos_align_center vc_separator_no_text vc_sep_color_grey wpb_content_element  wpb_content_element\" ><span class=\"vc_sep_holder vc_sep_holder_l\"><span class=\"vc_sep_line\"><\/span><\/span><span class=\"vc_sep_holder vc_sep_holder_r\"><span class=\"vc_sep_line\"><\/span><\/span>\n<\/div>\n\t<div class=\"wpb_text_column wpb_content_element container\" >\n\t\t<div class=\"wpb_wrapper\">\n\t\t\t<p>ASCEND representa los elementos centrales de este camino inspirador que la asistencia financiera crea para nuestros residentes:<\/p>\n<p><em><strong>A \u2013 Agencia: <\/strong><\/em>Animar a las personas a tomar decisiones que se sientan fieles a qui\u00e9nes son y a d\u00f3nde quieren ir.<br \/>\n<em><strong>S \u2013 Habilidades: <\/strong><\/em>Ofreciendo las herramientas, el aprendizaje y el conocimiento para que los grandes sue\u00f1os parezcan alcanzables.<br \/>\n<em><strong>C \u2013 Capacidad: <\/strong><\/em>Aumentar la confianza y la motivaci\u00f3n para que los residentes se sientan valientes y preparados para dar el siguiente paso.<br \/>\n<em><strong>E \u2013 Emprendimiento: <\/strong><\/em>Celebrando la creatividad y las ideas audaces que ayudan a las familias a prosperar y a las comunidades a crecer.<br \/>\n<em><strong>N \u2013 Red:<\/strong><\/em> Conectando a las personas con amigos, mentores, socios y recursos que hacen que el viaje sea m\u00e1s f\u00e1cil y divertido.<br \/>\n<em><strong>D \u2013 Direcci\u00f3n: <\/strong><\/em>ayudando a trazar pr\u00f3ximos pasos significativos, para que avanzar se sienta emocionante, con prop\u00f3sito y lleno de posibilidades<\/p>\n\n\t\t<\/div>\n\t<\/div>\n<div class=\"vc_separator wpb_content_element vc_separator_align_center vc_sep_width_100 vc_sep_pos_align_center vc_separator_no_text vc_sep_color_grey wpb_content_element  wpb_content_element\" ><span class=\"vc_sep_holder vc_sep_holder_l\"><span class=\"vc_sep_line\"><\/span><\/span><span class=\"vc_sep_holder vc_sep_holder_r\"><span class=\"vc_sep_line\"><\/span><\/span>\n<\/div><\/div><\/div><\/div><\/div><div class=\"vc_row-full-width vc_clearfix\"><\/div><div data-vc-full-width=\"true\" data-vc-full-width-temp=\"true\" data-vc-full-width-init=\"false\" data-vc-stretch-content=\"true\" class=\"vc_row wpb_row vc_row-fluid rental-housing-section wider leadership vc_row-no-padding\"><div class=\"wpb_column vc_column_container vc_col-sm-12\"><div class=\"vc_column-inner\"><div class=\"wpb_wrapper\">\n\t<div class=\"wpb_text_column wpb_content_element container\" >\n\t\t<div class=\"wpb_wrapper\">\n\t\t\t<p><img loading=\"lazy\" decoding=\"async\" class=\"wp-image-140373 alignleft\" src=\"https:\/\/www.pshhc.org\/wp-content\/uploads\/2026\/02\/Elvia-scaled-e1770842152871-271x300.jpg\" alt=\"\" width=\"191\" height=\"211\" \/>Su generosidad ya ha ayudado a nuestros residentes a asistir al Instituto de Liderazgo Comunitario, donde un residente de People&#039;s gan\u00f3 el Premio Nacional Dorothy Richardson al Liderazgo Residente, reconocido por <a href=\"https:\/\/www.neighborworks.org\/Our-Network\/Awards\" target=\"_blank\" rel=\"noopener\">NeighborWorks Am\u00e9rica<\/a>. Tambi\u00e9n ha facilitado la participaci\u00f3n en talleres empresariales que dieron lugar al \u00e9xito de m\u00faltiples tiendas y negocios desde casa.<\/p>\n<p>Al apoyar el Fondo ASCEND, invierte directamente en el impulso, la valent\u00eda y la convicci\u00f3n de su vecino de que un futuro pr\u00f3spero es posible. Por favor. <a href=\"https:\/\/form-renderer-app.donorperfect.io\/give\/peoples-self-help-housing\/ascend-fund\" target=\"_blank\" rel=\"noopener\">haz tu generoso regalo<\/a> y ayudar a m\u00e1s residentes <em>ascender.<\/em><\/p>\n\n\t\t<\/div>\n\t<\/div>\n<\/div><\/div><\/div><\/div><div class=\"vc_row-full-width vc_clearfix\"><\/div><div data-vc-full-width=\"true\" data-vc-full-width-temp=\"true\" data-vc-full-width-init=\"false\" data-vc-stretch-content=\"true\" class=\"vc_row wpb_row vc_row-fluid rental-housing-section wider leadership vc_row-no-padding\"><div class=\"wpb_column vc_column_container vc_col-sm-12\"><div class=\"vc_column-inner\"><div class=\"wpb_wrapper\"><div class=\"ubtn-ctn-center\"><a class=\"ubtn-link ult-adjust-bottom-margin ubtn-center ubtn-custom\" href=\"https:\/\/form-renderer-app.donorperfect.io\/give\/peoples-self-help-housing\/ascend-fund\" target=\"_blank\" rel=\"noopener\" ><button type=\"button\" id=\"ubtn-7360\"  class=\"ubtn ult-adjust-bottom-margin ult-responsive ubtn-custom ubtn-top-bg  none  ubtn-center   tooltip-69e4b5e60a22c\"  data-hover=\"#9B0002\" data-border-color=\"\" data-bg=\"#9B0002\" data-hover-bg=\"#FFFFFF\" data-border-hover=\"\" data-shadow-hover=\"\" data-shadow-click=\"none\" data-shadow=\"\" data-shd-shadow=\"\"  data-ultimate-target='#ubtn-7360'  data-responsive-json-new='{\"font-size\":\"\",\"line-height\":\"\"}'  style=\"font-weight:normal;width:350px;min-height:50px;padding:px px;border:none;background: #9B0002;color: #FFFFFF;\"><span class=\"ubtn-hover\" style=\"background-color:#FFFFFF\"><\/span><span class=\"ubtn-data ubtn-text\" >Soporte hoy<\/span><\/button><\/a><\/div><div class=\"vc_empty_space\"   style=\"height: 32px\"><span class=\"vc_empty_space_inner\"><\/span><\/div>\n<div class=\"vc_grid-container-wrapper vc_clearfix vc_grid-animation-fadeIn\">\n\t<div class=\"vc_grid-container vc_clearfix wpb_content_element vc_basic_grid vc_custom_1756241773253 container people-grid\" data-initial-loading-animation=\"fadeIn\" data-vc-grid-settings=\"{&quot;page_id&quot;:61140,&quot;style&quot;:&quot;all&quot;,&quot;action&quot;:&quot;vc_get_vc_grid_data&quot;,&quot;shortcode_id&quot;:&quot;1770842080826-5b294cae-e737-3&quot;,&quot;tag&quot;:&quot;vc_basic_grid&quot;}\" data-vc-request=\"https:\/\/www.pshhc.org\/wp-admin\/admin-ajax.php\" data-vc-post-id=\"61140\" data-vc-public-nonce=\"dac173312f\">\n\t\t\n\t<\/div>\n<\/div><div class=\"vc_separator wpb_content_element vc_separator_align_center vc_sep_width_100 vc_sep_pos_align_center vc_separator_no_text vc_sep_color_grey vc_custom_1731610341791 wpb_content_element  vc_custom_1731610341791 wpb_content_element container\" ><span class=\"vc_sep_holder vc_sep_holder_l\"><span class=\"vc_sep_line\"><\/span><\/span><span class=\"vc_sep_holder vc_sep_holder_r\"><span class=\"vc_sep_line\"><\/span><\/span>\n<\/div>\n\t<div class=\"wpb_text_column wpb_content_element container\" >\n\t\t<div class=\"wpb_wrapper\">\n\t\t\t<p class=\"xmsonormal\" style=\"text-align: center;\"><em>En agradecimiento por compartir su historia, todas las personas mencionadas recibieron una tarjeta de regalo. La financiaci\u00f3n de las historias de \u00e9xito est\u00e1 generosamente patrocinada por:<\/em><br \/>\n<img loading=\"lazy\" decoding=\"async\" class=\"size-medium wp-image-139701 aligncenter\" src=\"https:\/\/www.pshhc.org\/wp-content\/uploads\/2025\/12\/JPMorgan-Chase-Logo-SVG-desktop-e1764718122998-300x66.jpg\" alt=\"\" width=\"300\" height=\"66\" srcset=\"https:\/\/www.pshhc.org\/wp-content\/uploads\/2025\/12\/JPMorgan-Chase-Logo-SVG-desktop-e1764718122998-300x66.jpg 300w, https:\/\/www.pshhc.org\/wp-content\/uploads\/2025\/12\/JPMorgan-Chase-Logo-SVG-desktop-e1764718122998-1024x225.jpg 1024w, https:\/\/www.pshhc.org\/wp-content\/uploads\/2025\/12\/JPMorgan-Chase-Logo-SVG-desktop-e1764718122998-768x169.jpg 768w, https:\/\/www.pshhc.org\/wp-content\/uploads\/2025\/12\/JPMorgan-Chase-Logo-SVG-desktop-e1764718122998-18x4.jpg 18w, https:\/\/www.pshhc.org\/wp-content\/uploads\/2025\/12\/JPMorgan-Chase-Logo-SVG-desktop-e1764718122998.jpg 1200w\" sizes=\"auto, (max-width: 300px) 100vw, 300px\" \/><\/p>\n\n\t\t<\/div>\n\t<\/div>\n<\/div><\/div><\/div><\/div><div class=\"vc_row-full-width vc_clearfix\"><\/div>\n<\/div>","protected":false},"excerpt":{"rendered":"The ASCEND Fund Our ASCEND Fund supports residents who are ready to pursue entrepreneurship, leadership, educational opportunities, and personal growth. ASCEND reflects the path residents take as they build confidence, gain skills, and move towards their goals. Your support of this fund provides the tools, encouragement, and opportunities for them to take meaningful steps forward....  <a class=\"excerpt-read-more\" href=\"https:\/\/www.pshhc.org\/es\/ascend-fund\/\" title=\"Read ASCEND Fund\">Leer m\u00e1s &quot;<\/a>","protected":false},"author":1105,"featured_media":137805,"parent":0,"menu_order":0,"comment_status":"closed","ping_status":"closed","template":"page-wide.php","meta":{"_acf_changed":false,"footnotes":""},"class_list":["post-61140","page","type-page","status-publish","has-post-thumbnail","hentry"],"acf":[],"yoast_head":"<!-- This site is optimized with the Yoast SEO plugin v26.9 - https:\/\/yoast.com\/product\/yoast-seo-wordpress\/ -->\n<title>ASCEND Fund - People&#039;s Self-Help Housing<\/title>\n<meta name=\"description\" content=\"The ASCEND Fund Our ASCEND Fund supports residents who are ready to pursue entrepreneurship, leadership, educational opportunities, and personal growth. ASCEND reflects the path residents take as they build confidence,\" \/>\n<meta name=\"robots\" content=\"index, follow, max-snippet:-1, max-image-preview:large, max-video-preview:-1\" \/>\n<link rel=\"canonical\" href=\"https:\/\/www.pshhc.org\/es\/ascend-fund\/\" \/>\n<meta property=\"og:locale\" content=\"es_MX\" \/>\n<meta property=\"og:type\" content=\"article\" \/>\n<meta property=\"og:title\" content=\"ASCEND Fund - People&#039;s Self-Help Housing\" \/>\n<meta property=\"og:url\" content=\"https:\/\/www.pshhc.org\/es\/ascend-fund\/\" \/>\n<meta property=\"og:site_name\" content=\"People&#039;s Self-Help Housing\" \/>\n<meta property=\"article:modified_time\" content=\"2026-02-11T22:04:58+00:00\" \/>\n<meta property=\"og:image\" content=\"https:\/\/www.pshhc.org\/wp-content\/uploads\/2024\/12\/Website-Hero-Images-1024x576.png\" \/>\n\t<meta property=\"og:image:width\" content=\"1024\" \/>\n\t<meta property=\"og:image:height\" content=\"576\" \/>\n\t<meta property=\"og:image:type\" content=\"image\/png\" \/>\n<meta name=\"twitter:card\" content=\"summary_large_image\" \/>\n<meta name=\"twitter:label1\" content=\"Tiempo de lectura\" \/>\n\t<meta name=\"twitter:data1\" content=\"3 minutos\" \/>\n<script type=\"application\/ld+json\" class=\"yoast-schema-graph\">{\"@context\":\"https:\/\/schema.org\",\"@graph\":[{\"@type\":\"WebPage\",\"@id\":\"https:\/\/www.pshhc.org\/ascend-fund\/\",\"url\":\"https:\/\/www.pshhc.org\/ascend-fund\/\",\"name\":\"ASCEND Fund - People&#039;s Self-Help Housing\",\"isPartOf\":{\"@id\":\"https:\/\/www.pshhc.org\/#website\"},\"primaryImageOfPage\":{\"@id\":\"https:\/\/www.pshhc.org\/ascend-fund\/#primaryimage\"},\"image\":{\"@id\":\"https:\/\/www.pshhc.org\/ascend-fund\/#primaryimage\"},\"thumbnailUrl\":\"https:\/\/www.pshhc.org\/wp-content\/uploads\/2024\/12\/Website-Hero-Images.png\",\"datePublished\":\"2022-10-06T22:40:25+00:00\",\"dateModified\":\"2026-02-11T22:04:58+00:00\",\"breadcrumb\":{\"@id\":\"https:\/\/www.pshhc.org\/ascend-fund\/#breadcrumb\"},\"inLanguage\":\"es\",\"potentialAction\":[{\"@type\":\"ReadAction\",\"target\":[\"https:\/\/www.pshhc.org\/ascend-fund\/\"]}]},{\"@type\":\"ImageObject\",\"inLanguage\":\"es\",\"@id\":\"https:\/\/www.pshhc.org\/ascend-fund\/#primaryimage\",\"url\":\"https:\/\/www.pshhc.org\/wp-content\/uploads\/2024\/12\/Website-Hero-Images.png\",\"contentUrl\":\"https:\/\/www.pshhc.org\/wp-content\/uploads\/2024\/12\/Website-Hero-Images.png\",\"width\":1920,\"height\":1080},{\"@type\":\"BreadcrumbList\",\"@id\":\"https:\/\/www.pshhc.org\/ascend-fund\/#breadcrumb\",\"itemListElement\":[{\"@type\":\"ListItem\",\"position\":1,\"name\":\"Home\",\"item\":\"https:\/\/www.pshhc.org\/\"},{\"@type\":\"ListItem\",\"position\":2,\"name\":\"ASCEND Fund\"}]},{\"@type\":\"WebSite\",\"@id\":\"https:\/\/www.pshhc.org\/#website\",\"url\":\"https:\/\/www.pshhc.org\/\",\"name\":\"People&#039;s Self-Help Housing\",\"description\":\"People&#039;s Self-Help Housing\",\"potentialAction\":[{\"@type\":\"SearchAction\",\"target\":{\"@type\":\"EntryPoint\",\"urlTemplate\":\"https:\/\/www.pshhc.org\/?s={search_term_string}\"},\"query-input\":{\"@type\":\"PropertyValueSpecification\",\"valueRequired\":true,\"valueName\":\"search_term_string\"}}],\"inLanguage\":\"es\"}]}<\/script>\n<!-- \/ Yoast SEO plugin. -->","yoast_head_json":{"title":"ASCEND Fund - People&#039;s Self-Help Housing","description":"The ASCEND Fund Our ASCEND Fund supports residents who are ready to pursue entrepreneurship, leadership, educational opportunities, and personal growth. ASCEND reflects the path residents take as they build confidence,","robots":{"index":"index","follow":"follow","max-snippet":"max-snippet:-1","max-image-preview":"max-image-preview:large","max-video-preview":"max-video-preview:-1"},"canonical":"https:\/\/www.pshhc.org\/es\/ascend-fund\/","og_locale":"es_MX","og_type":"article","og_title":"ASCEND Fund - People&#039;s Self-Help Housing","og_url":"https:\/\/www.pshhc.org\/es\/ascend-fund\/","og_site_name":"People&#039;s Self-Help Housing","article_modified_time":"2026-02-11T22:04:58+00:00","og_image":[{"width":1024,"height":576,"url":"https:\/\/www.pshhc.org\/wp-content\/uploads\/2024\/12\/Website-Hero-Images-1024x576.png","type":"image\/png"}],"twitter_card":"summary_large_image","twitter_misc":{"Tiempo de lectura":"3 minutos"},"schema":{"@context":"https:\/\/schema.org","@graph":[{"@type":"WebPage","@id":"https:\/\/www.pshhc.org\/ascend-fund\/","url":"https:\/\/www.pshhc.org\/ascend-fund\/","name":"ASCEND Fund - People&#039;s Self-Help Housing","isPartOf":{"@id":"https:\/\/www.pshhc.org\/#website"},"primaryImageOfPage":{"@id":"https:\/\/www.pshhc.org\/ascend-fund\/#primaryimage"},"image":{"@id":"https:\/\/www.pshhc.org\/ascend-fund\/#primaryimage"},"thumbnailUrl":"https:\/\/www.pshhc.org\/wp-content\/uploads\/2024\/12\/Website-Hero-Images.png","datePublished":"2022-10-06T22:40:25+00:00","dateModified":"2026-02-11T22:04:58+00:00","breadcrumb":{"@id":"https:\/\/www.pshhc.org\/ascend-fund\/#breadcrumb"},"inLanguage":"es","potentialAction":[{"@type":"ReadAction","target":["https:\/\/www.pshhc.org\/ascend-fund\/"]}]},{"@type":"ImageObject","inLanguage":"es","@id":"https:\/\/www.pshhc.org\/ascend-fund\/#primaryimage","url":"https:\/\/www.pshhc.org\/wp-content\/uploads\/2024\/12\/Website-Hero-Images.png","contentUrl":"https:\/\/www.pshhc.org\/wp-content\/uploads\/2024\/12\/Website-Hero-Images.png","width":1920,"height":1080},{"@type":"BreadcrumbList","@id":"https:\/\/www.pshhc.org\/ascend-fund\/#breadcrumb","itemListElement":[{"@type":"ListItem","position":1,"name":"Home","item":"https:\/\/www.pshhc.org\/"},{"@type":"ListItem","position":2,"name":"ASCEND Fund"}]},{"@type":"WebSite","@id":"https:\/\/www.pshhc.org\/#website","url":"https:\/\/www.pshhc.org\/","name":"Vivienda de autoayuda de People &amp; #039; s","description":"Vivienda de autoayuda de People &amp; #039; s","potentialAction":[{"@type":"SearchAction","target":{"@type":"EntryPoint","urlTemplate":"https:\/\/www.pshhc.org\/?s={search_term_string}"},"query-input":{"@type":"PropertyValueSpecification","valueRequired":true,"valueName":"search_term_string"}}],"inLanguage":"es"}]}},"jetpack_sharing_enabled":true,"_links":{"self":[{"href":"https:\/\/www.pshhc.org\/es\/wp-json\/wp\/v2\/pages\/61140","targetHints":{"allow":["GET"]}}],"collection":[{"href":"https:\/\/www.pshhc.org\/es\/wp-json\/wp\/v2\/pages"}],"about":[{"href":"https:\/\/www.pshhc.org\/es\/wp-json\/wp\/v2\/types\/page"}],"author":[{"embeddable":true,"href":"https:\/\/www.pshhc.org\/es\/wp-json\/wp\/v2\/users\/1105"}],"replies":[{"embeddable":true,"href":"https:\/\/www.pshhc.org\/es\/wp-json\/wp\/v2\/comments?post=61140"}],"version-history":[{"count":28,"href":"https:\/\/www.pshhc.org\/es\/wp-json\/wp\/v2\/pages\/61140\/revisions"}],"predecessor-version":[{"id":140347,"href":"https:\/\/www.pshhc.org\/es\/wp-json\/wp\/v2\/pages\/61140\/revisions\/140347"}],"wp:featuredmedia":[{"embeddable":true,"href":"https:\/\/www.pshhc.org\/es\/wp-json\/wp\/v2\/media\/137805"}],"wp:attachment":[{"href":"https:\/\/www.pshhc.org\/es\/wp-json\/wp\/v2\/media?parent=61140"}],"curies":[{"name":"gracias","href":"https:\/\/api.w.org\/{rel}","templated":true}]}}