{"id":503,"date":"2019-05-28T16:47:25","date_gmt":"2019-05-28T16:47:25","guid":{"rendered":"https:\/\/www.pshhc.org\/?page_id=503"},"modified":"2026-01-26T20:31:28","modified_gmt":"2026-01-26T20:31:28","slug":"k-8","status":"publish","type":"page","link":"https:\/\/www.pshhc.org\/es\/k-8\/","title":{"rendered":"Programas K-8"},"content":{"rendered":"<div class=\"wpb-content-wrapper\"><div data-vc-full-width=\"true\" data-vc-full-width-temp=\"true\" data-vc-full-width-init=\"false\" data-vc-stretch-content=\"true\" class=\"vc_row wpb_row vc_row-fluid inner-banner vc_row-no-padding\"><div class=\"wpb_column vc_column_container vc_col-sm-12\"><div class=\"vc_column-inner\"><div class=\"wpb_wrapper\">\n\t<div  class=\"wpb_single_image wpb_content_element vc_align_center wpb_content_element  bg-image\">\n\t\t\n\t\t<figure class=\"wpb_wrapper vc_figure\">\n\t\t\t<div class=\"vc_single_image-wrapper   vc_box_border_grey\"><img loading=\"lazy\" decoding=\"async\" width=\"2560\" height=\"1497\" src=\"https:\/\/www.pshhc.org\/wp-content\/uploads\/2019\/08\/IMG_2000-e1566935066452.jpg\" class=\"vc_single_image-img attachment-full\" alt=\"\" title=\"jovencitas\" srcset=\"https:\/\/www.pshhc.org\/wp-content\/uploads\/2019\/08\/IMG_2000-e1566935066452.jpg 2560w, https:\/\/www.pshhc.org\/wp-content\/uploads\/2019\/08\/IMG_2000-e1566935066452-1536x898.jpg 1536w, https:\/\/www.pshhc.org\/wp-content\/uploads\/2019\/08\/IMG_2000-e1566935066452-2048x1198.jpg 2048w, https:\/\/www.pshhc.org\/wp-content\/uploads\/2019\/08\/IMG_2000-e1566935066452-18x12.jpg 18w, https:\/\/www.pshhc.org\/wp-content\/uploads\/2019\/08\/IMG_2000-e1566935066452-300x175.jpg 300w, https:\/\/www.pshhc.org\/wp-content\/uploads\/2019\/08\/IMG_2000-e1566935066452-768x449.jpg 768w, https:\/\/www.pshhc.org\/wp-content\/uploads\/2019\/08\/IMG_2000-e1566935066452-1024x599.jpg 1024w, https:\/\/www.pshhc.org\/wp-content\/uploads\/2019\/08\/IMG_2000-e1566935066452-600x351.jpg 600w\" sizes=\"auto, (max-width: 2560px) 100vw, 2560px\" \/><\/div>\n\t\t<\/figure>\n\t<\/div>\n<\/div><\/div><\/div><\/div><div class=\"vc_row-full-width vc_clearfix\"><\/div><div data-vc-full-width=\"true\" data-vc-full-width-temp=\"true\" data-vc-full-width-init=\"false\" data-vc-stretch-content=\"true\" class=\"vc_row wpb_row vc_row-fluid inner-housing-section vc_row-no-padding\"><div class=\"wpb_column vc_column_container vc_col-sm-12\"><div class=\"vc_column-inner\"><div class=\"wpb_wrapper\">\n\t<div class=\"wpb_text_column wpb_content_element container\" >\n\t\t<div class=\"wpb_wrapper\">\n\t\t\t<h2>Programas K-8<\/h2>\n\n\t\t<\/div>\n\t<\/div>\n<\/div><\/div><\/div><\/div><div class=\"vc_row-full-width vc_clearfix\"><\/div><div data-vc-full-width=\"true\" data-vc-full-width-temp=\"true\" data-vc-full-width-init=\"false\" data-vc-stretch-content=\"true\" class=\"vc_row wpb_row vc_row-fluid rental-housing-section wider vc_row-no-padding\"><div class=\"wpb_column vc_column_container vc_col-sm-12\"><div class=\"vc_column-inner\"><div class=\"wpb_wrapper\"><div class=\"vc_row wpb_row vc_inner vc_row-fluid container vc_column-gap-30\"><div class=\"wpb_column vc_column_container vc_col-sm-6\"><div class=\"vc_column-inner\"><div class=\"wpb_wrapper\">\n\t<div class=\"wpb_text_column wpb_content_element tal\" >\n\t\t<div class=\"wpb_wrapper\">\n\t\t\t<p>Camino Scholars apoya a estudiantes m\u00e1s j\u00f3venes con programas innovadores de desarrollo de habilidades matem\u00e1ticas y de lectoescritura. Mediante tutor\u00edas inmersivas y planes de aprendizaje personalizados, en promedio, m\u00e1s del 90% de los estudiantes mejoran su competencia lectora en dos niveles de grado durante un a\u00f1o escolar. La exploraci\u00f3n de carreras profesionales y el aprendizaje socioemocional les ayudan a ampliar sus perspectivas de mundo y a mejorar sus habilidades interpersonales. Mediante excursiones y planes de estudio inclusivos, los estudiantes interact\u00faan, exploran y comprenden mejor a personas de todos los \u00e1mbitos de la vida.<\/p>\n<p>Al ofrecer una proporci\u00f3n de 20:1 por aula, los estudiantes nunca est\u00e1n lejos del apoyo que necesitan para construir una base acad\u00e9mica s\u00f3lida.<\/p>\n\n\t\t<\/div>\n\t<\/div>\n<\/div><\/div><\/div><div class=\"wpb_column vc_column_container vc_col-sm-6\"><div class=\"vc_column-inner\"><div class=\"wpb_wrapper\">\n\t<div class=\"wpb_video_widget wpb_content_element vc_clearfix   vc_video-aspect-ratio-169 vc_video-el-width-100 vc_video-align-left\" >\n\t\t<div class=\"wpb_wrapper\">\n\t\t\t\n\t\t\t<div class=\"wpb_video_wrapper\"><iframe loading=\"lazy\" title=\"Visita al Centro de Aprendizaje Camino Scholars\" width=\"500\" height=\"281\" src=\"https:\/\/www.youtube.com\/embed\/4NNN8uopLX0?feature=oembed\" frameborder=\"0\" allow=\"accelerometer; autoplay; clipboard-write; encrypted-media; gyroscope; picture-in-picture; web-share\" referrerpolicy=\"strict-origin-when-cross-origin\" allowfullscreen><\/iframe><\/div>\n\t\t<\/div>\n\t<\/div>\n<\/div><\/div><\/div><\/div><div class=\"vc_separator wpb_content_element vc_separator_align_center vc_sep_width_90 vc_sep_pos_align_center vc_separator_no_text vc_sep_color_grey wpb_content_element  wpb_content_element\" ><span class=\"vc_sep_holder vc_sep_holder_l\"><span class=\"vc_sep_line\"><\/span><\/span><span class=\"vc_sep_holder vc_sep_holder_r\"><span class=\"vc_sep_line\"><\/span><\/span>\n<\/div><div class=\"vc_row wpb_row vc_inner vc_row-fluid container vc_column-gap-30\"><div class=\"wpb_column vc_column_container vc_col-sm-4\"><div class=\"vc_column-inner\"><div class=\"wpb_wrapper\">\n\t<div  class=\"wpb_single_image wpb_content_element vc_align_left wpb_content_element\">\n\t\t\n\t\t<figure class=\"wpb_wrapper vc_figure\">\n\t\t\t<div class=\"vc_single_image-wrapper   vc_box_border_grey\"><img loading=\"lazy\" decoding=\"async\" width=\"800\" height=\"800\" src=\"https:\/\/www.pshhc.org\/wp-content\/uploads\/2024\/12\/K-8.png\" class=\"vc_single_image-img attachment-full\" alt=\"\" title=\"K-8\" srcset=\"https:\/\/www.pshhc.org\/wp-content\/uploads\/2024\/12\/K-8.png 800w, https:\/\/www.pshhc.org\/wp-content\/uploads\/2024\/12\/K-8-300x300.png 300w, https:\/\/www.pshhc.org\/wp-content\/uploads\/2024\/12\/K-8-150x150.png 150w, https:\/\/www.pshhc.org\/wp-content\/uploads\/2024\/12\/K-8-768x768.png 768w, https:\/\/www.pshhc.org\/wp-content\/uploads\/2024\/12\/K-8-12x12.png 12w, https:\/\/www.pshhc.org\/wp-content\/uploads\/2024\/12\/K-8-600x600.png 600w, https:\/\/www.pshhc.org\/wp-content\/uploads\/2024\/12\/K-8-125x125.png 125w, https:\/\/www.pshhc.org\/wp-content\/uploads\/2024\/12\/K-8-450x450.png 450w\" sizes=\"auto, (max-width: 800px) 100vw, 800px\" \/><\/div>\n\t\t<\/figure>\n\t<\/div>\n<\/div><\/div><\/div><div class=\"wpb_column vc_column_container vc_col-sm-4\"><div class=\"vc_column-inner\"><div class=\"wpb_wrapper\">\n\t<div  class=\"wpb_single_image wpb_content_element vc_align_left wpb_content_element\">\n\t\t\n\t\t<figure class=\"wpb_wrapper vc_figure\">\n\t\t\t<div class=\"vc_single_image-wrapper   vc_box_border_grey\"><img loading=\"lazy\" decoding=\"async\" width=\"800\" height=\"800\" src=\"https:\/\/www.pshhc.org\/wp-content\/uploads\/2024\/12\/K-8-2.png\" class=\"vc_single_image-img attachment-full\" alt=\"\" title=\"K-8 (2)\" srcset=\"https:\/\/www.pshhc.org\/wp-content\/uploads\/2024\/12\/K-8-2.png 800w, https:\/\/www.pshhc.org\/wp-content\/uploads\/2024\/12\/K-8-2-300x300.png 300w, https:\/\/www.pshhc.org\/wp-content\/uploads\/2024\/12\/K-8-2-150x150.png 150w, https:\/\/www.pshhc.org\/wp-content\/uploads\/2024\/12\/K-8-2-768x768.png 768w, https:\/\/www.pshhc.org\/wp-content\/uploads\/2024\/12\/K-8-2-12x12.png 12w, https:\/\/www.pshhc.org\/wp-content\/uploads\/2024\/12\/K-8-2-600x600.png 600w, https:\/\/www.pshhc.org\/wp-content\/uploads\/2024\/12\/K-8-2-125x125.png 125w, https:\/\/www.pshhc.org\/wp-content\/uploads\/2024\/12\/K-8-2-450x450.png 450w\" sizes=\"auto, (max-width: 800px) 100vw, 800px\" \/><\/div>\n\t\t<\/figure>\n\t<\/div>\n<\/div><\/div><\/div><div class=\"wpb_column vc_column_container vc_col-sm-4\"><div class=\"vc_column-inner\"><div class=\"wpb_wrapper\">\n\t<div  class=\"wpb_single_image wpb_content_element vc_align_left wpb_content_element\">\n\t\t\n\t\t<figure class=\"wpb_wrapper vc_figure\">\n\t\t\t<div class=\"vc_single_image-wrapper   vc_box_border_grey\"><img loading=\"lazy\" decoding=\"async\" width=\"800\" height=\"800\" src=\"https:\/\/www.pshhc.org\/wp-content\/uploads\/2024\/12\/K-8-3.png\" class=\"vc_single_image-img attachment-full\" alt=\"\" title=\"K-8 (3)\" srcset=\"https:\/\/www.pshhc.org\/wp-content\/uploads\/2024\/12\/K-8-3.png 800w, https:\/\/www.pshhc.org\/wp-content\/uploads\/2024\/12\/K-8-3-300x300.png 300w, https:\/\/www.pshhc.org\/wp-content\/uploads\/2024\/12\/K-8-3-150x150.png 150w, https:\/\/www.pshhc.org\/wp-content\/uploads\/2024\/12\/K-8-3-768x768.png 768w, https:\/\/www.pshhc.org\/wp-content\/uploads\/2024\/12\/K-8-3-12x12.png 12w, https:\/\/www.pshhc.org\/wp-content\/uploads\/2024\/12\/K-8-3-600x600.png 600w, https:\/\/www.pshhc.org\/wp-content\/uploads\/2024\/12\/K-8-3-125x125.png 125w, https:\/\/www.pshhc.org\/wp-content\/uploads\/2024\/12\/K-8-3-450x450.png 450w\" sizes=\"auto, (max-width: 800px) 100vw, 800px\" \/><\/div>\n\t\t<\/figure>\n\t<\/div>\n<\/div><\/div><\/div><\/div>\n\t<div class=\"wpb_text_column wpb_content_element container\" >\n\t\t<div class=\"wpb_wrapper\">\n\t\t\t<p><em>*Todos los gr\u00e1ficos reflejan datos del a\u00f1o acad\u00e9mico anterior.<\/em><\/p>\n\n\t\t<\/div>\n\t<\/div>\n<div class=\"vc_separator wpb_content_element vc_separator_align_center vc_sep_width_90 vc_sep_pos_align_center vc_separator_no_text vc_sep_color_grey wpb_content_element  wpb_content_element\" ><span class=\"vc_sep_holder vc_sep_holder_l\"><span class=\"vc_sep_line\"><\/span><\/span><span class=\"vc_sep_holder vc_sep_holder_r\"><span class=\"vc_sep_line\"><\/span><\/span>\n<\/div><\/div><\/div><\/div><\/div><div class=\"vc_row-full-width vc_clearfix\"><\/div><div data-vc-full-width=\"true\" data-vc-full-width-temp=\"true\" data-vc-full-width-init=\"false\" data-vc-stretch-content=\"true\" class=\"vc_row wpb_row vc_row-fluid rental-housing-section wider leadership vc_row-no-padding\"><div class=\"wpb_column vc_column_container vc_col-sm-12\"><div class=\"vc_column-inner\"><div class=\"wpb_wrapper\">\n\t<div class=\"wpb_text_column wpb_content_element container\" >\n\t\t<div class=\"wpb_wrapper\">\n\t\t\t<h2 style=\"text-align: center;\"><strong>Celebrando el \u00e9xito de los estudiantes<\/strong><\/h2>\n\n\t\t<\/div>\n\t<\/div>\n\n<div class=\"vc_grid-container-wrapper vc_clearfix vc_grid-animation-fadeIn\">\n\t<div class=\"vc_grid-container vc_clearfix wpb_content_element vc_basic_grid vc_custom_1733512795255 container people-grid\" data-initial-loading-animation=\"fadeIn\" data-vc-grid-settings=\"{&quot;page_id&quot;:503,&quot;style&quot;:&quot;all&quot;,&quot;action&quot;:&quot;vc_get_vc_grid_data&quot;,&quot;shortcode_id&quot;:&quot;1769459468166-3b7b42f3-78fb-0&quot;,&quot;tag&quot;:&quot;vc_basic_grid&quot;}\" data-vc-request=\"https:\/\/www.pshhc.org\/wp-admin\/admin-ajax.php\" data-vc-post-id=\"503\" data-vc-public-nonce=\"dac173312f\">\n\t\t\n\t<\/div>\n<\/div><div class=\"ubtn-ctn-center\"><a class=\"ubtn-link ult-adjust-bottom-margin ubtn-center ubtn-custom\" href=\"https:\/\/form-renderer-app.donorperfect.io\/give\/peoples-self-help-housing\/give-today-education\" target=\"_blank\" rel=\"noopener\" ><button type=\"button\" id=\"ubtn-1205\"  class=\"ubtn ult-adjust-bottom-margin ult-responsive ubtn-custom ubtn-top-bg  none  ubtn-center   tooltip-69e4ad09336e4\"  data-hover=\"#9B0002\" data-border-color=\"\" data-bg=\"#9B0002\" data-hover-bg=\"#FFFFFF\" data-border-hover=\"\" data-shadow-hover=\"\" data-shadow-click=\"none\" data-shadow=\"\" data-shd-shadow=\"\"  data-ultimate-target='#ubtn-1205'  data-responsive-json-new='{\"font-size\":\"\",\"line-height\":\"\"}'  style=\"font-weight:normal;width:250px;min-height:50px;padding:px px;border:none;background: #9B0002;color: #FFFFFF;\"><span class=\"ubtn-hover\" style=\"background-color:#FFFFFF\"><\/span><span class=\"ubtn-data ubtn-text\" >Apoye m\u00e1s \u00e9xito<\/span><\/button><\/a><\/div><div class=\"vc_separator wpb_content_element vc_separator_align_center vc_sep_width_100 vc_sep_pos_align_center vc_separator_no_text vc_sep_color_grey wpb_content_element  wpb_content_element container\" ><span class=\"vc_sep_holder vc_sep_holder_l\"><span class=\"vc_sep_line\"><\/span><\/span><span class=\"vc_sep_holder vc_sep_holder_r\"><span class=\"vc_sep_line\"><\/span><\/span>\n<\/div>\n\t<div class=\"wpb_text_column wpb_content_element container\" >\n\t\t<div class=\"wpb_wrapper\">\n\t\t\t<p class=\"xmsonormal\" style=\"text-align: center;\"><em>En agradecimiento por compartir su historia, todos los estudiantes mencionados recibieron una tarjeta de regalo. La financiaci\u00f3n de las historias de \u00e9xito est\u00e1 generosamente patrocinada por:<\/em><br \/>\n<img loading=\"lazy\" decoding=\"async\" class=\"alignnone size-medium wp-image-139701\" src=\"https:\/\/www.pshhc.org\/wp-content\/uploads\/2025\/12\/JPMorgan-Chase-Logo-SVG-desktop-e1764718122998-300x66.jpg\" alt=\"\" width=\"300\" height=\"66\" srcset=\"https:\/\/www.pshhc.org\/wp-content\/uploads\/2025\/12\/JPMorgan-Chase-Logo-SVG-desktop-e1764718122998-300x66.jpg 300w, https:\/\/www.pshhc.org\/wp-content\/uploads\/2025\/12\/JPMorgan-Chase-Logo-SVG-desktop-e1764718122998-1024x225.jpg 1024w, https:\/\/www.pshhc.org\/wp-content\/uploads\/2025\/12\/JPMorgan-Chase-Logo-SVG-desktop-e1764718122998-768x169.jpg 768w, https:\/\/www.pshhc.org\/wp-content\/uploads\/2025\/12\/JPMorgan-Chase-Logo-SVG-desktop-e1764718122998-18x4.jpg 18w, https:\/\/www.pshhc.org\/wp-content\/uploads\/2025\/12\/JPMorgan-Chase-Logo-SVG-desktop-e1764718122998.jpg 1200w\" sizes=\"auto, (max-width: 300px) 100vw, 300px\" \/><\/p>\n\n\t\t<\/div>\n\t<\/div>\n<\/div><\/div><\/div><\/div><div class=\"vc_row-full-width vc_clearfix\"><\/div>\n<\/div>","protected":false},"excerpt":{"rendered":"Programas K-8. Camino Scholars apoya a estudiantes m\u00e1s j\u00f3venes con programas innovadores para el desarrollo de habilidades matem\u00e1ticas y de lectoescritura. Mediante tutor\u00edas inmersivas y planes de aprendizaje personalizados, en promedio, m\u00e1s del 90% de los estudiantes mejoran su competencia lectora en dos niveles de grado durante un a\u00f1o escolar. La exploraci\u00f3n de carreras profesionales y el aprendizaje socioemocional les ayudan a ampliar sus perspectivas del mundo y a mejorar sus habilidades interpersonales. A trav\u00e9s de...  <a class=\"excerpt-read-more\" href=\"https:\/\/www.pshhc.org\/es\/k-8\/\" title=\"Leer programas K-8\">Leer m\u00e1s &quot;<\/a>","protected":false},"author":1102,"featured_media":1516,"parent":0,"menu_order":0,"comment_status":"closed","ping_status":"closed","template":"page-wide.php","meta":{"_acf_changed":false,"footnotes":""},"class_list":["post-503","page","type-page","status-publish","has-post-thumbnail","hentry"],"acf":[],"yoast_head":"<!-- This site is optimized with the Yoast SEO plugin v26.9 - https:\/\/yoast.com\/product\/yoast-seo-wordpress\/ -->\n<title>K-8 Programs - People&#039;s Self-Help Housing<\/title>\n<meta name=\"description\" content=\"K-8 Programs Camino Scholars supports younger students with innovative math and literacy skill-building programs. Through immersive tutoring and personalized learning plans, on average, over 90% of students improve their reading\" \/>\n<meta name=\"robots\" content=\"index, follow, max-snippet:-1, max-image-preview:large, max-video-preview:-1\" \/>\n<link rel=\"canonical\" href=\"https:\/\/www.pshhc.org\/es\/k-8\/\" \/>\n<meta property=\"og:locale\" content=\"es_MX\" \/>\n<meta property=\"og:type\" content=\"article\" \/>\n<meta property=\"og:title\" content=\"K-8 Programs - People&#039;s Self-Help Housing\" \/>\n<meta property=\"og:url\" content=\"https:\/\/www.pshhc.org\/es\/k-8\/\" \/>\n<meta property=\"og:site_name\" content=\"People&#039;s Self-Help Housing\" \/>\n<meta property=\"article:modified_time\" content=\"2026-01-26T20:31:28+00:00\" \/>\n<meta property=\"og:image\" content=\"https:\/\/www.pshhc.org\/wp-content\/uploads\/2019\/08\/IMG_2000-e1566935066452.jpg\" \/>\n\t<meta property=\"og:image:width\" content=\"2560\" \/>\n\t<meta property=\"og:image:height\" content=\"1497\" \/>\n\t<meta property=\"og:image:type\" content=\"image\/jpeg\" \/>\n<meta name=\"twitter:card\" content=\"summary_large_image\" \/>\n<meta name=\"twitter:label1\" content=\"Tiempo de lectura\" \/>\n\t<meta name=\"twitter:data1\" content=\"3 minutos\" \/>\n<script type=\"application\/ld+json\" class=\"yoast-schema-graph\">{\"@context\":\"https:\/\/schema.org\",\"@graph\":[{\"@type\":\"WebPage\",\"@id\":\"https:\/\/www.pshhc.org\/k-8\/\",\"url\":\"https:\/\/www.pshhc.org\/k-8\/\",\"name\":\"K-8 Programs - People&#039;s Self-Help Housing\",\"isPartOf\":{\"@id\":\"https:\/\/www.pshhc.org\/#website\"},\"primaryImageOfPage\":{\"@id\":\"https:\/\/www.pshhc.org\/k-8\/#primaryimage\"},\"image\":{\"@id\":\"https:\/\/www.pshhc.org\/k-8\/#primaryimage\"},\"thumbnailUrl\":\"https:\/\/www.pshhc.org\/wp-content\/uploads\/2019\/08\/IMG_2000-e1566935066452.jpg\",\"datePublished\":\"2019-05-28T16:47:25+00:00\",\"dateModified\":\"2026-01-26T20:31:28+00:00\",\"breadcrumb\":{\"@id\":\"https:\/\/www.pshhc.org\/k-8\/#breadcrumb\"},\"inLanguage\":\"es\",\"potentialAction\":[{\"@type\":\"ReadAction\",\"target\":[\"https:\/\/www.pshhc.org\/k-8\/\"]}]},{\"@type\":\"ImageObject\",\"inLanguage\":\"es\",\"@id\":\"https:\/\/www.pshhc.org\/k-8\/#primaryimage\",\"url\":\"https:\/\/www.pshhc.org\/wp-content\/uploads\/2019\/08\/IMG_2000-e1566935066452.jpg\",\"contentUrl\":\"https:\/\/www.pshhc.org\/wp-content\/uploads\/2019\/08\/IMG_2000-e1566935066452.jpg\",\"width\":2560,\"height\":1497},{\"@type\":\"BreadcrumbList\",\"@id\":\"https:\/\/www.pshhc.org\/k-8\/#breadcrumb\",\"itemListElement\":[{\"@type\":\"ListItem\",\"position\":1,\"name\":\"Home\",\"item\":\"https:\/\/www.pshhc.org\/\"},{\"@type\":\"ListItem\",\"position\":2,\"name\":\"K-8 Programs\"}]},{\"@type\":\"WebSite\",\"@id\":\"https:\/\/www.pshhc.org\/#website\",\"url\":\"https:\/\/www.pshhc.org\/\",\"name\":\"People&#039;s Self-Help Housing\",\"description\":\"People&#039;s Self-Help Housing\",\"potentialAction\":[{\"@type\":\"SearchAction\",\"target\":{\"@type\":\"EntryPoint\",\"urlTemplate\":\"https:\/\/www.pshhc.org\/?s={search_term_string}\"},\"query-input\":{\"@type\":\"PropertyValueSpecification\",\"valueRequired\":true,\"valueName\":\"search_term_string\"}}],\"inLanguage\":\"es\"}]}<\/script>\n<!-- \/ Yoast SEO plugin. -->","yoast_head_json":{"title":"Programas K-8 - Vivienda de autoayuda para personas","description":"Programas K-8. Camino Scholars apoya a estudiantes m\u00e1s j\u00f3venes con programas innovadores para el desarrollo de habilidades matem\u00e1ticas y de lectoescritura. Mediante tutor\u00edas inmersivas y planes de aprendizaje personalizados, en promedio, m\u00e1s del 90% de los estudiantes mejoran su lectura.","robots":{"index":"index","follow":"follow","max-snippet":"max-snippet:-1","max-image-preview":"max-image-preview:large","max-video-preview":"max-video-preview:-1"},"canonical":"https:\/\/www.pshhc.org\/es\/k-8\/","og_locale":"es_MX","og_type":"article","og_title":"K-8 Programs - People&#039;s Self-Help Housing","og_url":"https:\/\/www.pshhc.org\/es\/k-8\/","og_site_name":"People&#039;s Self-Help Housing","article_modified_time":"2026-01-26T20:31:28+00:00","og_image":[{"width":2560,"height":1497,"url":"https:\/\/www.pshhc.org\/wp-content\/uploads\/2019\/08\/IMG_2000-e1566935066452.jpg","type":"image\/jpeg"}],"twitter_card":"summary_large_image","twitter_misc":{"Tiempo de lectura":"3 minutos"},"schema":{"@context":"https:\/\/schema.org","@graph":[{"@type":"WebPage","@id":"https:\/\/www.pshhc.org\/k-8\/","url":"https:\/\/www.pshhc.org\/k-8\/","name":"Programas K-8 - Vivienda de autoayuda para personas","isPartOf":{"@id":"https:\/\/www.pshhc.org\/#website"},"primaryImageOfPage":{"@id":"https:\/\/www.pshhc.org\/k-8\/#primaryimage"},"image":{"@id":"https:\/\/www.pshhc.org\/k-8\/#primaryimage"},"thumbnailUrl":"https:\/\/www.pshhc.org\/wp-content\/uploads\/2019\/08\/IMG_2000-e1566935066452.jpg","datePublished":"2019-05-28T16:47:25+00:00","dateModified":"2026-01-26T20:31:28+00:00","breadcrumb":{"@id":"https:\/\/www.pshhc.org\/k-8\/#breadcrumb"},"inLanguage":"es","potentialAction":[{"@type":"ReadAction","target":["https:\/\/www.pshhc.org\/k-8\/"]}]},{"@type":"ImageObject","inLanguage":"es","@id":"https:\/\/www.pshhc.org\/k-8\/#primaryimage","url":"https:\/\/www.pshhc.org\/wp-content\/uploads\/2019\/08\/IMG_2000-e1566935066452.jpg","contentUrl":"https:\/\/www.pshhc.org\/wp-content\/uploads\/2019\/08\/IMG_2000-e1566935066452.jpg","width":2560,"height":1497},{"@type":"BreadcrumbList","@id":"https:\/\/www.pshhc.org\/k-8\/#breadcrumb","itemListElement":[{"@type":"ListItem","position":1,"name":"Home","item":"https:\/\/www.pshhc.org\/"},{"@type":"ListItem","position":2,"name":"K-8 Programs"}]},{"@type":"WebSite","@id":"https:\/\/www.pshhc.org\/#website","url":"https:\/\/www.pshhc.org\/","name":"Vivienda de autoayuda de People &amp; #039; s","description":"Vivienda de autoayuda de People &amp; #039; s","potentialAction":[{"@type":"SearchAction","target":{"@type":"EntryPoint","urlTemplate":"https:\/\/www.pshhc.org\/?s={search_term_string}"},"query-input":{"@type":"PropertyValueSpecification","valueRequired":true,"valueName":"search_term_string"}}],"inLanguage":"es"}]}},"jetpack_sharing_enabled":true,"_links":{"self":[{"href":"https:\/\/www.pshhc.org\/es\/wp-json\/wp\/v2\/pages\/503","targetHints":{"allow":["GET"]}}],"collection":[{"href":"https:\/\/www.pshhc.org\/es\/wp-json\/wp\/v2\/pages"}],"about":[{"href":"https:\/\/www.pshhc.org\/es\/wp-json\/wp\/v2\/types\/page"}],"author":[{"embeddable":true,"href":"https:\/\/www.pshhc.org\/es\/wp-json\/wp\/v2\/users\/1102"}],"replies":[{"embeddable":true,"href":"https:\/\/www.pshhc.org\/es\/wp-json\/wp\/v2\/comments?post=503"}],"version-history":[{"count":38,"href":"https:\/\/www.pshhc.org\/es\/wp-json\/wp\/v2\/pages\/503\/revisions"}],"predecessor-version":[{"id":139889,"href":"https:\/\/www.pshhc.org\/es\/wp-json\/wp\/v2\/pages\/503\/revisions\/139889"}],"wp:featuredmedia":[{"embeddable":true,"href":"https:\/\/www.pshhc.org\/es\/wp-json\/wp\/v2\/media\/1516"}],"wp:attachment":[{"href":"https:\/\/www.pshhc.org\/es\/wp-json\/wp\/v2\/media?parent=503"}],"curies":[{"name":"gracias","href":"https:\/\/api.w.org\/{rel}","templated":true}]}}