{"id":5027,"date":"2020-06-02T19:32:16","date_gmt":"2020-06-02T19:32:16","guid":{"rendered":"https:\/\/www.pshhc.org\/?page_id=5027"},"modified":"2026-01-05T17:50:27","modified_gmt":"2026-01-05T17:50:27","slug":"resident-portals","status":"publish","type":"page","link":"https:\/\/www.pshhc.org\/es\/resident-portals\/","title":{"rendered":"Portales para residentes"},"content":{"rendered":"<div class=\"wpb-content-wrapper\"><div data-vc-full-width=\"true\" data-vc-full-width-temp=\"true\" data-vc-full-width-init=\"false\" data-vc-stretch-content=\"true\" class=\"vc_row wpb_row vc_row-fluid inner-banner vc_row-no-padding\"><div class=\"wpb_column vc_column_container vc_col-sm-12\"><div class=\"vc_column-inner\"><div class=\"wpb_wrapper\">\n\t<div  class=\"wpb_single_image wpb_content_element vc_align_center wpb_content_element  bg-image\">\n\t\t\n\t\t<figure class=\"wpb_wrapper vc_figure\">\n\t\t\t<div class=\"vc_single_image-wrapper   vc_box_border_grey\"><img loading=\"lazy\" decoding=\"async\" width=\"2560\" height=\"1465\" src=\"https:\/\/www.pshhc.org\/wp-content\/uploads\/2020\/06\/MG_2091-scaled-e1591128938472.jpg\" class=\"vc_single_image-img attachment-full\" alt=\"\" title=\"portales-residentes\" srcset=\"https:\/\/www.pshhc.org\/wp-content\/uploads\/2020\/06\/MG_2091-scaled-e1591128938472.jpg 2560w, https:\/\/www.pshhc.org\/wp-content\/uploads\/2020\/06\/MG_2091-scaled-e1591128938472-18x10.jpg 18w, https:\/\/www.pshhc.org\/wp-content\/uploads\/2020\/06\/MG_2091-scaled-e1591128938472-300x172.jpg 300w, https:\/\/www.pshhc.org\/wp-content\/uploads\/2020\/06\/MG_2091-scaled-e1591128938472-768x440.jpg 768w, https:\/\/www.pshhc.org\/wp-content\/uploads\/2020\/06\/MG_2091-scaled-e1591128938472-1024x586.jpg 1024w, https:\/\/www.pshhc.org\/wp-content\/uploads\/2020\/06\/MG_2091-scaled-e1591128938472-1536x879.jpg 1536w, https:\/\/www.pshhc.org\/wp-content\/uploads\/2020\/06\/MG_2091-scaled-e1591128938472-2048x1172.jpg 2048w, https:\/\/www.pshhc.org\/wp-content\/uploads\/2020\/06\/MG_2091-scaled-e1591128938472-600x343.jpg 600w\" sizes=\"auto, (max-width: 2560px) 100vw, 2560px\" \/><\/div>\n\t\t<\/figure>\n\t<\/div>\n<\/div><\/div><\/div><\/div><div class=\"vc_row-full-width vc_clearfix\"><\/div><div data-vc-full-width=\"true\" data-vc-full-width-temp=\"true\" data-vc-full-width-init=\"false\" data-vc-stretch-content=\"true\" class=\"vc_row wpb_row vc_row-fluid inner-housing-section vc_row-no-padding\"><div class=\"wpb_column vc_column_container vc_col-sm-12\"><div class=\"vc_column-inner\"><div class=\"wpb_wrapper\">\n\t<div class=\"wpb_text_column wpb_content_element container\" >\n\t\t<div class=\"wpb_wrapper\">\n\t\t\t<h2>Portales para residentes y pago de alquiler<\/h2>\n\n\t\t<\/div>\n\t<\/div>\n<\/div><\/div><\/div><\/div><div class=\"vc_row-full-width vc_clearfix\"><\/div><div class=\"vc_row wpb_row vc_row-fluid rental-housing-section\"><div class=\"wpb_column vc_column_container vc_col-sm-12\"><div class=\"vc_column-inner\"><div class=\"wpb_wrapper\">\n\t<div class=\"wpb_text_column wpb_content_element container\" >\n\t\t<div class=\"wpb_wrapper\">\n\t\t\t<p style=\"text-align: center;\">Su Portal para Residentes es una forma c\u00f3moda de pagar el alquiler, enviar solicitudes de mantenimiento y mucho m\u00e1s. Si necesita ayuda para acceder a su portal, comun\u00edquese con su administrador de propiedades.<\/p>\n\n\t\t<\/div>\n\t<\/div>\n<div class=\"vc_empty_space\"   style=\"height: 8px\"><span class=\"vc_empty_space_inner\"><\/span><\/div><\/div><\/div><\/div><\/div><div data-vc-full-width=\"true\" data-vc-full-width-temp=\"true\" data-vc-full-width-init=\"false\" data-vc-stretch-content=\"true\" class=\"vc_row wpb_row vc_row-fluid rental-housing-section vc_custom_1698436950409 vc_column-gap-10 vc_row-no-padding\"><div class=\"wpb_column vc_column_container vc_col-sm-3\"><div class=\"vc_column-inner\"><div class=\"wpb_wrapper\"><\/div><\/div><\/div><div class=\"wpb_column vc_column_container vc_col-sm-3\"><div class=\"vc_column-inner\"><div class=\"wpb_wrapper\">\n\t<div class=\"wpb_text_column wpb_content_element container\" >\n\t\t<div class=\"wpb_wrapper\">\n\t\t\t<h5 style=\"text-align: left;\"><strong><a href=\"https:\/\/www.rentcafe.com\/residentservices\/atascadero-gardens\/userlogin.aspx\">Atascadero Gardens<\/a><\/strong><\/h5>\n<h5 style=\"text-align: left;\"><strong><a href=\"https:\/\/www.rentcafe.com\/residentservices\/belridge-street\/userlogin.aspx\">Belridge Street Apartments<\/a><\/strong><\/h5>\n<h5 style=\"text-align: left;\"><strong><a href=\"https:\/\/www.rentcafe.com\/residentservices\/brizzolara-street-apartments\/userlogin.aspx\">Brizzolara Street Apartments<\/a><\/strong><\/h5>\n<h5 style=\"text-align: left;\"><a href=\"https:\/\/broad-street-place-rentcafewebsite.securecafe.com\/residentservices\/broad-street-place\/userlogin.aspx\" target=\"_blank\" rel=\"noopener\"><strong>Plaza de la calle ancha<\/strong><\/a><\/h5>\n<h5 style=\"text-align: left;\"><strong><a href=\"https:\/\/www.rentcafe.com\/residentservices\/canyon-creek-apts\/userlogin.aspx\">Canyon Creek Apartments<\/a><\/strong><\/h5>\n<h5 style=\"text-align: left;\"><strong><a href=\"https:\/\/casas-de-las-flores-rentcafewebsite.securecafe.com\/residentservices\/casas-de-las-flores\/userlogin.aspx\">Casas de las Flores<\/a><\/strong><\/h5>\n<h5 style=\"text-align: left;\"><strong><a href=\"https:\/\/casas-de-los-carneros-rentcafewebsite.securecafe.com\/residentservices\/casas-de-los-carneros\/userlogin.aspx\">Casas de los Carneros<\/a><\/strong><\/h5>\n<h5 style=\"text-align: left;\"><strong><a href=\"https:\/\/www.rentcafe.com\/residentservices\/casas-las-granadas\/userlogin.aspx\">Casas las Granadas<\/a><\/strong><\/h5>\n<h5 style=\"text-align: left;\"><strong><a href=\"https:\/\/www.rentcafe.com\/residentservices\/cawelti-court\/userlogin.aspx\">Cawelti Court<\/a><\/strong><\/h5>\n<h5 style=\"text-align: left;\"><strong><a href=\"https:\/\/www.rentcafe.com\/residentservices\/chapel-court\/userlogin.aspx\">Chapel Court<\/a><\/strong><\/h5>\n<h5 style=\"text-align: left;\"><strong><a href=\"https:\/\/www.rentcafe.com\/residentservices\/college-park\/userlogin.aspx\">College Park<\/a><\/strong><\/h5>\n<h5 style=\"text-align: left;\"><strong><a href=\"https:\/\/courtland-street-apartments-rentcafewebsite.securecafe.com\/residentservices\/courtland-street-apartments\/userlogin.aspx\">Courtland Street Apartments<\/a><\/strong><\/h5>\n<h5 style=\"text-align: left;\"><strong><a href=\"https:\/\/www.rentcafe.com\/residentservices\/creekside-gardens\/userlogin.aspx\">Creekside Gardens<\/a><\/strong><\/h5>\n<h5 style=\"text-align: left;\"><strong><a href=\"https:\/\/creston-garden-rentcafewebsite.securecafe.com\/residentservices\/creston-garden\/userlogin.aspx\">Creston Garden Apartments<\/a><\/strong><\/h5>\n<h5 style=\"text-align: left;\"><strong><a href=\"https:\/\/www.rentcafe.com\/residentservices\/dahlia-court\/userlogin.aspx\">Dahlia Court<\/a><\/strong><\/h5>\n<h5 style=\"text-align: left;\"><strong><a href=\"https:\/\/www.rentcafe.com\/residentservices\/dahlia-court\/userlogin.aspx\">Dahlia Court\u00a0<\/a><\/strong><strong style=\"font-size: 0.846em;\"><a href=\"https:\/\/www.rentcafe.com\/residentservices\/dahlia-court\/userlogin.aspx\">I<\/a><\/strong><strong style=\"color: inherit; font-size: 0.846em;\"><a href=\"https:\/\/www.rentcafe.com\/residentservices\/dahlia-court\/userlogin.aspx\">I<\/a><\/strong><\/h5>\n<h5 style=\"text-align: left;\"><strong><a href=\"https:\/\/www.rentcafe.com\/residentservices\/el-patio-hotel\/userlogin.aspx\">El Patio Hotel<\/a><\/strong><\/h5>\n<h5 style=\"text-align: left;\"><strong><a href=\"https:\/\/www.rentcafe.com\/residentservices\/ellwood-apts\/userlogin.aspx\">Ellwood Apartments<\/a><\/strong><\/h5>\n<h5 style=\"text-align: left;\"><strong><a href=\"https:\/\/guadalupe-court-apartments-rentcafewebsite.securecafe.com\/residentservices\/guadalupe-court-apartments\/userlogin.aspx\">Guadalupe Court<\/a><\/strong><\/h5>\n<h5 style=\"text-align: left;\"><strong><a href=\"https:\/\/www.rentcafe.com\/residentservices\/isla-vista-apts\/userlogin.aspx\">Isla Vista Apartments<\/a><\/strong><\/h5>\n<h5 style=\"text-align: left;\"><strong><a href=\"https:\/\/jardin-de-las-rosas-rentcafewebsite.securecafe.com\/residentservices\/jardin-de-las-rosas\/userlogin.aspx\">Jardin de las Rosas<\/a><\/strong><\/h5>\n<h5 style=\"text-align: left;\"><strong><a href=\"https:\/\/www.rentcafe.com\/residentservices\/juniper-st-apts\/userlogin.aspx\">Juniper Street Apartments<\/a><\/strong><\/h5>\n<h5 style=\"text-align: left;\"><strong><a href=\"https:\/\/www.rentcafe.com\/residentservices\/la-brisa-marina\/userlogin.aspx\">La Brisa Marina<\/a><\/strong><\/h5>\n<h5 style=\"text-align: left;\"><strong><a href=\"https:\/\/www.rentcafe.com\/residentservices\/lachen-tara-apts\/userlogin.aspx\">Lachen Tara Apartments<\/a><\/strong><\/h5>\n<h5 style=\"text-align: left;\"><strong><a href=\"https:\/\/www.rentcafe.com\/residentservices\/ladera-street\/userlogin.aspx\">Ladera Street Apartments<\/a><\/strong><\/h5>\n<h5 style=\"text-align: left;\"><strong><a href=\"https:\/\/www.rentcafe.com\/residentservices\/los-adobes-de-maria\/userlogin.aspx\">Los Adobes de Maria<\/a><\/strong><\/h5>\n<h5 style=\"text-align: left;\"><strong><a href=\"https:\/\/www.rentcafe.com\/residentservices\/los-adobes-de-maria-2\/userlogin.aspx\">Los Adobes de Maria II<\/a><\/strong><\/h5>\n<h5 style=\"text-align: left;\"><strong><a href=\"https:\/\/los-adobes-de-maria-iii-rentcafewebsite.securecafe.com\/residentservices\/los-adobes-de-maria-iii\/userlogin.aspx\">Los Adobes de Maria III<\/a><\/strong><\/h5>\n<h5 style=\"text-align: left;\"><strong><a href=\"https:\/\/www.rentcafe.com\/residentservices\/los-robles-terrace\/userlogin.aspx\">Los Robles Terrace<\/a><\/strong><\/h5>\n\n\t\t<\/div>\n\t<\/div>\n<\/div><\/div><\/div><div class=\"wpb_column vc_column_container vc_col-sm-3\"><div class=\"vc_column-inner\"><div class=\"wpb_wrapper\">\n\t<div class=\"wpb_text_column wpb_content_element container\" >\n\t\t<div class=\"wpb_wrapper\">\n\t\t\t<h5 style=\"text-align: left;\"><strong><a href=\"https:\/\/www.rentcafe.com\/residentservices\/mariposa-townhome\/userlogin.aspx\">Mariposa Townhomes<\/a><\/strong><\/h5>\n<h5 style=\"text-align: left;\"><strong><a href=\"https:\/\/www.rentcafe.com\/residentservices\/oak-forest-apts\/userlogin.aspx\">Oak Forest Apartments<\/a><\/strong><\/h5>\n<h5 style=\"text-align: left;\"><strong><a href=\"https:\/\/www.rentcafe.com\/residentservices\/ocean-view-manor\/userlogin.aspx\">Ocean View Manor<\/a><\/strong><\/h5>\n<h5 style=\"text-align: left;\"><strong><a href=\"https:\/\/www.rentcafe.com\/residentservices\/oceanside-gardens\/userlogin.aspx\">Oceanside Gardens<\/a><\/strong><\/h5>\n<h5 style=\"text-align: left;\"><strong><a href=\"https:\/\/www.rentcafe.com\/residentservices\/pacific-view-apts\/userlogin.aspx\">Pacific View Apartments<\/a><\/strong><\/h5>\n<h5 style=\"text-align: left;\"><a href=\"https:\/\/people-s-place-rentcafewebsite.securecafe.com\/residentservices\/people-s-place\/userlogin.aspx\" target=\"_blank\" rel=\"noopener\"><strong>lugar de la gente<\/strong><\/a><\/h5>\n<h5 style=\"text-align: left;\"><strong><a href=\"https:\/\/pismo-creek-bungalows-rentcafewebsite.securecafe.com\/residentservices\/pismo-creek-bungalows\/userlogin.aspx\">Pismo Creek Bungalows<\/a><\/strong><\/h5>\n<h5 style=\"text-align: left;\"><a href=\"https:\/\/pismo-terrace-rentcafewebsite.securecafe.com\/residentservices\/pismo-terrace\/userlogin.aspx\" target=\"_blank\" rel=\"noopener\"><strong>Pismo Terrace<\/strong><\/a><\/h5>\n<h5 style=\"text-align: left;\"><strong><a href=\"https:\/\/www.rentcafe.com\/residentservices\/river-view-townhomes\/userlogin.aspx\">River View Townhomes<\/a><\/strong><\/h5>\n<h5 style=\"text-align: left;\"><strong><a href=\"https:\/\/www.rentcafe.com\/residentservices\/rolling-hills-apts\/userlogin.aspx\">Rolling Hills<\/a><\/strong><\/h5>\n<h5 style=\"text-align: left;\"><strong><a href=\"https:\/\/rolling-hills-apartments-ii-rentcafewebsite.securecafe.com\/residentservices\/rolling-hills-apartments-ii\/userlogin.aspx\">Rolling Hills II<\/a><\/strong><\/h5>\n<h5 style=\"text-align: left;\"><strong><a href=\"https:\/\/www.rentcafe.com\/residentservices\/south-bay-apartments-0\/userlogin.aspx\">South Bay Apartments\u00a0<\/a><\/strong><\/h5>\n<h5 style=\"text-align: left;\"><strong><a href=\"https:\/\/www.rentcafe.com\/residentservices\/sea-breeze-apts\/userlogin.aspx\">Sea Breeze Apartments<\/a><\/strong><\/h5>\n<h5 style=\"text-align: left;\"><strong><a href=\"https:\/\/www.rentcafe.com\/residentservices\/sequoia-apts\/userlogin.aspx\">Sequoia Apartments<\/a><\/strong><\/h5>\n<h5 style=\"text-align: left;\"><strong><a href=\"https:\/\/www.rentcafe.com\/residentservices\/sea-haven-apts\/userlogin.aspx\">Sea Haven Apartments<\/a><\/strong><\/h5>\n<h5 style=\"text-align: left;\"><strong><a href=\"https:\/\/www.rentcafe.com\/residentservices\/schoolhouse-lane\/userlogin.aspx\">Schoolhouse Lane Apartments<\/a><\/strong><\/h5>\n<h5 style=\"text-align: left;\"><strong><a href=\"https:\/\/sierra-madre-cottages-rentcafewebsite.securecafe.com\/residentservices\/sierra-madre-cottages\/userlogin.aspx\">Sierra Madre Cottages<\/a><\/strong><\/h5>\n<h5 style=\"text-align: left;\"><strong><a href=\"https:\/\/st-vincent-s-gardens-rentcafewebsite.securecafe.com\/residentservices\/st-vincent-s-gardens\/userlogin.aspx\">St. Vincent\u2019s Garden<\/a><\/strong><\/h5>\n<h5 style=\"text-align: left;\"><strong><a href=\"https:\/\/www.rentcafe.com\/residentservices\/storke-ranch-apts\/userlogin.aspx\">Storke Ranch Apartments<\/a><\/strong><\/h5>\n<h5 style=\"text-align: left;\"><strong><a href=\"https:\/\/www.rentcafe.com\/residentservices\/templeton-place\/userlogin.aspx\">Templeton Place Apartments<\/a><\/strong><\/h5>\n<h5 style=\"text-align: left;\"><a href=\"https:\/\/templeton-place-ii-rentcafewebsite.securecafenet.com\/residentservices\/templeton-place-ii\/userlogin\" target=\"_blank\" rel=\"noopener\"><strong>Apartamentos Templeton Place II<\/strong><\/a><\/h5>\n<h5 style=\"text-align: left;\"><a href=\"https:\/\/www.rentcafe.com\/residentservices\/tiburon-place\/userlogin\" target=\"_blank\" rel=\"noopener\"><strong>Lugar del tibur\u00f3n<\/strong><\/a><\/h5>\n<h5 style=\"text-align: left;\"><strong><a href=\"https:\/\/www.rentcafe.com\/residentservices\/valentine-court-i\/userlogin.aspx\">Valentine Court<\/a><\/strong><\/h5>\n<h5 style=\"text-align: left;\"><strong><a href=\"https:\/\/www.rentcafe.com\/residentservices\/valentine-court-ii\/userlogin.aspx\">Valentine Court II<\/a><\/strong><\/h5>\n<h5 style=\"text-align: left;\"><strong><a href=\"https:\/\/www.rentcafe.com\/residentservices\/valentine-court-iii\/userlogin.aspx\">Valentine Court III<\/a><\/strong><\/h5>\n<h5 style=\"text-align: left;\"><strong><a href=\"https:\/\/www.rentcafe.com\/residentservices\/victoria-hotel\/userlogin.aspx\">Victoria Hotel<\/a><\/strong><\/h5>\n<h5 style=\"text-align: left;\"><strong><a href=\"https:\/\/www.rentcafe.com\/residentservices\/victoria-st-bungalows\/userlogin.aspx\">Victoria Street Bungalows<\/a><\/strong><\/h5>\n<h5 style=\"text-align: left;\"><strong><a href=\"https:\/\/villa-la-esperanza-rentcafewebsite.securecafe.com\/residentservices\/villa-la-esperanza\/userlogin.aspx\">Villa La Esperanza<\/a><\/strong><\/h5>\n<h5 style=\"text-align: left;\"><strong><a href=\"https:\/\/www.rentcafe.com\/residentservices\/villas-at-higuera\/userlogin.aspx\">Villas at Higuera<\/a><\/strong><\/h5>\n\n\t\t<\/div>\n\t<\/div>\n<\/div><\/div><\/div><div class=\"wpb_column vc_column_container vc_col-sm-3\"><div class=\"vc_column-inner\"><div class=\"wpb_wrapper\"><\/div><\/div><\/div><\/div><div class=\"vc_row-full-width vc_clearfix\"><\/div>\n<\/div>","protected":false},"excerpt":{"rendered":"Portales para residentes y pago de renta. Su portal para residentes es una forma c\u00f3moda de pagar la renta, enviar solicitudes de mantenimiento y mucho m\u00e1s. Si necesita ayuda para acceder a su portal, comun\u00edquese con su administrador de propiedades. Atascadero Gardens, Apartamentos Belridge Street, Apartamentos Brizzolara Street, Broad Street Place, Apartamentos Canyon Creek, Casas de las Flores, Casas de los...  <a class=\"excerpt-read-more\" href=\"https:\/\/www.pshhc.org\/es\/resident-portals\/\" title=\"Leer portales para residentes\">Leer m\u00e1s &quot;<\/a>","protected":false},"author":1105,"featured_media":5045,"parent":0,"menu_order":0,"comment_status":"closed","ping_status":"closed","template":"page-wide.php","meta":{"_acf_changed":false,"footnotes":""},"class_list":["post-5027","page","type-page","status-publish","has-post-thumbnail","hentry"],"acf":[],"yoast_head":"<!-- This site is optimized with the Yoast SEO plugin v26.9 - https:\/\/yoast.com\/product\/yoast-seo-wordpress\/ -->\n<title>Resident Portals - People&#039;s Self-Help Housing<\/title>\n<meta name=\"description\" content=\"Please see below for access to your resident portal. For difficulty accessing your portal, please contact your property manager directly.\" \/>\n<meta name=\"robots\" content=\"index, follow, max-snippet:-1, max-image-preview:large, max-video-preview:-1\" \/>\n<link rel=\"canonical\" href=\"https:\/\/www.pshhc.org\/es\/resident-portals\/\" \/>\n<meta property=\"og:locale\" content=\"es_MX\" \/>\n<meta property=\"og:type\" content=\"article\" \/>\n<meta property=\"og:title\" content=\"Resident Portals - People&#039;s Self-Help Housing\" \/>\n<meta property=\"og:description\" content=\"Please see below for access to your resident portal. For difficulty accessing your portal, please contact your property manager directly.\" \/>\n<meta property=\"og:url\" content=\"https:\/\/www.pshhc.org\/es\/resident-portals\/\" \/>\n<meta property=\"og:site_name\" content=\"People&#039;s Self-Help Housing\" \/>\n<meta property=\"article:modified_time\" content=\"2026-01-05T17:50:27+00:00\" \/>\n<meta property=\"og:image\" content=\"https:\/\/www.pshhc.org\/wp-content\/uploads\/2020\/06\/MG_2091-scaled-e1591128938472.jpg\" \/>\n\t<meta property=\"og:image:width\" content=\"2560\" \/>\n\t<meta property=\"og:image:height\" content=\"1465\" \/>\n\t<meta property=\"og:image:type\" content=\"image\/jpeg\" \/>\n<meta name=\"twitter:card\" content=\"summary_large_image\" \/>\n<meta name=\"twitter:label1\" content=\"Tiempo de lectura\" \/>\n\t<meta name=\"twitter:data1\" content=\"2 minutos\" \/>\n<script type=\"application\/ld+json\" class=\"yoast-schema-graph\">{\"@context\":\"https:\/\/schema.org\",\"@graph\":[{\"@type\":\"WebPage\",\"@id\":\"https:\/\/www.pshhc.org\/resident-portals\/\",\"url\":\"https:\/\/www.pshhc.org\/resident-portals\/\",\"name\":\"Resident Portals - People&#039;s Self-Help Housing\",\"isPartOf\":{\"@id\":\"https:\/\/www.pshhc.org\/#website\"},\"primaryImageOfPage\":{\"@id\":\"https:\/\/www.pshhc.org\/resident-portals\/#primaryimage\"},\"image\":{\"@id\":\"https:\/\/www.pshhc.org\/resident-portals\/#primaryimage\"},\"thumbnailUrl\":\"https:\/\/www.pshhc.org\/wp-content\/uploads\/2020\/06\/MG_2091-scaled-e1591128938472.jpg\",\"datePublished\":\"2020-06-02T19:32:16+00:00\",\"dateModified\":\"2026-01-05T17:50:27+00:00\",\"description\":\"Please see below for access to your resident portal. For difficulty accessing your portal, please contact your property manager directly.\",\"breadcrumb\":{\"@id\":\"https:\/\/www.pshhc.org\/resident-portals\/#breadcrumb\"},\"inLanguage\":\"es\",\"potentialAction\":[{\"@type\":\"ReadAction\",\"target\":[\"https:\/\/www.pshhc.org\/resident-portals\/\"]}]},{\"@type\":\"ImageObject\",\"inLanguage\":\"es\",\"@id\":\"https:\/\/www.pshhc.org\/resident-portals\/#primaryimage\",\"url\":\"https:\/\/www.pshhc.org\/wp-content\/uploads\/2020\/06\/MG_2091-scaled-e1591128938472.jpg\",\"contentUrl\":\"https:\/\/www.pshhc.org\/wp-content\/uploads\/2020\/06\/MG_2091-scaled-e1591128938472.jpg\",\"width\":2560,\"height\":1465},{\"@type\":\"BreadcrumbList\",\"@id\":\"https:\/\/www.pshhc.org\/resident-portals\/#breadcrumb\",\"itemListElement\":[{\"@type\":\"ListItem\",\"position\":1,\"name\":\"Home\",\"item\":\"https:\/\/www.pshhc.org\/\"},{\"@type\":\"ListItem\",\"position\":2,\"name\":\"Resident Portals\"}]},{\"@type\":\"WebSite\",\"@id\":\"https:\/\/www.pshhc.org\/#website\",\"url\":\"https:\/\/www.pshhc.org\/\",\"name\":\"People&#039;s Self-Help Housing\",\"description\":\"People&#039;s Self-Help Housing\",\"potentialAction\":[{\"@type\":\"SearchAction\",\"target\":{\"@type\":\"EntryPoint\",\"urlTemplate\":\"https:\/\/www.pshhc.org\/?s={search_term_string}\"},\"query-input\":{\"@type\":\"PropertyValueSpecification\",\"valueRequired\":true,\"valueName\":\"search_term_string\"}}],\"inLanguage\":\"es\"}]}<\/script>\n<!-- \/ Yoast SEO plugin. -->","yoast_head_json":{"title":"Portales para residentes - Vivienda de autoayuda para personas","description":"Consulta a continuaci\u00f3n para acceder a tu portal para residentes. Si tiene dificultades para acceder a su portal, comun\u00edquese directamente con el administrador de su propiedad.","robots":{"index":"index","follow":"follow","max-snippet":"max-snippet:-1","max-image-preview":"max-image-preview:large","max-video-preview":"max-video-preview:-1"},"canonical":"https:\/\/www.pshhc.org\/es\/resident-portals\/","og_locale":"es_MX","og_type":"article","og_title":"Resident Portals - People&#039;s Self-Help Housing","og_description":"Please see below for access to your resident portal. For difficulty accessing your portal, please contact your property manager directly.","og_url":"https:\/\/www.pshhc.org\/es\/resident-portals\/","og_site_name":"People&#039;s Self-Help Housing","article_modified_time":"2026-01-05T17:50:27+00:00","og_image":[{"width":2560,"height":1465,"url":"https:\/\/www.pshhc.org\/wp-content\/uploads\/2020\/06\/MG_2091-scaled-e1591128938472.jpg","type":"image\/jpeg"}],"twitter_card":"summary_large_image","twitter_misc":{"Tiempo de lectura":"2 minutos"},"schema":{"@context":"https:\/\/schema.org","@graph":[{"@type":"WebPage","@id":"https:\/\/www.pshhc.org\/resident-portals\/","url":"https:\/\/www.pshhc.org\/resident-portals\/","name":"Portales para residentes - Vivienda de autoayuda para personas","isPartOf":{"@id":"https:\/\/www.pshhc.org\/#website"},"primaryImageOfPage":{"@id":"https:\/\/www.pshhc.org\/resident-portals\/#primaryimage"},"image":{"@id":"https:\/\/www.pshhc.org\/resident-portals\/#primaryimage"},"thumbnailUrl":"https:\/\/www.pshhc.org\/wp-content\/uploads\/2020\/06\/MG_2091-scaled-e1591128938472.jpg","datePublished":"2020-06-02T19:32:16+00:00","dateModified":"2026-01-05T17:50:27+00:00","description":"Consulta a continuaci\u00f3n para acceder a tu portal para residentes. Si tiene dificultades para acceder a su portal, comun\u00edquese directamente con el administrador de su propiedad.","breadcrumb":{"@id":"https:\/\/www.pshhc.org\/resident-portals\/#breadcrumb"},"inLanguage":"es","potentialAction":[{"@type":"ReadAction","target":["https:\/\/www.pshhc.org\/resident-portals\/"]}]},{"@type":"ImageObject","inLanguage":"es","@id":"https:\/\/www.pshhc.org\/resident-portals\/#primaryimage","url":"https:\/\/www.pshhc.org\/wp-content\/uploads\/2020\/06\/MG_2091-scaled-e1591128938472.jpg","contentUrl":"https:\/\/www.pshhc.org\/wp-content\/uploads\/2020\/06\/MG_2091-scaled-e1591128938472.jpg","width":2560,"height":1465},{"@type":"BreadcrumbList","@id":"https:\/\/www.pshhc.org\/resident-portals\/#breadcrumb","itemListElement":[{"@type":"ListItem","position":1,"name":"Home","item":"https:\/\/www.pshhc.org\/"},{"@type":"ListItem","position":2,"name":"Resident Portals"}]},{"@type":"WebSite","@id":"https:\/\/www.pshhc.org\/#website","url":"https:\/\/www.pshhc.org\/","name":"Vivienda de autoayuda de People &amp; #039; s","description":"Vivienda de autoayuda de People &amp; #039; s","potentialAction":[{"@type":"SearchAction","target":{"@type":"EntryPoint","urlTemplate":"https:\/\/www.pshhc.org\/?s={search_term_string}"},"query-input":{"@type":"PropertyValueSpecification","valueRequired":true,"valueName":"search_term_string"}}],"inLanguage":"es"}]}},"jetpack_sharing_enabled":true,"_links":{"self":[{"href":"https:\/\/www.pshhc.org\/es\/wp-json\/wp\/v2\/pages\/5027","targetHints":{"allow":["GET"]}}],"collection":[{"href":"https:\/\/www.pshhc.org\/es\/wp-json\/wp\/v2\/pages"}],"about":[{"href":"https:\/\/www.pshhc.org\/es\/wp-json\/wp\/v2\/types\/page"}],"author":[{"embeddable":true,"href":"https:\/\/www.pshhc.org\/es\/wp-json\/wp\/v2\/users\/1105"}],"replies":[{"embeddable":true,"href":"https:\/\/www.pshhc.org\/es\/wp-json\/wp\/v2\/comments?post=5027"}],"version-history":[{"count":26,"href":"https:\/\/www.pshhc.org\/es\/wp-json\/wp\/v2\/pages\/5027\/revisions"}],"predecessor-version":[{"id":139802,"href":"https:\/\/www.pshhc.org\/es\/wp-json\/wp\/v2\/pages\/5027\/revisions\/139802"}],"wp:featuredmedia":[{"embeddable":true,"href":"https:\/\/www.pshhc.org\/es\/wp-json\/wp\/v2\/media\/5045"}],"wp:attachment":[{"href":"https:\/\/www.pshhc.org\/es\/wp-json\/wp\/v2\/media?parent=5027"}],"curies":[{"name":"gracias","href":"https:\/\/api.w.org\/{rel}","templated":true}]}}