{"id":4716,"date":"2020-05-12T21:14:19","date_gmt":"2020-05-12T21:14:19","guid":{"rendered":"https:\/\/www.pshhc.org\/?page_id=4716"},"modified":"2026-02-10T22:11:04","modified_gmt":"2026-02-10T22:11:04","slug":"funds","status":"publish","type":"page","link":"https:\/\/www.pshhc.org\/es\/funds\/","title":{"rendered":"Fondos para apoyar"},"content":{"rendered":"<div class=\"wpb-content-wrapper\"><div data-vc-full-width=\"true\" data-vc-full-width-temp=\"true\" data-vc-full-width-init=\"false\" data-vc-stretch-content=\"true\" class=\"vc_row wpb_row vc_row-fluid inner-banner vc_row-no-padding\"><div class=\"wpb_column vc_column_container vc_col-sm-12\"><div class=\"vc_column-inner\"><div class=\"wpb_wrapper\">\n\t<div  class=\"wpb_single_image wpb_content_element vc_align_center wpb_content_element  bg-image\">\n\t\t\n\t\t<figure class=\"wpb_wrapper vc_figure\">\n\t\t\t<div class=\"vc_single_image-wrapper   vc_box_border_grey\"><img loading=\"lazy\" decoding=\"async\" width=\"2560\" height=\"1177\" src=\"https:\/\/www.pshhc.org\/wp-content\/uploads\/2023\/02\/San-Miguel-Group-2-Key-32-Group-Cheer-scaled-e1675811247892.jpg\" class=\"vc_single_image-img attachment-full\" alt=\"\" title=\"San Miguel Grupo 2 Clave 32 Grupo Animar\" srcset=\"https:\/\/www.pshhc.org\/wp-content\/uploads\/2023\/02\/San-Miguel-Group-2-Key-32-Group-Cheer-scaled-e1675811247892.jpg 2560w, https:\/\/www.pshhc.org\/wp-content\/uploads\/2023\/02\/San-Miguel-Group-2-Key-32-Group-Cheer-scaled-e1675811247892-300x138.jpg 300w, https:\/\/www.pshhc.org\/wp-content\/uploads\/2023\/02\/San-Miguel-Group-2-Key-32-Group-Cheer-scaled-e1675811247892-1024x471.jpg 1024w, https:\/\/www.pshhc.org\/wp-content\/uploads\/2023\/02\/San-Miguel-Group-2-Key-32-Group-Cheer-scaled-e1675811247892-768x353.jpg 768w, https:\/\/www.pshhc.org\/wp-content\/uploads\/2023\/02\/San-Miguel-Group-2-Key-32-Group-Cheer-scaled-e1675811247892-1536x706.jpg 1536w, https:\/\/www.pshhc.org\/wp-content\/uploads\/2023\/02\/San-Miguel-Group-2-Key-32-Group-Cheer-scaled-e1675811247892-2048x942.jpg 2048w, https:\/\/www.pshhc.org\/wp-content\/uploads\/2023\/02\/San-Miguel-Group-2-Key-32-Group-Cheer-scaled-e1675811247892-18x8.jpg 18w\" sizes=\"auto, (max-width: 2560px) 100vw, 2560px\" \/><\/div>\n\t\t<\/figure>\n\t<\/div>\n<\/div><\/div><\/div><\/div><div class=\"vc_row-full-width vc_clearfix\"><\/div><div data-vc-full-width=\"true\" data-vc-full-width-temp=\"true\" data-vc-full-width-init=\"false\" data-vc-stretch-content=\"true\" class=\"vc_row wpb_row vc_row-fluid inner-housing-section vc_row-no-padding\"><div class=\"wpb_column vc_column_container vc_col-sm-12\"><div class=\"vc_column-inner\"><div class=\"wpb_wrapper\">\n\t<div class=\"wpb_text_column wpb_content_element container\" >\n\t\t<div class=\"wpb_wrapper\">\n\t\t\t<h2>Fondos para apoyar<\/h2>\n\n\t\t<\/div>\n\t<\/div>\n<\/div><\/div><\/div><\/div><div class=\"vc_row-full-width vc_clearfix\"><\/div><div data-vc-full-width=\"true\" data-vc-full-width-temp=\"true\" data-vc-full-width-init=\"false\" data-vc-stretch-content=\"true\" class=\"vc_row wpb_row vc_row-fluid rental-housing-section wider vc_row-no-padding\"><div class=\"wpb_column vc_column_container vc_col-sm-12\"><div class=\"vc_column-inner\"><div class=\"wpb_wrapper\"><div class=\"vc_row wpb_row vc_inner vc_row-fluid container vc_column-gap-30\"><div class=\"wpb_column vc_column_container vc_col-sm-3\"><div class=\"vc_column-inner\"><div class=\"wpb_wrapper\">\n\t<div  class=\"wpb_single_image wpb_content_element vc_align_center wpb_content_element\">\n\t\t\n\t\t<figure class=\"wpb_wrapper vc_figure\">\n\t\t\t<div class=\"vc_single_image-wrapper   vc_box_border_grey\"><img loading=\"lazy\" decoding=\"async\" width=\"270\" height=\"200\" src=\"https:\/\/www.pshhc.org\/wp-content\/uploads\/2023\/02\/1-1.png\" class=\"vc_single_image-img attachment-full\" alt=\"\" title=\"1\" srcset=\"https:\/\/www.pshhc.org\/wp-content\/uploads\/2023\/02\/1-1.png 270w, https:\/\/www.pshhc.org\/wp-content\/uploads\/2023\/02\/1-1-16x12.png 16w\" sizes=\"auto, (max-width: 270px) 100vw, 270px\" \/><\/div>\n\t\t<\/figure>\n\t<\/div>\n<\/div><\/div><\/div><div class=\"wpb_column vc_column_container vc_col-sm-9\"><div class=\"vc_column-inner\"><div class=\"wpb_wrapper\">\n\t<div class=\"wpb_text_column wpb_content_element tal\" >\n\t\t<div class=\"wpb_wrapper\">\n\t\t\t<h4>Apoyo general<\/h4>\n<p>El Fondo de Apoyo General financia las operaciones diarias de Viviendas de Autoayuda Popular. Durante m\u00e1s de 55 a\u00f1os, sus donaciones han contribuido a impulsar nuestra misi\u00f3n, a aportar soluciones creativas para el desarrollo de viviendas asequibles y a crear lugares seguros y con servicios para prosperar. En PSHH, construimos mucho m\u00e1s que viviendas: construimos comunidades que los residentes se enorgullecen de llamar hogar. <a href=\"https:\/\/form-renderer-app.donorperfect.io\/give\/pshh\" target=\"_blank\" rel=\"noopener\">\u00a1Haz tu generoso regalo hoy!<\/a><\/p>\n\n\t\t<\/div>\n\t<\/div>\n<\/div><\/div><\/div><\/div><div class=\"vc_row wpb_row vc_inner vc_row-fluid container vc_column-gap-30\"><div class=\"wpb_column vc_column_container vc_col-sm-3\"><div class=\"vc_column-inner\"><div class=\"wpb_wrapper\">\n\t<div  class=\"wpb_single_image wpb_content_element vc_align_center wpb_content_element\">\n\t\t\n\t\t<figure class=\"wpb_wrapper vc_figure\">\n\t\t\t<div class=\"vc_single_image-wrapper   vc_box_border_grey\"><img loading=\"lazy\" decoding=\"async\" width=\"270\" height=\"200\" src=\"https:\/\/www.pshhc.org\/wp-content\/uploads\/2023\/02\/2-1.png\" class=\"vc_single_image-img attachment-full\" alt=\"\" title=\"2\" srcset=\"https:\/\/www.pshhc.org\/wp-content\/uploads\/2023\/02\/2-1.png 270w, https:\/\/www.pshhc.org\/wp-content\/uploads\/2023\/02\/2-1-16x12.png 16w\" sizes=\"auto, (max-width: 270px) 100vw, 270px\" \/><\/div>\n\t\t<\/figure>\n\t<\/div>\n<\/div><\/div><\/div><div class=\"wpb_column vc_column_container vc_col-sm-9\"><div class=\"vc_column-inner\"><div class=\"wpb_wrapper\">\n\t<div class=\"wpb_text_column wpb_content_element tal\" >\n\t\t<div class=\"wpb_wrapper\">\n\t\t\t<h4>Programas Educativos<\/h4>\n<p>Disponible para estudiantes de todas las edades, el programa Camino Scholars se ofrece actualmente en ocho centros de aprendizaje presenciales en propiedades de PSHH en toda la Costa Central. Este innovador programa ofrece actividades extraescolares durante todo el a\u00f1o, oportunidades de enriquecimiento acad\u00e9mico, y apoyo y orientaci\u00f3n desde la solicitud hasta la graduaci\u00f3n. Puedes apoyar a los estudiantes... <a href=\"https:\/\/form-renderer-app.donorperfect.io\/give\/peoples-self-help-housing\/give-today-education\" target=\"_blank\" rel=\"noopener\">haciendo su generoso regalo<\/a> a nuestro fondo de educaci\u00f3n hoy!<\/p>\n\n\t\t<\/div>\n\t<\/div>\n<\/div><\/div><\/div><\/div><div class=\"vc_row wpb_row vc_inner vc_row-fluid container vc_column-gap-30\"><div class=\"wpb_column vc_column_container vc_col-sm-3\"><div class=\"vc_column-inner\"><div class=\"wpb_wrapper\">\n\t<div  class=\"wpb_single_image wpb_content_element vc_align_center wpb_content_element\">\n\t\t\n\t\t<figure class=\"wpb_wrapper vc_figure\">\n\t\t\t<div class=\"vc_single_image-wrapper   vc_box_border_grey\"><img loading=\"lazy\" decoding=\"async\" width=\"270\" height=\"200\" src=\"https:\/\/www.pshhc.org\/wp-content\/uploads\/2023\/02\/3-1.png\" class=\"vc_single_image-img attachment-full\" alt=\"\" title=\"3\" srcset=\"https:\/\/www.pshhc.org\/wp-content\/uploads\/2023\/02\/3-1.png 270w, https:\/\/www.pshhc.org\/wp-content\/uploads\/2023\/02\/3-1-16x12.png 16w\" sizes=\"auto, (max-width: 270px) 100vw, 270px\" \/><\/div>\n\t\t<\/figure>\n\t<\/div>\n<\/div><\/div><\/div><div class=\"wpb_column vc_column_container vc_col-sm-9\"><div class=\"vc_column-inner\"><div class=\"wpb_wrapper\">\n\t<div class=\"wpb_text_column wpb_content_element tal\" >\n\t\t<div class=\"wpb_wrapper\">\n\t\t\t<h4>Propiedad de la vivienda<\/h4>\n<p>Durante 55 a\u00f1os, People&#039;s Self-Help Housing ha brindado estabilidad y oportunidades de generar riqueza al ser propietario de una vivienda en la Costa Central a trav\u00e9s del Programa de Autoconstrucci\u00f3n, reconocido a nivel nacional. M\u00e1s de 1200 viviendas despu\u00e9s, \u00a1seguimos ayudando a familias a alcanzar el Sue\u00f1o Americano! <a href=\"https:\/\/form-renderer-app.donorperfect.io\/give\/peoples-self-help-housing\/give-today-home-ownership\" target=\"_blank\" rel=\"noopener\">Tu regalo<\/a> Este programa puede ayudar a crear m\u00e1s oportunidades para ser propietario de una vivienda en la Costa Central.<\/p>\n\n\t\t<\/div>\n\t<\/div>\n<\/div><\/div><\/div><\/div><div id=\"raf\" class=\"vc_row wpb_row vc_inner vc_row-fluid container vc_column-gap-30\"><div class=\"wpb_column vc_column_container vc_col-sm-3\"><div class=\"vc_column-inner\"><div class=\"wpb_wrapper\">\n\t<div  class=\"wpb_single_image wpb_content_element vc_align_center wpb_content_element\">\n\t\t\n\t\t<figure class=\"wpb_wrapper vc_figure\">\n\t\t\t<div class=\"vc_single_image-wrapper   vc_box_border_grey\"><img loading=\"lazy\" decoding=\"async\" width=\"270\" height=\"200\" src=\"https:\/\/www.pshhc.org\/wp-content\/uploads\/2023\/02\/4-1.png\" class=\"vc_single_image-img attachment-full\" alt=\"\" title=\"4\" srcset=\"https:\/\/www.pshhc.org\/wp-content\/uploads\/2023\/02\/4-1.png 270w, https:\/\/www.pshhc.org\/wp-content\/uploads\/2023\/02\/4-1-16x12.png 16w\" sizes=\"auto, (max-width: 270px) 100vw, 270px\" \/><\/div>\n\t\t<\/figure>\n\t<\/div>\n<\/div><\/div><\/div><div class=\"wpb_column vc_column_container vc_col-sm-9\"><div class=\"vc_column-inner\"><div class=\"wpb_wrapper\">\n\t<div class=\"wpb_text_column wpb_content_element tal\" >\n\t\t<div class=\"wpb_wrapper\">\n\t\t\t<h4>Programa de Vivienda de Apoyo<\/h4>\n<p>Para satisfacer las necesidades de nuestros residentes, muchos de los cuales est\u00e1n en transici\u00f3n despu\u00e9s de a\u00f1os de inestabilidad en la vivienda, combinamos la administraci\u00f3n compasiva de la propiedad con viviendas de apoyo enriquecidas con servicios. Los residentes tienen acceso a la gesti\u00f3n de casos cl\u00ednicos y atenci\u00f3n en el lugar de forma gratuita y confidencial. Nuestro equipo ayuda a desarrollar la capacidad, el bienestar, la resiliencia personal y garantiza que los residentes tengan acceso a una amplia red de recursos regionales. Ya sea un peque\u00f1o bache en el camino o un desaf\u00edo a largo plazo, <a href=\"https:\/\/form-renderer-app.donorperfect.io\/give\/peoples-self-help-housing\/give-today-supportive-housing\" target=\"_blank\" rel=\"noopener\">tu regalo<\/a> puede desempe\u00f1ar un papel clave en el regreso de un residente a la estabilidad.<\/p>\n\n\t\t<\/div>\n\t<\/div>\n<\/div><\/div><\/div><\/div><div class=\"vc_row wpb_row vc_inner vc_row-fluid container vc_column-gap-30\"><div class=\"wpb_column vc_column_container vc_col-sm-3\"><div class=\"vc_column-inner\"><div class=\"wpb_wrapper\">\n\t<div  class=\"wpb_single_image wpb_content_element vc_align_center wpb_content_element\">\n\t\t\n\t\t<figure class=\"wpb_wrapper vc_figure\">\n\t\t\t<div class=\"vc_single_image-wrapper   vc_box_border_grey\"><img loading=\"lazy\" decoding=\"async\" width=\"270\" height=\"200\" src=\"https:\/\/www.pshhc.org\/wp-content\/uploads\/2023\/02\/5-1.png\" class=\"vc_single_image-img attachment-full\" alt=\"\" title=\"5\" srcset=\"https:\/\/www.pshhc.org\/wp-content\/uploads\/2023\/02\/5-1.png 270w, https:\/\/www.pshhc.org\/wp-content\/uploads\/2023\/02\/5-1-16x12.png 16w\" sizes=\"auto, (max-width: 270px) 100vw, 270px\" \/><\/div>\n\t\t<\/figure>\n\t<\/div>\n<\/div><\/div><\/div><div class=\"wpb_column vc_column_container vc_col-sm-9\"><div class=\"vc_column-inner\"><div class=\"wpb_wrapper\">\n\t<div class=\"wpb_text_column wpb_content_element tal\" >\n\t\t<div class=\"wpb_wrapper\">\n\t\t\t<h4>Fondo de asistencia a residentes<\/h4>\n<p>El Fondo de Asistencia para Residentes ha estado brindando apoyo financiero de emergencia para servicios m\u00e9dicos, alimentos y servicios p\u00fablicos a los residentes de PSHH con grandes necesidades durante m\u00e1s de dos d\u00e9cadas. Los fondos se utilizan cuando se han agotado todas las dem\u00e1s resoluciones potenciales y recursos de la comunidad. Cada a\u00f1o, se distribuyen miles de d\u00f3lares a quienes enfrentan emergencias financieras urgentes. <a href=\"https:\/\/form-renderer-app.donorperfect.io\/give\/peoples-self-help-housing\/give-today-resident-assistance-fund\" target=\"_blank\" rel=\"noopener\">\u00a1Apoye a los residentes hoy!<\/a><\/p>\n\n\t\t<\/div>\n\t<\/div>\n<\/div><\/div><\/div><\/div><div class=\"vc_row wpb_row vc_inner vc_row-fluid container vc_column-gap-30\"><div class=\"wpb_column vc_column_container vc_col-sm-3\"><div class=\"vc_column-inner\"><div class=\"wpb_wrapper\">\n\t<div  class=\"wpb_single_image wpb_content_element vc_align_center wpb_content_element\">\n\t\t\n\t\t<figure class=\"wpb_wrapper vc_figure\">\n\t\t\t<div class=\"vc_single_image-wrapper   vc_box_border_grey\"><img loading=\"lazy\" decoding=\"async\" width=\"270\" height=\"200\" src=\"https:\/\/www.pshhc.org\/wp-content\/uploads\/2023\/02\/6.png\" class=\"vc_single_image-img attachment-full\" alt=\"\" title=\"6\" srcset=\"https:\/\/www.pshhc.org\/wp-content\/uploads\/2023\/02\/6.png 270w, https:\/\/www.pshhc.org\/wp-content\/uploads\/2023\/02\/6-16x12.png 16w\" sizes=\"auto, (max-width: 270px) 100vw, 270px\" \/><\/div>\n\t\t<\/figure>\n\t<\/div>\n<\/div><\/div><\/div><div class=\"wpb_column vc_column_container vc_col-sm-9\"><div class=\"vc_column-inner\"><div class=\"wpb_wrapper\">\n\t<div class=\"wpb_text_column wpb_content_element tal\" >\n\t\t<div class=\"wpb_wrapper\">\n\t\t\t<h4>Fondo ASCEND<\/h4>\n<p>Nuestro Fondo ASCEND apoya a nuestros residentes que est\u00e1n listos para emprender, educarse, liderar y crecer personalmente. Impulsa a los residentes con grandes metas, ayud\u00e1ndolos a avanzar hacia ellas, ya sea iniciando un negocio, inscribi\u00e9ndose en una clase o aprovechando una nueva oportunidad. Al invertir en el crecimiento de los residentes, fortalece a las personas, las familias y las econom\u00edas de toda la comunidad. <a href=\"https:\/\/www.pshhc.org\/es\/ascend-fund\/\">Aprende m\u00e1s<\/a>\u00a0y <a href=\"https:\/\/form-renderer-app.donorperfect.io\/give\/peoples-self-help-housing\/ascend-fund\">haz tu generosa donaci\u00f3n hoy<\/a>\u00a0para ayudar a m\u00e1s personas a ascender.<\/p>\n\n\t\t<\/div>\n\t<\/div>\n<\/div><\/div><\/div><\/div><\/div><\/div><\/div><\/div><div class=\"vc_row-full-width vc_clearfix\"><\/div>\n<\/div>","protected":false},"excerpt":{"rendered":"Funds to Support General Support The General Support fund underwrites the day-to-day operations of People's Self-Help Housing. For over 55 years, your gifts have helped advance our mission, bring creative solutions to affordable housing development, and create safe, service-enriched places to thrive. At PSHH, we are building so much more than housing - we are...  <a class=\"excerpt-read-more\" href=\"https:\/\/www.pshhc.org\/es\/funds\/\" title=\"Leer Fondos para apoyar\">Leer m\u00e1s &quot;<\/a>","protected":false},"author":1105,"featured_media":0,"parent":0,"menu_order":0,"comment_status":"closed","ping_status":"closed","template":"page-wide.php","meta":{"_acf_changed":false,"footnotes":""},"class_list":["post-4716","page","type-page","status-publish","hentry"],"acf":[],"yoast_head":"<!-- This site is optimized with the Yoast SEO plugin v26.9 - https:\/\/yoast.com\/product\/yoast-seo-wordpress\/ -->\n<title>Funds to Support - People&#039;s Self-Help Housing<\/title>\n<meta name=\"description\" content=\"Funds to Support General Support The General Support fund underwrites the day-to-day operations of People&#8217;s Self-Help Housing. For over 55 years, your gifts have helped advance our mission, bring creative\" \/>\n<meta name=\"robots\" content=\"index, follow, max-snippet:-1, max-image-preview:large, max-video-preview:-1\" \/>\n<link rel=\"canonical\" href=\"https:\/\/www.pshhc.org\/es\/funds\/\" \/>\n<meta property=\"og:locale\" content=\"es_MX\" \/>\n<meta property=\"og:type\" content=\"article\" \/>\n<meta property=\"og:title\" content=\"Funds to Support - People&#039;s Self-Help Housing\" \/>\n<meta property=\"og:url\" content=\"https:\/\/www.pshhc.org\/es\/funds\/\" \/>\n<meta property=\"og:site_name\" content=\"People&#039;s Self-Help Housing\" \/>\n<meta property=\"article:modified_time\" content=\"2026-02-10T22:11:04+00:00\" \/>\n<meta name=\"twitter:card\" content=\"summary_large_image\" \/>\n<meta name=\"twitter:label1\" content=\"Tiempo de lectura\" \/>\n\t<meta name=\"twitter:data1\" content=\"4 minutos\" \/>\n<script type=\"application\/ld+json\" class=\"yoast-schema-graph\">{\"@context\":\"https:\/\/schema.org\",\"@graph\":[{\"@type\":\"WebPage\",\"@id\":\"https:\/\/www.pshhc.org\/funds\/\",\"url\":\"https:\/\/www.pshhc.org\/funds\/\",\"name\":\"Funds to Support - People&#039;s Self-Help Housing\",\"isPartOf\":{\"@id\":\"https:\/\/www.pshhc.org\/#website\"},\"datePublished\":\"2020-05-12T21:14:19+00:00\",\"dateModified\":\"2026-02-10T22:11:04+00:00\",\"breadcrumb\":{\"@id\":\"https:\/\/www.pshhc.org\/funds\/#breadcrumb\"},\"inLanguage\":\"es\",\"potentialAction\":[{\"@type\":\"ReadAction\",\"target\":[\"https:\/\/www.pshhc.org\/funds\/\"]}]},{\"@type\":\"BreadcrumbList\",\"@id\":\"https:\/\/www.pshhc.org\/funds\/#breadcrumb\",\"itemListElement\":[{\"@type\":\"ListItem\",\"position\":1,\"name\":\"Home\",\"item\":\"https:\/\/www.pshhc.org\/\"},{\"@type\":\"ListItem\",\"position\":2,\"name\":\"Funds to Support\"}]},{\"@type\":\"WebSite\",\"@id\":\"https:\/\/www.pshhc.org\/#website\",\"url\":\"https:\/\/www.pshhc.org\/\",\"name\":\"People&#039;s Self-Help Housing\",\"description\":\"People&#039;s Self-Help Housing\",\"potentialAction\":[{\"@type\":\"SearchAction\",\"target\":{\"@type\":\"EntryPoint\",\"urlTemplate\":\"https:\/\/www.pshhc.org\/?s={search_term_string}\"},\"query-input\":{\"@type\":\"PropertyValueSpecification\",\"valueRequired\":true,\"valueName\":\"search_term_string\"}}],\"inLanguage\":\"es\"}]}<\/script>\n<!-- \/ Yoast SEO plugin. -->","yoast_head_json":{"title":"Fondos para apoyar - Vivienda de autoayuda popular","description":"Funds to Support General Support The General Support fund underwrites the day-to-day operations of People&#8217;s Self-Help Housing. For over 55 years, your gifts have helped advance our mission, bring creative","robots":{"index":"index","follow":"follow","max-snippet":"max-snippet:-1","max-image-preview":"max-image-preview:large","max-video-preview":"max-video-preview:-1"},"canonical":"https:\/\/www.pshhc.org\/es\/funds\/","og_locale":"es_MX","og_type":"article","og_title":"Funds to Support - People&#039;s Self-Help Housing","og_url":"https:\/\/www.pshhc.org\/es\/funds\/","og_site_name":"People&#039;s Self-Help Housing","article_modified_time":"2026-02-10T22:11:04+00:00","twitter_card":"summary_large_image","twitter_misc":{"Tiempo de lectura":"4 minutos"},"schema":{"@context":"https:\/\/schema.org","@graph":[{"@type":"WebPage","@id":"https:\/\/www.pshhc.org\/funds\/","url":"https:\/\/www.pshhc.org\/funds\/","name":"Fondos para apoyar - Vivienda de autoayuda popular","isPartOf":{"@id":"https:\/\/www.pshhc.org\/#website"},"datePublished":"2020-05-12T21:14:19+00:00","dateModified":"2026-02-10T22:11:04+00:00","breadcrumb":{"@id":"https:\/\/www.pshhc.org\/funds\/#breadcrumb"},"inLanguage":"es","potentialAction":[{"@type":"ReadAction","target":["https:\/\/www.pshhc.org\/funds\/"]}]},{"@type":"BreadcrumbList","@id":"https:\/\/www.pshhc.org\/funds\/#breadcrumb","itemListElement":[{"@type":"ListItem","position":1,"name":"Home","item":"https:\/\/www.pshhc.org\/"},{"@type":"ListItem","position":2,"name":"Funds to Support"}]},{"@type":"WebSite","@id":"https:\/\/www.pshhc.org\/#website","url":"https:\/\/www.pshhc.org\/","name":"Vivienda de autoayuda de People &amp; #039; s","description":"Vivienda de autoayuda de People &amp; #039; s","potentialAction":[{"@type":"SearchAction","target":{"@type":"EntryPoint","urlTemplate":"https:\/\/www.pshhc.org\/?s={search_term_string}"},"query-input":{"@type":"PropertyValueSpecification","valueRequired":true,"valueName":"search_term_string"}}],"inLanguage":"es"}]}},"jetpack_sharing_enabled":true,"_links":{"self":[{"href":"https:\/\/www.pshhc.org\/es\/wp-json\/wp\/v2\/pages\/4716","targetHints":{"allow":["GET"]}}],"collection":[{"href":"https:\/\/www.pshhc.org\/es\/wp-json\/wp\/v2\/pages"}],"about":[{"href":"https:\/\/www.pshhc.org\/es\/wp-json\/wp\/v2\/types\/page"}],"author":[{"embeddable":true,"href":"https:\/\/www.pshhc.org\/es\/wp-json\/wp\/v2\/users\/1105"}],"replies":[{"embeddable":true,"href":"https:\/\/www.pshhc.org\/es\/wp-json\/wp\/v2\/comments?post=4716"}],"version-history":[{"count":22,"href":"https:\/\/www.pshhc.org\/es\/wp-json\/wp\/v2\/pages\/4716\/revisions"}],"predecessor-version":[{"id":140346,"href":"https:\/\/www.pshhc.org\/es\/wp-json\/wp\/v2\/pages\/4716\/revisions\/140346"}],"wp:attachment":[{"href":"https:\/\/www.pshhc.org\/es\/wp-json\/wp\/v2\/media?parent=4716"}],"curies":[{"name":"gracias","href":"https:\/\/api.w.org\/{rel}","templated":true}]}}