{"id":46738,"date":"2022-06-22T16:45:28","date_gmt":"2022-06-22T16:45:28","guid":{"rendered":"https:\/\/www.pshhc.org\/?page_id=46738"},"modified":"2025-02-05T22:15:19","modified_gmt":"2025-02-05T22:15:19","slug":"gift-acceptance-policy","status":"publish","type":"page","link":"https:\/\/www.pshhc.org\/es\/gift-acceptance-policy\/","title":{"rendered":"Pol\u00edtica de aceptaci\u00f3n de regalos"},"content":{"rendered":"<div class=\"wpb-content-wrapper\"><div data-vc-full-width=\"true\" data-vc-full-width-temp=\"true\" data-vc-full-width-init=\"false\" data-vc-stretch-content=\"true\" class=\"vc_row wpb_row vc_row-fluid inner-banner vc_row-no-padding\"><div class=\"wpb_column vc_column_container vc_col-sm-12\"><div class=\"vc_column-inner\"><div class=\"wpb_wrapper\">\n\t<div  class=\"wpb_single_image wpb_content_element vc_align_center wpb_content_element  bg-image\">\n\t\t\n\t\t<figure class=\"wpb_wrapper vc_figure\">\n\t\t\t<div class=\"vc_single_image-wrapper   vc_box_border_grey\"><img loading=\"lazy\" decoding=\"async\" width=\"2560\" height=\"1920\" src=\"https:\/\/www.pshhc.org\/wp-content\/uploads\/2022\/11\/20210429_002644457_iOS-scaled.jpg\" class=\"vc_single_image-img attachment-full\" alt=\"\" title=\"20210429_002644457_iOS\" srcset=\"https:\/\/www.pshhc.org\/wp-content\/uploads\/2022\/11\/20210429_002644457_iOS-scaled.jpg 2560w, https:\/\/www.pshhc.org\/wp-content\/uploads\/2022\/11\/20210429_002644457_iOS-300x225.jpg 300w, https:\/\/www.pshhc.org\/wp-content\/uploads\/2022\/11\/20210429_002644457_iOS-1024x768.jpg 1024w, https:\/\/www.pshhc.org\/wp-content\/uploads\/2022\/11\/20210429_002644457_iOS-768x576.jpg 768w, https:\/\/www.pshhc.org\/wp-content\/uploads\/2022\/11\/20210429_002644457_iOS-1536x1152.jpg 1536w, https:\/\/www.pshhc.org\/wp-content\/uploads\/2022\/11\/20210429_002644457_iOS-2048x1536.jpg 2048w, https:\/\/www.pshhc.org\/wp-content\/uploads\/2022\/11\/20210429_002644457_iOS-16x12.jpg 16w\" sizes=\"auto, (max-width: 2560px) 100vw, 2560px\" \/><\/div>\n\t\t<\/figure>\n\t<\/div>\n<\/div><\/div><\/div><\/div><div class=\"vc_row-full-width vc_clearfix\"><\/div><div data-vc-full-width=\"true\" data-vc-full-width-temp=\"true\" data-vc-full-width-init=\"false\" data-vc-stretch-content=\"true\" class=\"vc_row wpb_row vc_row-fluid inner-housing-section vc_row-no-padding\"><div class=\"wpb_column vc_column_container vc_col-sm-12\"><div class=\"vc_column-inner\"><div class=\"wpb_wrapper\">\n\t<div class=\"wpb_text_column wpb_content_element container\" >\n\t\t<div class=\"wpb_wrapper\">\n\t\t\t<h2>Pol\u00edtica de aceptaci\u00f3n de regalos<\/h2>\n\n\t\t<\/div>\n\t<\/div>\n<\/div><\/div><\/div><\/div><div class=\"vc_row-full-width vc_clearfix\"><\/div><div data-vc-full-width=\"true\" data-vc-full-width-temp=\"true\" data-vc-full-width-init=\"false\" data-vc-stretch-content=\"true\" class=\"vc_row wpb_row vc_row-fluid rental-housing-section vc_row-no-padding\"><div class=\"wpb_column vc_column_container vc_col-sm-12\"><div class=\"vc_column-inner\"><div class=\"wpb_wrapper\">\n\t<div class=\"wpb_text_column wpb_content_element container\" >\n\t\t<div class=\"wpb_wrapper\">\n\t\t\t<p>Los obsequios son una forma vital para que Viviendas de Autoayuda Popular avance y cumpla su importante misi\u00f3n. Recomendamos que todos los posibles donantes busquen la asistencia de asesores legales y financieros personales en asuntos relacionados con sus obsequios, incluidas las consecuencias fiscales y de planificaci\u00f3n patrimonial resultantes.<\/p>\n<p>Muchos obsequios a PSHH se pueden recibir de inmediato e incluyen aquellos hechos en efectivo, con cheque, orden de pago, tarjeta de cr\u00e9dito, transferencia bancaria o mediante <a href=\"https:\/\/form-renderer-app.donorperfect.io\/give\/pshh\" target=\"_blank\" rel=\"noopener\">donaciones en l\u00ednea<\/a>.<\/p>\n<p>Los valores negociables pueden transferirse electr\u00f3nicamente a nuestra cuenta mantenida en <a href=\"https:\/\/www.wackerwealthpartners.com\/\" target=\"_blank\" rel=\"noopener\">Asesores patrimoniales del PE<\/a> o entregado f\u00edsicamente con el endoso del cedente. Por lo general, los valores negociables se vender\u00e1n al recibirlos. Los obsequios como fideicomisos caritativos, anualidades, planes de jubilaci\u00f3n, seguros, bienes tangibles y bienes ra\u00edces requerir\u00e1n una revisi\u00f3n antes de su aceptaci\u00f3n.<\/p>\n<p>PSHH no puede aceptar obsequios que presenten posibles conflictos de intereses ni obsequios de bienes que puedan estar sujetos a restricciones ambientales o de otro tipo. Tampoco podemos aceptar obsequios que violen nuestros estatutos corporativos, que resulten en la p\u00e9rdida de nuestra condici\u00f3n de organizaci\u00f3n sin fines de lucro, que sean onerosos de administrar en relaci\u00f3n con su valor o que resulten en consecuencias inaceptables para la organizaci\u00f3n. Cualquier obsequio aceptado debe estar dentro de los prop\u00f3sitos de la misi\u00f3n de PSHH.<\/p>\n<p>Comun\u00edquese con nuestro Director de Desarrollo de Recursos en <a href=\"mailto:giving@pshhc.org\">giving@pshhc.org<\/a> si tiene alguna pregunta sobre un posible regalo para nuestra organizaci\u00f3n. Gracias por todas las formas en que apoya nuestra misi\u00f3n, estamos muy agradecidos por su asociaci\u00f3n.<\/p>\n\n\t\t<\/div>\n\t<\/div>\n<\/div><\/div><\/div><\/div><div class=\"vc_row-full-width vc_clearfix\"><\/div>\n<\/div>","protected":false},"excerpt":{"rendered":"Pol\u00edtica de aceptaci\u00f3n de obsequios Los obsequios son una forma vital para que People&#039;s Self-Help Housing avance y cumpla su importante misi\u00f3n. Recomendamos que todos los posibles donantes busquen la asistencia de asesores legales y financieros personales en asuntos relacionados con sus obsequios, incluidas las consecuencias fiscales y de planificaci\u00f3n patrimonial resultantes. Muchos regalos a PSHH pueden ser inmediatamente...  <a class=\"excerpt-read-more\" href=\"https:\/\/www.pshhc.org\/es\/gift-acceptance-policy\/\" title=\"Lea la pol\u00edtica de aceptaci\u00f3n de obsequios\">Leer m\u00e1s &quot;<\/a>","protected":false},"author":1105,"featured_media":47400,"parent":0,"menu_order":0,"comment_status":"closed","ping_status":"closed","template":"page-wide.php","meta":{"_acf_changed":false,"footnotes":""},"class_list":["post-46738","page","type-page","status-publish","has-post-thumbnail","hentry"],"acf":[],"yoast_head":"<!-- This site is optimized with the Yoast SEO plugin v26.9 - https:\/\/yoast.com\/product\/yoast-seo-wordpress\/ -->\n<title>Gift Acceptance Policy - People&#039;s Self-Help Housing<\/title>\n<meta name=\"description\" content=\"Gift Acceptance Policy Gifts are a vital way for People\u2019s Self-Help Housing to further and fulfill its important mission. We recommend that all prospective donors seek the assistance of personal\" \/>\n<meta name=\"robots\" content=\"index, follow, max-snippet:-1, max-image-preview:large, max-video-preview:-1\" \/>\n<link rel=\"canonical\" href=\"https:\/\/www.pshhc.org\/es\/gift-acceptance-policy\/\" \/>\n<meta property=\"og:locale\" content=\"es_MX\" \/>\n<meta property=\"og:type\" content=\"article\" \/>\n<meta property=\"og:title\" content=\"Gift Acceptance Policy - People&#039;s Self-Help Housing\" \/>\n<meta property=\"og:url\" content=\"https:\/\/www.pshhc.org\/es\/gift-acceptance-policy\/\" \/>\n<meta property=\"og:site_name\" content=\"People&#039;s Self-Help Housing\" \/>\n<meta property=\"article:modified_time\" content=\"2025-02-05T22:15:19+00:00\" \/>\n<meta property=\"og:image\" content=\"https:\/\/www.pshhc.org\/wp-content\/uploads\/2022\/06\/P1030237-scaled-e1656367312441.jpg\" \/>\n\t<meta property=\"og:image:width\" content=\"2560\" \/>\n\t<meta property=\"og:image:height\" content=\"1401\" \/>\n\t<meta property=\"og:image:type\" content=\"image\/jpeg\" \/>\n<meta name=\"twitter:card\" content=\"summary_large_image\" \/>\n<meta name=\"twitter:label1\" content=\"Tiempo de lectura\" \/>\n\t<meta name=\"twitter:data1\" content=\"2 minutos\" \/>\n<script type=\"application\/ld+json\" class=\"yoast-schema-graph\">{\"@context\":\"https:\/\/schema.org\",\"@graph\":[{\"@type\":\"WebPage\",\"@id\":\"https:\/\/www.pshhc.org\/gift-acceptance-policy\/\",\"url\":\"https:\/\/www.pshhc.org\/gift-acceptance-policy\/\",\"name\":\"Gift Acceptance Policy - People&#039;s Self-Help Housing\",\"isPartOf\":{\"@id\":\"https:\/\/www.pshhc.org\/#website\"},\"primaryImageOfPage\":{\"@id\":\"https:\/\/www.pshhc.org\/gift-acceptance-policy\/#primaryimage\"},\"image\":{\"@id\":\"https:\/\/www.pshhc.org\/gift-acceptance-policy\/#primaryimage\"},\"thumbnailUrl\":\"https:\/\/www.pshhc.org\/wp-content\/uploads\/2022\/06\/P1030237-scaled.jpg\",\"datePublished\":\"2022-06-22T16:45:28+00:00\",\"dateModified\":\"2025-02-05T22:15:19+00:00\",\"breadcrumb\":{\"@id\":\"https:\/\/www.pshhc.org\/gift-acceptance-policy\/#breadcrumb\"},\"inLanguage\":\"es\",\"potentialAction\":[{\"@type\":\"ReadAction\",\"target\":[\"https:\/\/www.pshhc.org\/gift-acceptance-policy\/\"]}]},{\"@type\":\"ImageObject\",\"inLanguage\":\"es\",\"@id\":\"https:\/\/www.pshhc.org\/gift-acceptance-policy\/#primaryimage\",\"url\":\"https:\/\/www.pshhc.org\/wp-content\/uploads\/2022\/06\/P1030237-scaled.jpg\",\"contentUrl\":\"https:\/\/www.pshhc.org\/wp-content\/uploads\/2022\/06\/P1030237-scaled.jpg\",\"width\":2560,\"height\":1707},{\"@type\":\"BreadcrumbList\",\"@id\":\"https:\/\/www.pshhc.org\/gift-acceptance-policy\/#breadcrumb\",\"itemListElement\":[{\"@type\":\"ListItem\",\"position\":1,\"name\":\"Home\",\"item\":\"https:\/\/www.pshhc.org\/\"},{\"@type\":\"ListItem\",\"position\":2,\"name\":\"Gift Acceptance Policy\"}]},{\"@type\":\"WebSite\",\"@id\":\"https:\/\/www.pshhc.org\/#website\",\"url\":\"https:\/\/www.pshhc.org\/\",\"name\":\"People&#039;s Self-Help Housing\",\"description\":\"People&#039;s Self-Help Housing\",\"potentialAction\":[{\"@type\":\"SearchAction\",\"target\":{\"@type\":\"EntryPoint\",\"urlTemplate\":\"https:\/\/www.pshhc.org\/?s={search_term_string}\"},\"query-input\":{\"@type\":\"PropertyValueSpecification\",\"valueRequired\":true,\"valueName\":\"search_term_string\"}}],\"inLanguage\":\"es\"}]}<\/script>\n<!-- \/ Yoast SEO plugin. -->","yoast_head_json":{"title":"Pol\u00edtica de aceptaci\u00f3n de obsequios - People&#039;s Self-Help Housing","description":"Pol\u00edtica de aceptaci\u00f3n de donaciones. Las donaciones son una herramienta vital para que People&#039;s Self-Help Housing impulse y cumpla su importante misi\u00f3n. Recomendamos a todos los posibles donantes que busquen la ayuda de personal.","robots":{"index":"index","follow":"follow","max-snippet":"max-snippet:-1","max-image-preview":"max-image-preview:large","max-video-preview":"max-video-preview:-1"},"canonical":"https:\/\/www.pshhc.org\/es\/gift-acceptance-policy\/","og_locale":"es_MX","og_type":"article","og_title":"Gift Acceptance Policy - People&#039;s Self-Help Housing","og_url":"https:\/\/www.pshhc.org\/es\/gift-acceptance-policy\/","og_site_name":"People&#039;s Self-Help Housing","article_modified_time":"2025-02-05T22:15:19+00:00","og_image":[{"width":2560,"height":1401,"url":"https:\/\/www.pshhc.org\/wp-content\/uploads\/2022\/06\/P1030237-scaled-e1656367312441.jpg","type":"image\/jpeg"}],"twitter_card":"summary_large_image","twitter_misc":{"Tiempo de lectura":"2 minutos"},"schema":{"@context":"https:\/\/schema.org","@graph":[{"@type":"WebPage","@id":"https:\/\/www.pshhc.org\/gift-acceptance-policy\/","url":"https:\/\/www.pshhc.org\/gift-acceptance-policy\/","name":"Pol\u00edtica de aceptaci\u00f3n de obsequios - People&#039;s Self-Help Housing","isPartOf":{"@id":"https:\/\/www.pshhc.org\/#website"},"primaryImageOfPage":{"@id":"https:\/\/www.pshhc.org\/gift-acceptance-policy\/#primaryimage"},"image":{"@id":"https:\/\/www.pshhc.org\/gift-acceptance-policy\/#primaryimage"},"thumbnailUrl":"https:\/\/www.pshhc.org\/wp-content\/uploads\/2022\/06\/P1030237-scaled.jpg","datePublished":"2022-06-22T16:45:28+00:00","dateModified":"2025-02-05T22:15:19+00:00","breadcrumb":{"@id":"https:\/\/www.pshhc.org\/gift-acceptance-policy\/#breadcrumb"},"inLanguage":"es","potentialAction":[{"@type":"ReadAction","target":["https:\/\/www.pshhc.org\/gift-acceptance-policy\/"]}]},{"@type":"ImageObject","inLanguage":"es","@id":"https:\/\/www.pshhc.org\/gift-acceptance-policy\/#primaryimage","url":"https:\/\/www.pshhc.org\/wp-content\/uploads\/2022\/06\/P1030237-scaled.jpg","contentUrl":"https:\/\/www.pshhc.org\/wp-content\/uploads\/2022\/06\/P1030237-scaled.jpg","width":2560,"height":1707},{"@type":"BreadcrumbList","@id":"https:\/\/www.pshhc.org\/gift-acceptance-policy\/#breadcrumb","itemListElement":[{"@type":"ListItem","position":1,"name":"Home","item":"https:\/\/www.pshhc.org\/"},{"@type":"ListItem","position":2,"name":"Gift Acceptance Policy"}]},{"@type":"WebSite","@id":"https:\/\/www.pshhc.org\/#website","url":"https:\/\/www.pshhc.org\/","name":"Vivienda de autoayuda de People &amp; #039; s","description":"Vivienda de autoayuda de People &amp; #039; s","potentialAction":[{"@type":"SearchAction","target":{"@type":"EntryPoint","urlTemplate":"https:\/\/www.pshhc.org\/?s={search_term_string}"},"query-input":{"@type":"PropertyValueSpecification","valueRequired":true,"valueName":"search_term_string"}}],"inLanguage":"es"}]}},"jetpack_sharing_enabled":true,"_links":{"self":[{"href":"https:\/\/www.pshhc.org\/es\/wp-json\/wp\/v2\/pages\/46738","targetHints":{"allow":["GET"]}}],"collection":[{"href":"https:\/\/www.pshhc.org\/es\/wp-json\/wp\/v2\/pages"}],"about":[{"href":"https:\/\/www.pshhc.org\/es\/wp-json\/wp\/v2\/types\/page"}],"author":[{"embeddable":true,"href":"https:\/\/www.pshhc.org\/es\/wp-json\/wp\/v2\/users\/1105"}],"replies":[{"embeddable":true,"href":"https:\/\/www.pshhc.org\/es\/wp-json\/wp\/v2\/comments?post=46738"}],"version-history":[{"count":12,"href":"https:\/\/www.pshhc.org\/es\/wp-json\/wp\/v2\/pages\/46738\/revisions"}],"predecessor-version":[{"id":138147,"href":"https:\/\/www.pshhc.org\/es\/wp-json\/wp\/v2\/pages\/46738\/revisions\/138147"}],"wp:featuredmedia":[{"embeddable":true,"href":"https:\/\/www.pshhc.org\/es\/wp-json\/wp\/v2\/media\/47400"}],"wp:attachment":[{"href":"https:\/\/www.pshhc.org\/es\/wp-json\/wp\/v2\/media?parent=46738"}],"curies":[{"name":"gracias","href":"https:\/\/api.w.org\/{rel}","templated":true}]}}