{"id":456,"date":"2019-05-28T14:28:51","date_gmt":"2019-05-28T14:28:51","guid":{"rendered":"https:\/\/www.pshhc.org\/?page_id=456"},"modified":"2026-02-19T01:08:43","modified_gmt":"2026-02-19T01:08:43","slug":"ways-to-give","status":"publish","type":"page","link":"https:\/\/www.pshhc.org\/es\/ways-to-give\/","title":{"rendered":"Maneras de dar"},"content":{"rendered":"<div class=\"wpb-content-wrapper\"><div data-vc-full-width=\"true\" data-vc-full-width-temp=\"true\" data-vc-full-width-init=\"false\" data-vc-stretch-content=\"true\" class=\"vc_row wpb_row vc_row-fluid inner-banner vc_row-no-padding\"><div class=\"wpb_column vc_column_container vc_col-sm-12\"><div class=\"vc_column-inner\"><div class=\"wpb_wrapper\">\n\t<div  class=\"wpb_single_image wpb_content_element vc_align_center wpb_content_element  bg-image\">\n\t\t\n\t\t<figure class=\"wpb_wrapper vc_figure\">\n\t\t\t<div class=\"vc_single_image-wrapper   vc_box_border_grey\"><img loading=\"lazy\" decoding=\"async\" width=\"1578\" height=\"1010\" src=\"https:\/\/www.pshhc.org\/wp-content\/uploads\/2020\/01\/041818_088-e1579899604722.jpg\" class=\"vc_single_image-img attachment-full\" alt=\"\" title=\"maneras-de-dar\" srcset=\"https:\/\/www.pshhc.org\/wp-content\/uploads\/2020\/01\/041818_088-e1579899604722.jpg 1578w, https:\/\/www.pshhc.org\/wp-content\/uploads\/2020\/01\/041818_088-e1579899604722-1536x983.jpg 1536w, https:\/\/www.pshhc.org\/wp-content\/uploads\/2020\/01\/041818_088-e1579899604722-18x12.jpg 18w, https:\/\/www.pshhc.org\/wp-content\/uploads\/2020\/01\/041818_088-e1579899604722-300x192.jpg 300w, https:\/\/www.pshhc.org\/wp-content\/uploads\/2020\/01\/041818_088-e1579899604722-768x492.jpg 768w, https:\/\/www.pshhc.org\/wp-content\/uploads\/2020\/01\/041818_088-e1579899604722-1024x655.jpg 1024w, https:\/\/www.pshhc.org\/wp-content\/uploads\/2020\/01\/041818_088-e1579899604722-600x384.jpg 600w\" sizes=\"auto, (max-width: 1578px) 100vw, 1578px\" \/><\/div>\n\t\t<\/figure>\n\t<\/div>\n<\/div><\/div><\/div><\/div><div class=\"vc_row-full-width vc_clearfix\"><\/div><div data-vc-full-width=\"true\" data-vc-full-width-temp=\"true\" data-vc-full-width-init=\"false\" data-vc-stretch-content=\"true\" class=\"vc_row wpb_row vc_row-fluid inner-housing-section vc_row-no-padding\"><div class=\"wpb_column vc_column_container vc_col-sm-12\"><div class=\"vc_column-inner\"><div class=\"wpb_wrapper\">\n\t<div class=\"wpb_text_column wpb_content_element container\" >\n\t\t<div class=\"wpb_wrapper\">\n\t\t\t<h2>Maneras de dar<\/h2>\n\n\t\t<\/div>\n\t<\/div>\n<\/div><\/div><\/div><\/div><div class=\"vc_row-full-width vc_clearfix\"><\/div><div data-vc-full-width=\"true\" data-vc-full-width-temp=\"true\" data-vc-full-width-init=\"false\" data-vc-stretch-content=\"true\" class=\"vc_row wpb_row vc_row-fluid rental-housing-section wider vc_row-no-padding\"><div class=\"wpb_column vc_column_container vc_col-sm-12\"><div class=\"vc_column-inner\"><div class=\"wpb_wrapper\"><div class=\"vc_row wpb_row vc_inner vc_row-fluid container vc_column-gap-30\"><div class=\"wpb_column vc_column_container vc_col-sm-3\"><div class=\"vc_column-inner\"><div class=\"wpb_wrapper\">\n\t<div  class=\"wpb_single_image wpb_content_element vc_align_center wpb_content_element\">\n\t\t\n\t\t<figure class=\"wpb_wrapper vc_figure\">\n\t\t\t<div class=\"vc_single_image-wrapper   vc_box_border_grey\"><img loading=\"lazy\" decoding=\"async\" width=\"270\" height=\"200\" src=\"https:\/\/www.pshhc.org\/wp-content\/uploads\/2023\/12\/Website-Section-Breaks.png\" class=\"vc_single_image-img attachment-full\" alt=\"\" title=\"Saltos de secci\u00f3n del sitio web\" srcset=\"https:\/\/www.pshhc.org\/wp-content\/uploads\/2023\/12\/Website-Section-Breaks.png 270w, https:\/\/www.pshhc.org\/wp-content\/uploads\/2023\/12\/Website-Section-Breaks-16x12.png 16w\" sizes=\"auto, (max-width: 270px) 100vw, 270px\" \/><\/div>\n\t\t<\/figure>\n\t<\/div>\n<\/div><\/div><\/div><div class=\"wpb_column vc_column_container vc_col-sm-9\"><div class=\"vc_column-inner\"><div class=\"wpb_wrapper\">\n\t<div class=\"wpb_text_column wpb_content_element tal\" >\n\t\t<div class=\"wpb_wrapper\">\n\t\t\t<h4>Regalos \u00fanicos<\/h4>\n<p>Cada donaci\u00f3n que haga a PSHH tiene la capacidad de transformar las vidas de miles de personas que lo merecen todos los d\u00edas. Personas mayores, estudiantes, veteranos, familias, personas trabajadoras, todos se benefician de su amabilidad.<\/p>\n<p>Una donaci\u00f3n sin restricciones a nuestras operaciones principales tendr\u00e1 el mayor impacto, pero otras \u00e1reas de donaci\u00f3n que sirven a poblaciones especiales o programas de apoyo espec\u00edficos tambi\u00e9n pueden tocar su coraz\u00f3n. <a href=\"https:\/\/form-renderer-app.donorperfect.io\/give\/pshh\" target=\"_blank\" rel=\"noopener\">\u00a1Haz tu regalo \u00fanico ahora!<\/a><\/p>\n\n\t\t<\/div>\n\t<\/div>\n<\/div><\/div><\/div><\/div><div class=\"vc_row wpb_row vc_inner vc_row-fluid container vc_column-gap-30\"><div class=\"wpb_column vc_column_container vc_col-sm-3\"><div class=\"vc_column-inner\"><div class=\"wpb_wrapper\">\n\t<div  class=\"wpb_single_image wpb_content_element vc_align_center wpb_content_element\">\n\t\t\n\t\t<figure class=\"wpb_wrapper vc_figure\">\n\t\t\t<div class=\"vc_single_image-wrapper   vc_box_border_grey\"><img loading=\"lazy\" decoding=\"async\" width=\"270\" height=\"200\" src=\"https:\/\/www.pshhc.org\/wp-content\/uploads\/2019\/05\/thumbs-give2.jpg\" class=\"vc_single_image-img attachment-full\" alt=\"\" title=\"madre hijo\" \/><\/div>\n\t\t<\/figure>\n\t<\/div>\n<\/div><\/div><\/div><div class=\"wpb_column vc_column_container vc_col-sm-9\"><div class=\"vc_column-inner\"><div class=\"wpb_wrapper\">\n\t<div class=\"wpb_text_column wpb_content_element tal\" >\n\t\t<div class=\"wpb_wrapper\">\n\t\t\t<h4>Donaciones mensuales<\/h4>\n<p>Genere un impacto duradero con una donaci\u00f3n recurrente que brinde un apoyo constante y confiable para nuestra misi\u00f3n. Su donaci\u00f3n mensual nos ayuda a planificar el futuro con confianza, lo que garantiza que nuestros programas y servicios vitales se mantengan s\u00f3lidos durante todo el a\u00f1o. Al configurar una contribuci\u00f3n autom\u00e1tica, puede apoyar lo que m\u00e1s le importa, sin esfuerzo. Y si bien no tendr\u00e1 que recordar donar cada mes, siempre recordaremos y apreciaremos su generosidad. <a href=\"https:\/\/form-renderer-app.donorperfect.io\/give\/peoples-self-help-housing\/monthly-giving\" target=\"_blank\" rel=\"noopener\">\u00a1Haz tu donaci\u00f3n mensual hoy!<\/a><\/p>\n\n\t\t<\/div>\n\t<\/div>\n<\/div><\/div><\/div><\/div><div class=\"vc_row wpb_row vc_inner vc_row-fluid container vc_column-gap-30\"><div class=\"wpb_column vc_column_container vc_col-sm-3\"><div class=\"vc_column-inner\"><div class=\"wpb_wrapper\">\n\t<div  class=\"wpb_single_image wpb_content_element vc_align_center wpb_content_element\">\n\t\t\n\t\t<figure class=\"wpb_wrapper vc_figure\">\n\t\t\t<div class=\"vc_single_image-wrapper   vc_box_border_grey\"><img loading=\"lazy\" decoding=\"async\" width=\"270\" height=\"200\" src=\"https:\/\/www.pshhc.org\/wp-content\/uploads\/2025\/01\/DAF.png\" class=\"vc_single_image-img attachment-full\" alt=\"\" title=\"DAF\" srcset=\"https:\/\/www.pshhc.org\/wp-content\/uploads\/2025\/01\/DAF.png 270w, https:\/\/www.pshhc.org\/wp-content\/uploads\/2025\/01\/DAF-16x12.png 16w\" sizes=\"auto, (max-width: 270px) 100vw, 270px\" \/><\/div>\n\t\t<\/figure>\n\t<\/div>\n<\/div><\/div><\/div><div class=\"wpb_column vc_column_container vc_col-sm-9\"><div class=\"vc_column-inner\"><div class=\"wpb_wrapper\">\n\t<div class=\"wpb_text_column wpb_content_element tal\" >\n\t\t<div class=\"wpb_wrapper\">\n\t\t\t<h4>Fondos asesorados por donantes<\/h4>\n<p>Su fondo asesorado por donantes (DAF) es una forma conveniente, flexible y fiscalmente eficiente de apoyar nuestro trabajo que cambia vidas. Recomi\u00e9ndenos una donaci\u00f3n directamente desde su DAF para generar un impacto inmediato. Simplemente comun\u00edquese con el administrador de su fondo y proporci\u00f3nenos nuestro n\u00famero de identificaci\u00f3n fiscal: 95-2750154. Para recibir asistencia, comun\u00edquese con nosotros a <a href=\"mailto:giving@pshhc.org\">giving@pshhc.org<\/a> o (805) 781-3088.<\/p>\n\n\t\t<\/div>\n\t<\/div>\n<\/div><\/div><\/div><\/div><div class=\"vc_row wpb_row vc_inner vc_row-fluid container vc_column-gap-30\"><div class=\"wpb_column vc_column_container vc_col-sm-3\"><div class=\"vc_column-inner\"><div class=\"wpb_wrapper\">\n\t<div  class=\"wpb_single_image wpb_content_element vc_align_center wpb_content_element\">\n\t\t\n\t\t<figure class=\"wpb_wrapper vc_figure\">\n\t\t\t<div class=\"vc_single_image-wrapper   vc_box_border_grey\"><img loading=\"lazy\" decoding=\"async\" width=\"270\" height=\"200\" src=\"https:\/\/www.pshhc.org\/wp-content\/uploads\/2019\/05\/thumbs-give3.jpg\" class=\"vc_single_image-img attachment-full\" alt=\"\" title=\"estudiantes-graduaci\u00f3n\" \/><\/div>\n\t\t<\/figure>\n\t<\/div>\n<\/div><\/div><\/div><div class=\"wpb_column vc_column_container vc_col-sm-9\"><div class=\"vc_column-inner\"><div class=\"wpb_wrapper\">\n\t<div class=\"wpb_text_column wpb_content_element tal\" >\n\t\t<div class=\"wpb_wrapper\">\n\t\t\t<h4>Regalos planificados<\/h4>\n<p><a href=\"https:\/\/www.pshhc.org\/es\/planned-giving\/\">Regalos planificados<\/a> Son algunas de las muestras de apoyo m\u00e1s conmovedoras que recibimos. Si ha incluido una provisi\u00f3n para PSHH en su planificaci\u00f3n patrimonial, inf\u00f3rmenos para que podamos reconocer su generosidad y visi\u00f3n. Podemos ser beneficiarios de planes de jubilaci\u00f3n, anualidades, donaciones de remanente caritativo, bienes ra\u00edces, acciones y la mayor\u00eda de las inversiones. Nuestro n\u00famero de identificaci\u00f3n fiscal # es 95-2750154, pero si su asesor financiero necesita m\u00e1s informaci\u00f3n, cont\u00e1ctenos en <a href=\"mailto:giving@pshhc.org\">give@pshhc.org. <\/a>Cuando haga una donaci\u00f3n de esta manera, perm\u00edtanos marcar su generosidad con un reconocimiento en nuestro c\u00edrculo de legado.<\/p>\n\n\t\t<\/div>\n\t<\/div>\n<\/div><\/div><\/div><\/div><div class=\"vc_row wpb_row vc_inner vc_row-fluid container vc_column-gap-30\"><div class=\"wpb_column vc_column_container vc_col-sm-3\"><div class=\"vc_column-inner\"><div class=\"wpb_wrapper\">\n\t<div  class=\"wpb_single_image wpb_content_element vc_align_center wpb_content_element\">\n\t\t\n\t\t<figure class=\"wpb_wrapper vc_figure\">\n\t\t\t<div class=\"vc_single_image-wrapper   vc_box_border_grey\"><img loading=\"lazy\" decoding=\"async\" width=\"387\" height=\"256\" src=\"https:\/\/www.pshhc.org\/wp-content\/uploads\/2024\/02\/EP-Wealth-Advisors.png\" class=\"vc_single_image-img attachment-full\" alt=\"\" title=\"Asesores patrimoniales del PE\" srcset=\"https:\/\/www.pshhc.org\/wp-content\/uploads\/2024\/02\/EP-Wealth-Advisors.png 387w, https:\/\/www.pshhc.org\/wp-content\/uploads\/2024\/02\/EP-Wealth-Advisors-300x198.png 300w, https:\/\/www.pshhc.org\/wp-content\/uploads\/2024\/02\/EP-Wealth-Advisors-18x12.png 18w\" sizes=\"auto, (max-width: 387px) 100vw, 387px\" \/><\/div>\n\t\t<\/figure>\n\t<\/div>\n<\/div><\/div><\/div><div class=\"wpb_column vc_column_container vc_col-sm-9\"><div class=\"vc_column-inner\"><div class=\"wpb_wrapper\">\n\t<div class=\"wpb_text_column wpb_content_element tal\" >\n\t\t<div class=\"wpb_wrapper\">\n\t\t\t<h4>Acciones y activos<\/h4>\n<p>Siempre estamos agradecidos por las donaciones de acciones y activos apreciados. Si desea apoyar a nuestra organizaci\u00f3n de esta manera, comun\u00edquese con:<\/p>\n<p><strong>Ashley Galien \u2013 Asesores Patrimoniales de EP<\/strong><br \/>\n892 Aerovista Place, Suite 220, San Luis Obispo, CA 93401<br \/>\n(805) 541-1308 <a href=\"mailto:agalien@ep-wealth.com\">agalien@ep-wealth.com<\/a><\/p>\n\n\t\t<\/div>\n\t<\/div>\n<\/div><\/div><\/div><\/div><div class=\"vc_row wpb_row vc_inner vc_row-fluid container vc_column-gap-30\"><div class=\"wpb_column vc_column_container vc_col-sm-3\"><div class=\"vc_column-inner\"><div class=\"wpb_wrapper\">\n\t<div  class=\"wpb_single_image wpb_content_element vc_align_center wpb_content_element\">\n\t\t\n\t\t<figure class=\"wpb_wrapper vc_figure\">\n\t\t\t<div class=\"vc_single_image-wrapper   vc_box_border_grey\"><img loading=\"lazy\" decoding=\"async\" width=\"387\" height=\"256\" src=\"https:\/\/www.pshhc.org\/wp-content\/uploads\/2025\/02\/Untitled-design-7.jpg\" class=\"vc_single_image-img attachment-full\" alt=\"\" title=\"Dise\u00f1o sin t\u00edtulo (7)\" srcset=\"https:\/\/www.pshhc.org\/wp-content\/uploads\/2025\/02\/Untitled-design-7.jpg 387w, https:\/\/www.pshhc.org\/wp-content\/uploads\/2025\/02\/Untitled-design-7-300x198.jpg 300w, https:\/\/www.pshhc.org\/wp-content\/uploads\/2025\/02\/Untitled-design-7-18x12.jpg 18w\" sizes=\"auto, (max-width: 387px) 100vw, 387px\" \/><\/div>\n\t\t<\/figure>\n\t<\/div>\n<\/div><\/div><\/div><div class=\"wpb_column vc_column_container vc_col-sm-9\"><div class=\"vc_column-inner\"><div class=\"wpb_wrapper\">\n\t<div class=\"wpb_text_column wpb_content_element tal\" >\n\t\t<div class=\"wpb_wrapper\">\n\t\t\t<h4>Donaciones equivalentes<\/h4>\n<p>Muchas empresas ofrecen programas de donaciones equivalentes, duplicando o incluso triplicando su donaci\u00f3n sin costo adicional. Consulte con su empleador para ver si su empresa cuenta con un programa de donaciones equivalentes. <a href=\"mailto:giving@pshhc.org\">Cont\u00e1ctenos<\/a>\u00a0para obtener ayuda.<\/p>\n<p>A continuaci\u00f3n se muestran varias formas automatizadas en las que su empresa puede establecer un programa de donaciones equivalentes: <a href=\"https:\/\/benevity.com\/solutions\/employee-engagement\" target=\"_blank\" rel=\"noopener\">Beneficencia<\/a>, <a href=\"https:\/\/www.frontstream.com\/panorama-workplace\" target=\"_blank\" rel=\"noopener\">Corriente frontal<\/a>, <a href=\"https:\/\/www.pledge.to\/solutions\/employee-giving\" target=\"_blank\" rel=\"noopener\">Compromiso<\/a>, <a href=\"https:\/\/www.bonterratech.com\/product\/employee-giving-software\" target=\"_blank\" rel=\"noopener\">Bonterra<\/a>, y <a href=\"https:\/\/www.yourcause.com\/products\/npoconnect\" target=\"_blank\" rel=\"noopener\">Tu Causa<\/a>.<\/p>\n\n\t\t<\/div>\n\t<\/div>\n<\/div><\/div><\/div><\/div><\/div><\/div><\/div><\/div><div class=\"vc_row-full-width vc_clearfix\"><\/div>\n<\/div>","protected":false},"excerpt":{"rendered":"Formas de hacer obsequios \u00fanicos Cada obsequio que usted haga a PSHH tiene la capacidad de transformar las vidas de miles de personas que lo merecen todos los d\u00edas. Las personas mayores, los estudiantes, los veteranos, las familias y las personas trabajadoras se benefician de su amabilidad. Una donaci\u00f3n sin restricciones a nuestras operaciones principales tendr\u00e1 el mayor impacto, pero otras \u00e1reas de donaci\u00f3n que tienen un efecto especial...  <a class=\"excerpt-read-more\" href=\"https:\/\/www.pshhc.org\/es\/ways-to-give\/\" title=\"Leer Maneras de Dar\">Leer m\u00e1s &quot;<\/a>","protected":false},"author":1102,"featured_media":2897,"parent":0,"menu_order":0,"comment_status":"closed","ping_status":"closed","template":"page-wide.php","meta":{"_acf_changed":false,"footnotes":""},"class_list":["post-456","page","type-page","status-publish","has-post-thumbnail","hentry"],"acf":[],"yoast_head":"<!-- This site is optimized with the Yoast SEO plugin v26.9 - https:\/\/yoast.com\/product\/yoast-seo-wordpress\/ -->\n<title>Ways to Give - People&#039;s Self-Help Housing<\/title>\n<meta name=\"description\" content=\"Every gift you make to PSHH has the ability to transform the lives of thousands of deserving people everyday. Seniors, students, veterans, families, hardworking individuals all benefit from your kindness.\" \/>\n<meta name=\"robots\" content=\"index, follow, max-snippet:-1, max-image-preview:large, max-video-preview:-1\" \/>\n<link rel=\"canonical\" href=\"https:\/\/www.pshhc.org\/es\/ways-to-give\/\" \/>\n<meta property=\"og:locale\" content=\"es_MX\" \/>\n<meta property=\"og:type\" content=\"article\" \/>\n<meta property=\"og:title\" content=\"Ways to Give - People&#039;s Self-Help Housing\" \/>\n<meta property=\"og:description\" content=\"Every gift you make to PSHH has the ability to transform the lives of thousands of deserving people everyday. Seniors, students, veterans, families, hardworking individuals all benefit from your kindness.\" \/>\n<meta property=\"og:url\" content=\"https:\/\/www.pshhc.org\/es\/ways-to-give\/\" \/>\n<meta property=\"og:site_name\" content=\"People&#039;s Self-Help Housing\" \/>\n<meta property=\"article:modified_time\" content=\"2026-02-19T01:08:43+00:00\" \/>\n<meta property=\"og:image\" content=\"https:\/\/www.pshhc.org\/wp-content\/uploads\/2020\/01\/041818_088-e1579899604722.jpg\" \/>\n\t<meta property=\"og:image:width\" content=\"1578\" \/>\n\t<meta property=\"og:image:height\" content=\"1010\" \/>\n\t<meta property=\"og:image:type\" content=\"image\/jpeg\" \/>\n<meta name=\"twitter:card\" content=\"summary_large_image\" \/>\n<meta name=\"twitter:label1\" content=\"Tiempo de lectura\" \/>\n\t<meta name=\"twitter:data1\" content=\"4 minutos\" \/>\n<script type=\"application\/ld+json\" class=\"yoast-schema-graph\">{\"@context\":\"https:\/\/schema.org\",\"@graph\":[{\"@type\":\"WebPage\",\"@id\":\"https:\/\/www.pshhc.org\/ways-to-give\/\",\"url\":\"https:\/\/www.pshhc.org\/ways-to-give\/\",\"name\":\"Ways to Give - People&#039;s Self-Help Housing\",\"isPartOf\":{\"@id\":\"https:\/\/www.pshhc.org\/#website\"},\"primaryImageOfPage\":{\"@id\":\"https:\/\/www.pshhc.org\/ways-to-give\/#primaryimage\"},\"image\":{\"@id\":\"https:\/\/www.pshhc.org\/ways-to-give\/#primaryimage\"},\"thumbnailUrl\":\"https:\/\/www.pshhc.org\/wp-content\/uploads\/2020\/01\/041818_088-e1579899604722.jpg\",\"datePublished\":\"2019-05-28T14:28:51+00:00\",\"dateModified\":\"2026-02-19T01:08:43+00:00\",\"description\":\"Every gift you make to PSHH has the ability to transform the lives of thousands of deserving people everyday. Seniors, students, veterans, families, hardworking individuals all benefit from your kindness.\",\"breadcrumb\":{\"@id\":\"https:\/\/www.pshhc.org\/ways-to-give\/#breadcrumb\"},\"inLanguage\":\"es\",\"potentialAction\":[{\"@type\":\"ReadAction\",\"target\":[\"https:\/\/www.pshhc.org\/ways-to-give\/\"]}]},{\"@type\":\"ImageObject\",\"inLanguage\":\"es\",\"@id\":\"https:\/\/www.pshhc.org\/ways-to-give\/#primaryimage\",\"url\":\"https:\/\/www.pshhc.org\/wp-content\/uploads\/2020\/01\/041818_088-e1579899604722.jpg\",\"contentUrl\":\"https:\/\/www.pshhc.org\/wp-content\/uploads\/2020\/01\/041818_088-e1579899604722.jpg\",\"width\":1578,\"height\":1010},{\"@type\":\"BreadcrumbList\",\"@id\":\"https:\/\/www.pshhc.org\/ways-to-give\/#breadcrumb\",\"itemListElement\":[{\"@type\":\"ListItem\",\"position\":1,\"name\":\"Home\",\"item\":\"https:\/\/www.pshhc.org\/\"},{\"@type\":\"ListItem\",\"position\":2,\"name\":\"Ways to Give\"}]},{\"@type\":\"WebSite\",\"@id\":\"https:\/\/www.pshhc.org\/#website\",\"url\":\"https:\/\/www.pshhc.org\/\",\"name\":\"People&#039;s Self-Help Housing\",\"description\":\"People&#039;s Self-Help Housing\",\"potentialAction\":[{\"@type\":\"SearchAction\",\"target\":{\"@type\":\"EntryPoint\",\"urlTemplate\":\"https:\/\/www.pshhc.org\/?s={search_term_string}\"},\"query-input\":{\"@type\":\"PropertyValueSpecification\",\"valueRequired\":true,\"valueName\":\"search_term_string\"}}],\"inLanguage\":\"es\"}]}<\/script>\n<!-- \/ Yoast SEO plugin. -->","yoast_head_json":{"title":"Formas de donar - Vivienda de autoayuda para personas","description":"Cada donaci\u00f3n que haga a PSHH tiene la capacidad de transformar las vidas de miles de personas que lo merecen todos los d\u00edas. Personas mayores, estudiantes, veteranos, familias, personas trabajadoras, todos se benefician de su amabilidad.","robots":{"index":"index","follow":"follow","max-snippet":"max-snippet:-1","max-image-preview":"max-image-preview:large","max-video-preview":"max-video-preview:-1"},"canonical":"https:\/\/www.pshhc.org\/es\/ways-to-give\/","og_locale":"es_MX","og_type":"article","og_title":"Ways to Give - People&#039;s Self-Help Housing","og_description":"Every gift you make to PSHH has the ability to transform the lives of thousands of deserving people everyday. Seniors, students, veterans, families, hardworking individuals all benefit from your kindness.","og_url":"https:\/\/www.pshhc.org\/es\/ways-to-give\/","og_site_name":"People&#039;s Self-Help Housing","article_modified_time":"2026-02-19T01:08:43+00:00","og_image":[{"width":1578,"height":1010,"url":"https:\/\/www.pshhc.org\/wp-content\/uploads\/2020\/01\/041818_088-e1579899604722.jpg","type":"image\/jpeg"}],"twitter_card":"summary_large_image","twitter_misc":{"Tiempo de lectura":"4 minutos"},"schema":{"@context":"https:\/\/schema.org","@graph":[{"@type":"WebPage","@id":"https:\/\/www.pshhc.org\/ways-to-give\/","url":"https:\/\/www.pshhc.org\/ways-to-give\/","name":"Formas de donar - Vivienda de autoayuda para personas","isPartOf":{"@id":"https:\/\/www.pshhc.org\/#website"},"primaryImageOfPage":{"@id":"https:\/\/www.pshhc.org\/ways-to-give\/#primaryimage"},"image":{"@id":"https:\/\/www.pshhc.org\/ways-to-give\/#primaryimage"},"thumbnailUrl":"https:\/\/www.pshhc.org\/wp-content\/uploads\/2020\/01\/041818_088-e1579899604722.jpg","datePublished":"2019-05-28T14:28:51+00:00","dateModified":"2026-02-19T01:08:43+00:00","description":"Cada donaci\u00f3n que haga a PSHH tiene la capacidad de transformar las vidas de miles de personas que lo merecen todos los d\u00edas. Personas mayores, estudiantes, veteranos, familias, personas trabajadoras, todos se benefician de su amabilidad.","breadcrumb":{"@id":"https:\/\/www.pshhc.org\/ways-to-give\/#breadcrumb"},"inLanguage":"es","potentialAction":[{"@type":"ReadAction","target":["https:\/\/www.pshhc.org\/ways-to-give\/"]}]},{"@type":"ImageObject","inLanguage":"es","@id":"https:\/\/www.pshhc.org\/ways-to-give\/#primaryimage","url":"https:\/\/www.pshhc.org\/wp-content\/uploads\/2020\/01\/041818_088-e1579899604722.jpg","contentUrl":"https:\/\/www.pshhc.org\/wp-content\/uploads\/2020\/01\/041818_088-e1579899604722.jpg","width":1578,"height":1010},{"@type":"BreadcrumbList","@id":"https:\/\/www.pshhc.org\/ways-to-give\/#breadcrumb","itemListElement":[{"@type":"ListItem","position":1,"name":"Home","item":"https:\/\/www.pshhc.org\/"},{"@type":"ListItem","position":2,"name":"Ways to Give"}]},{"@type":"WebSite","@id":"https:\/\/www.pshhc.org\/#website","url":"https:\/\/www.pshhc.org\/","name":"Vivienda de autoayuda de People &amp; #039; s","description":"Vivienda de autoayuda de People &amp; #039; s","potentialAction":[{"@type":"SearchAction","target":{"@type":"EntryPoint","urlTemplate":"https:\/\/www.pshhc.org\/?s={search_term_string}"},"query-input":{"@type":"PropertyValueSpecification","valueRequired":true,"valueName":"search_term_string"}}],"inLanguage":"es"}]}},"jetpack_sharing_enabled":true,"_links":{"self":[{"href":"https:\/\/www.pshhc.org\/es\/wp-json\/wp\/v2\/pages\/456","targetHints":{"allow":["GET"]}}],"collection":[{"href":"https:\/\/www.pshhc.org\/es\/wp-json\/wp\/v2\/pages"}],"about":[{"href":"https:\/\/www.pshhc.org\/es\/wp-json\/wp\/v2\/types\/page"}],"author":[{"embeddable":true,"href":"https:\/\/www.pshhc.org\/es\/wp-json\/wp\/v2\/users\/1102"}],"replies":[{"embeddable":true,"href":"https:\/\/www.pshhc.org\/es\/wp-json\/wp\/v2\/comments?post=456"}],"version-history":[{"count":43,"href":"https:\/\/www.pshhc.org\/es\/wp-json\/wp\/v2\/pages\/456\/revisions"}],"predecessor-version":[{"id":140400,"href":"https:\/\/www.pshhc.org\/es\/wp-json\/wp\/v2\/pages\/456\/revisions\/140400"}],"wp:featuredmedia":[{"embeddable":true,"href":"https:\/\/www.pshhc.org\/es\/wp-json\/wp\/v2\/media\/2897"}],"wp:attachment":[{"href":"https:\/\/www.pshhc.org\/es\/wp-json\/wp\/v2\/media?parent=456"}],"curies":[{"name":"gracias","href":"https:\/\/api.w.org\/{rel}","templated":true}]}}