{"id":349,"date":"2019-05-23T08:49:10","date_gmt":"2019-05-23T08:49:10","guid":{"rendered":"https:\/\/www.pshhc.org\/?page_id=349"},"modified":"2025-11-26T19:20:28","modified_gmt":"2025-11-26T19:20:28","slug":"health-wellbeing","status":"publish","type":"page","link":"https:\/\/www.pshhc.org\/es\/health-wellbeing\/","title":{"rendered":"Salud y Bienestar"},"content":{"rendered":"<div class=\"wpb-content-wrapper\"><div data-vc-full-width=\"true\" data-vc-full-width-temp=\"true\" data-vc-full-width-init=\"false\" data-vc-stretch-content=\"true\" class=\"vc_row wpb_row vc_row-fluid inner-banner vc_row-no-padding\"><div class=\"wpb_column vc_column_container vc_col-sm-12\"><div class=\"vc_column-inner\"><div class=\"wpb_wrapper\">\n\t<div  class=\"wpb_single_image wpb_content_element vc_align_center wpb_content_element  bg-image\">\n\t\t\n\t\t<figure class=\"wpb_wrapper vc_figure\">\n\t\t\t<div class=\"vc_single_image-wrapper   vc_box_border_grey\"><img loading=\"lazy\" decoding=\"async\" width=\"2400\" height=\"1398\" src=\"https:\/\/www.pshhc.org\/wp-content\/uploads\/2020\/01\/18_BlockParty182-e1579897696348.jpg\" class=\"vc_single_image-img attachment-full\" alt=\"\" title=\"fiesta en la calle\" srcset=\"https:\/\/www.pshhc.org\/wp-content\/uploads\/2020\/01\/18_BlockParty182-e1579897696348.jpg 2400w, https:\/\/www.pshhc.org\/wp-content\/uploads\/2020\/01\/18_BlockParty182-e1579897696348-1536x895.jpg 1536w, https:\/\/www.pshhc.org\/wp-content\/uploads\/2020\/01\/18_BlockParty182-e1579897696348-2048x1193.jpg 2048w, https:\/\/www.pshhc.org\/wp-content\/uploads\/2020\/01\/18_BlockParty182-e1579897696348-18x10.jpg 18w, https:\/\/www.pshhc.org\/wp-content\/uploads\/2020\/01\/18_BlockParty182-e1579897696348-300x175.jpg 300w, https:\/\/www.pshhc.org\/wp-content\/uploads\/2020\/01\/18_BlockParty182-e1579897696348-768x447.jpg 768w, https:\/\/www.pshhc.org\/wp-content\/uploads\/2020\/01\/18_BlockParty182-e1579897696348-1024x596.jpg 1024w, https:\/\/www.pshhc.org\/wp-content\/uploads\/2020\/01\/18_BlockParty182-e1579897696348-600x350.jpg 600w\" sizes=\"auto, (max-width: 2400px) 100vw, 2400px\" \/><\/div>\n\t\t<\/figure>\n\t<\/div>\n<\/div><\/div><\/div><\/div><div class=\"vc_row-full-width vc_clearfix\"><\/div><div data-vc-full-width=\"true\" data-vc-full-width-temp=\"true\" data-vc-full-width-init=\"false\" data-vc-stretch-content=\"true\" class=\"vc_row wpb_row vc_row-fluid inner-housing-section vc_row-no-padding\"><div class=\"wpb_column vc_column_container vc_col-sm-12\"><div class=\"vc_column-inner\"><div class=\"wpb_wrapper\">\n\t<div class=\"wpb_text_column wpb_content_element container\" >\n\t\t<div class=\"wpb_wrapper\">\n\t\t\t<h2>Salud y Bienestar<\/h2>\n\n\t\t<\/div>\n\t<\/div>\n<\/div><\/div><\/div><\/div><div class=\"vc_row-full-width vc_clearfix\"><\/div><div data-vc-full-width=\"true\" data-vc-full-width-temp=\"true\" data-vc-full-width-init=\"false\" data-vc-stretch-content=\"true\" class=\"vc_row wpb_row vc_row-fluid rental-housing-section wider vc_row-no-padding\"><div class=\"wpb_column vc_column_container vc_col-sm-12\"><div class=\"vc_column-inner\"><div class=\"wpb_wrapper\"><div class=\"vc_row wpb_row vc_inner vc_row-fluid container vc_column-gap-30\"><div class=\"wpb_column vc_column_container vc_col-sm-3\"><div class=\"vc_column-inner\"><div class=\"wpb_wrapper\">\n\t<div  class=\"wpb_single_image wpb_content_element vc_align_center wpb_content_element\">\n\t\t\n\t\t<figure class=\"wpb_wrapper vc_figure\">\n\t\t\t<div class=\"vc_single_image-wrapper   vc_box_border_grey\"><img loading=\"lazy\" decoding=\"async\" width=\"270\" height=\"200\" src=\"https:\/\/www.pshhc.org\/wp-content\/uploads\/2019\/05\/thumbs-health2.jpg\" class=\"vc_single_image-img attachment-full\" alt=\"\" title=\"salud-baile\" \/><\/div>\n\t\t<\/figure>\n\t<\/div>\n<\/div><\/div><\/div><div class=\"wpb_column vc_column_container vc_col-sm-9\"><div class=\"vc_column-inner\"><div class=\"wpb_wrapper\">\n\t<div class=\"wpb_text_column wpb_content_element tal\" >\n\t\t<div class=\"wpb_wrapper\">\n\t\t\t<p>Los servicios de salud y bienestar est\u00e1n disponibles a trav\u00e9s de referencias y cl\u00ednicas en el lugar. Desde el d\u00eda en que se muda un nuevo residente, o si un evento de la vida genera una necesidad, estamos listos para brindar apoyo y orientaci\u00f3n. Para coordinar la atenci\u00f3n centrada en el cliente, el equipo de SHP ofrece conexiones con ex\u00e1menes de salud, asesoramiento, distribuci\u00f3n de alimentos, asistencia con el alquiler, seminarios de bienestar y m\u00e1s.<\/p>\n<p><a href=\"https:\/\/form-renderer-app.donorperfect.io\/give\/peoples-self-help-housing\/give-today-supportive-housing\" target=\"_blank\" rel=\"noopener\">\u00a1Ayuda a construir comunidades m\u00e1s saludables!<\/a><\/p>\n\n\t\t<\/div>\n\t<\/div>\n<\/div><\/div><\/div><\/div><\/div><\/div><\/div><\/div><div class=\"vc_row-full-width vc_clearfix\"><\/div>\n<\/div>","protected":false},"excerpt":{"rendered":"Salud y bienestar Los servicios de bienestar y atenci\u00f3n m\u00e9dica est\u00e1n disponibles a trav\u00e9s de referencias y cl\u00ednicas en el lugar. Desde el d\u00eda en que se muda un nuevo residente, o si un evento de la vida genera una necesidad, estamos listos para brindar apoyo y orientaci\u00f3n. Para coordinar la atenci\u00f3n centrada en el cliente, el equipo de SHP ofrece conexiones para ex\u00e1menes de salud, asesoramiento, distribuci\u00f3n de alimentos, asistencia para el alquiler,...  <a class=\"excerpt-read-more\" href=\"https:\/\/www.pshhc.org\/es\/health-wellbeing\/\" title=\"Leer Salud y Bienestar\">Leer m\u00e1s &quot;<\/a>","protected":false},"author":1102,"featured_media":2892,"parent":0,"menu_order":0,"comment_status":"closed","ping_status":"closed","template":"page-wide.php","meta":{"_acf_changed":false,"footnotes":""},"class_list":["post-349","page","type-page","status-publish","has-post-thumbnail","hentry"],"acf":[],"yoast_head":"<!-- This site is optimized with the Yoast SEO plugin v26.9 - https:\/\/yoast.com\/product\/yoast-seo-wordpress\/ -->\n<title>Health &amp; Well-Being - People&#039;s Self-Help Housing<\/title>\n<meta name=\"description\" content=\"Connections to wellness and healthcare services from our service providers are available to all of our residents through referrals and onsite education. From the day a new resident moves into our neighborhood, or if a life event prompts a need,\" \/>\n<meta name=\"robots\" content=\"index, follow, max-snippet:-1, max-image-preview:large, max-video-preview:-1\" \/>\n<link rel=\"canonical\" href=\"https:\/\/www.pshhc.org\/es\/health-wellbeing\/\" \/>\n<meta property=\"og:locale\" content=\"es_MX\" \/>\n<meta property=\"og:type\" content=\"article\" \/>\n<meta property=\"og:title\" content=\"Health &amp; Well-Being - People&#039;s Self-Help Housing\" \/>\n<meta property=\"og:description\" content=\"Connections to wellness and healthcare services from our service providers are available to all of our residents through referrals and onsite education. From the day a new resident moves into our neighborhood, or if a life event prompts a need,\" \/>\n<meta property=\"og:url\" content=\"https:\/\/www.pshhc.org\/es\/health-wellbeing\/\" \/>\n<meta property=\"og:site_name\" content=\"People&#039;s Self-Help Housing\" \/>\n<meta property=\"article:modified_time\" content=\"2025-11-26T19:20:28+00:00\" \/>\n<meta property=\"og:image\" content=\"https:\/\/www.pshhc.org\/wp-content\/uploads\/2020\/01\/18_BlockParty182-e1579897696348.jpg\" \/>\n\t<meta property=\"og:image:width\" content=\"2400\" \/>\n\t<meta property=\"og:image:height\" content=\"1398\" \/>\n\t<meta property=\"og:image:type\" content=\"image\/jpeg\" \/>\n<meta name=\"twitter:card\" content=\"summary_large_image\" \/>\n<meta name=\"twitter:label1\" content=\"Tiempo de lectura\" \/>\n\t<meta name=\"twitter:data1\" content=\"1 minuto\" \/>\n<script type=\"application\/ld+json\" class=\"yoast-schema-graph\">{\"@context\":\"https:\/\/schema.org\",\"@graph\":[{\"@type\":\"WebPage\",\"@id\":\"https:\/\/www.pshhc.org\/health-wellbeing\/\",\"url\":\"https:\/\/www.pshhc.org\/health-wellbeing\/\",\"name\":\"Health & Well-Being - People&#039;s Self-Help Housing\",\"isPartOf\":{\"@id\":\"https:\/\/www.pshhc.org\/#website\"},\"primaryImageOfPage\":{\"@id\":\"https:\/\/www.pshhc.org\/health-wellbeing\/#primaryimage\"},\"image\":{\"@id\":\"https:\/\/www.pshhc.org\/health-wellbeing\/#primaryimage\"},\"thumbnailUrl\":\"https:\/\/www.pshhc.org\/wp-content\/uploads\/2020\/01\/18_BlockParty182-e1579897696348.jpg\",\"datePublished\":\"2019-05-23T08:49:10+00:00\",\"dateModified\":\"2025-11-26T19:20:28+00:00\",\"description\":\"Connections to wellness and healthcare services from our service providers are available to all of our residents through referrals and onsite education. From the day a new resident moves into our neighborhood, or if a life event prompts a need,\",\"breadcrumb\":{\"@id\":\"https:\/\/www.pshhc.org\/health-wellbeing\/#breadcrumb\"},\"inLanguage\":\"es\",\"potentialAction\":[{\"@type\":\"ReadAction\",\"target\":[\"https:\/\/www.pshhc.org\/health-wellbeing\/\"]}]},{\"@type\":\"ImageObject\",\"inLanguage\":\"es\",\"@id\":\"https:\/\/www.pshhc.org\/health-wellbeing\/#primaryimage\",\"url\":\"https:\/\/www.pshhc.org\/wp-content\/uploads\/2020\/01\/18_BlockParty182-e1579897696348.jpg\",\"contentUrl\":\"https:\/\/www.pshhc.org\/wp-content\/uploads\/2020\/01\/18_BlockParty182-e1579897696348.jpg\",\"width\":2400,\"height\":1398},{\"@type\":\"BreadcrumbList\",\"@id\":\"https:\/\/www.pshhc.org\/health-wellbeing\/#breadcrumb\",\"itemListElement\":[{\"@type\":\"ListItem\",\"position\":1,\"name\":\"Home\",\"item\":\"https:\/\/www.pshhc.org\/\"},{\"@type\":\"ListItem\",\"position\":2,\"name\":\"Health &#038; Well-Being\"}]},{\"@type\":\"WebSite\",\"@id\":\"https:\/\/www.pshhc.org\/#website\",\"url\":\"https:\/\/www.pshhc.org\/\",\"name\":\"People&#039;s Self-Help Housing\",\"description\":\"People&#039;s Self-Help Housing\",\"potentialAction\":[{\"@type\":\"SearchAction\",\"target\":{\"@type\":\"EntryPoint\",\"urlTemplate\":\"https:\/\/www.pshhc.org\/?s={search_term_string}\"},\"query-input\":{\"@type\":\"PropertyValueSpecification\",\"valueRequired\":true,\"valueName\":\"search_term_string\"}}],\"inLanguage\":\"es\"}]}<\/script>\n<!-- \/ Yoast SEO plugin. -->","yoast_head_json":{"title":"Salud y bienestar - Vivienda de autoayuda para personas","description":"Todos nuestros residentes tienen acceso a servicios de bienestar y atenci\u00f3n m\u00e9dica de nuestros proveedores mediante referencias y educaci\u00f3n en el lugar. Desde el d\u00eda en que un nuevo residente se muda a nuestro vecindario, o si un evento vital genera una necesidad,","robots":{"index":"index","follow":"follow","max-snippet":"max-snippet:-1","max-image-preview":"max-image-preview:large","max-video-preview":"max-video-preview:-1"},"canonical":"https:\/\/www.pshhc.org\/es\/health-wellbeing\/","og_locale":"es_MX","og_type":"article","og_title":"Health & Well-Being - People&#039;s Self-Help Housing","og_description":"Connections to wellness and healthcare services from our service providers are available to all of our residents through referrals and onsite education. From the day a new resident moves into our neighborhood, or if a life event prompts a need,","og_url":"https:\/\/www.pshhc.org\/es\/health-wellbeing\/","og_site_name":"People&#039;s Self-Help Housing","article_modified_time":"2025-11-26T19:20:28+00:00","og_image":[{"width":2400,"height":1398,"url":"https:\/\/www.pshhc.org\/wp-content\/uploads\/2020\/01\/18_BlockParty182-e1579897696348.jpg","type":"image\/jpeg"}],"twitter_card":"summary_large_image","twitter_misc":{"Tiempo de lectura":"1 minuto"},"schema":{"@context":"https:\/\/schema.org","@graph":[{"@type":"WebPage","@id":"https:\/\/www.pshhc.org\/health-wellbeing\/","url":"https:\/\/www.pshhc.org\/health-wellbeing\/","name":"Salud y bienestar - Vivienda de autoayuda para personas","isPartOf":{"@id":"https:\/\/www.pshhc.org\/#website"},"primaryImageOfPage":{"@id":"https:\/\/www.pshhc.org\/health-wellbeing\/#primaryimage"},"image":{"@id":"https:\/\/www.pshhc.org\/health-wellbeing\/#primaryimage"},"thumbnailUrl":"https:\/\/www.pshhc.org\/wp-content\/uploads\/2020\/01\/18_BlockParty182-e1579897696348.jpg","datePublished":"2019-05-23T08:49:10+00:00","dateModified":"2025-11-26T19:20:28+00:00","description":"Todos nuestros residentes tienen acceso a servicios de bienestar y atenci\u00f3n m\u00e9dica de nuestros proveedores mediante referencias y educaci\u00f3n en el lugar. Desde el d\u00eda en que un nuevo residente se muda a nuestro vecindario, o si un evento vital genera una necesidad,","breadcrumb":{"@id":"https:\/\/www.pshhc.org\/health-wellbeing\/#breadcrumb"},"inLanguage":"es","potentialAction":[{"@type":"ReadAction","target":["https:\/\/www.pshhc.org\/health-wellbeing\/"]}]},{"@type":"ImageObject","inLanguage":"es","@id":"https:\/\/www.pshhc.org\/health-wellbeing\/#primaryimage","url":"https:\/\/www.pshhc.org\/wp-content\/uploads\/2020\/01\/18_BlockParty182-e1579897696348.jpg","contentUrl":"https:\/\/www.pshhc.org\/wp-content\/uploads\/2020\/01\/18_BlockParty182-e1579897696348.jpg","width":2400,"height":1398},{"@type":"BreadcrumbList","@id":"https:\/\/www.pshhc.org\/health-wellbeing\/#breadcrumb","itemListElement":[{"@type":"ListItem","position":1,"name":"Home","item":"https:\/\/www.pshhc.org\/"},{"@type":"ListItem","position":2,"name":"Health &#038; Well-Being"}]},{"@type":"WebSite","@id":"https:\/\/www.pshhc.org\/#website","url":"https:\/\/www.pshhc.org\/","name":"Vivienda de autoayuda de People &amp; #039; s","description":"Vivienda de autoayuda de People &amp; #039; s","potentialAction":[{"@type":"SearchAction","target":{"@type":"EntryPoint","urlTemplate":"https:\/\/www.pshhc.org\/?s={search_term_string}"},"query-input":{"@type":"PropertyValueSpecification","valueRequired":true,"valueName":"search_term_string"}}],"inLanguage":"es"}]}},"jetpack_sharing_enabled":true,"_links":{"self":[{"href":"https:\/\/www.pshhc.org\/es\/wp-json\/wp\/v2\/pages\/349","targetHints":{"allow":["GET"]}}],"collection":[{"href":"https:\/\/www.pshhc.org\/es\/wp-json\/wp\/v2\/pages"}],"about":[{"href":"https:\/\/www.pshhc.org\/es\/wp-json\/wp\/v2\/types\/page"}],"author":[{"embeddable":true,"href":"https:\/\/www.pshhc.org\/es\/wp-json\/wp\/v2\/users\/1102"}],"replies":[{"embeddable":true,"href":"https:\/\/www.pshhc.org\/es\/wp-json\/wp\/v2\/comments?post=349"}],"version-history":[{"count":24,"href":"https:\/\/www.pshhc.org\/es\/wp-json\/wp\/v2\/pages\/349\/revisions"}],"predecessor-version":[{"id":139663,"href":"https:\/\/www.pshhc.org\/es\/wp-json\/wp\/v2\/pages\/349\/revisions\/139663"}],"wp:featuredmedia":[{"embeddable":true,"href":"https:\/\/www.pshhc.org\/es\/wp-json\/wp\/v2\/media\/2892"}],"wp:attachment":[{"href":"https:\/\/www.pshhc.org\/es\/wp-json\/wp\/v2\/media?parent=349"}],"curies":[{"name":"gracias","href":"https:\/\/api.w.org\/{rel}","templated":true}]}}