{"id":331,"date":"2019-05-23T08:45:59","date_gmt":"2019-05-23T08:45:59","guid":{"rendered":"https:\/\/www.pshhc.org\/?page_id=331"},"modified":"2026-02-24T21:54:13","modified_gmt":"2026-02-24T21:54:13","slug":"rental-pipeline","status":"publish","type":"page","link":"https:\/\/www.pshhc.org\/es\/rental-pipeline\/","title":{"rendered":"Tuber\u00eda de viviendas de alquiler"},"content":{"rendered":"<div class=\"wpb-content-wrapper\"><div data-vc-full-width=\"true\" data-vc-full-width-temp=\"true\" data-vc-full-width-init=\"false\" data-vc-stretch-content=\"true\" class=\"vc_row wpb_row vc_row-fluid inner-banner vc_row-no-padding\"><div class=\"wpb_column vc_column_container vc_col-sm-12\"><div class=\"vc_column-inner\"><div class=\"wpb_wrapper\">\n\t<div  class=\"wpb_single_image wpb_content_element vc_align_center wpb_content_element  bg-image\">\n\t\t\n\t\t<figure class=\"wpb_wrapper vc_figure\">\n\t\t\t<div class=\"vc_single_image-wrapper   vc_box_border_grey\"><img loading=\"lazy\" decoding=\"async\" width=\"1850\" height=\"915\" src=\"https:\/\/www.pshhc.org\/wp-content\/uploads\/2024\/02\/Rendering.jpg\" class=\"vc_single_image-img attachment-full\" alt=\"\" title=\"Representaci\u00f3n\" srcset=\"https:\/\/www.pshhc.org\/wp-content\/uploads\/2024\/02\/Rendering.jpg 1850w, https:\/\/www.pshhc.org\/wp-content\/uploads\/2024\/02\/Rendering-300x148.jpg 300w, https:\/\/www.pshhc.org\/wp-content\/uploads\/2024\/02\/Rendering-1024x506.jpg 1024w, https:\/\/www.pshhc.org\/wp-content\/uploads\/2024\/02\/Rendering-768x380.jpg 768w, https:\/\/www.pshhc.org\/wp-content\/uploads\/2024\/02\/Rendering-1536x760.jpg 1536w, https:\/\/www.pshhc.org\/wp-content\/uploads\/2024\/02\/Rendering-18x9.jpg 18w\" sizes=\"auto, (max-width: 1850px) 100vw, 1850px\" \/><\/div>\n\t\t<\/figure>\n\t<\/div>\n<\/div><\/div><\/div><\/div><div class=\"vc_row-full-width vc_clearfix\"><\/div><div data-vc-full-width=\"true\" data-vc-full-width-temp=\"true\" data-vc-full-width-init=\"false\" data-vc-stretch-content=\"true\" class=\"vc_row wpb_row vc_row-fluid inner-housing-section vc_row-no-padding\"><div class=\"wpb_column vc_column_container vc_col-sm-12\"><div class=\"vc_column-inner\"><div class=\"wpb_wrapper\">\n\t<div class=\"wpb_text_column wpb_content_element container\" >\n\t\t<div class=\"wpb_wrapper\">\n\t\t\t<h2 style=\"text-align: center;\">Tuber\u00eda de viviendas de alquiler<\/h2>\n\n\t\t<\/div>\n\t<\/div>\n<\/div><\/div><\/div><\/div><div class=\"vc_row-full-width vc_clearfix\"><\/div><div data-vc-full-width=\"true\" data-vc-full-width-temp=\"true\" data-vc-full-width-init=\"false\" data-vc-stretch-content=\"true\" class=\"vc_row wpb_row vc_row-fluid rental-housing-section wider vc_row-no-padding\"><div class=\"wpb_column vc_column_container vc_col-sm-12\"><div class=\"vc_column-inner\"><div class=\"wpb_wrapper\">\n\t<div class=\"wpb_text_column wpb_content_element vc_custom_1708556424784\" >\n\t\t<div class=\"wpb_wrapper\">\n\t\t\t<h2 class=\"section-heading\">Bajo construcci\u00f3n:<\/h2>\n\n\t\t<\/div>\n\t<\/div>\n<div class=\"vc_row wpb_row vc_inner vc_row-fluid container vc_column-gap-30\"><div class=\"wpb_column vc_column_container vc_col-sm-3\"><div class=\"vc_column-inner\"><div class=\"wpb_wrapper\">\n\t<div  class=\"wpb_single_image wpb_content_element vc_align_center wpb_content_element\">\n\t\t\n\t\t<figure class=\"wpb_wrapper vc_figure\">\n\t\t\t<div class=\"vc_single_image-wrapper   vc_box_border_grey\"><img loading=\"lazy\" decoding=\"async\" width=\"290\" height=\"220\" src=\"https:\/\/www.pshhc.org\/wp-content\/uploads\/2024\/02\/2-2.png\" class=\"vc_single_image-img attachment-full\" alt=\"\" title=\"2\" srcset=\"https:\/\/www.pshhc.org\/wp-content\/uploads\/2024\/02\/2-2.png 290w, https:\/\/www.pshhc.org\/wp-content\/uploads\/2024\/02\/2-2-16x12.png 16w\" sizes=\"auto, (max-width: 290px) 100vw, 290px\" \/><\/div>\n\t\t<\/figure>\n\t<\/div>\n<\/div><\/div><\/div><div class=\"wpb_column vc_column_container vc_col-sm-9\"><div class=\"vc_column-inner\"><div class=\"wpb_wrapper\">\n\t<div class=\"wpb_text_column wpb_content_element tal\" >\n\t\t<div class=\"wpb_wrapper\">\n\t\t\t<h4><strong>Apartamentos Buellton Garden: finalizaci\u00f3n prevista para junio de 2026 | <a href=\"https:\/\/www.pshhc.org\/es\/bga\/\">Pre-solicitudes disponibles ahora<\/a><\/strong><\/h4>\n<p><em>10 McMurray Road, Buellton<\/em><\/p>\n<h4>Para hogares de bajos ingresos<\/h4>\n<p>Ubicado en 10 y 12 McMurray Road en Buellton, cerca de servicios esenciales, este nuevo desarrollo se compone de 89 unidades, incluidas unidades de una, dos y tres habitaciones para hogares de bajos ingresos. Cuenta con una acogedora sala comunitaria, un centro de aprendizaje con buenos recursos y servicios de apoyo en el lugar para los residentes.<\/p>\n\n\t\t<\/div>\n\t<\/div>\n<\/div><\/div><\/div><\/div><div class=\"vc_row wpb_row vc_inner vc_row-fluid container vc_column-gap-30\"><div class=\"wpb_column vc_column_container vc_col-sm-3\"><div class=\"vc_column-inner\"><div class=\"wpb_wrapper\">\n\t<div  class=\"wpb_single_image wpb_content_element vc_align_center wpb_content_element\">\n\t\t\n\t\t<figure class=\"wpb_wrapper vc_figure\">\n\t\t\t<div class=\"vc_single_image-wrapper   vc_box_border_grey\"><img loading=\"lazy\" decoding=\"async\" width=\"300\" height=\"191\" src=\"https:\/\/www.pshhc.org\/wp-content\/uploads\/2025\/06\/Beacon-Studios-Web-Image-3-300x300-1-e1748895447220.png\" class=\"vc_single_image-img attachment-full\" alt=\"\" title=\"Imagen web de Beacon Studios 3, 300 x 300\" srcset=\"https:\/\/www.pshhc.org\/wp-content\/uploads\/2025\/06\/Beacon-Studios-Web-Image-3-300x300-1-e1748895447220.png 300w, https:\/\/www.pshhc.org\/wp-content\/uploads\/2025\/06\/Beacon-Studios-Web-Image-3-300x300-1-e1748895447220-18x12.png 18w\" sizes=\"auto, (max-width: 300px) 100vw, 300px\" \/><\/div>\n\t\t<\/figure>\n\t<\/div>\n<\/div><\/div><\/div><div class=\"wpb_column vc_column_container vc_col-sm-9\"><div class=\"vc_column-inner\"><div class=\"wpb_wrapper\">\n\t<div class=\"wpb_text_column wpb_content_element tal\" >\n\t\t<div class=\"wpb_wrapper\">\n\t\t\t<h4><strong>Tribunales Comunitarios Universitarios: Finalizaci\u00f3n prevista para mayo de 2027<\/strong><\/h4>\n<p><em>80 Baylor Dr, Ventura<\/em><\/p>\n<h4>Para hogares de bajos ingresos y trabajadores agr\u00edcolas<\/h4>\n<p>Este proyecto proporcionar\u00e1 57 nuevas viviendas de una, dos y tres habitaciones para familias e individuos de bajos ingresos, 29 de las cuales albergar\u00e1n a familias de trabajadores agr\u00edcolas. Los residentes tendr\u00e1n acceso a un centro comunitario, lavander\u00eda, espacios recreativos al aire libre, administraci\u00f3n de propiedades en el lugar y servicios de apoyo.<\/p>\n\n\t\t<\/div>\n\t<\/div>\n<\/div><\/div><\/div><\/div><div class=\"vc_row wpb_row vc_inner vc_row-fluid container vc_column-gap-30\"><div class=\"wpb_column vc_column_container vc_col-sm-3\"><div class=\"vc_column-inner\"><div class=\"wpb_wrapper\">\n\t<div  class=\"wpb_single_image wpb_content_element vc_align_center wpb_content_element\">\n\t\t\n\t\t<figure class=\"wpb_wrapper vc_figure\">\n\t\t\t<div class=\"vc_single_image-wrapper   vc_box_border_grey\"><img loading=\"lazy\" decoding=\"async\" width=\"290\" height=\"220\" src=\"https:\/\/www.pshhc.org\/wp-content\/uploads\/2024\/10\/Untitled-design-2024-10-07T134527.747.png\" class=\"vc_single_image-img attachment-full\" alt=\"Calle Joaquin\" title=\"Calle Joaqu\u00edn\" srcset=\"https:\/\/www.pshhc.org\/wp-content\/uploads\/2024\/10\/Untitled-design-2024-10-07T134527.747.png 290w, https:\/\/www.pshhc.org\/wp-content\/uploads\/2024\/10\/Untitled-design-2024-10-07T134527.747-16x12.png 16w\" sizes=\"auto, (max-width: 290px) 100vw, 290px\" \/><\/div>\n\t\t<\/figure>\n\t<\/div>\n<\/div><\/div><\/div><div class=\"wpb_column vc_column_container vc_col-sm-9\"><div class=\"vc_column-inner\"><div class=\"wpb_wrapper\">\n\t<div class=\"wpb_text_column wpb_content_element tal\" >\n\t\t<div class=\"wpb_wrapper\">\n\t\t\t<h4><strong>Beacon Studios (anteriormente Apartamentos Calle Joaqu\u00edn): finalizaci\u00f3n prevista para 2026<\/strong><\/h4>\n<p><em>1433 Calle Joaqu\u00edn, San Luis Obispo<\/em><\/p>\n<h4>Para j\u00f3venes en edad de transici\u00f3n y personas sin hogar o en riesgo de quedarse sin hogar<\/h4>\n<p>En asociaci\u00f3n con la ciudad de San Luis Obispo, People&#039;s Self-Help Housing est\u00e1 desarrollando 76 unidades en el antiguo Motel 6 ubicado en 1433 Calle Joaquin. Los residentes tendr\u00e1n acceso a una lavander\u00eda, espacios recreativos al aire libre, administraci\u00f3n de la propiedad en el lugar y servicios de apoyo. Este desarrollo fue posible gracias a la financiaci\u00f3n innovadora del programa Project Homekey del Departamento de Vivienda y Desarrollo Comunitario de California.<\/p>\n\n\t\t<\/div>\n\t<\/div>\n<\/div><\/div><\/div><\/div><div class=\"vc_separator wpb_content_element vc_separator_align_center vc_sep_width_100 vc_sep_pos_align_center vc_separator_no_text vc_sep_color_grey wpb_content_element  wpb_content_element\" ><span class=\"vc_sep_holder vc_sep_holder_l\"><span class=\"vc_sep_line\"><\/span><\/span><span class=\"vc_sep_holder vc_sep_holder_r\"><span class=\"vc_sep_line\"><\/span><\/span>\n<\/div><div class=\"vc_row wpb_row vc_inner vc_row-fluid container vc_column-gap-30\"><div class=\"wpb_column vc_column_container vc_col-sm-12\"><div class=\"vc_column-inner\"><div class=\"wpb_wrapper\">\n\t<div class=\"wpb_text_column wpb_content_element tal\" >\n\t\t<div class=\"wpb_wrapper\">\n\t\t\t<p><img loading=\"lazy\" decoding=\"async\" class=\"size-medium wp-image-133143 alignright\" src=\"https:\/\/www.pshhc.org\/wp-content\/uploads\/2024\/02\/Jardin-de-Las-Rosas-Move-In-Day_041218_10-scaled-e1708728180201-300x198.jpg\" alt=\"\" width=\"300\" height=\"198\" srcset=\"https:\/\/www.pshhc.org\/wp-content\/uploads\/2024\/02\/Jardin-de-Las-Rosas-Move-In-Day_041218_10-scaled-e1708728180201-300x198.jpg 300w, https:\/\/www.pshhc.org\/wp-content\/uploads\/2024\/02\/Jardin-de-Las-Rosas-Move-In-Day_041218_10-scaled-e1708728180201-18x12.jpg 18w, https:\/\/www.pshhc.org\/wp-content\/uploads\/2024\/02\/Jardin-de-Las-Rosas-Move-In-Day_041218_10-scaled-e1708728180201.jpg 504w\" sizes=\"auto, (max-width: 300px) 100vw, 300px\" \/><\/p>\n<h2 class=\"section-heading\">En Pre-Desarrollo:<\/h2>\n<p>El predesarrollo es una de las partes m\u00e1s importantes de la construcci\u00f3n de nuevas viviendas asequibles. La zonificaci\u00f3n, los requisitos de densidad, el dise\u00f1o y el financiamiento deben recibir la aprobaci\u00f3n de la jurisdicci\u00f3n local antes de que pueda comenzar la construcci\u00f3n. Actualmente tenemos <strong>490+ unidades<\/strong> en esta fase:<\/p>\n<ul>\n<li><strong>Cambria Pines, Cambria \u2013 33 unidades<\/strong><\/li>\n<li><strong>Cypress Place II, Oxnard \u2013 60 unidades<\/strong><\/li>\n<li><strong>Del Rio Ridge, Atascadero \u2013 42 unidades<\/strong><\/li>\n<li><strong>Terraza Fillmore, Fillmore \u2013 50 unidades<\/strong><\/li>\n<li><strong>Paseo Paloma, Atascadero \u2013 72 unidades<\/strong><\/li>\n<li><strong>Paseo Paloma II, Atascadero \u2013 88 unidades<\/strong><\/li>\n<li><strong>Rolling Hills III, Templeton \u2013 28 unidades<\/strong><\/li>\n<li><strong>Heritage View I, Santa Mar\u00eda \u2013 40 unidades<\/strong><\/li>\n<li><strong>Heritage View II, Santa Mar\u00eda \u2013 79 unidades<\/strong><\/li>\n<\/ul>\n\n\t\t<\/div>\n\t<\/div>\n<\/div><\/div><\/div><\/div><div class=\"vc_separator wpb_content_element vc_separator_align_center vc_sep_width_100 vc_sep_pos_align_center vc_separator_no_text vc_sep_color_grey wpb_content_element  wpb_content_element\" ><span class=\"vc_sep_holder vc_sep_holder_l\"><span class=\"vc_sep_line\"><\/span><\/span><span class=\"vc_sep_holder vc_sep_holder_r\"><span class=\"vc_sep_line\"><\/span><\/span>\n<\/div><div class=\"vc_empty_space\"   style=\"height: 32px\"><span class=\"vc_empty_space_inner\"><\/span><\/div>\n\t<div class=\"wpb_text_column wpb_content_element container\" >\n\t\t<div class=\"wpb_wrapper\">\n\t\t\t<h2 class=\"section-heading\"><img loading=\"lazy\" decoding=\"async\" class=\"size-medium wp-image-133144 alignleft\" src=\"https:\/\/www.pshhc.org\/wp-content\/uploads\/2024\/02\/DSC_0253-300x200.jpg\" alt=\"\" width=\"300\" height=\"200\" \/>En Adquisici\u00f3n:<\/h2>\n<p>Adquirir terrenos urbanizables es cada vez m\u00e1s dif\u00edcil, especialmente en uno de los mercados inmobiliarios m\u00e1s caros de Estados Unidos. Sin embargo, una planificaci\u00f3n cuidadosa en estas primeras fases proporciona una base estrat\u00e9gica para nuevas viviendas asequibles. Actualmente tenemos <strong>150+ unidades<\/strong> en la fase de adquisici\u00f3n del desarrollo.<\/p>\n\n\t\t<\/div>\n\t<\/div>\n<\/div><\/div><\/div><\/div><div class=\"vc_row-full-width vc_clearfix\"><\/div>\n<\/div>","protected":false},"excerpt":{"rendered":"Proyecto de Viviendas de Alquiler en Construcci\u00f3n: Buellton Garden Apartments - Finalizaci\u00f3n prevista para junio de 2026 | Solicitudes anticipadas disponibles ahora 10 McMurray Road, Buellton Para hogares de bajos ingresos Ubicado en 10 y 12 McMurray Road en Buellton, cerca de servicios esenciales, este nuevo desarrollo consta de 89 unidades, incluyendo apartamentos de uno, dos y tres dormitorios para hogares de bajos ingresos. Ofrece...  <a class=\"excerpt-read-more\" href=\"https:\/\/www.pshhc.org\/es\/rental-pipeline\/\" title=\"Leer cartera de viviendas de alquiler\">Leer m\u00e1s &quot;<\/a>","protected":false},"author":1102,"featured_media":133133,"parent":0,"menu_order":0,"comment_status":"closed","ping_status":"closed","template":"page-wide.php","meta":{"_acf_changed":false,"footnotes":""},"class_list":["post-331","page","type-page","status-publish","has-post-thumbnail","hentry"],"acf":[],"yoast_head":"<!-- This site is optimized with the Yoast SEO plugin v26.9 - https:\/\/yoast.com\/product\/yoast-seo-wordpress\/ -->\n<title>Rental Housing Pipeline - People&#039;s Self-Help Housing<\/title>\n<meta name=\"description\" content=\"Rental Housing Pipeline Under Construction: Buellton Garden Apartments &#8211; Completion Anticipated June 2026 | Pre-applications available now 10 McMurray Road, Buellton For low-income households Located at 10 &amp; 12 McMurray\" \/>\n<meta name=\"robots\" content=\"index, follow, max-snippet:-1, max-image-preview:large, max-video-preview:-1\" \/>\n<link rel=\"canonical\" href=\"https:\/\/www.pshhc.org\/es\/rental-pipeline\/\" \/>\n<meta property=\"og:locale\" content=\"es_MX\" \/>\n<meta property=\"og:type\" content=\"article\" \/>\n<meta property=\"og:title\" content=\"Rental Housing Pipeline - People&#039;s Self-Help Housing\" \/>\n<meta property=\"og:url\" content=\"https:\/\/www.pshhc.org\/es\/rental-pipeline\/\" \/>\n<meta property=\"og:site_name\" content=\"People&#039;s Self-Help Housing\" \/>\n<meta property=\"article:modified_time\" content=\"2026-02-24T21:54:13+00:00\" \/>\n<meta property=\"og:image\" content=\"https:\/\/www.pshhc.org\/wp-content\/uploads\/2024\/02\/1-2.png\" \/>\n\t<meta property=\"og:image:width\" content=\"290\" \/>\n\t<meta property=\"og:image:height\" content=\"220\" \/>\n\t<meta property=\"og:image:type\" content=\"image\/png\" \/>\n<meta name=\"twitter:card\" content=\"summary_large_image\" \/>\n<meta name=\"twitter:label1\" content=\"Tiempo de lectura\" \/>\n\t<meta name=\"twitter:data1\" content=\"4 minutos\" \/>\n<script type=\"application\/ld+json\" class=\"yoast-schema-graph\">{\"@context\":\"https:\/\/schema.org\",\"@graph\":[{\"@type\":\"WebPage\",\"@id\":\"https:\/\/www.pshhc.org\/rental-pipeline\/\",\"url\":\"https:\/\/www.pshhc.org\/rental-pipeline\/\",\"name\":\"Rental Housing Pipeline - People&#039;s Self-Help Housing\",\"isPartOf\":{\"@id\":\"https:\/\/www.pshhc.org\/#website\"},\"primaryImageOfPage\":{\"@id\":\"https:\/\/www.pshhc.org\/rental-pipeline\/#primaryimage\"},\"image\":{\"@id\":\"https:\/\/www.pshhc.org\/rental-pipeline\/#primaryimage\"},\"thumbnailUrl\":\"https:\/\/www.pshhc.org\/wp-content\/uploads\/2024\/02\/1-2.png\",\"datePublished\":\"2019-05-23T08:45:59+00:00\",\"dateModified\":\"2026-02-24T21:54:13+00:00\",\"breadcrumb\":{\"@id\":\"https:\/\/www.pshhc.org\/rental-pipeline\/#breadcrumb\"},\"inLanguage\":\"es\",\"potentialAction\":[{\"@type\":\"ReadAction\",\"target\":[\"https:\/\/www.pshhc.org\/rental-pipeline\/\"]}]},{\"@type\":\"ImageObject\",\"inLanguage\":\"es\",\"@id\":\"https:\/\/www.pshhc.org\/rental-pipeline\/#primaryimage\",\"url\":\"https:\/\/www.pshhc.org\/wp-content\/uploads\/2024\/02\/1-2.png\",\"contentUrl\":\"https:\/\/www.pshhc.org\/wp-content\/uploads\/2024\/02\/1-2.png\",\"width\":290,\"height\":220},{\"@type\":\"BreadcrumbList\",\"@id\":\"https:\/\/www.pshhc.org\/rental-pipeline\/#breadcrumb\",\"itemListElement\":[{\"@type\":\"ListItem\",\"position\":1,\"name\":\"Home\",\"item\":\"https:\/\/www.pshhc.org\/\"},{\"@type\":\"ListItem\",\"position\":2,\"name\":\"Rental Housing Pipeline\"}]},{\"@type\":\"WebSite\",\"@id\":\"https:\/\/www.pshhc.org\/#website\",\"url\":\"https:\/\/www.pshhc.org\/\",\"name\":\"People&#039;s Self-Help Housing\",\"description\":\"People&#039;s Self-Help Housing\",\"potentialAction\":[{\"@type\":\"SearchAction\",\"target\":{\"@type\":\"EntryPoint\",\"urlTemplate\":\"https:\/\/www.pshhc.org\/?s={search_term_string}\"},\"query-input\":{\"@type\":\"PropertyValueSpecification\",\"valueRequired\":true,\"valueName\":\"search_term_string\"}}],\"inLanguage\":\"es\"}]}<\/script>\n<!-- \/ Yoast SEO plugin. -->","yoast_head_json":{"title":"Canal de Viviendas de Alquiler - People&#039;s Self-Help Housing","description":"Rental Housing Pipeline Under Construction: Buellton Garden Apartments &#8211; Completion Anticipated June 2026 | Pre-applications available now 10 McMurray Road, Buellton For low-income households Located at 10 &amp; 12 McMurray","robots":{"index":"index","follow":"follow","max-snippet":"max-snippet:-1","max-image-preview":"max-image-preview:large","max-video-preview":"max-video-preview:-1"},"canonical":"https:\/\/www.pshhc.org\/es\/rental-pipeline\/","og_locale":"es_MX","og_type":"article","og_title":"Rental Housing Pipeline - People&#039;s Self-Help Housing","og_url":"https:\/\/www.pshhc.org\/es\/rental-pipeline\/","og_site_name":"People&#039;s Self-Help Housing","article_modified_time":"2026-02-24T21:54:13+00:00","og_image":[{"width":290,"height":220,"url":"https:\/\/www.pshhc.org\/wp-content\/uploads\/2024\/02\/1-2.png","type":"image\/png"}],"twitter_card":"summary_large_image","twitter_misc":{"Tiempo de lectura":"4 minutos"},"schema":{"@context":"https:\/\/schema.org","@graph":[{"@type":"WebPage","@id":"https:\/\/www.pshhc.org\/rental-pipeline\/","url":"https:\/\/www.pshhc.org\/rental-pipeline\/","name":"Canal de Viviendas de Alquiler - People&#039;s Self-Help Housing","isPartOf":{"@id":"https:\/\/www.pshhc.org\/#website"},"primaryImageOfPage":{"@id":"https:\/\/www.pshhc.org\/rental-pipeline\/#primaryimage"},"image":{"@id":"https:\/\/www.pshhc.org\/rental-pipeline\/#primaryimage"},"thumbnailUrl":"https:\/\/www.pshhc.org\/wp-content\/uploads\/2024\/02\/1-2.png","datePublished":"2019-05-23T08:45:59+00:00","dateModified":"2026-02-24T21:54:13+00:00","breadcrumb":{"@id":"https:\/\/www.pshhc.org\/rental-pipeline\/#breadcrumb"},"inLanguage":"es","potentialAction":[{"@type":"ReadAction","target":["https:\/\/www.pshhc.org\/rental-pipeline\/"]}]},{"@type":"ImageObject","inLanguage":"es","@id":"https:\/\/www.pshhc.org\/rental-pipeline\/#primaryimage","url":"https:\/\/www.pshhc.org\/wp-content\/uploads\/2024\/02\/1-2.png","contentUrl":"https:\/\/www.pshhc.org\/wp-content\/uploads\/2024\/02\/1-2.png","width":290,"height":220},{"@type":"BreadcrumbList","@id":"https:\/\/www.pshhc.org\/rental-pipeline\/#breadcrumb","itemListElement":[{"@type":"ListItem","position":1,"name":"Home","item":"https:\/\/www.pshhc.org\/"},{"@type":"ListItem","position":2,"name":"Rental Housing Pipeline"}]},{"@type":"WebSite","@id":"https:\/\/www.pshhc.org\/#website","url":"https:\/\/www.pshhc.org\/","name":"Vivienda de autoayuda de People &amp; #039; s","description":"Vivienda de autoayuda de People &amp; #039; s","potentialAction":[{"@type":"SearchAction","target":{"@type":"EntryPoint","urlTemplate":"https:\/\/www.pshhc.org\/?s={search_term_string}"},"query-input":{"@type":"PropertyValueSpecification","valueRequired":true,"valueName":"search_term_string"}}],"inLanguage":"es"}]}},"jetpack_sharing_enabled":true,"_links":{"self":[{"href":"https:\/\/www.pshhc.org\/es\/wp-json\/wp\/v2\/pages\/331","targetHints":{"allow":["GET"]}}],"collection":[{"href":"https:\/\/www.pshhc.org\/es\/wp-json\/wp\/v2\/pages"}],"about":[{"href":"https:\/\/www.pshhc.org\/es\/wp-json\/wp\/v2\/types\/page"}],"author":[{"embeddable":true,"href":"https:\/\/www.pshhc.org\/es\/wp-json\/wp\/v2\/users\/1102"}],"replies":[{"embeddable":true,"href":"https:\/\/www.pshhc.org\/es\/wp-json\/wp\/v2\/comments?post=331"}],"version-history":[{"count":122,"href":"https:\/\/www.pshhc.org\/es\/wp-json\/wp\/v2\/pages\/331\/revisions"}],"predecessor-version":[{"id":140453,"href":"https:\/\/www.pshhc.org\/es\/wp-json\/wp\/v2\/pages\/331\/revisions\/140453"}],"wp:featuredmedia":[{"embeddable":true,"href":"https:\/\/www.pshhc.org\/es\/wp-json\/wp\/v2\/media\/133133"}],"wp:attachment":[{"href":"https:\/\/www.pshhc.org\/es\/wp-json\/wp\/v2\/media?parent=331"}],"curies":[{"name":"gracias","href":"https:\/\/api.w.org\/{rel}","templated":true}]}}