{"id":320,"date":"2019-05-23T08:18:11","date_gmt":"2019-05-23T08:18:11","guid":{"rendered":"https:\/\/www.pshhc.org\/?page_id=320"},"modified":"2026-04-15T16:28:21","modified_gmt":"2026-04-15T16:28:21","slug":"history","status":"publish","type":"page","link":"https:\/\/www.pshhc.org\/es\/history\/","title":{"rendered":"Nuestra historia"},"content":{"rendered":"<div class=\"wpb-content-wrapper\"><div data-vc-full-width=\"true\" data-vc-full-width-temp=\"true\" data-vc-full-width-init=\"false\" data-vc-stretch-content=\"true\" class=\"vc_row wpb_row vc_row-fluid inner-banner vc_row-no-padding\"><div class=\"wpb_column vc_column_container vc_col-sm-12\"><div class=\"vc_column-inner\"><div class=\"wpb_wrapper\">\n\t<div  class=\"wpb_single_image wpb_content_element vc_align_center wpb_content_element  bg-image\">\n\t\t\n\t\t<figure class=\"wpb_wrapper vc_figure\">\n\t\t\t<div class=\"vc_single_image-wrapper   vc_box_border_grey\"><img loading=\"lazy\" decoding=\"async\" width=\"1532\" height=\"587\" src=\"https:\/\/www.pshhc.org\/wp-content\/uploads\/2022\/06\/wallraise8-e1656364787312.jpg\" class=\"vc_single_image-img attachment-full\" alt=\"\" title=\"levantar8\" srcset=\"https:\/\/www.pshhc.org\/wp-content\/uploads\/2022\/06\/wallraise8-e1656364787312.jpg 1532w, https:\/\/www.pshhc.org\/wp-content\/uploads\/2022\/06\/wallraise8-e1656364787312-300x115.jpg 300w, https:\/\/www.pshhc.org\/wp-content\/uploads\/2022\/06\/wallraise8-e1656364787312-768x294.jpg 768w, https:\/\/www.pshhc.org\/wp-content\/uploads\/2022\/06\/wallraise8-e1656364787312-1024x392.jpg 1024w, https:\/\/www.pshhc.org\/wp-content\/uploads\/2022\/06\/wallraise8-e1656364787312-18x7.jpg 18w, https:\/\/www.pshhc.org\/wp-content\/uploads\/2022\/06\/wallraise8-e1656364787312-600x230.jpg 600w\" sizes=\"auto, (max-width: 1532px) 100vw, 1532px\" \/><\/div>\n\t\t<\/figure>\n\t<\/div>\n<\/div><\/div><\/div><\/div><div class=\"vc_row-full-width vc_clearfix\"><\/div><div data-vc-full-width=\"true\" data-vc-full-width-temp=\"true\" data-vc-full-width-init=\"false\" data-vc-stretch-content=\"true\" class=\"vc_row wpb_row vc_row-fluid inner-housing-section vc_row-no-padding\"><div class=\"wpb_column vc_column_container vc_col-sm-12\"><div class=\"vc_column-inner\"><div class=\"wpb_wrapper\">\n\t<div class=\"wpb_text_column wpb_content_element container\" >\n\t\t<div class=\"wpb_wrapper\">\n\t\t\t<h2>Al servicio y construyendo desde 1970<\/h2>\n\n\t\t<\/div>\n\t<\/div>\n<\/div><\/div><\/div><\/div><div class=\"vc_row-full-width vc_clearfix\"><\/div><div data-vc-full-width=\"true\" data-vc-full-width-temp=\"true\" data-vc-full-width-init=\"false\" data-vc-stretch-content=\"true\" class=\"vc_row wpb_row vc_row-fluid rental-housing-section vc_row-no-padding\"><div class=\"wpb_column vc_column_container vc_col-sm-12\"><div class=\"vc_column-inner\"><div class=\"wpb_wrapper\">\n\t<div class=\"wpb_text_column wpb_content_element container\" >\n\t\t<div class=\"wpb_wrapper\">\n\t\t\t<p style=\"text-align: left;\">Con la misi\u00f3n de construir viviendas asequibles con servicios in situ que ofrecen oportunidades para cambiar vidas y fortalecer las comunidades, People&#039;s Self-Help Housing es la organizaci\u00f3n de vivienda sin fines de lucro con m\u00e1s a\u00f1os de servicio en la Costa Central de California.<\/p>\n<p style=\"text-align: left;\">Tras la hist\u00f3rica Ley de Vivienda Justa de 1968, un peque\u00f1o grupo de ciudadanos preocupados y l\u00edderes comunitarios locales busc\u00f3 abordar la escasez de viviendas disponibles para familias de bajos ingresos y con necesidades especiales. Este esfuerzo comunitario dio origen a People&#039;s Self-Help Housing, que se constituy\u00f3 en 1970. Al enterarse de un programa del USDA para financiar la construcci\u00f3n de viviendas propias, People&#039;s reclut\u00f3 a un grupo de familias para construir viviendas mediante el proceso de participaci\u00f3n en el esfuerzo. Trabajando codo con codo y aportando su trabajo a cambio de un pago inicial, estos &quot;pioneros&quot; fueron los primeros constructores propios.<\/p>\n<p style=\"text-align: left;\">A mediados de los 80, respondiendo a las crecientes necesidades de la comunidad, People&#039;s Self-Help Housing se dedic\u00f3 al desarrollo de viviendas de alquiler. Durante las siguientes cinco d\u00e9cadas, a\u00f1adimos m\u00e1s de 2200 unidades de alquiler mediante nuevas construcciones, conservaci\u00f3n y rehabilitaci\u00f3n. En combinaci\u00f3n con servicios de apoyo vitales y muy necesarios, que comenzamos a incorporar en la d\u00e9cada de 1990, nuestros vecindarios ahora ofrecen vivienda a m\u00e1s de 5400 personas.<\/p>\n<p style=\"text-align: left;\">Somos una organizaci\u00f3n de m\u00e1s de 250 empleados que presta servicios a comunidades en cuatro condados de la Costa Central. Para obtener m\u00e1s informaci\u00f3n sobre nuestro trabajo, lea nuestra <a href=\"https:\/\/www.pshhc.org\/es\/impactreport\/\">Informe de impacto<\/a>.<\/p>\n\n\t\t<\/div>\n\t<\/div>\n\n\t<div class=\"wpb_raw_code wpb_raw_html wpb_content_element\" >\n\t\t<div class=\"wpb_wrapper\">\n\t\t\t<iframe src='https:\/\/cdn.knightlab.com\/libs\/timeline3\/latest\/embed\/index.html?source=1XCwfij3KQz9QEoRKI7G9H9Kt6jWc13AaAsGLrGnQSp8&font=Default&lang=en&initial_zoom=2&height=650' width='100%' height='650' webkitallowfullscreen mozallowfullscreen allowfullscreen frameborder='0'><\/iframe>\n\t\t<\/div>\n\t<\/div>\n<\/div><\/div><\/div><\/div><div class=\"vc_row-full-width vc_clearfix\"><\/div>\n<\/div>","protected":false},"excerpt":{"rendered":"Al servicio de la comunidad desde 1970. Con la misi\u00f3n de construir viviendas asequibles con servicios integrados que ofrecen oportunidades para transformar vidas y fortalecer comunidades, People&#039;s Self-Help Housing es la organizaci\u00f3n de vivienda sin fines de lucro con m\u00e1s trayectoria en la Costa Central de California. Tras la hist\u00f3rica Ley de Vivienda Justa de 1968, un peque\u00f1o grupo de ciudadanos preocupados...  <a class=\"excerpt-read-more\" href=\"https:\/\/www.pshhc.org\/es\/history\/\" title=\"Lea nuestra historia\">Leer m\u00e1s &quot;<\/a>","protected":false},"author":1102,"featured_media":47387,"parent":0,"menu_order":0,"comment_status":"closed","ping_status":"closed","template":"page-wide.php","meta":{"_acf_changed":false,"footnotes":""},"class_list":["post-320","page","type-page","status-publish","has-post-thumbnail","hentry"],"acf":[],"yoast_head":"<!-- This site is optimized with the Yoast SEO plugin v26.9 - https:\/\/yoast.com\/product\/yoast-seo-wordpress\/ -->\n<title>Our History - People&#039;s Self-Help Housing<\/title>\n<meta name=\"description\" content=\"With a mission to build permanent, supportive housing with site-based services that offer opportunities to change lives and strengthen communities, People\u2019s Self-Help Housing is the longest-serving nonprofit housing organization on California\u2019s Central Coast.\" \/>\n<meta name=\"robots\" content=\"index, follow, max-snippet:-1, max-image-preview:large, max-video-preview:-1\" \/>\n<link rel=\"canonical\" href=\"https:\/\/www.pshhc.org\/es\/history\/\" \/>\n<meta property=\"og:locale\" content=\"es_MX\" \/>\n<meta property=\"og:type\" content=\"article\" \/>\n<meta property=\"og:title\" content=\"Our History - People&#039;s Self-Help Housing\" \/>\n<meta property=\"og:description\" content=\"With a mission to build permanent, supportive housing with site-based services that offer opportunities to change lives and strengthen communities, People\u2019s Self-Help Housing is the longest-serving nonprofit housing organization on California\u2019s Central Coast.\" \/>\n<meta property=\"og:url\" content=\"https:\/\/www.pshhc.org\/es\/history\/\" \/>\n<meta property=\"og:site_name\" content=\"People&#039;s Self-Help Housing\" \/>\n<meta property=\"article:modified_time\" content=\"2026-04-15T16:28:21+00:00\" \/>\n<meta property=\"og:image\" content=\"https:\/\/www.pshhc.org\/wp-content\/uploads\/2022\/06\/wallraise8-e1656364787312.jpg\" \/>\n\t<meta property=\"og:image:width\" content=\"1532\" \/>\n\t<meta property=\"og:image:height\" content=\"587\" \/>\n\t<meta property=\"og:image:type\" content=\"image\/jpeg\" \/>\n<meta name=\"twitter:card\" content=\"summary_large_image\" \/>\n<meta name=\"twitter:label1\" content=\"Tiempo de lectura\" \/>\n\t<meta name=\"twitter:data1\" content=\"2 minutos\" \/>\n<script type=\"application\/ld+json\" class=\"yoast-schema-graph\">{\"@context\":\"https:\/\/schema.org\",\"@graph\":[{\"@type\":\"WebPage\",\"@id\":\"https:\/\/www.pshhc.org\/history\/\",\"url\":\"https:\/\/www.pshhc.org\/history\/\",\"name\":\"Our History - People&#039;s Self-Help Housing\",\"isPartOf\":{\"@id\":\"https:\/\/www.pshhc.org\/#website\"},\"primaryImageOfPage\":{\"@id\":\"https:\/\/www.pshhc.org\/history\/#primaryimage\"},\"image\":{\"@id\":\"https:\/\/www.pshhc.org\/history\/#primaryimage\"},\"thumbnailUrl\":\"https:\/\/www.pshhc.org\/wp-content\/uploads\/2022\/06\/wallraise8-e1656364787312.jpg\",\"datePublished\":\"2019-05-23T08:18:11+00:00\",\"dateModified\":\"2026-04-15T16:28:21+00:00\",\"description\":\"With a mission to build permanent, supportive housing with site-based services that offer opportunities to change lives and strengthen communities, People\u2019s Self-Help Housing is the longest-serving nonprofit housing organization on California\u2019s Central Coast.\",\"breadcrumb\":{\"@id\":\"https:\/\/www.pshhc.org\/history\/#breadcrumb\"},\"inLanguage\":\"es\",\"potentialAction\":[{\"@type\":\"ReadAction\",\"target\":[\"https:\/\/www.pshhc.org\/history\/\"]}]},{\"@type\":\"ImageObject\",\"inLanguage\":\"es\",\"@id\":\"https:\/\/www.pshhc.org\/history\/#primaryimage\",\"url\":\"https:\/\/www.pshhc.org\/wp-content\/uploads\/2022\/06\/wallraise8-e1656364787312.jpg\",\"contentUrl\":\"https:\/\/www.pshhc.org\/wp-content\/uploads\/2022\/06\/wallraise8-e1656364787312.jpg\",\"width\":1532,\"height\":587},{\"@type\":\"BreadcrumbList\",\"@id\":\"https:\/\/www.pshhc.org\/history\/#breadcrumb\",\"itemListElement\":[{\"@type\":\"ListItem\",\"position\":1,\"name\":\"Home\",\"item\":\"https:\/\/www.pshhc.org\/\"},{\"@type\":\"ListItem\",\"position\":2,\"name\":\"Our History\"}]},{\"@type\":\"WebSite\",\"@id\":\"https:\/\/www.pshhc.org\/#website\",\"url\":\"https:\/\/www.pshhc.org\/\",\"name\":\"People&#039;s Self-Help Housing\",\"description\":\"People&#039;s Self-Help Housing\",\"potentialAction\":[{\"@type\":\"SearchAction\",\"target\":{\"@type\":\"EntryPoint\",\"urlTemplate\":\"https:\/\/www.pshhc.org\/?s={search_term_string}\"},\"query-input\":{\"@type\":\"PropertyValueSpecification\",\"valueRequired\":true,\"valueName\":\"search_term_string\"}}],\"inLanguage\":\"es\"}]}<\/script>\n<!-- \/ Yoast SEO plugin. -->","yoast_head_json":{"title":"Nuestra Historia - Vivienda de Autoayuda Popular","description":"Con la misi\u00f3n de construir viviendas permanentes y de apoyo con servicios in situ que ofrecen oportunidades para cambiar vidas y fortalecer las comunidades, People&#039;s Self-Help Housing es la organizaci\u00f3n de vivienda sin fines de lucro con m\u00e1s a\u00f1os de servicio en la Costa Central de California.","robots":{"index":"index","follow":"follow","max-snippet":"max-snippet:-1","max-image-preview":"max-image-preview:large","max-video-preview":"max-video-preview:-1"},"canonical":"https:\/\/www.pshhc.org\/es\/history\/","og_locale":"es_MX","og_type":"article","og_title":"Our History - People&#039;s Self-Help Housing","og_description":"With a mission to build permanent, supportive housing with site-based services that offer opportunities to change lives and strengthen communities, People\u2019s Self-Help Housing is the longest-serving nonprofit housing organization on California\u2019s Central Coast.","og_url":"https:\/\/www.pshhc.org\/es\/history\/","og_site_name":"People&#039;s Self-Help Housing","article_modified_time":"2026-04-15T16:28:21+00:00","og_image":[{"width":1532,"height":587,"url":"https:\/\/www.pshhc.org\/wp-content\/uploads\/2022\/06\/wallraise8-e1656364787312.jpg","type":"image\/jpeg"}],"twitter_card":"summary_large_image","twitter_misc":{"Tiempo de lectura":"2 minutos"},"schema":{"@context":"https:\/\/schema.org","@graph":[{"@type":"WebPage","@id":"https:\/\/www.pshhc.org\/history\/","url":"https:\/\/www.pshhc.org\/history\/","name":"Nuestra Historia - Vivienda de Autoayuda Popular","isPartOf":{"@id":"https:\/\/www.pshhc.org\/#website"},"primaryImageOfPage":{"@id":"https:\/\/www.pshhc.org\/history\/#primaryimage"},"image":{"@id":"https:\/\/www.pshhc.org\/history\/#primaryimage"},"thumbnailUrl":"https:\/\/www.pshhc.org\/wp-content\/uploads\/2022\/06\/wallraise8-e1656364787312.jpg","datePublished":"2019-05-23T08:18:11+00:00","dateModified":"2026-04-15T16:28:21+00:00","description":"Con la misi\u00f3n de construir viviendas permanentes y de apoyo con servicios in situ que ofrecen oportunidades para cambiar vidas y fortalecer las comunidades, People&#039;s Self-Help Housing es la organizaci\u00f3n de vivienda sin fines de lucro con m\u00e1s a\u00f1os de servicio en la Costa Central de California.","breadcrumb":{"@id":"https:\/\/www.pshhc.org\/history\/#breadcrumb"},"inLanguage":"es","potentialAction":[{"@type":"ReadAction","target":["https:\/\/www.pshhc.org\/history\/"]}]},{"@type":"ImageObject","inLanguage":"es","@id":"https:\/\/www.pshhc.org\/history\/#primaryimage","url":"https:\/\/www.pshhc.org\/wp-content\/uploads\/2022\/06\/wallraise8-e1656364787312.jpg","contentUrl":"https:\/\/www.pshhc.org\/wp-content\/uploads\/2022\/06\/wallraise8-e1656364787312.jpg","width":1532,"height":587},{"@type":"BreadcrumbList","@id":"https:\/\/www.pshhc.org\/history\/#breadcrumb","itemListElement":[{"@type":"ListItem","position":1,"name":"Home","item":"https:\/\/www.pshhc.org\/"},{"@type":"ListItem","position":2,"name":"Our History"}]},{"@type":"WebSite","@id":"https:\/\/www.pshhc.org\/#website","url":"https:\/\/www.pshhc.org\/","name":"Vivienda de autoayuda de People &amp; #039; s","description":"Vivienda de autoayuda de People &amp; #039; s","potentialAction":[{"@type":"SearchAction","target":{"@type":"EntryPoint","urlTemplate":"https:\/\/www.pshhc.org\/?s={search_term_string}"},"query-input":{"@type":"PropertyValueSpecification","valueRequired":true,"valueName":"search_term_string"}}],"inLanguage":"es"}]}},"jetpack_sharing_enabled":true,"_links":{"self":[{"href":"https:\/\/www.pshhc.org\/es\/wp-json\/wp\/v2\/pages\/320","targetHints":{"allow":["GET"]}}],"collection":[{"href":"https:\/\/www.pshhc.org\/es\/wp-json\/wp\/v2\/pages"}],"about":[{"href":"https:\/\/www.pshhc.org\/es\/wp-json\/wp\/v2\/types\/page"}],"author":[{"embeddable":true,"href":"https:\/\/www.pshhc.org\/es\/wp-json\/wp\/v2\/users\/1102"}],"replies":[{"embeddable":true,"href":"https:\/\/www.pshhc.org\/es\/wp-json\/wp\/v2\/comments?post=320"}],"version-history":[{"count":36,"href":"https:\/\/www.pshhc.org\/es\/wp-json\/wp\/v2\/pages\/320\/revisions"}],"predecessor-version":[{"id":140662,"href":"https:\/\/www.pshhc.org\/es\/wp-json\/wp\/v2\/pages\/320\/revisions\/140662"}],"wp:featuredmedia":[{"embeddable":true,"href":"https:\/\/www.pshhc.org\/es\/wp-json\/wp\/v2\/media\/47387"}],"wp:attachment":[{"href":"https:\/\/www.pshhc.org\/es\/wp-json\/wp\/v2\/media?parent=320"}],"curies":[{"name":"gracias","href":"https:\/\/api.w.org\/{rel}","templated":true}]}}