{"id":305,"date":"2019-05-22T16:28:53","date_gmt":"2019-05-22T16:28:53","guid":{"rendered":"https:\/\/www.pshhc.org\/?page_id=305"},"modified":"2026-02-19T23:18:57","modified_gmt":"2026-02-19T23:18:57","slug":"about-us","status":"publish","type":"page","link":"https:\/\/www.pshhc.org\/es\/about-us\/","title":{"rendered":"Sobre nosotros"},"content":{"rendered":"<div class=\"wpb-content-wrapper\"><div data-vc-full-width=\"true\" data-vc-full-width-temp=\"true\" data-vc-full-width-init=\"false\" data-vc-stretch-content=\"true\" class=\"vc_row wpb_row vc_row-fluid inner-banner vc_row-no-padding\"><div class=\"wpb_column vc_column_container vc_col-sm-12\"><div class=\"vc_column-inner\"><div class=\"wpb_wrapper\">\n\t<div  class=\"wpb_single_image wpb_content_element vc_align_center wpb_content_element  bg-image\">\n\t\t\n\t\t<figure class=\"wpb_wrapper vc_figure\">\n\t\t\t<div class=\"vc_single_image-wrapper   vc_box_border_grey\"><img loading=\"lazy\" decoding=\"async\" width=\"2560\" height=\"1382\" src=\"https:\/\/www.pshhc.org\/wp-content\/uploads\/2023\/10\/P1030238-scaled-e1771542249986.jpg\" class=\"vc_single_image-img attachment-full\" alt=\"\" title=\"P1030238\" srcset=\"https:\/\/www.pshhc.org\/wp-content\/uploads\/2023\/10\/P1030238-scaled-e1771542249986.jpg 2560w, https:\/\/www.pshhc.org\/wp-content\/uploads\/2023\/10\/P1030238-scaled-e1771542249986-300x162.jpg 300w, https:\/\/www.pshhc.org\/wp-content\/uploads\/2023\/10\/P1030238-scaled-e1771542249986-1024x553.jpg 1024w, https:\/\/www.pshhc.org\/wp-content\/uploads\/2023\/10\/P1030238-scaled-e1771542249986-768x415.jpg 768w, https:\/\/www.pshhc.org\/wp-content\/uploads\/2023\/10\/P1030238-scaled-e1771542249986-1536x829.jpg 1536w, https:\/\/www.pshhc.org\/wp-content\/uploads\/2023\/10\/P1030238-scaled-e1771542249986-2048x1106.jpg 2048w, https:\/\/www.pshhc.org\/wp-content\/uploads\/2023\/10\/P1030238-scaled-e1771542249986-18x10.jpg 18w\" sizes=\"auto, (max-width: 2560px) 100vw, 2560px\" \/><\/div>\n\t\t<\/figure>\n\t<\/div>\n<\/div><\/div><\/div><\/div><div class=\"vc_row-full-width vc_clearfix\"><\/div><div data-vc-full-width=\"true\" data-vc-full-width-temp=\"true\" data-vc-full-width-init=\"false\" data-vc-stretch-content=\"true\" class=\"vc_row wpb_row vc_row-fluid inner-housing-section vc_row-no-padding\"><div class=\"wpb_column vc_column_container vc_col-sm-12\"><div class=\"vc_column-inner\"><div class=\"wpb_wrapper\">\n\t<div class=\"wpb_text_column wpb_content_element container\" >\n\t\t<div class=\"wpb_wrapper\">\n\t\t\t<h2>\u00bfQui\u00e9n es People&#039;s Self-Help Housing?<\/h2>\n\n\t\t<\/div>\n\t<\/div>\n<\/div><\/div><\/div><\/div><div class=\"vc_row-full-width vc_clearfix\"><\/div><div data-vc-full-width=\"true\" data-vc-full-width-temp=\"true\" data-vc-full-width-init=\"false\" data-vc-stretch-content=\"true\" class=\"vc_row wpb_row vc_row-fluid rental-housing-section vc_row-no-padding\"><div class=\"wpb_column vc_column_container vc_col-sm-12\"><div class=\"vc_column-inner\"><div class=\"wpb_wrapper\"><div class=\"vc_empty_space\"   style=\"height: 32px\"><span class=\"vc_empty_space_inner\"><\/span><\/div>\n\t<div class=\"wpb_text_column wpb_content_element container\" >\n\t\t<div class=\"wpb_wrapper\">\n\t\t\t<p style=\"text-align: left;\"><span style=\"text-align: left;\">Fundada en 1970, People&#039;s Self-Help Housing es la organizaci\u00f3n de vivienda sin fines de lucro con mayor trayectoria en la Costa Central de California, brindando servicios a m\u00e1s de 10,000 residentes en cuatro condados. Guiados por nuestra <a href=\"https:\/\/www.pshhc.org\/es\/strategicplan\/\">Plan estrat\u00e9gico<\/a>, Nuestra misi\u00f3n y nuestros valores reflejan un compromiso compartido para ampliar el acceso a viviendas seguras y estables y a servicios de apoyo que empoderen a las personas y a las familias para prosperar.<\/span><\/p>\n\n\t\t<\/div>\n\t<\/div>\n<div class=\"vc_separator wpb_content_element vc_separator_align_center vc_sep_width_100 vc_sep_pos_align_center vc_separator_no_text vc_sep_color_grey wpb_content_element  wpb_content_element\" ><span class=\"vc_sep_holder vc_sep_holder_l\"><span class=\"vc_sep_line\"><\/span><\/span><span class=\"vc_sep_holder vc_sep_holder_r\"><span class=\"vc_sep_line\"><\/span><\/span>\n<\/div>\n\t<div class=\"wpb_text_column wpb_content_element container\" >\n\t\t<div class=\"wpb_wrapper\">\n\t\t\t<h3 style=\"text-align: center;\"><strong>Nuestra misi\u00f3n: Construimos viviendas asequibles con servicios basados en el sitio que ofrecen oportunidades para cambiar vidas y fortalecer comunidades en la Costa Central de California.<\/strong><\/h3>\n<p>&nbsp;<\/p>\n<h4 style=\"text-align: left;\">Hogares<\/h4>\n<p style=\"text-align: left;\">Desde apartamentos hasta casas adosadas, desde estudios hasta casas, construimos viviendas asequibles para familias, personas mayores, veteranos, personas que viven con discapacidades y quienes est\u00e1n en transici\u00f3n para salir de la falta de vivienda. Adem\u00e1s de nuestros alquileres, desde 1970 defendemos las oportunidades de propiedad de vivienda a trav\u00e9s del modelo de autoconstrucci\u00f3n. M\u00e1s de 1200 hogares despu\u00e9s, seguimos ayudando a los hogares a construir una base firme para su futuro.<\/p>\n<p>&nbsp;<\/p>\n<h4 style=\"text-align: left;\">Servicios<\/h4>\n<p>Los beneficios de las viviendas de apoyo son duraderos y de gran alcance, ya que mejoran la salud, las oportunidades profesionales y los logros educativos. Los residentes est\u00e1n conectados a una red de recursos dise\u00f1ados para promover el bienestar y la conexi\u00f3n. A trav\u00e9s de docenas de asociaciones, proporcionamos a los residentes enriquecimiento y apoyo para garantizar que todos tengan las herramientas necesarias para triunfar.<\/p>\n<p>&nbsp;<\/p>\n<h4 style=\"text-align: left;\">Oportunidades<\/h4>\n<p>En nuestros centros de aprendizaje presenciales, ofrecemos programas extraescolares y de preparaci\u00f3n universitaria para apoyar a los estudiantes y crear v\u00edas de desarrollo profesional para estudiantes adultos. Diariamente, nuestras vibrantes aulas se llenan de estudiantes de todas las edades que han adoptado con entusiasmo una cultura de aprendizaje y trabajan para alcanzar sus metas futuras.<\/p>\n<p>&nbsp;<\/p>\n<h4 style=\"text-align: left;\">Comunidades<\/h4>\n<p>Puede encontrar una comunidad de Viviendas de Autoayuda Popular en cada condado de la Costa Central. Actualmente, poseemos y administramos m\u00e1s de 2200 unidades de alquiler, brindando entornos acogedores a m\u00e1s de 5400 residentes, cuyo bienestar y \u00e9xito impulsan nuestra misi\u00f3n. Nuestras propiedades se encuentran en zonas rurales, urbanas y costeras, y cada vecindario es tan diferente y diverso como sus comunidades anfitrionas.<\/p>\n\n\t\t<\/div>\n\t<\/div>\n<div class=\"vc_separator wpb_content_element vc_separator_align_center vc_sep_width_100 vc_sep_pos_align_center vc_separator_no_text vc_sep_color_grey wpb_content_element  wpb_content_element\" ><span class=\"vc_sep_holder vc_sep_holder_l\"><span class=\"vc_sep_line\"><\/span><\/span><span class=\"vc_sep_holder vc_sep_holder_r\"><span class=\"vc_sep_line\"><\/span><\/span>\n<\/div>\n\t<div class=\"wpb_text_column wpb_content_element container\" >\n\t\t<div class=\"wpb_wrapper\">\n\t\t\t<h3 style=\"text-align: center;\"><strong>Nuestros valores: Servicio, Trabajo en equipo, Responsabilidad, Integridad, Respeto<\/strong><\/h3>\n<p>&nbsp;<\/p>\n<h4 style=\"text-align: left;\">Servicio<\/h4>\n<p>Escuchamos, buscamos comprender y atendemos las necesidades de nuestra comunidad y de cada uno, amplificando nuestro impacto a trav\u00e9s de la colaboraci\u00f3n y la asociaci\u00f3n.<\/p>\n<p>&nbsp;<\/p>\n<h4 style=\"text-align: left;\">Trabajo en equipo<\/h4>\n<p>Colaboramos, confiamos y nos apoyamos unos a otros a trav\u00e9s de los desaf\u00edos en la b\u00fasqueda de nuestros objetivos compartidos, celebrando juntos nuestros logros.<\/p>\n<p>&nbsp;<\/p>\n<h4 style=\"text-align: left;\">Responsabilidad<\/h4>\n<p>Nos consideramos responsables del \u00e9xito de la organizaci\u00f3n y asumimos la responsabilidad de los resultados de nuestras acciones.<\/p>\n<p>&nbsp;<\/p>\n<h4 style=\"text-align: left;\">Integridad<\/h4>\n<p>Aplicamos honestidad y transparencia en todo lo que hacemos, cumpliendo nuestros compromisos.<\/p>\n<p>&nbsp;<\/p>\n<h4 style=\"text-align: left;\">Respeto<\/h4>\n<p>Tratamos a los dem\u00e1s con empat\u00eda y dignidad, reconociendo que cada uno tiene una perspectiva \u00fanica e igualmente valiosa.<\/p>\n\n\t\t<\/div>\n\t<\/div>\n<div class=\"vc_separator wpb_content_element vc_separator_align_center vc_sep_width_100 vc_sep_pos_align_center vc_separator_no_text vc_sep_color_grey wpb_content_element  wpb_content_element\" ><span class=\"vc_sep_holder vc_sep_holder_l\"><span class=\"vc_sep_line\"><\/span><\/span><span class=\"vc_sep_holder vc_sep_holder_r\"><span class=\"vc_sep_line\"><\/span><\/span>\n<\/div>\n\t<div class=\"wpb_text_column wpb_content_element container\" >\n\t\t<div class=\"wpb_wrapper\">\n\t\t\t<h3 style=\"text-align: center;\"><strong>En People&#039;s Self-Help Housing, construimos mucho m\u00e1s que viviendas. <\/strong><strong>Construimos vecindarios resilientes, lugares a los que los residentes se enorgullecen de llamar hogar.<\/strong><\/h3>\n\n\t\t<\/div>\n\t<\/div>\n<\/div><\/div><\/div><\/div><div class=\"vc_row-full-width vc_clearfix\"><\/div>\n<\/div>","protected":false},"excerpt":{"rendered":"\u00bfQui\u00e9nes son People&#039;s Self-Help Housing? Fundada en 1970, People&#039;s Self-Help Housing es la organizaci\u00f3n de vivienda sin fines de lucro con mayor trayectoria en la Costa Central de California, atendiendo a m\u00e1s de 10,000 residentes en cuatro condados. Guiados por nuestro Plan Estrat\u00e9gico, nuestra misi\u00f3n y valores reflejan un compromiso compartido de ampliar el acceso a viviendas seguras y estables, as\u00ed como a servicios de apoyo que empoderen a las personas y...  <a class=\"excerpt-read-more\" href=\"https:\/\/www.pshhc.org\/es\/about-us\/\" title=\"Lea sobre nosotros\">Leer m\u00e1s &quot;<\/a>","protected":false},"author":1102,"featured_media":116727,"parent":0,"menu_order":0,"comment_status":"closed","ping_status":"closed","template":"page-wide.php","meta":{"_acf_changed":false,"footnotes":""},"class_list":["post-305","page","type-page","status-publish","has-post-thumbnail","hentry"],"acf":[],"yoast_head":"<!-- This site is optimized with the Yoast SEO plugin v26.9 - https:\/\/yoast.com\/product\/yoast-seo-wordpress\/ -->\n<title>About Us - People&#039;s Self-Help Housing<\/title>\n<meta name=\"description\" content=\"With a mission to build affordable homes with site-based services that offer opportunities to change lives and strengthen communities, People\u2019s Self-Help Housing is the longest-serving nonprofit housing organization on California\u2019s Central Coast.\" \/>\n<meta name=\"robots\" content=\"index, follow, max-snippet:-1, max-image-preview:large, max-video-preview:-1\" \/>\n<link rel=\"canonical\" href=\"https:\/\/www.pshhc.org\/es\/about-us\/\" \/>\n<meta property=\"og:locale\" content=\"es_MX\" \/>\n<meta property=\"og:type\" content=\"article\" \/>\n<meta property=\"og:title\" content=\"About Us - People&#039;s Self-Help Housing\" \/>\n<meta property=\"og:description\" content=\"With a mission to build affordable homes with site-based services that offer opportunities to change lives and strengthen communities, People\u2019s Self-Help Housing is the longest-serving nonprofit housing organization on California\u2019s Central Coast.\" \/>\n<meta property=\"og:url\" content=\"https:\/\/www.pshhc.org\/es\/about-us\/\" \/>\n<meta property=\"og:site_name\" content=\"People&#039;s Self-Help Housing\" \/>\n<meta property=\"article:modified_time\" content=\"2026-02-19T23:18:57+00:00\" \/>\n<meta property=\"og:image\" content=\"https:\/\/www.pshhc.org\/wp-content\/uploads\/2023\/10\/P1030238-scaled-e1771542249986.jpg\" \/>\n\t<meta property=\"og:image:width\" content=\"2560\" \/>\n\t<meta property=\"og:image:height\" content=\"1382\" \/>\n\t<meta property=\"og:image:type\" content=\"image\/jpeg\" \/>\n<meta name=\"twitter:card\" content=\"summary_large_image\" \/>\n<meta name=\"twitter:label1\" content=\"Tiempo de lectura\" \/>\n\t<meta name=\"twitter:data1\" content=\"3 minutos\" \/>\n<script type=\"application\/ld+json\" class=\"yoast-schema-graph\">{\"@context\":\"https:\/\/schema.org\",\"@graph\":[{\"@type\":\"WebPage\",\"@id\":\"https:\/\/www.pshhc.org\/about-us\/\",\"url\":\"https:\/\/www.pshhc.org\/about-us\/\",\"name\":\"About Us - People&#039;s Self-Help Housing\",\"isPartOf\":{\"@id\":\"https:\/\/www.pshhc.org\/#website\"},\"primaryImageOfPage\":{\"@id\":\"https:\/\/www.pshhc.org\/about-us\/#primaryimage\"},\"image\":{\"@id\":\"https:\/\/www.pshhc.org\/about-us\/#primaryimage\"},\"thumbnailUrl\":\"https:\/\/www.pshhc.org\/wp-content\/uploads\/2023\/10\/P1030238-scaled-e1771542249986.jpg\",\"datePublished\":\"2019-05-22T16:28:53+00:00\",\"dateModified\":\"2026-02-19T23:18:57+00:00\",\"description\":\"With a mission to build affordable homes with site-based services that offer opportunities to change lives and strengthen communities, People\u2019s Self-Help Housing is the longest-serving nonprofit housing organization on California\u2019s Central Coast.\",\"breadcrumb\":{\"@id\":\"https:\/\/www.pshhc.org\/about-us\/#breadcrumb\"},\"inLanguage\":\"es\",\"potentialAction\":[{\"@type\":\"ReadAction\",\"target\":[\"https:\/\/www.pshhc.org\/about-us\/\"]}]},{\"@type\":\"ImageObject\",\"inLanguage\":\"es\",\"@id\":\"https:\/\/www.pshhc.org\/about-us\/#primaryimage\",\"url\":\"https:\/\/www.pshhc.org\/wp-content\/uploads\/2023\/10\/P1030238-scaled-e1771542249986.jpg\",\"contentUrl\":\"https:\/\/www.pshhc.org\/wp-content\/uploads\/2023\/10\/P1030238-scaled-e1771542249986.jpg\",\"width\":2560,\"height\":1382},{\"@type\":\"BreadcrumbList\",\"@id\":\"https:\/\/www.pshhc.org\/about-us\/#breadcrumb\",\"itemListElement\":[{\"@type\":\"ListItem\",\"position\":1,\"name\":\"Home\",\"item\":\"https:\/\/www.pshhc.org\/\"},{\"@type\":\"ListItem\",\"position\":2,\"name\":\"About Us\"}]},{\"@type\":\"WebSite\",\"@id\":\"https:\/\/www.pshhc.org\/#website\",\"url\":\"https:\/\/www.pshhc.org\/\",\"name\":\"People&#039;s Self-Help Housing\",\"description\":\"People&#039;s Self-Help Housing\",\"potentialAction\":[{\"@type\":\"SearchAction\",\"target\":{\"@type\":\"EntryPoint\",\"urlTemplate\":\"https:\/\/www.pshhc.org\/?s={search_term_string}\"},\"query-input\":{\"@type\":\"PropertyValueSpecification\",\"valueRequired\":true,\"valueName\":\"search_term_string\"}}],\"inLanguage\":\"es\"}]}<\/script>\n<!-- \/ Yoast SEO plugin. -->","yoast_head_json":{"title":"Sobre nosotros - Vivienda de autoayuda para personas","description":"Con la misi\u00f3n de construir viviendas asequibles con servicios en el sitio que ofrecen oportunidades para cambiar vidas y fortalecer las comunidades, People&#039;s Self-Help Housing es la organizaci\u00f3n de vivienda sin fines de lucro con m\u00e1s a\u00f1os de servicio en la Costa Central de California.","robots":{"index":"index","follow":"follow","max-snippet":"max-snippet:-1","max-image-preview":"max-image-preview:large","max-video-preview":"max-video-preview:-1"},"canonical":"https:\/\/www.pshhc.org\/es\/about-us\/","og_locale":"es_MX","og_type":"article","og_title":"About Us - People&#039;s Self-Help Housing","og_description":"With a mission to build affordable homes with site-based services that offer opportunities to change lives and strengthen communities, People\u2019s Self-Help Housing is the longest-serving nonprofit housing organization on California\u2019s Central Coast.","og_url":"https:\/\/www.pshhc.org\/es\/about-us\/","og_site_name":"People&#039;s Self-Help Housing","article_modified_time":"2026-02-19T23:18:57+00:00","og_image":[{"width":2560,"height":1382,"url":"https:\/\/www.pshhc.org\/wp-content\/uploads\/2023\/10\/P1030238-scaled-e1771542249986.jpg","type":"image\/jpeg"}],"twitter_card":"summary_large_image","twitter_misc":{"Tiempo de lectura":"3 minutos"},"schema":{"@context":"https:\/\/schema.org","@graph":[{"@type":"WebPage","@id":"https:\/\/www.pshhc.org\/about-us\/","url":"https:\/\/www.pshhc.org\/about-us\/","name":"Sobre nosotros - Vivienda de autoayuda para personas","isPartOf":{"@id":"https:\/\/www.pshhc.org\/#website"},"primaryImageOfPage":{"@id":"https:\/\/www.pshhc.org\/about-us\/#primaryimage"},"image":{"@id":"https:\/\/www.pshhc.org\/about-us\/#primaryimage"},"thumbnailUrl":"https:\/\/www.pshhc.org\/wp-content\/uploads\/2023\/10\/P1030238-scaled-e1771542249986.jpg","datePublished":"2019-05-22T16:28:53+00:00","dateModified":"2026-02-19T23:18:57+00:00","description":"Con la misi\u00f3n de construir viviendas asequibles con servicios en el sitio que ofrecen oportunidades para cambiar vidas y fortalecer las comunidades, People&#039;s Self-Help Housing es la organizaci\u00f3n de vivienda sin fines de lucro con m\u00e1s a\u00f1os de servicio en la Costa Central de California.","breadcrumb":{"@id":"https:\/\/www.pshhc.org\/about-us\/#breadcrumb"},"inLanguage":"es","potentialAction":[{"@type":"ReadAction","target":["https:\/\/www.pshhc.org\/about-us\/"]}]},{"@type":"ImageObject","inLanguage":"es","@id":"https:\/\/www.pshhc.org\/about-us\/#primaryimage","url":"https:\/\/www.pshhc.org\/wp-content\/uploads\/2023\/10\/P1030238-scaled-e1771542249986.jpg","contentUrl":"https:\/\/www.pshhc.org\/wp-content\/uploads\/2023\/10\/P1030238-scaled-e1771542249986.jpg","width":2560,"height":1382},{"@type":"BreadcrumbList","@id":"https:\/\/www.pshhc.org\/about-us\/#breadcrumb","itemListElement":[{"@type":"ListItem","position":1,"name":"Home","item":"https:\/\/www.pshhc.org\/"},{"@type":"ListItem","position":2,"name":"About Us"}]},{"@type":"WebSite","@id":"https:\/\/www.pshhc.org\/#website","url":"https:\/\/www.pshhc.org\/","name":"Vivienda de autoayuda de People &amp; #039; s","description":"Vivienda de autoayuda de People &amp; #039; s","potentialAction":[{"@type":"SearchAction","target":{"@type":"EntryPoint","urlTemplate":"https:\/\/www.pshhc.org\/?s={search_term_string}"},"query-input":{"@type":"PropertyValueSpecification","valueRequired":true,"valueName":"search_term_string"}}],"inLanguage":"es"}]}},"jetpack_sharing_enabled":true,"_links":{"self":[{"href":"https:\/\/www.pshhc.org\/es\/wp-json\/wp\/v2\/pages\/305","targetHints":{"allow":["GET"]}}],"collection":[{"href":"https:\/\/www.pshhc.org\/es\/wp-json\/wp\/v2\/pages"}],"about":[{"href":"https:\/\/www.pshhc.org\/es\/wp-json\/wp\/v2\/types\/page"}],"author":[{"embeddable":true,"href":"https:\/\/www.pshhc.org\/es\/wp-json\/wp\/v2\/users\/1102"}],"replies":[{"embeddable":true,"href":"https:\/\/www.pshhc.org\/es\/wp-json\/wp\/v2\/comments?post=305"}],"version-history":[{"count":46,"href":"https:\/\/www.pshhc.org\/es\/wp-json\/wp\/v2\/pages\/305\/revisions"}],"predecessor-version":[{"id":140416,"href":"https:\/\/www.pshhc.org\/es\/wp-json\/wp\/v2\/pages\/305\/revisions\/140416"}],"wp:featuredmedia":[{"embeddable":true,"href":"https:\/\/www.pshhc.org\/es\/wp-json\/wp\/v2\/media\/116727"}],"wp:attachment":[{"href":"https:\/\/www.pshhc.org\/es\/wp-json\/wp\/v2\/media?parent=305"}],"curies":[{"name":"gracias","href":"https:\/\/api.w.org\/{rel}","templated":true}]}}