{"id":299,"date":"2019-05-22T16:03:42","date_gmt":"2019-05-22T16:03:42","guid":{"rendered":"https:\/\/www.pshhc.org\/?page_id=299"},"modified":"2026-01-26T20:30:26","modified_gmt":"2026-01-26T20:30:26","slug":"supportive-housing","status":"publish","type":"page","link":"https:\/\/www.pshhc.org\/es\/supportive-housing\/","title":{"rendered":"Vivienda de apoyo"},"content":{"rendered":"<div class=\"wpb-content-wrapper\"><div data-vc-full-width=\"true\" data-vc-full-width-temp=\"true\" data-vc-full-width-init=\"false\" data-vc-stretch-content=\"true\" class=\"vc_row wpb_row vc_row-fluid inner-banner vc_row-no-padding\"><div class=\"wpb_column vc_column_container vc_col-sm-12\"><div class=\"vc_column-inner\"><div class=\"wpb_wrapper\">\n\t<div  class=\"wpb_single_image wpb_content_element vc_align_center wpb_content_element  bg-image\">\n\t\t\n\t\t<figure class=\"wpb_wrapper vc_figure\">\n\t\t\t<div class=\"vc_single_image-wrapper   vc_box_border_grey\"><img loading=\"lazy\" decoding=\"async\" width=\"2560\" height=\"1651\" src=\"https:\/\/www.pshhc.org\/wp-content\/uploads\/2022\/06\/Creston-Gardens-3-scaled-e1656108005724.jpg\" class=\"vc_single_image-img attachment-full\" alt=\"\" title=\"Creston Jardines-3\" srcset=\"https:\/\/www.pshhc.org\/wp-content\/uploads\/2022\/06\/Creston-Gardens-3-scaled-e1656108005724.jpg 2560w, https:\/\/www.pshhc.org\/wp-content\/uploads\/2022\/06\/Creston-Gardens-3-scaled-e1656108005724-300x193.jpg 300w, https:\/\/www.pshhc.org\/wp-content\/uploads\/2022\/06\/Creston-Gardens-3-scaled-e1656108005724-1024x660.jpg 1024w, https:\/\/www.pshhc.org\/wp-content\/uploads\/2022\/06\/Creston-Gardens-3-scaled-e1656108005724-768x495.jpg 768w, https:\/\/www.pshhc.org\/wp-content\/uploads\/2022\/06\/Creston-Gardens-3-scaled-e1656108005724-1536x991.jpg 1536w, https:\/\/www.pshhc.org\/wp-content\/uploads\/2022\/06\/Creston-Gardens-3-scaled-e1656108005724-2048x1321.jpg 2048w, https:\/\/www.pshhc.org\/wp-content\/uploads\/2022\/06\/Creston-Gardens-3-scaled-e1656108005724-18x12.jpg 18w, https:\/\/www.pshhc.org\/wp-content\/uploads\/2022\/06\/Creston-Gardens-3-scaled-e1656108005724-600x387.jpg 600w\" sizes=\"auto, (max-width: 2560px) 100vw, 2560px\" \/><\/div>\n\t\t<\/figure>\n\t<\/div>\n<\/div><\/div><\/div><\/div><div class=\"vc_row-full-width vc_clearfix\"><\/div><div data-vc-full-width=\"true\" data-vc-full-width-temp=\"true\" data-vc-full-width-init=\"false\" data-vc-stretch-content=\"true\" class=\"vc_row wpb_row vc_row-fluid inner-housing-section vc_row-no-padding\"><div class=\"wpb_column vc_column_container vc_col-sm-12\"><div class=\"vc_column-inner\"><div class=\"wpb_wrapper\">\n\t<div class=\"wpb_text_column wpb_content_element container\" >\n\t\t<div class=\"wpb_wrapper\">\n\t\t\t<h2>Vecindarios solidarios<\/h2>\n\n\t\t<\/div>\n\t<\/div>\n<\/div><\/div><\/div><\/div><div class=\"vc_row-full-width vc_clearfix\"><\/div><div data-vc-full-width=\"true\" data-vc-full-width-temp=\"true\" data-vc-full-width-init=\"false\" data-vc-stretch-content=\"true\" class=\"vc_row wpb_row vc_row-fluid rental-housing-section vc_row-no-padding\"><div class=\"wpb_column vc_column_container vc_col-sm-12\"><div class=\"vc_column-inner\"><div class=\"wpb_wrapper\"><div class=\"vc_row wpb_row vc_inner vc_row-fluid container\"><div class=\"wpb_column vc_column_container vc_col-sm-12\"><div class=\"vc_column-inner\"><div class=\"wpb_wrapper\">\n\t<div class=\"wpb_text_column wpb_content_element container\" >\n\t\t<div class=\"wpb_wrapper\">\n\t\t\t<p style=\"text-align: left;\">Para satisfacer las necesidades de nuestros residentes, muchos de los cuales est\u00e1n en transici\u00f3n despu\u00e9s de a\u00f1os de inestabilidad en la vivienda, combinamos la administraci\u00f3n compasiva de la propiedad con viviendas de apoyo enriquecidas con servicios. Los residentes tienen acceso a la gesti\u00f3n de casos cl\u00ednicos y atenci\u00f3n en el lugar de forma gratuita y confidencial.<\/p>\n<p style=\"text-align: left;\">Nuestro equipo ayuda a desarrollar la capacidad, el bienestar, la resiliencia personal y garantiza que los residentes tengan acceso a una amplia red de recursos regionales. Ya sea que se trate de un peque\u00f1o bache en el camino o de un desaf\u00edo a largo plazo, el Programa de Vivienda con Apoyo juega un papel clave en el regreso a la estabilidad.<\/p>\n\n\t\t<\/div>\n\t<\/div>\n<\/div><\/div><\/div><\/div><\/div><\/div><\/div><\/div><div class=\"vc_row-full-width vc_clearfix\"><\/div><div data-vc-full-width=\"true\" data-vc-full-width-temp=\"true\" data-vc-full-width-init=\"false\" data-vc-stretch-content=\"true\" class=\"vc_row wpb_row vc_row-fluid find-callhome-section vc_row-no-padding\"><div class=\"wpb_column vc_column_container vc_col-sm-12\"><div class=\"vc_column-inner\"><div class=\"wpb_wrapper\">\n\t<div class=\"wpb_text_column wpb_content_element\" >\n\t\t<div class=\"wpb_wrapper\">\n\t\t\t\n\t\t<\/div>\n\t<\/div>\n<div class=\"vc_row wpb_row vc_inner vc_row-fluid container vc_column-gap-10\"><div class=\"call-home-item wpb_column vc_column_container vc_col-sm-4\"><div class=\"vc_column-inner\"><div class=\"wpb_wrapper\">\n\t<div class=\"wpb_text_column wpb_content_element\" >\n\t\t<div class=\"wpb_wrapper\">\n\t\t\t<p><a class=\"call-home-name\" href=\"https:\/\/www.pshhc.org\/es\/community-connection\/\">Conexi\u00f3n comunitaria<\/a><\/p>\n\n\t\t<\/div>\n\t<\/div>\n\n\t<div  class=\"wpb_single_image wpb_content_element vc_align_center wpb_content_element  img-wrap\">\n\t\t\n\t\t<figure class=\"wpb_wrapper vc_figure\">\n\t\t\t<a href=\"https:\/\/www.pshhc.org\/es\/community-connection\/\" target=\"_self\" class=\"vc_single_image-wrapper   vc_box_border_grey\"><img loading=\"lazy\" decoding=\"async\" width=\"373\" height=\"356\" src=\"https:\/\/www.pshhc.org\/wp-content\/uploads\/2021\/05\/2-3.png\" class=\"vc_single_image-img attachment-full\" alt=\"\" title=\"Vivienda de apoyo 2\" srcset=\"https:\/\/www.pshhc.org\/wp-content\/uploads\/2021\/05\/2-3.png 373w, https:\/\/www.pshhc.org\/wp-content\/uploads\/2021\/05\/2-3-300x286.png 300w, https:\/\/www.pshhc.org\/wp-content\/uploads\/2021\/05\/2-3-13x12.png 13w\" sizes=\"auto, (max-width: 373px) 100vw, 373px\" \/><\/a>\n\t\t<\/figure>\n\t<\/div>\n<\/div><\/div><\/div><div class=\"call-home-item wpb_column vc_column_container vc_col-sm-4\"><div class=\"vc_column-inner\"><div class=\"wpb_wrapper\">\n\t<div class=\"wpb_text_column wpb_content_element\" >\n\t\t<div class=\"wpb_wrapper\">\n\t\t\t<p><a class=\"call-home-name\" href=\"https:\/\/www.pshhc.org\/es\/health-wellbeing\/\">Salud y Bienestar<\/a><\/p>\n\n\t\t<\/div>\n\t<\/div>\n\n\t<div  class=\"wpb_single_image wpb_content_element vc_align_center wpb_content_element  img-wrap\">\n\t\t\n\t\t<figure class=\"wpb_wrapper vc_figure\">\n\t\t\t<a href=\"https:\/\/www.pshhc.org\/es\/health-wellbeing\/\" target=\"_self\" class=\"vc_single_image-wrapper   vc_box_border_grey\"><img loading=\"lazy\" decoding=\"async\" width=\"373\" height=\"356\" src=\"https:\/\/www.pshhc.org\/wp-content\/uploads\/2021\/05\/1-3.png\" class=\"vc_single_image-img attachment-full\" alt=\"\" title=\"Vivienda de apoyo\" srcset=\"https:\/\/www.pshhc.org\/wp-content\/uploads\/2021\/05\/1-3.png 373w, https:\/\/www.pshhc.org\/wp-content\/uploads\/2021\/05\/1-3-300x286.png 300w, https:\/\/www.pshhc.org\/wp-content\/uploads\/2021\/05\/1-3-13x12.png 13w\" sizes=\"auto, (max-width: 373px) 100vw, 373px\" \/><\/a>\n\t\t<\/figure>\n\t<\/div>\n<\/div><\/div><\/div><div class=\"call-home-item wpb_column vc_column_container vc_col-sm-4\"><div class=\"vc_column-inner\"><div class=\"wpb_wrapper\">\n\t<div class=\"wpb_text_column wpb_content_element\" >\n\t\t<div class=\"wpb_wrapper\">\n\t\t\t<p><a class=\"call-home-name\" href=\"https:\/\/www.pshhc.org\/es\/care-independence\/\">Cuidado e Independencia<\/a><\/p>\n\n\t\t<\/div>\n\t<\/div>\n\n\t<div  class=\"wpb_single_image wpb_content_element vc_align_center wpb_content_element  img-wrap\">\n\t\t\n\t\t<figure class=\"wpb_wrapper vc_figure\">\n\t\t\t<a href=\"https:\/\/www.pshhc.org\/es\/care-independence\/\" target=\"_self\" class=\"vc_single_image-wrapper   vc_box_border_grey\"><img loading=\"lazy\" decoding=\"async\" width=\"373\" height=\"356\" src=\"https:\/\/www.pshhc.org\/wp-content\/uploads\/2022\/11\/Untitled-design-2022-11-03T143627.931.png\" class=\"vc_single_image-img attachment-full\" alt=\"\" title=\"Independencia de funciones de SHP\" srcset=\"https:\/\/www.pshhc.org\/wp-content\/uploads\/2022\/11\/Untitled-design-2022-11-03T143627.931.png 373w, https:\/\/www.pshhc.org\/wp-content\/uploads\/2022\/11\/Untitled-design-2022-11-03T143627.931-300x286.png 300w, https:\/\/www.pshhc.org\/wp-content\/uploads\/2022\/11\/Untitled-design-2022-11-03T143627.931-13x12.png 13w\" sizes=\"auto, (max-width: 373px) 100vw, 373px\" \/><\/a>\n\t\t<\/figure>\n\t<\/div>\n<\/div><\/div><\/div><\/div><\/div><\/div><\/div><\/div><div class=\"vc_row-full-width vc_clearfix\"><\/div><div data-vc-full-width=\"true\" data-vc-full-width-temp=\"true\" data-vc-full-width-init=\"false\" data-vc-stretch-content=\"true\" class=\"vc_row wpb_row vc_row-fluid rental-housing-section wider leadership vc_row-no-padding\"><div class=\"wpb_column vc_column_container vc_col-sm-12\"><div class=\"vc_column-inner\"><div class=\"wpb_wrapper\"><div class=\"vc_empty_space\"   style=\"height: 32px\"><span class=\"vc_empty_space_inner\"><\/span><\/div>\n\t<div class=\"wpb_text_column wpb_content_element container\" >\n\t\t<div class=\"wpb_wrapper\">\n\t\t\t<h2 style=\"text-align: center;\"><strong>Celebrando el \u00e9xito de los residentes<\/strong><\/h2>\n\n\t\t<\/div>\n\t<\/div>\n\n<div class=\"vc_grid-container-wrapper vc_clearfix vc_grid-animation-fadeIn\">\n\t<div class=\"vc_grid-container vc_clearfix wpb_content_element vc_basic_grid vc_custom_1733512722654 container people-grid\" data-initial-loading-animation=\"fadeIn\" data-vc-grid-settings=\"{&quot;page_id&quot;:299,&quot;style&quot;:&quot;all&quot;,&quot;action&quot;:&quot;vc_get_vc_grid_data&quot;,&quot;shortcode_id&quot;:&quot;1769459418246-9a375a62-53e3-3&quot;,&quot;tag&quot;:&quot;vc_basic_grid&quot;}\" data-vc-request=\"https:\/\/www.pshhc.org\/wp-admin\/admin-ajax.php\" data-vc-post-id=\"299\" data-vc-public-nonce=\"4d18f31a99\">\n\t\t\n\t<\/div>\n<\/div><div class=\"ubtn-ctn-center\"><a class=\"ubtn-link ult-adjust-bottom-margin ubtn-center ubtn-custom\" href=\"https:\/\/form-renderer-app.donorperfect.io\/give\/peoples-self-help-housing\/give-today-supportive-housing\" target=\"_blank\" rel=\"noopener\" ><button type=\"button\" id=\"ubtn-7878\"  class=\"ubtn ult-adjust-bottom-margin ult-responsive ubtn-custom ubtn-top-bg  none  ubtn-center   tooltip-69e78d790d9cf\"  data-hover=\"#9B0002\" data-border-color=\"\" data-bg=\"#9B0002\" data-hover-bg=\"#FFFFFF\" data-border-hover=\"\" data-shadow-hover=\"\" data-shadow-click=\"none\" data-shadow=\"\" data-shd-shadow=\"\"  data-ultimate-target='#ubtn-7878'  data-responsive-json-new='{\"font-size\":\"\",\"line-height\":\"\"}'  style=\"font-weight:normal;width:250px;min-height:50px;padding:px px;border:none;background: #9B0002;color: #FFFFFF;\"><span class=\"ubtn-hover\" style=\"background-color:#FFFFFF\"><\/span><span class=\"ubtn-data ubtn-text\" >Apoye m\u00e1s \u00e9xito<\/span><\/button><\/a><\/div><div class=\"vc_separator wpb_content_element vc_separator_align_center vc_sep_width_100 vc_sep_pos_align_center vc_separator_no_text vc_sep_color_grey wpb_content_element  wpb_content_element container\" ><span class=\"vc_sep_holder vc_sep_holder_l\"><span class=\"vc_sep_line\"><\/span><\/span><span class=\"vc_sep_holder vc_sep_holder_r\"><span class=\"vc_sep_line\"><\/span><\/span>\n<\/div>\n\t<div class=\"wpb_text_column wpb_content_element container\" >\n\t\t<div class=\"wpb_wrapper\">\n\t\t\t<p class=\"xmsonormal\" style=\"text-align: center;\"><em>En agradecimiento por compartir su historia, todos los residentes mencionados recibieron una tarjeta de regalo. La financiaci\u00f3n de las historias de \u00e9xito est\u00e1 generosamente patrocinada por:<\/em><br \/>\n<img loading=\"lazy\" decoding=\"async\" class=\"size-medium wp-image-139701 aligncenter\" src=\"https:\/\/www.pshhc.org\/wp-content\/uploads\/2025\/12\/JPMorgan-Chase-Logo-SVG-desktop-e1764718122998-300x66.jpg\" alt=\"\" width=\"300\" height=\"66\" srcset=\"https:\/\/www.pshhc.org\/wp-content\/uploads\/2025\/12\/JPMorgan-Chase-Logo-SVG-desktop-e1764718122998-300x66.jpg 300w, https:\/\/www.pshhc.org\/wp-content\/uploads\/2025\/12\/JPMorgan-Chase-Logo-SVG-desktop-e1764718122998-1024x225.jpg 1024w, https:\/\/www.pshhc.org\/wp-content\/uploads\/2025\/12\/JPMorgan-Chase-Logo-SVG-desktop-e1764718122998-768x169.jpg 768w, https:\/\/www.pshhc.org\/wp-content\/uploads\/2025\/12\/JPMorgan-Chase-Logo-SVG-desktop-e1764718122998-18x4.jpg 18w, https:\/\/www.pshhc.org\/wp-content\/uploads\/2025\/12\/JPMorgan-Chase-Logo-SVG-desktop-e1764718122998.jpg 1200w\" sizes=\"auto, (max-width: 300px) 100vw, 300px\" \/><\/p>\n\n\t\t<\/div>\n\t<\/div>\n<\/div><\/div><\/div><\/div><div class=\"vc_row-full-width vc_clearfix\"><\/div>\n<\/div>","protected":false},"excerpt":{"rendered":"Vecindarios solidarios Para satisfacer las necesidades de nuestros residentes, muchos de los cuales est\u00e1n pasando de a\u00f1os de inestabilidad habitacional, combinamos una administraci\u00f3n compasiva de la propiedad con viviendas de apoyo enriquecidas con servicios. Los residentes tienen acceso a gesti\u00f3n de casos cl\u00ednicos y atenci\u00f3n in situ gratuita y confidencial. Nuestro equipo ayuda a desarrollar capacidades, bienestar, resiliencia personal y garantiza que los residentes tengan acceso a...  <a class=\"excerpt-read-more\" href=\"https:\/\/www.pshhc.org\/es\/supportive-housing\/\" title=\"Leer Vivienda de Apoyo\">Leer m\u00e1s &quot;<\/a>","protected":false},"author":1102,"featured_media":0,"parent":0,"menu_order":0,"comment_status":"closed","ping_status":"closed","template":"page-wide.php","meta":{"_acf_changed":false,"footnotes":""},"class_list":["post-299","page","type-page","status-publish","hentry"],"acf":[],"yoast_head":"<!-- This site is optimized with the Yoast SEO plugin v26.9 - https:\/\/yoast.com\/product\/yoast-seo-wordpress\/ -->\n<title>Supportive Housing - People&#039;s Self-Help Housing<\/title>\n<meta name=\"description\" content=\"Residents of our supportive housing have access to a network of resources and programming designed to promote health, well-being, and community engagement.\" \/>\n<meta name=\"robots\" content=\"index, follow, max-snippet:-1, max-image-preview:large, max-video-preview:-1\" \/>\n<link rel=\"canonical\" href=\"https:\/\/www.pshhc.org\/es\/supportive-housing\/\" \/>\n<meta property=\"og:locale\" content=\"es_MX\" \/>\n<meta property=\"og:type\" content=\"article\" \/>\n<meta property=\"og:title\" content=\"Supportive Housing - People&#039;s Self-Help Housing\" \/>\n<meta property=\"og:description\" content=\"Residents of our supportive housing have access to a network of resources and programming designed to promote health, well-being, and community engagement.\" \/>\n<meta property=\"og:url\" content=\"https:\/\/www.pshhc.org\/es\/supportive-housing\/\" \/>\n<meta property=\"og:site_name\" content=\"People&#039;s Self-Help Housing\" \/>\n<meta property=\"article:modified_time\" content=\"2026-01-26T20:30:26+00:00\" \/>\n<meta property=\"og:image\" content=\"https:\/\/www.pshhc.org\/wp-content\/uploads\/2025\/12\/JPMorgan-Chase-Logo-SVG-desktop-e1764718122998-300x66.jpg\" \/>\n<meta name=\"twitter:card\" content=\"summary_large_image\" \/>\n<meta name=\"twitter:label1\" content=\"Tiempo de lectura\" \/>\n\t<meta name=\"twitter:data1\" content=\"2 minutos\" \/>\n<script type=\"application\/ld+json\" class=\"yoast-schema-graph\">{\"@context\":\"https:\/\/schema.org\",\"@graph\":[{\"@type\":\"WebPage\",\"@id\":\"https:\/\/www.pshhc.org\/supportive-housing\/\",\"url\":\"https:\/\/www.pshhc.org\/supportive-housing\/\",\"name\":\"Supportive Housing - People&#039;s Self-Help Housing\",\"isPartOf\":{\"@id\":\"https:\/\/www.pshhc.org\/#website\"},\"primaryImageOfPage\":{\"@id\":\"https:\/\/www.pshhc.org\/supportive-housing\/#primaryimage\"},\"image\":{\"@id\":\"https:\/\/www.pshhc.org\/supportive-housing\/#primaryimage\"},\"thumbnailUrl\":\"https:\/\/www.pshhc.org\/wp-content\/uploads\/2025\/12\/JPMorgan-Chase-Logo-SVG-desktop-e1764718122998-300x66.jpg\",\"datePublished\":\"2019-05-22T16:03:42+00:00\",\"dateModified\":\"2026-01-26T20:30:26+00:00\",\"description\":\"Residents of our supportive housing have access to a network of resources and programming designed to promote health, well-being, and community engagement.\",\"breadcrumb\":{\"@id\":\"https:\/\/www.pshhc.org\/supportive-housing\/#breadcrumb\"},\"inLanguage\":\"es\",\"potentialAction\":[{\"@type\":\"ReadAction\",\"target\":[\"https:\/\/www.pshhc.org\/supportive-housing\/\"]}]},{\"@type\":\"ImageObject\",\"inLanguage\":\"es\",\"@id\":\"https:\/\/www.pshhc.org\/supportive-housing\/#primaryimage\",\"url\":\"https:\/\/www.pshhc.org\/wp-content\/uploads\/2025\/12\/JPMorgan-Chase-Logo-SVG-desktop-e1764718122998-300x66.jpg\",\"contentUrl\":\"https:\/\/www.pshhc.org\/wp-content\/uploads\/2025\/12\/JPMorgan-Chase-Logo-SVG-desktop-e1764718122998-300x66.jpg\"},{\"@type\":\"BreadcrumbList\",\"@id\":\"https:\/\/www.pshhc.org\/supportive-housing\/#breadcrumb\",\"itemListElement\":[{\"@type\":\"ListItem\",\"position\":1,\"name\":\"Home\",\"item\":\"https:\/\/www.pshhc.org\/\"},{\"@type\":\"ListItem\",\"position\":2,\"name\":\"Supportive Housing\"}]},{\"@type\":\"WebSite\",\"@id\":\"https:\/\/www.pshhc.org\/#website\",\"url\":\"https:\/\/www.pshhc.org\/\",\"name\":\"People&#039;s Self-Help Housing\",\"description\":\"People&#039;s Self-Help Housing\",\"potentialAction\":[{\"@type\":\"SearchAction\",\"target\":{\"@type\":\"EntryPoint\",\"urlTemplate\":\"https:\/\/www.pshhc.org\/?s={search_term_string}\"},\"query-input\":{\"@type\":\"PropertyValueSpecification\",\"valueRequired\":true,\"valueName\":\"search_term_string\"}}],\"inLanguage\":\"es\"}]}<\/script>\n<!-- \/ Yoast SEO plugin. -->","yoast_head_json":{"title":"Vivienda de Apoyo - Vivienda de Autoayuda Popular","description":"Los residentes de nuestras viviendas de apoyo tienen acceso a una red de recursos y programas dise\u00f1ados para promover la salud, el bienestar y la participaci\u00f3n comunitaria.","robots":{"index":"index","follow":"follow","max-snippet":"max-snippet:-1","max-image-preview":"max-image-preview:large","max-video-preview":"max-video-preview:-1"},"canonical":"https:\/\/www.pshhc.org\/es\/supportive-housing\/","og_locale":"es_MX","og_type":"article","og_title":"Supportive Housing - People&#039;s Self-Help Housing","og_description":"Residents of our supportive housing have access to a network of resources and programming designed to promote health, well-being, and community engagement.","og_url":"https:\/\/www.pshhc.org\/es\/supportive-housing\/","og_site_name":"People&#039;s Self-Help Housing","article_modified_time":"2026-01-26T20:30:26+00:00","og_image":[{"url":"https:\/\/www.pshhc.org\/wp-content\/uploads\/2025\/12\/JPMorgan-Chase-Logo-SVG-desktop-e1764718122998-300x66.jpg","type":"","width":"","height":""}],"twitter_card":"summary_large_image","twitter_misc":{"Tiempo de lectura":"2 minutos"},"schema":{"@context":"https:\/\/schema.org","@graph":[{"@type":"WebPage","@id":"https:\/\/www.pshhc.org\/supportive-housing\/","url":"https:\/\/www.pshhc.org\/supportive-housing\/","name":"Vivienda de Apoyo - Vivienda de Autoayuda Popular","isPartOf":{"@id":"https:\/\/www.pshhc.org\/#website"},"primaryImageOfPage":{"@id":"https:\/\/www.pshhc.org\/supportive-housing\/#primaryimage"},"image":{"@id":"https:\/\/www.pshhc.org\/supportive-housing\/#primaryimage"},"thumbnailUrl":"https:\/\/www.pshhc.org\/wp-content\/uploads\/2025\/12\/JPMorgan-Chase-Logo-SVG-desktop-e1764718122998-300x66.jpg","datePublished":"2019-05-22T16:03:42+00:00","dateModified":"2026-01-26T20:30:26+00:00","description":"Los residentes de nuestras viviendas de apoyo tienen acceso a una red de recursos y programas dise\u00f1ados para promover la salud, el bienestar y la participaci\u00f3n comunitaria.","breadcrumb":{"@id":"https:\/\/www.pshhc.org\/supportive-housing\/#breadcrumb"},"inLanguage":"es","potentialAction":[{"@type":"ReadAction","target":["https:\/\/www.pshhc.org\/supportive-housing\/"]}]},{"@type":"ImageObject","inLanguage":"es","@id":"https:\/\/www.pshhc.org\/supportive-housing\/#primaryimage","url":"https:\/\/www.pshhc.org\/wp-content\/uploads\/2025\/12\/JPMorgan-Chase-Logo-SVG-desktop-e1764718122998-300x66.jpg","contentUrl":"https:\/\/www.pshhc.org\/wp-content\/uploads\/2025\/12\/JPMorgan-Chase-Logo-SVG-desktop-e1764718122998-300x66.jpg"},{"@type":"BreadcrumbList","@id":"https:\/\/www.pshhc.org\/supportive-housing\/#breadcrumb","itemListElement":[{"@type":"ListItem","position":1,"name":"Home","item":"https:\/\/www.pshhc.org\/"},{"@type":"ListItem","position":2,"name":"Supportive Housing"}]},{"@type":"WebSite","@id":"https:\/\/www.pshhc.org\/#website","url":"https:\/\/www.pshhc.org\/","name":"Vivienda de autoayuda de People &amp; #039; s","description":"Vivienda de autoayuda de People &amp; #039; s","potentialAction":[{"@type":"SearchAction","target":{"@type":"EntryPoint","urlTemplate":"https:\/\/www.pshhc.org\/?s={search_term_string}"},"query-input":{"@type":"PropertyValueSpecification","valueRequired":true,"valueName":"search_term_string"}}],"inLanguage":"es"}]}},"jetpack_sharing_enabled":true,"_links":{"self":[{"href":"https:\/\/www.pshhc.org\/es\/wp-json\/wp\/v2\/pages\/299","targetHints":{"allow":["GET"]}}],"collection":[{"href":"https:\/\/www.pshhc.org\/es\/wp-json\/wp\/v2\/pages"}],"about":[{"href":"https:\/\/www.pshhc.org\/es\/wp-json\/wp\/v2\/types\/page"}],"author":[{"embeddable":true,"href":"https:\/\/www.pshhc.org\/es\/wp-json\/wp\/v2\/users\/1102"}],"replies":[{"embeddable":true,"href":"https:\/\/www.pshhc.org\/es\/wp-json\/wp\/v2\/comments?post=299"}],"version-history":[{"count":41,"href":"https:\/\/www.pshhc.org\/es\/wp-json\/wp\/v2\/pages\/299\/revisions"}],"predecessor-version":[{"id":139887,"href":"https:\/\/www.pshhc.org\/es\/wp-json\/wp\/v2\/pages\/299\/revisions\/139887"}],"wp:attachment":[{"href":"https:\/\/www.pshhc.org\/es\/wp-json\/wp\/v2\/media?parent=299"}],"curies":[{"name":"gracias","href":"https:\/\/api.w.org\/{rel}","templated":true}]}}