{"id":280,"date":"2019-05-22T14:03:38","date_gmt":"2019-05-22T14:03:38","guid":{"rendered":"https:\/\/www.pshhc.org\/?page_id=280"},"modified":"2026-03-30T21:45:45","modified_gmt":"2026-03-30T21:45:45","slug":"events","status":"publish","type":"page","link":"https:\/\/www.pshhc.org\/es\/events\/","title":{"rendered":"Eventos"},"content":{"rendered":"<div class=\"wpb-content-wrapper\"><div data-vc-full-width=\"true\" data-vc-full-width-temp=\"true\" data-vc-full-width-init=\"false\" data-vc-stretch-content=\"true\" class=\"vc_row wpb_row vc_row-fluid inner-banner vc_row-no-padding\"><div class=\"wpb_column vc_column_container vc_col-sm-12\"><div class=\"vc_column-inner\"><div class=\"wpb_wrapper\">\n\t<div  class=\"wpb_single_image wpb_content_element vc_align_center wpb_content_element  bg-image\">\n\t\t\n\t\t<figure class=\"wpb_wrapper vc_figure\">\n\t\t\t<div class=\"vc_single_image-wrapper   vc_box_border_grey\"><img loading=\"lazy\" decoding=\"async\" width=\"2500\" height=\"1105\" src=\"https:\/\/www.pshhc.org\/wp-content\/uploads\/2025\/09\/Broad-Street-Place-Grand-Opening_013024_94-scaled-e1758230956513.jpg\" class=\"vc_single_image-img attachment-full\" alt=\"\" title=\"Gran inauguraci\u00f3n de Broad Street Place_013024_(94)\" srcset=\"https:\/\/www.pshhc.org\/wp-content\/uploads\/2025\/09\/Broad-Street-Place-Grand-Opening_013024_94-scaled-e1758230956513.jpg 2500w, https:\/\/www.pshhc.org\/wp-content\/uploads\/2025\/09\/Broad-Street-Place-Grand-Opening_013024_94-scaled-e1758230956513-300x133.jpg 300w, https:\/\/www.pshhc.org\/wp-content\/uploads\/2025\/09\/Broad-Street-Place-Grand-Opening_013024_94-scaled-e1758230956513-1024x453.jpg 1024w, https:\/\/www.pshhc.org\/wp-content\/uploads\/2025\/09\/Broad-Street-Place-Grand-Opening_013024_94-scaled-e1758230956513-768x339.jpg 768w, https:\/\/www.pshhc.org\/wp-content\/uploads\/2025\/09\/Broad-Street-Place-Grand-Opening_013024_94-scaled-e1758230956513-1536x679.jpg 1536w, https:\/\/www.pshhc.org\/wp-content\/uploads\/2025\/09\/Broad-Street-Place-Grand-Opening_013024_94-scaled-e1758230956513-2048x905.jpg 2048w, https:\/\/www.pshhc.org\/wp-content\/uploads\/2025\/09\/Broad-Street-Place-Grand-Opening_013024_94-scaled-e1758230956513-18x8.jpg 18w\" sizes=\"auto, (max-width: 2500px) 100vw, 2500px\" \/><\/div>\n\t\t<\/figure>\n\t<\/div>\n<\/div><\/div><\/div><\/div><div class=\"vc_row-full-width vc_clearfix\"><\/div><div data-vc-full-width=\"true\" data-vc-full-width-temp=\"true\" data-vc-full-width-init=\"false\" data-vc-stretch-content=\"true\" class=\"vc_row wpb_row vc_row-fluid inner-housing-section vc_row-no-padding\"><div class=\"wpb_column vc_column_container vc_col-sm-12\"><div class=\"vc_column-inner\"><div class=\"wpb_wrapper\">\n\t<div class=\"wpb_text_column wpb_content_element container\" >\n\t\t<div class=\"wpb_wrapper\">\n\t\t\t<h2>Eventos y reuniones<\/h2>\n\n\t\t<\/div>\n\t<\/div>\n<\/div><\/div><\/div><\/div><div class=\"vc_row-full-width vc_clearfix\"><\/div><div data-vc-full-width=\"true\" data-vc-full-width-temp=\"true\" data-vc-full-width-init=\"false\" data-vc-stretch-content=\"true\" class=\"vc_row wpb_row vc_row-fluid rental-housing-section vc_row-no-padding\"><div class=\"wpb_column vc_column_container vc_col-sm-12\"><div class=\"vc_column-inner\"><div class=\"wpb_wrapper\">\n\t<div class=\"wpb_text_column wpb_content_element container\" >\n\t\t<div class=\"wpb_wrapper\">\n\t\t\t<p style=\"text-align: left;\">Siempre hay algo emocionante sucediendo: desde la colocaci\u00f3n de la primera piedra hasta la inauguraci\u00f3n, pasando por celebraciones y eventos para recaudar fondos. Mant\u00e9ngase al tanto y visite esta p\u00e1gina con frecuencia para conocer los anuncios.<\/p>\n<p style=\"text-align: left;\">Para preguntas y m\u00e1s informaci\u00f3n, por favor p\u00f3ngase en contacto con <a href=\"mailto:publicrelations@pshhc.org\">publicrelations@pshhc.org<\/a>.<\/p>\n\n\t\t<\/div>\n\t<\/div>\n<\/div><\/div><\/div><\/div><div class=\"vc_row-full-width vc_clearfix\"><\/div><div data-vc-full-width=\"true\" data-vc-full-width-temp=\"true\" data-vc-full-width-init=\"false\" data-vc-stretch-content=\"true\" class=\"vc_row wpb_row vc_row-fluid find-callhome-section vc_row-no-padding\"><div class=\"wpb_column vc_column_container vc_col-sm-12\"><div class=\"vc_column-inner\"><div class=\"wpb_wrapper\"><div class=\"vc_empty_space\"   style=\"height: 32px\"><span class=\"vc_empty_space_inner\"><\/span><\/div>\n\t<div class=\"wpb_text_column wpb_content_element\" >\n\t\t<div class=\"wpb_wrapper\">\n\t\t\t<h2 class=\"section-heading\">Pr\u00f3ximos Eventos:<\/h2>\n\n\t\t<\/div>\n\t<\/div>\n<div class=\"vc_row wpb_row vc_inner vc_row-fluid container smaller-titles\"><div class=\"call-home-item wpb_column vc_column_container vc_col-sm-4\"><div class=\"vc_column-inner\"><div class=\"wpb_wrapper\">\n\t<div class=\"wpb_text_column wpb_content_element\" >\n\t\t<div class=\"wpb_wrapper\">\n\t\t\t<p><a class=\"call-home-name\" href=\"https:\/\/www.pshhc.org\/es\/ccc\/\" rel=\"noopener\">Inauguraci\u00f3n de Cleaver &amp; Clark Commons: primavera de 2026<\/a><\/p>\n\n\t\t<\/div>\n\t<\/div>\n\n\t<div  class=\"wpb_single_image wpb_content_element vc_align_center wpb_content_element  img-wrap\">\n\t\t\n\t\t<figure class=\"wpb_wrapper vc_figure\">\n\t\t\t<a href=\"https:\/\/www.pshhc.org\/es\/ccc\/\" target=\"_self\" class=\"vc_single_image-wrapper   vc_box_border_grey\"><img decoding=\"async\" class=\"vc_single_image-img\" src=\"https:\/\/www.pshhc.org\/wp-content\/uploads\/2026\/02\/Cleaver-Clark-Commons-Exterior_010826-2-scaled-e1770413620323-355x333.jpg\" width=\"355\" height=\"333\" alt=\"Cleaver &amp; Clark Commons Exterior_010826 (2)\" title=\"Exterior de Cleaver &amp; Clark Commons_010826 (2)\" loading=\"lazy\" \/><\/a>\n\t\t<\/figure>\n\t<\/div>\n<\/div><\/div><\/div><div class=\"call-home-item wpb_column vc_column_container vc_col-sm-4\"><div class=\"vc_column-inner\"><div class=\"wpb_wrapper\">\n\t<div class=\"wpb_text_column wpb_content_element\" >\n\t\t<div class=\"wpb_wrapper\">\n\t\t\t<p><a class=\"call-home-name\" href=\"https:\/\/www.pshhc.org\/es\/cyp\/\" rel=\"noopener\">Gran inauguraci\u00f3n de Cypress Place I: verano de 2026<\/a><\/p>\n\n\t\t<\/div>\n\t<\/div>\n\n\t<div  class=\"wpb_single_image wpb_content_element vc_align_center wpb_content_element  img-wrap\">\n\t\t\n\t\t<figure class=\"wpb_wrapper vc_figure\">\n\t\t\t<a href=\"https:\/\/www.pshhc.org\/es\/cyp\/\" target=\"_self\" class=\"vc_single_image-wrapper   vc_box_border_grey\"><img decoding=\"async\" class=\"vc_single_image-img\" src=\"https:\/\/www.pshhc.org\/wp-content\/uploads\/2026\/02\/40-print-Upmarketmedia_5536Cyp-011-scaled-e1770413340420-355x333.jpg\" width=\"355\" height=\"333\" alt=\"40-print-Upmarketmedia_5536Cyp-011\" title=\"40-impresi\u00f3n-Upmarketmedia_5536Cyp-011\" loading=\"lazy\" \/><\/a>\n\t\t<\/figure>\n\t<\/div>\n<\/div><\/div><\/div><div class=\"call-home-item wpb_column vc_column_container vc_col-sm-4\"><div class=\"vc_column-inner\"><div class=\"wpb_wrapper\">\n\t<div class=\"wpb_text_column wpb_content_element\" >\n\t\t<div class=\"wpb_wrapper\">\n\t\t\t<p><a class=\"call-home-name\" href=\"https:\/\/www.pshhc.org\/es\/BGA\/\" rel=\"noopener\">Inauguraci\u00f3n de Buellton Garden Apartments: verano de 2026<\/a><\/p>\n\n\t\t<\/div>\n\t<\/div>\n\n\t<div  class=\"wpb_single_image wpb_content_element vc_align_center wpb_content_element  img-wrap\">\n\t\t\n\t\t<figure class=\"wpb_wrapper vc_figure\">\n\t\t\t<a href=\"https:\/\/www.pshhc.org\/es\/BGA\/\" target=\"_self\" class=\"vc_single_image-wrapper   vc_box_border_grey\"><img decoding=\"async\" class=\"vc_single_image-img\" src=\"https:\/\/www.pshhc.org\/wp-content\/uploads\/2026\/02\/Buellton-Garden-Apartments-Construction_120325-7-355x355.jpg\" width=\"355\" height=\"355\" alt=\"Buellton Garden Apartments Construction_120325 (7)\" title=\"Construcci\u00f3n de apartamentos Buellton Garden_120325 (7)\" loading=\"lazy\" \/><\/a>\n\t\t<\/figure>\n\t<\/div>\n<\/div><\/div><\/div><\/div><\/div><\/div><\/div><\/div><div class=\"vc_row-full-width vc_clearfix\"><\/div>\n<\/div>","protected":false},"excerpt":{"rendered":"Eventos y reuniones Siempre hay algo emocionante sucediendo: desde inauguraciones hasta cortes de cinta, celebraciones y eventos para recaudar fondos. Mant\u00e9ngase al tanto y visite esta p\u00e1gina con frecuencia para ver los anuncios. Para preguntas y m\u00e1s informaci\u00f3n, comun\u00edquese con publicrelations@pshhc.org. Pr\u00f3ximos eventos: Gran inauguraci\u00f3n de Cleaver &amp; Clark Commons: primavera de 2026 Gran inauguraci\u00f3n de Cypress Place I: verano de 2026 Buellton Garden Apartments...  <a class=\"excerpt-read-more\" href=\"https:\/\/www.pshhc.org\/es\/events\/\" title=\"Leer eventos\">Leer m\u00e1s &quot;<\/a>","protected":false},"author":1102,"featured_media":135578,"parent":0,"menu_order":0,"comment_status":"closed","ping_status":"closed","template":"page-wide.php","meta":{"_acf_changed":false,"footnotes":""},"class_list":["post-280","page","type-page","status-publish","has-post-thumbnail","hentry"],"acf":[],"yoast_head":"<!-- This site is optimized with the Yoast SEO plugin v26.9 - https:\/\/yoast.com\/product\/yoast-seo-wordpress\/ -->\n<title>Events - People&#039;s Self-Help Housing<\/title>\n<meta name=\"description\" content=\"Events &amp; Gatherings There\u2019s always something exciting happening &#8211; from ground breakings to ribbon cuttings, celebrations to fundraisers. Stay tuned and visit this page often for announcements.\" \/>\n<meta name=\"robots\" content=\"index, follow, max-snippet:-1, max-image-preview:large, max-video-preview:-1\" \/>\n<link rel=\"canonical\" href=\"https:\/\/www.pshhc.org\/es\/events\/\" \/>\n<meta property=\"og:locale\" content=\"es_MX\" \/>\n<meta property=\"og:type\" content=\"article\" \/>\n<meta property=\"og:title\" content=\"Events - People&#039;s Self-Help Housing\" \/>\n<meta property=\"og:url\" content=\"https:\/\/www.pshhc.org\/es\/events\/\" \/>\n<meta property=\"og:site_name\" content=\"People&#039;s Self-Help Housing\" \/>\n<meta property=\"article:modified_time\" content=\"2026-03-30T21:45:45+00:00\" \/>\n<meta property=\"og:image\" content=\"https:\/\/www.pshhc.org\/wp-content\/uploads\/2024\/09\/Builder-Games_042724_215-scaled.jpg\" \/>\n\t<meta property=\"og:image:width\" content=\"2560\" \/>\n\t<meta property=\"og:image:height\" content=\"1707\" \/>\n\t<meta property=\"og:image:type\" content=\"image\/jpeg\" \/>\n<meta name=\"twitter:card\" content=\"summary_large_image\" \/>\n<meta name=\"twitter:label1\" content=\"Tiempo de lectura\" \/>\n\t<meta name=\"twitter:data1\" content=\"2 minutos\" \/>\n<script type=\"application\/ld+json\" class=\"yoast-schema-graph\">{\"@context\":\"https:\/\/schema.org\",\"@graph\":[{\"@type\":\"WebPage\",\"@id\":\"https:\/\/www.pshhc.org\/events\/\",\"url\":\"https:\/\/www.pshhc.org\/events\/\",\"name\":\"Events - People&#039;s Self-Help Housing\",\"isPartOf\":{\"@id\":\"https:\/\/www.pshhc.org\/#website\"},\"primaryImageOfPage\":{\"@id\":\"https:\/\/www.pshhc.org\/events\/#primaryimage\"},\"image\":{\"@id\":\"https:\/\/www.pshhc.org\/events\/#primaryimage\"},\"thumbnailUrl\":\"https:\/\/www.pshhc.org\/wp-content\/uploads\/2024\/09\/Builder-Games_042724_215-scaled.jpg\",\"datePublished\":\"2019-05-22T14:03:38+00:00\",\"dateModified\":\"2026-03-30T21:45:45+00:00\",\"breadcrumb\":{\"@id\":\"https:\/\/www.pshhc.org\/events\/#breadcrumb\"},\"inLanguage\":\"es\",\"potentialAction\":[{\"@type\":\"ReadAction\",\"target\":[\"https:\/\/www.pshhc.org\/events\/\"]}]},{\"@type\":\"ImageObject\",\"inLanguage\":\"es\",\"@id\":\"https:\/\/www.pshhc.org\/events\/#primaryimage\",\"url\":\"https:\/\/www.pshhc.org\/wp-content\/uploads\/2024\/09\/Builder-Games_042724_215-scaled.jpg\",\"contentUrl\":\"https:\/\/www.pshhc.org\/wp-content\/uploads\/2024\/09\/Builder-Games_042724_215-scaled.jpg\",\"width\":2560,\"height\":1707},{\"@type\":\"BreadcrumbList\",\"@id\":\"https:\/\/www.pshhc.org\/events\/#breadcrumb\",\"itemListElement\":[{\"@type\":\"ListItem\",\"position\":1,\"name\":\"Home\",\"item\":\"https:\/\/www.pshhc.org\/\"},{\"@type\":\"ListItem\",\"position\":2,\"name\":\"Events\"}]},{\"@type\":\"WebSite\",\"@id\":\"https:\/\/www.pshhc.org\/#website\",\"url\":\"https:\/\/www.pshhc.org\/\",\"name\":\"People&#039;s Self-Help Housing\",\"description\":\"People&#039;s Self-Help Housing\",\"potentialAction\":[{\"@type\":\"SearchAction\",\"target\":{\"@type\":\"EntryPoint\",\"urlTemplate\":\"https:\/\/www.pshhc.org\/?s={search_term_string}\"},\"query-input\":{\"@type\":\"PropertyValueSpecification\",\"valueRequired\":true,\"valueName\":\"search_term_string\"}}],\"inLanguage\":\"es\"}]}<\/script>\n<!-- \/ Yoast SEO plugin. -->","yoast_head_json":{"title":"Eventos - Vivienda de autoayuda popular","description":"Events &amp; Gatherings There\u2019s always something exciting happening &#8211; from ground breakings to ribbon cuttings, celebrations to fundraisers. Stay tuned and visit this page often for announcements.","robots":{"index":"index","follow":"follow","max-snippet":"max-snippet:-1","max-image-preview":"max-image-preview:large","max-video-preview":"max-video-preview:-1"},"canonical":"https:\/\/www.pshhc.org\/es\/events\/","og_locale":"es_MX","og_type":"article","og_title":"Events - People&#039;s Self-Help Housing","og_url":"https:\/\/www.pshhc.org\/es\/events\/","og_site_name":"People&#039;s Self-Help Housing","article_modified_time":"2026-03-30T21:45:45+00:00","og_image":[{"width":2560,"height":1707,"url":"https:\/\/www.pshhc.org\/wp-content\/uploads\/2024\/09\/Builder-Games_042724_215-scaled.jpg","type":"image\/jpeg"}],"twitter_card":"summary_large_image","twitter_misc":{"Tiempo de lectura":"2 minutos"},"schema":{"@context":"https:\/\/schema.org","@graph":[{"@type":"WebPage","@id":"https:\/\/www.pshhc.org\/events\/","url":"https:\/\/www.pshhc.org\/events\/","name":"Eventos - Vivienda de autoayuda popular","isPartOf":{"@id":"https:\/\/www.pshhc.org\/#website"},"primaryImageOfPage":{"@id":"https:\/\/www.pshhc.org\/events\/#primaryimage"},"image":{"@id":"https:\/\/www.pshhc.org\/events\/#primaryimage"},"thumbnailUrl":"https:\/\/www.pshhc.org\/wp-content\/uploads\/2024\/09\/Builder-Games_042724_215-scaled.jpg","datePublished":"2019-05-22T14:03:38+00:00","dateModified":"2026-03-30T21:45:45+00:00","breadcrumb":{"@id":"https:\/\/www.pshhc.org\/events\/#breadcrumb"},"inLanguage":"es","potentialAction":[{"@type":"ReadAction","target":["https:\/\/www.pshhc.org\/events\/"]}]},{"@type":"ImageObject","inLanguage":"es","@id":"https:\/\/www.pshhc.org\/events\/#primaryimage","url":"https:\/\/www.pshhc.org\/wp-content\/uploads\/2024\/09\/Builder-Games_042724_215-scaled.jpg","contentUrl":"https:\/\/www.pshhc.org\/wp-content\/uploads\/2024\/09\/Builder-Games_042724_215-scaled.jpg","width":2560,"height":1707},{"@type":"BreadcrumbList","@id":"https:\/\/www.pshhc.org\/events\/#breadcrumb","itemListElement":[{"@type":"ListItem","position":1,"name":"Home","item":"https:\/\/www.pshhc.org\/"},{"@type":"ListItem","position":2,"name":"Events"}]},{"@type":"WebSite","@id":"https:\/\/www.pshhc.org\/#website","url":"https:\/\/www.pshhc.org\/","name":"Vivienda de autoayuda de People &amp; #039; s","description":"Vivienda de autoayuda de People &amp; #039; s","potentialAction":[{"@type":"SearchAction","target":{"@type":"EntryPoint","urlTemplate":"https:\/\/www.pshhc.org\/?s={search_term_string}"},"query-input":{"@type":"PropertyValueSpecification","valueRequired":true,"valueName":"search_term_string"}}],"inLanguage":"es"}]}},"jetpack_sharing_enabled":true,"_links":{"self":[{"href":"https:\/\/www.pshhc.org\/es\/wp-json\/wp\/v2\/pages\/280","targetHints":{"allow":["GET"]}}],"collection":[{"href":"https:\/\/www.pshhc.org\/es\/wp-json\/wp\/v2\/pages"}],"about":[{"href":"https:\/\/www.pshhc.org\/es\/wp-json\/wp\/v2\/types\/page"}],"author":[{"embeddable":true,"href":"https:\/\/www.pshhc.org\/es\/wp-json\/wp\/v2\/users\/1102"}],"replies":[{"embeddable":true,"href":"https:\/\/www.pshhc.org\/es\/wp-json\/wp\/v2\/comments?post=280"}],"version-history":[{"count":159,"href":"https:\/\/www.pshhc.org\/es\/wp-json\/wp\/v2\/pages\/280\/revisions"}],"predecessor-version":[{"id":140609,"href":"https:\/\/www.pshhc.org\/es\/wp-json\/wp\/v2\/pages\/280\/revisions\/140609"}],"wp:featuredmedia":[{"embeddable":true,"href":"https:\/\/www.pshhc.org\/es\/wp-json\/wp\/v2\/media\/135578"}],"wp:attachment":[{"href":"https:\/\/www.pshhc.org\/es\/wp-json\/wp\/v2\/media?parent=280"}],"curies":[{"name":"gracias","href":"https:\/\/api.w.org\/{rel}","templated":true}]}}