{"id":269,"date":"2019-05-22T12:16:29","date_gmt":"2019-05-22T12:16:29","guid":{"rendered":"https:\/\/www.pshhc.org\/?page_id=269"},"modified":"2026-03-30T21:35:13","modified_gmt":"2026-03-30T21:35:13","slug":"education","status":"publish","type":"page","link":"https:\/\/www.pshhc.org\/es\/education\/","title":{"rendered":"Educaci\u00f3n"},"content":{"rendered":"<div class=\"wpb-content-wrapper\"><div data-vc-full-width=\"true\" data-vc-full-width-temp=\"true\" data-vc-full-width-init=\"false\" data-vc-stretch-content=\"true\" class=\"vc_row wpb_row vc_row-fluid inner-banner vc_row-no-padding\"><div class=\"wpb_column vc_column_container vc_col-sm-12\"><div class=\"vc_column-inner\"><div class=\"wpb_wrapper\">\n\t<div  class=\"wpb_single_image wpb_content_element vc_align_center wpb_content_element  bg-image\">\n\t\t\n\t\t<figure class=\"wpb_wrapper vc_figure\">\n\t\t\t<div class=\"vc_single_image-wrapper   vc_box_border_grey\"><img loading=\"lazy\" decoding=\"async\" width=\"2560\" height=\"1408\" src=\"https:\/\/www.pshhc.org\/wp-content\/uploads\/2019\/09\/PSHH.Elvia_w6a0288-e1568050940888.jpg\" class=\"vc_single_image-img attachment-full\" alt=\"\" title=\"aprendizaje-computadoras\" srcset=\"https:\/\/www.pshhc.org\/wp-content\/uploads\/2019\/09\/PSHH.Elvia_w6a0288-e1568050940888.jpg 2560w, https:\/\/www.pshhc.org\/wp-content\/uploads\/2019\/09\/PSHH.Elvia_w6a0288-e1568050940888-600x330.jpg 600w, https:\/\/www.pshhc.org\/wp-content\/uploads\/2019\/09\/PSHH.Elvia_w6a0288-e1568050940888-300x165.jpg 300w, https:\/\/www.pshhc.org\/wp-content\/uploads\/2019\/09\/PSHH.Elvia_w6a0288-e1568050940888-768x422.jpg 768w, https:\/\/www.pshhc.org\/wp-content\/uploads\/2019\/09\/PSHH.Elvia_w6a0288-e1568050940888-1024x563.jpg 1024w\" sizes=\"auto, (max-width: 2560px) 100vw, 2560px\" \/><\/div>\n\t\t<\/figure>\n\t<\/div>\n<\/div><\/div><\/div><\/div><div class=\"vc_row-full-width vc_clearfix\"><\/div><div data-vc-full-width=\"true\" data-vc-full-width-temp=\"true\" data-vc-full-width-init=\"false\" data-vc-stretch-content=\"true\" class=\"vc_row wpb_row vc_row-fluid inner-housing-section vc_row-no-padding\"><div class=\"wpb_column vc_column_container vc_col-sm-12\"><div class=\"vc_column-inner\"><div class=\"wpb_wrapper\">\n\t<div class=\"wpb_text_column wpb_content_element container\" >\n\t\t<div class=\"wpb_wrapper\">\n\t\t\t<h2>El camino hacia el aprendizaje permanente<\/h2>\n\n\t\t<\/div>\n\t<\/div>\n<\/div><\/div><\/div><\/div><div class=\"vc_row-full-width vc_clearfix\"><\/div><div data-vc-full-width=\"true\" data-vc-full-width-temp=\"true\" data-vc-full-width-init=\"false\" data-vc-stretch-content=\"true\" class=\"vc_row wpb_row vc_row-fluid rental-housing-section vc_row-no-padding\"><div class=\"wpb_column vc_column_container vc_col-sm-12\"><div class=\"vc_column-inner\"><div class=\"wpb_wrapper\">\n\t<div class=\"wpb_text_column wpb_content_element vc_custom_1706747905708 container\" >\n\t\t<div class=\"wpb_wrapper\">\n\t\t\t<p>Camino Scholars, el programa educativo de People&#039;s Self-Help Housing, atiende a m\u00e1s de 400 estudiantes por a\u00f1o en sus Centros de aprendizaje en el lugar. Como lo demuestran los puntajes de las pruebas estandarizadas, el plan de estudios mejora significativamente las habilidades matem\u00e1ticas y de alfabetizaci\u00f3n y coloca a los estudiantes en el camino hacia el aprendizaje permanente.<\/p>\n<p>A trav\u00e9s de la programaci\u00f3n en persona y su modelo de aprendizaje a distancia equivalente, Camino Scholars brinda a los estudiantes y sus familias asistencia acad\u00e9mica durante todo el a\u00f1o.<\/p>\n\n\t\t<\/div>\n\t<\/div>\n<div class=\"ubtn-ctn-inline\"><a class=\"ubtn-link ult-adjust-bottom-margin ubtn-inline ubtn-normal\" href=\"https:\/\/na2.documents.adobe.com\/public\/esignWidget?wid=CBFCIBAA3AAABLblqZhAU4Hg6BnXkFMDTpymiQmRWVKfEeGKHjpZd0Z1mH2kTbCsgTgS4SqLqsi50hA_jjJI*\" target=\"_blank\" rel=\"noopener\" ><button type=\"button\" id=\"ubtn-3418\"  class=\"ubtn ult-adjust-bottom-margin ult-responsive ubtn-normal ubtn-fade-bg  none  ubtn-inline   tooltip-69e47ba2da38c\"  data-hover=\"#ffffff\" data-border-color=\"\" data-bg=\"#9b0002\" data-hover-bg=\"#890024\" data-border-hover=\"\" data-shadow-hover=\"\" data-shadow-click=\"none\" data-shadow=\"\" data-shd-shadow=\"\"  data-ultimate-target='#ubtn-3418'  data-responsive-json-new='{\"font-size\":\"\",\"line-height\":\"\"}'  style=\"font-weight:normal;border:none;background: #9b0002;color: #ffffff;\"><span class=\"ubtn-hover\" style=\"background-color:#890024\"><\/span><span class=\"ubtn-data ubtn-text\" >Inscribirse (K-8)<\/span><\/button><\/a><\/div><div class=\"vc_custom_1721941709643 ubtn-ctn-inline\"><a class=\"ubtn-link ult-adjust-bottom-margin ubtn-inline ubtn-normal\" href=\"https:\/\/www.pshhc.org\/es\/collegeclubapplication\/\" target=\"_blank\" rel=\"noopener\" ><button type=\"button\" id=\"ubtn-8087\"  class=\"ubtn ult-adjust-bottom-margin ult-responsive ubtn-normal ubtn-fade-bg  none  ubtn-inline   tooltip-69e47ba2da3d7\"  data-hover=\"#ffffff\" data-border-color=\"\" data-bg=\"#9b0002\" data-hover-bg=\"#890024\" data-border-hover=\"\" data-shadow-hover=\"\" data-shadow-click=\"none\" data-shadow=\"\" data-shd-shadow=\"\"  data-ultimate-target='#ubtn-8087'  data-responsive-json-new='{\"font-size\":\"\",\"line-height\":\"\"}'  style=\"font-weight:normal;border:none;background: #9b0002;color: #ffffff;\"><span class=\"ubtn-hover\" style=\"background-color:#890024\"><\/span><span class=\"ubtn-data ubtn-text\" >Inscr\u00edbete (Club Universitario)<\/span><\/button><\/a><\/div>\n\t<div class=\"wpb_text_column wpb_content_element vc_custom_1756144386475 container\" >\n\t\t<div class=\"wpb_wrapper\">\n\t\t\t<p style=\"text-align: center;\"><strong>Contacte con nuestros Coordinadores Regionales en <a href=\"mailto:edu@pshhc.org\">edu@pshhc.org<\/a><\/strong><\/p>\n\n\t\t<\/div>\n\t<\/div>\n<\/div><\/div><\/div><\/div><div class=\"vc_row-full-width vc_clearfix\"><\/div><div data-vc-full-width=\"true\" data-vc-full-width-temp=\"true\" data-vc-full-width-init=\"false\" data-vc-stretch-content=\"true\" class=\"vc_row wpb_row vc_row-fluid find-callhome-section vc_column-gap-10 vc_row-no-padding\"><div class=\"wpb_column vc_column_container vc_col-sm-12\"><div class=\"vc_column-inner\"><div class=\"wpb_wrapper\">\n\t<div class=\"wpb_text_column wpb_content_element\" >\n\t\t<div class=\"wpb_wrapper\">\n\t\t\t<h2 style=\"text-align: center;\"><strong>Programas:<\/strong><\/h2>\n\n\t\t<\/div>\n\t<\/div>\n<div class=\"vc_row wpb_row vc_inner vc_row-fluid container vc_column-gap-15\"><div class=\"call-home-item wpb_column vc_column_container vc_col-sm-4\"><div class=\"vc_column-inner\"><div class=\"wpb_wrapper\">\n\t<div class=\"wpb_text_column wpb_content_element\" >\n\t\t<div class=\"wpb_wrapper\">\n\t\t\t<p><a class=\"call-home-name\" href=\"https:\/\/www.pshhc.org\/es\/k-8\/\">K-8<\/a><\/p>\n\n\t\t<\/div>\n\t<\/div>\n\n\t<div  class=\"wpb_single_image wpb_content_element vc_align_center wpb_content_element  img-wrap\">\n\t\t\n\t\t<figure class=\"wpb_wrapper vc_figure\">\n\t\t\t<a href=\"https:\/\/www.pshhc.org\/es\/k-8\/\" target=\"_self\" class=\"vc_single_image-wrapper   vc_box_border_grey\"><img loading=\"lazy\" decoding=\"async\" width=\"373\" height=\"356\" src=\"https:\/\/www.pshhc.org\/wp-content\/uploads\/2019\/05\/K-12.jpg\" class=\"vc_single_image-img attachment-full\" alt=\"\" title=\"K-12-caracter\u00edstica\" srcset=\"https:\/\/www.pshhc.org\/wp-content\/uploads\/2019\/05\/K-12.jpg 373w, https:\/\/www.pshhc.org\/wp-content\/uploads\/2019\/05\/K-12-300x286.jpg 300w\" sizes=\"auto, (max-width: 373px) 100vw, 373px\" \/><\/a>\n\t\t<\/figure>\n\t<\/div>\n<\/div><\/div><\/div><div class=\"call-home-item wpb_column vc_column_container vc_col-sm-4\"><div class=\"vc_column-inner\"><div class=\"wpb_wrapper\">\n\t<div class=\"wpb_text_column wpb_content_element\" >\n\t\t<div class=\"wpb_wrapper\">\n\t\t\t<p><a class=\"call-home-name\" href=\"\/es\/college-club\/\">Club universitario<\/a><\/p>\n\n\t\t<\/div>\n\t<\/div>\n\n\t<div  class=\"wpb_single_image wpb_content_element vc_align_center wpb_content_element  img-wrap\">\n\t\t\n\t\t<figure class=\"wpb_wrapper vc_figure\">\n\t\t\t<a href=\"\/es\/college-club\/\" target=\"_self\" class=\"vc_single_image-wrapper   vc_box_border_grey\"><img loading=\"lazy\" decoding=\"async\" width=\"373\" height=\"356\" src=\"https:\/\/www.pshhc.org\/wp-content\/uploads\/2023\/03\/1-1.png\" class=\"vc_single_image-img attachment-full\" alt=\"\" title=\"1\" srcset=\"https:\/\/www.pshhc.org\/wp-content\/uploads\/2023\/03\/1-1.png 373w, https:\/\/www.pshhc.org\/wp-content\/uploads\/2023\/03\/1-1-300x286.png 300w, https:\/\/www.pshhc.org\/wp-content\/uploads\/2023\/03\/1-1-13x12.png 13w\" sizes=\"auto, (max-width: 373px) 100vw, 373px\" \/><\/a>\n\t\t<\/figure>\n\t<\/div>\n<\/div><\/div><\/div><div class=\"call-home-item wpb_column vc_column_container vc_col-sm-4\"><div class=\"vc_column-inner\"><div class=\"wpb_wrapper\">\n\t<div class=\"wpb_text_column wpb_content_element\" >\n\t\t<div class=\"wpb_wrapper\">\n\t\t\t<p><a class=\"call-home-name\" href=\"\/es\/celebre\/\">CELEBRAR<\/a><\/p>\n\n\t\t<\/div>\n\t<\/div>\n\n\t<div  class=\"wpb_single_image wpb_content_element vc_align_center wpb_content_element  img-wrap\">\n\t\t\n\t\t<figure class=\"wpb_wrapper vc_figure\">\n\t\t\t<a href=\"\/es\/celebre\/\" target=\"_self\" class=\"vc_single_image-wrapper   vc_box_border_grey\"><img loading=\"lazy\" decoding=\"async\" width=\"373\" height=\"356\" src=\"https:\/\/www.pshhc.org\/wp-content\/uploads\/2023\/03\/3-1.png\" class=\"vc_single_image-img attachment-full\" alt=\"\" title=\"3\" srcset=\"https:\/\/www.pshhc.org\/wp-content\/uploads\/2023\/03\/3-1.png 373w, https:\/\/www.pshhc.org\/wp-content\/uploads\/2023\/03\/3-1-300x286.png 300w, https:\/\/www.pshhc.org\/wp-content\/uploads\/2023\/03\/3-1-13x12.png 13w\" sizes=\"auto, (max-width: 373px) 100vw, 373px\" \/><\/a>\n\t\t<\/figure>\n\t<\/div>\n<\/div><\/div><\/div><\/div><\/div><\/div><\/div><\/div><div class=\"vc_row-full-width vc_clearfix\"><\/div><div id=\"harvestly\" data-vc-full-width=\"true\" data-vc-full-width-temp=\"true\" data-vc-full-width-init=\"false\" data-vc-stretch-content=\"true\" class=\"vc_row wpb_row vc_row-fluid rental-housing-section wider leadership vc_row-no-padding\"><div class=\"wpb_column vc_column_container vc_col-sm-12\"><div class=\"vc_column-inner\"><div class=\"wpb_wrapper\"><div class=\"vc_empty_space\"   style=\"height: 32px\"><span class=\"vc_empty_space_inner\"><\/span><\/div>\n\t<div class=\"wpb_text_column wpb_content_element container\" >\n\t\t<div class=\"wpb_wrapper\">\n\t\t\t<h2 style=\"text-align: center;\"><strong>Celebrando el \u00e9xito de los estudiantes<\/strong><\/h2>\n\n\t\t<\/div>\n\t<\/div>\n\n<div class=\"vc_grid-container-wrapper vc_clearfix vc_grid-animation-fadeIn\">\n\t<div class=\"vc_grid-container vc_clearfix wpb_content_element vc_basic_grid vc_custom_1733512715720 container people-grid\" data-initial-loading-animation=\"fadeIn\" data-vc-grid-settings=\"{&quot;page_id&quot;:269,&quot;style&quot;:&quot;all&quot;,&quot;action&quot;:&quot;vc_get_vc_grid_data&quot;,&quot;shortcode_id&quot;:&quot;1774906487444-dcbbbc8b-4b98-7&quot;,&quot;tag&quot;:&quot;vc_basic_grid&quot;}\" data-vc-request=\"https:\/\/www.pshhc.org\/wp-admin\/admin-ajax.php\" data-vc-post-id=\"269\" data-vc-public-nonce=\"dac173312f\">\n\t\t\n\t<\/div>\n<\/div><div class=\"ubtn-ctn-center\"><a class=\"ubtn-link ult-adjust-bottom-margin ubtn-center ubtn-custom\" href=\"https:\/\/form-renderer-app.donorperfect.io\/give\/peoples-self-help-housing\/give-today-education\" target=\"_blank\" rel=\"noopener\" ><button type=\"button\" id=\"ubtn-4365\"  class=\"ubtn ult-adjust-bottom-margin ult-responsive ubtn-custom ubtn-top-bg  none  ubtn-center   tooltip-69e47ba2dc695\"  data-hover=\"#9B0002\" data-border-color=\"\" data-bg=\"#9B0002\" data-hover-bg=\"#FFFFFF\" data-border-hover=\"\" data-shadow-hover=\"\" data-shadow-click=\"none\" data-shadow=\"\" data-shd-shadow=\"\"  data-ultimate-target='#ubtn-4365'  data-responsive-json-new='{\"font-size\":\"\",\"line-height\":\"\"}'  style=\"font-weight:normal;width:250px;min-height:50px;padding:px px;border:none;background: #9B0002;color: #FFFFFF;\"><span class=\"ubtn-hover\" style=\"background-color:#FFFFFF\"><\/span><span class=\"ubtn-data ubtn-text\" >Apoye m\u00e1s \u00e9xito<\/span><\/button><\/a><\/div><div class=\"vc_separator wpb_content_element vc_separator_align_center vc_sep_width_100 vc_sep_pos_align_center vc_separator_no_text vc_sep_color_grey wpb_content_element  wpb_content_element container\" ><span class=\"vc_sep_holder vc_sep_holder_l\"><span class=\"vc_sep_line\"><\/span><\/span><span class=\"vc_sep_holder vc_sep_holder_r\"><span class=\"vc_sep_line\"><\/span><\/span>\n<\/div>\n\t<div class=\"wpb_text_column wpb_content_element container\" >\n\t\t<div class=\"wpb_wrapper\">\n\t\t\t<p class=\"xmsonormal\" style=\"text-align: center;\"><em>En agradecimiento por compartir su historia, todos los estudiantes mencionados recibieron una tarjeta de regalo. La financiaci\u00f3n de las historias de \u00e9xito est\u00e1 generosamente patrocinada por:<\/em><br \/>\n<img loading=\"lazy\" decoding=\"async\" class=\"alignnone size-medium wp-image-139701\" src=\"https:\/\/www.pshhc.org\/wp-content\/uploads\/2025\/12\/JPMorgan-Chase-Logo-SVG-desktop-e1764718122998-300x66.jpg\" alt=\"\" width=\"300\" height=\"66\" srcset=\"https:\/\/www.pshhc.org\/wp-content\/uploads\/2025\/12\/JPMorgan-Chase-Logo-SVG-desktop-e1764718122998-300x66.jpg 300w, https:\/\/www.pshhc.org\/wp-content\/uploads\/2025\/12\/JPMorgan-Chase-Logo-SVG-desktop-e1764718122998-1024x225.jpg 1024w, https:\/\/www.pshhc.org\/wp-content\/uploads\/2025\/12\/JPMorgan-Chase-Logo-SVG-desktop-e1764718122998-768x169.jpg 768w, https:\/\/www.pshhc.org\/wp-content\/uploads\/2025\/12\/JPMorgan-Chase-Logo-SVG-desktop-e1764718122998-18x4.jpg 18w, https:\/\/www.pshhc.org\/wp-content\/uploads\/2025\/12\/JPMorgan-Chase-Logo-SVG-desktop-e1764718122998.jpg 1200w\" sizes=\"auto, (max-width: 300px) 100vw, 300px\" \/><\/p>\n\n\t\t<\/div>\n\t<\/div>\n<\/div><\/div><\/div><\/div><div class=\"vc_row-full-width vc_clearfix\"><\/div><div data-vc-full-width=\"true\" data-vc-full-width-temp=\"true\" data-vc-full-width-init=\"false\" data-vc-stretch-content=\"true\" class=\"vc_row wpb_row vc_row-fluid rental-housing-section vc_custom_1720557003766 vc_row-has-fill vc_row-no-padding\"><div class=\"wpb_column vc_column_container vc_col-sm-12\"><div class=\"vc_column-inner\"><div class=\"wpb_wrapper\">\n\t<div  class=\"wpb_single_image wpb_content_element vc_align_center wpb_content_element\">\n\t\t\n\t\t<figure class=\"wpb_wrapper vc_figure\">\n\t\t\t<a href=\"https:\/\/www.getcalfresh.org\/\" target=\"_self\" class=\"vc_single_image-wrapper   vc_box_border_grey\"><img loading=\"lazy\" decoding=\"async\" width=\"680\" height=\"525\" src=\"https:\/\/www.pshhc.org\/wp-content\/uploads\/2024\/07\/Camino-Scholars-Get-Food-Web-1024x791.jpg\" class=\"vc_single_image-img attachment-large\" alt=\"\" title=\"Camino Scholars - Obtenga Food Web\" srcset=\"https:\/\/www.pshhc.org\/wp-content\/uploads\/2024\/07\/Camino-Scholars-Get-Food-Web-1024x791.jpg 1024w, https:\/\/www.pshhc.org\/wp-content\/uploads\/2024\/07\/Camino-Scholars-Get-Food-Web-300x232.jpg 300w, https:\/\/www.pshhc.org\/wp-content\/uploads\/2024\/07\/Camino-Scholars-Get-Food-Web-768x593.jpg 768w, https:\/\/www.pshhc.org\/wp-content\/uploads\/2024\/07\/Camino-Scholars-Get-Food-Web-1536x1187.jpg 1536w, https:\/\/www.pshhc.org\/wp-content\/uploads\/2024\/07\/Camino-Scholars-Get-Food-Web-16x12.jpg 16w, https:\/\/www.pshhc.org\/wp-content\/uploads\/2024\/07\/Camino-Scholars-Get-Food-Web.jpg 2000w\" sizes=\"auto, (max-width: 680px) 100vw, 680px\" \/><\/a>\n\t\t<\/figure>\n\t<\/div>\n<\/div><\/div><\/div><\/div><div class=\"vc_row-full-width vc_clearfix\"><\/div>\n<\/div>","protected":false},"excerpt":{"rendered":"The Path to Lifelong Learning Camino Scholars, el programa educativo de People&#039;s Self-Help Housing, atiende a m\u00e1s de 400 estudiantes por a\u00f1o en sus centros de aprendizaje en el lugar. Como lo demuestran los puntajes de las pruebas estandarizadas, el plan de estudios mejora significativamente las habilidades de matem\u00e1ticas y alfabetizaci\u00f3n y coloca a los estudiantes en el camino hacia el aprendizaje permanente. A trav\u00e9s de la programaci\u00f3n presencial y su contraparte a distancia...  <a class=\"excerpt-read-more\" href=\"https:\/\/www.pshhc.org\/es\/education\/\" title=\"Leer Educaci\u00f3n\">Leer m\u00e1s &quot;<\/a>","protected":false},"author":1102,"featured_media":7899,"parent":0,"menu_order":0,"comment_status":"closed","ping_status":"closed","template":"page-wide.php","meta":{"_acf_changed":false,"footnotes":""},"class_list":["post-269","page","type-page","status-publish","has-post-thumbnail","hentry"],"acf":[],"yoast_head":"<!-- This site is optimized with the Yoast SEO plugin v26.9 - https:\/\/yoast.com\/product\/yoast-seo-wordpress\/ -->\n<title>Education - People&#039;s Self-Help Housing<\/title>\n<meta name=\"description\" content=\"The Path to Lifelong Learning Camino Scholars, the education program of People\u2019s Self-Help Housing, serves over 400 students per year at its onsite Learning Centers. As evidenced by standardized test\" \/>\n<meta name=\"robots\" content=\"index, follow, max-snippet:-1, max-image-preview:large, max-video-preview:-1\" \/>\n<link rel=\"canonical\" href=\"https:\/\/www.pshhc.org\/es\/education\/\" \/>\n<meta property=\"og:locale\" content=\"es_MX\" \/>\n<meta property=\"og:type\" content=\"article\" \/>\n<meta property=\"og:title\" content=\"Education - People&#039;s Self-Help Housing\" \/>\n<meta property=\"og:url\" content=\"https:\/\/www.pshhc.org\/es\/education\/\" \/>\n<meta property=\"og:site_name\" content=\"People&#039;s Self-Help Housing\" \/>\n<meta property=\"article:modified_time\" content=\"2026-03-30T21:35:13+00:00\" \/>\n<meta property=\"og:image\" content=\"https:\/\/www.pshhc.org\/wp-content\/uploads\/2020\/12\/Camino-Scholars-Logo_Final.png\" \/>\n\t<meta property=\"og:image:width\" content=\"1555\" \/>\n\t<meta property=\"og:image:height\" content=\"2000\" \/>\n\t<meta property=\"og:image:type\" content=\"image\/png\" \/>\n<meta name=\"twitter:card\" content=\"summary_large_image\" \/>\n<meta name=\"twitter:label1\" content=\"Tiempo de lectura\" \/>\n\t<meta name=\"twitter:data1\" content=\"3 minutos\" \/>\n<script type=\"application\/ld+json\" class=\"yoast-schema-graph\">{\"@context\":\"https:\/\/schema.org\",\"@graph\":[{\"@type\":\"WebPage\",\"@id\":\"https:\/\/www.pshhc.org\/education\/\",\"url\":\"https:\/\/www.pshhc.org\/education\/\",\"name\":\"Education - People&#039;s Self-Help Housing\",\"isPartOf\":{\"@id\":\"https:\/\/www.pshhc.org\/#website\"},\"primaryImageOfPage\":{\"@id\":\"https:\/\/www.pshhc.org\/education\/#primaryimage\"},\"image\":{\"@id\":\"https:\/\/www.pshhc.org\/education\/#primaryimage\"},\"thumbnailUrl\":\"https:\/\/www.pshhc.org\/wp-content\/uploads\/2020\/12\/Camino-Scholars-Logo_Final.png\",\"datePublished\":\"2019-05-22T12:16:29+00:00\",\"dateModified\":\"2026-03-30T21:35:13+00:00\",\"breadcrumb\":{\"@id\":\"https:\/\/www.pshhc.org\/education\/#breadcrumb\"},\"inLanguage\":\"es\",\"potentialAction\":[{\"@type\":\"ReadAction\",\"target\":[\"https:\/\/www.pshhc.org\/education\/\"]}]},{\"@type\":\"ImageObject\",\"inLanguage\":\"es\",\"@id\":\"https:\/\/www.pshhc.org\/education\/#primaryimage\",\"url\":\"https:\/\/www.pshhc.org\/wp-content\/uploads\/2020\/12\/Camino-Scholars-Logo_Final.png\",\"contentUrl\":\"https:\/\/www.pshhc.org\/wp-content\/uploads\/2020\/12\/Camino-Scholars-Logo_Final.png\",\"width\":1555,\"height\":2000},{\"@type\":\"BreadcrumbList\",\"@id\":\"https:\/\/www.pshhc.org\/education\/#breadcrumb\",\"itemListElement\":[{\"@type\":\"ListItem\",\"position\":1,\"name\":\"Home\",\"item\":\"https:\/\/www.pshhc.org\/\"},{\"@type\":\"ListItem\",\"position\":2,\"name\":\"Education\"}]},{\"@type\":\"WebSite\",\"@id\":\"https:\/\/www.pshhc.org\/#website\",\"url\":\"https:\/\/www.pshhc.org\/\",\"name\":\"People&#039;s Self-Help Housing\",\"description\":\"People&#039;s Self-Help Housing\",\"potentialAction\":[{\"@type\":\"SearchAction\",\"target\":{\"@type\":\"EntryPoint\",\"urlTemplate\":\"https:\/\/www.pshhc.org\/?s={search_term_string}\"},\"query-input\":{\"@type\":\"PropertyValueSpecification\",\"valueRequired\":true,\"valueName\":\"search_term_string\"}}],\"inLanguage\":\"es\"}]}<\/script>\n<!-- \/ Yoast SEO plugin. -->","yoast_head_json":{"title":"Educaci\u00f3n - Vivienda de autoayuda para personas","description":"Camino Scholars, el programa educativo de People&#039;s Self-Help Housing, atiende a m\u00e1s de 400 estudiantes al a\u00f1o en sus Centros de Aprendizaje. Como lo demuestran las pruebas estandarizadas...","robots":{"index":"index","follow":"follow","max-snippet":"max-snippet:-1","max-image-preview":"max-image-preview:large","max-video-preview":"max-video-preview:-1"},"canonical":"https:\/\/www.pshhc.org\/es\/education\/","og_locale":"es_MX","og_type":"article","og_title":"Education - People&#039;s Self-Help Housing","og_url":"https:\/\/www.pshhc.org\/es\/education\/","og_site_name":"People&#039;s Self-Help Housing","article_modified_time":"2026-03-30T21:35:13+00:00","og_image":[{"width":1555,"height":2000,"url":"https:\/\/www.pshhc.org\/wp-content\/uploads\/2020\/12\/Camino-Scholars-Logo_Final.png","type":"image\/png"}],"twitter_card":"summary_large_image","twitter_misc":{"Tiempo de lectura":"3 minutos"},"schema":{"@context":"https:\/\/schema.org","@graph":[{"@type":"WebPage","@id":"https:\/\/www.pshhc.org\/education\/","url":"https:\/\/www.pshhc.org\/education\/","name":"Educaci\u00f3n - Vivienda de autoayuda para personas","isPartOf":{"@id":"https:\/\/www.pshhc.org\/#website"},"primaryImageOfPage":{"@id":"https:\/\/www.pshhc.org\/education\/#primaryimage"},"image":{"@id":"https:\/\/www.pshhc.org\/education\/#primaryimage"},"thumbnailUrl":"https:\/\/www.pshhc.org\/wp-content\/uploads\/2020\/12\/Camino-Scholars-Logo_Final.png","datePublished":"2019-05-22T12:16:29+00:00","dateModified":"2026-03-30T21:35:13+00:00","breadcrumb":{"@id":"https:\/\/www.pshhc.org\/education\/#breadcrumb"},"inLanguage":"es","potentialAction":[{"@type":"ReadAction","target":["https:\/\/www.pshhc.org\/education\/"]}]},{"@type":"ImageObject","inLanguage":"es","@id":"https:\/\/www.pshhc.org\/education\/#primaryimage","url":"https:\/\/www.pshhc.org\/wp-content\/uploads\/2020\/12\/Camino-Scholars-Logo_Final.png","contentUrl":"https:\/\/www.pshhc.org\/wp-content\/uploads\/2020\/12\/Camino-Scholars-Logo_Final.png","width":1555,"height":2000},{"@type":"BreadcrumbList","@id":"https:\/\/www.pshhc.org\/education\/#breadcrumb","itemListElement":[{"@type":"ListItem","position":1,"name":"Home","item":"https:\/\/www.pshhc.org\/"},{"@type":"ListItem","position":2,"name":"Education"}]},{"@type":"WebSite","@id":"https:\/\/www.pshhc.org\/#website","url":"https:\/\/www.pshhc.org\/","name":"Vivienda de autoayuda de People &amp; #039; s","description":"Vivienda de autoayuda de People &amp; #039; s","potentialAction":[{"@type":"SearchAction","target":{"@type":"EntryPoint","urlTemplate":"https:\/\/www.pshhc.org\/?s={search_term_string}"},"query-input":{"@type":"PropertyValueSpecification","valueRequired":true,"valueName":"search_term_string"}}],"inLanguage":"es"}]}},"jetpack_sharing_enabled":true,"_links":{"self":[{"href":"https:\/\/www.pshhc.org\/es\/wp-json\/wp\/v2\/pages\/269","targetHints":{"allow":["GET"]}}],"collection":[{"href":"https:\/\/www.pshhc.org\/es\/wp-json\/wp\/v2\/pages"}],"about":[{"href":"https:\/\/www.pshhc.org\/es\/wp-json\/wp\/v2\/types\/page"}],"author":[{"embeddable":true,"href":"https:\/\/www.pshhc.org\/es\/wp-json\/wp\/v2\/users\/1102"}],"replies":[{"embeddable":true,"href":"https:\/\/www.pshhc.org\/es\/wp-json\/wp\/v2\/comments?post=269"}],"version-history":[{"count":101,"href":"https:\/\/www.pshhc.org\/es\/wp-json\/wp\/v2\/pages\/269\/revisions"}],"predecessor-version":[{"id":140606,"href":"https:\/\/www.pshhc.org\/es\/wp-json\/wp\/v2\/pages\/269\/revisions\/140606"}],"wp:featuredmedia":[{"embeddable":true,"href":"https:\/\/www.pshhc.org\/es\/wp-json\/wp\/v2\/media\/7899"}],"wp:attachment":[{"href":"https:\/\/www.pshhc.org\/es\/wp-json\/wp\/v2\/media?parent=269"}],"curies":[{"name":"gracias","href":"https:\/\/api.w.org\/{rel}","templated":true}]}}