{"id":2431,"date":"2019-12-13T07:27:09","date_gmt":"2019-12-13T07:27:09","guid":{"rendered":"https:\/\/www.pshhc.org\/?page_id=2431"},"modified":"2026-02-05T18:37:27","modified_gmt":"2026-02-05T18:37:27","slug":"supportive-services-2","status":"publish","type":"page","link":"https:\/\/www.pshhc.org\/es\/supportive-services-2\/","title":{"rendered":"Z_Template_Two Box"},"content":{"rendered":"<div class=\"wpb-content-wrapper\"><div data-vc-full-width=\"true\" data-vc-full-width-temp=\"true\" data-vc-full-width-init=\"false\" data-vc-stretch-content=\"true\" class=\"vc_row wpb_row vc_row-fluid inner-banner vc_row-no-padding\"><div class=\"wpb_column vc_column_container vc_col-sm-12\"><div class=\"vc_column-inner\"><div class=\"wpb_wrapper\">\n\t<div  class=\"wpb_single_image wpb_content_element vc_align_center wpb_content_element  bg-image\">\n\t\t\n\t\t<figure class=\"wpb_wrapper vc_figure\">\n\t\t\t<div class=\"vc_single_image-wrapper   vc_box_border_grey\"><\/div>\n\t\t<\/figure>\n\t<\/div>\n<\/div><\/div><\/div><\/div><div class=\"vc_row-full-width vc_clearfix\"><\/div><div data-vc-full-width=\"true\" data-vc-full-width-temp=\"true\" data-vc-full-width-init=\"false\" data-vc-stretch-content=\"true\" class=\"vc_row wpb_row vc_row-fluid inner-housing-section vc_row-no-padding\"><div class=\"wpb_column vc_column_container vc_col-sm-12\"><div class=\"vc_column-inner\"><div class=\"wpb_wrapper\">\n\t<div class=\"wpb_text_column wpb_content_element container\" >\n\t\t<div class=\"wpb_wrapper\">\n\t\t\t<h2>SERVICIOS DE APOYO<\/h2>\n\n\t\t<\/div>\n\t<\/div>\n<\/div><\/div><\/div><\/div><div class=\"vc_row-full-width vc_clearfix\"><\/div><div data-vc-full-width=\"true\" data-vc-full-width-temp=\"true\" data-vc-full-width-init=\"false\" data-vc-stretch-content=\"true\" class=\"vc_row wpb_row vc_row-fluid rental-housing-section vc_row-no-padding\"><div class=\"wpb_column vc_column_container vc_col-sm-12\"><div class=\"vc_column-inner\"><div class=\"wpb_wrapper\">\n\t<div class=\"wpb_text_column wpb_content_element container\" >\n\t\t<div class=\"wpb_wrapper\">\n\t\t\t<h2 class=\"section-heading\">Vecindarios solidarios<\/h2>\n<h3><\/h3>\n<p>Los residentes de nuestra vivienda de apoyo tienen acceso a una red de recursos y programas dise\u00f1ados para promover la salud, el bienestar y la participaci\u00f3n comunitaria. A trav\u00e9s de casi 40 asociaciones, PSHH brinda a los residentes recursos de salud y bienestar y programas de enriquecimiento comunitario para garantizar que todos los residentes tengan las herramientas que necesitan para tener \u00e9xito.<\/p>\n<p>PSHH apoya a los residentes a trav\u00e9s de recursos comunitarios innovadores. Estos incluyen ex\u00e1menes de salud, asesoramiento, manejo de casos, distribuci\u00f3n de alimentos, talleres de nutrici\u00f3n y seminarios de bienestar para personas mayores, entre otros.<\/p>\n\n\t\t<\/div>\n\t<\/div>\n<\/div><\/div><\/div><\/div><div class=\"vc_row-full-width vc_clearfix\"><\/div><div class=\"vc_row wpb_row vc_row-fluid find-callhome-section\"><div class=\"wpb_column vc_column_container vc_col-sm-12\"><div class=\"vc_column-inner\"><div class=\"wpb_wrapper\">\n\t<div class=\"wpb_text_column wpb_content_element\" >\n\t\t<div class=\"wpb_wrapper\">\n\t\t\t\n\t\t<\/div>\n\t<\/div>\n<div class=\"vc_row wpb_row vc_inner vc_row-fluid container two-columned\"><div class=\"call-home-item wpb_column vc_column_container vc_col-sm-6\"><div class=\"vc_column-inner\"><div class=\"wpb_wrapper\">\n\t<div class=\"wpb_text_column wpb_content_element\" >\n\t\t<div class=\"wpb_wrapper\">\n\t\t\t<p><a class=\"call-home-name\" href=\"https:\/\/www.pshhc.org\/es\/health-wellbeing\/\">Salud y Bienestar<\/a><\/p>\n\n\t\t<\/div>\n\t<\/div>\n\n\t<div  class=\"wpb_single_image wpb_content_element vc_align_center wpb_content_element  img-wrap\">\n\t\t\n\t\t<figure class=\"wpb_wrapper vc_figure\">\n\t\t\t<a href=\"https:\/\/www.pshhc.org\/es\/health-wellbeing\/\" target=\"_self\" class=\"vc_single_image-wrapper   vc_box_border_grey\"><img loading=\"lazy\" decoding=\"async\" width=\"373\" height=\"356\" src=\"https:\/\/www.pshhc.org\/wp-content\/uploads\/2019\/07\/HealthWellness.jpg\" class=\"vc_single_image-img attachment-full\" alt=\"\" title=\"M\u00e9dico de salud y bienestar\" srcset=\"https:\/\/www.pshhc.org\/wp-content\/uploads\/2019\/07\/HealthWellness.jpg 373w, https:\/\/www.pshhc.org\/wp-content\/uploads\/2019\/07\/HealthWellness-300x286.jpg 300w\" sizes=\"auto, (max-width: 373px) 100vw, 373px\" \/><\/a>\n\t\t<\/figure>\n\t<\/div>\n<\/div><\/div><\/div><div class=\"call-home-item wpb_column vc_column_container vc_col-sm-6\"><div class=\"vc_column-inner\"><div class=\"wpb_wrapper\">\n\t<div class=\"wpb_text_column wpb_content_element\" >\n\t\t<div class=\"wpb_wrapper\">\n\t\t\t<p><a class=\"call-home-name\" href=\"https:\/\/www.pshhc.org\/es\/community-building\/\">Construcci\u00f3n comunitaria<\/a><\/p>\n\n\t\t<\/div>\n\t<\/div>\n\n\t<div  class=\"wpb_single_image wpb_content_element vc_align_center wpb_content_element  img-wrap\">\n\t\t\n\t\t<figure class=\"wpb_wrapper vc_figure\">\n\t\t\t<a href=\"https:\/\/www.pshhc.org\/es\/community-building\/\" target=\"_self\" class=\"vc_single_image-wrapper   vc_box_border_grey\"><img loading=\"lazy\" decoding=\"async\" width=\"373\" height=\"356\" src=\"https:\/\/www.pshhc.org\/wp-content\/uploads\/2019\/07\/CommunityBuilding.jpg\" class=\"vc_single_image-img attachment-full\" alt=\"\" title=\"Planta de construcci\u00f3n comunitaria\" srcset=\"https:\/\/www.pshhc.org\/wp-content\/uploads\/2019\/07\/CommunityBuilding.jpg 373w, https:\/\/www.pshhc.org\/wp-content\/uploads\/2019\/07\/CommunityBuilding-300x286.jpg 300w\" sizes=\"auto, (max-width: 373px) 100vw, 373px\" \/><\/a>\n\t\t<\/figure>\n\t<\/div>\n<\/div><\/div><\/div><\/div><\/div><\/div><\/div><\/div>\n<\/div>","protected":false},"excerpt":{"rendered":"SUPPORTIVE SERVICES Caring Neighborhoods Residents of our supportive housing have access to a network of resources and programming designed to promote health, well-being, and community engagement. Through nearly 40 partnerships, PSHH provides residents with health and wellness resources and community enrichment programs to ensure that all residents have the tools they need to succeed. PSHH...  <a class=\"excerpt-read-more\" href=\"https:\/\/www.pshhc.org\/es\/supportive-services-2\/\" title=\"Read Z_Template_Two Box\">Leer m\u00e1s &quot;<\/a>","protected":false},"author":1102,"featured_media":0,"parent":0,"menu_order":0,"comment_status":"closed","ping_status":"closed","template":"page-wide.php","meta":{"_acf_changed":false,"footnotes":""},"class_list":["post-2431","page","type-page","status-publish","hentry"],"acf":[],"yoast_head":"<!-- This site is optimized with the Yoast SEO plugin v26.9 - https:\/\/yoast.com\/product\/yoast-seo-wordpress\/ -->\n<title>Z_Template_Two Box - People&#039;s Self-Help Housing<\/title>\n<meta name=\"description\" content=\"SUPPORTIVE SERVICES Caring Neighborhoods Residents of our supportive housing have access to a network of resources and programming designed to promote health, well-being, and community engagement. Through nearly 40 partnerships,\" \/>\n<meta name=\"robots\" content=\"index, follow, max-snippet:-1, max-image-preview:large, max-video-preview:-1\" \/>\n<link rel=\"canonical\" href=\"https:\/\/www.pshhc.org\/es\/supportive-services-2\/\" \/>\n<meta property=\"og:locale\" content=\"es_MX\" \/>\n<meta property=\"og:type\" content=\"article\" \/>\n<meta property=\"og:title\" content=\"Z_Template_Two Box - People&#039;s Self-Help Housing\" \/>\n<meta property=\"og:url\" content=\"https:\/\/www.pshhc.org\/es\/supportive-services-2\/\" \/>\n<meta property=\"og:site_name\" content=\"People&#039;s Self-Help Housing\" \/>\n<meta property=\"article:modified_time\" content=\"2026-02-05T18:37:27+00:00\" \/>\n<meta name=\"twitter:card\" content=\"summary_large_image\" \/>\n<meta name=\"twitter:label1\" content=\"Tiempo de lectura\" \/>\n\t<meta name=\"twitter:data1\" content=\"1 minuto\" \/>\n<script type=\"application\/ld+json\" class=\"yoast-schema-graph\">{\"@context\":\"https:\/\/schema.org\",\"@graph\":[{\"@type\":\"WebPage\",\"@id\":\"https:\/\/www.pshhc.org\/supportive-services-2\/\",\"url\":\"https:\/\/www.pshhc.org\/supportive-services-2\/\",\"name\":\"Z_Template_Two Box - People&#039;s Self-Help Housing\",\"isPartOf\":{\"@id\":\"https:\/\/www.pshhc.org\/#website\"},\"datePublished\":\"2019-12-13T07:27:09+00:00\",\"dateModified\":\"2026-02-05T18:37:27+00:00\",\"breadcrumb\":{\"@id\":\"https:\/\/www.pshhc.org\/supportive-services-2\/#breadcrumb\"},\"inLanguage\":\"es\",\"potentialAction\":[{\"@type\":\"ReadAction\",\"target\":[\"https:\/\/www.pshhc.org\/supportive-services-2\/\"]}]},{\"@type\":\"BreadcrumbList\",\"@id\":\"https:\/\/www.pshhc.org\/supportive-services-2\/#breadcrumb\",\"itemListElement\":[{\"@type\":\"ListItem\",\"position\":1,\"name\":\"Home\",\"item\":\"https:\/\/www.pshhc.org\/\"},{\"@type\":\"ListItem\",\"position\":2,\"name\":\"Z_Template_Two Box\"}]},{\"@type\":\"WebSite\",\"@id\":\"https:\/\/www.pshhc.org\/#website\",\"url\":\"https:\/\/www.pshhc.org\/\",\"name\":\"People&#039;s Self-Help Housing\",\"description\":\"People&#039;s Self-Help Housing\",\"potentialAction\":[{\"@type\":\"SearchAction\",\"target\":{\"@type\":\"EntryPoint\",\"urlTemplate\":\"https:\/\/www.pshhc.org\/?s={search_term_string}\"},\"query-input\":{\"@type\":\"PropertyValueSpecification\",\"valueRequired\":true,\"valueName\":\"search_term_string\"}}],\"inLanguage\":\"es\"}]}<\/script>\n<!-- \/ Yoast SEO plugin. -->","yoast_head_json":{"title":"Z_Template_Two Box - People&#039;s Self-Help Housing","description":"SUPPORTIVE SERVICES Caring Neighborhoods Residents of our supportive housing have access to a network of resources and programming designed to promote health, well-being, and community engagement. Through nearly 40 partnerships,","robots":{"index":"index","follow":"follow","max-snippet":"max-snippet:-1","max-image-preview":"max-image-preview:large","max-video-preview":"max-video-preview:-1"},"canonical":"https:\/\/www.pshhc.org\/es\/supportive-services-2\/","og_locale":"es_MX","og_type":"article","og_title":"Z_Template_Two Box - People&#039;s Self-Help Housing","og_url":"https:\/\/www.pshhc.org\/es\/supportive-services-2\/","og_site_name":"People&#039;s Self-Help Housing","article_modified_time":"2026-02-05T18:37:27+00:00","twitter_card":"summary_large_image","twitter_misc":{"Tiempo de lectura":"1 minuto"},"schema":{"@context":"https:\/\/schema.org","@graph":[{"@type":"WebPage","@id":"https:\/\/www.pshhc.org\/supportive-services-2\/","url":"https:\/\/www.pshhc.org\/supportive-services-2\/","name":"Z_Template_Two Box - People&#039;s Self-Help Housing","isPartOf":{"@id":"https:\/\/www.pshhc.org\/#website"},"datePublished":"2019-12-13T07:27:09+00:00","dateModified":"2026-02-05T18:37:27+00:00","breadcrumb":{"@id":"https:\/\/www.pshhc.org\/supportive-services-2\/#breadcrumb"},"inLanguage":"es","potentialAction":[{"@type":"ReadAction","target":["https:\/\/www.pshhc.org\/supportive-services-2\/"]}]},{"@type":"BreadcrumbList","@id":"https:\/\/www.pshhc.org\/supportive-services-2\/#breadcrumb","itemListElement":[{"@type":"ListItem","position":1,"name":"Home","item":"https:\/\/www.pshhc.org\/"},{"@type":"ListItem","position":2,"name":"Z_Template_Two Box"}]},{"@type":"WebSite","@id":"https:\/\/www.pshhc.org\/#website","url":"https:\/\/www.pshhc.org\/","name":"Vivienda de autoayuda de People &amp; #039; s","description":"Vivienda de autoayuda de People &amp; #039; s","potentialAction":[{"@type":"SearchAction","target":{"@type":"EntryPoint","urlTemplate":"https:\/\/www.pshhc.org\/?s={search_term_string}"},"query-input":{"@type":"PropertyValueSpecification","valueRequired":true,"valueName":"search_term_string"}}],"inLanguage":"es"}]}},"jetpack_sharing_enabled":true,"_links":{"self":[{"href":"https:\/\/www.pshhc.org\/es\/wp-json\/wp\/v2\/pages\/2431","targetHints":{"allow":["GET"]}}],"collection":[{"href":"https:\/\/www.pshhc.org\/es\/wp-json\/wp\/v2\/pages"}],"about":[{"href":"https:\/\/www.pshhc.org\/es\/wp-json\/wp\/v2\/types\/page"}],"author":[{"embeddable":true,"href":"https:\/\/www.pshhc.org\/es\/wp-json\/wp\/v2\/users\/1102"}],"replies":[{"embeddable":true,"href":"https:\/\/www.pshhc.org\/es\/wp-json\/wp\/v2\/comments?post=2431"}],"version-history":[{"count":12,"href":"https:\/\/www.pshhc.org\/es\/wp-json\/wp\/v2\/pages\/2431\/revisions"}],"predecessor-version":[{"id":140012,"href":"https:\/\/www.pshhc.org\/es\/wp-json\/wp\/v2\/pages\/2431\/revisions\/140012"}],"wp:attachment":[{"href":"https:\/\/www.pshhc.org\/es\/wp-json\/wp\/v2\/media?parent=2431"}],"curies":[{"name":"gracias","href":"https:\/\/api.w.org\/{rel}","templated":true}]}}