{"id":140507,"date":"2026-03-09T21:42:56","date_gmt":"2026-03-09T21:42:56","guid":{"rendered":"https:\/\/www.pshhc.org\/?page_id=140507"},"modified":"2026-03-09T21:45:08","modified_gmt":"2026-03-09T21:45:08","slug":"sponsors","status":"publish","type":"page","link":"https:\/\/www.pshhc.org\/es\/sponsors\/","title":{"rendered":"Nuestros patrocinadores del programa"},"content":{"rendered":"<div class=\"wpb-content-wrapper\"><div data-vc-full-width=\"true\" data-vc-full-width-temp=\"true\" data-vc-full-width-init=\"false\" data-vc-stretch-content=\"true\" class=\"vc_row wpb_row vc_row-fluid inner-housing-section vc_row-no-padding\"><div class=\"wpb_column vc_column_container vc_col-sm-12\"><div class=\"vc_column-inner\"><div class=\"wpb_wrapper\"><div class=\"vc_empty_space\"   style=\"height: 50px\"><span class=\"vc_empty_space_inner\"><\/span><\/div>\n\t<div class=\"wpb_text_column wpb_content_element container\" >\n\t\t<div class=\"wpb_wrapper\">\n\t\t\t<h2 style=\"text-align: center;\"><span class=\"a_GcMg font-feature-liga-off font-feature-clig-off font-feature-calt-off text-decoration-none text-strikethrough-none\">Nuestros patrocinadores del programa<\/span><\/h2>\n\n\t\t<\/div>\n\t<\/div>\n<\/div><\/div><\/div><\/div><div class=\"vc_row-full-width vc_clearfix\"><\/div><div data-vc-full-width=\"true\" data-vc-full-width-temp=\"true\" data-vc-full-width-init=\"false\" data-vc-stretch-content=\"true\" class=\"vc_row wpb_row vc_row-fluid rental-housing-section vc_custom_1773092702249 vc_row-no-padding\"><div class=\"wpb_column vc_column_container vc_col-sm-12\"><div class=\"vc_column-inner\"><div class=\"wpb_wrapper\">\n\t<div class=\"wpb_text_column wpb_content_element\" >\n\t\t<div class=\"wpb_wrapper\">\n\t\t\t<p><img loading=\"lazy\" decoding=\"async\" class=\"alignnone size-medium wp-image-140517 aligncenter\" src=\"https:\/\/www.pshhc.org\/wp-content\/uploads\/2026\/03\/WF-300x110.jpg\" alt=\"Wells Fargo &amp; US Bank Logos\" width=\"300\" height=\"110\" srcset=\"https:\/\/www.pshhc.org\/wp-content\/uploads\/2026\/03\/WF-300x110.jpg 300w, https:\/\/www.pshhc.org\/wp-content\/uploads\/2026\/03\/WF-18x7.jpg 18w, https:\/\/www.pshhc.org\/wp-content\/uploads\/2026\/03\/WF-600x221.jpg 600w, https:\/\/www.pshhc.org\/wp-content\/uploads\/2026\/03\/WF.jpg 604w\" sizes=\"auto, (max-width: 300px) 100vw, 300px\" \/><\/p>\n\n\t\t<\/div>\n\t<\/div>\n<div class=\"vc_separator wpb_content_element vc_separator_align_center vc_sep_width_100 vc_sep_pos_align_center vc_separator_no_text vc_sep_color_grey wpb_content_element  wpb_content_element\" ><span class=\"vc_sep_holder vc_sep_holder_l\"><span class=\"vc_sep_line\"><\/span><\/span><span class=\"vc_sep_holder vc_sep_holder_r\"><span class=\"vc_sep_line\"><\/span><\/span>\n<\/div>\n\t<div class=\"wpb_text_column wpb_content_element vc_custom_1773092424346 container\" >\n\t\t<div class=\"wpb_wrapper\">\n\t\t\t<h4 style=\"text-align: left;\">Apartamentos Broad Street \u2013 Centro comunitario<\/h4>\n<p style=\"text-align: left;\">Corporaci\u00f3n bancaria estadounidense<\/p>\n<h4 style=\"text-align: left;\">Buellton Garden Apartments \u2013 Centro de Aprendizaje, Buellton<\/h4>\n<p style=\"text-align: left;\">Banco Wells Fargo<\/p>\n<h4 style=\"text-align: left;\">Casas de los Carneros \u2013 Centro Comunitario, Goleta<\/h4>\n<p style=\"text-align: left;\">Banco de la Sierra<\/p>\n<h4 style=\"text-align: left;\">Casas de los Carneros \u2013 Centro de Aprendizaje, Goleta<\/h4>\n<p style=\"text-align: left;\"><span class=\"a_GcMg font-feature-liga-off font-feature-clig-off font-feature-calt-off text-decoration-none text-strikethrough-none\">Gas del sur de California<\/span><\/p>\n<h4 style=\"text-align: left;\">Casas las Granadas \u2013 Centro Comunitario, Santa B\u00e1rbara<\/h4>\n<p style=\"text-align: left;\">Fundaci\u00f3n Barbara N. Rubin<\/p>\n<h4 style=\"text-align: left;\">Centro comunitario Cleaver &amp; Clark Commons, Grover Beach<\/h4>\n<p style=\"text-align: left;\">Protecci\u00f3n contra incendios en la costa central<br \/>\nNKT Comercial<\/p>\n<h4 style=\"text-align: left;\">Dahlia Court \u2013 Centro Comunitario, Carpinteria<\/h4>\n<p style=\"text-align: left;\"><span class=\"a_GcMg font-feature-liga-off font-feature-clig-off font-feature-calt-off text-decoration-none text-strikethrough-none\">Los Paynes<\/span><\/p>\n<h4 style=\"text-align: left;\">Hotel El Patio \u2013 Centro Comunitario, Ventura<\/h4>\n<p style=\"text-align: left;\">Seguros IMA<\/p>\n<h4 style=\"text-align: left;\">Jard\u00edn de las Rosas \u2013 Centro de Aprendizaje, Santa B\u00e1rbara<\/h4>\n<p style=\"text-align: left;\">Montecito Bank &amp; Trust<\/p>\n<h4 style=\"text-align: left;\">Apartamentos Lachen Tara \u2013 Centro comunitario, Avila Beach<\/h4>\n<p style=\"text-align: left;\">Fundaci\u00f3n Comunitaria de Avila Beach<\/p>\n<h4 style=\"text-align: left;\">Apartamentos de la calle Ladera \u2013 Centro comunitario, Santa B\u00e1rbara<\/h4>\n<p style=\"text-align: left;\">JPMorgan Chase<\/p>\n<h4 style=\"text-align: left;\">Los Adobes de Mar\u00eda I \u2013 Centro Comunitario, Santa Mar\u00eda<\/h4>\n<p style=\"text-align: left;\">Fondo Fiduciario Ben\u00e9fico Anita L. Stafford<\/p>\n<h4 style=\"text-align: left;\">Templeton Place \u2013 Centro comunitario, Templeton<\/h4>\n<p style=\"text-align: left;\">Vidrio Templeton<\/p>\n\n\t\t<\/div>\n\t<\/div>\n\n\t<div class=\"wpb_text_column wpb_content_element\" >\n\t\t<div class=\"wpb_wrapper\">\n\t\t\t<h3 style=\"text-align: center;\"><span class=\"a_GcMg font-feature-liga-off font-feature-clig-off font-feature-calt-off text-decoration-none text-strikethrough-none\">\u00danete a nuestros socios \u2013 <a href=\"https:\/\/www.pshhc.org\/es\/sponsor\/\">Convi\u00e9rtete en patrocinador hoy mismo.<\/a>!<\/span><\/h3>\n\n\t\t<\/div>\n\t<\/div>\n<\/div><\/div><\/div><\/div><div class=\"vc_row-full-width vc_clearfix\"><\/div>\n<\/div>","protected":false},"excerpt":{"rendered":"Nuestro programa patrocina Broad Street Apartments - Centro comunitario US Bank Corp Buellton Garden Apartments - Centro de aprendizaje, Buellton Wells Fargo Bank Casas de los Carneros - Centro comunitario, Goleta Bank of the Sierra Casas de los Carneros - Centro de aprendizaje, Goleta SoCalGas Casas las Granadas - Centro comunitario, Santa B\u00e1rbara Fundaci\u00f3n B\u00e1rbara N. Rubin...  <a class=\"excerpt-read-more\" href=\"https:\/\/www.pshhc.org\/es\/sponsors\/\" title=\"Read Our Program Sponsors\">Leer m\u00e1s &quot;<\/a>","protected":false},"author":1113,"featured_media":0,"parent":0,"menu_order":0,"comment_status":"closed","ping_status":"closed","template":"page-wide.php","meta":{"_acf_changed":false,"footnotes":""},"class_list":["post-140507","page","type-page","status-publish","hentry"],"acf":[],"yoast_head":"<!-- This site is optimized with the Yoast SEO plugin v26.9 - https:\/\/yoast.com\/product\/yoast-seo-wordpress\/ -->\n<title>Our Program Sponsors - People&#039;s Self-Help Housing<\/title>\n<meta name=\"description\" content=\"Our Program Sponsors Broad Street Apartments &#8211; Community Center U.S.\" \/>\n<meta name=\"robots\" content=\"index, follow, max-snippet:-1, max-image-preview:large, max-video-preview:-1\" \/>\n<link rel=\"canonical\" href=\"https:\/\/www.pshhc.org\/es\/sponsors\/\" \/>\n<meta property=\"og:locale\" content=\"es_MX\" \/>\n<meta property=\"og:type\" content=\"article\" \/>\n<meta property=\"og:title\" content=\"Our Program Sponsors - People&#039;s Self-Help Housing\" \/>\n<meta property=\"og:url\" content=\"https:\/\/www.pshhc.org\/es\/sponsors\/\" \/>\n<meta property=\"og:site_name\" content=\"People&#039;s Self-Help Housing\" \/>\n<meta property=\"article:modified_time\" content=\"2026-03-09T21:45:08+00:00\" \/>\n<meta property=\"og:image\" content=\"https:\/\/www.pshhc.org\/wp-content\/uploads\/2026\/03\/WF.jpg\" \/>\n\t<meta property=\"og:image:width\" content=\"604\" \/>\n\t<meta property=\"og:image:height\" content=\"221\" \/>\n\t<meta property=\"og:image:type\" content=\"image\/jpeg\" \/>\n<meta name=\"twitter:card\" content=\"summary_large_image\" \/>\n<meta name=\"twitter:label1\" content=\"Tiempo de lectura\" \/>\n\t<meta name=\"twitter:data1\" content=\"1 minuto\" \/>\n<script type=\"application\/ld+json\" class=\"yoast-schema-graph\">{\"@context\":\"https:\/\/schema.org\",\"@graph\":[{\"@type\":\"WebPage\",\"@id\":\"https:\/\/www.pshhc.org\/sponsors\/\",\"url\":\"https:\/\/www.pshhc.org\/sponsors\/\",\"name\":\"Our Program Sponsors - People&#039;s Self-Help Housing\",\"isPartOf\":{\"@id\":\"https:\/\/www.pshhc.org\/#website\"},\"primaryImageOfPage\":{\"@id\":\"https:\/\/www.pshhc.org\/sponsors\/#primaryimage\"},\"image\":{\"@id\":\"https:\/\/www.pshhc.org\/sponsors\/#primaryimage\"},\"thumbnailUrl\":\"https:\/\/www.pshhc.org\/wp-content\/uploads\/2026\/03\/WF-300x110.jpg\",\"datePublished\":\"2026-03-09T21:42:56+00:00\",\"dateModified\":\"2026-03-09T21:45:08+00:00\",\"breadcrumb\":{\"@id\":\"https:\/\/www.pshhc.org\/sponsors\/#breadcrumb\"},\"inLanguage\":\"es\",\"potentialAction\":[{\"@type\":\"ReadAction\",\"target\":[\"https:\/\/www.pshhc.org\/sponsors\/\"]}]},{\"@type\":\"ImageObject\",\"inLanguage\":\"es\",\"@id\":\"https:\/\/www.pshhc.org\/sponsors\/#primaryimage\",\"url\":\"https:\/\/www.pshhc.org\/wp-content\/uploads\/2026\/03\/WF-300x110.jpg\",\"contentUrl\":\"https:\/\/www.pshhc.org\/wp-content\/uploads\/2026\/03\/WF-300x110.jpg\"},{\"@type\":\"BreadcrumbList\",\"@id\":\"https:\/\/www.pshhc.org\/sponsors\/#breadcrumb\",\"itemListElement\":[{\"@type\":\"ListItem\",\"position\":1,\"name\":\"Home\",\"item\":\"https:\/\/www.pshhc.org\/\"},{\"@type\":\"ListItem\",\"position\":2,\"name\":\"Our Program Sponsors\"}]},{\"@type\":\"WebSite\",\"@id\":\"https:\/\/www.pshhc.org\/#website\",\"url\":\"https:\/\/www.pshhc.org\/\",\"name\":\"People&#039;s Self-Help Housing\",\"description\":\"People&#039;s Self-Help Housing\",\"potentialAction\":[{\"@type\":\"SearchAction\",\"target\":{\"@type\":\"EntryPoint\",\"urlTemplate\":\"https:\/\/www.pshhc.org\/?s={search_term_string}\"},\"query-input\":{\"@type\":\"PropertyValueSpecification\",\"valueRequired\":true,\"valueName\":\"search_term_string\"}}],\"inLanguage\":\"es\"}]}<\/script>\n<!-- \/ Yoast SEO plugin. -->","yoast_head_json":{"title":"Our Program Sponsors - People&#039;s Self-Help Housing","description":"Our Program Sponsors Broad Street Apartments &#8211; Community Center U.S.","robots":{"index":"index","follow":"follow","max-snippet":"max-snippet:-1","max-image-preview":"max-image-preview:large","max-video-preview":"max-video-preview:-1"},"canonical":"https:\/\/www.pshhc.org\/es\/sponsors\/","og_locale":"es_MX","og_type":"article","og_title":"Our Program Sponsors - People&#039;s Self-Help Housing","og_url":"https:\/\/www.pshhc.org\/es\/sponsors\/","og_site_name":"People&#039;s Self-Help Housing","article_modified_time":"2026-03-09T21:45:08+00:00","og_image":[{"width":604,"height":221,"url":"https:\/\/www.pshhc.org\/wp-content\/uploads\/2026\/03\/WF.jpg","type":"image\/jpeg"}],"twitter_card":"summary_large_image","twitter_misc":{"Tiempo de lectura":"1 minuto"},"schema":{"@context":"https:\/\/schema.org","@graph":[{"@type":"WebPage","@id":"https:\/\/www.pshhc.org\/sponsors\/","url":"https:\/\/www.pshhc.org\/sponsors\/","name":"Our Program Sponsors - People&#039;s Self-Help Housing","isPartOf":{"@id":"https:\/\/www.pshhc.org\/#website"},"primaryImageOfPage":{"@id":"https:\/\/www.pshhc.org\/sponsors\/#primaryimage"},"image":{"@id":"https:\/\/www.pshhc.org\/sponsors\/#primaryimage"},"thumbnailUrl":"https:\/\/www.pshhc.org\/wp-content\/uploads\/2026\/03\/WF-300x110.jpg","datePublished":"2026-03-09T21:42:56+00:00","dateModified":"2026-03-09T21:45:08+00:00","breadcrumb":{"@id":"https:\/\/www.pshhc.org\/sponsors\/#breadcrumb"},"inLanguage":"es","potentialAction":[{"@type":"ReadAction","target":["https:\/\/www.pshhc.org\/sponsors\/"]}]},{"@type":"ImageObject","inLanguage":"es","@id":"https:\/\/www.pshhc.org\/sponsors\/#primaryimage","url":"https:\/\/www.pshhc.org\/wp-content\/uploads\/2026\/03\/WF-300x110.jpg","contentUrl":"https:\/\/www.pshhc.org\/wp-content\/uploads\/2026\/03\/WF-300x110.jpg"},{"@type":"BreadcrumbList","@id":"https:\/\/www.pshhc.org\/sponsors\/#breadcrumb","itemListElement":[{"@type":"ListItem","position":1,"name":"Home","item":"https:\/\/www.pshhc.org\/"},{"@type":"ListItem","position":2,"name":"Our Program Sponsors"}]},{"@type":"WebSite","@id":"https:\/\/www.pshhc.org\/#website","url":"https:\/\/www.pshhc.org\/","name":"Vivienda de autoayuda de People &amp; #039; s","description":"Vivienda de autoayuda de People &amp; #039; s","potentialAction":[{"@type":"SearchAction","target":{"@type":"EntryPoint","urlTemplate":"https:\/\/www.pshhc.org\/?s={search_term_string}"},"query-input":{"@type":"PropertyValueSpecification","valueRequired":true,"valueName":"search_term_string"}}],"inLanguage":"es"}]}},"jetpack_sharing_enabled":true,"_links":{"self":[{"href":"https:\/\/www.pshhc.org\/es\/wp-json\/wp\/v2\/pages\/140507","targetHints":{"allow":["GET"]}}],"collection":[{"href":"https:\/\/www.pshhc.org\/es\/wp-json\/wp\/v2\/pages"}],"about":[{"href":"https:\/\/www.pshhc.org\/es\/wp-json\/wp\/v2\/types\/page"}],"author":[{"embeddable":true,"href":"https:\/\/www.pshhc.org\/es\/wp-json\/wp\/v2\/users\/1113"}],"replies":[{"embeddable":true,"href":"https:\/\/www.pshhc.org\/es\/wp-json\/wp\/v2\/comments?post=140507"}],"version-history":[{"count":17,"href":"https:\/\/www.pshhc.org\/es\/wp-json\/wp\/v2\/pages\/140507\/revisions"}],"predecessor-version":[{"id":140525,"href":"https:\/\/www.pshhc.org\/es\/wp-json\/wp\/v2\/pages\/140507\/revisions\/140525"}],"wp:attachment":[{"href":"https:\/\/www.pshhc.org\/es\/wp-json\/wp\/v2\/media?parent=140507"}],"curies":[{"name":"gracias","href":"https:\/\/api.w.org\/{rel}","templated":true}]}}