{"id":140134,"date":"2026-02-05T22:25:40","date_gmt":"2026-02-05T22:25:40","guid":{"rendered":"https:\/\/www.pshhc.org\/?page_id=140134"},"modified":"2026-03-02T20:38:01","modified_gmt":"2026-03-02T20:38:01","slug":"bmr-program","status":"publish","type":"page","link":"https:\/\/www.pshhc.org\/es\/bmr-program\/","title":{"rendered":"Programa de tarifas inferiores al mercado"},"content":{"rendered":"<div class=\"wpb-content-wrapper\"><div data-vc-full-width=\"true\" data-vc-full-width-temp=\"true\" data-vc-full-width-init=\"false\" data-vc-stretch-content=\"true\" class=\"vc_row wpb_row vc_row-fluid inner-banner vc_row-no-padding\"><div class=\"wpb_column vc_column_container vc_col-sm-12\"><div class=\"vc_column-inner\"><div class=\"wpb_wrapper\">\n\t<div  class=\"wpb_single_image wpb_content_element vc_align_center wpb_content_element  bg-image\">\n\t\t\n\t\t<figure class=\"wpb_wrapper vc_figure\">\n\t\t\t<div class=\"vc_single_image-wrapper   vc_box_border_grey\"><img loading=\"lazy\" decoding=\"async\" width=\"2560\" height=\"1382\" src=\"https:\/\/www.pshhc.org\/wp-content\/uploads\/2023\/10\/P1030238-scaled-e1771542249986.jpg\" class=\"vc_single_image-img attachment-full\" alt=\"\" title=\"P1030238\" srcset=\"https:\/\/www.pshhc.org\/wp-content\/uploads\/2023\/10\/P1030238-scaled-e1771542249986.jpg 2560w, https:\/\/www.pshhc.org\/wp-content\/uploads\/2023\/10\/P1030238-scaled-e1771542249986-300x162.jpg 300w, https:\/\/www.pshhc.org\/wp-content\/uploads\/2023\/10\/P1030238-scaled-e1771542249986-1024x553.jpg 1024w, https:\/\/www.pshhc.org\/wp-content\/uploads\/2023\/10\/P1030238-scaled-e1771542249986-768x415.jpg 768w, https:\/\/www.pshhc.org\/wp-content\/uploads\/2023\/10\/P1030238-scaled-e1771542249986-1536x829.jpg 1536w, https:\/\/www.pshhc.org\/wp-content\/uploads\/2023\/10\/P1030238-scaled-e1771542249986-2048x1106.jpg 2048w, https:\/\/www.pshhc.org\/wp-content\/uploads\/2023\/10\/P1030238-scaled-e1771542249986-18x10.jpg 18w\" sizes=\"auto, (max-width: 2560px) 100vw, 2560px\" \/><\/div>\n\t\t<\/figure>\n\t<\/div>\n<\/div><\/div><\/div><\/div><div class=\"vc_row-full-width vc_clearfix\"><\/div><div data-vc-full-width=\"true\" data-vc-full-width-temp=\"true\" data-vc-full-width-init=\"false\" data-vc-stretch-content=\"true\" class=\"vc_row wpb_row vc_row-fluid inner-housing-section vc_row-no-padding\"><div class=\"wpb_column vc_column_container vc_col-sm-12\"><div class=\"vc_column-inner\"><div class=\"wpb_wrapper\">\n\t<div class=\"wpb_text_column wpb_content_element container\" >\n\t\t<div class=\"wpb_wrapper\">\n\t\t\t<h2>Programa de tarifas inferiores al mercado<\/h2>\n\n\t\t<\/div>\n\t<\/div>\n<\/div><\/div><\/div><\/div><div class=\"vc_row-full-width vc_clearfix\"><\/div><div data-vc-full-width=\"true\" data-vc-full-width-temp=\"true\" data-vc-full-width-init=\"false\" data-vc-stretch-content=\"true\" class=\"vc_row wpb_row vc_row-fluid rental-housing-section vc_row-no-padding\"><div class=\"wpb_column vc_column_container vc_col-sm-12\"><div class=\"vc_column-inner\"><div class=\"wpb_wrapper\"><div class=\"vc_empty_space\"   style=\"height: 32px\"><span class=\"vc_empty_space_inner\"><\/span><\/div>\n\t<div class=\"wpb_text_column wpb_content_element container\" >\n\t\t<div class=\"wpb_wrapper\">\n\t\t\t<p><span class=\"TextRun SCXW245984578 BCX0\" lang=\"EN-US\" xml:lang=\"EN-US\" data-contrast=\"auto\"><span class=\"NormalTextRun ContextualSpellingAndGrammarErrorV2Themed SCXW245984578 BCX0\"><span class=\"TextRun SCXW240834172 BCX0\" lang=\"EN-US\" xml:lang=\"EN-US\" data-contrast=\"auto\"><span class=\"NormalTextRun SCXW240834172 BCX0\">El Programa de Tarifas por Debajo del Mercado ayuda a los hogares con ingresos bajos a moderados a calificar para convertirse en propietarios de vivienda.\u00a0<\/span><\/span><\/span><\/span><\/p>\n<p>Como administrador externo, People&#039;s Self-Help Housing contrata agencias externas para proporcionar certificaciones de ingresos y educaci\u00f3n para compradores de vivienda para programas de propiedad de vivienda con tasas inferiores a las del mercado.<\/p>\n<p>People&#039;s Self-Help Housing se enorgullece de asociarse con varios municipios, entre ellos:<br \/>\n\u2022 Ciudad de Marina (ACTIVO \u2013 AHORA EN VENTA)<br \/>\n\u2022 Ciudad de Pismo Beach (cerrada)<br \/>\n\u2022 Ciudad de Atascadero (cerrada)<br \/>\n\u2022 Condado de San Luis Obispo (cerrado)<\/p>\n<p>Para obtener m\u00e1s informaci\u00f3n sobre las oportunidades actuales de compra de viviendas a precios inferiores al mercado, visite los enlaces a continuaci\u00f3n:<br \/>\n\u2022 <a href=\"https:\/\/trumarkhomes.com\/new-homes\/ca\/marina\/sea-haven\/\">Trumark Homes est\u00e1 vendiendo casas a precios inferiores al mercado en la comunidad Sea Haven en la ciudad de Marina.<\/a><\/p>\n<p>Si tiene preguntas, cont\u00e1ctenos a continuaci\u00f3n.<\/p>\n\n\t\t<\/div>\n\t<\/div>\n<div class=\"vc_row wpb_row vc_inner vc_row-fluid container vc_column-gap-10\"><div class=\"call-home-item wpb_column vc_column_container vc_col-sm-12\"><div class=\"vc_column-inner\"><div class=\"wpb_wrapper\"><div class=\"ubtn-ctn-center\"><a class=\"ubtn-link ult-adjust-bottom-margin ubtn-center ubtn-normal\" href=\"mailto:bmrcert@pshhc.org\" title=\"Apoyo al programa de tasas inferiores al mercado\" ><button type=\"button\" id=\"ubtn-4049\"  class=\"ubtn ult-adjust-bottom-margin ult-responsive ubtn-normal ubtn-no-hover-bg  none  ubtn-center   tooltip-69e89505b1568\"  data-hover=\"\" data-border-color=\"\" data-bg=\"#9B0002\" data-hover-bg=\"\" data-border-hover=\"\" data-shadow-hover=\"\" data-shadow-click=\"none\" data-shadow=\"\" data-shd-shadow=\"\"  data-ultimate-target='#ubtn-4049'  data-responsive-json-new='{\"font-size\":\"\",\"line-height\":\"\"}'  style=\"font-weight:normal;border:none;background: #9B0002;color: #FFFFFF;\"><span class=\"ubtn-hover\" style=\"background-color:\"><\/span><span class=\"ubtn-data ubtn-text\" >Cont\u00e1ctenos<\/span><\/button><\/a><\/div><\/div><\/div><\/div><\/div><\/div><\/div><\/div><\/div><div class=\"vc_row-full-width vc_clearfix\"><\/div>\n<\/div>","protected":false},"excerpt":{"rendered":"Programa de Viviendas a Precios Inferiores al Mercado El Programa de Viviendas a Precios Inferiores al Mercado ayuda a hogares de ingresos bajos a moderados a calificar para convertirse en propietarios de vivienda. Como administrador externo, People&#039;s Self-Help Housing contrata a agencias externas para proporcionar certificaciones de ingresos y educaci\u00f3n para compradores de vivienda en programas de propiedad de vivienda a precios inferiores al mercado. People&#039;s Self-Help Housing se enorgullece de asociarse con varios municipios, entre ellos: \u2022 Ciudad...  <a class=\"excerpt-read-more\" href=\"https:\/\/www.pshhc.org\/es\/bmr-program\/\" title=\"Programa de lectura a precio de mercado\">Leer m\u00e1s &quot;<\/a>","protected":false},"author":1113,"featured_media":116727,"parent":0,"menu_order":0,"comment_status":"closed","ping_status":"closed","template":"page-wide.php","meta":{"_acf_changed":false,"footnotes":""},"class_list":["post-140134","page","type-page","status-publish","has-post-thumbnail","hentry"],"acf":[],"yoast_head":"<!-- This site is optimized with the Yoast SEO plugin v26.9 - https:\/\/yoast.com\/product\/yoast-seo-wordpress\/ -->\n<title>Below Market Rate Program - People&#039;s Self-Help Housing<\/title>\n<meta name=\"description\" content=\"With a mission to build affordable homes with site-based services that offer opportunities to change lives and strengthen communities, People\u2019s Self-Help Housing is the longest-serving nonprofit housing organization on California\u2019s Central Coast.\" \/>\n<meta name=\"robots\" content=\"index, follow, max-snippet:-1, max-image-preview:large, max-video-preview:-1\" \/>\n<link rel=\"canonical\" href=\"https:\/\/www.pshhc.org\/es\/bmr-program\/\" \/>\n<meta property=\"og:locale\" content=\"es_MX\" \/>\n<meta property=\"og:type\" content=\"article\" \/>\n<meta property=\"og:title\" content=\"Below Market Rate Program - People&#039;s Self-Help Housing\" \/>\n<meta property=\"og:description\" content=\"With a mission to build affordable homes with site-based services that offer opportunities to change lives and strengthen communities, People\u2019s Self-Help Housing is the longest-serving nonprofit housing organization on California\u2019s Central Coast.\" \/>\n<meta property=\"og:url\" content=\"https:\/\/www.pshhc.org\/es\/bmr-program\/\" \/>\n<meta property=\"og:site_name\" content=\"People&#039;s Self-Help Housing\" \/>\n<meta property=\"article:modified_time\" content=\"2026-03-02T20:38:01+00:00\" \/>\n<meta property=\"og:image\" content=\"https:\/\/www.pshhc.org\/wp-content\/uploads\/2023\/10\/P1030238-scaled-e1771542249986.jpg\" \/>\n\t<meta property=\"og:image:width\" content=\"2560\" \/>\n\t<meta property=\"og:image:height\" content=\"1382\" \/>\n\t<meta property=\"og:image:type\" content=\"image\/jpeg\" \/>\n<meta name=\"twitter:card\" content=\"summary_large_image\" \/>\n<meta name=\"twitter:label1\" content=\"Tiempo de lectura\" \/>\n\t<meta name=\"twitter:data1\" content=\"2 minutos\" \/>\n<script type=\"application\/ld+json\" class=\"yoast-schema-graph\">{\"@context\":\"https:\/\/schema.org\",\"@graph\":[{\"@type\":\"WebPage\",\"@id\":\"https:\/\/www.pshhc.org\/bmr-program\/\",\"url\":\"https:\/\/www.pshhc.org\/bmr-program\/\",\"name\":\"Below Market Rate Program - People&#039;s Self-Help Housing\",\"isPartOf\":{\"@id\":\"https:\/\/www.pshhc.org\/#website\"},\"primaryImageOfPage\":{\"@id\":\"https:\/\/www.pshhc.org\/bmr-program\/#primaryimage\"},\"image\":{\"@id\":\"https:\/\/www.pshhc.org\/bmr-program\/#primaryimage\"},\"thumbnailUrl\":\"https:\/\/www.pshhc.org\/wp-content\/uploads\/2023\/10\/P1030238-scaled-e1771542249986.jpg\",\"datePublished\":\"2026-02-05T22:25:40+00:00\",\"dateModified\":\"2026-03-02T20:38:01+00:00\",\"description\":\"With a mission to build affordable homes with site-based services that offer opportunities to change lives and strengthen communities, People\u2019s Self-Help Housing is the longest-serving nonprofit housing organization on California\u2019s Central Coast.\",\"breadcrumb\":{\"@id\":\"https:\/\/www.pshhc.org\/bmr-program\/#breadcrumb\"},\"inLanguage\":\"es\",\"potentialAction\":[{\"@type\":\"ReadAction\",\"target\":[\"https:\/\/www.pshhc.org\/bmr-program\/\"]}]},{\"@type\":\"ImageObject\",\"inLanguage\":\"es\",\"@id\":\"https:\/\/www.pshhc.org\/bmr-program\/#primaryimage\",\"url\":\"https:\/\/www.pshhc.org\/wp-content\/uploads\/2023\/10\/P1030238-scaled-e1771542249986.jpg\",\"contentUrl\":\"https:\/\/www.pshhc.org\/wp-content\/uploads\/2023\/10\/P1030238-scaled-e1771542249986.jpg\",\"width\":2560,\"height\":1382},{\"@type\":\"BreadcrumbList\",\"@id\":\"https:\/\/www.pshhc.org\/bmr-program\/#breadcrumb\",\"itemListElement\":[{\"@type\":\"ListItem\",\"position\":1,\"name\":\"Home\",\"item\":\"https:\/\/www.pshhc.org\/\"},{\"@type\":\"ListItem\",\"position\":2,\"name\":\"Below Market Rate Program\"}]},{\"@type\":\"WebSite\",\"@id\":\"https:\/\/www.pshhc.org\/#website\",\"url\":\"https:\/\/www.pshhc.org\/\",\"name\":\"People&#039;s Self-Help Housing\",\"description\":\"People&#039;s Self-Help Housing\",\"potentialAction\":[{\"@type\":\"SearchAction\",\"target\":{\"@type\":\"EntryPoint\",\"urlTemplate\":\"https:\/\/www.pshhc.org\/?s={search_term_string}\"},\"query-input\":{\"@type\":\"PropertyValueSpecification\",\"valueRequired\":true,\"valueName\":\"search_term_string\"}}],\"inLanguage\":\"es\"}]}<\/script>\n<!-- \/ Yoast SEO plugin. -->","yoast_head_json":{"title":"Programa de Vivienda de Autoayuda para Personas con Tasas por Debajo del Mercado","description":"Con la misi\u00f3n de construir viviendas asequibles con servicios en el sitio que ofrecen oportunidades para cambiar vidas y fortalecer las comunidades, People&#039;s Self-Help Housing es la organizaci\u00f3n de vivienda sin fines de lucro con m\u00e1s a\u00f1os de servicio en la Costa Central de California.","robots":{"index":"index","follow":"follow","max-snippet":"max-snippet:-1","max-image-preview":"max-image-preview:large","max-video-preview":"max-video-preview:-1"},"canonical":"https:\/\/www.pshhc.org\/es\/bmr-program\/","og_locale":"es_MX","og_type":"article","og_title":"Below Market Rate Program - People&#039;s Self-Help Housing","og_description":"With a mission to build affordable homes with site-based services that offer opportunities to change lives and strengthen communities, People\u2019s Self-Help Housing is the longest-serving nonprofit housing organization on California\u2019s Central Coast.","og_url":"https:\/\/www.pshhc.org\/es\/bmr-program\/","og_site_name":"People&#039;s Self-Help Housing","article_modified_time":"2026-03-02T20:38:01+00:00","og_image":[{"width":2560,"height":1382,"url":"https:\/\/www.pshhc.org\/wp-content\/uploads\/2023\/10\/P1030238-scaled-e1771542249986.jpg","type":"image\/jpeg"}],"twitter_card":"summary_large_image","twitter_misc":{"Tiempo de lectura":"2 minutos"},"schema":{"@context":"https:\/\/schema.org","@graph":[{"@type":"WebPage","@id":"https:\/\/www.pshhc.org\/bmr-program\/","url":"https:\/\/www.pshhc.org\/bmr-program\/","name":"Programa de Vivienda de Autoayuda para Personas con Tasas por Debajo del Mercado","isPartOf":{"@id":"https:\/\/www.pshhc.org\/#website"},"primaryImageOfPage":{"@id":"https:\/\/www.pshhc.org\/bmr-program\/#primaryimage"},"image":{"@id":"https:\/\/www.pshhc.org\/bmr-program\/#primaryimage"},"thumbnailUrl":"https:\/\/www.pshhc.org\/wp-content\/uploads\/2023\/10\/P1030238-scaled-e1771542249986.jpg","datePublished":"2026-02-05T22:25:40+00:00","dateModified":"2026-03-02T20:38:01+00:00","description":"Con la misi\u00f3n de construir viviendas asequibles con servicios en el sitio que ofrecen oportunidades para cambiar vidas y fortalecer las comunidades, People&#039;s Self-Help Housing es la organizaci\u00f3n de vivienda sin fines de lucro con m\u00e1s a\u00f1os de servicio en la Costa Central de California.","breadcrumb":{"@id":"https:\/\/www.pshhc.org\/bmr-program\/#breadcrumb"},"inLanguage":"es","potentialAction":[{"@type":"ReadAction","target":["https:\/\/www.pshhc.org\/bmr-program\/"]}]},{"@type":"ImageObject","inLanguage":"es","@id":"https:\/\/www.pshhc.org\/bmr-program\/#primaryimage","url":"https:\/\/www.pshhc.org\/wp-content\/uploads\/2023\/10\/P1030238-scaled-e1771542249986.jpg","contentUrl":"https:\/\/www.pshhc.org\/wp-content\/uploads\/2023\/10\/P1030238-scaled-e1771542249986.jpg","width":2560,"height":1382},{"@type":"BreadcrumbList","@id":"https:\/\/www.pshhc.org\/bmr-program\/#breadcrumb","itemListElement":[{"@type":"ListItem","position":1,"name":"Home","item":"https:\/\/www.pshhc.org\/"},{"@type":"ListItem","position":2,"name":"Below Market Rate Program"}]},{"@type":"WebSite","@id":"https:\/\/www.pshhc.org\/#website","url":"https:\/\/www.pshhc.org\/","name":"Vivienda de autoayuda de People &amp; #039; s","description":"Vivienda de autoayuda de People &amp; #039; s","potentialAction":[{"@type":"SearchAction","target":{"@type":"EntryPoint","urlTemplate":"https:\/\/www.pshhc.org\/?s={search_term_string}"},"query-input":{"@type":"PropertyValueSpecification","valueRequired":true,"valueName":"search_term_string"}}],"inLanguage":"es"}]}},"jetpack_sharing_enabled":true,"_links":{"self":[{"href":"https:\/\/www.pshhc.org\/es\/wp-json\/wp\/v2\/pages\/140134","targetHints":{"allow":["GET"]}}],"collection":[{"href":"https:\/\/www.pshhc.org\/es\/wp-json\/wp\/v2\/pages"}],"about":[{"href":"https:\/\/www.pshhc.org\/es\/wp-json\/wp\/v2\/types\/page"}],"author":[{"embeddable":true,"href":"https:\/\/www.pshhc.org\/es\/wp-json\/wp\/v2\/users\/1113"}],"replies":[{"embeddable":true,"href":"https:\/\/www.pshhc.org\/es\/wp-json\/wp\/v2\/comments?post=140134"}],"version-history":[{"count":6,"href":"https:\/\/www.pshhc.org\/es\/wp-json\/wp\/v2\/pages\/140134\/revisions"}],"predecessor-version":[{"id":140469,"href":"https:\/\/www.pshhc.org\/es\/wp-json\/wp\/v2\/pages\/140134\/revisions\/140469"}],"wp:featuredmedia":[{"embeddable":true,"href":"https:\/\/www.pshhc.org\/es\/wp-json\/wp\/v2\/media\/116727"}],"wp:attachment":[{"href":"https:\/\/www.pshhc.org\/es\/wp-json\/wp\/v2\/media?parent=140134"}],"curies":[{"name":"gracias","href":"https:\/\/api.w.org\/{rel}","templated":true}]}}