{"id":140111,"date":"2026-02-05T19:55:28","date_gmt":"2026-02-05T19:55:28","guid":{"rendered":"https:\/\/www.pshhc.org\/?page_id=140111"},"modified":"2026-02-05T22:19:54","modified_gmt":"2026-02-05T22:19:54","slug":"pof","status":"publish","type":"page","link":"https:\/\/www.pshhc.org\/es\/pof\/","title":{"rendered":"Fondo de Oportunidades para la Gente"},"content":{"rendered":"<div class=\"wpb-content-wrapper\"><div data-vc-full-width=\"true\" data-vc-full-width-temp=\"true\" data-vc-full-width-init=\"false\" data-vc-stretch-content=\"true\" class=\"vc_row wpb_row vc_row-fluid inner-banner vc_row-no-padding\"><div class=\"wpb_column vc_column_container vc_col-sm-12\"><div class=\"vc_column-inner\"><div class=\"wpb_wrapper\">\n\t<div  class=\"wpb_single_image wpb_content_element vc_align_center wpb_content_element  bg-image\">\n\t\t\n\t\t<figure class=\"wpb_wrapper vc_figure\">\n\t\t\t<div class=\"vc_single_image-wrapper   vc_box_border_grey\"><img loading=\"lazy\" decoding=\"async\" width=\"2560\" height=\"1382\" src=\"https:\/\/www.pshhc.org\/wp-content\/uploads\/2023\/10\/P1030238-scaled-e1771542249986.jpg\" class=\"vc_single_image-img attachment-full\" alt=\"\" title=\"P1030238\" srcset=\"https:\/\/www.pshhc.org\/wp-content\/uploads\/2023\/10\/P1030238-scaled-e1771542249986.jpg 2560w, https:\/\/www.pshhc.org\/wp-content\/uploads\/2023\/10\/P1030238-scaled-e1771542249986-300x162.jpg 300w, https:\/\/www.pshhc.org\/wp-content\/uploads\/2023\/10\/P1030238-scaled-e1771542249986-1024x553.jpg 1024w, https:\/\/www.pshhc.org\/wp-content\/uploads\/2023\/10\/P1030238-scaled-e1771542249986-768x415.jpg 768w, https:\/\/www.pshhc.org\/wp-content\/uploads\/2023\/10\/P1030238-scaled-e1771542249986-1536x829.jpg 1536w, https:\/\/www.pshhc.org\/wp-content\/uploads\/2023\/10\/P1030238-scaled-e1771542249986-2048x1106.jpg 2048w, https:\/\/www.pshhc.org\/wp-content\/uploads\/2023\/10\/P1030238-scaled-e1771542249986-18x10.jpg 18w\" sizes=\"auto, (max-width: 2560px) 100vw, 2560px\" \/><\/div>\n\t\t<\/figure>\n\t<\/div>\n<\/div><\/div><\/div><\/div><div class=\"vc_row-full-width vc_clearfix\"><\/div><div data-vc-full-width=\"true\" data-vc-full-width-temp=\"true\" data-vc-full-width-init=\"false\" data-vc-stretch-content=\"true\" class=\"vc_row wpb_row vc_row-fluid inner-housing-section vc_row-no-padding\"><div class=\"wpb_column vc_column_container vc_col-sm-12\"><div class=\"vc_column-inner\"><div class=\"wpb_wrapper\">\n\t<div class=\"wpb_text_column wpb_content_element container\" >\n\t\t<div class=\"wpb_wrapper\">\n\t\t\t<h2>Fondo de Oportunidades para la Gente<\/h2>\n\n\t\t<\/div>\n\t<\/div>\n<\/div><\/div><\/div><\/div><div class=\"vc_row-full-width vc_clearfix\"><\/div><div data-vc-full-width=\"true\" data-vc-full-width-temp=\"true\" data-vc-full-width-init=\"false\" data-vc-stretch-content=\"true\" class=\"vc_row wpb_row vc_row-fluid rental-housing-section vc_row-no-padding\"><div class=\"wpb_column vc_column_container vc_col-sm-12\"><div class=\"vc_column-inner\"><div class=\"wpb_wrapper\"><div class=\"vc_empty_space\"   style=\"height: 32px\"><span class=\"vc_empty_space_inner\"><\/span><\/div>\n\t<div class=\"wpb_text_column wpb_content_element container\" >\n\t\t<div class=\"wpb_wrapper\">\n\t\t\t<p>Principalmente a trav\u00e9s de pr\u00e9stamos con intereses diferidos, el Fondo de Oportunidades para el Pueblo apoya a hogares y comunidades con ingresos bajos a moderados que hist\u00f3ricamente han estado desatendidos o econ\u00f3micamente desfavorecidos.<\/p>\n<p>Fundado como una organizaci\u00f3n sin fines de lucro en 2010 e independiente de People&#039;s Self-Help Housing, el Fondo ayuda a compradores de bajos ingresos a comprar casas en toda la Costa Central de California.<\/p>\n<p>Al captar capital y poner a disposici\u00f3n fondos a trav\u00e9s de un fondo de pr\u00e9stamos rotatorios, el Fondo ofrece diversos servicios para ayudar a los compradores a alcanzar su estabilidad financiera. Estos servicios incluyen pr\u00e9stamos asequibles, educaci\u00f3n financiera y asesoramiento.<\/p>\n<p>El Fondo de Oportunidades para el Pueblo es un fondo de pr\u00e9stamos certificado por la Instituci\u00f3n Financiera de Desarrollo Comunitario (CDFI). <a href=\"https:\/\/app.candid.org\/search?keyword=273379735&amp;action=search\" target=\"_blank\" rel=\"noopener\">N\u00famero de identificaci\u00f3n fiscal federal: 27\u20113379735<\/a><\/p>\n\n\t\t<\/div>\n\t<\/div>\n<\/div><\/div><\/div><\/div><div class=\"vc_row-full-width vc_clearfix\"><\/div>\n<\/div>","protected":false},"excerpt":{"rendered":"Fondo de Oportunidades para la Gente. Principalmente a trav\u00e9s de pr\u00e9stamos con intereses diferidos, el Fondo de Oportunidades para la Gente apoya a hogares y comunidades de ingresos bajos a moderados que hist\u00f3ricamente han estado desatendidas o econ\u00f3micamente desfavorecidas. Fundado como organizaci\u00f3n sin fines de lucro en 2010 e independiente de People&#039;s Self-Help Housing, el Fondo ayuda a compradores de bajos ingresos a adquirir viviendas en toda la Costa Central de California. Mediante la captaci\u00f3n de capital...  <a class=\"excerpt-read-more\" href=\"https:\/\/www.pshhc.org\/es\/pof\/\" title=\"Lea el Fondo de Oportunidades para las Personas\">Leer m\u00e1s &quot;<\/a>","protected":false},"author":1113,"featured_media":116727,"parent":0,"menu_order":0,"comment_status":"closed","ping_status":"closed","template":"page-wide.php","meta":{"_acf_changed":false,"footnotes":""},"class_list":["post-140111","page","type-page","status-publish","has-post-thumbnail","hentry"],"acf":[],"yoast_head":"<!-- This site is optimized with the Yoast SEO plugin v26.9 - https:\/\/yoast.com\/product\/yoast-seo-wordpress\/ -->\n<title>People&#039;s Opportunity Fund - People&#039;s Self-Help Housing<\/title>\n<meta name=\"description\" content=\"With a mission to build affordable homes with site-based services that offer opportunities to change lives and strengthen communities, People\u2019s Self-Help Housing is the longest-serving nonprofit housing organization on California\u2019s Central Coast.\" \/>\n<meta name=\"robots\" content=\"index, follow, max-snippet:-1, max-image-preview:large, max-video-preview:-1\" \/>\n<link rel=\"canonical\" href=\"https:\/\/www.pshhc.org\/es\/pof\/\" \/>\n<meta property=\"og:locale\" content=\"es_MX\" \/>\n<meta property=\"og:type\" content=\"article\" \/>\n<meta property=\"og:title\" content=\"People&#039;s Opportunity Fund - People&#039;s Self-Help Housing\" \/>\n<meta property=\"og:description\" content=\"With a mission to build affordable homes with site-based services that offer opportunities to change lives and strengthen communities, People\u2019s Self-Help Housing is the longest-serving nonprofit housing organization on California\u2019s Central Coast.\" \/>\n<meta property=\"og:url\" content=\"https:\/\/www.pshhc.org\/es\/pof\/\" \/>\n<meta property=\"og:site_name\" content=\"People&#039;s Self-Help Housing\" \/>\n<meta property=\"article:modified_time\" content=\"2026-02-05T22:19:54+00:00\" \/>\n<meta property=\"og:image\" content=\"https:\/\/www.pshhc.org\/wp-content\/uploads\/2023\/10\/P1030238-scaled.jpg\" \/>\n\t<meta property=\"og:image:width\" content=\"2560\" \/>\n\t<meta property=\"og:image:height\" content=\"1707\" \/>\n\t<meta property=\"og:image:type\" content=\"image\/jpeg\" \/>\n<meta name=\"twitter:card\" content=\"summary_large_image\" \/>\n<meta name=\"twitter:label1\" content=\"Tiempo de lectura\" \/>\n\t<meta name=\"twitter:data1\" content=\"1 minuto\" \/>\n<script type=\"application\/ld+json\" class=\"yoast-schema-graph\">{\"@context\":\"https:\/\/schema.org\",\"@graph\":[{\"@type\":\"WebPage\",\"@id\":\"https:\/\/www.pshhc.org\/pof\/\",\"url\":\"https:\/\/www.pshhc.org\/pof\/\",\"name\":\"People's Opportunity Fund - People&#039;s Self-Help Housing\",\"isPartOf\":{\"@id\":\"https:\/\/www.pshhc.org\/#website\"},\"primaryImageOfPage\":{\"@id\":\"https:\/\/www.pshhc.org\/pof\/#primaryimage\"},\"image\":{\"@id\":\"https:\/\/www.pshhc.org\/pof\/#primaryimage\"},\"thumbnailUrl\":\"https:\/\/www.pshhc.org\/wp-content\/uploads\/2023\/10\/P1030238-scaled-e1771542249986.jpg\",\"datePublished\":\"2026-02-05T19:55:28+00:00\",\"dateModified\":\"2026-02-05T22:19:54+00:00\",\"description\":\"With a mission to build affordable homes with site-based services that offer opportunities to change lives and strengthen communities, People\u2019s Self-Help Housing is the longest-serving nonprofit housing organization on California\u2019s Central Coast.\",\"breadcrumb\":{\"@id\":\"https:\/\/www.pshhc.org\/pof\/#breadcrumb\"},\"inLanguage\":\"es\",\"potentialAction\":[{\"@type\":\"ReadAction\",\"target\":[\"https:\/\/www.pshhc.org\/pof\/\"]}]},{\"@type\":\"ImageObject\",\"inLanguage\":\"es\",\"@id\":\"https:\/\/www.pshhc.org\/pof\/#primaryimage\",\"url\":\"https:\/\/www.pshhc.org\/wp-content\/uploads\/2023\/10\/P1030238-scaled-e1771542249986.jpg\",\"contentUrl\":\"https:\/\/www.pshhc.org\/wp-content\/uploads\/2023\/10\/P1030238-scaled-e1771542249986.jpg\",\"width\":2560,\"height\":1382},{\"@type\":\"BreadcrumbList\",\"@id\":\"https:\/\/www.pshhc.org\/pof\/#breadcrumb\",\"itemListElement\":[{\"@type\":\"ListItem\",\"position\":1,\"name\":\"Home\",\"item\":\"https:\/\/www.pshhc.org\/\"},{\"@type\":\"ListItem\",\"position\":2,\"name\":\"People&#8217;s Opportunity Fund\"}]},{\"@type\":\"WebSite\",\"@id\":\"https:\/\/www.pshhc.org\/#website\",\"url\":\"https:\/\/www.pshhc.org\/\",\"name\":\"People&#039;s Self-Help Housing\",\"description\":\"People&#039;s Self-Help Housing\",\"potentialAction\":[{\"@type\":\"SearchAction\",\"target\":{\"@type\":\"EntryPoint\",\"urlTemplate\":\"https:\/\/www.pshhc.org\/?s={search_term_string}\"},\"query-input\":{\"@type\":\"PropertyValueSpecification\",\"valueRequired\":true,\"valueName\":\"search_term_string\"}}],\"inLanguage\":\"es\"}]}<\/script>\n<!-- \/ Yoast SEO plugin. -->","yoast_head_json":{"title":"Fondo de Oportunidades para la Gente - Vivienda de Autoayuda para la Gente","description":"Con la misi\u00f3n de construir viviendas asequibles con servicios en el sitio que ofrecen oportunidades para cambiar vidas y fortalecer las comunidades, People&#039;s Self-Help Housing es la organizaci\u00f3n de vivienda sin fines de lucro con m\u00e1s a\u00f1os de servicio en la Costa Central de California.","robots":{"index":"index","follow":"follow","max-snippet":"max-snippet:-1","max-image-preview":"max-image-preview:large","max-video-preview":"max-video-preview:-1"},"canonical":"https:\/\/www.pshhc.org\/es\/pof\/","og_locale":"es_MX","og_type":"article","og_title":"People's Opportunity Fund - People&#039;s Self-Help Housing","og_description":"With a mission to build affordable homes with site-based services that offer opportunities to change lives and strengthen communities, People\u2019s Self-Help Housing is the longest-serving nonprofit housing organization on California\u2019s Central Coast.","og_url":"https:\/\/www.pshhc.org\/es\/pof\/","og_site_name":"People&#039;s Self-Help Housing","article_modified_time":"2026-02-05T22:19:54+00:00","og_image":[{"width":2560,"height":1707,"url":"https:\/\/www.pshhc.org\/wp-content\/uploads\/2023\/10\/P1030238-scaled.jpg","type":"image\/jpeg"}],"twitter_card":"summary_large_image","twitter_misc":{"Tiempo de lectura":"1 minuto"},"schema":{"@context":"https:\/\/schema.org","@graph":[{"@type":"WebPage","@id":"https:\/\/www.pshhc.org\/pof\/","url":"https:\/\/www.pshhc.org\/pof\/","name":"Fondo de Oportunidades para la Gente - Vivienda de Autoayuda para la Gente","isPartOf":{"@id":"https:\/\/www.pshhc.org\/#website"},"primaryImageOfPage":{"@id":"https:\/\/www.pshhc.org\/pof\/#primaryimage"},"image":{"@id":"https:\/\/www.pshhc.org\/pof\/#primaryimage"},"thumbnailUrl":"https:\/\/www.pshhc.org\/wp-content\/uploads\/2023\/10\/P1030238-scaled-e1771542249986.jpg","datePublished":"2026-02-05T19:55:28+00:00","dateModified":"2026-02-05T22:19:54+00:00","description":"Con la misi\u00f3n de construir viviendas asequibles con servicios en el sitio que ofrecen oportunidades para cambiar vidas y fortalecer las comunidades, People&#039;s Self-Help Housing es la organizaci\u00f3n de vivienda sin fines de lucro con m\u00e1s a\u00f1os de servicio en la Costa Central de California.","breadcrumb":{"@id":"https:\/\/www.pshhc.org\/pof\/#breadcrumb"},"inLanguage":"es","potentialAction":[{"@type":"ReadAction","target":["https:\/\/www.pshhc.org\/pof\/"]}]},{"@type":"ImageObject","inLanguage":"es","@id":"https:\/\/www.pshhc.org\/pof\/#primaryimage","url":"https:\/\/www.pshhc.org\/wp-content\/uploads\/2023\/10\/P1030238-scaled-e1771542249986.jpg","contentUrl":"https:\/\/www.pshhc.org\/wp-content\/uploads\/2023\/10\/P1030238-scaled-e1771542249986.jpg","width":2560,"height":1382},{"@type":"BreadcrumbList","@id":"https:\/\/www.pshhc.org\/pof\/#breadcrumb","itemListElement":[{"@type":"ListItem","position":1,"name":"Home","item":"https:\/\/www.pshhc.org\/"},{"@type":"ListItem","position":2,"name":"People&#8217;s Opportunity Fund"}]},{"@type":"WebSite","@id":"https:\/\/www.pshhc.org\/#website","url":"https:\/\/www.pshhc.org\/","name":"Vivienda de autoayuda de People &amp; #039; s","description":"Vivienda de autoayuda de People &amp; #039; s","potentialAction":[{"@type":"SearchAction","target":{"@type":"EntryPoint","urlTemplate":"https:\/\/www.pshhc.org\/?s={search_term_string}"},"query-input":{"@type":"PropertyValueSpecification","valueRequired":true,"valueName":"search_term_string"}}],"inLanguage":"es"}]}},"jetpack_sharing_enabled":true,"_links":{"self":[{"href":"https:\/\/www.pshhc.org\/es\/wp-json\/wp\/v2\/pages\/140111","targetHints":{"allow":["GET"]}}],"collection":[{"href":"https:\/\/www.pshhc.org\/es\/wp-json\/wp\/v2\/pages"}],"about":[{"href":"https:\/\/www.pshhc.org\/es\/wp-json\/wp\/v2\/types\/page"}],"author":[{"embeddable":true,"href":"https:\/\/www.pshhc.org\/es\/wp-json\/wp\/v2\/users\/1113"}],"replies":[{"embeddable":true,"href":"https:\/\/www.pshhc.org\/es\/wp-json\/wp\/v2\/comments?post=140111"}],"version-history":[{"count":6,"href":"https:\/\/www.pshhc.org\/es\/wp-json\/wp\/v2\/pages\/140111\/revisions"}],"predecessor-version":[{"id":140133,"href":"https:\/\/www.pshhc.org\/es\/wp-json\/wp\/v2\/pages\/140111\/revisions\/140133"}],"wp:featuredmedia":[{"embeddable":true,"href":"https:\/\/www.pshhc.org\/es\/wp-json\/wp\/v2\/media\/116727"}],"wp:attachment":[{"href":"https:\/\/www.pshhc.org\/es\/wp-json\/wp\/v2\/media?parent=140111"}],"curies":[{"name":"gracias","href":"https:\/\/api.w.org\/{rel}","templated":true}]}}