{"id":140089,"date":"2026-02-05T19:17:33","date_gmt":"2026-02-05T19:17:33","guid":{"rendered":"https:\/\/www.pshhc.org\/?page_id=140089"},"modified":"2026-02-05T19:17:33","modified_gmt":"2026-02-05T19:17:33","slug":"hillcrest-homes","status":"publish","type":"page","link":"https:\/\/www.pshhc.org\/es\/hillcrest-homes\/","title":{"rendered":"Casas Hillcrest"},"content":{"rendered":"<div class=\"wpb-content-wrapper\"><div data-vc-full-width=\"true\" data-vc-full-width-temp=\"true\" data-vc-full-width-init=\"false\" data-vc-stretch-content=\"true\" class=\"vc_row wpb_row vc_row-fluid inner-banner vc_row-no-padding\"><div class=\"wpb_column vc_column_container vc_col-sm-12\"><div class=\"vc_column-inner\"><div class=\"wpb_wrapper\">\n\t<div  class=\"wpb_single_image wpb_content_element vc_align_center wpb_content_element  bg-image\">\n\t\t\n\t\t<figure class=\"wpb_wrapper vc_figure\">\n\t\t\t<div class=\"vc_single_image-wrapper   vc_box_border_grey\"><img loading=\"lazy\" decoding=\"async\" width=\"2560\" height=\"1173\" src=\"https:\/\/www.pshhc.org\/wp-content\/uploads\/2026\/02\/image-1-scaled-e1770319001831.png\" class=\"vc_single_image-img attachment-full\" alt=\"\" title=\"Cresta de la colina\" srcset=\"https:\/\/www.pshhc.org\/wp-content\/uploads\/2026\/02\/image-1-scaled-e1770319001831.png 2560w, https:\/\/www.pshhc.org\/wp-content\/uploads\/2026\/02\/image-1-scaled-e1770319001831-300x137.png 300w, https:\/\/www.pshhc.org\/wp-content\/uploads\/2026\/02\/image-1-scaled-e1770319001831-1024x469.png 1024w, https:\/\/www.pshhc.org\/wp-content\/uploads\/2026\/02\/image-1-scaled-e1770319001831-768x352.png 768w, https:\/\/www.pshhc.org\/wp-content\/uploads\/2026\/02\/image-1-scaled-e1770319001831-1536x704.png 1536w, https:\/\/www.pshhc.org\/wp-content\/uploads\/2026\/02\/image-1-scaled-e1770319001831-2048x938.png 2048w, https:\/\/www.pshhc.org\/wp-content\/uploads\/2026\/02\/image-1-scaled-e1770319001831-18x8.png 18w\" sizes=\"auto, (max-width: 2560px) 100vw, 2560px\" \/><\/div>\n\t\t<\/figure>\n\t<\/div>\n<\/div><\/div><\/div><\/div><div class=\"vc_row-full-width vc_clearfix\"><\/div><div data-vc-full-width=\"true\" data-vc-full-width-temp=\"true\" data-vc-full-width-init=\"false\" data-vc-stretch-content=\"true\" class=\"vc_row wpb_row vc_row-fluid inner-housing-section vc_row-no-padding\"><div class=\"wpb_column vc_column_container vc_col-sm-12\"><div class=\"vc_column-inner\"><div class=\"wpb_wrapper\">\n\t<div class=\"wpb_text_column wpb_content_element container\" >\n\t\t<div class=\"wpb_wrapper\">\n\t\t\t<h2>Casas Hillcrest<\/h2>\n\n\t\t<\/div>\n\t<\/div>\n<\/div><\/div><\/div><\/div><div class=\"vc_row-full-width vc_clearfix\"><\/div><div data-vc-full-width=\"true\" data-vc-full-width-temp=\"true\" data-vc-full-width-init=\"false\" data-vc-stretch-content=\"true\" class=\"vc_row wpb_row vc_row-fluid rental-housing-section vc_row-no-padding\"><div class=\"wpb_column vc_column_container vc_col-sm-12\"><div class=\"vc_column-inner\"><div class=\"wpb_wrapper\"><div class=\"vc_empty_space\"   style=\"height: 32px\"><span class=\"vc_empty_space_inner\"><\/span><\/div>\n\t<div class=\"wpb_text_column wpb_content_element container\" >\n\t\t<div class=\"wpb_wrapper\">\n\t\t\t<p><span class=\"NormalTextRun SCXW150555625 BCX0\">Este <span class=\"NormalTextRun SCXW248745205 BCX0\">78<\/span><span class=\"NormalTextRun SCXW248745205 BCX0\">\u2013<\/span><span class=\"NormalTextRun SCXW248745205 BCX0\">unidad<\/span><span class=\"NormalTextRun SCXW248745205 BCX0\">\u00a0<\/span><span class=\"NormalTextRun SCXW248745205 BCX0\">casa adosada<\/span><span class=\"NormalTextRun SCXW248745205 BCX0\">\/<\/span><span class=\"NormalTextRun SCXW248745205 BCX0\">condominio<\/span><span class=\"NormalTextRun SCXW248745205 BCX0\"> desarrollo<\/span><\/span><span class=\"NormalTextRun SCXW150555625 BCX0\"> estar\u00e1 ubicado <span class=\"NormalTextRun SCXW248745205 BCX0\">en la ciudad de\u00a0<\/span><span class=\"NormalTextRun SCXW248745205 BCX0\">Mil robles<\/span><span class=\"NormalTextRun SCXW248745205 BCX0\">,\u00a0<\/span><span class=\"NormalTextRun SCXW248745205 BCX0\">Ventur<\/span><span class=\"NormalTextRun SCXW248745205 BCX0\">un condado<\/span>. Pr\u00f3ximamente habr\u00e1 m\u00e1s informaci\u00f3n.<\/span><span class=\"NormalTextRun SCXW150555625 BCX0\">\u00a1pronto!<\/span><\/p>\n\n\t\t<\/div>\n\t<\/div>\n<\/div><\/div><\/div><\/div><div class=\"vc_row-full-width vc_clearfix\"><\/div>\n<\/div>","protected":false},"excerpt":{"rendered":"Hillcrest Homes: Este complejo de 78 casas adosadas y condominios se ubicar\u00e1 en la ciudad de Thousand Oaks, condado de Ventura. \u00a1Pronto habr\u00e1 m\u00e1s informaci\u00f3n!","protected":false},"author":1113,"featured_media":1598,"parent":0,"menu_order":0,"comment_status":"closed","ping_status":"closed","template":"page-wide.php","meta":{"_acf_changed":false,"footnotes":""},"class_list":["post-140089","page","type-page","status-publish","has-post-thumbnail","hentry"],"acf":[],"yoast_head":"<!-- This site is optimized with the Yoast SEO plugin v26.9 - https:\/\/yoast.com\/product\/yoast-seo-wordpress\/ -->\n<title>Hillcrest Homes - People&#039;s Self-Help Housing<\/title>\n<meta name=\"description\" content=\"Hillcrest Homes This 78&#8211;unit\u00a0townhome\/condo development will be located in the City of\u00a0Thousand Oaks,\u00a0Ventura County. More information coming soon!\" \/>\n<meta name=\"robots\" content=\"index, follow, max-snippet:-1, max-image-preview:large, max-video-preview:-1\" \/>\n<link rel=\"canonical\" href=\"https:\/\/www.pshhc.org\/es\/hillcrest-homes\/\" \/>\n<meta property=\"og:locale\" content=\"es_MX\" \/>\n<meta property=\"og:type\" content=\"article\" \/>\n<meta property=\"og:title\" content=\"Hillcrest Homes - People&#039;s Self-Help Housing\" \/>\n<meta property=\"og:url\" content=\"https:\/\/www.pshhc.org\/es\/hillcrest-homes\/\" \/>\n<meta property=\"og:site_name\" content=\"People&#039;s Self-Help Housing\" \/>\n<meta property=\"og:image\" content=\"https:\/\/www.pshhc.org\/wp-content\/uploads\/2019\/09\/IMG_2380-e1568051656911.jpg\" \/>\n\t<meta property=\"og:image:width\" content=\"2560\" \/>\n\t<meta property=\"og:image:height\" content=\"1228\" \/>\n\t<meta property=\"og:image:type\" content=\"image\/jpeg\" \/>\n<meta name=\"twitter:card\" content=\"summary_large_image\" \/>\n<meta name=\"twitter:label1\" content=\"Tiempo de lectura\" \/>\n\t<meta name=\"twitter:data1\" content=\"1 minuto\" \/>\n<script type=\"application\/ld+json\" class=\"yoast-schema-graph\">{\"@context\":\"https:\/\/schema.org\",\"@graph\":[{\"@type\":\"WebPage\",\"@id\":\"https:\/\/www.pshhc.org\/hillcrest-homes\/\",\"url\":\"https:\/\/www.pshhc.org\/hillcrest-homes\/\",\"name\":\"Hillcrest Homes - People&#039;s Self-Help Housing\",\"isPartOf\":{\"@id\":\"https:\/\/www.pshhc.org\/#website\"},\"primaryImageOfPage\":{\"@id\":\"https:\/\/www.pshhc.org\/hillcrest-homes\/#primaryimage\"},\"image\":{\"@id\":\"https:\/\/www.pshhc.org\/hillcrest-homes\/#primaryimage\"},\"thumbnailUrl\":\"https:\/\/www.pshhc.org\/wp-content\/uploads\/2019\/09\/IMG_2380-e1568051656911.jpg\",\"datePublished\":\"2026-02-05T19:17:33+00:00\",\"breadcrumb\":{\"@id\":\"https:\/\/www.pshhc.org\/hillcrest-homes\/#breadcrumb\"},\"inLanguage\":\"es\",\"potentialAction\":[{\"@type\":\"ReadAction\",\"target\":[\"https:\/\/www.pshhc.org\/hillcrest-homes\/\"]}]},{\"@type\":\"ImageObject\",\"inLanguage\":\"es\",\"@id\":\"https:\/\/www.pshhc.org\/hillcrest-homes\/#primaryimage\",\"url\":\"https:\/\/www.pshhc.org\/wp-content\/uploads\/2019\/09\/IMG_2380-e1568051656911.jpg\",\"contentUrl\":\"https:\/\/www.pshhc.org\/wp-content\/uploads\/2019\/09\/IMG_2380-e1568051656911.jpg\",\"width\":2560,\"height\":1228},{\"@type\":\"BreadcrumbList\",\"@id\":\"https:\/\/www.pshhc.org\/hillcrest-homes\/#breadcrumb\",\"itemListElement\":[{\"@type\":\"ListItem\",\"position\":1,\"name\":\"Home\",\"item\":\"https:\/\/www.pshhc.org\/\"},{\"@type\":\"ListItem\",\"position\":2,\"name\":\"Hillcrest Homes\"}]},{\"@type\":\"WebSite\",\"@id\":\"https:\/\/www.pshhc.org\/#website\",\"url\":\"https:\/\/www.pshhc.org\/\",\"name\":\"People&#039;s Self-Help Housing\",\"description\":\"People&#039;s Self-Help Housing\",\"potentialAction\":[{\"@type\":\"SearchAction\",\"target\":{\"@type\":\"EntryPoint\",\"urlTemplate\":\"https:\/\/www.pshhc.org\/?s={search_term_string}\"},\"query-input\":{\"@type\":\"PropertyValueSpecification\",\"valueRequired\":true,\"valueName\":\"search_term_string\"}}],\"inLanguage\":\"es\"}]}<\/script>\n<!-- \/ Yoast SEO plugin. -->","yoast_head_json":{"title":"Hillcrest Homes - People&#039;s Self-Help Housing","description":"Hillcrest Homes This 78&#8211;unit\u00a0townhome\/condo development will be located in the City of\u00a0Thousand Oaks,\u00a0Ventura County. More information coming soon!","robots":{"index":"index","follow":"follow","max-snippet":"max-snippet:-1","max-image-preview":"max-image-preview:large","max-video-preview":"max-video-preview:-1"},"canonical":"https:\/\/www.pshhc.org\/es\/hillcrest-homes\/","og_locale":"es_MX","og_type":"article","og_title":"Hillcrest Homes - People&#039;s Self-Help Housing","og_url":"https:\/\/www.pshhc.org\/es\/hillcrest-homes\/","og_site_name":"People&#039;s Self-Help Housing","og_image":[{"width":2560,"height":1228,"url":"https:\/\/www.pshhc.org\/wp-content\/uploads\/2019\/09\/IMG_2380-e1568051656911.jpg","type":"image\/jpeg"}],"twitter_card":"summary_large_image","twitter_misc":{"Tiempo de lectura":"1 minuto"},"schema":{"@context":"https:\/\/schema.org","@graph":[{"@type":"WebPage","@id":"https:\/\/www.pshhc.org\/hillcrest-homes\/","url":"https:\/\/www.pshhc.org\/hillcrest-homes\/","name":"Hillcrest Homes - People&#039;s Self-Help Housing","isPartOf":{"@id":"https:\/\/www.pshhc.org\/#website"},"primaryImageOfPage":{"@id":"https:\/\/www.pshhc.org\/hillcrest-homes\/#primaryimage"},"image":{"@id":"https:\/\/www.pshhc.org\/hillcrest-homes\/#primaryimage"},"thumbnailUrl":"https:\/\/www.pshhc.org\/wp-content\/uploads\/2019\/09\/IMG_2380-e1568051656911.jpg","datePublished":"2026-02-05T19:17:33+00:00","breadcrumb":{"@id":"https:\/\/www.pshhc.org\/hillcrest-homes\/#breadcrumb"},"inLanguage":"es","potentialAction":[{"@type":"ReadAction","target":["https:\/\/www.pshhc.org\/hillcrest-homes\/"]}]},{"@type":"ImageObject","inLanguage":"es","@id":"https:\/\/www.pshhc.org\/hillcrest-homes\/#primaryimage","url":"https:\/\/www.pshhc.org\/wp-content\/uploads\/2019\/09\/IMG_2380-e1568051656911.jpg","contentUrl":"https:\/\/www.pshhc.org\/wp-content\/uploads\/2019\/09\/IMG_2380-e1568051656911.jpg","width":2560,"height":1228},{"@type":"BreadcrumbList","@id":"https:\/\/www.pshhc.org\/hillcrest-homes\/#breadcrumb","itemListElement":[{"@type":"ListItem","position":1,"name":"Home","item":"https:\/\/www.pshhc.org\/"},{"@type":"ListItem","position":2,"name":"Hillcrest Homes"}]},{"@type":"WebSite","@id":"https:\/\/www.pshhc.org\/#website","url":"https:\/\/www.pshhc.org\/","name":"Vivienda de autoayuda de People &amp; #039; s","description":"Vivienda de autoayuda de People &amp; #039; s","potentialAction":[{"@type":"SearchAction","target":{"@type":"EntryPoint","urlTemplate":"https:\/\/www.pshhc.org\/?s={search_term_string}"},"query-input":{"@type":"PropertyValueSpecification","valueRequired":true,"valueName":"search_term_string"}}],"inLanguage":"es"}]}},"jetpack_sharing_enabled":true,"_links":{"self":[{"href":"https:\/\/www.pshhc.org\/es\/wp-json\/wp\/v2\/pages\/140089","targetHints":{"allow":["GET"]}}],"collection":[{"href":"https:\/\/www.pshhc.org\/es\/wp-json\/wp\/v2\/pages"}],"about":[{"href":"https:\/\/www.pshhc.org\/es\/wp-json\/wp\/v2\/types\/page"}],"author":[{"embeddable":true,"href":"https:\/\/www.pshhc.org\/es\/wp-json\/wp\/v2\/users\/1113"}],"replies":[{"embeddable":true,"href":"https:\/\/www.pshhc.org\/es\/wp-json\/wp\/v2\/comments?post=140089"}],"version-history":[{"count":2,"href":"https:\/\/www.pshhc.org\/es\/wp-json\/wp\/v2\/pages\/140089\/revisions"}],"predecessor-version":[{"id":140092,"href":"https:\/\/www.pshhc.org\/es\/wp-json\/wp\/v2\/pages\/140089\/revisions\/140092"}],"wp:featuredmedia":[{"embeddable":true,"href":"https:\/\/www.pshhc.org\/es\/wp-json\/wp\/v2\/media\/1598"}],"wp:attachment":[{"href":"https:\/\/www.pshhc.org\/es\/wp-json\/wp\/v2\/media?parent=140089"}],"curies":[{"name":"gracias","href":"https:\/\/api.w.org\/{rel}","templated":true}]}}