{"id":140084,"date":"2026-02-05T19:09:39","date_gmt":"2026-02-05T19:09:39","guid":{"rendered":"https:\/\/www.pshhc.org\/?page_id=140084"},"modified":"2026-02-18T20:29:47","modified_gmt":"2026-02-18T20:29:47","slug":"skylight-homes","status":"publish","type":"page","link":"https:\/\/www.pshhc.org\/es\/skylight-homes\/","title":{"rendered":"Casas con tragaluz"},"content":{"rendered":"<div class=\"wpb-content-wrapper\"><div data-vc-full-width=\"true\" data-vc-full-width-temp=\"true\" data-vc-full-width-init=\"false\" data-vc-stretch-content=\"true\" class=\"vc_row wpb_row vc_row-fluid inner-banner vc_row-no-padding\"><div class=\"wpb_column vc_column_container vc_col-sm-12\"><div class=\"vc_column-inner\"><div class=\"wpb_wrapper\">\n\t<div  class=\"wpb_single_image wpb_content_element vc_align_center wpb_content_element  bg-image\">\n\t\t\n\t\t<figure class=\"wpb_wrapper vc_figure\">\n\t\t\t<div class=\"vc_single_image-wrapper   vc_box_border_grey\"><img loading=\"lazy\" decoding=\"async\" width=\"1920\" height=\"1080\" src=\"https:\/\/www.pshhc.org\/wp-content\/uploads\/2026\/02\/Skylight-Homes-Hero-2.png\" class=\"vc_single_image-img attachment-full\" alt=\"\" title=\"H\u00e9roe de Skylight Homes (2)\" srcset=\"https:\/\/www.pshhc.org\/wp-content\/uploads\/2026\/02\/Skylight-Homes-Hero-2.png 1920w, https:\/\/www.pshhc.org\/wp-content\/uploads\/2026\/02\/Skylight-Homes-Hero-2-300x169.png 300w, https:\/\/www.pshhc.org\/wp-content\/uploads\/2026\/02\/Skylight-Homes-Hero-2-1024x576.png 1024w, https:\/\/www.pshhc.org\/wp-content\/uploads\/2026\/02\/Skylight-Homes-Hero-2-768x432.png 768w, https:\/\/www.pshhc.org\/wp-content\/uploads\/2026\/02\/Skylight-Homes-Hero-2-1536x864.png 1536w, https:\/\/www.pshhc.org\/wp-content\/uploads\/2026\/02\/Skylight-Homes-Hero-2-18x10.png 18w\" sizes=\"auto, (max-width: 1920px) 100vw, 1920px\" \/><\/div>\n\t\t<\/figure>\n\t<\/div>\n<\/div><\/div><\/div><\/div><div class=\"vc_row-full-width vc_clearfix\"><\/div><div data-vc-full-width=\"true\" data-vc-full-width-temp=\"true\" data-vc-full-width-init=\"false\" data-vc-stretch-content=\"true\" class=\"vc_row wpb_row vc_row-fluid inner-housing-section vc_row-no-padding\"><div class=\"wpb_column vc_column_container vc_col-sm-12\"><div class=\"vc_column-inner\"><div class=\"wpb_wrapper\">\n\t<div class=\"wpb_text_column wpb_content_element container\" >\n\t\t<div class=\"wpb_wrapper\">\n\t\t\t<h2>Casas con tragaluz<\/h2>\n\n\t\t<\/div>\n\t<\/div>\n<\/div><\/div><\/div><\/div><div class=\"vc_row-full-width vc_clearfix\"><\/div><div data-vc-full-width=\"true\" data-vc-full-width-temp=\"true\" data-vc-full-width-init=\"false\" data-vc-stretch-content=\"true\" class=\"vc_row wpb_row vc_row-fluid rental-housing-section vc_row-no-padding\"><div class=\"wpb_column vc_column_container vc_col-sm-12\"><div class=\"vc_column-inner\"><div class=\"wpb_wrapper\"><div class=\"vc_empty_space\"   style=\"height: 32px\"><span class=\"vc_empty_space_inner\"><\/span><\/div>\n\t<div class=\"wpb_text_column wpb_content_element container\" >\n\t\t<div class=\"wpb_wrapper\">\n\t\t\t<p><span class=\"NormalTextRun SCXW150555625 BCX0\">Este 49-<\/span><span class=\"NormalTextRun SCXW150555625 BCX0\">unidad<\/span><span class=\"NormalTextRun SCXW150555625 BCX0\"> Se est\u00e1 desarrollando una subdivisi\u00f3n de viviendas unifamiliares en la ciudad de Santa Mar\u00eda, condado de Santa B\u00e1rbara. Consulte la hoja informativa a continuaci\u00f3n para obtener m\u00e1s informaci\u00f3n. <\/span><\/p>\n<p><span class=\"NormalTextRun SCXW150555625 BCX0\">\u00a1Pronto habr\u00e1 m\u00e1s detalles!<\/span><\/p>\n\n\t\t<\/div>\n\t<\/div>\n<\/div><\/div><\/div><\/div><div class=\"vc_row-full-width vc_clearfix\"><\/div><div class=\"vc_row wpb_row vc_row-fluid\"><div class=\"wpb_column vc_column_container vc_col-sm-12\"><div class=\"vc_column-inner\"><div class=\"wpb_wrapper\">\n\t<div  class=\"wpb_single_image wpb_content_element vc_align_center wpb_content_element\">\n\t\t\n\t\t<figure class=\"wpb_wrapper vc_figure\">\n\t\t\t<a class=\"\" data-lightbox=\"lightbox[rel-140084-3804361160]\" href=\"https:\/\/www.pshhc.org\/wp-content\/uploads\/2026\/02\/Skylight-Homes-Flyer-1024x1325.jpg\" target=\"_self\"><img loading=\"lazy\" decoding=\"async\" width=\"680\" height=\"880\" src=\"https:\/\/www.pshhc.org\/wp-content\/uploads\/2026\/02\/Skylight-Homes-Flyer-1024x1325.jpg\" class=\"vc_single_image-img attachment-large\" alt=\"\" title=\"Folleto de Skylight Homes\" srcset=\"https:\/\/www.pshhc.org\/wp-content\/uploads\/2026\/02\/Skylight-Homes-Flyer-1024x1325.jpg 1024w, https:\/\/www.pshhc.org\/wp-content\/uploads\/2026\/02\/Skylight-Homes-Flyer-232x300.jpg 232w, https:\/\/www.pshhc.org\/wp-content\/uploads\/2026\/02\/Skylight-Homes-Flyer-768x994.jpg 768w, https:\/\/www.pshhc.org\/wp-content\/uploads\/2026\/02\/Skylight-Homes-Flyer-9x12.jpg 9w, https:\/\/www.pshhc.org\/wp-content\/uploads\/2026\/02\/Skylight-Homes-Flyer.jpg 1088w\" sizes=\"auto, (max-width: 680px) 100vw, 680px\" \/><\/a>\n\t\t<\/figure>\n\t<\/div>\n<\/div><\/div><\/div><\/div>\n<\/div>","protected":false},"excerpt":{"rendered":"Casas Skylight. Esta subdivisi\u00f3n de 49 viviendas unifamiliares se est\u00e1 desarrollando en la ciudad de Santa Mar\u00eda, condado de Santa B\u00e1rbara. Consulte la hoja informativa a continuaci\u00f3n para obtener m\u00e1s informaci\u00f3n. \u00a1Pronto habr\u00e1 m\u00e1s detalles!","protected":false},"author":1113,"featured_media":1598,"parent":0,"menu_order":0,"comment_status":"closed","ping_status":"closed","template":"page-wide.php","meta":{"_acf_changed":false,"footnotes":""},"class_list":["post-140084","page","type-page","status-publish","has-post-thumbnail","hentry"],"acf":[],"yoast_head":"<!-- This site is optimized with the Yoast SEO plugin v26.9 - https:\/\/yoast.com\/product\/yoast-seo-wordpress\/ -->\n<title>Skylight Homes - People&#039;s Self-Help Housing<\/title>\n<meta name=\"description\" content=\"Skylight Homes This 49-unit single-family subdivision is being developed in the City of Santa Maria, Santa Barbara County. Check out the fact sheet below for additional information.\" \/>\n<meta name=\"robots\" content=\"index, follow, max-snippet:-1, max-image-preview:large, max-video-preview:-1\" \/>\n<link rel=\"canonical\" href=\"https:\/\/www.pshhc.org\/es\/skylight-homes\/\" \/>\n<meta property=\"og:locale\" content=\"es_MX\" \/>\n<meta property=\"og:type\" content=\"article\" \/>\n<meta property=\"og:title\" content=\"Skylight Homes - People&#039;s Self-Help Housing\" \/>\n<meta property=\"og:url\" content=\"https:\/\/www.pshhc.org\/es\/skylight-homes\/\" \/>\n<meta property=\"og:site_name\" content=\"People&#039;s Self-Help Housing\" \/>\n<meta property=\"article:modified_time\" content=\"2026-02-18T20:29:47+00:00\" \/>\n<meta property=\"og:image\" content=\"https:\/\/www.pshhc.org\/wp-content\/uploads\/2019\/09\/IMG_2380-e1568051656911.jpg\" \/>\n\t<meta property=\"og:image:width\" content=\"2560\" \/>\n\t<meta property=\"og:image:height\" content=\"1228\" \/>\n\t<meta property=\"og:image:type\" content=\"image\/jpeg\" \/>\n<meta name=\"twitter:card\" content=\"summary_large_image\" \/>\n<meta name=\"twitter:label1\" content=\"Tiempo de lectura\" \/>\n\t<meta name=\"twitter:data1\" content=\"1 minuto\" \/>\n<script type=\"application\/ld+json\" class=\"yoast-schema-graph\">{\"@context\":\"https:\/\/schema.org\",\"@graph\":[{\"@type\":\"WebPage\",\"@id\":\"https:\/\/www.pshhc.org\/skylight-homes\/\",\"url\":\"https:\/\/www.pshhc.org\/skylight-homes\/\",\"name\":\"Skylight Homes - People&#039;s Self-Help Housing\",\"isPartOf\":{\"@id\":\"https:\/\/www.pshhc.org\/#website\"},\"primaryImageOfPage\":{\"@id\":\"https:\/\/www.pshhc.org\/skylight-homes\/#primaryimage\"},\"image\":{\"@id\":\"https:\/\/www.pshhc.org\/skylight-homes\/#primaryimage\"},\"thumbnailUrl\":\"https:\/\/www.pshhc.org\/wp-content\/uploads\/2019\/09\/IMG_2380-e1568051656911.jpg\",\"datePublished\":\"2026-02-05T19:09:39+00:00\",\"dateModified\":\"2026-02-18T20:29:47+00:00\",\"breadcrumb\":{\"@id\":\"https:\/\/www.pshhc.org\/skylight-homes\/#breadcrumb\"},\"inLanguage\":\"es\",\"potentialAction\":[{\"@type\":\"ReadAction\",\"target\":[\"https:\/\/www.pshhc.org\/skylight-homes\/\"]}]},{\"@type\":\"ImageObject\",\"inLanguage\":\"es\",\"@id\":\"https:\/\/www.pshhc.org\/skylight-homes\/#primaryimage\",\"url\":\"https:\/\/www.pshhc.org\/wp-content\/uploads\/2019\/09\/IMG_2380-e1568051656911.jpg\",\"contentUrl\":\"https:\/\/www.pshhc.org\/wp-content\/uploads\/2019\/09\/IMG_2380-e1568051656911.jpg\",\"width\":2560,\"height\":1228},{\"@type\":\"BreadcrumbList\",\"@id\":\"https:\/\/www.pshhc.org\/skylight-homes\/#breadcrumb\",\"itemListElement\":[{\"@type\":\"ListItem\",\"position\":1,\"name\":\"Home\",\"item\":\"https:\/\/www.pshhc.org\/\"},{\"@type\":\"ListItem\",\"position\":2,\"name\":\"Skylight Homes\"}]},{\"@type\":\"WebSite\",\"@id\":\"https:\/\/www.pshhc.org\/#website\",\"url\":\"https:\/\/www.pshhc.org\/\",\"name\":\"People&#039;s Self-Help Housing\",\"description\":\"People&#039;s Self-Help Housing\",\"potentialAction\":[{\"@type\":\"SearchAction\",\"target\":{\"@type\":\"EntryPoint\",\"urlTemplate\":\"https:\/\/www.pshhc.org\/?s={search_term_string}\"},\"query-input\":{\"@type\":\"PropertyValueSpecification\",\"valueRequired\":true,\"valueName\":\"search_term_string\"}}],\"inLanguage\":\"es\"}]}<\/script>\n<!-- \/ Yoast SEO plugin. -->","yoast_head_json":{"title":"Skylight Homes - People&#039;s Self-Help Housing","description":"Skylight Homes This 49-unit single-family subdivision is being developed in the City of Santa Maria, Santa Barbara County. Check out the fact sheet below for additional information.","robots":{"index":"index","follow":"follow","max-snippet":"max-snippet:-1","max-image-preview":"max-image-preview:large","max-video-preview":"max-video-preview:-1"},"canonical":"https:\/\/www.pshhc.org\/es\/skylight-homes\/","og_locale":"es_MX","og_type":"article","og_title":"Skylight Homes - People&#039;s Self-Help Housing","og_url":"https:\/\/www.pshhc.org\/es\/skylight-homes\/","og_site_name":"People&#039;s Self-Help Housing","article_modified_time":"2026-02-18T20:29:47+00:00","og_image":[{"width":2560,"height":1228,"url":"https:\/\/www.pshhc.org\/wp-content\/uploads\/2019\/09\/IMG_2380-e1568051656911.jpg","type":"image\/jpeg"}],"twitter_card":"summary_large_image","twitter_misc":{"Tiempo de lectura":"1 minuto"},"schema":{"@context":"https:\/\/schema.org","@graph":[{"@type":"WebPage","@id":"https:\/\/www.pshhc.org\/skylight-homes\/","url":"https:\/\/www.pshhc.org\/skylight-homes\/","name":"Skylight Homes - People&#039;s Self-Help Housing","isPartOf":{"@id":"https:\/\/www.pshhc.org\/#website"},"primaryImageOfPage":{"@id":"https:\/\/www.pshhc.org\/skylight-homes\/#primaryimage"},"image":{"@id":"https:\/\/www.pshhc.org\/skylight-homes\/#primaryimage"},"thumbnailUrl":"https:\/\/www.pshhc.org\/wp-content\/uploads\/2019\/09\/IMG_2380-e1568051656911.jpg","datePublished":"2026-02-05T19:09:39+00:00","dateModified":"2026-02-18T20:29:47+00:00","breadcrumb":{"@id":"https:\/\/www.pshhc.org\/skylight-homes\/#breadcrumb"},"inLanguage":"es","potentialAction":[{"@type":"ReadAction","target":["https:\/\/www.pshhc.org\/skylight-homes\/"]}]},{"@type":"ImageObject","inLanguage":"es","@id":"https:\/\/www.pshhc.org\/skylight-homes\/#primaryimage","url":"https:\/\/www.pshhc.org\/wp-content\/uploads\/2019\/09\/IMG_2380-e1568051656911.jpg","contentUrl":"https:\/\/www.pshhc.org\/wp-content\/uploads\/2019\/09\/IMG_2380-e1568051656911.jpg","width":2560,"height":1228},{"@type":"BreadcrumbList","@id":"https:\/\/www.pshhc.org\/skylight-homes\/#breadcrumb","itemListElement":[{"@type":"ListItem","position":1,"name":"Home","item":"https:\/\/www.pshhc.org\/"},{"@type":"ListItem","position":2,"name":"Skylight Homes"}]},{"@type":"WebSite","@id":"https:\/\/www.pshhc.org\/#website","url":"https:\/\/www.pshhc.org\/","name":"Vivienda de autoayuda de People &amp; #039; s","description":"Vivienda de autoayuda de People &amp; #039; s","potentialAction":[{"@type":"SearchAction","target":{"@type":"EntryPoint","urlTemplate":"https:\/\/www.pshhc.org\/?s={search_term_string}"},"query-input":{"@type":"PropertyValueSpecification","valueRequired":true,"valueName":"search_term_string"}}],"inLanguage":"es"}]}},"jetpack_sharing_enabled":true,"_links":{"self":[{"href":"https:\/\/www.pshhc.org\/es\/wp-json\/wp\/v2\/pages\/140084","targetHints":{"allow":["GET"]}}],"collection":[{"href":"https:\/\/www.pshhc.org\/es\/wp-json\/wp\/v2\/pages"}],"about":[{"href":"https:\/\/www.pshhc.org\/es\/wp-json\/wp\/v2\/types\/page"}],"author":[{"embeddable":true,"href":"https:\/\/www.pshhc.org\/es\/wp-json\/wp\/v2\/users\/1113"}],"replies":[{"embeddable":true,"href":"https:\/\/www.pshhc.org\/es\/wp-json\/wp\/v2\/comments?post=140084"}],"version-history":[{"count":10,"href":"https:\/\/www.pshhc.org\/es\/wp-json\/wp\/v2\/pages\/140084\/revisions"}],"predecessor-version":[{"id":140395,"href":"https:\/\/www.pshhc.org\/es\/wp-json\/wp\/v2\/pages\/140084\/revisions\/140395"}],"wp:featuredmedia":[{"embeddable":true,"href":"https:\/\/www.pshhc.org\/es\/wp-json\/wp\/v2\/media\/1598"}],"wp:attachment":[{"href":"https:\/\/www.pshhc.org\/es\/wp-json\/wp\/v2\/media?parent=140084"}],"curies":[{"name":"gracias","href":"https:\/\/api.w.org\/{rel}","templated":true}]}}