{"id":139936,"date":"2026-02-04T23:53:39","date_gmt":"2026-02-04T23:53:39","guid":{"rendered":"https:\/\/www.pshhc.org\/?page_id=139936"},"modified":"2026-04-15T19:56:59","modified_gmt":"2026-04-15T19:56:59","slug":"buy-your-own-home","status":"publish","type":"page","link":"https:\/\/www.pshhc.org\/es\/buy-your-own-home\/","title":{"rendered":"Compra tu propia casa"},"content":{"rendered":"<div class=\"wpb-content-wrapper\"><div data-vc-full-width=\"true\" data-vc-full-width-temp=\"true\" data-vc-full-width-init=\"false\" data-vc-stretch-content=\"true\" class=\"vc_row wpb_row vc_row-fluid inner-banner vc_row-no-padding\"><div class=\"wpb_column vc_column_container vc_col-sm-12\"><div class=\"vc_column-inner\"><div class=\"wpb_wrapper\">\n\t<div  class=\"wpb_single_image wpb_content_element vc_align_center wpb_content_element  bg-image\">\n\t\t\n\t\t<figure class=\"wpb_wrapper vc_figure\">\n\t\t\t<div class=\"vc_single_image-wrapper   vc_box_border_grey\"><img loading=\"lazy\" decoding=\"async\" width=\"1920\" height=\"1080\" src=\"https:\/\/www.pshhc.org\/wp-content\/uploads\/2026\/02\/Buy-Your-Own-Home-Hero.png\" class=\"vc_single_image-img attachment-full\" alt=\"\" title=\"H\u00e9roe de la compra de su propia casa\" srcset=\"https:\/\/www.pshhc.org\/wp-content\/uploads\/2026\/02\/Buy-Your-Own-Home-Hero.png 1920w, https:\/\/www.pshhc.org\/wp-content\/uploads\/2026\/02\/Buy-Your-Own-Home-Hero-300x169.png 300w, https:\/\/www.pshhc.org\/wp-content\/uploads\/2026\/02\/Buy-Your-Own-Home-Hero-1024x576.png 1024w, https:\/\/www.pshhc.org\/wp-content\/uploads\/2026\/02\/Buy-Your-Own-Home-Hero-768x432.png 768w, https:\/\/www.pshhc.org\/wp-content\/uploads\/2026\/02\/Buy-Your-Own-Home-Hero-1536x864.png 1536w, https:\/\/www.pshhc.org\/wp-content\/uploads\/2026\/02\/Buy-Your-Own-Home-Hero-18x10.png 18w\" sizes=\"auto, (max-width: 1920px) 100vw, 1920px\" \/><\/div>\n\t\t<\/figure>\n\t<\/div>\n<\/div><\/div><\/div><\/div><div class=\"vc_row-full-width vc_clearfix\"><\/div><div data-vc-full-width=\"true\" data-vc-full-width-temp=\"true\" data-vc-full-width-init=\"false\" data-vc-stretch-content=\"true\" class=\"vc_row wpb_row vc_row-fluid inner-housing-section vc_row-no-padding\"><div class=\"wpb_column vc_column_container vc_col-sm-12\"><div class=\"vc_column-inner\"><div class=\"wpb_wrapper\">\n\t<div class=\"wpb_text_column wpb_content_element container\" >\n\t\t<div class=\"wpb_wrapper\">\n\t\t\t<h2>Compra tu propia casa<\/h2>\n\n\t\t<\/div>\n\t<\/div>\n<\/div><\/div><\/div><\/div><div class=\"vc_row-full-width vc_clearfix\"><\/div><div data-vc-full-width=\"true\" data-vc-full-width-temp=\"true\" data-vc-full-width-init=\"false\" data-vc-stretch-content=\"true\" class=\"vc_row wpb_row vc_row-fluid rental-housing-section vc_row-no-padding\"><div class=\"wpb_column vc_column_container vc_col-sm-12\"><div class=\"vc_column-inner\"><div class=\"wpb_wrapper\">\n\t<div class=\"wpb_text_column wpb_content_element container\" >\n\t\t<div class=\"wpb_wrapper\">\n\t\t\t<p style=\"text-align: left;\"><span class=\"TextRun SCXW139247812 BCX0\" lang=\"EN-US\" xml:lang=\"EN-US\" data-contrast=\"auto\"><span class=\"NormalTextRun SCXW139247812 BCX0\">People&#039;s Self-Help Housing se complace en ampliar sus oportunidades de propiedad de vivienda a trav\u00e9s del desarrollo de<\/span><span class=\"NormalTextRun SCXW139247812 BCX0\"> casas listas para mudarse. Bajo este modelo de venta, People&#039;s<\/span><span class=\"NormalTextRun SCXW139247812 BCX0\">\u00a0<\/span><span class=\"NormalTextRun SCXW139247812 BCX0\">seguro<\/span><span class=\"NormalTextRun SCXW139247812 BCX0\">s segundo<\/span><span class=\"NormalTextRun SCXW139247812 BCX0\">financiaci\u00f3n dary t<\/span><span class=\"NormalTextRun SCXW139247812 BCX0\">oh\u00a0<\/span><span class=\"NormalTextRun SCXW139247812 BCX0\">subt\u00edtulos<\/span><span class=\"NormalTextRun SCXW139247812 BCX0\">identificar\u00a0<\/span><span class=\"NormalTextRun SCXW139247812 BCX0\">la cantidad<\/span><span class=\"NormalTextRun SCXW139247812 BCX0\">t de\u00a0<\/span><span class=\"NormalTextRun SCXW139247812 BCX0\">convencional\u00a0<\/span><span class=\"NormalTextRun SCXW139247812 BCX0\">hipoteca<\/span><span class=\"NormalTextRun SCXW139247812 BCX0\">ge financi<\/span><span class=\"NormalTextRun SCXW139247812 BCX0\">ng\u00a0<\/span><span class=\"NormalTextRun SCXW139247812 BCX0\">requerido<\/span><span class=\"NormalTextRun SCXW139247812 BCX0\">\u00a0<\/span><span class=\"NormalTextRun SCXW139247812 BCX0\">para comprar su propia casa, ayudando a hacer el sue\u00f1o americano m\u00e1s alcanzable.<\/span><\/span><\/p>\n\n\t\t<\/div>\n\t<\/div>\n<div class=\"ubtn-ctn-inline\"><a class=\"ubtn-link ult-adjust-bottom-margin ubtn-inline ubtn-normal\" href=\"https:\/\/www.pshhc.org\/es\/interest-list-buy\/\" title=\"\u00danase a la lista de interesados\" ><button type=\"button\" id=\"ubtn-5533\"  class=\"ubtn ult-adjust-bottom-margin ult-responsive ubtn-normal ubtn-no-hover-bg  none  ubtn-inline   tooltip-69e881793cbf3\"  data-hover=\"\" data-border-color=\"\" data-bg=\"#9B0002\" data-hover-bg=\"\" data-border-hover=\"\" data-shadow-hover=\"\" data-shadow-click=\"none\" data-shadow=\"\" data-shd-shadow=\"\"  data-ultimate-target='#ubtn-5533'  data-responsive-json-new='{\"font-size\":\"\",\"line-height\":\"\"}'  style=\"font-weight:normal;border:none;background: #9B0002;color: #FFFFFF;\"><span class=\"ubtn-hover\" style=\"background-color:\"><\/span><span class=\"ubtn-data ubtn-text\" >\u00danete a la lista de interesados<\/span><\/button><\/a><\/div><div class=\"ubtn-ctn-inline\"><a class=\"ubtn-link ult-adjust-bottom-margin ubtn-inline ubtn-normal\" href=\"mailto:homeownership@pshhc.org\" title=\"Apoyo para la propiedad de vivienda\" ><button type=\"button\" id=\"ubtn-6197\"  class=\"ubtn ult-adjust-bottom-margin ult-responsive ubtn-normal ubtn-no-hover-bg  none  ubtn-inline   tooltip-69e881793cc3d\"  data-hover=\"\" data-border-color=\"\" data-bg=\"#9B0002\" data-hover-bg=\"\" data-border-hover=\"\" data-shadow-hover=\"\" data-shadow-click=\"none\" data-shadow=\"\" data-shd-shadow=\"\"  data-ultimate-target='#ubtn-6197'  data-responsive-json-new='{\"font-size\":\"\",\"line-height\":\"\"}'  style=\"font-weight:normal;border:none;background: #9B0002;color: #FFFFFF;\"><span class=\"ubtn-hover\" style=\"background-color:\"><\/span><span class=\"ubtn-data ubtn-text\" >\u00bfPreguntas? \u00a1Env\u00edanos un correo electr\u00f3nico!<\/span><\/button><\/a><\/div><div class=\"vc_empty_space\"   style=\"height: 32px\"><span class=\"vc_empty_space_inner\"><\/span><\/div><\/div><\/div><\/div><\/div><div class=\"vc_row-full-width vc_clearfix\"><\/div><div data-vc-full-width=\"true\" data-vc-full-width-temp=\"true\" data-vc-full-width-init=\"false\" data-vc-stretch-content=\"true\" class=\"vc_row wpb_row vc_row-fluid find-callhome-section vc_row-no-padding\"><div class=\"wpb_column vc_column_container vc_col-sm-12\"><div class=\"vc_column-inner\"><div class=\"wpb_wrapper\">\n\t<div class=\"wpb_text_column wpb_content_element\" >\n\t\t<div class=\"wpb_wrapper\">\n\t\t\t<h2 class=\"section-heading\">Pr\u00f3ximas oportunidades:<\/h2>\n\n\t\t<\/div>\n\t<\/div>\n<div class=\"vc_row wpb_row vc_inner vc_row-fluid container two-columned vc_column-gap-30\"><div class=\"call-home-item wpb_column vc_column_container vc_col-sm-6\"><div class=\"vc_column-inner\"><div class=\"wpb_wrapper\">\n\t<div class=\"wpb_text_column wpb_content_element\" >\n\t\t<div class=\"wpb_wrapper\">\n\t\t\t<p><a class=\"call-home-name\" href=\"https:\/\/www.pshhc.org\/es\/skylight-homes\/\">Skylight Homes, Santa Mar\u00eda<\/a><\/p>\n\n\t\t<\/div>\n\t<\/div>\n\n\t<div  class=\"wpb_single_image wpb_content_element vc_align_center wpb_content_element  img-wrap\">\n\t\t\n\t\t<figure class=\"wpb_wrapper vc_figure\">\n\t\t\t<a href=\"https:\/\/www.pshhc.org\/es\/skylight-homes\/\" target=\"_self\" class=\"vc_single_image-wrapper   vc_box_border_grey\"><img decoding=\"async\" class=\"vc_single_image-img\" src=\"https:\/\/www.pshhc.org\/wp-content\/uploads\/2026\/02\/Skylight-Homes-700x700.png\" width=\"700\" height=\"700\" alt=\"Skylight Homes\" title=\"Casas con tragaluz\" loading=\"lazy\" \/><\/a>\n\t\t<\/figure>\n\t<\/div>\n<\/div><\/div><\/div><div class=\"call-home-item wpb_column vc_column_container vc_col-sm-6\"><div class=\"vc_column-inner\"><div class=\"wpb_wrapper\">\n\t<div class=\"wpb_text_column wpb_content_element\" >\n\t\t<div class=\"wpb_wrapper\">\n\t\t\t<p><a class=\"call-home-name\" href=\"https:\/\/www.pshhc.org\/es\/hillcrest-homes\/\">Casas Hillcrest, Thousand Oaks<\/a><\/p>\n\n\t\t<\/div>\n\t<\/div>\n\n\t<div  class=\"wpb_single_image wpb_content_element vc_align_center wpb_content_element  img-wrap\">\n\t\t\n\t\t<figure class=\"wpb_wrapper vc_figure\">\n\t\t\t<a href=\"https:\/\/www.pshhc.org\/es\/hillcrest-homes\/\" target=\"_self\" class=\"vc_single_image-wrapper   vc_box_border_grey\"><img decoding=\"async\" class=\"vc_single_image-img\" src=\"https:\/\/www.pshhc.org\/wp-content\/uploads\/2026\/02\/image-scaled-e1776282883198-700x700.png\" width=\"700\" height=\"700\" alt=\"Hillcrest\" title=\"Cresta de la colina\" loading=\"lazy\" \/><\/a>\n\t\t<\/figure>\n\t<\/div>\n<\/div><\/div><\/div><\/div><\/div><\/div><\/div><\/div><div class=\"vc_row-full-width vc_clearfix\"><\/div><div data-vc-full-width=\"true\" data-vc-full-width-temp=\"true\" data-vc-full-width-init=\"false\" data-vc-stretch-content=\"true\" class=\"vc_row wpb_row vc_row-fluid rental-housing-section vc_row-no-padding\"><div class=\"wpb_column vc_column_container vc_col-sm-12\"><div class=\"vc_column-inner\"><div class=\"wpb_wrapper\"><div class=\"vc_empty_space\"   style=\"height: 12px\"><span class=\"vc_empty_space_inner\"><\/span><\/div>\n\t<div class=\"wpb_text_column wpb_content_element container\" >\n\t\t<div class=\"wpb_wrapper\">\n\t\t\t<p><img loading=\"lazy\" decoding=\"async\" class=\"wp-image-135283 aligncenter\" src=\"https:\/\/www.pshhc.org\/wp-content\/uploads\/2024\/07\/EOD-300x150.png\" alt=\"\" width=\"226\" height=\"113\" srcset=\"https:\/\/www.pshhc.org\/wp-content\/uploads\/2024\/07\/EOD-300x150.png 300w, https:\/\/www.pshhc.org\/wp-content\/uploads\/2024\/07\/EOD-18x9.png 18w, https:\/\/www.pshhc.org\/wp-content\/uploads\/2024\/07\/EOD.png 400w\" sizes=\"auto, (max-width: 226px) 100vw, 226px\" \/><\/p>\n<p>De acuerdo con las leyes federales y la pol\u00edtica del Departamento del Tesoro de los EE. UU., People&#039;s Self-Help Housing tiene prohibido discriminar por motivos de raza, color, origen nacional, sexo, edad,<br \/>\no discapacidad. Para presentar una denuncia por discriminaci\u00f3n:<\/p>\n<p>\u2022 Escriba a: Departamento del Tesoro de EE. UU., Director, Oficina de Derechos Civiles e Igualdad de Oportunidades en el Empleo 1500 Pennsylvania Avenue, NW, Washington, DC 20220<br \/>\n\u2022 Correo electr\u00f3nico: <a href=\"mailto:crcomplaints@treasury.gov\">crcomplaints@treasury.gov<\/a><\/p>\n\n\t\t<\/div>\n\t<\/div>\n<\/div><\/div><\/div><\/div><div class=\"vc_row-full-width vc_clearfix\"><\/div>\n<\/div>","protected":false},"excerpt":{"rendered":"Compra tu propia casa. People&#039;s Self-Help Housing se complace en ampliar sus oportunidades de acceso a la vivienda propia mediante el desarrollo de casas listas para habitar. Bajo este modelo de venta, People&#039;s obtiene financiamiento secundario para subsidiar el monto del financiamiento hipotecario convencional necesario para comprar tu propia casa, ayudando a que el sue\u00f1o americano sea m\u00e1s alcanzable. \u00danete a la lista de interesados. \u00bfPreguntas? \u00a1Env\u00edanos un correo electr\u00f3nico! Pr\u00f3ximas oportunidades: Casas con tragaluz,...  <a class=\"excerpt-read-more\" href=\"https:\/\/www.pshhc.org\/es\/buy-your-own-home\/\" title=\"Lea Compre su propia casa\">Leer m\u00e1s &quot;<\/a>","protected":false},"author":1113,"featured_media":1577,"parent":0,"menu_order":0,"comment_status":"closed","ping_status":"closed","template":"page-wide.php","meta":{"_acf_changed":false,"footnotes":""},"class_list":["post-139936","page","type-page","status-publish","has-post-thumbnail","hentry"],"acf":[],"yoast_head":"<!-- This site is optimized with the Yoast SEO plugin v26.9 - https:\/\/yoast.com\/product\/yoast-seo-wordpress\/ -->\n<title>Buy Your Own Home - People&#039;s Self-Help Housing<\/title>\n<meta name=\"description\" content=\"Buy Your Own Home People&#8217;s Self-Help Housing is excited to expand its homeownership opportunities through the development of homes ready for move in. Under this for-sale model, People&#8217;s\u00a0secures secondary financing\" \/>\n<meta name=\"robots\" content=\"index, follow, max-snippet:-1, max-image-preview:large, max-video-preview:-1\" \/>\n<link rel=\"canonical\" href=\"https:\/\/www.pshhc.org\/es\/buy-your-own-home\/\" \/>\n<meta property=\"og:locale\" content=\"es_MX\" \/>\n<meta property=\"og:type\" content=\"article\" \/>\n<meta property=\"og:title\" content=\"Buy Your Own Home - People&#039;s Self-Help Housing\" \/>\n<meta property=\"og:url\" content=\"https:\/\/www.pshhc.org\/es\/buy-your-own-home\/\" \/>\n<meta property=\"og:site_name\" content=\"People&#039;s Self-Help Housing\" \/>\n<meta property=\"article:modified_time\" content=\"2026-04-15T19:56:59+00:00\" \/>\n<meta property=\"og:image\" content=\"https:\/\/www.pshhc.org\/wp-content\/uploads\/2019\/09\/MG_8617-e1567727654187.jpg\" \/>\n\t<meta property=\"og:image:width\" content=\"2560\" \/>\n\t<meta property=\"og:image:height\" content=\"1107\" \/>\n\t<meta property=\"og:image:type\" content=\"image\/jpeg\" \/>\n<meta name=\"twitter:card\" content=\"summary_large_image\" \/>\n<meta name=\"twitter:label1\" content=\"Tiempo de lectura\" \/>\n\t<meta name=\"twitter:data1\" content=\"2 minutos\" \/>\n<script type=\"application\/ld+json\" class=\"yoast-schema-graph\">{\"@context\":\"https:\/\/schema.org\",\"@graph\":[{\"@type\":\"WebPage\",\"@id\":\"https:\/\/www.pshhc.org\/buy-your-own-home\/\",\"url\":\"https:\/\/www.pshhc.org\/buy-your-own-home\/\",\"name\":\"Buy Your Own Home - People&#039;s Self-Help Housing\",\"isPartOf\":{\"@id\":\"https:\/\/www.pshhc.org\/#website\"},\"primaryImageOfPage\":{\"@id\":\"https:\/\/www.pshhc.org\/buy-your-own-home\/#primaryimage\"},\"image\":{\"@id\":\"https:\/\/www.pshhc.org\/buy-your-own-home\/#primaryimage\"},\"thumbnailUrl\":\"https:\/\/www.pshhc.org\/wp-content\/uploads\/2019\/09\/MG_8617-e1567727654187.jpg\",\"datePublished\":\"2026-02-04T23:53:39+00:00\",\"dateModified\":\"2026-04-15T19:56:59+00:00\",\"breadcrumb\":{\"@id\":\"https:\/\/www.pshhc.org\/buy-your-own-home\/#breadcrumb\"},\"inLanguage\":\"es\",\"potentialAction\":[{\"@type\":\"ReadAction\",\"target\":[\"https:\/\/www.pshhc.org\/buy-your-own-home\/\"]}]},{\"@type\":\"ImageObject\",\"inLanguage\":\"es\",\"@id\":\"https:\/\/www.pshhc.org\/buy-your-own-home\/#primaryimage\",\"url\":\"https:\/\/www.pshhc.org\/wp-content\/uploads\/2019\/09\/MG_8617-e1567727654187.jpg\",\"contentUrl\":\"https:\/\/www.pshhc.org\/wp-content\/uploads\/2019\/09\/MG_8617-e1567727654187.jpg\",\"width\":2560,\"height\":1107},{\"@type\":\"BreadcrumbList\",\"@id\":\"https:\/\/www.pshhc.org\/buy-your-own-home\/#breadcrumb\",\"itemListElement\":[{\"@type\":\"ListItem\",\"position\":1,\"name\":\"Home\",\"item\":\"https:\/\/www.pshhc.org\/\"},{\"@type\":\"ListItem\",\"position\":2,\"name\":\"Buy Your Own Home\"}]},{\"@type\":\"WebSite\",\"@id\":\"https:\/\/www.pshhc.org\/#website\",\"url\":\"https:\/\/www.pshhc.org\/\",\"name\":\"People&#039;s Self-Help Housing\",\"description\":\"People&#039;s Self-Help Housing\",\"potentialAction\":[{\"@type\":\"SearchAction\",\"target\":{\"@type\":\"EntryPoint\",\"urlTemplate\":\"https:\/\/www.pshhc.org\/?s={search_term_string}\"},\"query-input\":{\"@type\":\"PropertyValueSpecification\",\"valueRequired\":true,\"valueName\":\"search_term_string\"}}],\"inLanguage\":\"es\"}]}<\/script>\n<!-- \/ Yoast SEO plugin. -->","yoast_head_json":{"title":"Compre su propia casa - Vivienda de autoayuda para personas","description":"Compre su propia casa People&#039;s Self-Help Housing se complace en ampliar sus oportunidades de propiedad de vivienda a trav\u00e9s del desarrollo de casas listas para mudarse. Bajo este modelo de venta, People&#039;s asegura financiamiento secundario","robots":{"index":"index","follow":"follow","max-snippet":"max-snippet:-1","max-image-preview":"max-image-preview:large","max-video-preview":"max-video-preview:-1"},"canonical":"https:\/\/www.pshhc.org\/es\/buy-your-own-home\/","og_locale":"es_MX","og_type":"article","og_title":"Buy Your Own Home - People&#039;s Self-Help Housing","og_url":"https:\/\/www.pshhc.org\/es\/buy-your-own-home\/","og_site_name":"People&#039;s Self-Help Housing","article_modified_time":"2026-04-15T19:56:59+00:00","og_image":[{"width":2560,"height":1107,"url":"https:\/\/www.pshhc.org\/wp-content\/uploads\/2019\/09\/MG_8617-e1567727654187.jpg","type":"image\/jpeg"}],"twitter_card":"summary_large_image","twitter_misc":{"Tiempo de lectura":"2 minutos"},"schema":{"@context":"https:\/\/schema.org","@graph":[{"@type":"WebPage","@id":"https:\/\/www.pshhc.org\/buy-your-own-home\/","url":"https:\/\/www.pshhc.org\/buy-your-own-home\/","name":"Compre su propia casa - Vivienda de autoayuda para personas","isPartOf":{"@id":"https:\/\/www.pshhc.org\/#website"},"primaryImageOfPage":{"@id":"https:\/\/www.pshhc.org\/buy-your-own-home\/#primaryimage"},"image":{"@id":"https:\/\/www.pshhc.org\/buy-your-own-home\/#primaryimage"},"thumbnailUrl":"https:\/\/www.pshhc.org\/wp-content\/uploads\/2019\/09\/MG_8617-e1567727654187.jpg","datePublished":"2026-02-04T23:53:39+00:00","dateModified":"2026-04-15T19:56:59+00:00","breadcrumb":{"@id":"https:\/\/www.pshhc.org\/buy-your-own-home\/#breadcrumb"},"inLanguage":"es","potentialAction":[{"@type":"ReadAction","target":["https:\/\/www.pshhc.org\/buy-your-own-home\/"]}]},{"@type":"ImageObject","inLanguage":"es","@id":"https:\/\/www.pshhc.org\/buy-your-own-home\/#primaryimage","url":"https:\/\/www.pshhc.org\/wp-content\/uploads\/2019\/09\/MG_8617-e1567727654187.jpg","contentUrl":"https:\/\/www.pshhc.org\/wp-content\/uploads\/2019\/09\/MG_8617-e1567727654187.jpg","width":2560,"height":1107},{"@type":"BreadcrumbList","@id":"https:\/\/www.pshhc.org\/buy-your-own-home\/#breadcrumb","itemListElement":[{"@type":"ListItem","position":1,"name":"Home","item":"https:\/\/www.pshhc.org\/"},{"@type":"ListItem","position":2,"name":"Buy Your Own Home"}]},{"@type":"WebSite","@id":"https:\/\/www.pshhc.org\/#website","url":"https:\/\/www.pshhc.org\/","name":"Vivienda de autoayuda de People &amp; #039; s","description":"Vivienda de autoayuda de People &amp; #039; s","potentialAction":[{"@type":"SearchAction","target":{"@type":"EntryPoint","urlTemplate":"https:\/\/www.pshhc.org\/?s={search_term_string}"},"query-input":{"@type":"PropertyValueSpecification","valueRequired":true,"valueName":"search_term_string"}}],"inLanguage":"es"}]}},"jetpack_sharing_enabled":true,"_links":{"self":[{"href":"https:\/\/www.pshhc.org\/es\/wp-json\/wp\/v2\/pages\/139936","targetHints":{"allow":["GET"]}}],"collection":[{"href":"https:\/\/www.pshhc.org\/es\/wp-json\/wp\/v2\/pages"}],"about":[{"href":"https:\/\/www.pshhc.org\/es\/wp-json\/wp\/v2\/types\/page"}],"author":[{"embeddable":true,"href":"https:\/\/www.pshhc.org\/es\/wp-json\/wp\/v2\/users\/1113"}],"replies":[{"embeddable":true,"href":"https:\/\/www.pshhc.org\/es\/wp-json\/wp\/v2\/comments?post=139936"}],"version-history":[{"count":30,"href":"https:\/\/www.pshhc.org\/es\/wp-json\/wp\/v2\/pages\/139936\/revisions"}],"predecessor-version":[{"id":140663,"href":"https:\/\/www.pshhc.org\/es\/wp-json\/wp\/v2\/pages\/139936\/revisions\/140663"}],"wp:featuredmedia":[{"embeddable":true,"href":"https:\/\/www.pshhc.org\/es\/wp-json\/wp\/v2\/media\/1577"}],"wp:attachment":[{"href":"https:\/\/www.pshhc.org\/es\/wp-json\/wp\/v2\/media?parent=139936"}],"curies":[{"name":"gracias","href":"https:\/\/api.w.org\/{rel}","templated":true}]}}