{"id":139537,"date":"2025-11-17T23:57:37","date_gmt":"2025-11-17T23:57:37","guid":{"rendered":"https:\/\/www.pshhc.org\/?page_id=139537"},"modified":"2026-03-16T22:11:46","modified_gmt":"2026-03-16T22:11:46","slug":"sponsor","status":"publish","type":"page","link":"https:\/\/www.pshhc.org\/es\/sponsor\/","title":{"rendered":"Convi\u00e9rtete en patrocinador"},"content":{"rendered":"<div class=\"wpb-content-wrapper\"><div data-vc-full-width=\"true\" data-vc-full-width-temp=\"true\" data-vc-full-width-init=\"false\" data-vc-stretch-content=\"true\" class=\"vc_row wpb_row vc_row-fluid inner-banner vc_row-no-padding\"><div class=\"wpb_column vc_column_container vc_col-sm-12\"><div class=\"vc_column-inner\"><div class=\"wpb_wrapper\">\n\t<div  class=\"wpb_single_image wpb_content_element vc_align_center wpb_content_element  bg-image\">\n\t\t\n\t\t<figure class=\"wpb_wrapper vc_figure\">\n\t\t\t<div class=\"vc_single_image-wrapper   vc_box_border_grey\"><img loading=\"lazy\" decoding=\"async\" width=\"2560\" height=\"1921\" src=\"https:\/\/www.pshhc.org\/wp-content\/uploads\/2025\/11\/Little-House-Craft-Project-scaled.jpg\" class=\"vc_single_image-img attachment-full\" alt=\"\" title=\"Proyecto de manualidades de la casita\" srcset=\"https:\/\/www.pshhc.org\/wp-content\/uploads\/2025\/11\/Little-House-Craft-Project-scaled.jpg 2560w, https:\/\/www.pshhc.org\/wp-content\/uploads\/2025\/11\/Little-House-Craft-Project-300x225.jpg 300w, https:\/\/www.pshhc.org\/wp-content\/uploads\/2025\/11\/Little-House-Craft-Project-1024x768.jpg 1024w, https:\/\/www.pshhc.org\/wp-content\/uploads\/2025\/11\/Little-House-Craft-Project-768x576.jpg 768w, https:\/\/www.pshhc.org\/wp-content\/uploads\/2025\/11\/Little-House-Craft-Project-1536x1152.jpg 1536w, https:\/\/www.pshhc.org\/wp-content\/uploads\/2025\/11\/Little-House-Craft-Project-2048x1536.jpg 2048w, https:\/\/www.pshhc.org\/wp-content\/uploads\/2025\/11\/Little-House-Craft-Project-16x12.jpg 16w\" sizes=\"auto, (max-width: 2560px) 100vw, 2560px\" \/><\/div>\n\t\t<\/figure>\n\t<\/div>\n<\/div><\/div><\/div><\/div><div class=\"vc_row-full-width vc_clearfix\"><\/div><div data-vc-full-width=\"true\" data-vc-full-width-temp=\"true\" data-vc-full-width-init=\"false\" data-vc-stretch-content=\"true\" class=\"vc_row wpb_row vc_row-fluid inner-housing-section vc_row-no-padding\"><div class=\"wpb_column vc_column_container vc_col-sm-12\"><div class=\"vc_column-inner\"><div class=\"wpb_wrapper\">\n\t<div class=\"wpb_text_column wpb_content_element container\" >\n\t\t<div class=\"wpb_wrapper\">\n\t\t\t<h2 style=\"text-align: center;\">Oportunidades de patrocinio<\/h2>\n\n\t\t<\/div>\n\t<\/div>\n<\/div><\/div><\/div><\/div><div class=\"vc_row-full-width vc_clearfix\"><\/div><div data-vc-full-width=\"true\" data-vc-full-width-temp=\"true\" data-vc-full-width-init=\"false\" data-vc-stretch-content=\"true\" class=\"vc_row wpb_row vc_row-fluid rental-housing-section vc_row-no-padding\"><div class=\"wpb_column vc_column_container vc_col-sm-12\"><div class=\"vc_column-inner\"><div class=\"wpb_wrapper\">\n\t<div class=\"wpb_text_column wpb_content_element vc_custom_1773694898057 container\" >\n\t\t<div class=\"wpb_wrapper\">\n\t\t\t<p>Durante m\u00e1s de 55 a\u00f1os, hemos ayudado a ni\u00f1os, familias, personas mayores, veteranos, personas con discapacidades y personas en transici\u00f3n para salir de la situaci\u00f3n de calle a prosperar a trav\u00e9s de nuestros programas de apoyo en el lugar. Al convertirse en patrocinador de Vivienda de Autoayuda Popular, usted puede ayudarnos a brindar:<\/p>\n<ul>\n<li style=\"text-align: left;\">Herramientas educativas esenciales y alimentos nutritivos para los ni\u00f1os<\/li>\n<li style=\"text-align: left;\">Excursiones, hardware y software para apoyar el \u00e9xito acad\u00e9mico.<\/li>\n<li style=\"text-align: left;\">Eventos sociales que fomentan la conexi\u00f3n y la comunidad<\/li>\n<li style=\"text-align: left;\">Fondos de asistencia de emergencia y desarrollo profesional para residentes<\/li>\n<li style=\"text-align: left;\">Servicios integrales de vivienda de apoyo que fomentan la estabilidad y el crecimiento<\/li>\n<\/ul>\n\n\t\t<\/div>\n\t<\/div>\n<div class=\"vc_separator wpb_content_element vc_separator_align_center vc_sep_width_100 vc_sep_pos_align_center vc_separator_no_text vc_sep_color_grey wpb_content_element  wpb_content_element\" ><span class=\"vc_sep_holder vc_sep_holder_l\"><span class=\"vc_sep_line\"><\/span><\/span><span class=\"vc_sep_holder vc_sep_holder_r\"><span class=\"vc_sep_line\"><\/span><\/span>\n<\/div>\n\t<div class=\"wpb_text_column wpb_content_element vc_custom_1763423145886 container\" >\n\t\t<div class=\"wpb_wrapper\">\n\t\t\t<h2><strong>Tu impacto:<\/strong>\u200b<\/h2>\n\n\t\t<\/div>\n\t<\/div>\n<\/div><\/div><\/div><\/div><div class=\"vc_row-full-width vc_clearfix\"><\/div><div data-vc-full-width=\"true\" data-vc-full-width-temp=\"true\" data-vc-full-width-init=\"false\" data-vc-stretch-content=\"true\" class=\"vc_row wpb_row vc_row-fluid rental-housing-section vc_row-no-padding\"><div class=\"wpb_column vc_column_container vc_col-sm-4\"><div class=\"vc_column-inner\"><div class=\"wpb_wrapper\">\n\t<div  class=\"wpb_single_image wpb_content_element vc_align_center wpb_content_element\">\n\t\t\n\t\t<figure class=\"wpb_wrapper vc_figure\">\n\t\t\t<div class=\"vc_single_image-wrapper   vc_box_border_grey\"><img loading=\"lazy\" decoding=\"async\" width=\"400\" height=\"364\" src=\"https:\/\/www.pshhc.org\/wp-content\/uploads\/2025\/11\/YEEP-LADM2-5-Copy-scaled-e1763423751960.jpg\" class=\"vc_single_image-img attachment-full\" alt=\"\" title=\"YEEP LADM2 5 - Copia\" srcset=\"https:\/\/www.pshhc.org\/wp-content\/uploads\/2025\/11\/YEEP-LADM2-5-Copy-scaled-e1763423751960.jpg 400w, https:\/\/www.pshhc.org\/wp-content\/uploads\/2025\/11\/YEEP-LADM2-5-Copy-scaled-e1763423751960-300x273.jpg 300w, https:\/\/www.pshhc.org\/wp-content\/uploads\/2025\/11\/YEEP-LADM2-5-Copy-scaled-e1763423751960-13x12.jpg 13w\" sizes=\"auto, (max-width: 400px) 100vw, 400px\" \/><\/div>\n\t\t<\/figure>\n\t<\/div>\n<\/div><\/div><\/div><div class=\"wpb_column vc_column_container vc_col-sm-8\"><div class=\"vc_column-inner\"><div class=\"wpb_wrapper\">\n\t<div class=\"wpb_text_column wpb_content_element vc_custom_1773699039813 container\" >\n\t\t<div class=\"wpb_wrapper\">\n\t\t\t<h3 style=\"text-align: left;\"><strong>Patrocinios del Centro de Aprendizaje:<\/strong><\/h3>\n<p>Su apoyo ayuda a que los ni\u00f1os prosperen tanto acad\u00e9mica como emocionalmente. Desde refrigerios nutritivos hasta tecnolog\u00eda y excursiones, su patrocinio impulsa su crecimiento, confianza y \u00e9xito.<\/p>\n<ul>\n<li style=\"text-align: left;\"><em>Campe\u00f3n Acad\u00e9mico \u2013 $50,000\u200b:<\/em> Cubre todas las necesidades de un Centro de Aprendizaje durante todo un a\u00f1o, incluyendo personal, curr\u00edculo, tecnolog\u00eda, excursiones y refrigerios saludables.<\/li>\n<li style=\"text-align: left;\"><em>Defensor de la educaci\u00f3n \u2013 $10,000\u200b:<\/em> Proporciona recursos fundamentales para el \u00e9xito estudiantil, incluyendo software educativo, hardware y oportunidades de aprendizaje experiencial como excursiones.<\/li>\n<li style=\"text-align: left;\"><em>Socio de aula \u2013 $5,000\u200b: <\/em>Ofrece un patrocinio parcial que equipa las aulas con materiales did\u00e1cticos esenciales y refrigerios nutritivos.<\/li>\n<li style=\"text-align: left;\"><em>Patrocinador del plan de estudios de carrera \u2013 $500: <\/em><a href=\"https:\/\/www.pshhc.org\/wp-content\/uploads\/2026\/03\/2026-PSHH-Career-Sponsorship.pdf\" target=\"_blank\" rel=\"noopener\">Ver detalles<\/a><\/li>\n<\/ul>\n\n\t\t<\/div>\n\t<\/div>\n<\/div><\/div><\/div><\/div><div class=\"vc_row-full-width vc_clearfix\"><\/div><div data-vc-full-width=\"true\" data-vc-full-width-temp=\"true\" data-vc-full-width-init=\"false\" data-vc-stretch-content=\"true\" class=\"vc_row wpb_row vc_row-fluid rental-housing-section vc_row-no-padding\"><div class=\"wpb_column vc_column_container vc_col-sm-4\"><div class=\"vc_column-inner\"><div class=\"wpb_wrapper\">\n\t<div  class=\"wpb_single_image wpb_content_element vc_align_center wpb_content_element\">\n\t\t\n\t\t<figure class=\"wpb_wrapper vc_figure\">\n\t\t\t<div class=\"vc_single_image-wrapper   vc_box_border_grey\"><img loading=\"lazy\" decoding=\"async\" width=\"400\" height=\"369\" src=\"https:\/\/www.pshhc.org\/wp-content\/uploads\/2025\/11\/senior2-e1763423779104.jpg\" class=\"vc_single_image-img attachment-full\" alt=\"\" title=\"senior2\" srcset=\"https:\/\/www.pshhc.org\/wp-content\/uploads\/2025\/11\/senior2-e1763423779104.jpg 400w, https:\/\/www.pshhc.org\/wp-content\/uploads\/2025\/11\/senior2-e1763423779104-300x277.jpg 300w, https:\/\/www.pshhc.org\/wp-content\/uploads\/2025\/11\/senior2-e1763423779104-13x12.jpg 13w\" sizes=\"auto, (max-width: 400px) 100vw, 400px\" \/><\/div>\n\t\t<\/figure>\n\t<\/div>\n<\/div><\/div><\/div><div class=\"wpb_column vc_column_container vc_col-sm-8\"><div class=\"vc_column-inner\"><div class=\"wpb_wrapper\">\n\t<div class=\"wpb_text_column wpb_content_element vc_custom_1772648761754 container\" >\n\t\t<div class=\"wpb_wrapper\">\n\t\t\t<h3 style=\"text-align: left;\"><strong>Patrocinios del Centro Comunitario:<\/strong><\/h3>\n<p>Su contribuci\u00f3n fortalece el tejido social de nuestras comunidades. A trav\u00e9s de asistencia de emergencia, desarrollo profesional o reuniones alegres, su donativo brinda estabilidad y conexi\u00f3n a nuestros residentes.<\/p>\n<ul>\n<li style=\"text-align: left;\"><em>Campe\u00f3n de la comunidad \u2013 $50,000<\/em>Garantiza todos los servicios de vivienda de apoyo en una propiedad durante un a\u00f1o completo, incluyendo asistencia de emergencia, desarrollo profesional y programas de participaci\u00f3n de los residentes.<\/li>\n<li style=\"text-align: left;\"><em>Constructor de vecindarios \u2013 $10,000: <\/em>Cubre las necesidades de nuestros residentes de todas las edades, desde nuestro Fondo de Asistencia a Residentes hasta nuestro Fondo &quot;Construye su Hogar&quot;, durante un a\u00f1o.<\/li>\n<li style=\"text-align: left;\"><em>Socio de conexi\u00f3n \u2013 $5,000:<\/em> Ofrece servicios de organizaci\u00f3n de eventos en las instalaciones de la propiedad durante un a\u00f1o.<\/li>\n<\/ul>\n\n\t\t<\/div>\n\t<\/div>\n<\/div><\/div><\/div><\/div><div class=\"vc_row-full-width vc_clearfix\"><\/div><div data-vc-full-width=\"true\" data-vc-full-width-temp=\"true\" data-vc-full-width-init=\"false\" data-vc-stretch-content=\"true\" class=\"vc_row wpb_row vc_row-fluid rental-housing-section vc_row-no-padding\"><div class=\"wpb_column vc_column_container vc_col-sm-12\"><div class=\"vc_column-inner\"><div class=\"wpb_wrapper\"><div class=\"ubtn-ctn-center\"><a class=\"ubtn-link ult-adjust-bottom-margin ubtn-center ubtn-normal\" href=\"https:\/\/www.pshhc.org\/es\/sponsors\/\" title=\"Nuestros patrocinadores del programa\" ><button type=\"button\" id=\"ubtn-6311\"  class=\"ubtn ult-adjust-bottom-margin ult-responsive ubtn-normal ubtn-no-hover-bg  none  ubtn-center   tooltip-69e8666860bcc\"  data-hover=\"#9B0002\" data-border-color=\"\" data-bg=\"#9B0002\" data-hover-bg=\"#FFFFFF\" data-border-hover=\"\" data-shadow-hover=\"\" data-shadow-click=\"none\" data-shadow=\"\" data-shd-shadow=\"\"  data-ultimate-target='#ubtn-6311'  data-responsive-json-new='{\"font-size\":\"\",\"line-height\":\"\"}'  style=\"font-weight:normal;border:none;background: #9B0002;color: #FFFFFF;\"><span class=\"ubtn-hover\" style=\"background-color:#FFFFFF\"><\/span><span class=\"ubtn-data ubtn-text\" >Nuestros valiosos patrocinadores<\/span><\/button><\/a><\/div><div class=\"vc_separator wpb_content_element vc_separator_align_center vc_sep_width_100 vc_sep_pos_align_center vc_separator_no_text vc_sep_color_grey wpb_content_element  wpb_content_element\" ><span class=\"vc_sep_holder vc_sep_holder_l\"><span class=\"vc_sep_line\"><\/span><\/span><span class=\"vc_sep_holder vc_sep_holder_r\"><span class=\"vc_sep_line\"><\/span><\/span>\n<\/div>\n\t<div class=\"wpb_text_column wpb_content_element vc_custom_1772648768778 container\" >\n\t\t<div class=\"wpb_wrapper\">\n\t\t\t<h2 style=\"text-align: left;\"><strong>Beneficios del patrocinio:<\/strong><\/h2>\n<ul>\n<li style=\"text-align: left;\">Reconocimiento y visibilidad (agrupados por nivel de patrocinador)<\/li>\n<li style=\"text-align: left;\">Reconocimiento en la entrada de su Centro Comunitario o Centro de Aprendizaje patrocinado<\/li>\n<li style=\"text-align: left;\">Reconocimiento en redes sociales a trav\u00e9s de nuestras plataformas, alcanzando a m\u00e1s de 7.400 seguidores.<\/li>\n<li style=\"text-align: left;\">Aparecemos en nuestro bolet\u00edn informativo, que llega a m\u00e1s de 13.000 seguidores.<\/li>\n<li style=\"text-align: left;\">Inclusi\u00f3n en nuestro Informe Anual de Impacto<\/li>\n<li style=\"text-align: left;\">Aparecer\u00e1 en la p\u00e1gina principal de nuestro sitio web, destacando el apoyo de su empresa.<\/li>\n<li style=\"text-align: left;\">Invitaci\u00f3n a nuestro evento anual de celebraci\u00f3n de donantes<\/li>\n<\/ul>\n\n\t\t<\/div>\n\t<\/div>\n<div class=\"vc_separator wpb_content_element vc_separator_align_center vc_sep_width_100 vc_sep_pos_align_center vc_separator_no_text vc_sep_color_grey wpb_content_element  wpb_content_element\" ><span class=\"vc_sep_holder vc_sep_holder_l\"><span class=\"vc_sep_line\"><\/span><\/span><span class=\"vc_sep_holder vc_sep_holder_r\"><span class=\"vc_sep_line\"><\/span><\/span>\n<\/div>\n\t<div class=\"wpb_text_column wpb_content_element vc_custom_1763482729826 container\" >\n\t\t<div class=\"wpb_wrapper\">\n\t\t\t<p style=\"text-align: center;\">Para formar parte de nuestro programa de patrocinio, de eficacia probada, que transforma vidas y mejora la comunidad, por favor <a href=\"https:\/\/forms.office.com\/Pages\/ResponsePage.aspx?id=paaa0rwk7UuhhfQnmL51waHKOkQ0O5REpaNmdikrGOVUNDVVUTJSUEFLSjdDMU5MTUwzWDhEMDMzTS4u\" target=\"_blank\" rel=\"noopener\">inscribirse<\/a> o contactar <a href=\"mailto:giving@pshhc.org\">give@pshhc.org.<\/a><\/p>\n\n\t\t<\/div>\n\t<\/div>\n<\/div><\/div><\/div><\/div><div class=\"vc_row-full-width vc_clearfix\"><\/div>\n<\/div>","protected":false},"excerpt":{"rendered":"Oportunidades de patrocinio. Durante m\u00e1s de 55 a\u00f1os, hemos ayudado a ni\u00f1os, familias, personas mayores, veteranos, personas con discapacidades y personas en transici\u00f3n para salir de la situaci\u00f3n de calle a prosperar a trav\u00e9s de nuestros programas de apoyo presenciales. Al convertirse en patrocinador de Vivienda de Autoayuda Popular, puede ayudarnos a proporcionar: Herramientas educativas esenciales y alimentos nutritivos para ni\u00f1os; excursiones, hardware y software para...  <a class=\"excerpt-read-more\" href=\"https:\/\/www.pshhc.org\/es\/sponsor\/\" title=\"Lea m\u00e1s sobre c\u00f3mo convertirse en patrocinador\">Leer m\u00e1s &quot;<\/a>","protected":false},"author":1105,"featured_media":0,"parent":0,"menu_order":0,"comment_status":"closed","ping_status":"closed","template":"page-wide.php","meta":{"_acf_changed":false,"footnotes":""},"class_list":["post-139537","page","type-page","status-publish","hentry"],"acf":[],"yoast_head":"<!-- This site is optimized with the Yoast SEO plugin v26.9 - https:\/\/yoast.com\/product\/yoast-seo-wordpress\/ -->\n<title>Become a Sponsor - People&#039;s Self-Help Housing<\/title>\n<meta name=\"description\" content=\"Sponsorship Opportunities For more than 55 years, we\u2019ve helped children, families, seniors, veterans, those living with disabilities, and those transitioning out of homelessness thrive through our supportive, onsite programs. By\" \/>\n<meta name=\"robots\" content=\"index, follow, max-snippet:-1, max-image-preview:large, max-video-preview:-1\" \/>\n<link rel=\"canonical\" href=\"https:\/\/www.pshhc.org\/es\/sponsor\/\" \/>\n<meta property=\"og:locale\" content=\"es_MX\" \/>\n<meta property=\"og:type\" content=\"article\" \/>\n<meta property=\"og:title\" content=\"Become a Sponsor - People&#039;s Self-Help Housing\" \/>\n<meta property=\"og:url\" content=\"https:\/\/www.pshhc.org\/es\/sponsor\/\" \/>\n<meta property=\"og:site_name\" content=\"People&#039;s Self-Help Housing\" \/>\n<meta property=\"article:modified_time\" content=\"2026-03-16T22:11:46+00:00\" \/>\n<meta name=\"twitter:card\" content=\"summary_large_image\" \/>\n<meta name=\"twitter:label1\" content=\"Tiempo de lectura\" \/>\n\t<meta name=\"twitter:data1\" content=\"3 minutos\" \/>\n<script type=\"application\/ld+json\" class=\"yoast-schema-graph\">{\"@context\":\"https:\/\/schema.org\",\"@graph\":[{\"@type\":\"WebPage\",\"@id\":\"https:\/\/www.pshhc.org\/sponsor\/\",\"url\":\"https:\/\/www.pshhc.org\/sponsor\/\",\"name\":\"Become a Sponsor - People&#039;s Self-Help Housing\",\"isPartOf\":{\"@id\":\"https:\/\/www.pshhc.org\/#website\"},\"datePublished\":\"2025-11-17T23:57:37+00:00\",\"dateModified\":\"2026-03-16T22:11:46+00:00\",\"breadcrumb\":{\"@id\":\"https:\/\/www.pshhc.org\/sponsor\/#breadcrumb\"},\"inLanguage\":\"es\",\"potentialAction\":[{\"@type\":\"ReadAction\",\"target\":[\"https:\/\/www.pshhc.org\/sponsor\/\"]}]},{\"@type\":\"BreadcrumbList\",\"@id\":\"https:\/\/www.pshhc.org\/sponsor\/#breadcrumb\",\"itemListElement\":[{\"@type\":\"ListItem\",\"position\":1,\"name\":\"Home\",\"item\":\"https:\/\/www.pshhc.org\/\"},{\"@type\":\"ListItem\",\"position\":2,\"name\":\"Become a Sponsor\"}]},{\"@type\":\"WebSite\",\"@id\":\"https:\/\/www.pshhc.org\/#website\",\"url\":\"https:\/\/www.pshhc.org\/\",\"name\":\"People&#039;s Self-Help Housing\",\"description\":\"People&#039;s Self-Help Housing\",\"potentialAction\":[{\"@type\":\"SearchAction\",\"target\":{\"@type\":\"EntryPoint\",\"urlTemplate\":\"https:\/\/www.pshhc.org\/?s={search_term_string}\"},\"query-input\":{\"@type\":\"PropertyValueSpecification\",\"valueRequired\":true,\"valueName\":\"search_term_string\"}}],\"inLanguage\":\"es\"}]}<\/script>\n<!-- \/ Yoast SEO plugin. -->","yoast_head_json":{"title":"Convi\u00e9rtete en patrocinador - Vivienda de autoayuda popular","description":"Sponsorship Opportunities For more than 55 years, we\u2019ve helped children, families, seniors, veterans, those living with disabilities, and those transitioning out of homelessness thrive through our supportive, onsite programs. By","robots":{"index":"index","follow":"follow","max-snippet":"max-snippet:-1","max-image-preview":"max-image-preview:large","max-video-preview":"max-video-preview:-1"},"canonical":"https:\/\/www.pshhc.org\/es\/sponsor\/","og_locale":"es_MX","og_type":"article","og_title":"Become a Sponsor - People&#039;s Self-Help Housing","og_url":"https:\/\/www.pshhc.org\/es\/sponsor\/","og_site_name":"People&#039;s Self-Help Housing","article_modified_time":"2026-03-16T22:11:46+00:00","twitter_card":"summary_large_image","twitter_misc":{"Tiempo de lectura":"3 minutos"},"schema":{"@context":"https:\/\/schema.org","@graph":[{"@type":"WebPage","@id":"https:\/\/www.pshhc.org\/sponsor\/","url":"https:\/\/www.pshhc.org\/sponsor\/","name":"Convi\u00e9rtete en patrocinador - Vivienda de autoayuda popular","isPartOf":{"@id":"https:\/\/www.pshhc.org\/#website"},"datePublished":"2025-11-17T23:57:37+00:00","dateModified":"2026-03-16T22:11:46+00:00","breadcrumb":{"@id":"https:\/\/www.pshhc.org\/sponsor\/#breadcrumb"},"inLanguage":"es","potentialAction":[{"@type":"ReadAction","target":["https:\/\/www.pshhc.org\/sponsor\/"]}]},{"@type":"BreadcrumbList","@id":"https:\/\/www.pshhc.org\/sponsor\/#breadcrumb","itemListElement":[{"@type":"ListItem","position":1,"name":"Home","item":"https:\/\/www.pshhc.org\/"},{"@type":"ListItem","position":2,"name":"Become a Sponsor"}]},{"@type":"WebSite","@id":"https:\/\/www.pshhc.org\/#website","url":"https:\/\/www.pshhc.org\/","name":"Vivienda de autoayuda de People &amp; #039; s","description":"Vivienda de autoayuda de People &amp; #039; s","potentialAction":[{"@type":"SearchAction","target":{"@type":"EntryPoint","urlTemplate":"https:\/\/www.pshhc.org\/?s={search_term_string}"},"query-input":{"@type":"PropertyValueSpecification","valueRequired":true,"valueName":"search_term_string"}}],"inLanguage":"es"}]}},"jetpack_sharing_enabled":true,"_links":{"self":[{"href":"https:\/\/www.pshhc.org\/es\/wp-json\/wp\/v2\/pages\/139537","targetHints":{"allow":["GET"]}}],"collection":[{"href":"https:\/\/www.pshhc.org\/es\/wp-json\/wp\/v2\/pages"}],"about":[{"href":"https:\/\/www.pshhc.org\/es\/wp-json\/wp\/v2\/types\/page"}],"author":[{"embeddable":true,"href":"https:\/\/www.pshhc.org\/es\/wp-json\/wp\/v2\/users\/1105"}],"replies":[{"embeddable":true,"href":"https:\/\/www.pshhc.org\/es\/wp-json\/wp\/v2\/comments?post=139537"}],"version-history":[{"count":24,"href":"https:\/\/www.pshhc.org\/es\/wp-json\/wp\/v2\/pages\/139537\/revisions"}],"predecessor-version":[{"id":140562,"href":"https:\/\/www.pshhc.org\/es\/wp-json\/wp\/v2\/pages\/139537\/revisions\/140562"}],"wp:attachment":[{"href":"https:\/\/www.pshhc.org\/es\/wp-json\/wp\/v2\/media?parent=139537"}],"curies":[{"name":"gracias","href":"https:\/\/api.w.org\/{rel}","templated":true}]}}