{"id":139249,"date":"2025-09-17T19:05:47","date_gmt":"2025-09-17T19:05:47","guid":{"rendered":"https:\/\/www.pshhc.org\/?page_id=139249"},"modified":"2025-09-17T19:05:47","modified_gmt":"2025-09-17T19:05:47","slug":"volunteer-application-7","status":"publish","type":"page","link":"https:\/\/www.pshhc.org\/es\/volunteer-application-7\/","title":{"rendered":"Solicitud de Voluntariado: Investigador Voluntario de Asuntos P\u00fablicos"},"content":{"rendered":"<div class=\"wpb-content-wrapper\"><div data-vc-full-width=\"true\" data-vc-full-width-temp=\"true\" data-vc-full-width-init=\"false\" data-vc-stretch-content=\"true\" class=\"vc_row wpb_row vc_row-fluid inner-banner vc_row-no-padding\"><div class=\"wpb_column vc_column_container vc_col-sm-12\"><div class=\"vc_column-inner\"><div class=\"wpb_wrapper\">\n\t<div  class=\"wpb_single_image wpb_content_element vc_align_center wpb_content_element  bg-image\">\n\t\t\n\t\t<figure class=\"wpb_wrapper vc_figure\">\n\t\t\t<div class=\"vc_single_image-wrapper   vc_box_border_grey\"><img loading=\"lazy\" decoding=\"async\" width=\"1920\" height=\"1080\" src=\"https:\/\/www.pshhc.org\/wp-content\/uploads\/2025\/09\/Website-Hero-Images-1.png\" class=\"vc_single_image-img attachment-full\" alt=\"\" title=\"Im\u00e1genes destacadas del sitio web (1)\" srcset=\"https:\/\/www.pshhc.org\/wp-content\/uploads\/2025\/09\/Website-Hero-Images-1.png 1920w, https:\/\/www.pshhc.org\/wp-content\/uploads\/2025\/09\/Website-Hero-Images-1-300x169.png 300w, https:\/\/www.pshhc.org\/wp-content\/uploads\/2025\/09\/Website-Hero-Images-1-1024x576.png 1024w, https:\/\/www.pshhc.org\/wp-content\/uploads\/2025\/09\/Website-Hero-Images-1-768x432.png 768w, https:\/\/www.pshhc.org\/wp-content\/uploads\/2025\/09\/Website-Hero-Images-1-1536x864.png 1536w, https:\/\/www.pshhc.org\/wp-content\/uploads\/2025\/09\/Website-Hero-Images-1-18x10.png 18w\" sizes=\"auto, (max-width: 1920px) 100vw, 1920px\" \/><\/div>\n\t\t<\/figure>\n\t<\/div>\n<\/div><\/div><\/div><\/div><div class=\"vc_row-full-width vc_clearfix\"><\/div><div data-vc-full-width=\"true\" data-vc-full-width-temp=\"true\" data-vc-full-width-init=\"false\" data-vc-stretch-content=\"true\" class=\"vc_row wpb_row vc_row-fluid inner-housing-section vc_row-no-padding\"><div class=\"wpb_column vc_column_container vc_col-sm-12\"><div class=\"vc_column-inner\"><div class=\"wpb_wrapper\">\n\t<div class=\"wpb_text_column wpb_content_element container\" >\n\t\t<div class=\"wpb_wrapper\">\n\t\t\t<h2><span class=\"TextRun SCXW66844900 BCX0\" lang=\"EN-US\" xml:lang=\"EN-US\" data-contrast=\"none\"><span class=\"NormalTextRun SCXW66844900 BCX0\" data-ccp-parastyle=\"heading 3\">Solicitud de Investigador Voluntario de Asuntos P\u00fablicos<\/span><\/span><\/h2>\n\n\t\t<\/div>\n\t<\/div>\n<\/div><\/div><\/div><\/div><div class=\"vc_row-full-width vc_clearfix\"><\/div><div data-vc-full-width=\"true\" data-vc-full-width-temp=\"true\" data-vc-full-width-init=\"false\" data-vc-stretch-content=\"true\" class=\"vc_row wpb_row vc_row-fluid rental-housing-section vc_row-no-padding\"><div class=\"wpb_column vc_column_container vc_col-sm-12\"><div class=\"vc_column-inner\"><div class=\"wpb_wrapper\">\n\t<div class=\"wpb_raw_code wpb_raw_html wpb_content_element container\" >\n\t\t<div class=\"wpb_wrapper\">\n\t\t\t<script type=\"text\/javascript\">\n\/* <![CDATA[ *\/\nvar gform;gform||(document.addEventListener(\"gform_main_scripts_loaded\",function(){gform.scriptsLoaded=!0}),document.addEventListener(\"gform\/theme\/scripts_loaded\",function(){gform.themeScriptsLoaded=!0}),window.addEventListener(\"DOMContentLoaded\",function(){gform.domLoaded=!0}),gform={domLoaded:!1,scriptsLoaded:!1,themeScriptsLoaded:!1,isFormEditor:()=>\"function\"==typeof InitializeEditor,callIfLoaded:function(o){return!(!gform.domLoaded||!gform.scriptsLoaded||!gform.themeScriptsLoaded&&!gform.isFormEditor()||(gform.isFormEditor()&&console.warn(\"The use of gform.initializeOnLoaded() is deprecated in the form editor context and will be removed in Gravity Forms 3.1.\"),o(),0))},initializeOnLoaded:function(o){gform.callIfLoaded(o)||(document.addEventListener(\"gform_main_scripts_loaded\",()=>{gform.scriptsLoaded=!0,gform.callIfLoaded(o)}),document.addEventListener(\"gform\/theme\/scripts_loaded\",()=>{gform.themeScriptsLoaded=!0,gform.callIfLoaded(o)}),window.addEventListener(\"DOMContentLoaded\",()=>{gform.domLoaded=!0,gform.callIfLoaded(o)}))},hooks:{action:{},filter:{}},addAction:function(o,r,e,t){gform.addHook(\"action\",o,r,e,t)},addFilter:function(o,r,e,t){gform.addHook(\"filter\",o,r,e,t)},doAction:function(o){gform.doHook(\"action\",o,arguments)},applyFilters:function(o){return gform.doHook(\"filter\",o,arguments)},removeAction:function(o,r){gform.removeHook(\"action\",o,r)},removeFilter:function(o,r,e){gform.removeHook(\"filter\",o,r,e)},addHook:function(o,r,e,t,n){null==gform.hooks[o][r]&&(gform.hooks[o][r]=[]);var d=gform.hooks[o][r];null==n&&(n=r+\"_\"+d.length),gform.hooks[o][r].push({tag:n,callable:e,priority:t=null==t?10:t})},doHook:function(r,o,e){var t;if(e=Array.prototype.slice.call(e,1),null!=gform.hooks[r][o]&&((o=gform.hooks[r][o]).sort(function(o,r){return o.priority-r.priority}),o.forEach(function(o){\"function\"!=typeof(t=o.callable)&&(t=window[t]),\"action\"==r?t.apply(null,e):e[0]=t.apply(null,e)})),\"filter\"==r)return e[0]},removeHook:function(o,r,t,n){var e;null!=gform.hooks[o][r]&&(e=(e=gform.hooks[o][r]).filter(function(o,r,e){return!!(null!=n&&n!=o.tag||null!=t&&t!=o.priority)}),gform.hooks[o][r]=e)}});\n\/* ]]> *\/\n<\/script>\n\n                <div class='gf_browser_gecko gform_wrapper gravity-theme gform-theme--no-framework' data-form-theme='gravity-theme' data-form-index='0' id='gform_wrapper_46' style='display:none'>\n                        <div class='gform_heading'>\n                            <p class='gform_description'><\/p>\n                        <\/div><form method='post' enctype='multipart\/form-data'  id='gform_46'  action='\/es\/wp-json\/wp\/v2\/pages\/139249' data-formid='46' novalidate data-trp-original-action=\"\/es\/wp-json\/wp\/v2\/pages\/139249\">\n                        <div class='gform-body gform_body'><div id='gform_fields_46' class='gform_fields top_label form_sublabel_below description_below validation_below'><fieldset id=\"field_46_1\" class=\"gfield gfield--type-name gfield--input-type-name gfield_contains_required field_sublabel_hidden_label gfield--no-description field_description_below hidden_label field_validation_below gfield_visibility_visible\"  ><legend class='gfield_label gform-field-label gfield_label_before_complex' >Nombre<span class=\"gfield_required\"><span class=\"gfield_required gfield_required_text\">(Requerido)<\/span><\/span><\/legend><div class='ginput_complex ginput_container ginput_container--name no_prefix has_first_name no_middle_name has_last_name no_suffix gf_name_has_2 ginput_container_name gform-grid-row' id='input_46_1'>\n                            \n                            <span id='input_46_1_3_container' class='name_first gform-grid-col gform-grid-col--size-auto' >\n                                                    <input type='text' name='input_1.3' id='input_46_1_3' value=''   aria-required='true'   placeholder='Su Nombre'  \/>\n                                                    <label for='input_46_1_3' class='gform-field-label gform-field-label--type-sub hidden_sub_label screen-reader-text'>Primero<\/label>\n                                                <\/span>\n                            \n                            <span id='input_46_1_6_container' class='name_last gform-grid-col gform-grid-col--size-auto' >\n                                                    <input type='text' name='input_1.6' id='input_46_1_6' value=''   aria-required='true'   placeholder='Apellido *'  \/>\n                                                    <label for='input_46_1_6' class='gform-field-label gform-field-label--type-sub hidden_sub_label screen-reader-text'>\u00daltimo<\/label>\n                                                <\/span>\n                            \n                        <\/div><\/fieldset><div id=\"field_46_3\" class=\"gfield gfield--type-email gfield--input-type-email gfield--width-full gfield_contains_required field_sublabel_below gfield--no-description field_description_below hidden_label field_validation_below gfield_visibility_visible\"  ><label class='gfield_label gform-field-label' for='input_46_3'>Correo electr\u00f3nico<span class=\"gfield_required\"><span class=\"gfield_required gfield_required_text\">(Requerido)<\/span><\/span><\/label><div class='ginput_container ginput_container_email'>\n                            <input name='input_3' id='input_46_3' type='email' value='' class='large'   placeholder='Correo Elecronico *' aria-required=\"true\" aria-invalid=\"false\"  \/>\n                        <\/div><\/div><fieldset id=\"field_46_16\" class=\"gfield gfield--type-radio gfield--type-choice gfield--input-type-radio gfield--width-full gfield_contains_required field_sublabel_below gfield--no-description field_description_below field_validation_below gfield_visibility_visible\"  ><legend class='gfield_label gform-field-label' >\u00bfEs usted residente de PSHH?<span class=\"gfield_required\"><span class=\"gfield_required gfield_required_text\">(Requerido)<\/span><\/span><\/legend><div class='ginput_container ginput_container_radio'><div class='gfield_radio' id='input_46_16'>\n\t\t\t<div class='gchoice gchoice_46_16_0'>\n\t\t\t\t\t<input class='gfield-choice-input' name='input_16' type='radio' value='Yes'  id='choice_46_16_0' onchange='gformToggleRadioOther( this )'    \/>\n\t\t\t\t\t<label for='choice_46_16_0' id='label_46_16_0' class='gform-field-label gform-field-label--type-inline'>S\u00ed<\/label>\n\t\t\t<\/div>\n\t\t\t<div class='gchoice gchoice_46_16_1'>\n\t\t\t\t\t<input class='gfield-choice-input' name='input_16' type='radio' value='No'  id='choice_46_16_1' onchange='gformToggleRadioOther( this )'    \/>\n\t\t\t\t\t<label for='choice_46_16_1' id='label_46_16_1' class='gform-field-label gform-field-label--type-inline'>No<\/label>\n\t\t\t<\/div><\/div><\/div><\/fieldset><div id=\"field_46_7\" class=\"gfield gfield--type-text gfield--input-type-text gfield--width-full field_sublabel_below gfield--no-description field_description_below hidden_label field_validation_below gfield_visibility_visible\"  ><label class='gfield_label gform-field-label' for='input_46_7'>En caso afirmativo, \u00bfqu\u00e9 propiedad?<\/label><div class='ginput_container ginput_container_text'><input name='input_7' id='input_46_7' type='text' value='' class='large'    placeholder='En caso afirmativo, \u00bfqu\u00e9 propiedad?'  aria-invalid=\"false\"   \/><\/div><\/div><fieldset id=\"field_46_11\" class=\"gfield gfield--type-radio gfield--type-choice gfield--input-type-radio gfield--width-full field_sublabel_below gfield--no-description field_description_below hidden_label field_validation_below gfield_visibility_visible\"  ><legend class='gfield_label gform-field-label' >Me gustar\u00eda recibir boletines electr\u00f3nicos mensuales de PSHH.<\/legend><div class='ginput_container ginput_container_radio'><div class='gfield_radio' id='input_46_11'>\n\t\t\t<div class='gchoice gchoice_46_11_0'>\n\t\t\t\t\t<input class='gfield-choice-input' name='input_11' type='radio' value='I&#039;d like to receive monthly PSHH eNewsletters.'  id='choice_46_11_0' onchange='gformToggleRadioOther( this )'    \/>\n\t\t\t\t\t<label for='choice_46_11_0' id='label_46_11_0' class='gform-field-label gform-field-label--type-inline'>Me gustar\u00eda recibir boletines electr\u00f3nicos mensuales de PSHH.<\/label>\n\t\t\t<\/div><\/div><\/div><\/fieldset><\/div><\/div>\n        <div class='gform-footer gform_footer top_label'> <input type='submit' id='gform_submit_button_46' class='gform_button button' onclick='gform.submission.handleButtonClick(this);' data-submission-type='submit' value='Enviar'  \/> \n            <input type='hidden' class='gform_hidden' name='gform_submission_method' data-js='gform_submission_method_46' value='postback' \/>\n            <input type='hidden' class='gform_hidden' name='gform_theme' data-js='gform_theme_46' id='gform_theme_46' value='gravity-theme' \/>\n            <input type='hidden' class='gform_hidden' name='gform_style_settings' data-js='gform_style_settings_46' id='gform_style_settings_46' value='[]' \/>\n            <input type='hidden' class='gform_hidden' name='is_submit_46' value='1' \/>\n            <input type='hidden' class='gform_hidden' name='gform_submit' value='46' \/>\n            \n            <input type='hidden' class='gform_hidden' name='gform_currency' data-currency='USD' value='9FoxpZAWaP7J2e9+fIAZx6hTeURzBjYI6ROKGn0QuNT6sBy+RaonH2ZqByVTLMH0jC3TR1Ec4v+nXiToaUsWNFJKsSb9rjpVCOBUzxc8TsWlZmM=' \/>\n            <input type='hidden' class='gform_hidden' name='gform_unique_id' value='' \/>\n            <input type='hidden' class='gform_hidden' name='state_46' value='WyJ7XCIxNlwiOltcIjdkMmQ5YWY1M2ZlNTllZjc2MjM2MWVmMTEzOTQ5OGY0XCIsXCJlN2Q1MzVjYTBhYjJhYWMwNDY5Y2E3ZDRjNjE4ZjgwOVwiXSxcIjExXCI6W1wiNWRhYTY2NjljOTFkODczZGEzNzlhY2NmOTBmNzY3YzhcIl19IiwiNGNjYTdhYzc5NmI3M2E0YzU1ZTdmYjhkZDRhYWE3ZmYiXQ==' \/>\n            <input type='hidden' autocomplete='off' class='gform_hidden' name='gform_target_page_number_46' id='gform_target_page_number_46' value='0' \/>\n            <input type='hidden' autocomplete='off' class='gform_hidden' name='gform_source_page_number_46' id='gform_source_page_number_46' value='1' \/>\n            <input type='hidden' name='gform_field_values' value='' \/>\n            \n        <\/div>\n                        <input type=\"hidden\" name=\"trp-form-language\" value=\"es\"\/><\/form>\n                        <\/div><script type=\"text\/javascript\">\n\/* <![CDATA[ *\/\n gform.initializeOnLoaded( function() {gformInitSpinner( 46, 'https:\/\/www.pshhc.org\/wp-content\/plugins\/gravityforms\/images\/spinner.svg', true );jQuery('#gform_ajax_frame_46').on('load',function(){var contents = jQuery(this).contents().find('*').html();var is_postback = contents.indexOf('GF_AJAX_POSTBACK') >= 0;if(!is_postback){return;}var form_content = jQuery(this).contents().find('#gform_wrapper_46');var is_confirmation = jQuery(this).contents().find('#gform_confirmation_wrapper_46').length > 0;var is_redirect = contents.indexOf('gformRedirect(){') >= 0;var is_form = form_content.length > 0 && ! is_redirect && ! is_confirmation;var mt = parseInt(jQuery('html').css('margin-top'), 10) + parseInt(jQuery('body').css('margin-top'), 10) + 100;if(is_form){form_content.find('form').css('opacity', 0);jQuery('#gform_wrapper_46').html(form_content.html());if(form_content.hasClass('gform_validation_error')){jQuery('#gform_wrapper_46').addClass('gform_validation_error');} else {jQuery('#gform_wrapper_46').removeClass('gform_validation_error');}setTimeout( function() { \/* delay the scroll by 50 milliseconds to fix a bug in chrome *\/  }, 50 );if(window['gformInitDatepicker']) {gformInitDatepicker();}if(window['gformInitPriceFields']) {gformInitPriceFields();}var current_page = jQuery('#gform_source_page_number_46').val();gformInitSpinner( 46, 'https:\/\/www.pshhc.org\/wp-content\/plugins\/gravityforms\/images\/spinner.svg', true );jQuery(document).trigger('gform_page_loaded', [46, current_page]);window['gf_submitting_46'] = false;}else if(!is_redirect){var confirmation_content = jQuery(this).contents().find('.GF_AJAX_POSTBACK').html();if(!confirmation_content){confirmation_content = contents;}jQuery('#gform_wrapper_46').replaceWith(confirmation_content);jQuery(document).trigger('gform_confirmation_loaded', [46]);window['gf_submitting_46'] = false;wp.a11y.speak(jQuery('#gform_confirmation_message_46').text());}else{jQuery('#gform_46').append(contents);if(window['gformRedirect']) {gformRedirect();}}jQuery(document).trigger(\"gform_pre_post_render\", [{ formId: \"46\", currentPage: \"current_page\", abort: function() { this.preventDefault(); } }]);        if (event && event.defaultPrevented) {                return;        }        const gformWrapperDiv = document.getElementById( \"gform_wrapper_46\" );        if ( gformWrapperDiv ) {            const visibilitySpan = document.createElement( \"span\" );            visibilitySpan.id = \"gform_visibility_test_46\";            gformWrapperDiv.insertAdjacentElement( \"afterend\", visibilitySpan );        }        const visibilityTestDiv = document.getElementById( \"gform_visibility_test_46\" );        let postRenderFired = false;        function triggerPostRender() {            if ( postRenderFired ) {                return;            }            postRenderFired = true;            gform.core.triggerPostRenderEvents( 46, current_page );            if ( visibilityTestDiv ) {                visibilityTestDiv.parentNode.removeChild( visibilityTestDiv );            }        }        function debounce( func, wait, immediate ) {            var timeout;            return function() {                var context = this, args = arguments;                var later = function() {                    timeout = null;                    if ( !immediate ) func.apply( context, args );                };                var callNow = immediate && !timeout;                clearTimeout( timeout );                timeout = setTimeout( later, wait );                if ( callNow ) func.apply( context, args );            };        }        const debouncedTriggerPostRender = debounce( function() {            triggerPostRender();        }, 200 );        if ( visibilityTestDiv && visibilityTestDiv.offsetParent === null ) {            const observer = new MutationObserver( ( mutations ) => {                mutations.forEach( ( mutation ) => {                    if ( mutation.type === 'attributes' && visibilityTestDiv.offsetParent !== null ) {                        debouncedTriggerPostRender();                        observer.disconnect();                    }                });            });            observer.observe( document.body, {                attributes: true,                childList: false,                subtree: true,                attributeFilter: [ 'style', 'class' ],            });        } else {            triggerPostRender();        }    } );} ); \n\/* ]]> *\/\n<\/script>\n\n\t\t<\/div>\n\t<\/div>\n<\/div><\/div><\/div><\/div><div class=\"vc_row-full-width vc_clearfix\"><\/div>\n<\/div>","protected":false},"excerpt":{"rendered":"Solicitud de Investigador Voluntario de Asuntos P\u00fablicos. Nombre (Obligatorio) Nombre Apellido Correo electr\u00f3nico (Obligatorio) \u00bfEs usted residente de PSHH? (Obligatorio) S\u00ed No Si es as\u00ed, \u00bfde qu\u00e9 propiedad? Me gustar\u00eda recibir los boletines electr\u00f3nicos mensuales de PSHH.","protected":false},"author":1105,"featured_media":139250,"parent":0,"menu_order":0,"comment_status":"closed","ping_status":"closed","template":"page-wide.php","meta":{"_acf_changed":false,"footnotes":""},"class_list":["post-139249","page","type-page","status-publish","has-post-thumbnail","hentry"],"acf":[],"yoast_head":"<!-- This site is optimized with the Yoast SEO plugin v26.9 - https:\/\/yoast.com\/product\/yoast-seo-wordpress\/ -->\n<title>Volunteer Application: Public Affairs Volunteer Researcher - People&#039;s Self-Help Housing<\/title>\n<meta name=\"description\" content=\"Public Affairs Volunteer Researcher Application Name(Required) First Last Email(Required) Are you a PSHH resident?(Required) Yes No If yes, which property?\" \/>\n<meta name=\"robots\" content=\"index, follow, max-snippet:-1, max-image-preview:large, max-video-preview:-1\" \/>\n<link rel=\"canonical\" href=\"https:\/\/www.pshhc.org\/es\/volunteer-application-7\/\" \/>\n<meta property=\"og:locale\" content=\"es_MX\" \/>\n<meta property=\"og:type\" content=\"article\" \/>\n<meta property=\"og:title\" content=\"Volunteer Application: Public Affairs Volunteer Researcher - People&#039;s Self-Help Housing\" \/>\n<meta property=\"og:url\" content=\"https:\/\/www.pshhc.org\/es\/volunteer-application-7\/\" \/>\n<meta property=\"og:site_name\" content=\"People&#039;s Self-Help Housing\" \/>\n<meta property=\"og:image\" content=\"https:\/\/www.pshhc.org\/wp-content\/uploads\/2025\/09\/Website-Hero-Images-1-1024x576.png\" \/>\n\t<meta property=\"og:image:width\" content=\"1024\" \/>\n\t<meta property=\"og:image:height\" content=\"576\" \/>\n\t<meta property=\"og:image:type\" content=\"image\/png\" \/>\n<meta name=\"twitter:card\" content=\"summary_large_image\" \/>\n<meta name=\"twitter:label1\" content=\"Tiempo de lectura\" \/>\n\t<meta name=\"twitter:data1\" content=\"1 minuto\" \/>\n<script type=\"application\/ld+json\" class=\"yoast-schema-graph\">{\"@context\":\"https:\/\/schema.org\",\"@graph\":[{\"@type\":\"WebPage\",\"@id\":\"https:\/\/www.pshhc.org\/volunteer-application-7\/\",\"url\":\"https:\/\/www.pshhc.org\/volunteer-application-7\/\",\"name\":\"Volunteer Application: Public Affairs Volunteer Researcher - People&#039;s Self-Help Housing\",\"isPartOf\":{\"@id\":\"https:\/\/www.pshhc.org\/#website\"},\"primaryImageOfPage\":{\"@id\":\"https:\/\/www.pshhc.org\/volunteer-application-7\/#primaryimage\"},\"image\":{\"@id\":\"https:\/\/www.pshhc.org\/volunteer-application-7\/#primaryimage\"},\"thumbnailUrl\":\"https:\/\/www.pshhc.org\/wp-content\/uploads\/2025\/09\/Website-Hero-Images-1.png\",\"datePublished\":\"2025-09-17T19:05:47+00:00\",\"breadcrumb\":{\"@id\":\"https:\/\/www.pshhc.org\/volunteer-application-7\/#breadcrumb\"},\"inLanguage\":\"es\",\"potentialAction\":[{\"@type\":\"ReadAction\",\"target\":[\"https:\/\/www.pshhc.org\/volunteer-application-7\/\"]}]},{\"@type\":\"ImageObject\",\"inLanguage\":\"es\",\"@id\":\"https:\/\/www.pshhc.org\/volunteer-application-7\/#primaryimage\",\"url\":\"https:\/\/www.pshhc.org\/wp-content\/uploads\/2025\/09\/Website-Hero-Images-1.png\",\"contentUrl\":\"https:\/\/www.pshhc.org\/wp-content\/uploads\/2025\/09\/Website-Hero-Images-1.png\",\"width\":1920,\"height\":1080},{\"@type\":\"BreadcrumbList\",\"@id\":\"https:\/\/www.pshhc.org\/volunteer-application-7\/#breadcrumb\",\"itemListElement\":[{\"@type\":\"ListItem\",\"position\":1,\"name\":\"Home\",\"item\":\"https:\/\/www.pshhc.org\/\"},{\"@type\":\"ListItem\",\"position\":2,\"name\":\"Volunteer Application: Public Affairs Volunteer Researcher\"}]},{\"@type\":\"WebSite\",\"@id\":\"https:\/\/www.pshhc.org\/#website\",\"url\":\"https:\/\/www.pshhc.org\/\",\"name\":\"People&#039;s Self-Help Housing\",\"description\":\"People&#039;s Self-Help Housing\",\"potentialAction\":[{\"@type\":\"SearchAction\",\"target\":{\"@type\":\"EntryPoint\",\"urlTemplate\":\"https:\/\/www.pshhc.org\/?s={search_term_string}\"},\"query-input\":{\"@type\":\"PropertyValueSpecification\",\"valueRequired\":true,\"valueName\":\"search_term_string\"}}],\"inLanguage\":\"es\"}]}<\/script>\n<!-- \/ Yoast SEO plugin. -->","yoast_head_json":{"title":"Solicitud de Voluntariado: Investigador Voluntario de Asuntos P\u00fablicos - People&#039;s Self-Help Housing","description":"Solicitud de investigador voluntario de asuntos p\u00fablicos Nombre (obligatorio) Nombre Apellido Correo electr\u00f3nico (obligatorio) \u00bfEs usted residente de PSHH? (obligatorio) S\u00ed No Si es as\u00ed, \u00bfqu\u00e9 propiedad?","robots":{"index":"index","follow":"follow","max-snippet":"max-snippet:-1","max-image-preview":"max-image-preview:large","max-video-preview":"max-video-preview:-1"},"canonical":"https:\/\/www.pshhc.org\/es\/volunteer-application-7\/","og_locale":"es_MX","og_type":"article","og_title":"Volunteer Application: Public Affairs Volunteer Researcher - People&#039;s Self-Help Housing","og_url":"https:\/\/www.pshhc.org\/es\/volunteer-application-7\/","og_site_name":"People&#039;s Self-Help Housing","og_image":[{"width":1024,"height":576,"url":"https:\/\/www.pshhc.org\/wp-content\/uploads\/2025\/09\/Website-Hero-Images-1-1024x576.png","type":"image\/png"}],"twitter_card":"summary_large_image","twitter_misc":{"Tiempo de lectura":"1 minuto"},"schema":{"@context":"https:\/\/schema.org","@graph":[{"@type":"WebPage","@id":"https:\/\/www.pshhc.org\/volunteer-application-7\/","url":"https:\/\/www.pshhc.org\/volunteer-application-7\/","name":"Solicitud de Voluntariado: Investigador Voluntario de Asuntos P\u00fablicos - People&#039;s Self-Help Housing","isPartOf":{"@id":"https:\/\/www.pshhc.org\/#website"},"primaryImageOfPage":{"@id":"https:\/\/www.pshhc.org\/volunteer-application-7\/#primaryimage"},"image":{"@id":"https:\/\/www.pshhc.org\/volunteer-application-7\/#primaryimage"},"thumbnailUrl":"https:\/\/www.pshhc.org\/wp-content\/uploads\/2025\/09\/Website-Hero-Images-1.png","datePublished":"2025-09-17T19:05:47+00:00","breadcrumb":{"@id":"https:\/\/www.pshhc.org\/volunteer-application-7\/#breadcrumb"},"inLanguage":"es","potentialAction":[{"@type":"ReadAction","target":["https:\/\/www.pshhc.org\/volunteer-application-7\/"]}]},{"@type":"ImageObject","inLanguage":"es","@id":"https:\/\/www.pshhc.org\/volunteer-application-7\/#primaryimage","url":"https:\/\/www.pshhc.org\/wp-content\/uploads\/2025\/09\/Website-Hero-Images-1.png","contentUrl":"https:\/\/www.pshhc.org\/wp-content\/uploads\/2025\/09\/Website-Hero-Images-1.png","width":1920,"height":1080},{"@type":"BreadcrumbList","@id":"https:\/\/www.pshhc.org\/volunteer-application-7\/#breadcrumb","itemListElement":[{"@type":"ListItem","position":1,"name":"Home","item":"https:\/\/www.pshhc.org\/"},{"@type":"ListItem","position":2,"name":"Volunteer Application: Public Affairs Volunteer Researcher"}]},{"@type":"WebSite","@id":"https:\/\/www.pshhc.org\/#website","url":"https:\/\/www.pshhc.org\/","name":"Vivienda de autoayuda de People &amp; #039; s","description":"Vivienda de autoayuda de People &amp; #039; s","potentialAction":[{"@type":"SearchAction","target":{"@type":"EntryPoint","urlTemplate":"https:\/\/www.pshhc.org\/?s={search_term_string}"},"query-input":{"@type":"PropertyValueSpecification","valueRequired":true,"valueName":"search_term_string"}}],"inLanguage":"es"}]}},"jetpack_sharing_enabled":true,"_links":{"self":[{"href":"https:\/\/www.pshhc.org\/es\/wp-json\/wp\/v2\/pages\/139249","targetHints":{"allow":["GET"]}}],"collection":[{"href":"https:\/\/www.pshhc.org\/es\/wp-json\/wp\/v2\/pages"}],"about":[{"href":"https:\/\/www.pshhc.org\/es\/wp-json\/wp\/v2\/types\/page"}],"author":[{"embeddable":true,"href":"https:\/\/www.pshhc.org\/es\/wp-json\/wp\/v2\/users\/1105"}],"replies":[{"embeddable":true,"href":"https:\/\/www.pshhc.org\/es\/wp-json\/wp\/v2\/comments?post=139249"}],"version-history":[{"count":1,"href":"https:\/\/www.pshhc.org\/es\/wp-json\/wp\/v2\/pages\/139249\/revisions"}],"predecessor-version":[{"id":139251,"href":"https:\/\/www.pshhc.org\/es\/wp-json\/wp\/v2\/pages\/139249\/revisions\/139251"}],"wp:featuredmedia":[{"embeddable":true,"href":"https:\/\/www.pshhc.org\/es\/wp-json\/wp\/v2\/media\/139250"}],"wp:attachment":[{"href":"https:\/\/www.pshhc.org\/es\/wp-json\/wp\/v2\/media?parent=139249"}],"curies":[{"name":"gracias","href":"https:\/\/api.w.org\/{rel}","templated":true}]}}