{"id":138442,"date":"2025-04-02T19:45:36","date_gmt":"2025-04-02T19:45:36","guid":{"rendered":"https:\/\/www.pshhc.org\/?page_id=138442"},"modified":"2025-10-08T19:51:00","modified_gmt":"2025-10-08T19:51:00","slug":"planned-giving","status":"publish","type":"page","link":"https:\/\/www.pshhc.org\/es\/planned-giving\/","title":{"rendered":"Donaciones planificadas"},"content":{"rendered":"<div class=\"wpb-content-wrapper\"><div data-vc-full-width=\"true\" data-vc-full-width-temp=\"true\" data-vc-full-width-init=\"false\" data-vc-stretch-content=\"true\" class=\"vc_row wpb_row vc_row-fluid inner-housing-section vc_row-no-padding\"><div class=\"wpb_column vc_column_container vc_col-sm-12\"><div class=\"vc_column-inner\"><div class=\"wpb_wrapper\"><div class=\"vc_empty_space\"   style=\"height: 65px\"><span class=\"vc_empty_space_inner\"><\/span><\/div>\n\t<div class=\"wpb_text_column wpb_content_element container\" >\n\t\t<div class=\"wpb_wrapper\">\n\t\t\t<h2>Your Legacy Through Planned Giving<\/h2>\n\n\t\t<\/div>\n\t<\/div>\n<\/div><\/div><\/div><\/div><div class=\"vc_row-full-width vc_clearfix\"><\/div><div class=\"vc_row wpb_row vc_row-fluid vc_row-o-content-top vc_row-flex\"><div class=\"wpb_column vc_column_container vc_col-sm-12\"><div class=\"vc_column-inner\"><div class=\"wpb_wrapper\">\n\t<div class=\"wpb_text_column wpb_content_element\" >\n\t\t<div class=\"wpb_wrapper\">\n\t\t\t\n\t\t<\/div>\n\t<\/div>\n\n\t<div class=\"wpb_text_column wpb_content_element\" >\n\t\t<div class=\"wpb_wrapper\">\n\t\t\t<p style=\"text-align: left;\">With a planned gift, you can leave a legacy that transforms lives into the future.<\/p>\n<p style=\"text-align: left;\"><strong>What is a planned gift?<\/strong><br \/>\nA planned gift, or legacy gift, is a donation that is intentionally arranged for the future. This could mean:<br \/>\n\u2022 Making a bequest in your will or trust<br \/>\n\u2022 Naming People\u2019s Self-Help Housing as a beneficiary in your retirement or life insurance plans<br \/>\n\u2022 Setting up a charitable annuity or other giving vehicle<\/p>\n<p>Whether your gift comes after retirement, from a financial windfall, or as part of your estate plan, you can be assured it will be impactful and deeply meaningful for generations to come.<\/p>\n<p><strong>How to include People\u2019s Self-Help Housing in your will or trust:<\/strong><br \/>\nIf you are considering a legacy gift, here is sample language you can share with your estate planning attorney:<br \/>\n<em>\u201cI give, devise, and bequeath to People\u2019s Self-Help Housing Corporation, a nonprofit organization located at 1060 Kendall Road, San Luis Obispo, California 93401 (Tax ID: 95-2750154), the sum of $___ (or ___% of my estate, or the residue of my estate) for its general charitable purposes.\u201d<\/em><\/p>\n\n\t\t<\/div>\n\t<\/div>\n\n\t<div class=\"wpb_text_column wpb_content_element\" >\n\t\t<div class=\"wpb_wrapper\">\n\t\t\t<p style=\"text-align: left;\"><strong>Free Planning Resources<\/strong><br \/>\nWe recommend speaking with an estate planning attorney, but <a href=\"https:\/\/www.freewill.com\/\" target=\"_blank\" rel=\"noopener\">FreeWill.com<\/a>, is a free, secure tool that allows you to create your will at no cost. You\u2019ll also find additional estate planning resources to ensure your legacy reflects your values.<\/p>\n\n\t\t<\/div>\n\t<\/div>\n<div class=\"vc_separator wpb_content_element vc_separator_align_center vc_sep_width_100 vc_sep_pos_align_center vc_separator_no_text vc_sep_color_grey wpb_content_element  wpb_content_element\" ><span class=\"vc_sep_holder vc_sep_holder_l\"><span class=\"vc_sep_line\"><\/span><\/span><span class=\"vc_sep_holder vc_sep_holder_r\"><span class=\"vc_sep_line\"><\/span><\/span>\n<\/div>\n\t<div class=\"wpb_text_column wpb_content_element\" >\n\t\t<div class=\"wpb_wrapper\">\n\t\t\t<h5 style=\"text-align: left;\"><strong>Contact Us<\/strong><\/h5>\n<p style=\"text-align: left;\">We are here to support you in creating a legacy that will last for generations. Please reach out anytime to discuss your vision and your options:<\/p>\n<p>Caity McCardell, Donor Relations Manager<br \/>\nPeople\u2019s Self-Help Housing<br \/>\n1060 Kendall Road, San Luis Obispo, CA 93401<br \/>\n<u><a href=\"mailto:giving@pshhc.org\">giving@pshhc.org<\/a><\/u><\/p>\n\n\t\t<\/div>\n\t<\/div>\n<\/div><\/div><\/div><\/div><div data-vc-full-width=\"true\" data-vc-full-width-temp=\"true\" data-vc-full-width-init=\"false\" data-vc-stretch-content=\"true\" class=\"vc_row wpb_row vc_row-fluid vc_row-no-padding vc_row-o-content-top vc_row-flex\"><div class=\"wpb_column vc_column_container vc_col-sm-12\"><div class=\"vc_column-inner\"><div class=\"wpb_wrapper\"><div class=\"wpb_gallery wpb_content_element vc_clearfix vc_custom_1743622879903 wpb_content_element\" ><div class=\"wpb_wrapper\"><div class=\"wpb_gallery_slides wpb_flexslider flexslider_slide flexslider\" data-interval=\"0\" data-flex_fx=\"slide\"><ul class=\"slides\"><li><a class=\"\" href=\"https:\/\/www.pshhc.org\/wp-content\/uploads\/2025\/04\/Planned-Giving-Brochure3-1024x396.png\" data-lightbox=\"lightbox[rel-138442-2243499760]\"><img loading=\"lazy\" decoding=\"async\" width=\"6600\" height=\"2550\" src=\"https:\/\/www.pshhc.org\/wp-content\/uploads\/2025\/04\/Planned-Giving-Brochure3.png\" class=\"attachment-full\" alt=\"\" title=\"Planned Giving Brochure3\" srcset=\"https:\/\/www.pshhc.org\/wp-content\/uploads\/2025\/04\/Planned-Giving-Brochure3.png 6600w, https:\/\/www.pshhc.org\/wp-content\/uploads\/2025\/04\/Planned-Giving-Brochure3-300x116.png 300w, https:\/\/www.pshhc.org\/wp-content\/uploads\/2025\/04\/Planned-Giving-Brochure3-1024x396.png 1024w, https:\/\/www.pshhc.org\/wp-content\/uploads\/2025\/04\/Planned-Giving-Brochure3-768x297.png 768w, https:\/\/www.pshhc.org\/wp-content\/uploads\/2025\/04\/Planned-Giving-Brochure3-1536x593.png 1536w, https:\/\/www.pshhc.org\/wp-content\/uploads\/2025\/04\/Planned-Giving-Brochure3-2048x791.png 2048w, https:\/\/www.pshhc.org\/wp-content\/uploads\/2025\/04\/Planned-Giving-Brochure3-18x7.png 18w\" sizes=\"auto, (max-width: 6600px) 100vw, 6600px\" \/><\/a><\/li><li><a class=\"\" href=\"https:\/\/www.pshhc.org\/wp-content\/uploads\/2025\/04\/Planned-Giving-Brochure4-1024x396.png\" data-lightbox=\"lightbox[rel-138442-2243499760]\"><img loading=\"lazy\" decoding=\"async\" width=\"6600\" height=\"2550\" src=\"https:\/\/www.pshhc.org\/wp-content\/uploads\/2025\/04\/Planned-Giving-Brochure4.png\" class=\"attachment-full\" alt=\"\" title=\"Planned Giving Brochure4\" srcset=\"https:\/\/www.pshhc.org\/wp-content\/uploads\/2025\/04\/Planned-Giving-Brochure4.png 6600w, https:\/\/www.pshhc.org\/wp-content\/uploads\/2025\/04\/Planned-Giving-Brochure4-300x116.png 300w, https:\/\/www.pshhc.org\/wp-content\/uploads\/2025\/04\/Planned-Giving-Brochure4-1024x396.png 1024w, https:\/\/www.pshhc.org\/wp-content\/uploads\/2025\/04\/Planned-Giving-Brochure4-768x297.png 768w, https:\/\/www.pshhc.org\/wp-content\/uploads\/2025\/04\/Planned-Giving-Brochure4-1536x593.png 1536w, https:\/\/www.pshhc.org\/wp-content\/uploads\/2025\/04\/Planned-Giving-Brochure4-2048x791.png 2048w, https:\/\/www.pshhc.org\/wp-content\/uploads\/2025\/04\/Planned-Giving-Brochure4-18x7.png 18w\" sizes=\"auto, (max-width: 6600px) 100vw, 6600px\" \/><\/a><\/li><li><a class=\"\" href=\"https:\/\/www.pshhc.org\/wp-content\/uploads\/2025\/04\/Planned-Giving-Brochure5-1024x396.png\" data-lightbox=\"lightbox[rel-138442-2243499760]\"><img loading=\"lazy\" decoding=\"async\" width=\"6600\" height=\"2550\" src=\"https:\/\/www.pshhc.org\/wp-content\/uploads\/2025\/04\/Planned-Giving-Brochure5.png\" class=\"attachment-full\" alt=\"\" title=\"Planned Giving Brochure5\" srcset=\"https:\/\/www.pshhc.org\/wp-content\/uploads\/2025\/04\/Planned-Giving-Brochure5.png 6600w, https:\/\/www.pshhc.org\/wp-content\/uploads\/2025\/04\/Planned-Giving-Brochure5-300x116.png 300w, https:\/\/www.pshhc.org\/wp-content\/uploads\/2025\/04\/Planned-Giving-Brochure5-1024x396.png 1024w, https:\/\/www.pshhc.org\/wp-content\/uploads\/2025\/04\/Planned-Giving-Brochure5-768x297.png 768w, https:\/\/www.pshhc.org\/wp-content\/uploads\/2025\/04\/Planned-Giving-Brochure5-1536x593.png 1536w, https:\/\/www.pshhc.org\/wp-content\/uploads\/2025\/04\/Planned-Giving-Brochure5-2048x791.png 2048w, https:\/\/www.pshhc.org\/wp-content\/uploads\/2025\/04\/Planned-Giving-Brochure5-18x7.png 18w\" sizes=\"auto, (max-width: 6600px) 100vw, 6600px\" \/><\/a><\/li><li><a class=\"\" href=\"https:\/\/www.pshhc.org\/wp-content\/uploads\/2025\/04\/Planned-Giving-Brochure6-1024x396.png\" data-lightbox=\"lightbox[rel-138442-2243499760]\"><img loading=\"lazy\" decoding=\"async\" width=\"6600\" height=\"2550\" src=\"https:\/\/www.pshhc.org\/wp-content\/uploads\/2025\/04\/Planned-Giving-Brochure6.png\" class=\"attachment-full\" alt=\"\" title=\"Planned Giving Brochure6\" srcset=\"https:\/\/www.pshhc.org\/wp-content\/uploads\/2025\/04\/Planned-Giving-Brochure6.png 6600w, https:\/\/www.pshhc.org\/wp-content\/uploads\/2025\/04\/Planned-Giving-Brochure6-300x116.png 300w, https:\/\/www.pshhc.org\/wp-content\/uploads\/2025\/04\/Planned-Giving-Brochure6-1024x396.png 1024w, https:\/\/www.pshhc.org\/wp-content\/uploads\/2025\/04\/Planned-Giving-Brochure6-768x297.png 768w, https:\/\/www.pshhc.org\/wp-content\/uploads\/2025\/04\/Planned-Giving-Brochure6-1536x593.png 1536w, https:\/\/www.pshhc.org\/wp-content\/uploads\/2025\/04\/Planned-Giving-Brochure6-2048x791.png 2048w, https:\/\/www.pshhc.org\/wp-content\/uploads\/2025\/04\/Planned-Giving-Brochure6-18x7.png 18w\" sizes=\"auto, (max-width: 6600px) 100vw, 6600px\" \/><\/a><\/li><li><a class=\"\" href=\"https:\/\/www.pshhc.org\/wp-content\/uploads\/2025\/04\/Planned-Giving-Brochure7-1024x396.png\" data-lightbox=\"lightbox[rel-138442-2243499760]\"><img loading=\"lazy\" decoding=\"async\" width=\"6600\" height=\"2550\" src=\"https:\/\/www.pshhc.org\/wp-content\/uploads\/2025\/04\/Planned-Giving-Brochure7.png\" class=\"attachment-full\" alt=\"\" title=\"Planned Giving Brochure7\" srcset=\"https:\/\/www.pshhc.org\/wp-content\/uploads\/2025\/04\/Planned-Giving-Brochure7.png 6600w, https:\/\/www.pshhc.org\/wp-content\/uploads\/2025\/04\/Planned-Giving-Brochure7-300x116.png 300w, https:\/\/www.pshhc.org\/wp-content\/uploads\/2025\/04\/Planned-Giving-Brochure7-1024x396.png 1024w, https:\/\/www.pshhc.org\/wp-content\/uploads\/2025\/04\/Planned-Giving-Brochure7-768x297.png 768w, https:\/\/www.pshhc.org\/wp-content\/uploads\/2025\/04\/Planned-Giving-Brochure7-1536x593.png 1536w, https:\/\/www.pshhc.org\/wp-content\/uploads\/2025\/04\/Planned-Giving-Brochure7-2048x791.png 2048w, https:\/\/www.pshhc.org\/wp-content\/uploads\/2025\/04\/Planned-Giving-Brochure7-18x7.png 18w\" sizes=\"auto, (max-width: 6600px) 100vw, 6600px\" \/><\/a><\/li><li><a class=\"\" href=\"https:\/\/www.pshhc.org\/wp-content\/uploads\/2025\/04\/Planned-Giving-Brochure8-1024x396.png\" data-lightbox=\"lightbox[rel-138442-2243499760]\"><img loading=\"lazy\" decoding=\"async\" width=\"6600\" height=\"2550\" src=\"https:\/\/www.pshhc.org\/wp-content\/uploads\/2025\/04\/Planned-Giving-Brochure8.png\" class=\"attachment-full\" alt=\"\" title=\"Planned Giving Brochure8\" srcset=\"https:\/\/www.pshhc.org\/wp-content\/uploads\/2025\/04\/Planned-Giving-Brochure8.png 6600w, https:\/\/www.pshhc.org\/wp-content\/uploads\/2025\/04\/Planned-Giving-Brochure8-300x116.png 300w, https:\/\/www.pshhc.org\/wp-content\/uploads\/2025\/04\/Planned-Giving-Brochure8-1024x396.png 1024w, https:\/\/www.pshhc.org\/wp-content\/uploads\/2025\/04\/Planned-Giving-Brochure8-768x297.png 768w, https:\/\/www.pshhc.org\/wp-content\/uploads\/2025\/04\/Planned-Giving-Brochure8-1536x593.png 1536w, https:\/\/www.pshhc.org\/wp-content\/uploads\/2025\/04\/Planned-Giving-Brochure8-2048x791.png 2048w, https:\/\/www.pshhc.org\/wp-content\/uploads\/2025\/04\/Planned-Giving-Brochure8-18x7.png 18w\" sizes=\"auto, (max-width: 6600px) 100vw, 6600px\" \/><\/a><\/li><li><a class=\"\" href=\"https:\/\/www.pshhc.org\/wp-content\/uploads\/2025\/04\/Planned-Giving-Brochure9-1024x791.png\" data-lightbox=\"lightbox[rel-138442-2243499760]\"><img loading=\"lazy\" decoding=\"async\" width=\"3300\" height=\"2550\" src=\"https:\/\/www.pshhc.org\/wp-content\/uploads\/2025\/04\/Planned-Giving-Brochure9.png\" class=\"attachment-full\" alt=\"\" title=\"Planned Giving Brochure9\" srcset=\"https:\/\/www.pshhc.org\/wp-content\/uploads\/2025\/04\/Planned-Giving-Brochure9.png 3300w, https:\/\/www.pshhc.org\/wp-content\/uploads\/2025\/04\/Planned-Giving-Brochure9-300x232.png 300w, https:\/\/www.pshhc.org\/wp-content\/uploads\/2025\/04\/Planned-Giving-Brochure9-1024x791.png 1024w, https:\/\/www.pshhc.org\/wp-content\/uploads\/2025\/04\/Planned-Giving-Brochure9-768x593.png 768w, https:\/\/www.pshhc.org\/wp-content\/uploads\/2025\/04\/Planned-Giving-Brochure9-1536x1187.png 1536w, https:\/\/www.pshhc.org\/wp-content\/uploads\/2025\/04\/Planned-Giving-Brochure9-2048x1583.png 2048w, https:\/\/www.pshhc.org\/wp-content\/uploads\/2025\/04\/Planned-Giving-Brochure9-16x12.png 16w\" sizes=\"auto, (max-width: 3300px) 100vw, 3300px\" \/><\/a><\/li><\/ul><\/div><\/div><\/div><\/div><\/div><\/div><\/div><div class=\"vc_row-full-width vc_clearfix\"><\/div>\n<\/div>","protected":false},"excerpt":{"rendered":"Su legado a trav\u00e9s de donaciones planificadas. Con una donaci\u00f3n planificada, puede dejar un legado que transforme vidas para el futuro. \u00bfQu\u00e9 es una donaci\u00f3n planificada? Una donaci\u00f3n planificada, o legado, es una donaci\u00f3n intencionalmente planificada para el futuro. Esto podr\u00eda significar: \u2022 Dejar un legado en su testamento o fideicomiso \u2022 Nombrar...  <a class=\"excerpt-read-more\" href=\"https:\/\/www.pshhc.org\/es\/planned-giving\/\" title=\"Lea Donaciones planificadas\">Leer m\u00e1s &quot;<\/a>","protected":false},"author":1105,"featured_media":0,"parent":0,"menu_order":0,"comment_status":"closed","ping_status":"closed","template":"page-wide.php","meta":{"_acf_changed":false,"footnotes":""},"class_list":["post-138442","page","type-page","status-publish","hentry"],"acf":[],"yoast_head":"<!-- This site is optimized with the Yoast SEO plugin v27.5 - https:\/\/yoast.com\/product\/yoast-seo-wordpress\/ -->\n<title>Planned Giving - People&#039;s Self-Help Housing<\/title>\n<meta name=\"description\" content=\"Click the arrows to browse through this year\u2019s report! Download a PDF Report\" \/>\n<meta name=\"robots\" content=\"index, follow, max-snippet:-1, max-image-preview:large, max-video-preview:-1\" \/>\n<link rel=\"canonical\" href=\"https:\/\/www.pshhc.org\/es\/planned-giving\/\" \/>\n<meta property=\"og:locale\" content=\"es_MX\" \/>\n<meta property=\"og:type\" content=\"article\" \/>\n<meta property=\"og:title\" content=\"Planned Giving - People&#039;s Self-Help Housing\" \/>\n<meta property=\"og:description\" content=\"Click the arrows to browse through this year\u2019s report! Download a PDF Report\" \/>\n<meta property=\"og:url\" content=\"https:\/\/www.pshhc.org\/es\/planned-giving\/\" \/>\n<meta property=\"og:site_name\" content=\"People&#039;s Self-Help Housing\" \/>\n<meta property=\"article:modified_time\" content=\"2025-10-08T19:51:00+00:00\" \/>\n<meta name=\"twitter:card\" content=\"summary_large_image\" \/>\n<meta name=\"twitter:label1\" content=\"Tiempo de lectura\" \/>\n\t<meta name=\"twitter:data1\" content=\"3 minutos\" \/>\n<script type=\"application\/ld+json\" class=\"yoast-schema-graph\">{\"@context\":\"https:\\\/\\\/schema.org\",\"@graph\":[{\"@type\":\"WebPage\",\"@id\":\"https:\\\/\\\/www.pshhc.org\\\/planned-giving\\\/\",\"url\":\"https:\\\/\\\/www.pshhc.org\\\/planned-giving\\\/\",\"name\":\"Planned Giving - People&#039;s Self-Help Housing\",\"isPartOf\":{\"@id\":\"https:\\\/\\\/www.pshhc.org\\\/#website\"},\"datePublished\":\"2025-04-02T19:45:36+00:00\",\"dateModified\":\"2025-10-08T19:51:00+00:00\",\"description\":\"Click the arrows to browse through this year\u2019s report! Download a PDF Report\",\"breadcrumb\":{\"@id\":\"https:\\\/\\\/www.pshhc.org\\\/planned-giving\\\/#breadcrumb\"},\"inLanguage\":\"es\",\"potentialAction\":[{\"@type\":\"ReadAction\",\"target\":[\"https:\\\/\\\/www.pshhc.org\\\/planned-giving\\\/\"]}]},{\"@type\":\"BreadcrumbList\",\"@id\":\"https:\\\/\\\/www.pshhc.org\\\/planned-giving\\\/#breadcrumb\",\"itemListElement\":[{\"@type\":\"ListItem\",\"position\":1,\"name\":\"Home\",\"item\":\"https:\\\/\\\/www.pshhc.org\\\/\"},{\"@type\":\"ListItem\",\"position\":2,\"name\":\"Planned Giving\"}]},{\"@type\":\"WebSite\",\"@id\":\"https:\\\/\\\/www.pshhc.org\\\/#website\",\"url\":\"https:\\\/\\\/www.pshhc.org\\\/\",\"name\":\"People&#039;s Self-Help Housing\",\"description\":\"People&#039;s Self-Help Housing\",\"potentialAction\":[{\"@type\":\"SearchAction\",\"target\":{\"@type\":\"EntryPoint\",\"urlTemplate\":\"https:\\\/\\\/www.pshhc.org\\\/?s={search_term_string}\"},\"query-input\":{\"@type\":\"PropertyValueSpecification\",\"valueRequired\":true,\"valueName\":\"search_term_string\"}}],\"inLanguage\":\"es\"}]}<\/script>\n<!-- \/ Yoast SEO plugin. -->","yoast_head_json":{"title":"Donaciones planificadas - Vivienda de autoayuda para personas","description":"\u00a1Haga clic en las flechas para explorar el informe de este a\u00f1o! Descargue el informe en PDF.","robots":{"index":"index","follow":"follow","max-snippet":"max-snippet:-1","max-image-preview":"max-image-preview:large","max-video-preview":"max-video-preview:-1"},"canonical":"https:\/\/www.pshhc.org\/es\/planned-giving\/","og_locale":"es_MX","og_type":"article","og_title":"Planned Giving - People&#039;s Self-Help Housing","og_description":"Click the arrows to browse through this year\u2019s report! Download a PDF Report","og_url":"https:\/\/www.pshhc.org\/es\/planned-giving\/","og_site_name":"People&#039;s Self-Help Housing","article_modified_time":"2025-10-08T19:51:00+00:00","twitter_card":"summary_large_image","twitter_misc":{"Tiempo de lectura":"3 minutos"},"schema":{"@context":"https:\/\/schema.org","@graph":[{"@type":"WebPage","@id":"https:\/\/www.pshhc.org\/planned-giving\/","url":"https:\/\/www.pshhc.org\/planned-giving\/","name":"Donaciones planificadas - Vivienda de autoayuda para personas","isPartOf":{"@id":"https:\/\/www.pshhc.org\/#website"},"datePublished":"2025-04-02T19:45:36+00:00","dateModified":"2025-10-08T19:51:00+00:00","description":"\u00a1Haga clic en las flechas para explorar el informe de este a\u00f1o! Descargue el informe en PDF.","breadcrumb":{"@id":"https:\/\/www.pshhc.org\/planned-giving\/#breadcrumb"},"inLanguage":"es","potentialAction":[{"@type":"ReadAction","target":["https:\/\/www.pshhc.org\/planned-giving\/"]}]},{"@type":"BreadcrumbList","@id":"https:\/\/www.pshhc.org\/planned-giving\/#breadcrumb","itemListElement":[{"@type":"ListItem","position":1,"name":"Home","item":"https:\/\/www.pshhc.org\/"},{"@type":"ListItem","position":2,"name":"Planned Giving"}]},{"@type":"WebSite","@id":"https:\/\/www.pshhc.org\/#website","url":"https:\/\/www.pshhc.org\/","name":"Vivienda de autoayuda de People &amp; #039; s","description":"Vivienda de autoayuda de People &amp; #039; s","potentialAction":[{"@type":"SearchAction","target":{"@type":"EntryPoint","urlTemplate":"https:\/\/www.pshhc.org\/?s={search_term_string}"},"query-input":{"@type":"PropertyValueSpecification","valueRequired":true,"valueName":"search_term_string"}}],"inLanguage":"es"}]}},"jetpack_sharing_enabled":true,"_links":{"self":[{"href":"https:\/\/www.pshhc.org\/es\/wp-json\/wp\/v2\/pages\/138442","targetHints":{"allow":["GET"]}}],"collection":[{"href":"https:\/\/www.pshhc.org\/es\/wp-json\/wp\/v2\/pages"}],"about":[{"href":"https:\/\/www.pshhc.org\/es\/wp-json\/wp\/v2\/types\/page"}],"author":[{"embeddable":true,"href":"https:\/\/www.pshhc.org\/es\/wp-json\/wp\/v2\/users\/1105"}],"replies":[{"embeddable":true,"href":"https:\/\/www.pshhc.org\/es\/wp-json\/wp\/v2\/comments?post=138442"}],"version-history":[{"count":10,"href":"https:\/\/www.pshhc.org\/es\/wp-json\/wp\/v2\/pages\/138442\/revisions"}],"predecessor-version":[{"id":139402,"href":"https:\/\/www.pshhc.org\/es\/wp-json\/wp\/v2\/pages\/138442\/revisions\/139402"}],"wp:attachment":[{"href":"https:\/\/www.pshhc.org\/es\/wp-json\/wp\/v2\/media?parent=138442"}],"curies":[{"name":"gracias","href":"https:\/\/api.w.org\/{rel}","templated":true}]}}