{"id":138003,"date":"2025-02-26T23:40:00","date_gmt":"2025-02-26T23:40:00","guid":{"rendered":"https:\/\/www.pshhc.org\/?page_id=138003"},"modified":"2025-02-26T23:40:00","modified_gmt":"2025-02-26T23:40:00","slug":"development","status":"publish","type":"page","link":"https:\/\/www.pshhc.org\/es\/development\/","title":{"rendered":"C\u00f3mo se construye"},"content":{"rendered":"<div class=\"wpb-content-wrapper\"><div data-vc-full-width=\"true\" data-vc-full-width-temp=\"true\" data-vc-full-width-init=\"false\" data-vc-stretch-content=\"true\" class=\"vc_row wpb_row vc_row-fluid inner-banner vc_row-no-padding\"><div class=\"wpb_column vc_column_container vc_col-sm-12\"><div class=\"vc_column-inner\"><div class=\"wpb_wrapper\">\n\t<div  class=\"wpb_single_image wpb_content_element vc_align_center wpb_content_element  bg-image\">\n\t\t\n\t\t<figure class=\"wpb_wrapper vc_figure\">\n\t\t\t<div class=\"vc_single_image-wrapper   vc_box_border_grey\"><img loading=\"lazy\" decoding=\"async\" width=\"1920\" height=\"1080\" src=\"https:\/\/www.pshhc.org\/wp-content\/uploads\/2025\/01\/Const.jpg\" class=\"vc_single_image-img attachment-full\" alt=\"\" title=\"Const\" srcset=\"https:\/\/www.pshhc.org\/wp-content\/uploads\/2025\/01\/Const.jpg 1920w, https:\/\/www.pshhc.org\/wp-content\/uploads\/2025\/01\/Const-300x169.jpg 300w, https:\/\/www.pshhc.org\/wp-content\/uploads\/2025\/01\/Const-768x432.jpg 768w, https:\/\/www.pshhc.org\/wp-content\/uploads\/2025\/01\/Const-1024x576.jpg 1024w, https:\/\/www.pshhc.org\/wp-content\/uploads\/2025\/01\/Const-1536x864.jpg 1536w, https:\/\/www.pshhc.org\/wp-content\/uploads\/2025\/01\/Const-18x10.jpg 18w\" sizes=\"auto, (max-width: 1920px) 100vw, 1920px\" \/><\/div>\n\t\t<\/figure>\n\t<\/div>\n<\/div><\/div><\/div><\/div><div class=\"vc_row-full-width vc_clearfix\"><\/div><div data-vc-full-width=\"true\" data-vc-full-width-temp=\"true\" data-vc-full-width-init=\"false\" data-vc-stretch-content=\"true\" class=\"vc_row wpb_row vc_row-fluid inner-housing-section vc_row-no-padding\"><div class=\"wpb_column vc_column_container vc_col-sm-12\"><div class=\"vc_column-inner\"><div class=\"wpb_wrapper\">\n\t<div class=\"wpb_text_column wpb_content_element container\" >\n\t\t<div class=\"wpb_wrapper\">\n\t\t\t<h2 style=\"text-align: center;\">C\u00f3mo se construye<\/h2>\n\n\t\t<\/div>\n\t<\/div>\n<\/div><\/div><\/div><\/div><div class=\"vc_row-full-width vc_clearfix\"><\/div><div data-vc-full-width=\"true\" data-vc-full-width-temp=\"true\" data-vc-full-width-init=\"false\" data-vc-stretch-content=\"true\" class=\"vc_row wpb_row vc_row-fluid rental-housing-section vc_row-no-padding\"><div class=\"wpb_column vc_column_container vc_col-sm-12\"><div class=\"vc_column-inner\"><div class=\"wpb_wrapper\">\n\t<div class=\"wpb_text_column wpb_content_element container\" >\n\t\t<div class=\"wpb_wrapper\">\n\t\t\t<p>\u00a1Construir m\u00e1s viviendas asequibles es todo un viaje! \u00danase a nosotros en este viaje por carretera para descubrir los desaf\u00edos y las oportunidades que tendremos que afrontar a medida que llevamos m\u00e1s viviendas a su comunidad.<\/p>\n\n\t\t<\/div>\n\t<\/div>\n\n\t<div  class=\"wpb_single_image wpb_content_element vc_align_center wpb_content_element\">\n\t\t\n\t\t<figure class=\"wpb_wrapper vc_figure\">\n\t\t\t<div class=\"vc_single_image-wrapper   vc_box_border_grey\"><img loading=\"lazy\" decoding=\"async\" width=\"1302\" height=\"2000\" src=\"https:\/\/www.pshhc.org\/wp-content\/uploads\/2025\/02\/How-It-Gets-Built-Final-01-e1740613235338.png\" class=\"vc_single_image-img attachment-full\" alt=\"\" title=\"C\u00f3mo se construye - Final - 01\" \/><\/div>\n\t\t<\/figure>\n\t<\/div>\n<\/div><\/div><\/div><\/div><div class=\"vc_row-full-width vc_clearfix\"><\/div>\n<\/div>","protected":false},"excerpt":{"rendered":"C\u00f3mo se construye. \u00a1Construir viviendas m\u00e1s asequibles es todo un reto! Acomp\u00e1\u00f1enos en este viaje para descubrir los desaf\u00edos y las oportunidades que tendremos que afrontar a medida que construimos m\u00e1s viviendas en su comunidad.","protected":false},"author":1105,"featured_media":138007,"parent":0,"menu_order":0,"comment_status":"closed","ping_status":"closed","template":"page-wide.php","meta":{"_acf_changed":false,"footnotes":""},"class_list":["post-138003","page","type-page","status-publish","has-post-thumbnail","hentry"],"acf":[],"yoast_head":"<!-- This site is optimized with the Yoast SEO plugin v26.9 - https:\/\/yoast.com\/product\/yoast-seo-wordpress\/ -->\n<title>How It Gets Built - People&#039;s Self-Help Housing<\/title>\n<meta name=\"description\" content=\"How It Gets Built It&#8217;s quite a journey to build more affordable housing! Join us on this road trip to discover the challenges and opportunities we&#8217;ll need to navigate as\" \/>\n<meta name=\"robots\" content=\"index, follow, max-snippet:-1, max-image-preview:large, max-video-preview:-1\" \/>\n<link rel=\"canonical\" href=\"https:\/\/www.pshhc.org\/es\/development\/\" \/>\n<meta property=\"og:locale\" content=\"es_MX\" \/>\n<meta property=\"og:type\" content=\"article\" \/>\n<meta property=\"og:title\" content=\"How It Gets Built - People&#039;s Self-Help Housing\" \/>\n<meta property=\"og:url\" content=\"https:\/\/www.pshhc.org\/es\/development\/\" \/>\n<meta property=\"og:site_name\" content=\"People&#039;s Self-Help Housing\" \/>\n<meta property=\"og:image\" content=\"https:\/\/www.pshhc.org\/wp-content\/uploads\/2025\/01\/Const.jpg\" \/>\n\t<meta property=\"og:image:width\" content=\"1920\" \/>\n\t<meta property=\"og:image:height\" content=\"1080\" \/>\n\t<meta property=\"og:image:type\" content=\"image\/jpeg\" \/>\n<meta name=\"twitter:card\" content=\"summary_large_image\" \/>\n<meta name=\"twitter:label1\" content=\"Tiempo de lectura\" \/>\n\t<meta name=\"twitter:data1\" content=\"1 minuto\" \/>\n<script type=\"application\/ld+json\" class=\"yoast-schema-graph\">{\"@context\":\"https:\/\/schema.org\",\"@graph\":[{\"@type\":\"WebPage\",\"@id\":\"https:\/\/www.pshhc.org\/development\/\",\"url\":\"https:\/\/www.pshhc.org\/development\/\",\"name\":\"How It Gets Built - People&#039;s Self-Help Housing\",\"isPartOf\":{\"@id\":\"https:\/\/www.pshhc.org\/#website\"},\"primaryImageOfPage\":{\"@id\":\"https:\/\/www.pshhc.org\/development\/#primaryimage\"},\"image\":{\"@id\":\"https:\/\/www.pshhc.org\/development\/#primaryimage\"},\"thumbnailUrl\":\"https:\/\/www.pshhc.org\/wp-content\/uploads\/2025\/01\/Const.jpg\",\"datePublished\":\"2025-02-26T23:40:00+00:00\",\"breadcrumb\":{\"@id\":\"https:\/\/www.pshhc.org\/development\/#breadcrumb\"},\"inLanguage\":\"es\",\"potentialAction\":[{\"@type\":\"ReadAction\",\"target\":[\"https:\/\/www.pshhc.org\/development\/\"]}]},{\"@type\":\"ImageObject\",\"inLanguage\":\"es\",\"@id\":\"https:\/\/www.pshhc.org\/development\/#primaryimage\",\"url\":\"https:\/\/www.pshhc.org\/wp-content\/uploads\/2025\/01\/Const.jpg\",\"contentUrl\":\"https:\/\/www.pshhc.org\/wp-content\/uploads\/2025\/01\/Const.jpg\",\"width\":1920,\"height\":1080},{\"@type\":\"BreadcrumbList\",\"@id\":\"https:\/\/www.pshhc.org\/development\/#breadcrumb\",\"itemListElement\":[{\"@type\":\"ListItem\",\"position\":1,\"name\":\"Home\",\"item\":\"https:\/\/www.pshhc.org\/\"},{\"@type\":\"ListItem\",\"position\":2,\"name\":\"How It Gets Built\"}]},{\"@type\":\"WebSite\",\"@id\":\"https:\/\/www.pshhc.org\/#website\",\"url\":\"https:\/\/www.pshhc.org\/\",\"name\":\"People&#039;s Self-Help Housing\",\"description\":\"People&#039;s Self-Help Housing\",\"potentialAction\":[{\"@type\":\"SearchAction\",\"target\":{\"@type\":\"EntryPoint\",\"urlTemplate\":\"https:\/\/www.pshhc.org\/?s={search_term_string}\"},\"query-input\":{\"@type\":\"PropertyValueSpecification\",\"valueRequired\":true,\"valueName\":\"search_term_string\"}}],\"inLanguage\":\"es\"}]}<\/script>\n<!-- \/ Yoast SEO plugin. -->","yoast_head_json":{"title":"C\u00f3mo se construye - Vivienda de autoayuda para personas","description":"C\u00f3mo se construye. \u00a1Construir viviendas m\u00e1s asequibles es todo un viaje! Acomp\u00e1\u00f1enos en este viaje por carretera para descubrir los desaf\u00edos y las oportunidades que tendremos que afrontar.","robots":{"index":"index","follow":"follow","max-snippet":"max-snippet:-1","max-image-preview":"max-image-preview:large","max-video-preview":"max-video-preview:-1"},"canonical":"https:\/\/www.pshhc.org\/es\/development\/","og_locale":"es_MX","og_type":"article","og_title":"How It Gets Built - People&#039;s Self-Help Housing","og_url":"https:\/\/www.pshhc.org\/es\/development\/","og_site_name":"People&#039;s Self-Help Housing","og_image":[{"width":1920,"height":1080,"url":"https:\/\/www.pshhc.org\/wp-content\/uploads\/2025\/01\/Const.jpg","type":"image\/jpeg"}],"twitter_card":"summary_large_image","twitter_misc":{"Tiempo de lectura":"1 minuto"},"schema":{"@context":"https:\/\/schema.org","@graph":[{"@type":"WebPage","@id":"https:\/\/www.pshhc.org\/development\/","url":"https:\/\/www.pshhc.org\/development\/","name":"C\u00f3mo se construye - Vivienda de autoayuda para personas","isPartOf":{"@id":"https:\/\/www.pshhc.org\/#website"},"primaryImageOfPage":{"@id":"https:\/\/www.pshhc.org\/development\/#primaryimage"},"image":{"@id":"https:\/\/www.pshhc.org\/development\/#primaryimage"},"thumbnailUrl":"https:\/\/www.pshhc.org\/wp-content\/uploads\/2025\/01\/Const.jpg","datePublished":"2025-02-26T23:40:00+00:00","breadcrumb":{"@id":"https:\/\/www.pshhc.org\/development\/#breadcrumb"},"inLanguage":"es","potentialAction":[{"@type":"ReadAction","target":["https:\/\/www.pshhc.org\/development\/"]}]},{"@type":"ImageObject","inLanguage":"es","@id":"https:\/\/www.pshhc.org\/development\/#primaryimage","url":"https:\/\/www.pshhc.org\/wp-content\/uploads\/2025\/01\/Const.jpg","contentUrl":"https:\/\/www.pshhc.org\/wp-content\/uploads\/2025\/01\/Const.jpg","width":1920,"height":1080},{"@type":"BreadcrumbList","@id":"https:\/\/www.pshhc.org\/development\/#breadcrumb","itemListElement":[{"@type":"ListItem","position":1,"name":"Home","item":"https:\/\/www.pshhc.org\/"},{"@type":"ListItem","position":2,"name":"How It Gets Built"}]},{"@type":"WebSite","@id":"https:\/\/www.pshhc.org\/#website","url":"https:\/\/www.pshhc.org\/","name":"Vivienda de autoayuda de People &amp; #039; s","description":"Vivienda de autoayuda de People &amp; #039; s","potentialAction":[{"@type":"SearchAction","target":{"@type":"EntryPoint","urlTemplate":"https:\/\/www.pshhc.org\/?s={search_term_string}"},"query-input":{"@type":"PropertyValueSpecification","valueRequired":true,"valueName":"search_term_string"}}],"inLanguage":"es"}]}},"jetpack_sharing_enabled":true,"_links":{"self":[{"href":"https:\/\/www.pshhc.org\/es\/wp-json\/wp\/v2\/pages\/138003","targetHints":{"allow":["GET"]}}],"collection":[{"href":"https:\/\/www.pshhc.org\/es\/wp-json\/wp\/v2\/pages"}],"about":[{"href":"https:\/\/www.pshhc.org\/es\/wp-json\/wp\/v2\/types\/page"}],"author":[{"embeddable":true,"href":"https:\/\/www.pshhc.org\/es\/wp-json\/wp\/v2\/users\/1105"}],"replies":[{"embeddable":true,"href":"https:\/\/www.pshhc.org\/es\/wp-json\/wp\/v2\/comments?post=138003"}],"version-history":[{"count":17,"href":"https:\/\/www.pshhc.org\/es\/wp-json\/wp\/v2\/pages\/138003\/revisions"}],"predecessor-version":[{"id":138268,"href":"https:\/\/www.pshhc.org\/es\/wp-json\/wp\/v2\/pages\/138003\/revisions\/138268"}],"wp:featuredmedia":[{"embeddable":true,"href":"https:\/\/www.pshhc.org\/es\/wp-json\/wp\/v2\/media\/138007"}],"wp:attachment":[{"href":"https:\/\/www.pshhc.org\/es\/wp-json\/wp\/v2\/media?parent=138003"}],"curies":[{"name":"gracias","href":"https:\/\/api.w.org\/{rel}","templated":true}]}}