{"id":137707,"date":"2024-12-03T20:12:42","date_gmt":"2024-12-03T20:12:42","guid":{"rendered":"https:\/\/www.pshhc.org\/?page_id=137707"},"modified":"2025-07-23T20:31:44","modified_gmt":"2025-07-23T20:31:44","slug":"ami-slo","status":"publish","type":"page","link":"https:\/\/www.pshhc.org\/es\/ami-slo\/","title":{"rendered":"Ingresos medios del \u00e1rea: condado de SLO."},"content":{"rendered":"<div class=\"wpb-content-wrapper\"><div data-vc-full-width=\"true\" data-vc-full-width-temp=\"true\" data-vc-full-width-init=\"false\" data-vc-stretch-content=\"true\" class=\"vc_row wpb_row vc_row-fluid inner-banner vc_row-no-padding\"><div class=\"wpb_column vc_column_container vc_col-sm-12\"><div class=\"vc_column-inner\"><div class=\"wpb_wrapper\">\n\t<div  class=\"wpb_single_image wpb_content_element vc_align_center wpb_content_element  bg-image\">\n\t\t\n\t\t<figure class=\"wpb_wrapper vc_figure\">\n\t\t\t<div class=\"vc_single_image-wrapper   vc_box_border_grey\"><img loading=\"lazy\" decoding=\"async\" width=\"2560\" height=\"1707\" src=\"https:\/\/www.pshhc.org\/wp-content\/uploads\/2024\/08\/Courtland-Street-Apartments-Exterior_042921_38-scaled.jpg\" class=\"vc_single_image-img attachment-full\" alt=\"Courtland Street Apartments\" title=\"Courtland Street Apartments\" srcset=\"https:\/\/www.pshhc.org\/wp-content\/uploads\/2024\/08\/Courtland-Street-Apartments-Exterior_042921_38-scaled.jpg 2560w, https:\/\/www.pshhc.org\/wp-content\/uploads\/2024\/08\/Courtland-Street-Apartments-Exterior_042921_38-300x200.jpg 300w, https:\/\/www.pshhc.org\/wp-content\/uploads\/2024\/08\/Courtland-Street-Apartments-Exterior_042921_38-1024x683.jpg 1024w, https:\/\/www.pshhc.org\/wp-content\/uploads\/2024\/08\/Courtland-Street-Apartments-Exterior_042921_38-768x512.jpg 768w, https:\/\/www.pshhc.org\/wp-content\/uploads\/2024\/08\/Courtland-Street-Apartments-Exterior_042921_38-1536x1024.jpg 1536w, https:\/\/www.pshhc.org\/wp-content\/uploads\/2024\/08\/Courtland-Street-Apartments-Exterior_042921_38-2048x1365.jpg 2048w, https:\/\/www.pshhc.org\/wp-content\/uploads\/2024\/08\/Courtland-Street-Apartments-Exterior_042921_38-18x12.jpg 18w, https:\/\/www.pshhc.org\/wp-content\/uploads\/2024\/08\/Courtland-Street-Apartments-Exterior_042921_38-400x267.jpg 400w\" sizes=\"auto, (max-width: 2560px) 100vw, 2560px\" \/><\/div>\n\t\t<\/figure>\n\t<\/div>\n<\/div><\/div><\/div><\/div><div class=\"vc_row-full-width vc_clearfix\"><\/div><div data-vc-full-width=\"true\" data-vc-full-width-temp=\"true\" data-vc-full-width-init=\"false\" data-vc-stretch-content=\"true\" class=\"vc_row wpb_row vc_row-fluid inner-housing-section vc_row-no-padding\"><div class=\"wpb_column vc_column_container vc_col-sm-12\"><div class=\"vc_column-inner\"><div class=\"wpb_wrapper\">\n\t<div class=\"wpb_text_column wpb_content_element container\" >\n\t\t<div class=\"wpb_wrapper\">\n\t\t\t<h2>Ingresos medios del \u00e1rea: condado de SLO<\/h2>\n\n\t\t<\/div>\n\t<\/div>\n<\/div><\/div><\/div><\/div><div class=\"vc_row-full-width vc_clearfix\"><\/div><div data-vc-full-width=\"true\" data-vc-full-width-temp=\"true\" data-vc-full-width-init=\"false\" data-vc-stretch-content=\"true\" class=\"vc_row wpb_row vc_row-fluid rental-housing-section wider vc_row-no-padding\"><div class=\"container wpb_column vc_column_container vc_col-sm-12\"><div class=\"vc_column-inner\"><div class=\"wpb_wrapper\">\n\t<div class=\"wpb_text_column wpb_content_element\" >\n\t\t<div class=\"wpb_wrapper\">\n\t\t\t<p>Cada propiedad de PSHH tiene l\u00edmites de ingresos m\u00e1ximos y m\u00ednimos. Estos l\u00edmites son determinados por el Departamento de Vivienda y Desarrollo Comunitario de EE. UU., son espec\u00edficos de cada condado y se actualizan anualmente. A continuaci\u00f3n, se presentan las directrices para 2025 del Condado de San Luis Obispo.<\/p>\n<p>Para ver los ingresos medios del \u00e1rea para otras partes de la Costa Central, visite nuestra <a href=\"https:\/\/www.pshhc.org\/es\/ami-ven\/\">Condado de Ventura<\/a> y <a href=\"https:\/\/www.pshhc.org\/es\/ami-sb\/\">Condado de Santa B\u00e1rbara<\/a> p\u00e1ginas.<\/p>\n\n\t\t<\/div>\n\t<\/div>\n<div class=\"vc_row wpb_row vc_inner vc_row-fluid vc_column-gap-30\"><div class=\"wpb_column vc_column_container vc_col-sm-12\"><div class=\"vc_column-inner\"><div class=\"wpb_wrapper\">\n\t<div  class=\"wpb_single_image wpb_content_element vc_align_left wpb_content_element\">\n\t\t\n\t\t<figure class=\"wpb_wrapper vc_figure\">\n\t\t\t<div class=\"vc_single_image-wrapper   vc_box_border_grey\"><img loading=\"lazy\" decoding=\"async\" width=\"1000\" height=\"700\" src=\"https:\/\/www.pshhc.org\/wp-content\/uploads\/2025\/06\/SLO-County.png\" class=\"vc_single_image-img attachment-full\" alt=\"\" title=\"Condado de SLO\" srcset=\"https:\/\/www.pshhc.org\/wp-content\/uploads\/2025\/06\/SLO-County.png 1000w, https:\/\/www.pshhc.org\/wp-content\/uploads\/2025\/06\/SLO-County-300x210.png 300w, https:\/\/www.pshhc.org\/wp-content\/uploads\/2025\/06\/SLO-County-768x538.png 768w, https:\/\/www.pshhc.org\/wp-content\/uploads\/2025\/06\/SLO-County-18x12.png 18w\" sizes=\"auto, (max-width: 1000px) 100vw, 1000px\" \/><\/div>\n\t\t<\/figure>\n\t<\/div>\n<\/div><\/div><\/div><\/div>\n\t<div class=\"wpb_text_column wpb_content_element\" >\n\t\t<div class=\"wpb_wrapper\">\n\t\t\t<p><em>*Vigente a partir del 1 de abril de 2025<\/em><\/p>\n\n\t\t<\/div>\n\t<\/div>\n<\/div><\/div><\/div><\/div><div class=\"vc_row-full-width vc_clearfix\"><\/div>\n<\/div>","protected":false},"excerpt":{"rendered":"Ingresos medios del \u00e1rea: Condado de SLO. Cada propiedad PSHH tiene l\u00edmites de ingresos m\u00e1ximos y m\u00ednimos. Estos l\u00edmites son determinados por el Departamento de Vivienda y Desarrollo Comunitario de EE. UU., son espec\u00edficos de cada condado y se actualizan anualmente. A continuaci\u00f3n, se presentan las directrices de 2025 para el Condado de San Luis Obispo. Para consultar los ingresos medios del \u00e1rea de otras zonas de la Costa Central,...  <a class=\"excerpt-read-more\" href=\"https:\/\/www.pshhc.org\/es\/ami-slo\/\" title=\"Lea los ingresos medios del \u00e1rea: condado de SLO.\">Leer m\u00e1s &quot;<\/a>","protected":false},"author":1105,"featured_media":135425,"parent":0,"menu_order":0,"comment_status":"closed","ping_status":"closed","template":"page-wide.php","meta":{"_acf_changed":false,"footnotes":""},"class_list":["post-137707","page","type-page","status-publish","has-post-thumbnail","hentry"],"acf":[],"yoast_head":"<!-- This site is optimized with the Yoast SEO plugin v26.9 - https:\/\/yoast.com\/product\/yoast-seo-wordpress\/ -->\n<title>Area Median Incomes: SLO Co. - People&#039;s Self-Help Housing<\/title>\n<meta name=\"description\" content=\"Every gift you make to PSHH has the ability to transform the lives of thousands of deserving people everyday. Seniors, students, veterans, families, hardworking individuals all benefit from your kindness.\" \/>\n<meta name=\"robots\" content=\"index, follow, max-snippet:-1, max-image-preview:large, max-video-preview:-1\" \/>\n<link rel=\"canonical\" href=\"https:\/\/www.pshhc.org\/es\/ami-slo\/\" \/>\n<meta property=\"og:locale\" content=\"es_MX\" \/>\n<meta property=\"og:type\" content=\"article\" \/>\n<meta property=\"og:title\" content=\"Area Median Incomes: SLO Co. - People&#039;s Self-Help Housing\" \/>\n<meta property=\"og:description\" content=\"Every gift you make to PSHH has the ability to transform the lives of thousands of deserving people everyday. Seniors, students, veterans, families, hardworking individuals all benefit from your kindness.\" \/>\n<meta property=\"og:url\" content=\"https:\/\/www.pshhc.org\/es\/ami-slo\/\" \/>\n<meta property=\"og:site_name\" content=\"People&#039;s Self-Help Housing\" \/>\n<meta property=\"article:modified_time\" content=\"2025-07-23T20:31:44+00:00\" \/>\n<meta property=\"og:image\" content=\"https:\/\/www.pshhc.org\/wp-content\/uploads\/2024\/08\/Courtland-Street-Apartments-Exterior_042921_38-scaled.jpg\" \/>\n\t<meta property=\"og:image:width\" content=\"2560\" \/>\n\t<meta property=\"og:image:height\" content=\"1707\" \/>\n\t<meta property=\"og:image:type\" content=\"image\/jpeg\" \/>\n<meta name=\"twitter:card\" content=\"summary_large_image\" \/>\n<meta name=\"twitter:label1\" content=\"Tiempo de lectura\" \/>\n\t<meta name=\"twitter:data1\" content=\"2 minutos\" \/>\n<script type=\"application\/ld+json\" class=\"yoast-schema-graph\">{\"@context\":\"https:\/\/schema.org\",\"@graph\":[{\"@type\":\"WebPage\",\"@id\":\"https:\/\/www.pshhc.org\/ami-slo\/\",\"url\":\"https:\/\/www.pshhc.org\/ami-slo\/\",\"name\":\"Area Median Incomes: SLO Co. - People&#039;s Self-Help Housing\",\"isPartOf\":{\"@id\":\"https:\/\/www.pshhc.org\/#website\"},\"primaryImageOfPage\":{\"@id\":\"https:\/\/www.pshhc.org\/ami-slo\/#primaryimage\"},\"image\":{\"@id\":\"https:\/\/www.pshhc.org\/ami-slo\/#primaryimage\"},\"thumbnailUrl\":\"https:\/\/www.pshhc.org\/wp-content\/uploads\/2024\/08\/Courtland-Street-Apartments-Exterior_042921_38-scaled.jpg\",\"datePublished\":\"2024-12-03T20:12:42+00:00\",\"dateModified\":\"2025-07-23T20:31:44+00:00\",\"description\":\"Every gift you make to PSHH has the ability to transform the lives of thousands of deserving people everyday. Seniors, students, veterans, families, hardworking individuals all benefit from your kindness.\",\"breadcrumb\":{\"@id\":\"https:\/\/www.pshhc.org\/ami-slo\/#breadcrumb\"},\"inLanguage\":\"es\",\"potentialAction\":[{\"@type\":\"ReadAction\",\"target\":[\"https:\/\/www.pshhc.org\/ami-slo\/\"]}]},{\"@type\":\"ImageObject\",\"inLanguage\":\"es\",\"@id\":\"https:\/\/www.pshhc.org\/ami-slo\/#primaryimage\",\"url\":\"https:\/\/www.pshhc.org\/wp-content\/uploads\/2024\/08\/Courtland-Street-Apartments-Exterior_042921_38-scaled.jpg\",\"contentUrl\":\"https:\/\/www.pshhc.org\/wp-content\/uploads\/2024\/08\/Courtland-Street-Apartments-Exterior_042921_38-scaled.jpg\",\"width\":2560,\"height\":1707,\"caption\":\"Courtland Street Apartments\"},{\"@type\":\"BreadcrumbList\",\"@id\":\"https:\/\/www.pshhc.org\/ami-slo\/#breadcrumb\",\"itemListElement\":[{\"@type\":\"ListItem\",\"position\":1,\"name\":\"Home\",\"item\":\"https:\/\/www.pshhc.org\/\"},{\"@type\":\"ListItem\",\"position\":2,\"name\":\"Area Median Incomes: SLO Co.\"}]},{\"@type\":\"WebSite\",\"@id\":\"https:\/\/www.pshhc.org\/#website\",\"url\":\"https:\/\/www.pshhc.org\/\",\"name\":\"People&#039;s Self-Help Housing\",\"description\":\"People&#039;s Self-Help Housing\",\"potentialAction\":[{\"@type\":\"SearchAction\",\"target\":{\"@type\":\"EntryPoint\",\"urlTemplate\":\"https:\/\/www.pshhc.org\/?s={search_term_string}\"},\"query-input\":{\"@type\":\"PropertyValueSpecification\",\"valueRequired\":true,\"valueName\":\"search_term_string\"}}],\"inLanguage\":\"es\"}]}<\/script>\n<!-- \/ Yoast SEO plugin. -->","yoast_head_json":{"title":"Ingresos medios del \u00e1rea: Condado de SLO - Vivienda de autoayuda para personas","description":"Cada donaci\u00f3n que haga a PSHH tiene la capacidad de transformar las vidas de miles de personas que lo merecen todos los d\u00edas. Personas mayores, estudiantes, veteranos, familias, personas trabajadoras, todos se benefician de su amabilidad.","robots":{"index":"index","follow":"follow","max-snippet":"max-snippet:-1","max-image-preview":"max-image-preview:large","max-video-preview":"max-video-preview:-1"},"canonical":"https:\/\/www.pshhc.org\/es\/ami-slo\/","og_locale":"es_MX","og_type":"article","og_title":"Area Median Incomes: SLO Co. - People&#039;s Self-Help Housing","og_description":"Every gift you make to PSHH has the ability to transform the lives of thousands of deserving people everyday. Seniors, students, veterans, families, hardworking individuals all benefit from your kindness.","og_url":"https:\/\/www.pshhc.org\/es\/ami-slo\/","og_site_name":"People&#039;s Self-Help Housing","article_modified_time":"2025-07-23T20:31:44+00:00","og_image":[{"width":2560,"height":1707,"url":"https:\/\/www.pshhc.org\/wp-content\/uploads\/2024\/08\/Courtland-Street-Apartments-Exterior_042921_38-scaled.jpg","type":"image\/jpeg"}],"twitter_card":"summary_large_image","twitter_misc":{"Tiempo de lectura":"2 minutos"},"schema":{"@context":"https:\/\/schema.org","@graph":[{"@type":"WebPage","@id":"https:\/\/www.pshhc.org\/ami-slo\/","url":"https:\/\/www.pshhc.org\/ami-slo\/","name":"Ingresos medios del \u00e1rea: Condado de SLO - Vivienda de autoayuda para personas","isPartOf":{"@id":"https:\/\/www.pshhc.org\/#website"},"primaryImageOfPage":{"@id":"https:\/\/www.pshhc.org\/ami-slo\/#primaryimage"},"image":{"@id":"https:\/\/www.pshhc.org\/ami-slo\/#primaryimage"},"thumbnailUrl":"https:\/\/www.pshhc.org\/wp-content\/uploads\/2024\/08\/Courtland-Street-Apartments-Exterior_042921_38-scaled.jpg","datePublished":"2024-12-03T20:12:42+00:00","dateModified":"2025-07-23T20:31:44+00:00","description":"Cada donaci\u00f3n que haga a PSHH tiene la capacidad de transformar las vidas de miles de personas que lo merecen todos los d\u00edas. Personas mayores, estudiantes, veteranos, familias, personas trabajadoras, todos se benefician de su amabilidad.","breadcrumb":{"@id":"https:\/\/www.pshhc.org\/ami-slo\/#breadcrumb"},"inLanguage":"es","potentialAction":[{"@type":"ReadAction","target":["https:\/\/www.pshhc.org\/ami-slo\/"]}]},{"@type":"ImageObject","inLanguage":"es","@id":"https:\/\/www.pshhc.org\/ami-slo\/#primaryimage","url":"https:\/\/www.pshhc.org\/wp-content\/uploads\/2024\/08\/Courtland-Street-Apartments-Exterior_042921_38-scaled.jpg","contentUrl":"https:\/\/www.pshhc.org\/wp-content\/uploads\/2024\/08\/Courtland-Street-Apartments-Exterior_042921_38-scaled.jpg","width":2560,"height":1707,"caption":"Courtland Street Apartments"},{"@type":"BreadcrumbList","@id":"https:\/\/www.pshhc.org\/ami-slo\/#breadcrumb","itemListElement":[{"@type":"ListItem","position":1,"name":"Home","item":"https:\/\/www.pshhc.org\/"},{"@type":"ListItem","position":2,"name":"Area Median Incomes: SLO Co."}]},{"@type":"WebSite","@id":"https:\/\/www.pshhc.org\/#website","url":"https:\/\/www.pshhc.org\/","name":"Vivienda de autoayuda de People &amp; #039; s","description":"Vivienda de autoayuda de People &amp; #039; s","potentialAction":[{"@type":"SearchAction","target":{"@type":"EntryPoint","urlTemplate":"https:\/\/www.pshhc.org\/?s={search_term_string}"},"query-input":{"@type":"PropertyValueSpecification","valueRequired":true,"valueName":"search_term_string"}}],"inLanguage":"es"}]}},"jetpack_sharing_enabled":true,"_links":{"self":[{"href":"https:\/\/www.pshhc.org\/es\/wp-json\/wp\/v2\/pages\/137707","targetHints":{"allow":["GET"]}}],"collection":[{"href":"https:\/\/www.pshhc.org\/es\/wp-json\/wp\/v2\/pages"}],"about":[{"href":"https:\/\/www.pshhc.org\/es\/wp-json\/wp\/v2\/types\/page"}],"author":[{"embeddable":true,"href":"https:\/\/www.pshhc.org\/es\/wp-json\/wp\/v2\/users\/1105"}],"replies":[{"embeddable":true,"href":"https:\/\/www.pshhc.org\/es\/wp-json\/wp\/v2\/comments?post=137707"}],"version-history":[{"count":9,"href":"https:\/\/www.pshhc.org\/es\/wp-json\/wp\/v2\/pages\/137707\/revisions"}],"predecessor-version":[{"id":138966,"href":"https:\/\/www.pshhc.org\/es\/wp-json\/wp\/v2\/pages\/137707\/revisions\/138966"}],"wp:featuredmedia":[{"embeddable":true,"href":"https:\/\/www.pshhc.org\/es\/wp-json\/wp\/v2\/media\/135425"}],"wp:attachment":[{"href":"https:\/\/www.pshhc.org\/es\/wp-json\/wp\/v2\/media?parent=137707"}],"curies":[{"name":"gracias","href":"https:\/\/api.w.org\/{rel}","templated":true}]}}