{"id":135316,"date":"2024-08-05T20:37:43","date_gmt":"2024-08-05T20:37:43","guid":{"rendered":"https:\/\/www.pshhc.org\/?page_id=135316"},"modified":"2025-09-18T18:09:19","modified_gmt":"2025-09-18T18:09:19","slug":"monthly-giving","status":"publish","type":"page","link":"https:\/\/www.pshhc.org\/es\/monthly-giving\/","title":{"rendered":"Donaciones mensuales"},"content":{"rendered":"<div class=\"wpb-content-wrapper\"><div data-vc-full-width=\"true\" data-vc-full-width-temp=\"true\" data-vc-full-width-init=\"false\" data-vc-stretch-content=\"true\" class=\"vc_row wpb_row vc_row-fluid inner-banner vc_row-no-padding\"><div class=\"wpb_column vc_column_container vc_col-sm-12\"><div class=\"vc_column-inner\"><div class=\"wpb_wrapper\">\n\t<div  class=\"wpb_single_image wpb_content_element vc_align_center wpb_content_element  bg-image\">\n\t\t\n\t\t<figure class=\"wpb_wrapper vc_figure\">\n\t\t\t<div class=\"vc_single_image-wrapper   vc_box_border_grey\"><img loading=\"lazy\" decoding=\"async\" width=\"2048\" height=\"970\" src=\"https:\/\/www.pshhc.org\/wp-content\/uploads\/2025\/06\/Sierra-Madre-Cottages-Residents_102621_6-scaled-e1750880261725-2048x970-1.jpg\" class=\"vc_single_image-img attachment-full\" alt=\"\" title=\"Caba\u00f1as Sierra Madre - Residentes_102621_6-escalado-e1750880261725-2048x970\" srcset=\"https:\/\/www.pshhc.org\/wp-content\/uploads\/2025\/06\/Sierra-Madre-Cottages-Residents_102621_6-scaled-e1750880261725-2048x970-1.jpg 2048w, https:\/\/www.pshhc.org\/wp-content\/uploads\/2025\/06\/Sierra-Madre-Cottages-Residents_102621_6-scaled-e1750880261725-2048x970-1-300x142.jpg 300w, https:\/\/www.pshhc.org\/wp-content\/uploads\/2025\/06\/Sierra-Madre-Cottages-Residents_102621_6-scaled-e1750880261725-2048x970-1-1024x485.jpg 1024w, https:\/\/www.pshhc.org\/wp-content\/uploads\/2025\/06\/Sierra-Madre-Cottages-Residents_102621_6-scaled-e1750880261725-2048x970-1-768x364.jpg 768w, https:\/\/www.pshhc.org\/wp-content\/uploads\/2025\/06\/Sierra-Madre-Cottages-Residents_102621_6-scaled-e1750880261725-2048x970-1-1536x728.jpg 1536w, https:\/\/www.pshhc.org\/wp-content\/uploads\/2025\/06\/Sierra-Madre-Cottages-Residents_102621_6-scaled-e1750880261725-2048x970-1-18x9.jpg 18w\" sizes=\"auto, (max-width: 2048px) 100vw, 2048px\" \/><\/div>\n\t\t<\/figure>\n\t<\/div>\n<\/div><\/div><\/div><\/div><div class=\"vc_row-full-width vc_clearfix\"><\/div><div data-vc-full-width=\"true\" data-vc-full-width-temp=\"true\" data-vc-full-width-init=\"false\" data-vc-stretch-content=\"true\" class=\"vc_row wpb_row vc_row-fluid inner-housing-section vc_row-no-padding\"><div class=\"wpb_column vc_column_container vc_col-sm-12\"><div class=\"vc_column-inner\"><div class=\"wpb_wrapper\">\n\t<div class=\"wpb_text_column wpb_content_element container\" >\n\t\t<div class=\"wpb_wrapper\">\n\t\t\t<h2>Donaciones mensuales<\/h2>\n\n\t\t<\/div>\n\t<\/div>\n<\/div><\/div><\/div><\/div><div class=\"vc_row-full-width vc_clearfix\"><\/div><div data-vc-full-width=\"true\" data-vc-full-width-temp=\"true\" data-vc-full-width-init=\"false\" data-vc-stretch-content=\"true\" class=\"vc_row wpb_row vc_row-fluid rental-housing-section wider vc_row-no-padding\"><div class=\"wpb_column vc_column_container vc_col-sm-12\"><div class=\"vc_column-inner\"><div class=\"wpb_wrapper\"><div class=\"vc_row wpb_row vc_inner vc_row-fluid container vc_column-gap-30\"><div class=\"wpb_column vc_column_container vc_col-sm-12\"><div class=\"vc_column-inner\"><div class=\"wpb_wrapper\">\n\t<div class=\"wpb_text_column wpb_content_element tal\" >\n\t\t<div class=\"wpb_wrapper\">\n\t\t\t<h3 class=\"section-title-description__title section-title-description__title--subhead-tertiary align-text--left\" style=\"text-align: left;\">\u00bfEst\u00e1s listo para mejorar vidas en tu comunidad, un mes a la vez?<\/h3>\n\n\t\t<\/div>\n\t<\/div>\n<\/div><\/div><\/div><\/div><div class=\"vc_row wpb_row vc_inner vc_row-fluid container vc_column-gap-30\"><div class=\"wpb_column vc_column_container vc_col-sm-8\"><div class=\"vc_column-inner\"><div class=\"wpb_wrapper\">\n\t<div class=\"wpb_text_column wpb_content_element tal\" >\n\t\t<div class=\"wpb_wrapper\">\n\t\t\t<p>Para miles de personas y familias de la Costa Central, la vivienda que ofrecemos es la base de una vida mejor. En People&#039;s Self-Help Housing, construimos m\u00e1s que un techo: ofrecemos apoyo y oportunidades a trav\u00e9s de programas espec\u00edficos en el lugar, como educaci\u00f3n, preparaci\u00f3n para la universidad, asistencia m\u00e9dica y otros servicios sociales fundamentales.<\/p>\n<p>Al unirse a nuestra comunidad de donantes mensuales, nos ayudar\u00e1 a continuar con ese apoyo fundamental, ayudando a las personas de su comunidad a alcanzar la estabilidad.<\/p>\n<p><strong>\u00bfNo te unir\u00edas a nosotros por $5.50, $55.00 o incluso $550.00 por mes para celebrar nuestro 55\u00b0 aniversario?\u00a0<\/strong><\/p>\n\n\t\t<\/div>\n\t<\/div>\n<div class=\"ubtn-ctn-center\"><a class=\"ubtn-link ult-adjust-bottom-margin ubtn-center ubtn-custom\" href=\"https:\/\/form-renderer-app.donorperfect.io\/give\/peoples-self-help-housing\/monthly-giving\" target=\"_blank\" rel=\"noopener\" ><button type=\"button\" id=\"ubtn-8939\"  class=\"ubtn ult-adjust-bottom-margin ult-responsive ubtn-custom ubtn-no-hover-bg  none  ubtn-center   tooltip-69e6deebd076e\"  data-hover=\"#9b0002\" data-border-color=\"\" data-bg=\"#9b0002\" data-hover-bg=\"#ffffff\" data-border-hover=\"\" data-shadow-hover=\"\" data-shadow-click=\"none\" data-shadow=\"\" data-shd-shadow=\"\"  data-ultimate-target='#ubtn-8939'  data-responsive-json-new='{\"font-size\":\"\",\"line-height\":\"\"}'  style=\"font-weight:normal;width:300px;min-height:50px;padding:px px;border:none;background: #9b0002;color: #ffffff;\"><span class=\"ubtn-hover\" style=\"background-color:#ffffff\"><\/span><span class=\"ubtn-data ubtn-text\" >Convi\u00e9rtete en donante mensual<\/span><\/button><\/a><\/div><\/div><\/div><\/div><div class=\"wpb_column vc_column_container vc_col-sm-4\"><div class=\"vc_column-inner\"><div class=\"wpb_wrapper\">\n\t<div  class=\"wpb_single_image wpb_content_element vc_align_center wpb_content_element\">\n\t\t\n\t\t<figure class=\"wpb_wrapper vc_figure\">\n\t\t\t<div class=\"vc_single_image-wrapper   vc_box_border_grey\"><img loading=\"lazy\" decoding=\"async\" width=\"2560\" height=\"1920\" src=\"https:\/\/www.pshhc.org\/wp-content\/uploads\/2025\/01\/IMG_1149-scaled.jpg\" class=\"vc_single_image-img attachment-full\" alt=\"\" title=\"Imagen_1149\" srcset=\"https:\/\/www.pshhc.org\/wp-content\/uploads\/2025\/01\/IMG_1149-scaled.jpg 2560w, https:\/\/www.pshhc.org\/wp-content\/uploads\/2025\/01\/IMG_1149-300x225.jpg 300w, https:\/\/www.pshhc.org\/wp-content\/uploads\/2025\/01\/IMG_1149-1024x768.jpg 1024w, https:\/\/www.pshhc.org\/wp-content\/uploads\/2025\/01\/IMG_1149-768x576.jpg 768w, https:\/\/www.pshhc.org\/wp-content\/uploads\/2025\/01\/IMG_1149-1536x1152.jpg 1536w, https:\/\/www.pshhc.org\/wp-content\/uploads\/2025\/01\/IMG_1149-2048x1536.jpg 2048w, https:\/\/www.pshhc.org\/wp-content\/uploads\/2025\/01\/IMG_1149-16x12.jpg 16w\" sizes=\"auto, (max-width: 2560px) 100vw, 2560px\" \/><\/div>\n\t\t<\/figure>\n\t<\/div>\n<\/div><\/div><\/div><\/div><\/div><\/div><\/div><\/div><div class=\"vc_row-full-width vc_clearfix\"><\/div>\n<\/div>","protected":false},"excerpt":{"rendered":"Donaciones mensuales \u00bfListo para mejorar la vida de tu comunidad, mes a mes? Para miles de personas y familias de la Costa Central, la vivienda que ofrecemos es la base de una vida mejor. En People&#039;s Self-Help Housing, construimos m\u00e1s que un techo: ofrecemos apoyo y oportunidades a trav\u00e9s de programas espec\u00edficos en el lugar...  <a class=\"excerpt-read-more\" href=\"https:\/\/www.pshhc.org\/es\/monthly-giving\/\" title=\"Leer Donaciones mensuales\">Leer m\u00e1s &quot;<\/a>","protected":false},"author":1105,"featured_media":137917,"parent":0,"menu_order":0,"comment_status":"closed","ping_status":"closed","template":"page-wide.php","meta":{"_acf_changed":false,"footnotes":""},"class_list":["post-135316","page","type-page","status-publish","has-post-thumbnail","hentry"],"acf":[],"yoast_head":"<!-- This site is optimized with the Yoast SEO plugin v26.9 - https:\/\/yoast.com\/product\/yoast-seo-wordpress\/ -->\n<title>Monthly Giving - People&#039;s Self-Help Housing<\/title>\n<meta name=\"description\" content=\"Every gift you make to PSHH has the ability to transform the lives of thousands of deserving people everyday. Seniors, students, veterans, families, hardworking individuals all benefit from your kindness.\" \/>\n<meta name=\"robots\" content=\"index, follow, max-snippet:-1, max-image-preview:large, max-video-preview:-1\" \/>\n<link rel=\"canonical\" href=\"https:\/\/www.pshhc.org\/es\/monthly-giving\/\" \/>\n<meta property=\"og:locale\" content=\"es_MX\" \/>\n<meta property=\"og:type\" content=\"article\" \/>\n<meta property=\"og:title\" content=\"Monthly Giving - People&#039;s Self-Help Housing\" \/>\n<meta property=\"og:description\" content=\"Every gift you make to PSHH has the ability to transform the lives of thousands of deserving people everyday. Seniors, students, veterans, families, hardworking individuals all benefit from your kindness.\" \/>\n<meta property=\"og:url\" content=\"https:\/\/www.pshhc.org\/es\/monthly-giving\/\" \/>\n<meta property=\"og:site_name\" content=\"People&#039;s Self-Help Housing\" \/>\n<meta property=\"article:modified_time\" content=\"2025-09-18T18:09:19+00:00\" \/>\n<meta property=\"og:image\" content=\"https:\/\/www.pshhc.org\/wp-content\/uploads\/2025\/01\/Sierra-Madre-Cottages-Residents_102621_6-scaled-e1758218926577.jpg\" \/>\n\t<meta property=\"og:image:width\" content=\"2560\" \/>\n\t<meta property=\"og:image:height\" content=\"1075\" \/>\n\t<meta property=\"og:image:type\" content=\"image\/jpeg\" \/>\n<meta name=\"twitter:card\" content=\"summary_large_image\" \/>\n<meta name=\"twitter:label1\" content=\"Tiempo de lectura\" \/>\n\t<meta name=\"twitter:data1\" content=\"2 minutos\" \/>\n<script type=\"application\/ld+json\" class=\"yoast-schema-graph\">{\"@context\":\"https:\/\/schema.org\",\"@graph\":[{\"@type\":\"WebPage\",\"@id\":\"https:\/\/www.pshhc.org\/monthly-giving\/\",\"url\":\"https:\/\/www.pshhc.org\/monthly-giving\/\",\"name\":\"Monthly Giving - People&#039;s Self-Help Housing\",\"isPartOf\":{\"@id\":\"https:\/\/www.pshhc.org\/#website\"},\"primaryImageOfPage\":{\"@id\":\"https:\/\/www.pshhc.org\/monthly-giving\/#primaryimage\"},\"image\":{\"@id\":\"https:\/\/www.pshhc.org\/monthly-giving\/#primaryimage\"},\"thumbnailUrl\":\"https:\/\/www.pshhc.org\/wp-content\/uploads\/2025\/01\/Sierra-Madre-Cottages-Residents_102621_6-scaled-e1758218926577.jpg\",\"datePublished\":\"2024-08-05T20:37:43+00:00\",\"dateModified\":\"2025-09-18T18:09:19+00:00\",\"description\":\"Every gift you make to PSHH has the ability to transform the lives of thousands of deserving people everyday. Seniors, students, veterans, families, hardworking individuals all benefit from your kindness.\",\"breadcrumb\":{\"@id\":\"https:\/\/www.pshhc.org\/monthly-giving\/#breadcrumb\"},\"inLanguage\":\"es\",\"potentialAction\":[{\"@type\":\"ReadAction\",\"target\":[\"https:\/\/www.pshhc.org\/monthly-giving\/\"]}]},{\"@type\":\"ImageObject\",\"inLanguage\":\"es\",\"@id\":\"https:\/\/www.pshhc.org\/monthly-giving\/#primaryimage\",\"url\":\"https:\/\/www.pshhc.org\/wp-content\/uploads\/2025\/01\/Sierra-Madre-Cottages-Residents_102621_6-scaled-e1758218926577.jpg\",\"contentUrl\":\"https:\/\/www.pshhc.org\/wp-content\/uploads\/2025\/01\/Sierra-Madre-Cottages-Residents_102621_6-scaled-e1758218926577.jpg\",\"width\":2560,\"height\":1075},{\"@type\":\"BreadcrumbList\",\"@id\":\"https:\/\/www.pshhc.org\/monthly-giving\/#breadcrumb\",\"itemListElement\":[{\"@type\":\"ListItem\",\"position\":1,\"name\":\"Home\",\"item\":\"https:\/\/www.pshhc.org\/\"},{\"@type\":\"ListItem\",\"position\":2,\"name\":\"Monthly Giving\"}]},{\"@type\":\"WebSite\",\"@id\":\"https:\/\/www.pshhc.org\/#website\",\"url\":\"https:\/\/www.pshhc.org\/\",\"name\":\"People&#039;s Self-Help Housing\",\"description\":\"People&#039;s Self-Help Housing\",\"potentialAction\":[{\"@type\":\"SearchAction\",\"target\":{\"@type\":\"EntryPoint\",\"urlTemplate\":\"https:\/\/www.pshhc.org\/?s={search_term_string}\"},\"query-input\":{\"@type\":\"PropertyValueSpecification\",\"valueRequired\":true,\"valueName\":\"search_term_string\"}}],\"inLanguage\":\"es\"}]}<\/script>\n<!-- \/ Yoast SEO plugin. -->","yoast_head_json":{"title":"Donaciones mensuales - Vivienda de autoayuda para personas","description":"Cada donaci\u00f3n que haga a PSHH tiene la capacidad de transformar las vidas de miles de personas que lo merecen todos los d\u00edas. Personas mayores, estudiantes, veteranos, familias, personas trabajadoras, todos se benefician de su amabilidad.","robots":{"index":"index","follow":"follow","max-snippet":"max-snippet:-1","max-image-preview":"max-image-preview:large","max-video-preview":"max-video-preview:-1"},"canonical":"https:\/\/www.pshhc.org\/es\/monthly-giving\/","og_locale":"es_MX","og_type":"article","og_title":"Monthly Giving - People&#039;s Self-Help Housing","og_description":"Every gift you make to PSHH has the ability to transform the lives of thousands of deserving people everyday. Seniors, students, veterans, families, hardworking individuals all benefit from your kindness.","og_url":"https:\/\/www.pshhc.org\/es\/monthly-giving\/","og_site_name":"People&#039;s Self-Help Housing","article_modified_time":"2025-09-18T18:09:19+00:00","og_image":[{"width":2560,"height":1075,"url":"https:\/\/www.pshhc.org\/wp-content\/uploads\/2025\/01\/Sierra-Madre-Cottages-Residents_102621_6-scaled-e1758218926577.jpg","type":"image\/jpeg"}],"twitter_card":"summary_large_image","twitter_misc":{"Tiempo de lectura":"2 minutos"},"schema":{"@context":"https:\/\/schema.org","@graph":[{"@type":"WebPage","@id":"https:\/\/www.pshhc.org\/monthly-giving\/","url":"https:\/\/www.pshhc.org\/monthly-giving\/","name":"Donaciones mensuales - Vivienda de autoayuda para personas","isPartOf":{"@id":"https:\/\/www.pshhc.org\/#website"},"primaryImageOfPage":{"@id":"https:\/\/www.pshhc.org\/monthly-giving\/#primaryimage"},"image":{"@id":"https:\/\/www.pshhc.org\/monthly-giving\/#primaryimage"},"thumbnailUrl":"https:\/\/www.pshhc.org\/wp-content\/uploads\/2025\/01\/Sierra-Madre-Cottages-Residents_102621_6-scaled-e1758218926577.jpg","datePublished":"2024-08-05T20:37:43+00:00","dateModified":"2025-09-18T18:09:19+00:00","description":"Cada donaci\u00f3n que haga a PSHH tiene la capacidad de transformar las vidas de miles de personas que lo merecen todos los d\u00edas. Personas mayores, estudiantes, veteranos, familias, personas trabajadoras, todos se benefician de su amabilidad.","breadcrumb":{"@id":"https:\/\/www.pshhc.org\/monthly-giving\/#breadcrumb"},"inLanguage":"es","potentialAction":[{"@type":"ReadAction","target":["https:\/\/www.pshhc.org\/monthly-giving\/"]}]},{"@type":"ImageObject","inLanguage":"es","@id":"https:\/\/www.pshhc.org\/monthly-giving\/#primaryimage","url":"https:\/\/www.pshhc.org\/wp-content\/uploads\/2025\/01\/Sierra-Madre-Cottages-Residents_102621_6-scaled-e1758218926577.jpg","contentUrl":"https:\/\/www.pshhc.org\/wp-content\/uploads\/2025\/01\/Sierra-Madre-Cottages-Residents_102621_6-scaled-e1758218926577.jpg","width":2560,"height":1075},{"@type":"BreadcrumbList","@id":"https:\/\/www.pshhc.org\/monthly-giving\/#breadcrumb","itemListElement":[{"@type":"ListItem","position":1,"name":"Home","item":"https:\/\/www.pshhc.org\/"},{"@type":"ListItem","position":2,"name":"Monthly Giving"}]},{"@type":"WebSite","@id":"https:\/\/www.pshhc.org\/#website","url":"https:\/\/www.pshhc.org\/","name":"Vivienda de autoayuda de People &amp; #039; s","description":"Vivienda de autoayuda de People &amp; #039; s","potentialAction":[{"@type":"SearchAction","target":{"@type":"EntryPoint","urlTemplate":"https:\/\/www.pshhc.org\/?s={search_term_string}"},"query-input":{"@type":"PropertyValueSpecification","valueRequired":true,"valueName":"search_term_string"}}],"inLanguage":"es"}]}},"jetpack_sharing_enabled":true,"_links":{"self":[{"href":"https:\/\/www.pshhc.org\/es\/wp-json\/wp\/v2\/pages\/135316","targetHints":{"allow":["GET"]}}],"collection":[{"href":"https:\/\/www.pshhc.org\/es\/wp-json\/wp\/v2\/pages"}],"about":[{"href":"https:\/\/www.pshhc.org\/es\/wp-json\/wp\/v2\/types\/page"}],"author":[{"embeddable":true,"href":"https:\/\/www.pshhc.org\/es\/wp-json\/wp\/v2\/users\/1105"}],"replies":[{"embeddable":true,"href":"https:\/\/www.pshhc.org\/es\/wp-json\/wp\/v2\/comments?post=135316"}],"version-history":[{"count":9,"href":"https:\/\/www.pshhc.org\/es\/wp-json\/wp\/v2\/pages\/135316\/revisions"}],"predecessor-version":[{"id":139262,"href":"https:\/\/www.pshhc.org\/es\/wp-json\/wp\/v2\/pages\/135316\/revisions\/139262"}],"wp:featuredmedia":[{"embeddable":true,"href":"https:\/\/www.pshhc.org\/es\/wp-json\/wp\/v2\/media\/137917"}],"wp:attachment":[{"href":"https:\/\/www.pshhc.org\/es\/wp-json\/wp\/v2\/media?parent=135316"}],"curies":[{"name":"gracias","href":"https:\/\/api.w.org\/{rel}","templated":true}]}}