{"id":131553,"date":"2024-01-24T21:43:35","date_gmt":"2024-01-24T21:43:35","guid":{"rendered":"https:\/\/www.pshhc.org\/?page_id=131553"},"modified":"2026-01-26T20:31:13","modified_gmt":"2026-01-26T20:31:13","slug":"success","status":"publish","type":"page","link":"https:\/\/www.pshhc.org\/es\/success\/","title":{"rendered":"Casos de \u00e9xito"},"content":{"rendered":"<div class=\"wpb-content-wrapper\"><div data-vc-full-width=\"true\" data-vc-full-width-temp=\"true\" data-vc-full-width-init=\"false\" data-vc-stretch-content=\"true\" class=\"vc_row wpb_row vc_row-fluid inner-banner vc_row-no-padding\"><div class=\"wpb_column vc_column_container vc_col-sm-12\"><div class=\"vc_column-inner\"><div class=\"wpb_wrapper\">\n\t<div  class=\"wpb_single_image wpb_content_element vc_align_center wpb_content_element  bg-image\">\n\t\t\n\t\t<figure class=\"wpb_wrapper vc_figure\">\n\t\t\t<div class=\"vc_single_image-wrapper   vc_box_border_grey\"><img loading=\"lazy\" decoding=\"async\" width=\"1920\" height=\"1080\" src=\"https:\/\/www.pshhc.org\/wp-content\/uploads\/2025\/02\/Success-Webpage-Hero-Image.png\" class=\"vc_single_image-img attachment-full\" alt=\"\" title=\"Imagen de h\u00e9roe de la p\u00e1gina web de \u00e9xito\" srcset=\"https:\/\/www.pshhc.org\/wp-content\/uploads\/2025\/02\/Success-Webpage-Hero-Image.png 1920w, https:\/\/www.pshhc.org\/wp-content\/uploads\/2025\/02\/Success-Webpage-Hero-Image-300x169.png 300w, https:\/\/www.pshhc.org\/wp-content\/uploads\/2025\/02\/Success-Webpage-Hero-Image-1024x576.png 1024w, https:\/\/www.pshhc.org\/wp-content\/uploads\/2025\/02\/Success-Webpage-Hero-Image-768x432.png 768w, https:\/\/www.pshhc.org\/wp-content\/uploads\/2025\/02\/Success-Webpage-Hero-Image-1536x864.png 1536w, https:\/\/www.pshhc.org\/wp-content\/uploads\/2025\/02\/Success-Webpage-Hero-Image-18x10.png 18w\" sizes=\"auto, (max-width: 1920px) 100vw, 1920px\" \/><\/div>\n\t\t<\/figure>\n\t<\/div>\n<\/div><\/div><\/div><\/div><div class=\"vc_row-full-width vc_clearfix\"><\/div><div data-vc-full-width=\"true\" data-vc-full-width-temp=\"true\" data-vc-full-width-init=\"false\" data-vc-stretch-content=\"true\" class=\"vc_row wpb_row vc_row-fluid inner-housing-section vc_row-no-padding\"><div class=\"wpb_column vc_column_container vc_col-sm-12\"><div class=\"vc_column-inner\"><div class=\"wpb_wrapper\">\n\t<div class=\"wpb_text_column wpb_content_element container\" >\n\t\t<div class=\"wpb_wrapper\">\n\t\t\t<h2 style=\"text-align: center;\">Casos de \u00e9xito<\/h2>\n\n\t\t<\/div>\n\t<\/div>\n<\/div><\/div><\/div><\/div><div class=\"vc_row-full-width vc_clearfix\"><\/div><div data-vc-full-width=\"true\" data-vc-full-width-temp=\"true\" data-vc-full-width-init=\"false\" data-vc-stretch-content=\"true\" class=\"vc_row wpb_row vc_row-fluid rental-housing-section wider leadership vc_row-no-padding\"><div class=\"wpb_column vc_column_container vc_col-sm-12\"><div class=\"vc_column-inner\"><div class=\"wpb_wrapper\"><div class=\"vc_empty_space\"   style=\"height: 32px\"><span class=\"vc_empty_space_inner\"><\/span><\/div>\n\t<div class=\"wpb_text_column wpb_content_element container\" >\n\t\t<div class=\"wpb_wrapper\">\n\t\t\t<p>En PSHH, construimos viviendas asequibles con servicios en el lugar que ofrecen oportunidades para cambiar vidas y fortalecer comunidades. A continuaci\u00f3n, encontrar\u00e1 una selecci\u00f3n de historias de personas de toda la Costa Central cuyas vidas han cambiado gracias a viviendas asequibles y servicios de apoyo.<\/p>\n<p>\u00bfEs usted residente, propietario o estudiante de PSHH? <a href=\"https:\/\/www.pshhc.org\/es\/stories\/\">Nos encantar\u00eda escuchar tu historia.<\/a>!<\/p>\n\n\t\t<\/div>\n\t<\/div>\n<div class=\"vc_empty_space\"   style=\"height: 32px\"><span class=\"vc_empty_space_inner\"><\/span><\/div><div class=\"ubtn-ctn-center\"><a class=\"ubtn-link ult-adjust-bottom-margin ubtn-center ubtn-custom\" href=\"https:\/\/interland3.donorperfect.net\/weblink\/weblink.aspx?name=E46061&id=1\" target=\"_blank\" rel=\"noopener\" ><button type=\"button\" id=\"ubtn-5897\"  class=\"ubtn ult-adjust-bottom-margin ult-responsive ubtn-custom ubtn-top-bg  none  ubtn-center   tooltip-69dfcfd5b8d23\"  data-hover=\"#9B0002\" data-border-color=\"\" data-bg=\"#9B0002\" data-hover-bg=\"#FFFFFF\" data-border-hover=\"\" data-shadow-hover=\"\" data-shadow-click=\"none\" data-shadow=\"\" data-shd-shadow=\"\"  data-ultimate-target='#ubtn-5897'  data-responsive-json-new='{\"font-size\":\"\",\"line-height\":\"\"}'  style=\"font-weight:normal;width:250px;min-height:50px;padding:px px;border:none;background: #9B0002;color: #FFFFFF;\"><span class=\"ubtn-hover\" style=\"background-color:#FFFFFF\"><\/span><span class=\"ubtn-data ubtn-text\" >Apoye m\u00e1s \u00e9xito<\/span><\/button><\/a><\/div><\/div><\/div><\/div><\/div><div class=\"vc_row-full-width vc_clearfix\"><\/div><div data-vc-full-width=\"true\" data-vc-full-width-temp=\"true\" data-vc-full-width-init=\"false\" data-vc-stretch-content=\"true\" class=\"vc_row wpb_row vc_row-fluid rental-housing-section wider leadership vc_row-no-padding\"><div class=\"wpb_column vc_column_container vc_col-sm-12\"><div class=\"vc_column-inner\"><div class=\"wpb_wrapper\">\n<div class=\"vc_grid-container-wrapper vc_clearfix vc_grid-animation-fadeIn\">\n\t<div class=\"vc_grid-container vc_clearfix wpb_content_element vc_basic_grid vc_custom_1731609806122 container people-grid\" data-initial-loading-animation=\"fadeIn\" data-vc-grid-settings=\"{&quot;page_id&quot;:131553,&quot;style&quot;:&quot;all&quot;,&quot;action&quot;:&quot;vc_get_vc_grid_data&quot;,&quot;shortcode_id&quot;:&quot;1769459454012-d20f8422-7d7c-8&quot;,&quot;tag&quot;:&quot;vc_basic_grid&quot;}\" data-vc-request=\"https:\/\/www.pshhc.org\/wp-admin\/admin-ajax.php\" data-vc-post-id=\"131553\" data-vc-public-nonce=\"713216cc1b\">\n\t\t\n\t<\/div>\n<\/div><div class=\"vc_separator wpb_content_element vc_separator_align_center vc_sep_width_100 vc_sep_pos_align_center vc_separator_no_text vc_sep_color_grey wpb_content_element  wpb_content_element container\" ><span class=\"vc_sep_holder vc_sep_holder_l\"><span class=\"vc_sep_line\"><\/span><\/span><span class=\"vc_sep_holder vc_sep_holder_r\"><span class=\"vc_sep_line\"><\/span><\/span>\n<\/div>\n\t<div class=\"wpb_text_column wpb_content_element container\" >\n\t\t<div class=\"wpb_wrapper\">\n\t\t\t<p class=\"xmsonormal\" style=\"text-align: center;\"><em>En agradecimiento por compartir su historia, todas las personas mencionadas recibieron una tarjeta de regalo. La financiaci\u00f3n de las historias de \u00e9xito est\u00e1 generosamente patrocinada por:<\/em><\/p>\n<p class=\"xmsonormal\" style=\"text-align: center;\"><em><img loading=\"lazy\" decoding=\"async\" class=\"alignnone wp-image-139701\" src=\"https:\/\/www.pshhc.org\/wp-content\/uploads\/2025\/12\/JPMorgan-Chase-Logo-SVG-desktop-e1764718122998-300x66.jpg\" alt=\"\" width=\"268\" height=\"59\" srcset=\"https:\/\/www.pshhc.org\/wp-content\/uploads\/2025\/12\/JPMorgan-Chase-Logo-SVG-desktop-e1764718122998-300x66.jpg 300w, https:\/\/www.pshhc.org\/wp-content\/uploads\/2025\/12\/JPMorgan-Chase-Logo-SVG-desktop-e1764718122998-1024x225.jpg 1024w, https:\/\/www.pshhc.org\/wp-content\/uploads\/2025\/12\/JPMorgan-Chase-Logo-SVG-desktop-e1764718122998-768x169.jpg 768w, https:\/\/www.pshhc.org\/wp-content\/uploads\/2025\/12\/JPMorgan-Chase-Logo-SVG-desktop-e1764718122998-18x4.jpg 18w, https:\/\/www.pshhc.org\/wp-content\/uploads\/2025\/12\/JPMorgan-Chase-Logo-SVG-desktop-e1764718122998.jpg 1200w\" sizes=\"auto, (max-width: 268px) 100vw, 268px\" \/><\/em><\/p>\n\n\t\t<\/div>\n\t<\/div>\n<\/div><\/div><\/div><\/div><div class=\"vc_row-full-width vc_clearfix\"><\/div>\n<\/div>","protected":false},"excerpt":{"rendered":"Historias de \u00e9xito. En PSHH, construimos viviendas asequibles con servicios in situ que ofrecen oportunidades para transformar vidas y fortalecer comunidades. A continuaci\u00f3n, encontrar\u00e1 una selecci\u00f3n de historias de personas de la Costa Central cuyas vidas han cambiado gracias a la vivienda asequible y los servicios de apoyo. \u00bfEs usted residente, propietario o estudiante de PSHH? Nos encantar\u00eda...  <a class=\"excerpt-read-more\" href=\"https:\/\/www.pshhc.org\/es\/success\/\" title=\"Lea historias de \u00e9xito\">Leer m\u00e1s &quot;<\/a>","protected":false},"author":1105,"featured_media":138024,"parent":0,"menu_order":0,"comment_status":"closed","ping_status":"closed","template":"page-wide.php","meta":{"_acf_changed":false,"footnotes":""},"class_list":["post-131553","page","type-page","status-publish","has-post-thumbnail","hentry"],"acf":[],"yoast_head":"<!-- This site is optimized with the Yoast SEO plugin v26.9 - https:\/\/yoast.com\/product\/yoast-seo-wordpress\/ -->\n<title>Success Stories - People&#039;s Self-Help Housing<\/title>\n<meta name=\"description\" content=\"With a mission to build affordable homes with site-based services that offer opportunities to change lives and strengthen communities, People\u2019s Self-Help Housing is the longest-serving nonprofit housing organization on California\u2019s Central Coast.\" \/>\n<meta name=\"robots\" content=\"index, follow, max-snippet:-1, max-image-preview:large, max-video-preview:-1\" \/>\n<link rel=\"canonical\" href=\"https:\/\/www.pshhc.org\/es\/success\/\" \/>\n<meta property=\"og:locale\" content=\"es_MX\" \/>\n<meta property=\"og:type\" content=\"article\" \/>\n<meta property=\"og:title\" content=\"Success Stories - People&#039;s Self-Help Housing\" \/>\n<meta property=\"og:description\" content=\"With a mission to build affordable homes with site-based services that offer opportunities to change lives and strengthen communities, People\u2019s Self-Help Housing is the longest-serving nonprofit housing organization on California\u2019s Central Coast.\" \/>\n<meta property=\"og:url\" content=\"https:\/\/www.pshhc.org\/es\/success\/\" \/>\n<meta property=\"og:site_name\" content=\"People&#039;s Self-Help Housing\" \/>\n<meta property=\"article:modified_time\" content=\"2026-01-26T20:31:13+00:00\" \/>\n<meta property=\"og:image\" content=\"https:\/\/www.pshhc.org\/wp-content\/uploads\/2025\/01\/MFH-Summer-Holly-Lanes-1024x576.png\" \/>\n\t<meta property=\"og:image:width\" content=\"1024\" \/>\n\t<meta property=\"og:image:height\" content=\"576\" \/>\n\t<meta property=\"og:image:type\" content=\"image\/png\" \/>\n<meta name=\"twitter:card\" content=\"summary_large_image\" \/>\n<meta name=\"twitter:label1\" content=\"Tiempo de lectura\" \/>\n\t<meta name=\"twitter:data1\" content=\"2 minutos\" \/>\n<script type=\"application\/ld+json\" class=\"yoast-schema-graph\">{\"@context\":\"https:\/\/schema.org\",\"@graph\":[{\"@type\":\"WebPage\",\"@id\":\"https:\/\/www.pshhc.org\/success\/\",\"url\":\"https:\/\/www.pshhc.org\/success\/\",\"name\":\"Success Stories - People&#039;s Self-Help Housing\",\"isPartOf\":{\"@id\":\"https:\/\/www.pshhc.org\/#website\"},\"primaryImageOfPage\":{\"@id\":\"https:\/\/www.pshhc.org\/success\/#primaryimage\"},\"image\":{\"@id\":\"https:\/\/www.pshhc.org\/success\/#primaryimage\"},\"thumbnailUrl\":\"https:\/\/www.pshhc.org\/wp-content\/uploads\/2025\/01\/MFH-Summer-Holly-Lanes.png\",\"datePublished\":\"2024-01-24T21:43:35+00:00\",\"dateModified\":\"2026-01-26T20:31:13+00:00\",\"description\":\"With a mission to build affordable homes with site-based services that offer opportunities to change lives and strengthen communities, People\u2019s Self-Help Housing is the longest-serving nonprofit housing organization on California\u2019s Central Coast.\",\"breadcrumb\":{\"@id\":\"https:\/\/www.pshhc.org\/success\/#breadcrumb\"},\"inLanguage\":\"es\",\"potentialAction\":[{\"@type\":\"ReadAction\",\"target\":[\"https:\/\/www.pshhc.org\/success\/\"]}]},{\"@type\":\"ImageObject\",\"inLanguage\":\"es\",\"@id\":\"https:\/\/www.pshhc.org\/success\/#primaryimage\",\"url\":\"https:\/\/www.pshhc.org\/wp-content\/uploads\/2025\/01\/MFH-Summer-Holly-Lanes.png\",\"contentUrl\":\"https:\/\/www.pshhc.org\/wp-content\/uploads\/2025\/01\/MFH-Summer-Holly-Lanes.png\",\"width\":3840,\"height\":2160},{\"@type\":\"BreadcrumbList\",\"@id\":\"https:\/\/www.pshhc.org\/success\/#breadcrumb\",\"itemListElement\":[{\"@type\":\"ListItem\",\"position\":1,\"name\":\"Home\",\"item\":\"https:\/\/www.pshhc.org\/\"},{\"@type\":\"ListItem\",\"position\":2,\"name\":\"Success Stories\"}]},{\"@type\":\"WebSite\",\"@id\":\"https:\/\/www.pshhc.org\/#website\",\"url\":\"https:\/\/www.pshhc.org\/\",\"name\":\"People&#039;s Self-Help Housing\",\"description\":\"People&#039;s Self-Help Housing\",\"potentialAction\":[{\"@type\":\"SearchAction\",\"target\":{\"@type\":\"EntryPoint\",\"urlTemplate\":\"https:\/\/www.pshhc.org\/?s={search_term_string}\"},\"query-input\":{\"@type\":\"PropertyValueSpecification\",\"valueRequired\":true,\"valueName\":\"search_term_string\"}}],\"inLanguage\":\"es\"}]}<\/script>\n<!-- \/ Yoast SEO plugin. -->","yoast_head_json":{"title":"Historias de \u00e9xito - Vivienda de autoayuda para personas","description":"Con la misi\u00f3n de construir viviendas asequibles con servicios en el sitio que ofrecen oportunidades para cambiar vidas y fortalecer las comunidades, People&#039;s Self-Help Housing es la organizaci\u00f3n de vivienda sin fines de lucro con m\u00e1s a\u00f1os de servicio en la Costa Central de California.","robots":{"index":"index","follow":"follow","max-snippet":"max-snippet:-1","max-image-preview":"max-image-preview:large","max-video-preview":"max-video-preview:-1"},"canonical":"https:\/\/www.pshhc.org\/es\/success\/","og_locale":"es_MX","og_type":"article","og_title":"Success Stories - People&#039;s Self-Help Housing","og_description":"With a mission to build affordable homes with site-based services that offer opportunities to change lives and strengthen communities, People\u2019s Self-Help Housing is the longest-serving nonprofit housing organization on California\u2019s Central Coast.","og_url":"https:\/\/www.pshhc.org\/es\/success\/","og_site_name":"People&#039;s Self-Help Housing","article_modified_time":"2026-01-26T20:31:13+00:00","og_image":[{"width":1024,"height":576,"url":"https:\/\/www.pshhc.org\/wp-content\/uploads\/2025\/01\/MFH-Summer-Holly-Lanes-1024x576.png","type":"image\/png"}],"twitter_card":"summary_large_image","twitter_misc":{"Tiempo de lectura":"2 minutos"},"schema":{"@context":"https:\/\/schema.org","@graph":[{"@type":"WebPage","@id":"https:\/\/www.pshhc.org\/success\/","url":"https:\/\/www.pshhc.org\/success\/","name":"Historias de \u00e9xito - Vivienda de autoayuda para personas","isPartOf":{"@id":"https:\/\/www.pshhc.org\/#website"},"primaryImageOfPage":{"@id":"https:\/\/www.pshhc.org\/success\/#primaryimage"},"image":{"@id":"https:\/\/www.pshhc.org\/success\/#primaryimage"},"thumbnailUrl":"https:\/\/www.pshhc.org\/wp-content\/uploads\/2025\/01\/MFH-Summer-Holly-Lanes.png","datePublished":"2024-01-24T21:43:35+00:00","dateModified":"2026-01-26T20:31:13+00:00","description":"Con la misi\u00f3n de construir viviendas asequibles con servicios en el sitio que ofrecen oportunidades para cambiar vidas y fortalecer las comunidades, People&#039;s Self-Help Housing es la organizaci\u00f3n de vivienda sin fines de lucro con m\u00e1s a\u00f1os de servicio en la Costa Central de California.","breadcrumb":{"@id":"https:\/\/www.pshhc.org\/success\/#breadcrumb"},"inLanguage":"es","potentialAction":[{"@type":"ReadAction","target":["https:\/\/www.pshhc.org\/success\/"]}]},{"@type":"ImageObject","inLanguage":"es","@id":"https:\/\/www.pshhc.org\/success\/#primaryimage","url":"https:\/\/www.pshhc.org\/wp-content\/uploads\/2025\/01\/MFH-Summer-Holly-Lanes.png","contentUrl":"https:\/\/www.pshhc.org\/wp-content\/uploads\/2025\/01\/MFH-Summer-Holly-Lanes.png","width":3840,"height":2160},{"@type":"BreadcrumbList","@id":"https:\/\/www.pshhc.org\/success\/#breadcrumb","itemListElement":[{"@type":"ListItem","position":1,"name":"Home","item":"https:\/\/www.pshhc.org\/"},{"@type":"ListItem","position":2,"name":"Success Stories"}]},{"@type":"WebSite","@id":"https:\/\/www.pshhc.org\/#website","url":"https:\/\/www.pshhc.org\/","name":"Vivienda de autoayuda de People &amp; #039; s","description":"Vivienda de autoayuda de People &amp; #039; s","potentialAction":[{"@type":"SearchAction","target":{"@type":"EntryPoint","urlTemplate":"https:\/\/www.pshhc.org\/?s={search_term_string}"},"query-input":{"@type":"PropertyValueSpecification","valueRequired":true,"valueName":"search_term_string"}}],"inLanguage":"es"}]}},"jetpack_sharing_enabled":true,"_links":{"self":[{"href":"https:\/\/www.pshhc.org\/es\/wp-json\/wp\/v2\/pages\/131553","targetHints":{"allow":["GET"]}}],"collection":[{"href":"https:\/\/www.pshhc.org\/es\/wp-json\/wp\/v2\/pages"}],"about":[{"href":"https:\/\/www.pshhc.org\/es\/wp-json\/wp\/v2\/types\/page"}],"author":[{"embeddable":true,"href":"https:\/\/www.pshhc.org\/es\/wp-json\/wp\/v2\/users\/1105"}],"replies":[{"embeddable":true,"href":"https:\/\/www.pshhc.org\/es\/wp-json\/wp\/v2\/comments?post=131553"}],"version-history":[{"count":39,"href":"https:\/\/www.pshhc.org\/es\/wp-json\/wp\/v2\/pages\/131553\/revisions"}],"predecessor-version":[{"id":139888,"href":"https:\/\/www.pshhc.org\/es\/wp-json\/wp\/v2\/pages\/131553\/revisions\/139888"}],"wp:featuredmedia":[{"embeddable":true,"href":"https:\/\/www.pshhc.org\/es\/wp-json\/wp\/v2\/media\/138024"}],"wp:attachment":[{"href":"https:\/\/www.pshhc.org\/es\/wp-json\/wp\/v2\/media?parent=131553"}],"curies":[{"name":"gracias","href":"https:\/\/api.w.org\/{rel}","templated":true}]}}