{"id":127349,"date":"2023-12-27T17:20:56","date_gmt":"2023-12-27T17:20:56","guid":{"rendered":"https:\/\/www.pshhc.org\/?page_id=127349"},"modified":"2025-02-03T22:14:49","modified_gmt":"2025-02-03T22:14:49","slug":"advocacy-think-tanks","status":"publish","type":"page","link":"https:\/\/www.pshhc.org\/es\/advocacy-think-tanks\/","title":{"rendered":"Defensa de intereses \u2013 Think Tanks"},"content":{"rendered":"<div class=\"wpb-content-wrapper\"><div data-vc-full-width=\"true\" data-vc-full-width-temp=\"true\" data-vc-full-width-init=\"false\" data-vc-stretch-content=\"true\" class=\"vc_row wpb_row vc_row-fluid inner-banner vc_row-no-padding\"><div class=\"wpb_column vc_column_container vc_col-sm-12\"><div class=\"vc_column-inner\"><div class=\"wpb_wrapper\">\n\t<div  class=\"wpb_single_image wpb_content_element vc_align_center wpb_content_element  bg-image\">\n\t\t\n\t\t<figure class=\"wpb_wrapper vc_figure\">\n\t\t\t<div class=\"vc_single_image-wrapper   vc_box_border_grey\"><img loading=\"lazy\" decoding=\"async\" width=\"5472\" height=\"2571\" src=\"https:\/\/www.pshhc.org\/wp-content\/uploads\/2023\/12\/Untitled-design-11.png\" class=\"vc_single_image-img attachment-full\" alt=\"\" title=\"Herramientas e investigaci\u00f3n\" srcset=\"https:\/\/www.pshhc.org\/wp-content\/uploads\/2023\/12\/Untitled-design-11.png 5472w, https:\/\/www.pshhc.org\/wp-content\/uploads\/2023\/12\/Untitled-design-11-300x141.png 300w, https:\/\/www.pshhc.org\/wp-content\/uploads\/2023\/12\/Untitled-design-11-1024x481.png 1024w, https:\/\/www.pshhc.org\/wp-content\/uploads\/2023\/12\/Untitled-design-11-768x361.png 768w, https:\/\/www.pshhc.org\/wp-content\/uploads\/2023\/12\/Untitled-design-11-1536x722.png 1536w, https:\/\/www.pshhc.org\/wp-content\/uploads\/2023\/12\/Untitled-design-11-2048x962.png 2048w, https:\/\/www.pshhc.org\/wp-content\/uploads\/2023\/12\/Untitled-design-11-18x8.png 18w\" sizes=\"auto, (max-width: 5472px) 100vw, 5472px\" \/><\/div>\n\t\t<\/figure>\n\t<\/div>\n<\/div><\/div><\/div><\/div><div class=\"vc_row-full-width vc_clearfix\"><\/div><div data-vc-full-width=\"true\" data-vc-full-width-temp=\"true\" data-vc-full-width-init=\"false\" data-vc-stretch-content=\"true\" class=\"vc_row wpb_row vc_row-fluid inner-housing-section vc_row-no-padding\"><div class=\"wpb_column vc_column_container vc_col-sm-12\"><div class=\"vc_column-inner\"><div class=\"wpb_wrapper\">\n\t<div class=\"wpb_text_column wpb_content_element container\" >\n\t\t<div class=\"wpb_wrapper\">\n\t\t\t<h2>Centros de reflexi\u00f3n<\/h2>\n\n\t\t<\/div>\n\t<\/div>\n<\/div><\/div><\/div><\/div><div class=\"vc_row-full-width vc_clearfix\"><\/div><div class=\"vc_row wpb_row vc_row-fluid home-project-section vc_row-o-content-top vc_row-flex\"><div class=\"wpb_column vc_column_container vc_col-sm-3\"><div class=\"vc_column-inner\"><div class=\"wpb_wrapper\"><div class=\"vc_empty_space\"   style=\"height: 32px\"><span class=\"vc_empty_space_inner\"><\/span><\/div>\n\t<div class=\"wpb_text_column wpb_content_element wpb_animate_when_almost_visible wpb_fadeInLeft fadeInLeft project-item two\" >\n\t\t<div class=\"wpb_wrapper\">\n\t\t\t<div class=\"img-wrap\"><a href=\"https:\/\/bipartisanpolicy.org\/policy-area\/housing-terwilliger\/\" target=\"_blank\" rel=\"noopener\"><img loading=\"lazy\" decoding=\"async\" class=\"alignnone wp-image-128895 size-full\" src=\"https:\/\/www.pshhc.org\/wp-content\/uploads\/2024\/01\/Advocacy-Partners-1.png\" alt=\"\" width=\"1080\" height=\"1080\" data-uw-rm-alt-original=\"\" srcset=\"https:\/\/www.pshhc.org\/wp-content\/uploads\/2024\/01\/Advocacy-Partners-1.png 1080w, https:\/\/www.pshhc.org\/wp-content\/uploads\/2024\/01\/Advocacy-Partners-1-300x300.png 300w, https:\/\/www.pshhc.org\/wp-content\/uploads\/2024\/01\/Advocacy-Partners-1-1024x1024.png 1024w, https:\/\/www.pshhc.org\/wp-content\/uploads\/2024\/01\/Advocacy-Partners-1-150x150.png 150w, https:\/\/www.pshhc.org\/wp-content\/uploads\/2024\/01\/Advocacy-Partners-1-768x768.png 768w, https:\/\/www.pshhc.org\/wp-content\/uploads\/2024\/01\/Advocacy-Partners-1-12x12.png 12w, https:\/\/www.pshhc.org\/wp-content\/uploads\/2024\/01\/Advocacy-Partners-1-600x600.png 600w, https:\/\/www.pshhc.org\/wp-content\/uploads\/2024\/01\/Advocacy-Partners-1-125x125.png 125w, https:\/\/www.pshhc.org\/wp-content\/uploads\/2024\/01\/Advocacy-Partners-1-450x450.png 450w\" sizes=\"auto, (max-width: 1080px) 100vw, 1080px\" \/><\/a><\/div>\n<p>Impulsar pol\u00edticas p\u00fablicas que apoyen un amplio acceso a viviendas asequibles. <a href=\"https:\/\/bipartisanpolicy.org\/policy-area\/housing-terwilliger\/\">pol\u00edticabipartidista.org<\/a><\/p>\n\n\t\t<\/div>\n\t<\/div>\n<\/div><\/div><\/div><div class=\"wpb_column vc_column_container vc_col-sm-3\"><div class=\"vc_column-inner\"><div class=\"wpb_wrapper\"><div class=\"vc_empty_space\"   style=\"height: 32px\"><span class=\"vc_empty_space_inner\"><\/span><\/div>\n\t<div class=\"wpb_text_column wpb_content_element wpb_animate_when_almost_visible wpb_fadeInLeft fadeInLeft project-item two\" >\n\t\t<div class=\"wpb_wrapper\">\n\t\t\t<div class=\"img-wrap\"><a href=\"https:\/\/ternercenter.berkeley.edu\/\" target=\"_blank\" rel=\"noopener\"><img loading=\"lazy\" decoding=\"async\" class=\"alignnone wp-image-124607 size-thumbnail\" src=\"https:\/\/www.pshhc.org\/wp-content\/uploads\/2023\/12\/1-150x150.png\" sizes=\"auto, (max-width: 150px) 100vw, 150px\" srcset=\"https:\/\/www.pshhc.org\/wp-content\/uploads\/2023\/12\/1-150x150.png 150w, https:\/\/www.pshhc.org\/wp-content\/uploads\/2023\/12\/1-300x300.png 300w, https:\/\/www.pshhc.org\/wp-content\/uploads\/2023\/12\/1-1024x1024.png 1024w, https:\/\/www.pshhc.org\/wp-content\/uploads\/2023\/12\/1-768x768.png 768w, https:\/\/www.pshhc.org\/wp-content\/uploads\/2023\/12\/1-12x12.png 12w, https:\/\/www.pshhc.org\/wp-content\/uploads\/2023\/12\/1-600x600.png 600w, https:\/\/www.pshhc.org\/wp-content\/uploads\/2023\/12\/1-125x125.png 125w, https:\/\/www.pshhc.org\/wp-content\/uploads\/2023\/12\/1-450x450.png 450w, https:\/\/www.pshhc.org\/wp-content\/uploads\/2023\/12\/1.png 1080w\" alt=\"\" width=\"150\" height=\"150\" data-uw-rm-alt-original=\"\" \/><\/a><\/div>\n<p>Formular estrategias audaces para albergar a familias de todos los \u00e1mbitos de la vida en hogares y comunidades vibrantes, sostenibles y asequibles.<br \/>\n<a href=\"https:\/\/ternercenter.berkeley.edu\/\">ternercenter.berkeley.edu<\/a><\/p>\n\n\t\t<\/div>\n\t<\/div>\n<\/div><\/div><\/div><div class=\"wpb_column vc_column_container vc_col-sm-3\"><div class=\"vc_column-inner\"><div class=\"wpb_wrapper\"><div class=\"vc_empty_space\"   style=\"height: 32px\"><span class=\"vc_empty_space_inner\"><\/span><\/div>\n\t<div class=\"wpb_text_column wpb_content_element wpb_animate_when_almost_visible wpb_fadeInLeft fadeInLeft project-item two\" >\n\t\t<div class=\"wpb_wrapper\">\n\t\t\t<div class=\"img-wrap\"><a href=\"https:\/\/www.urban.org\/\" target=\"_blank\" rel=\"noopener\"><img loading=\"lazy\" decoding=\"async\" class=\"alignnone wp-image-124645 size-full\" src=\"https:\/\/www.pshhc.org\/wp-content\/uploads\/2023\/12\/7.png\" alt=\"\" width=\"1080\" height=\"1080\" data-uw-rm-alt-original=\"\" srcset=\"https:\/\/www.pshhc.org\/wp-content\/uploads\/2023\/12\/7.png 1080w, https:\/\/www.pshhc.org\/wp-content\/uploads\/2023\/12\/7-300x300.png 300w, https:\/\/www.pshhc.org\/wp-content\/uploads\/2023\/12\/7-1024x1024.png 1024w, https:\/\/www.pshhc.org\/wp-content\/uploads\/2023\/12\/7-150x150.png 150w, https:\/\/www.pshhc.org\/wp-content\/uploads\/2023\/12\/7-768x768.png 768w, https:\/\/www.pshhc.org\/wp-content\/uploads\/2023\/12\/7-12x12.png 12w, https:\/\/www.pshhc.org\/wp-content\/uploads\/2023\/12\/7-600x600.png 600w, https:\/\/www.pshhc.org\/wp-content\/uploads\/2023\/12\/7-125x125.png 125w, https:\/\/www.pshhc.org\/wp-content\/uploads\/2023\/12\/7-450x450.png 450w\" sizes=\"auto, (max-width: 1080px) 100vw, 1080px\" \/><\/a><\/div>\n<p>Proporcionar datos y pruebas para ayudar a promover la movilidad ascendente y la equidad.<br \/>\n<a href=\"https:\/\/www.urban.org\/\">urban.org<\/a><\/p>\n\n\t\t<\/div>\n\t<\/div>\n<\/div><\/div><\/div><div class=\"wpb_column vc_column_container vc_col-sm-3\"><div class=\"vc_column-inner\"><div class=\"wpb_wrapper\"><div class=\"vc_empty_space\"   style=\"height: 32px\"><span class=\"vc_empty_space_inner\"><\/span><\/div>\n\t<div class=\"wpb_text_column wpb_content_element wpb_animate_when_almost_visible wpb_fadeInLeft fadeInLeft project-item two\" >\n\t\t<div class=\"wpb_wrapper\">\n\t\t\t<div class=\"img-wrap\"><a href=\"https:\/\/calbudgetcenter.org\/issues\/housing-homelessness\/\" target=\"_blank\" rel=\"noopener\"><img loading=\"lazy\" decoding=\"async\" class=\"alignnone wp-image-130187 size-full\" src=\"https:\/\/www.pshhc.org\/wp-content\/uploads\/2024\/01\/Advocacy-Partners-2.png\" alt=\"\" width=\"1080\" height=\"1080\" data-uw-rm-alt-original=\"\" srcset=\"https:\/\/www.pshhc.org\/wp-content\/uploads\/2024\/01\/Advocacy-Partners-2.png 1080w, https:\/\/www.pshhc.org\/wp-content\/uploads\/2024\/01\/Advocacy-Partners-2-300x300.png 300w, https:\/\/www.pshhc.org\/wp-content\/uploads\/2024\/01\/Advocacy-Partners-2-1024x1024.png 1024w, https:\/\/www.pshhc.org\/wp-content\/uploads\/2024\/01\/Advocacy-Partners-2-150x150.png 150w, https:\/\/www.pshhc.org\/wp-content\/uploads\/2024\/01\/Advocacy-Partners-2-768x768.png 768w, https:\/\/www.pshhc.org\/wp-content\/uploads\/2024\/01\/Advocacy-Partners-2-12x12.png 12w, https:\/\/www.pshhc.org\/wp-content\/uploads\/2024\/01\/Advocacy-Partners-2-600x600.png 600w, https:\/\/www.pshhc.org\/wp-content\/uploads\/2024\/01\/Advocacy-Partners-2-125x125.png 125w, https:\/\/www.pshhc.org\/wp-content\/uploads\/2024\/01\/Advocacy-Partners-2-450x450.png 450w\" sizes=\"auto, (max-width: 1080px) 100vw, 1080px\" \/><\/a><\/div>\n<p>Avanzar en pol\u00edticas p\u00fablicas que mejoren las vidas de los californianos a quienes se les niegan oportunidades de compartir la riqueza del estado.<br \/>\n<a href=\"https:\/\/calbudgetcenter.org\/issues\/housing-homelessness\/\">calbudgetcenter.org<\/a><\/p>\n\n\t\t<\/div>\n\t<\/div>\n<\/div><\/div><\/div><\/div><!-- Row Backgrounds --><div class=\"upb_color\" data-bg-override=\"0\" data-bg-color=\"#ffffff\" data-fadeout=\"\" data-fadeout-percentage=\"30\" data-parallax-content=\"\" data-parallax-content-sense=\"30\" data-row-effect-mobile-disable=\"true\" data-img-parallax-mobile-disable=\"true\" data-rtl=\"false\"  data-custom-vc-row=\"\"  data-vc=\"8.7.2\"  data-is_old_vc=\"\"  data-theme-support=\"\"   data-overlay=\"false\" data-overlay-color=\"\" data-overlay-pattern=\"\" data-overlay-pattern-opacity=\"\" data-overlay-pattern-size=\"\"    ><\/div>\n<\/div>","protected":false},"excerpt":{"rendered":"Think Tanks Promover pol\u00edticas p\u00fablicas que respalden un acceso amplio a viviendas asequibles. bipartisanpolicy.org Formular estrategias audaces para albergar a familias de todos los \u00e1mbitos de la vida en hogares y comunidades vibrantes, sostenibles y asequibles. ternercenter.berkeley.edu Proporcionar datos y evidencia para ayudar a promover la movilidad ascendente y la equidad. urban.org Promover pol\u00edticas p\u00fablicas que mejoren las vidas de los californianos que...  <a class=\"excerpt-read-more\" href=\"https:\/\/www.pshhc.org\/es\/advocacy-think-tanks\/\" title=\"Leer Defensa \u2013 Grupos de expertos\">Leer m\u00e1s &quot;<\/a>","protected":false},"author":1113,"featured_media":47395,"parent":0,"menu_order":0,"comment_status":"closed","ping_status":"closed","template":"page-wide.php","meta":{"_acf_changed":false,"footnotes":""},"class_list":["post-127349","page","type-page","status-publish","has-post-thumbnail","hentry"],"acf":[],"yoast_head":"<!-- This site is optimized with the Yoast SEO plugin v26.9 - https:\/\/yoast.com\/product\/yoast-seo-wordpress\/ -->\n<title>Advocacy - Think Tanks - People&#039;s Self-Help Housing<\/title>\n<meta name=\"description\" content=\"Think Tanks Advancing public policies that support broad access to affordable housing. bipartisanpolicy.\" \/>\n<meta name=\"robots\" content=\"index, follow, max-snippet:-1, max-image-preview:large, max-video-preview:-1\" \/>\n<link rel=\"canonical\" href=\"https:\/\/www.pshhc.org\/es\/advocacy-think-tanks\/\" \/>\n<meta property=\"og:locale\" content=\"es_MX\" \/>\n<meta property=\"og:type\" content=\"article\" \/>\n<meta property=\"og:title\" content=\"Advocacy - Think Tanks - People&#039;s Self-Help Housing\" \/>\n<meta property=\"og:url\" content=\"https:\/\/www.pshhc.org\/es\/advocacy-think-tanks\/\" \/>\n<meta property=\"og:site_name\" content=\"People&#039;s Self-Help Housing\" \/>\n<meta property=\"article:modified_time\" content=\"2025-02-03T22:14:49+00:00\" \/>\n<meta property=\"og:image\" content=\"https:\/\/www.pshhc.org\/wp-content\/uploads\/2022\/06\/P1040734-e1656366234808-1024x481.png\" \/>\n\t<meta property=\"og:image:width\" content=\"1024\" \/>\n\t<meta property=\"og:image:height\" content=\"481\" \/>\n\t<meta property=\"og:image:type\" content=\"image\/png\" \/>\n<meta name=\"twitter:card\" content=\"summary_large_image\" \/>\n<meta name=\"twitter:label1\" content=\"Tiempo de lectura\" \/>\n\t<meta name=\"twitter:data1\" content=\"3 minutos\" \/>\n<script type=\"application\/ld+json\" class=\"yoast-schema-graph\">{\"@context\":\"https:\/\/schema.org\",\"@graph\":[{\"@type\":\"WebPage\",\"@id\":\"https:\/\/www.pshhc.org\/advocacy-think-tanks\/\",\"url\":\"https:\/\/www.pshhc.org\/advocacy-think-tanks\/\",\"name\":\"Advocacy - Think Tanks - People&#039;s Self-Help Housing\",\"isPartOf\":{\"@id\":\"https:\/\/www.pshhc.org\/#website\"},\"primaryImageOfPage\":{\"@id\":\"https:\/\/www.pshhc.org\/advocacy-think-tanks\/#primaryimage\"},\"image\":{\"@id\":\"https:\/\/www.pshhc.org\/advocacy-think-tanks\/#primaryimage\"},\"thumbnailUrl\":\"https:\/\/www.pshhc.org\/wp-content\/uploads\/2022\/06\/P1040734-e1656366234808.png\",\"datePublished\":\"2023-12-27T17:20:56+00:00\",\"dateModified\":\"2025-02-03T22:14:49+00:00\",\"breadcrumb\":{\"@id\":\"https:\/\/www.pshhc.org\/advocacy-think-tanks\/#breadcrumb\"},\"inLanguage\":\"es\",\"potentialAction\":[{\"@type\":\"ReadAction\",\"target\":[\"https:\/\/www.pshhc.org\/advocacy-think-tanks\/\"]}]},{\"@type\":\"ImageObject\",\"inLanguage\":\"es\",\"@id\":\"https:\/\/www.pshhc.org\/advocacy-think-tanks\/#primaryimage\",\"url\":\"https:\/\/www.pshhc.org\/wp-content\/uploads\/2022\/06\/P1040734-e1656366234808.png\",\"contentUrl\":\"https:\/\/www.pshhc.org\/wp-content\/uploads\/2022\/06\/P1040734-e1656366234808.png\",\"width\":5472,\"height\":2571},{\"@type\":\"BreadcrumbList\",\"@id\":\"https:\/\/www.pshhc.org\/advocacy-think-tanks\/#breadcrumb\",\"itemListElement\":[{\"@type\":\"ListItem\",\"position\":1,\"name\":\"Home\",\"item\":\"https:\/\/www.pshhc.org\/\"},{\"@type\":\"ListItem\",\"position\":2,\"name\":\"Advocacy &#8211; Think Tanks\"}]},{\"@type\":\"WebSite\",\"@id\":\"https:\/\/www.pshhc.org\/#website\",\"url\":\"https:\/\/www.pshhc.org\/\",\"name\":\"People&#039;s Self-Help Housing\",\"description\":\"People&#039;s Self-Help Housing\",\"potentialAction\":[{\"@type\":\"SearchAction\",\"target\":{\"@type\":\"EntryPoint\",\"urlTemplate\":\"https:\/\/www.pshhc.org\/?s={search_term_string}\"},\"query-input\":{\"@type\":\"PropertyValueSpecification\",\"valueRequired\":true,\"valueName\":\"search_term_string\"}}],\"inLanguage\":\"es\"}]}<\/script>\n<!-- \/ Yoast SEO plugin. -->","yoast_head_json":{"title":"Defensa - Grupos de expertos - Vivienda de autoayuda popular","description":"Think Tanks Promover pol\u00edticas p\u00fablicas que apoyen el acceso amplio a la vivienda asequible. pol\u00edtica bipartidista.","robots":{"index":"index","follow":"follow","max-snippet":"max-snippet:-1","max-image-preview":"max-image-preview:large","max-video-preview":"max-video-preview:-1"},"canonical":"https:\/\/www.pshhc.org\/es\/advocacy-think-tanks\/","og_locale":"es_MX","og_type":"article","og_title":"Advocacy - Think Tanks - People&#039;s Self-Help Housing","og_url":"https:\/\/www.pshhc.org\/es\/advocacy-think-tanks\/","og_site_name":"People&#039;s Self-Help Housing","article_modified_time":"2025-02-03T22:14:49+00:00","og_image":[{"width":1024,"height":481,"url":"https:\/\/www.pshhc.org\/wp-content\/uploads\/2022\/06\/P1040734-e1656366234808-1024x481.png","type":"image\/png"}],"twitter_card":"summary_large_image","twitter_misc":{"Tiempo de lectura":"3 minutos"},"schema":{"@context":"https:\/\/schema.org","@graph":[{"@type":"WebPage","@id":"https:\/\/www.pshhc.org\/advocacy-think-tanks\/","url":"https:\/\/www.pshhc.org\/advocacy-think-tanks\/","name":"Defensa - Grupos de expertos - Vivienda de autoayuda popular","isPartOf":{"@id":"https:\/\/www.pshhc.org\/#website"},"primaryImageOfPage":{"@id":"https:\/\/www.pshhc.org\/advocacy-think-tanks\/#primaryimage"},"image":{"@id":"https:\/\/www.pshhc.org\/advocacy-think-tanks\/#primaryimage"},"thumbnailUrl":"https:\/\/www.pshhc.org\/wp-content\/uploads\/2022\/06\/P1040734-e1656366234808.png","datePublished":"2023-12-27T17:20:56+00:00","dateModified":"2025-02-03T22:14:49+00:00","breadcrumb":{"@id":"https:\/\/www.pshhc.org\/advocacy-think-tanks\/#breadcrumb"},"inLanguage":"es","potentialAction":[{"@type":"ReadAction","target":["https:\/\/www.pshhc.org\/advocacy-think-tanks\/"]}]},{"@type":"ImageObject","inLanguage":"es","@id":"https:\/\/www.pshhc.org\/advocacy-think-tanks\/#primaryimage","url":"https:\/\/www.pshhc.org\/wp-content\/uploads\/2022\/06\/P1040734-e1656366234808.png","contentUrl":"https:\/\/www.pshhc.org\/wp-content\/uploads\/2022\/06\/P1040734-e1656366234808.png","width":5472,"height":2571},{"@type":"BreadcrumbList","@id":"https:\/\/www.pshhc.org\/advocacy-think-tanks\/#breadcrumb","itemListElement":[{"@type":"ListItem","position":1,"name":"Home","item":"https:\/\/www.pshhc.org\/"},{"@type":"ListItem","position":2,"name":"Advocacy &#8211; Think Tanks"}]},{"@type":"WebSite","@id":"https:\/\/www.pshhc.org\/#website","url":"https:\/\/www.pshhc.org\/","name":"Vivienda de autoayuda de People &amp; #039; s","description":"Vivienda de autoayuda de People &amp; #039; s","potentialAction":[{"@type":"SearchAction","target":{"@type":"EntryPoint","urlTemplate":"https:\/\/www.pshhc.org\/?s={search_term_string}"},"query-input":{"@type":"PropertyValueSpecification","valueRequired":true,"valueName":"search_term_string"}}],"inLanguage":"es"}]}},"jetpack_sharing_enabled":true,"_links":{"self":[{"href":"https:\/\/www.pshhc.org\/es\/wp-json\/wp\/v2\/pages\/127349","targetHints":{"allow":["GET"]}}],"collection":[{"href":"https:\/\/www.pshhc.org\/es\/wp-json\/wp\/v2\/pages"}],"about":[{"href":"https:\/\/www.pshhc.org\/es\/wp-json\/wp\/v2\/types\/page"}],"author":[{"embeddable":true,"href":"https:\/\/www.pshhc.org\/es\/wp-json\/wp\/v2\/users\/1113"}],"replies":[{"embeddable":true,"href":"https:\/\/www.pshhc.org\/es\/wp-json\/wp\/v2\/comments?post=127349"}],"version-history":[{"count":30,"href":"https:\/\/www.pshhc.org\/es\/wp-json\/wp\/v2\/pages\/127349\/revisions"}],"predecessor-version":[{"id":138126,"href":"https:\/\/www.pshhc.org\/es\/wp-json\/wp\/v2\/pages\/127349\/revisions\/138126"}],"wp:featuredmedia":[{"embeddable":true,"href":"https:\/\/www.pshhc.org\/es\/wp-json\/wp\/v2\/media\/47395"}],"wp:attachment":[{"href":"https:\/\/www.pshhc.org\/es\/wp-json\/wp\/v2\/media?parent=127349"}],"curies":[{"name":"gracias","href":"https:\/\/api.w.org\/{rel}","templated":true}]}}