{"id":124716,"date":"2023-12-14T19:11:55","date_gmt":"2023-12-14T19:11:55","guid":{"rendered":"https:\/\/www.pshhc.org\/?page_id=124716"},"modified":"2025-09-04T20:52:45","modified_gmt":"2025-09-04T20:52:45","slug":"celebre-zine","status":"publish","type":"page","link":"https:\/\/www.pshhc.org\/es\/celebre-zine\/","title":{"rendered":"Revista CELEBRE"},"content":{"rendered":"<div class=\"wpb-content-wrapper\"><div data-vc-full-width=\"true\" data-vc-full-width-temp=\"true\" data-vc-full-width-init=\"false\" data-vc-stretch-content=\"true\" class=\"vc_row wpb_row vc_row-fluid inner-housing-section vc_row-no-padding\"><div class=\"wpb_column vc_column_container vc_col-sm-12\"><div class=\"vc_column-inner\"><div class=\"wpb_wrapper\"><div class=\"vc_empty_space\"   style=\"height: 65px\"><span class=\"vc_empty_space_inner\"><\/span><\/div>\n\t<div class=\"wpb_text_column wpb_content_element container\" >\n\t\t<div class=\"wpb_wrapper\">\n\t\t\t<h2>Revista CELEBRE<\/h2>\n\n\t\t<\/div>\n\t<\/div>\n<\/div><\/div><\/div><\/div><div class=\"vc_row-full-width vc_clearfix\"><\/div><div class=\"vc_row wpb_row vc_row-fluid vc_custom_1698788803617 vc_row-o-content-top vc_row-flex\"><div class=\"wpb_column vc_column_container vc_col-sm-12\"><div class=\"vc_column-inner\"><div class=\"wpb_wrapper\">\n\t<div class=\"wpb_text_column wpb_content_element\" >\n\t\t<div class=\"wpb_wrapper\">\n\t\t\t\n\t\t<\/div>\n\t<\/div>\n<\/div><\/div><\/div><div class=\"wpb_column vc_column_container vc_col-sm-8\"><div class=\"vc_column-inner\"><div class=\"wpb_wrapper\"><div class=\"wpb_gallery wpb_content_element vc_clearfix wpb_content_element\" ><div class=\"wpb_wrapper\"><div class=\"wpb_gallery_slides wpb_flexslider flexslider_slide flexslider\" data-interval=\"0\" data-flex_fx=\"slide\"><ul class=\"slides\"><li><img loading=\"lazy\" decoding=\"async\" width=\"2000\" height=\"1545\" src=\"https:\/\/www.pshhc.org\/wp-content\/uploads\/2025\/09\/EDU-CELEBRE-Zine-ENG.png\" class=\"attachment-full\" alt=\"\" title=\"Revista EDU CELEBRE (ING)\" srcset=\"https:\/\/www.pshhc.org\/wp-content\/uploads\/2025\/09\/EDU-CELEBRE-Zine-ENG.png 2000w, https:\/\/www.pshhc.org\/wp-content\/uploads\/2025\/09\/EDU-CELEBRE-Zine-ENG-300x232.png 300w, https:\/\/www.pshhc.org\/wp-content\/uploads\/2025\/09\/EDU-CELEBRE-Zine-ENG-1024x791.png 1024w, https:\/\/www.pshhc.org\/wp-content\/uploads\/2025\/09\/EDU-CELEBRE-Zine-ENG-768x593.png 768w, https:\/\/www.pshhc.org\/wp-content\/uploads\/2025\/09\/EDU-CELEBRE-Zine-ENG-1536x1187.png 1536w, https:\/\/www.pshhc.org\/wp-content\/uploads\/2025\/09\/EDU-CELEBRE-Zine-ENG-16x12.png 16w\" sizes=\"auto, (max-width: 2000px) 100vw, 2000px\" \/><\/li><li><img loading=\"lazy\" decoding=\"async\" width=\"1000\" height=\"773\" src=\"https:\/\/www.pshhc.org\/wp-content\/uploads\/2023\/12\/2-3.png\" class=\"attachment-full\" alt=\"\" title=\"2\" srcset=\"https:\/\/www.pshhc.org\/wp-content\/uploads\/2023\/12\/2-3.png 1000w, https:\/\/www.pshhc.org\/wp-content\/uploads\/2023\/12\/2-3-300x232.png 300w, https:\/\/www.pshhc.org\/wp-content\/uploads\/2023\/12\/2-3-768x594.png 768w, https:\/\/www.pshhc.org\/wp-content\/uploads\/2023\/12\/2-3-16x12.png 16w\" sizes=\"auto, (max-width: 1000px) 100vw, 1000px\" \/><\/li><li><img loading=\"lazy\" decoding=\"async\" width=\"1000\" height=\"773\" src=\"https:\/\/www.pshhc.org\/wp-content\/uploads\/2023\/12\/3-3.png\" class=\"attachment-full\" alt=\"\" title=\"3\" srcset=\"https:\/\/www.pshhc.org\/wp-content\/uploads\/2023\/12\/3-3.png 1000w, https:\/\/www.pshhc.org\/wp-content\/uploads\/2023\/12\/3-3-300x232.png 300w, https:\/\/www.pshhc.org\/wp-content\/uploads\/2023\/12\/3-3-768x594.png 768w, https:\/\/www.pshhc.org\/wp-content\/uploads\/2023\/12\/3-3-16x12.png 16w\" sizes=\"auto, (max-width: 1000px) 100vw, 1000px\" \/><\/li><li><img loading=\"lazy\" decoding=\"async\" width=\"1000\" height=\"773\" src=\"https:\/\/www.pshhc.org\/wp-content\/uploads\/2023\/12\/4-3.png\" class=\"attachment-full\" alt=\"\" title=\"4\" srcset=\"https:\/\/www.pshhc.org\/wp-content\/uploads\/2023\/12\/4-3.png 1000w, https:\/\/www.pshhc.org\/wp-content\/uploads\/2023\/12\/4-3-300x232.png 300w, https:\/\/www.pshhc.org\/wp-content\/uploads\/2023\/12\/4-3-768x594.png 768w, https:\/\/www.pshhc.org\/wp-content\/uploads\/2023\/12\/4-3-16x12.png 16w\" sizes=\"auto, (max-width: 1000px) 100vw, 1000px\" \/><\/li><li><img loading=\"lazy\" decoding=\"async\" width=\"1000\" height=\"773\" src=\"https:\/\/www.pshhc.org\/wp-content\/uploads\/2023\/12\/5-3.png\" class=\"attachment-full\" alt=\"\" title=\"5\" srcset=\"https:\/\/www.pshhc.org\/wp-content\/uploads\/2023\/12\/5-3.png 1000w, https:\/\/www.pshhc.org\/wp-content\/uploads\/2023\/12\/5-3-300x232.png 300w, https:\/\/www.pshhc.org\/wp-content\/uploads\/2023\/12\/5-3-768x594.png 768w, https:\/\/www.pshhc.org\/wp-content\/uploads\/2023\/12\/5-3-16x12.png 16w\" sizes=\"auto, (max-width: 1000px) 100vw, 1000px\" \/><\/li><li><img loading=\"lazy\" decoding=\"async\" width=\"1000\" height=\"773\" src=\"https:\/\/www.pshhc.org\/wp-content\/uploads\/2023\/12\/6-3.png\" class=\"attachment-full\" alt=\"\" title=\"6\" srcset=\"https:\/\/www.pshhc.org\/wp-content\/uploads\/2023\/12\/6-3.png 1000w, https:\/\/www.pshhc.org\/wp-content\/uploads\/2023\/12\/6-3-300x232.png 300w, https:\/\/www.pshhc.org\/wp-content\/uploads\/2023\/12\/6-3-768x594.png 768w, https:\/\/www.pshhc.org\/wp-content\/uploads\/2023\/12\/6-3-16x12.png 16w\" sizes=\"auto, (max-width: 1000px) 100vw, 1000px\" \/><\/li><li><img loading=\"lazy\" decoding=\"async\" width=\"1000\" height=\"773\" src=\"https:\/\/www.pshhc.org\/wp-content\/uploads\/2023\/12\/7-2.png\" class=\"attachment-full\" alt=\"\" title=\"7\" srcset=\"https:\/\/www.pshhc.org\/wp-content\/uploads\/2023\/12\/7-2.png 1000w, https:\/\/www.pshhc.org\/wp-content\/uploads\/2023\/12\/7-2-300x232.png 300w, https:\/\/www.pshhc.org\/wp-content\/uploads\/2023\/12\/7-2-768x594.png 768w, https:\/\/www.pshhc.org\/wp-content\/uploads\/2023\/12\/7-2-16x12.png 16w\" sizes=\"auto, (max-width: 1000px) 100vw, 1000px\" \/><\/li><li><img loading=\"lazy\" decoding=\"async\" width=\"1000\" height=\"773\" src=\"https:\/\/www.pshhc.org\/wp-content\/uploads\/2023\/12\/8-3.png\" class=\"attachment-full\" alt=\"\" title=\"8\" srcset=\"https:\/\/www.pshhc.org\/wp-content\/uploads\/2023\/12\/8-3.png 1000w, https:\/\/www.pshhc.org\/wp-content\/uploads\/2023\/12\/8-3-300x232.png 300w, https:\/\/www.pshhc.org\/wp-content\/uploads\/2023\/12\/8-3-768x594.png 768w, https:\/\/www.pshhc.org\/wp-content\/uploads\/2023\/12\/8-3-16x12.png 16w\" sizes=\"auto, (max-width: 1000px) 100vw, 1000px\" \/><\/li><\/ul><\/div><\/div><\/div><div class=\"wpb_gallery wpb_content_element vc_clearfix wpb_content_element\" ><div class=\"wpb_wrapper\"><div class=\"wpb_gallery_slides wpb_flexslider flexslider_slide flexslider\" data-interval=\"0\" data-flex_fx=\"slide\"><ul class=\"slides\"><li><img loading=\"lazy\" decoding=\"async\" width=\"2000\" height=\"1545\" src=\"https:\/\/www.pshhc.org\/wp-content\/uploads\/2025\/09\/EDU-CELEBRE-Zine-SPA.png\" class=\"attachment-full\" alt=\"\" title=\"Revista EDU CELEBRE (ESP)\" srcset=\"https:\/\/www.pshhc.org\/wp-content\/uploads\/2025\/09\/EDU-CELEBRE-Zine-SPA.png 2000w, https:\/\/www.pshhc.org\/wp-content\/uploads\/2025\/09\/EDU-CELEBRE-Zine-SPA-300x232.png 300w, https:\/\/www.pshhc.org\/wp-content\/uploads\/2025\/09\/EDU-CELEBRE-Zine-SPA-1024x791.png 1024w, https:\/\/www.pshhc.org\/wp-content\/uploads\/2025\/09\/EDU-CELEBRE-Zine-SPA-768x593.png 768w, https:\/\/www.pshhc.org\/wp-content\/uploads\/2025\/09\/EDU-CELEBRE-Zine-SPA-1536x1187.png 1536w, https:\/\/www.pshhc.org\/wp-content\/uploads\/2025\/09\/EDU-CELEBRE-Zine-SPA-16x12.png 16w\" sizes=\"auto, (max-width: 2000px) 100vw, 2000px\" \/><\/li><li><img loading=\"lazy\" decoding=\"async\" width=\"1000\" height=\"773\" src=\"https:\/\/www.pshhc.org\/wp-content\/uploads\/2023\/12\/2-2.png\" class=\"attachment-full\" alt=\"\" title=\"2\" srcset=\"https:\/\/www.pshhc.org\/wp-content\/uploads\/2023\/12\/2-2.png 1000w, https:\/\/www.pshhc.org\/wp-content\/uploads\/2023\/12\/2-2-300x232.png 300w, https:\/\/www.pshhc.org\/wp-content\/uploads\/2023\/12\/2-2-768x594.png 768w, https:\/\/www.pshhc.org\/wp-content\/uploads\/2023\/12\/2-2-16x12.png 16w\" sizes=\"auto, (max-width: 1000px) 100vw, 1000px\" \/><\/li><li><img loading=\"lazy\" decoding=\"async\" width=\"1000\" height=\"773\" src=\"https:\/\/www.pshhc.org\/wp-content\/uploads\/2023\/12\/3-2.png\" class=\"attachment-full\" alt=\"\" title=\"3\" srcset=\"https:\/\/www.pshhc.org\/wp-content\/uploads\/2023\/12\/3-2.png 1000w, https:\/\/www.pshhc.org\/wp-content\/uploads\/2023\/12\/3-2-300x232.png 300w, https:\/\/www.pshhc.org\/wp-content\/uploads\/2023\/12\/3-2-768x594.png 768w, https:\/\/www.pshhc.org\/wp-content\/uploads\/2023\/12\/3-2-16x12.png 16w\" sizes=\"auto, (max-width: 1000px) 100vw, 1000px\" \/><\/li><li><img loading=\"lazy\" decoding=\"async\" width=\"1000\" height=\"773\" src=\"https:\/\/www.pshhc.org\/wp-content\/uploads\/2023\/12\/6-2.png\" class=\"attachment-full\" alt=\"\" title=\"6\" srcset=\"https:\/\/www.pshhc.org\/wp-content\/uploads\/2023\/12\/6-2.png 1000w, https:\/\/www.pshhc.org\/wp-content\/uploads\/2023\/12\/6-2-300x232.png 300w, https:\/\/www.pshhc.org\/wp-content\/uploads\/2023\/12\/6-2-768x594.png 768w, https:\/\/www.pshhc.org\/wp-content\/uploads\/2023\/12\/6-2-16x12.png 16w\" sizes=\"auto, (max-width: 1000px) 100vw, 1000px\" \/><\/li><li><img loading=\"lazy\" decoding=\"async\" width=\"1000\" height=\"773\" src=\"https:\/\/www.pshhc.org\/wp-content\/uploads\/2023\/12\/4-2.png\" class=\"attachment-full\" alt=\"\" title=\"4\" srcset=\"https:\/\/www.pshhc.org\/wp-content\/uploads\/2023\/12\/4-2.png 1000w, https:\/\/www.pshhc.org\/wp-content\/uploads\/2023\/12\/4-2-300x232.png 300w, https:\/\/www.pshhc.org\/wp-content\/uploads\/2023\/12\/4-2-768x594.png 768w, https:\/\/www.pshhc.org\/wp-content\/uploads\/2023\/12\/4-2-16x12.png 16w\" sizes=\"auto, (max-width: 1000px) 100vw, 1000px\" \/><\/li><li><img loading=\"lazy\" decoding=\"async\" width=\"1000\" height=\"773\" src=\"https:\/\/www.pshhc.org\/wp-content\/uploads\/2023\/12\/5-2.png\" class=\"attachment-full\" alt=\"\" title=\"5\" srcset=\"https:\/\/www.pshhc.org\/wp-content\/uploads\/2023\/12\/5-2.png 1000w, https:\/\/www.pshhc.org\/wp-content\/uploads\/2023\/12\/5-2-300x232.png 300w, https:\/\/www.pshhc.org\/wp-content\/uploads\/2023\/12\/5-2-768x594.png 768w, https:\/\/www.pshhc.org\/wp-content\/uploads\/2023\/12\/5-2-16x12.png 16w\" sizes=\"auto, (max-width: 1000px) 100vw, 1000px\" \/><\/li><li><img loading=\"lazy\" decoding=\"async\" width=\"1000\" height=\"773\" src=\"https:\/\/www.pshhc.org\/wp-content\/uploads\/2023\/12\/7-1.png\" class=\"attachment-full\" alt=\"\" title=\"7\" srcset=\"https:\/\/www.pshhc.org\/wp-content\/uploads\/2023\/12\/7-1.png 1000w, https:\/\/www.pshhc.org\/wp-content\/uploads\/2023\/12\/7-1-300x232.png 300w, https:\/\/www.pshhc.org\/wp-content\/uploads\/2023\/12\/7-1-768x594.png 768w, https:\/\/www.pshhc.org\/wp-content\/uploads\/2023\/12\/7-1-16x12.png 16w\" sizes=\"auto, (max-width: 1000px) 100vw, 1000px\" \/><\/li><li><img loading=\"lazy\" decoding=\"async\" width=\"1000\" height=\"773\" src=\"https:\/\/www.pshhc.org\/wp-content\/uploads\/2023\/12\/8-1.png\" class=\"attachment-full\" alt=\"\" title=\"8\" srcset=\"https:\/\/www.pshhc.org\/wp-content\/uploads\/2023\/12\/8-1.png 1000w, https:\/\/www.pshhc.org\/wp-content\/uploads\/2023\/12\/8-1-300x232.png 300w, https:\/\/www.pshhc.org\/wp-content\/uploads\/2023\/12\/8-1-768x594.png 768w, https:\/\/www.pshhc.org\/wp-content\/uploads\/2023\/12\/8-1-16x12.png 16w\" sizes=\"auto, (max-width: 1000px) 100vw, 1000px\" \/><\/li><\/ul><\/div><\/div><\/div><\/div><\/div><\/div><div class=\"wpb_column vc_column_container vc_col-sm-4\"><div class=\"vc_column-inner\"><div class=\"wpb_wrapper\">\n\t<div class=\"wpb_text_column wpb_content_element\" >\n\t\t<div class=\"wpb_wrapper\">\n\t\t\t<p style=\"text-align: left;\"><a href=\"https:\/\/www.pshhc.org\/es\/celebre\/\">Conoce m\u00e1s sobre CELEBRE<\/a> y <a href=\"https:\/\/form-renderer-app.donorperfect.io\/give\/peoples-self-help-housing\/give-today-education\" target=\"_blank\" rel=\"noopener\">haz un regalo generoso<\/a> para apoyar este vital programa comunitario!<\/p>\n\n\t\t<\/div>\n\t<\/div>\n<div class=\"ubtn-ctn-center\"><a class=\"ubtn-link ult-adjust-bottom-margin ubtn-center ubtn-custom\" href=\"https:\/\/www.pshhc.org\/wp-content\/uploads\/2025\/09\/EDU-CELEBRE-Zine-ENG.pdf\" target=\"_blank\" rel=\"noopener\" ><button type=\"button\" id=\"ubtn-5833\"  class=\"ubtn ult-adjust-bottom-margin ult-responsive ubtn-custom ubtn-fade-bg  none  ubtn-center   tooltip-69e89de5c0f48\"  data-hover=\"#9b0002\" data-border-color=\"\" data-bg=\"#9b0002\" data-hover-bg=\"#ffffff\" data-border-hover=\"\" data-shadow-hover=\"\" data-shadow-click=\"none\" data-shadow=\"\" data-shd-shadow=\"\"  data-ultimate-target='#ubtn-5833'  data-responsive-json-new='{\"font-size\":\"\",\"line-height\":\"\"}'  style=\"font-weight:normal;width:400px;min-height:50px;padding:px px;border:none;background: #9b0002;color: #ffffff;\"><span class=\"ubtn-hover\" style=\"background-color:#ffffff\"><\/span><span class=\"ubtn-data ubtn-text\" >Descargar como PDF (ingl\u00e9s)<\/span><\/button><\/a><\/div><div class=\"ubtn-ctn-center\"><a class=\"ubtn-link ult-adjust-bottom-margin ubtn-center ubtn-custom\" href=\"https:\/\/www.pshhc.org\/wp-content\/uploads\/2025\/09\/EDU-CELEBRE-Zine-SPA.pdf\" target=\"_blank\" rel=\"noopener\" ><button type=\"button\" id=\"ubtn-6030\"  class=\"ubtn ult-adjust-bottom-margin ult-responsive ubtn-custom ubtn-fade-bg  none  ubtn-center   tooltip-69e89de5c0f89\"  data-hover=\"#9b0002\" data-border-color=\"\" data-bg=\"#9b0002\" data-hover-bg=\"#ffffff\" data-border-hover=\"\" data-shadow-hover=\"\" data-shadow-click=\"none\" data-shadow=\"\" data-shd-shadow=\"\"  data-ultimate-target='#ubtn-6030'  data-responsive-json-new='{\"font-size\":\"\",\"line-height\":\"\"}'  style=\"font-weight:normal;width:400px;min-height:50px;padding:px px;border:none;background: #9b0002;color: #ffffff;\"><span class=\"ubtn-hover\" style=\"background-color:#ffffff\"><\/span><span class=\"ubtn-data ubtn-text\" >Descargar como PDF (English)<\/span><\/button><\/a><\/div><\/div><\/div><\/div><\/div>\n<\/div>","protected":false},"excerpt":{"rendered":"CELEBRE Zine \u00a1Obtenga m\u00e1s informaci\u00f3n sobre CELEBRE y haga una generosa donaci\u00f3n para apoyar este vital programa comunitario! Descargar como PDF (Ingl\u00e9s)Descargar como PDF (Espa\u00f1ol)","protected":false},"author":1105,"featured_media":0,"parent":0,"menu_order":0,"comment_status":"closed","ping_status":"closed","template":"page-wide.php","meta":{"_acf_changed":false,"footnotes":""},"class_list":["post-124716","page","type-page","status-publish","hentry"],"acf":[],"yoast_head":"<!-- This site is optimized with the Yoast SEO plugin v26.9 - https:\/\/yoast.com\/product\/yoast-seo-wordpress\/ -->\n<title>CELEBRE Zine - People&#039;s Self-Help Housing<\/title>\n<meta name=\"description\" content=\"Click the arrows to browse through this year\u2019s report! Download a PDF Report\" \/>\n<meta name=\"robots\" content=\"index, follow, max-snippet:-1, max-image-preview:large, max-video-preview:-1\" \/>\n<link rel=\"canonical\" href=\"https:\/\/www.pshhc.org\/es\/celebre-zine\/\" \/>\n<meta property=\"og:locale\" content=\"es_MX\" \/>\n<meta property=\"og:type\" content=\"article\" \/>\n<meta property=\"og:title\" content=\"CELEBRE Zine - People&#039;s Self-Help Housing\" \/>\n<meta property=\"og:description\" content=\"Click the arrows to browse through this year\u2019s report! Download a PDF Report\" \/>\n<meta property=\"og:url\" content=\"https:\/\/www.pshhc.org\/es\/celebre-zine\/\" \/>\n<meta property=\"og:site_name\" content=\"People&#039;s Self-Help Housing\" \/>\n<meta property=\"article:modified_time\" content=\"2025-09-04T20:52:45+00:00\" \/>\n<meta name=\"twitter:card\" content=\"summary_large_image\" \/>\n<meta name=\"twitter:label1\" content=\"Tiempo de lectura\" \/>\n\t<meta name=\"twitter:data1\" content=\"1 minuto\" \/>\n<script type=\"application\/ld+json\" class=\"yoast-schema-graph\">{\"@context\":\"https:\/\/schema.org\",\"@graph\":[{\"@type\":\"WebPage\",\"@id\":\"https:\/\/www.pshhc.org\/celebre-zine\/\",\"url\":\"https:\/\/www.pshhc.org\/celebre-zine\/\",\"name\":\"CELEBRE Zine - People&#039;s Self-Help Housing\",\"isPartOf\":{\"@id\":\"https:\/\/www.pshhc.org\/#website\"},\"datePublished\":\"2023-12-14T19:11:55+00:00\",\"dateModified\":\"2025-09-04T20:52:45+00:00\",\"description\":\"Click the arrows to browse through this year\u2019s report! Download a PDF Report\",\"breadcrumb\":{\"@id\":\"https:\/\/www.pshhc.org\/celebre-zine\/#breadcrumb\"},\"inLanguage\":\"es\",\"potentialAction\":[{\"@type\":\"ReadAction\",\"target\":[\"https:\/\/www.pshhc.org\/celebre-zine\/\"]}]},{\"@type\":\"BreadcrumbList\",\"@id\":\"https:\/\/www.pshhc.org\/celebre-zine\/#breadcrumb\",\"itemListElement\":[{\"@type\":\"ListItem\",\"position\":1,\"name\":\"Home\",\"item\":\"https:\/\/www.pshhc.org\/\"},{\"@type\":\"ListItem\",\"position\":2,\"name\":\"CELEBRE Zine\"}]},{\"@type\":\"WebSite\",\"@id\":\"https:\/\/www.pshhc.org\/#website\",\"url\":\"https:\/\/www.pshhc.org\/\",\"name\":\"People&#039;s Self-Help Housing\",\"description\":\"People&#039;s Self-Help Housing\",\"potentialAction\":[{\"@type\":\"SearchAction\",\"target\":{\"@type\":\"EntryPoint\",\"urlTemplate\":\"https:\/\/www.pshhc.org\/?s={search_term_string}\"},\"query-input\":{\"@type\":\"PropertyValueSpecification\",\"valueRequired\":true,\"valueName\":\"search_term_string\"}}],\"inLanguage\":\"es\"}]}<\/script>\n<!-- \/ Yoast SEO plugin. -->","yoast_head_json":{"title":"CELEBRE Zine - Vivienda de autoayuda para personas","description":"\u00a1Haga clic en las flechas para explorar el informe de este a\u00f1o! Descargue el informe en PDF.","robots":{"index":"index","follow":"follow","max-snippet":"max-snippet:-1","max-image-preview":"max-image-preview:large","max-video-preview":"max-video-preview:-1"},"canonical":"https:\/\/www.pshhc.org\/es\/celebre-zine\/","og_locale":"es_MX","og_type":"article","og_title":"CELEBRE Zine - People&#039;s Self-Help Housing","og_description":"Click the arrows to browse through this year\u2019s report! Download a PDF Report","og_url":"https:\/\/www.pshhc.org\/es\/celebre-zine\/","og_site_name":"People&#039;s Self-Help Housing","article_modified_time":"2025-09-04T20:52:45+00:00","twitter_card":"summary_large_image","twitter_misc":{"Tiempo de lectura":"1 minuto"},"schema":{"@context":"https:\/\/schema.org","@graph":[{"@type":"WebPage","@id":"https:\/\/www.pshhc.org\/celebre-zine\/","url":"https:\/\/www.pshhc.org\/celebre-zine\/","name":"CELEBRE Zine - Vivienda de autoayuda para personas","isPartOf":{"@id":"https:\/\/www.pshhc.org\/#website"},"datePublished":"2023-12-14T19:11:55+00:00","dateModified":"2025-09-04T20:52:45+00:00","description":"\u00a1Haga clic en las flechas para explorar el informe de este a\u00f1o! Descargue el informe en PDF.","breadcrumb":{"@id":"https:\/\/www.pshhc.org\/celebre-zine\/#breadcrumb"},"inLanguage":"es","potentialAction":[{"@type":"ReadAction","target":["https:\/\/www.pshhc.org\/celebre-zine\/"]}]},{"@type":"BreadcrumbList","@id":"https:\/\/www.pshhc.org\/celebre-zine\/#breadcrumb","itemListElement":[{"@type":"ListItem","position":1,"name":"Home","item":"https:\/\/www.pshhc.org\/"},{"@type":"ListItem","position":2,"name":"CELEBRE Zine"}]},{"@type":"WebSite","@id":"https:\/\/www.pshhc.org\/#website","url":"https:\/\/www.pshhc.org\/","name":"Vivienda de autoayuda de People &amp; #039; s","description":"Vivienda de autoayuda de People &amp; #039; s","potentialAction":[{"@type":"SearchAction","target":{"@type":"EntryPoint","urlTemplate":"https:\/\/www.pshhc.org\/?s={search_term_string}"},"query-input":{"@type":"PropertyValueSpecification","valueRequired":true,"valueName":"search_term_string"}}],"inLanguage":"es"}]}},"jetpack_sharing_enabled":true,"_links":{"self":[{"href":"https:\/\/www.pshhc.org\/es\/wp-json\/wp\/v2\/pages\/124716","targetHints":{"allow":["GET"]}}],"collection":[{"href":"https:\/\/www.pshhc.org\/es\/wp-json\/wp\/v2\/pages"}],"about":[{"href":"https:\/\/www.pshhc.org\/es\/wp-json\/wp\/v2\/types\/page"}],"author":[{"embeddable":true,"href":"https:\/\/www.pshhc.org\/es\/wp-json\/wp\/v2\/users\/1105"}],"replies":[{"embeddable":true,"href":"https:\/\/www.pshhc.org\/es\/wp-json\/wp\/v2\/comments?post=124716"}],"version-history":[{"count":7,"href":"https:\/\/www.pshhc.org\/es\/wp-json\/wp\/v2\/pages\/124716\/revisions"}],"predecessor-version":[{"id":139207,"href":"https:\/\/www.pshhc.org\/es\/wp-json\/wp\/v2\/pages\/124716\/revisions\/139207"}],"wp:attachment":[{"href":"https:\/\/www.pshhc.org\/es\/wp-json\/wp\/v2\/media?parent=124716"}],"curies":[{"name":"gracias","href":"https:\/\/api.w.org\/{rel}","templated":true}]}}