{"id":116834,"date":"2023-10-31T21:17:11","date_gmt":"2023-10-31T21:17:11","guid":{"rendered":"https:\/\/www.pshhc.org\/?page_id=116834"},"modified":"2025-11-20T17:30:44","modified_gmt":"2025-11-20T17:30:44","slug":"impactreport-esp","status":"publish","type":"page","link":"https:\/\/www.pshhc.org\/es\/impactreport-esp\/","title":{"rendered":"Informe de Impacto \u2013 English"},"content":{"rendered":"<div class=\"wpb-content-wrapper\"><div data-vc-full-width=\"true\" data-vc-full-width-temp=\"true\" data-vc-full-width-init=\"false\" data-vc-stretch-content=\"true\" class=\"vc_row wpb_row vc_row-fluid inner-housing-section vc_row-no-padding\"><div class=\"wpb_column vc_column_container vc_col-sm-12\"><div class=\"vc_column-inner\"><div class=\"wpb_wrapper\"><div class=\"vc_empty_space\"   style=\"height: 65px\"><span class=\"vc_empty_space_inner\"><\/span><\/div>\n\t<div class=\"wpb_text_column wpb_content_element container\" >\n\t\t<div class=\"wpb_wrapper\">\n\t\t\t<h2>Celebrando un a\u00f1o de impacto<\/h2>\n\n\t\t<\/div>\n\t<\/div>\n<\/div><\/div><\/div><\/div><div class=\"vc_row-full-width vc_clearfix\"><\/div><div class=\"vc_row wpb_row vc_row-fluid vc_custom_1698786965057 vc_row-o-content-top vc_row-flex\"><div class=\"wpb_column vc_column_container vc_col-sm-12\"><div class=\"vc_column-inner\"><div class=\"wpb_wrapper\"><div class=\"vc_empty_space\"   style=\"height: 50px\"><span class=\"vc_empty_space_inner\"><\/span><\/div>\n\t<div class=\"wpb_text_column wpb_content_element\" >\n\t\t<div class=\"wpb_wrapper\">\n\t\t\t<p>Haz clic en las flechas para navegar por nuestro Informe de Impacto Anual 2024-25. Juntos podemos construir mucho m\u00e1s que vivienda. Sigue construyendo con nosotros. <a href=\"https:\/\/form-renderer-app.donorperfect.io\/give\/pshh\" target=\"_blank\" rel=\"noopener\">\u00a1Haz tu donaci\u00f3n hoy!<\/a><\/p>\n\n\t\t<\/div>\n\t<\/div>\n<div class=\"vc_custom_1763594453896 ubtn-ctn-inline\"><a class=\"ubtn-link ult-adjust-bottom-margin ubtn-inline ubtn-custom\" href=\"https:\/\/www.pshhc.org\/es\/impactreport\/\" ><button type=\"button\" id=\"ubtn-9197\"  class=\"ubtn ult-adjust-bottom-margin ult-responsive ubtn-custom ubtn-fade-bg  none  ubtn-inline   tooltip-69f0de6462900\"  data-hover=\"#9b0002\" data-border-color=\"\" data-bg=\"#9b0002\" data-hover-bg=\"#ffffff\" data-border-hover=\"\" data-shadow-hover=\"\" data-shadow-click=\"none\" data-shadow=\"\" data-shd-shadow=\"\"  data-ultimate-target='#ubtn-9197'  data-responsive-json-new='{\"font-size\":\"\",\"line-height\":\"\"}'  style=\"font-weight:normal;width:350px;min-height:50px;padding:px px;border:none;background: #9b0002;color: #ffffff;\"><span class=\"ubtn-hover\" style=\"background-color:#ffffff\"><\/span><span class=\"ubtn-data ubtn-text\" >Leer en ingl\u00e9s | Leer en ingl\u00e9s<\/span><\/button><\/a><\/div><div class=\"vc_custom_1763594478298 ubtn-ctn-inline\"><a class=\"ubtn-link ult-adjust-bottom-margin ubtn-inline ubtn-custom\" href=\"https:\/\/www.pshhc.org\/wp-content\/uploads\/2025\/11\/2024-25-Impact-Report-Web-Spanish.pdf\" target=\"_blank\" rel=\"noopener\" ><button type=\"button\" id=\"ubtn-9670\"  class=\"ubtn ult-adjust-bottom-margin ult-responsive ubtn-custom ubtn-fade-bg  none  ubtn-inline   tooltip-69f0de646297f\"  data-hover=\"#9b0002\" data-border-color=\"\" data-bg=\"#9b0002\" data-hover-bg=\"#ffffff\" data-border-hover=\"\" data-shadow-hover=\"\" data-shadow-click=\"none\" data-shadow=\"\" data-shd-shadow=\"\"  data-ultimate-target='#ubtn-9670'  data-responsive-json-new='{\"font-size\":\"\",\"line-height\":\"\"}'  style=\"font-weight:normal;width:300px;min-height:50px;padding:px px;border:none;background: #9b0002;color: #ffffff;\"><span class=\"ubtn-hover\" style=\"background-color:#ffffff\"><\/span><span class=\"ubtn-data ubtn-text\" >Descargar como PDF<\/span><\/button><\/a><\/div><\/div><\/div><\/div><\/div><div class=\"vc_row wpb_row vc_row-fluid vc_custom_1698786965057 vc_row-o-content-top vc_row-flex\"><div class=\"wpb_column vc_column_container vc_col-sm-12\"><div class=\"vc_column-inner\"><div class=\"wpb_wrapper\"><div class=\"vc_empty_space\"   style=\"height: 32px\"><span class=\"vc_empty_space_inner\"><\/span><\/div><div class=\"wpb_gallery wpb_content_element vc_clearfix wpb_content_element\" ><div class=\"wpb_wrapper\"><div class=\"wpb_gallery_slides wpb_flexslider flexslider_slide flexslider\" data-interval=\"0\" data-flex_fx=\"slide\"><ul class=\"slides\"><li><a class=\"\" href=\"https:\/\/www.pshhc.org\/wp-content\/uploads\/2025\/11\/2024-25-Impact-Report-Spanish-Cover-1024x663.png\" data-lightbox=\"lightbox[rel-116834-2870550927]\"><img loading=\"lazy\" decoding=\"async\" width=\"2560\" height=\"1656\" src=\"https:\/\/www.pshhc.org\/wp-content\/uploads\/2025\/11\/2024-25-Impact-Report-Spanish-Cover-scaled.png\" class=\"attachment-full\" alt=\"\" title=\"Informe de impacto 2024-25 - Portada en espa\u00f1ol\" srcset=\"https:\/\/www.pshhc.org\/wp-content\/uploads\/2025\/11\/2024-25-Impact-Report-Spanish-Cover-scaled.png 2560w, https:\/\/www.pshhc.org\/wp-content\/uploads\/2025\/11\/2024-25-Impact-Report-Spanish-Cover-300x194.png 300w, https:\/\/www.pshhc.org\/wp-content\/uploads\/2025\/11\/2024-25-Impact-Report-Spanish-Cover-1024x663.png 1024w, https:\/\/www.pshhc.org\/wp-content\/uploads\/2025\/11\/2024-25-Impact-Report-Spanish-Cover-768x497.png 768w, https:\/\/www.pshhc.org\/wp-content\/uploads\/2025\/11\/2024-25-Impact-Report-Spanish-Cover-1536x994.png 1536w\" sizes=\"auto, (max-width: 2560px) 100vw, 2560px\" \/><\/a><\/li><li><a class=\"\" href=\"https:\/\/www.pshhc.org\/wp-content\/uploads\/2025\/11\/2024-25-Impact-Report-Spanish2.png\" data-lightbox=\"lightbox[rel-116834-2870550927]\"><img decoding=\"async\" src=\"https:\/\/www.pshhc.org\/wp-content\/uploads\/2025\/11\/2024-25-Impact-Report-Spanish2.png\" class=\"attachment-full\" alt=\"\" title=\"Informe de impacto 2024-25 - Espa\u00f1ol2\" \/><\/a><\/li><li><a class=\"\" href=\"https:\/\/www.pshhc.org\/wp-content\/uploads\/2025\/11\/2024-25-Impact-Report-Spanish3-1024x663.png\" data-lightbox=\"lightbox[rel-116834-2870550927]\"><img loading=\"lazy\" decoding=\"async\" width=\"2560\" height=\"1656\" src=\"https:\/\/www.pshhc.org\/wp-content\/uploads\/2025\/11\/2024-25-Impact-Report-Spanish3-scaled.png\" class=\"attachment-full\" alt=\"\" title=\"Informe de impacto 2024-25 - Espa\u00f1ol3\" srcset=\"https:\/\/www.pshhc.org\/wp-content\/uploads\/2025\/11\/2024-25-Impact-Report-Spanish3-scaled.png 2560w, https:\/\/www.pshhc.org\/wp-content\/uploads\/2025\/11\/2024-25-Impact-Report-Spanish3-300x194.png 300w, https:\/\/www.pshhc.org\/wp-content\/uploads\/2025\/11\/2024-25-Impact-Report-Spanish3-1024x663.png 1024w, https:\/\/www.pshhc.org\/wp-content\/uploads\/2025\/11\/2024-25-Impact-Report-Spanish3-768x497.png 768w, https:\/\/www.pshhc.org\/wp-content\/uploads\/2025\/11\/2024-25-Impact-Report-Spanish3-1536x994.png 1536w, https:\/\/www.pshhc.org\/wp-content\/uploads\/2025\/11\/2024-25-Impact-Report-Spanish3-2048x1325.png 2048w, https:\/\/www.pshhc.org\/wp-content\/uploads\/2025\/11\/2024-25-Impact-Report-Spanish3-18x12.png 18w\" sizes=\"auto, (max-width: 2560px) 100vw, 2560px\" \/><\/a><\/li><li><a class=\"\" href=\"https:\/\/www.pshhc.org\/wp-content\/uploads\/2025\/11\/2024-25-Impact-Report-Spanish4-1024x663.png\" data-lightbox=\"lightbox[rel-116834-2870550927]\"><img loading=\"lazy\" decoding=\"async\" width=\"2560\" height=\"1656\" src=\"https:\/\/www.pshhc.org\/wp-content\/uploads\/2025\/11\/2024-25-Impact-Report-Spanish4-scaled.png\" class=\"attachment-full\" alt=\"\" title=\"Informe de impacto 2024-25 - Espa\u00f1ol4\" srcset=\"https:\/\/www.pshhc.org\/wp-content\/uploads\/2025\/11\/2024-25-Impact-Report-Spanish4-scaled.png 2560w, https:\/\/www.pshhc.org\/wp-content\/uploads\/2025\/11\/2024-25-Impact-Report-Spanish4-300x194.png 300w, https:\/\/www.pshhc.org\/wp-content\/uploads\/2025\/11\/2024-25-Impact-Report-Spanish4-1024x663.png 1024w, https:\/\/www.pshhc.org\/wp-content\/uploads\/2025\/11\/2024-25-Impact-Report-Spanish4-768x497.png 768w, https:\/\/www.pshhc.org\/wp-content\/uploads\/2025\/11\/2024-25-Impact-Report-Spanish4-1536x994.png 1536w, https:\/\/www.pshhc.org\/wp-content\/uploads\/2025\/11\/2024-25-Impact-Report-Spanish4-2048x1325.png 2048w, https:\/\/www.pshhc.org\/wp-content\/uploads\/2025\/11\/2024-25-Impact-Report-Spanish4-18x12.png 18w\" sizes=\"auto, (max-width: 2560px) 100vw, 2560px\" \/><\/a><\/li><li><a class=\"\" href=\"https:\/\/www.pshhc.org\/wp-content\/uploads\/2025\/11\/2024-25-Impact-Report-Spanish5-1024x663.png\" data-lightbox=\"lightbox[rel-116834-2870550927]\"><img loading=\"lazy\" decoding=\"async\" width=\"2560\" height=\"1656\" src=\"https:\/\/www.pshhc.org\/wp-content\/uploads\/2025\/11\/2024-25-Impact-Report-Spanish5-scaled.png\" class=\"attachment-full\" alt=\"\" title=\"Informe de impacto 2024-25 - Espa\u00f1ol5\" srcset=\"https:\/\/www.pshhc.org\/wp-content\/uploads\/2025\/11\/2024-25-Impact-Report-Spanish5-scaled.png 2560w, https:\/\/www.pshhc.org\/wp-content\/uploads\/2025\/11\/2024-25-Impact-Report-Spanish5-300x194.png 300w, https:\/\/www.pshhc.org\/wp-content\/uploads\/2025\/11\/2024-25-Impact-Report-Spanish5-1024x663.png 1024w, https:\/\/www.pshhc.org\/wp-content\/uploads\/2025\/11\/2024-25-Impact-Report-Spanish5-768x497.png 768w, https:\/\/www.pshhc.org\/wp-content\/uploads\/2025\/11\/2024-25-Impact-Report-Spanish5-1536x994.png 1536w, https:\/\/www.pshhc.org\/wp-content\/uploads\/2025\/11\/2024-25-Impact-Report-Spanish5-2048x1325.png 2048w, https:\/\/www.pshhc.org\/wp-content\/uploads\/2025\/11\/2024-25-Impact-Report-Spanish5-18x12.png 18w\" sizes=\"auto, (max-width: 2560px) 100vw, 2560px\" \/><\/a><\/li><li><a class=\"\" href=\"https:\/\/www.pshhc.org\/wp-content\/uploads\/2025\/11\/2024-25-Impact-Report-Spanish6-1024x663.png\" data-lightbox=\"lightbox[rel-116834-2870550927]\"><img loading=\"lazy\" decoding=\"async\" width=\"2560\" height=\"1656\" src=\"https:\/\/www.pshhc.org\/wp-content\/uploads\/2025\/11\/2024-25-Impact-Report-Spanish6-scaled.png\" class=\"attachment-full\" alt=\"\" title=\"Informe de impacto 2024-25 - Espa\u00f1ol6\" srcset=\"https:\/\/www.pshhc.org\/wp-content\/uploads\/2025\/11\/2024-25-Impact-Report-Spanish6-scaled.png 2560w, https:\/\/www.pshhc.org\/wp-content\/uploads\/2025\/11\/2024-25-Impact-Report-Spanish6-300x194.png 300w, https:\/\/www.pshhc.org\/wp-content\/uploads\/2025\/11\/2024-25-Impact-Report-Spanish6-1024x663.png 1024w, https:\/\/www.pshhc.org\/wp-content\/uploads\/2025\/11\/2024-25-Impact-Report-Spanish6-768x497.png 768w, https:\/\/www.pshhc.org\/wp-content\/uploads\/2025\/11\/2024-25-Impact-Report-Spanish6-1536x994.png 1536w, https:\/\/www.pshhc.org\/wp-content\/uploads\/2025\/11\/2024-25-Impact-Report-Spanish6-2048x1325.png 2048w, https:\/\/www.pshhc.org\/wp-content\/uploads\/2025\/11\/2024-25-Impact-Report-Spanish6-18x12.png 18w\" sizes=\"auto, (max-width: 2560px) 100vw, 2560px\" \/><\/a><\/li><li><a class=\"\" href=\"https:\/\/www.pshhc.org\/wp-content\/uploads\/2025\/11\/2024-25-Impact-Report-Spanish7-1024x663.png\" data-lightbox=\"lightbox[rel-116834-2870550927]\"><img loading=\"lazy\" decoding=\"async\" width=\"2560\" height=\"1656\" src=\"https:\/\/www.pshhc.org\/wp-content\/uploads\/2025\/11\/2024-25-Impact-Report-Spanish7-scaled.png\" class=\"attachment-full\" alt=\"\" title=\"Informe de impacto 2024-25 - Espa\u00f1ol7\" srcset=\"https:\/\/www.pshhc.org\/wp-content\/uploads\/2025\/11\/2024-25-Impact-Report-Spanish7-scaled.png 2560w, https:\/\/www.pshhc.org\/wp-content\/uploads\/2025\/11\/2024-25-Impact-Report-Spanish7-300x194.png 300w, https:\/\/www.pshhc.org\/wp-content\/uploads\/2025\/11\/2024-25-Impact-Report-Spanish7-1024x663.png 1024w, https:\/\/www.pshhc.org\/wp-content\/uploads\/2025\/11\/2024-25-Impact-Report-Spanish7-768x497.png 768w, https:\/\/www.pshhc.org\/wp-content\/uploads\/2025\/11\/2024-25-Impact-Report-Spanish7-1536x994.png 1536w, https:\/\/www.pshhc.org\/wp-content\/uploads\/2025\/11\/2024-25-Impact-Report-Spanish7-2048x1325.png 2048w, https:\/\/www.pshhc.org\/wp-content\/uploads\/2025\/11\/2024-25-Impact-Report-Spanish7-18x12.png 18w\" sizes=\"auto, (max-width: 2560px) 100vw, 2560px\" \/><\/a><\/li><li><a class=\"\" href=\"https:\/\/www.pshhc.org\/wp-content\/uploads\/2025\/11\/2024-25-Impact-Report-Spanish8.png\" data-lightbox=\"lightbox[rel-116834-2870550927]\"><img decoding=\"async\" src=\"https:\/\/www.pshhc.org\/wp-content\/uploads\/2025\/11\/2024-25-Impact-Report-Spanish8.png\" class=\"attachment-full\" alt=\"\" title=\"Informe de impacto 2024-25 - Espa\u00f1ol8\" \/><\/a><\/li><li><a class=\"\" href=\"https:\/\/www.pshhc.org\/wp-content\/uploads\/2025\/11\/2024-25-Impact-Report-Spanish9-1024x663.png\" data-lightbox=\"lightbox[rel-116834-2870550927]\"><img loading=\"lazy\" decoding=\"async\" width=\"2560\" height=\"1656\" src=\"https:\/\/www.pshhc.org\/wp-content\/uploads\/2025\/11\/2024-25-Impact-Report-Spanish9-scaled.png\" class=\"attachment-full\" alt=\"\" title=\"Informe de impacto 2024-25 - Espa\u00f1ol9\" srcset=\"https:\/\/www.pshhc.org\/wp-content\/uploads\/2025\/11\/2024-25-Impact-Report-Spanish9-scaled.png 2560w, https:\/\/www.pshhc.org\/wp-content\/uploads\/2025\/11\/2024-25-Impact-Report-Spanish9-300x194.png 300w, https:\/\/www.pshhc.org\/wp-content\/uploads\/2025\/11\/2024-25-Impact-Report-Spanish9-1024x663.png 1024w, https:\/\/www.pshhc.org\/wp-content\/uploads\/2025\/11\/2024-25-Impact-Report-Spanish9-768x497.png 768w, https:\/\/www.pshhc.org\/wp-content\/uploads\/2025\/11\/2024-25-Impact-Report-Spanish9-1536x994.png 1536w, https:\/\/www.pshhc.org\/wp-content\/uploads\/2025\/11\/2024-25-Impact-Report-Spanish9-2048x1325.png 2048w, https:\/\/www.pshhc.org\/wp-content\/uploads\/2025\/11\/2024-25-Impact-Report-Spanish9-18x12.png 18w\" sizes=\"auto, (max-width: 2560px) 100vw, 2560px\" \/><\/a><\/li><li><a class=\"\" href=\"https:\/\/www.pshhc.org\/wp-content\/uploads\/2025\/11\/2024-25-Impact-Report-Spanish10-1024x663.png\" data-lightbox=\"lightbox[rel-116834-2870550927]\"><img loading=\"lazy\" decoding=\"async\" width=\"2560\" height=\"1656\" src=\"https:\/\/www.pshhc.org\/wp-content\/uploads\/2025\/11\/2024-25-Impact-Report-Spanish10-scaled.png\" class=\"attachment-full\" alt=\"\" title=\"Informe de impacto 2024-25 - Espa\u00f1ol10\" srcset=\"https:\/\/www.pshhc.org\/wp-content\/uploads\/2025\/11\/2024-25-Impact-Report-Spanish10-scaled.png 2560w, https:\/\/www.pshhc.org\/wp-content\/uploads\/2025\/11\/2024-25-Impact-Report-Spanish10-300x194.png 300w, https:\/\/www.pshhc.org\/wp-content\/uploads\/2025\/11\/2024-25-Impact-Report-Spanish10-1024x663.png 1024w, https:\/\/www.pshhc.org\/wp-content\/uploads\/2025\/11\/2024-25-Impact-Report-Spanish10-768x497.png 768w, https:\/\/www.pshhc.org\/wp-content\/uploads\/2025\/11\/2024-25-Impact-Report-Spanish10-1536x994.png 1536w, https:\/\/www.pshhc.org\/wp-content\/uploads\/2025\/11\/2024-25-Impact-Report-Spanish10-2048x1325.png 2048w, https:\/\/www.pshhc.org\/wp-content\/uploads\/2025\/11\/2024-25-Impact-Report-Spanish10-18x12.png 18w\" sizes=\"auto, (max-width: 2560px) 100vw, 2560px\" \/><\/a><\/li><li><a class=\"\" href=\"https:\/\/www.pshhc.org\/wp-content\/uploads\/2025\/11\/2024-25-Impact-Report-Spanish11-1024x663.png\" data-lightbox=\"lightbox[rel-116834-2870550927]\"><img loading=\"lazy\" decoding=\"async\" width=\"2560\" height=\"1656\" src=\"https:\/\/www.pshhc.org\/wp-content\/uploads\/2025\/11\/2024-25-Impact-Report-Spanish11-scaled.png\" class=\"attachment-full\" alt=\"\" title=\"Informe de impacto 2024-25 - Espa\u00f1ol11\" srcset=\"https:\/\/www.pshhc.org\/wp-content\/uploads\/2025\/11\/2024-25-Impact-Report-Spanish11-scaled.png 2560w, https:\/\/www.pshhc.org\/wp-content\/uploads\/2025\/11\/2024-25-Impact-Report-Spanish11-300x194.png 300w, https:\/\/www.pshhc.org\/wp-content\/uploads\/2025\/11\/2024-25-Impact-Report-Spanish11-1024x663.png 1024w, https:\/\/www.pshhc.org\/wp-content\/uploads\/2025\/11\/2024-25-Impact-Report-Spanish11-768x497.png 768w, https:\/\/www.pshhc.org\/wp-content\/uploads\/2025\/11\/2024-25-Impact-Report-Spanish11-1536x994.png 1536w, https:\/\/www.pshhc.org\/wp-content\/uploads\/2025\/11\/2024-25-Impact-Report-Spanish11-2048x1325.png 2048w, https:\/\/www.pshhc.org\/wp-content\/uploads\/2025\/11\/2024-25-Impact-Report-Spanish11-18x12.png 18w\" sizes=\"auto, (max-width: 2560px) 100vw, 2560px\" \/><\/a><\/li><li><a class=\"\" href=\"https:\/\/www.pshhc.org\/wp-content\/uploads\/2025\/11\/2024-25-Impact-Report-Spanish12.png\" data-lightbox=\"lightbox[rel-116834-2870550927]\"><img decoding=\"async\" src=\"https:\/\/www.pshhc.org\/wp-content\/uploads\/2025\/11\/2024-25-Impact-Report-Spanish12.png\" class=\"attachment-full\" alt=\"\" title=\"Informe de impacto 2024-25 - Espa\u00f1ol12\" \/><\/a><\/li><li><a class=\"\" href=\"https:\/\/www.pshhc.org\/wp-content\/uploads\/2025\/11\/2024-25-Impact-Report-Spanish13-1024x663.png\" data-lightbox=\"lightbox[rel-116834-2870550927]\"><img loading=\"lazy\" decoding=\"async\" width=\"2560\" height=\"1656\" src=\"https:\/\/www.pshhc.org\/wp-content\/uploads\/2025\/11\/2024-25-Impact-Report-Spanish13-scaled.png\" class=\"attachment-full\" alt=\"\" title=\"Informe de impacto 2024-25 - Espa\u00f1ol13\" srcset=\"https:\/\/www.pshhc.org\/wp-content\/uploads\/2025\/11\/2024-25-Impact-Report-Spanish13-scaled.png 2560w, https:\/\/www.pshhc.org\/wp-content\/uploads\/2025\/11\/2024-25-Impact-Report-Spanish13-300x194.png 300w, https:\/\/www.pshhc.org\/wp-content\/uploads\/2025\/11\/2024-25-Impact-Report-Spanish13-1024x663.png 1024w, https:\/\/www.pshhc.org\/wp-content\/uploads\/2025\/11\/2024-25-Impact-Report-Spanish13-768x497.png 768w, https:\/\/www.pshhc.org\/wp-content\/uploads\/2025\/11\/2024-25-Impact-Report-Spanish13-1536x994.png 1536w, https:\/\/www.pshhc.org\/wp-content\/uploads\/2025\/11\/2024-25-Impact-Report-Spanish13-2048x1325.png 2048w, https:\/\/www.pshhc.org\/wp-content\/uploads\/2025\/11\/2024-25-Impact-Report-Spanish13-18x12.png 18w\" sizes=\"auto, (max-width: 2560px) 100vw, 2560px\" \/><\/a><\/li><li><a class=\"\" href=\"https:\/\/www.pshhc.org\/wp-content\/uploads\/2025\/11\/2024-25-Impact-Report-Spanish14-1024x663.png\" data-lightbox=\"lightbox[rel-116834-2870550927]\"><img loading=\"lazy\" decoding=\"async\" width=\"2560\" height=\"1656\" src=\"https:\/\/www.pshhc.org\/wp-content\/uploads\/2025\/11\/2024-25-Impact-Report-Spanish14-scaled.png\" class=\"attachment-full\" alt=\"\" title=\"Informe de impacto 2024-25 - Espa\u00f1ol14\" srcset=\"https:\/\/www.pshhc.org\/wp-content\/uploads\/2025\/11\/2024-25-Impact-Report-Spanish14-scaled.png 2560w, https:\/\/www.pshhc.org\/wp-content\/uploads\/2025\/11\/2024-25-Impact-Report-Spanish14-300x194.png 300w, https:\/\/www.pshhc.org\/wp-content\/uploads\/2025\/11\/2024-25-Impact-Report-Spanish14-1024x663.png 1024w, https:\/\/www.pshhc.org\/wp-content\/uploads\/2025\/11\/2024-25-Impact-Report-Spanish14-768x497.png 768w, https:\/\/www.pshhc.org\/wp-content\/uploads\/2025\/11\/2024-25-Impact-Report-Spanish14-1536x994.png 1536w, https:\/\/www.pshhc.org\/wp-content\/uploads\/2025\/11\/2024-25-Impact-Report-Spanish14-2048x1325.png 2048w, https:\/\/www.pshhc.org\/wp-content\/uploads\/2025\/11\/2024-25-Impact-Report-Spanish14-18x12.png 18w\" sizes=\"auto, (max-width: 2560px) 100vw, 2560px\" \/><\/a><\/li><\/ul><\/div><\/div><\/div><\/div><\/div><\/div><\/div>\n<\/div>","protected":false},"excerpt":{"rendered":"Celebrando un a\u00f1o de impacto Haz clic en las flechas para navegar nuestro Informe de Impacto Anual 2024-25. Juntos podemos construir mucho m\u00e1s que vivienda. Sigue construyendo con nosotros. \u00a1Haz tu donaci\u00f3n hoy! Leer en ingl\u00e9s | Leer en ingl\u00e9sDescargar como PDF","protected":false},"author":1105,"featured_media":0,"parent":0,"menu_order":0,"comment_status":"closed","ping_status":"closed","template":"page-wide.php","meta":{"_acf_changed":false,"footnotes":""},"class_list":["post-116834","page","type-page","status-publish","hentry"],"acf":[],"yoast_head":"<!-- This site is optimized with the Yoast SEO plugin v26.9 - https:\/\/yoast.com\/product\/yoast-seo-wordpress\/ -->\n<title>Impact Report - Espa\u00f1ol - People&#039;s Self-Help Housing<\/title>\n<meta name=\"description\" content=\"Click the arrows to browse through this year\u2019s report! Download a PDF Report\" \/>\n<meta name=\"robots\" content=\"index, follow, max-snippet:-1, max-image-preview:large, max-video-preview:-1\" \/>\n<link rel=\"canonical\" href=\"https:\/\/www.pshhc.org\/es\/impactreport-esp\/\" \/>\n<meta property=\"og:locale\" content=\"es_MX\" \/>\n<meta property=\"og:type\" content=\"article\" \/>\n<meta property=\"og:title\" content=\"Impact Report - Espa\u00f1ol - People&#039;s Self-Help Housing\" \/>\n<meta property=\"og:description\" content=\"Click the arrows to browse through this year\u2019s report! Download a PDF Report\" \/>\n<meta property=\"og:url\" content=\"https:\/\/www.pshhc.org\/es\/impactreport-esp\/\" \/>\n<meta property=\"og:site_name\" content=\"People&#039;s Self-Help Housing\" \/>\n<meta property=\"article:modified_time\" content=\"2025-11-20T17:30:44+00:00\" \/>\n<meta name=\"twitter:card\" content=\"summary_large_image\" \/>\n<meta name=\"twitter:label1\" content=\"Tiempo de lectura\" \/>\n\t<meta name=\"twitter:data1\" content=\"4 minutos\" \/>\n<script type=\"application\/ld+json\" class=\"yoast-schema-graph\">{\"@context\":\"https:\/\/schema.org\",\"@graph\":[{\"@type\":\"WebPage\",\"@id\":\"https:\/\/www.pshhc.org\/impactreport-esp\/\",\"url\":\"https:\/\/www.pshhc.org\/impactreport-esp\/\",\"name\":\"Impact Report - Espa\u00f1ol - People&#039;s Self-Help Housing\",\"isPartOf\":{\"@id\":\"https:\/\/www.pshhc.org\/#website\"},\"datePublished\":\"2023-10-31T21:17:11+00:00\",\"dateModified\":\"2025-11-20T17:30:44+00:00\",\"description\":\"Click the arrows to browse through this year\u2019s report! Download a PDF Report\",\"breadcrumb\":{\"@id\":\"https:\/\/www.pshhc.org\/impactreport-esp\/#breadcrumb\"},\"inLanguage\":\"es\",\"potentialAction\":[{\"@type\":\"ReadAction\",\"target\":[\"https:\/\/www.pshhc.org\/impactreport-esp\/\"]}]},{\"@type\":\"BreadcrumbList\",\"@id\":\"https:\/\/www.pshhc.org\/impactreport-esp\/#breadcrumb\",\"itemListElement\":[{\"@type\":\"ListItem\",\"position\":1,\"name\":\"Home\",\"item\":\"https:\/\/www.pshhc.org\/\"},{\"@type\":\"ListItem\",\"position\":2,\"name\":\"Impact Report &#8211; Espa\u00f1ol\"}]},{\"@type\":\"WebSite\",\"@id\":\"https:\/\/www.pshhc.org\/#website\",\"url\":\"https:\/\/www.pshhc.org\/\",\"name\":\"People&#039;s Self-Help Housing\",\"description\":\"People&#039;s Self-Help Housing\",\"potentialAction\":[{\"@type\":\"SearchAction\",\"target\":{\"@type\":\"EntryPoint\",\"urlTemplate\":\"https:\/\/www.pshhc.org\/?s={search_term_string}\"},\"query-input\":{\"@type\":\"PropertyValueSpecification\",\"valueRequired\":true,\"valueName\":\"search_term_string\"}}],\"inLanguage\":\"es\"}]}<\/script>\n<!-- \/ Yoast SEO plugin. -->","yoast_head_json":{"title":"Informe de Impacto - Espa\u00f1ol - Vivienda de Autoayuda Popular","description":"\u00a1Haga clic en las flechas para explorar el informe de este a\u00f1o! Descargue el informe en PDF.","robots":{"index":"index","follow":"follow","max-snippet":"max-snippet:-1","max-image-preview":"max-image-preview:large","max-video-preview":"max-video-preview:-1"},"canonical":"https:\/\/www.pshhc.org\/es\/impactreport-esp\/","og_locale":"es_MX","og_type":"article","og_title":"Impact Report - Espa\u00f1ol - People&#039;s Self-Help Housing","og_description":"Click the arrows to browse through this year\u2019s report! Download a PDF Report","og_url":"https:\/\/www.pshhc.org\/es\/impactreport-esp\/","og_site_name":"People&#039;s Self-Help Housing","article_modified_time":"2025-11-20T17:30:44+00:00","twitter_card":"summary_large_image","twitter_misc":{"Tiempo de lectura":"4 minutos"},"schema":{"@context":"https:\/\/schema.org","@graph":[{"@type":"WebPage","@id":"https:\/\/www.pshhc.org\/impactreport-esp\/","url":"https:\/\/www.pshhc.org\/impactreport-esp\/","name":"Informe de Impacto - Espa\u00f1ol - Vivienda de Autoayuda Popular","isPartOf":{"@id":"https:\/\/www.pshhc.org\/#website"},"datePublished":"2023-10-31T21:17:11+00:00","dateModified":"2025-11-20T17:30:44+00:00","description":"\u00a1Haga clic en las flechas para explorar el informe de este a\u00f1o! Descargue el informe en PDF.","breadcrumb":{"@id":"https:\/\/www.pshhc.org\/impactreport-esp\/#breadcrumb"},"inLanguage":"es","potentialAction":[{"@type":"ReadAction","target":["https:\/\/www.pshhc.org\/impactreport-esp\/"]}]},{"@type":"BreadcrumbList","@id":"https:\/\/www.pshhc.org\/impactreport-esp\/#breadcrumb","itemListElement":[{"@type":"ListItem","position":1,"name":"Home","item":"https:\/\/www.pshhc.org\/"},{"@type":"ListItem","position":2,"name":"Impact Report &#8211; Espa\u00f1ol"}]},{"@type":"WebSite","@id":"https:\/\/www.pshhc.org\/#website","url":"https:\/\/www.pshhc.org\/","name":"Vivienda de autoayuda de People &amp; #039; s","description":"Vivienda de autoayuda de People &amp; #039; s","potentialAction":[{"@type":"SearchAction","target":{"@type":"EntryPoint","urlTemplate":"https:\/\/www.pshhc.org\/?s={search_term_string}"},"query-input":{"@type":"PropertyValueSpecification","valueRequired":true,"valueName":"search_term_string"}}],"inLanguage":"es"}]}},"jetpack_sharing_enabled":true,"_links":{"self":[{"href":"https:\/\/www.pshhc.org\/es\/wp-json\/wp\/v2\/pages\/116834","targetHints":{"allow":["GET"]}}],"collection":[{"href":"https:\/\/www.pshhc.org\/es\/wp-json\/wp\/v2\/pages"}],"about":[{"href":"https:\/\/www.pshhc.org\/es\/wp-json\/wp\/v2\/types\/page"}],"author":[{"embeddable":true,"href":"https:\/\/www.pshhc.org\/es\/wp-json\/wp\/v2\/users\/1105"}],"replies":[{"embeddable":true,"href":"https:\/\/www.pshhc.org\/es\/wp-json\/wp\/v2\/comments?post=116834"}],"version-history":[{"count":26,"href":"https:\/\/www.pshhc.org\/es\/wp-json\/wp\/v2\/pages\/116834\/revisions"}],"predecessor-version":[{"id":139627,"href":"https:\/\/www.pshhc.org\/es\/wp-json\/wp\/v2\/pages\/116834\/revisions\/139627"}],"wp:attachment":[{"href":"https:\/\/www.pshhc.org\/es\/wp-json\/wp\/v2\/media?parent=116834"}],"curies":[{"name":"gracias","href":"https:\/\/api.w.org\/{rel}","templated":true}]}}