{"id":109056,"date":"2023-09-07T19:57:31","date_gmt":"2023-09-07T19:57:31","guid":{"rendered":"https:\/\/www.pshhc.org\/?page_id=109056"},"modified":"2026-01-07T19:05:37","modified_gmt":"2026-01-07T19:05:37","slug":"advocacy","status":"publish","type":"page","link":"https:\/\/www.pshhc.org\/es\/advocacy\/","title":{"rendered":"Abogac\u00eda"},"content":{"rendered":"<div class=\"wpb-content-wrapper\"><div data-vc-full-width=\"true\" data-vc-full-width-temp=\"true\" data-vc-full-width-init=\"false\" data-vc-stretch-content=\"true\" class=\"vc_row wpb_row vc_row-fluid inner-banner vc_row-no-padding\"><div class=\"wpb_column vc_column_container vc_col-sm-12\"><div class=\"vc_column-inner\"><div class=\"wpb_wrapper\">\n\t<div  class=\"wpb_single_image wpb_content_element vc_align_center wpb_content_element  bg-image\">\n\t\t\n\t\t<figure class=\"wpb_wrapper vc_figure\">\n\t\t\t<div class=\"vc_single_image-wrapper   vc_box_border_grey\"><img loading=\"lazy\" decoding=\"async\" width=\"5472\" height=\"2571\" src=\"https:\/\/www.pshhc.org\/wp-content\/uploads\/2023\/12\/Advocacy-Webpage-Headers-4-1.png\" class=\"vc_single_image-img attachment-full\" alt=\"\" title=\"Herramientas para una promoci\u00f3n informada\" srcset=\"https:\/\/www.pshhc.org\/wp-content\/uploads\/2023\/12\/Advocacy-Webpage-Headers-4-1.png 5472w, https:\/\/www.pshhc.org\/wp-content\/uploads\/2023\/12\/Advocacy-Webpage-Headers-4-1-300x141.png 300w, https:\/\/www.pshhc.org\/wp-content\/uploads\/2023\/12\/Advocacy-Webpage-Headers-4-1-768x361.png 768w, https:\/\/www.pshhc.org\/wp-content\/uploads\/2023\/12\/Advocacy-Webpage-Headers-4-1-1024x481.png 1024w, https:\/\/www.pshhc.org\/wp-content\/uploads\/2023\/12\/Advocacy-Webpage-Headers-4-1-1536x722.png 1536w, https:\/\/www.pshhc.org\/wp-content\/uploads\/2023\/12\/Advocacy-Webpage-Headers-4-1-2048x962.png 2048w, https:\/\/www.pshhc.org\/wp-content\/uploads\/2023\/12\/Advocacy-Webpage-Headers-4-1-18x8.png 18w\" sizes=\"auto, (max-width: 5472px) 100vw, 5472px\" \/><\/div>\n\t\t<\/figure>\n\t<\/div>\n<\/div><\/div><\/div><\/div><div class=\"vc_row-full-width vc_clearfix\"><\/div><div data-vc-full-width=\"true\" data-vc-full-width-temp=\"true\" data-vc-full-width-init=\"false\" data-vc-stretch-content=\"true\" class=\"vc_row wpb_row vc_row-fluid inner-housing-section vc_row-no-padding\"><div class=\"wpb_column vc_column_container vc_col-sm-12\"><div class=\"vc_column-inner\"><div class=\"wpb_wrapper\">\n\t<div class=\"wpb_text_column wpb_content_element container\" >\n\t\t<div class=\"wpb_wrapper\">\n\t\t\t<h2>Herramientas para una promoci\u00f3n informada<\/h2>\n\n\t\t<\/div>\n\t<\/div>\n<\/div><\/div><\/div><\/div><div class=\"vc_row-full-width vc_clearfix\"><\/div><div data-vc-full-width=\"true\" data-vc-full-width-temp=\"true\" data-vc-full-width-init=\"false\" data-vc-stretch-content=\"true\" class=\"vc_row wpb_row vc_row-fluid rental-housing-section vc_row-no-padding\"><div class=\"wpb_column vc_column_container vc_col-sm-12 vc_col-has-fill\"><div class=\"vc_column-inner vc_custom_1706051531113\"><div class=\"wpb_wrapper\"><div class=\"vc_empty_space\"   style=\"height: 32px\"><span class=\"vc_empty_space_inner\"><\/span><\/div>\n\t<div class=\"wpb_text_column wpb_content_element container\" >\n\t\t<div class=\"wpb_wrapper\">\n\t\t\t<p class=\"cvGsUA direction-ltr align-center para-style-body\" style=\"text-align: center;\"><span class=\"OYPEnA text-decoration-none text-strikethrough-none\">El tema de la vivienda, en definitiva, es complicado.<\/span><\/p>\n<p class=\"cvGsUA direction-ltr align-center para-style-body\" style=\"text-align: center;\"><span class=\"OYPEnA text-decoration-none text-strikethrough-none\">Por qu\u00e9 construir, d\u00f3nde construir y para qui\u00e9n construir suscita un feroz debate y pone de relieve las complejas cuestiones que rodean la crisis inmobiliaria. Desde documentos t\u00e9cnicos hasta art\u00edculos de opini\u00f3n, desde legislaci\u00f3n emergente hasta medidas electorales, a continuaci\u00f3n encontrar\u00e1 una variedad de recursos que lo ayudar\u00e1n a convertirse en un defensor informado de la vivienda asequible.<\/span><\/p>\n<p style=\"text-align: center;\">Consulte estos \u00faltimos conjuntos de datos de <a href=\"https:\/\/nhc.org\/paycheck-to-paycheck\/\" target=\"_blank\" rel=\"noopener\">Conferencia Nacional de Vivienda<br \/>\n<\/a>y suscr\u00edbete a nuestro bolet\u00edn mensual <a href=\"https:\/\/www.pshhc.org\/es\/pshh-blueprint\/\">El plano<\/a><\/p>\n\n\t\t<\/div>\n\t<\/div>\n<\/div><\/div><\/div><\/div><div class=\"vc_row-full-width vc_clearfix\"><\/div><!-- Row Backgrounds --><div class=\"upb_color\" data-bg-override=\"0\" data-bg-color=\"#ffffff\" data-fadeout=\"\" data-fadeout-percentage=\"30\" data-parallax-content=\"\" data-parallax-content-sense=\"30\" data-row-effect-mobile-disable=\"true\" data-img-parallax-mobile-disable=\"true\" data-rtl=\"false\"  data-custom-vc-row=\"\"  data-vc=\"8.7.2\"  data-is_old_vc=\"\"  data-theme-support=\"\"   data-overlay=\"false\" data-overlay-color=\"\" data-overlay-pattern=\"\" data-overlay-pattern-opacity=\"\" data-overlay-pattern-size=\"\"    ><\/div><div data-vc-full-width=\"true\" data-vc-full-width-temp=\"true\" data-vc-full-width-init=\"false\" data-vc-stretch-content=\"true\" class=\"vc_row wpb_row vc_row-fluid find-callhome-section vc_row-no-padding\"><div class=\"wpb_column vc_column_container vc_col-sm-12\"><div class=\"vc_column-inner\"><div class=\"wpb_wrapper\"><div class=\"vc_row wpb_row vc_inner vc_row-fluid container vc_column-gap-10\"><div class=\"call-home-item wpb_column vc_column_container vc_col-sm-3\"><div class=\"vc_column-inner\"><div class=\"wpb_wrapper\">\n\t<div class=\"wpb_text_column wpb_content_element\" >\n\t\t<div class=\"wpb_wrapper\">\n\t\t\t<p><a class=\"call-home-name\" href=\"https:\/\/www.housingbondca.com\/\" target=\"_blank\" rel=\"noopener\">Ley de Bonos para Viviendas Asequibles de 2026<\/a><\/p>\n\n\t\t<\/div>\n\t<\/div>\n\n\t<div  class=\"wpb_single_image wpb_content_element vc_align_center wpb_content_element  img-wrap\">\n\t\t\n\t\t<figure class=\"wpb_wrapper vc_figure\">\n\t\t\t<a href=\"https:\/\/www.housingbondca.com\/\" target=\"_self\" class=\"vc_single_image-wrapper   vc_box_border_grey\"><img decoding=\"async\" class=\"vc_single_image-img\" src=\"https:\/\/www.pshhc.org\/wp-content\/uploads\/2026\/01\/Affordable-Housing-Bond-Act_26.png\" width=\"370\" height=\"370\" alt=\"Affordable Housing Bond Act_26\" title=\"Ley de Bonos para Viviendas Asequibles_26\" loading=\"lazy\" \/><\/a>\n\t\t<\/figure>\n\t<\/div>\n<\/div><\/div><\/div><div class=\"call-home-item wpb_column vc_column_container vc_col-sm-3\"><div class=\"vc_column-inner\"><div class=\"wpb_wrapper\">\n\t<div class=\"wpb_text_column wpb_content_element\" >\n\t\t<div class=\"wpb_wrapper\">\n\t\t\t<p><a class=\"call-home-name\" href=\"https:\/\/www.pshhc.org\/es\/advocacy-partners\/\">Socios de promoci\u00f3n<\/a><\/p>\n\n\t\t<\/div>\n\t<\/div>\n\n\t<div  class=\"wpb_single_image wpb_content_element vc_align_center wpb_content_element  img-wrap\">\n\t\t\n\t\t<figure class=\"wpb_wrapper vc_figure\">\n\t\t\t<a href=\"https:\/\/www.pshhc.org\/es\/advocacy-partners\/\" target=\"_self\" class=\"vc_single_image-wrapper   vc_box_border_grey\"><img decoding=\"async\" class=\"vc_single_image-img\" src=\"https:\/\/www.pshhc.org\/wp-content\/uploads\/2024\/01\/Advocacy-Partners--370x370.png\" width=\"370\" height=\"370\" alt=\"Advocacy Partners\" title=\"Socios de promoci\u00f3n\" loading=\"lazy\" \/><\/a>\n\t\t<\/figure>\n\t<\/div>\n<\/div><\/div><\/div><div class=\"call-home-item wpb_column vc_column_container vc_col-sm-3\"><div class=\"vc_column-inner\"><div class=\"wpb_wrapper\">\n\t<div class=\"wpb_text_column wpb_content_element\" >\n\t\t<div class=\"wpb_wrapper\">\n\t\t\t<p><a class=\"call-home-name\" href=\"https:\/\/www.pshhc.org\/es\/advocacy-think-tanks\/\">Centros de reflexi\u00f3n<\/a><\/p>\n\n\t\t<\/div>\n\t<\/div>\n\n\t<div  class=\"wpb_single_image wpb_content_element vc_align_center wpb_content_element  img-wrap\">\n\t\t\n\t\t<figure class=\"wpb_wrapper vc_figure\">\n\t\t\t<a href=\"https:\/\/www.pshhc.org\/es\/advocacy-think-tanks\/\" target=\"_self\" class=\"vc_single_image-wrapper   vc_box_border_grey\"><img decoding=\"async\" class=\"vc_single_image-img\" src=\"https:\/\/www.pshhc.org\/wp-content\/uploads\/2023\/12\/1-6-370x370.png\" width=\"370\" height=\"370\" alt=\"Tools &amp; Research\" title=\"Herramientas e investigaci\u00f3n\" loading=\"lazy\" \/><\/a>\n\t\t<\/figure>\n\t<\/div>\n<\/div><\/div><\/div><div class=\"call-home-item wpb_column vc_column_container vc_col-sm-3\"><div class=\"vc_column-inner\"><div class=\"wpb_wrapper\">\n\t<div class=\"wpb_text_column wpb_content_element\" >\n\t\t<div class=\"wpb_wrapper\">\n\t\t\t<p><a class=\"call-home-name\" href=\"https:\/\/www.pshhc.org\/es\/vocabulary\/\">Aumente su vocabulario de vivienda<\/a><\/p>\n\n\t\t<\/div>\n\t<\/div>\n\n\t<div  class=\"wpb_single_image wpb_content_element vc_align_center wpb_content_element  img-wrap\">\n\t\t\n\t\t<figure class=\"wpb_wrapper vc_figure\">\n\t\t\t<a href=\"https:\/\/www.pshhc.org\/es\/vocabulary\/\" target=\"_self\" class=\"vc_single_image-wrapper   vc_box_border_grey\"><img decoding=\"async\" class=\"vc_single_image-img\" src=\"https:\/\/www.pshhc.org\/wp-content\/uploads\/2023\/12\/2-6-370x370.png\" width=\"370\" height=\"370\" alt=\"Workshops &amp; Conferences\" title=\"Talleres y conferencias\" loading=\"lazy\" \/><\/a>\n\t\t<\/figure>\n\t<\/div>\n<\/div><\/div><\/div><\/div><div class=\"vc_row wpb_row vc_inner vc_row-fluid container vc_column-gap-10\"><div class=\"call-home-item wpb_column vc_column_container vc_col-sm-4\"><div class=\"vc_column-inner\"><div class=\"wpb_wrapper\"><\/div><\/div><\/div><div class=\"wpb_column vc_column_container vc_col-sm-4 vc_hidden-lg vc_hidden-md vc_hidden-sm vc_hidden-xs\"><div class=\"vc_column-inner\"><div class=\"wpb_wrapper\">\n\t<div class=\"wpb_text_column wpb_content_element\" >\n\t\t<div class=\"wpb_wrapper\">\n\t\t\t<p><a class=\"call-home-name\" href=\"https:\/\/www.pshhc.org\/es\/advocacy-support\/\">Qu\u00e9 estamos apoyando<\/a><\/p>\n\n\t\t<\/div>\n\t<\/div>\n\n\t<div  class=\"wpb_single_image wpb_content_element vc_align_center wpb_content_element  img-wrap\">\n\t\t\n\t\t<figure class=\"wpb_wrapper vc_figure\">\n\t\t\t<a href=\"https:\/\/www.pshhc.org\/es\/advocacy-support\/\" target=\"_self\" class=\"vc_single_image-wrapper   vc_box_border_grey\"><img decoding=\"async\" class=\"vc_single_image-img\" src=\"https:\/\/www.pshhc.org\/wp-content\/uploads\/2023\/09\/2.png\" width=\"370\" height=\"370\" alt=\"2\" title=\"2\" loading=\"lazy\" \/><\/a>\n\t\t<\/figure>\n\t<\/div>\n<\/div><\/div><\/div><div class=\"wpb_column vc_column_container vc_col-sm-4 vc_hidden-lg vc_hidden-md vc_hidden-sm vc_hidden-xs\"><div class=\"vc_column-inner\"><div class=\"wpb_wrapper\">\n\t<div class=\"wpb_text_column wpb_content_element\" >\n\t\t<div class=\"wpb_wrapper\">\n\t\t\t<p><a class=\"call-home-name\" href=\"https:\/\/www.pshhc.org\/es\/advocacy-housing-matters\/\">Asuntos de vivienda<\/a><\/p>\n\n\t\t<\/div>\n\t<\/div>\n\n\t<div  class=\"wpb_single_image wpb_content_element vc_align_center wpb_content_element  img-wrap\">\n\t\t\n\t\t<figure class=\"wpb_wrapper vc_figure\">\n\t\t\t<a href=\"https:\/\/www.pshhc.org\/es\/advocacy-housing-matters\/\" target=\"_self\" class=\"vc_single_image-wrapper   vc_box_border_grey\"><img decoding=\"async\" class=\"vc_single_image-img\" src=\"https:\/\/www.pshhc.org\/wp-content\/uploads\/2024\/01\/In-the-Media-370x370.png\" width=\"370\" height=\"370\" alt=\"Housing Matters\" title=\"Asuntos de vivienda\" loading=\"lazy\" \/><\/a>\n\t\t<\/figure>\n\t<\/div>\n<\/div><\/div><\/div><\/div><\/div><\/div><\/div><\/div><div class=\"vc_row-full-width vc_clearfix\"><\/div><!-- Row Backgrounds --><div class=\"upb_color\" data-bg-override=\"0\" data-bg-color=\"#ffffff\" data-fadeout=\"\" data-fadeout-percentage=\"30\" data-parallax-content=\"\" data-parallax-content-sense=\"30\" data-row-effect-mobile-disable=\"true\" data-img-parallax-mobile-disable=\"true\" data-rtl=\"false\"  data-custom-vc-row=\"\"  data-vc=\"8.7.2\"  data-is_old_vc=\"\"  data-theme-support=\"\"   data-overlay=\"false\" data-overlay-color=\"\" data-overlay-pattern=\"\" data-overlay-pattern-opacity=\"\" data-overlay-pattern-size=\"\"    ><\/div>\n<\/div>","protected":false},"excerpt":{"rendered":"Herramientas para una defensa informada El tema de la vivienda, en resumen, es complicado. Por qu\u00e9 construir, d\u00f3nde construir y para qui\u00e9n construir suscita un feroz debate y pone de relieve las complejas cuestiones que rodean la crisis inmobiliaria. Desde documentos t\u00e9cnicos hasta art\u00edculos de opini\u00f3n, desde legislaci\u00f3n emergente hasta medidas electorales, a continuaci\u00f3n encontrar\u00e1 una variedad de recursos...  <a class=\"excerpt-read-more\" href=\"https:\/\/www.pshhc.org\/es\/advocacy\/\" title=\"Leer promoci\u00f3n\">Leer m\u00e1s &quot;<\/a>","protected":false},"author":1105,"featured_media":127429,"parent":0,"menu_order":0,"comment_status":"closed","ping_status":"closed","template":"page-wide.php","meta":{"_acf_changed":false,"footnotes":""},"class_list":["post-109056","page","type-page","status-publish","has-post-thumbnail","hentry"],"acf":[],"yoast_head":"<!-- This site is optimized with the Yoast SEO plugin v26.9 - https:\/\/yoast.com\/product\/yoast-seo-wordpress\/ -->\n<title>Advocacy - People&#039;s Self-Help Housing<\/title>\n<meta name=\"description\" content=\"Tools for Informed Advocacy The topic of housing, in short, is complicated. Why build, where to build, and who to build for arouses fierce debate and throws into sharp relief\" \/>\n<meta name=\"robots\" content=\"index, follow, max-snippet:-1, max-image-preview:large, max-video-preview:-1\" \/>\n<link rel=\"canonical\" href=\"https:\/\/www.pshhc.org\/es\/advocacy\/\" \/>\n<meta property=\"og:locale\" content=\"es_MX\" \/>\n<meta property=\"og:type\" content=\"article\" \/>\n<meta property=\"og:title\" content=\"Advocacy - People&#039;s Self-Help Housing\" \/>\n<meta property=\"og:url\" content=\"https:\/\/www.pshhc.org\/es\/advocacy\/\" \/>\n<meta property=\"og:site_name\" content=\"People&#039;s Self-Help Housing\" \/>\n<meta property=\"article:modified_time\" content=\"2026-01-07T19:05:37+00:00\" \/>\n<meta property=\"og:image\" content=\"https:\/\/www.pshhc.org\/wp-content\/uploads\/2023\/12\/Advocacy-Webpage-Headers-4-1-1024x481.png\" \/>\n\t<meta property=\"og:image:width\" content=\"1024\" \/>\n\t<meta property=\"og:image:height\" content=\"481\" \/>\n\t<meta property=\"og:image:type\" content=\"image\/png\" \/>\n<meta name=\"twitter:card\" content=\"summary_large_image\" \/>\n<meta name=\"twitter:label1\" content=\"Tiempo de lectura\" \/>\n\t<meta name=\"twitter:data1\" content=\"3 minutos\" \/>\n<script type=\"application\/ld+json\" class=\"yoast-schema-graph\">{\"@context\":\"https:\/\/schema.org\",\"@graph\":[{\"@type\":\"WebPage\",\"@id\":\"https:\/\/www.pshhc.org\/advocacy\/\",\"url\":\"https:\/\/www.pshhc.org\/advocacy\/\",\"name\":\"Advocacy - People&#039;s Self-Help Housing\",\"isPartOf\":{\"@id\":\"https:\/\/www.pshhc.org\/#website\"},\"primaryImageOfPage\":{\"@id\":\"https:\/\/www.pshhc.org\/advocacy\/#primaryimage\"},\"image\":{\"@id\":\"https:\/\/www.pshhc.org\/advocacy\/#primaryimage\"},\"thumbnailUrl\":\"https:\/\/www.pshhc.org\/wp-content\/uploads\/2023\/12\/Advocacy-Webpage-Headers-4-1.png\",\"datePublished\":\"2023-09-07T19:57:31+00:00\",\"dateModified\":\"2026-01-07T19:05:37+00:00\",\"breadcrumb\":{\"@id\":\"https:\/\/www.pshhc.org\/advocacy\/#breadcrumb\"},\"inLanguage\":\"es\",\"potentialAction\":[{\"@type\":\"ReadAction\",\"target\":[\"https:\/\/www.pshhc.org\/advocacy\/\"]}]},{\"@type\":\"ImageObject\",\"inLanguage\":\"es\",\"@id\":\"https:\/\/www.pshhc.org\/advocacy\/#primaryimage\",\"url\":\"https:\/\/www.pshhc.org\/wp-content\/uploads\/2023\/12\/Advocacy-Webpage-Headers-4-1.png\",\"contentUrl\":\"https:\/\/www.pshhc.org\/wp-content\/uploads\/2023\/12\/Advocacy-Webpage-Headers-4-1.png\",\"width\":5472,\"height\":2571},{\"@type\":\"BreadcrumbList\",\"@id\":\"https:\/\/www.pshhc.org\/advocacy\/#breadcrumb\",\"itemListElement\":[{\"@type\":\"ListItem\",\"position\":1,\"name\":\"Home\",\"item\":\"https:\/\/www.pshhc.org\/\"},{\"@type\":\"ListItem\",\"position\":2,\"name\":\"Advocacy\"}]},{\"@type\":\"WebSite\",\"@id\":\"https:\/\/www.pshhc.org\/#website\",\"url\":\"https:\/\/www.pshhc.org\/\",\"name\":\"People&#039;s Self-Help Housing\",\"description\":\"People&#039;s Self-Help Housing\",\"potentialAction\":[{\"@type\":\"SearchAction\",\"target\":{\"@type\":\"EntryPoint\",\"urlTemplate\":\"https:\/\/www.pshhc.org\/?s={search_term_string}\"},\"query-input\":{\"@type\":\"PropertyValueSpecification\",\"valueRequired\":true,\"valueName\":\"search_term_string\"}}],\"inLanguage\":\"es\"}]}<\/script>\n<!-- \/ Yoast SEO plugin. -->","yoast_head_json":{"title":"Defensa - Vivienda de autoayuda para personas","description":"Herramientas para una defensa informada. El tema de la vivienda, en resumen, es complejo. Por qu\u00e9 construir, d\u00f3nde construir y para qui\u00e9n construir genera un intenso debate y pone de relieve...","robots":{"index":"index","follow":"follow","max-snippet":"max-snippet:-1","max-image-preview":"max-image-preview:large","max-video-preview":"max-video-preview:-1"},"canonical":"https:\/\/www.pshhc.org\/es\/advocacy\/","og_locale":"es_MX","og_type":"article","og_title":"Advocacy - People&#039;s Self-Help Housing","og_url":"https:\/\/www.pshhc.org\/es\/advocacy\/","og_site_name":"People&#039;s Self-Help Housing","article_modified_time":"2026-01-07T19:05:37+00:00","og_image":[{"width":1024,"height":481,"url":"https:\/\/www.pshhc.org\/wp-content\/uploads\/2023\/12\/Advocacy-Webpage-Headers-4-1-1024x481.png","type":"image\/png"}],"twitter_card":"summary_large_image","twitter_misc":{"Tiempo de lectura":"3 minutos"},"schema":{"@context":"https:\/\/schema.org","@graph":[{"@type":"WebPage","@id":"https:\/\/www.pshhc.org\/advocacy\/","url":"https:\/\/www.pshhc.org\/advocacy\/","name":"Defensa - Vivienda de autoayuda para personas","isPartOf":{"@id":"https:\/\/www.pshhc.org\/#website"},"primaryImageOfPage":{"@id":"https:\/\/www.pshhc.org\/advocacy\/#primaryimage"},"image":{"@id":"https:\/\/www.pshhc.org\/advocacy\/#primaryimage"},"thumbnailUrl":"https:\/\/www.pshhc.org\/wp-content\/uploads\/2023\/12\/Advocacy-Webpage-Headers-4-1.png","datePublished":"2023-09-07T19:57:31+00:00","dateModified":"2026-01-07T19:05:37+00:00","breadcrumb":{"@id":"https:\/\/www.pshhc.org\/advocacy\/#breadcrumb"},"inLanguage":"es","potentialAction":[{"@type":"ReadAction","target":["https:\/\/www.pshhc.org\/advocacy\/"]}]},{"@type":"ImageObject","inLanguage":"es","@id":"https:\/\/www.pshhc.org\/advocacy\/#primaryimage","url":"https:\/\/www.pshhc.org\/wp-content\/uploads\/2023\/12\/Advocacy-Webpage-Headers-4-1.png","contentUrl":"https:\/\/www.pshhc.org\/wp-content\/uploads\/2023\/12\/Advocacy-Webpage-Headers-4-1.png","width":5472,"height":2571},{"@type":"BreadcrumbList","@id":"https:\/\/www.pshhc.org\/advocacy\/#breadcrumb","itemListElement":[{"@type":"ListItem","position":1,"name":"Home","item":"https:\/\/www.pshhc.org\/"},{"@type":"ListItem","position":2,"name":"Advocacy"}]},{"@type":"WebSite","@id":"https:\/\/www.pshhc.org\/#website","url":"https:\/\/www.pshhc.org\/","name":"Vivienda de autoayuda de People &amp; #039; s","description":"Vivienda de autoayuda de People &amp; #039; s","potentialAction":[{"@type":"SearchAction","target":{"@type":"EntryPoint","urlTemplate":"https:\/\/www.pshhc.org\/?s={search_term_string}"},"query-input":{"@type":"PropertyValueSpecification","valueRequired":true,"valueName":"search_term_string"}}],"inLanguage":"es"}]}},"jetpack_sharing_enabled":true,"_links":{"self":[{"href":"https:\/\/www.pshhc.org\/es\/wp-json\/wp\/v2\/pages\/109056","targetHints":{"allow":["GET"]}}],"collection":[{"href":"https:\/\/www.pshhc.org\/es\/wp-json\/wp\/v2\/pages"}],"about":[{"href":"https:\/\/www.pshhc.org\/es\/wp-json\/wp\/v2\/types\/page"}],"author":[{"embeddable":true,"href":"https:\/\/www.pshhc.org\/es\/wp-json\/wp\/v2\/users\/1105"}],"replies":[{"embeddable":true,"href":"https:\/\/www.pshhc.org\/es\/wp-json\/wp\/v2\/comments?post=109056"}],"version-history":[{"count":75,"href":"https:\/\/www.pshhc.org\/es\/wp-json\/wp\/v2\/pages\/109056\/revisions"}],"predecessor-version":[{"id":139815,"href":"https:\/\/www.pshhc.org\/es\/wp-json\/wp\/v2\/pages\/109056\/revisions\/139815"}],"wp:featuredmedia":[{"embeddable":true,"href":"https:\/\/www.pshhc.org\/es\/wp-json\/wp\/v2\/media\/127429"}],"wp:attachment":[{"href":"https:\/\/www.pshhc.org\/es\/wp-json\/wp\/v2\/media?parent=109056"}],"curies":[{"name":"gracias","href":"https:\/\/api.w.org\/{rel}","templated":true}]}}