{"id":325,"date":"2019-05-23T08:44:00","date_gmt":"2019-05-23T08:44:00","guid":{"rendered":"https:\/\/www.pshhc.org\/?page_id=325"},"modified":"2026-03-09T23:07:53","modified_gmt":"2026-03-09T23:07:53","slug":"financials-reporting","status":"publish","type":"page","link":"http:\/\/www.pshhc.org\/es\/financials-reporting\/","title":{"rendered":"Finanzas e informes"},"content":{"rendered":"<div class=\"wpb-content-wrapper\"><div data-vc-full-width=\"true\" data-vc-full-width-temp=\"true\" data-vc-full-width-init=\"false\" data-vc-stretch-content=\"true\" class=\"vc_row wpb_row vc_row-fluid inner-banner vc_row-no-padding\"><div class=\"wpb_column vc_column_container vc_col-sm-12\"><div class=\"vc_column-inner\"><div class=\"wpb_wrapper\">\n\t<div  class=\"wpb_single_image wpb_content_element vc_align_center wpb_content_element  bg-image\">\n\t\t\n\t\t<figure class=\"wpb_wrapper vc_figure\">\n\t\t\t<div class=\"vc_single_image-wrapper   vc_box_border_grey\"><img loading=\"lazy\" decoding=\"async\" width=\"2560\" height=\"1491\" src=\"https:\/\/www.pshhc.org\/wp-content\/uploads\/2020\/09\/Peoples-Housing-7-11-08-174-scaled-e1599172552701.jpg\" class=\"vc_single_image-img attachment-full\" alt=\"\" title=\"informes financieros\" srcset=\"https:\/\/www.pshhc.org\/wp-content\/uploads\/2020\/09\/Peoples-Housing-7-11-08-174-scaled-e1599172552701.jpg 2560w, https:\/\/www.pshhc.org\/wp-content\/uploads\/2020\/09\/Peoples-Housing-7-11-08-174-scaled-e1599172552701-18x10.jpg 18w, https:\/\/www.pshhc.org\/wp-content\/uploads\/2020\/09\/Peoples-Housing-7-11-08-174-scaled-e1599172552701-300x175.jpg 300w, https:\/\/www.pshhc.org\/wp-content\/uploads\/2020\/09\/Peoples-Housing-7-11-08-174-scaled-e1599172552701-768x447.jpg 768w, https:\/\/www.pshhc.org\/wp-content\/uploads\/2020\/09\/Peoples-Housing-7-11-08-174-scaled-e1599172552701-1024x596.jpg 1024w, https:\/\/www.pshhc.org\/wp-content\/uploads\/2020\/09\/Peoples-Housing-7-11-08-174-scaled-e1599172552701-1536x895.jpg 1536w, https:\/\/www.pshhc.org\/wp-content\/uploads\/2020\/09\/Peoples-Housing-7-11-08-174-scaled-e1599172552701-2048x1193.jpg 2048w, https:\/\/www.pshhc.org\/wp-content\/uploads\/2020\/09\/Peoples-Housing-7-11-08-174-scaled-e1599172552701-600x349.jpg 600w\" sizes=\"auto, (max-width: 2560px) 100vw, 2560px\" \/><\/div>\n\t\t<\/figure>\n\t<\/div>\n<\/div><\/div><\/div><\/div><div class=\"vc_row-full-width vc_clearfix\"><\/div><div data-vc-full-width=\"true\" data-vc-full-width-temp=\"true\" data-vc-full-width-init=\"false\" data-vc-stretch-content=\"true\" class=\"vc_row wpb_row vc_row-fluid inner-housing-section vc_row-no-padding\"><div class=\"wpb_column vc_column_container vc_col-sm-12\"><div class=\"vc_column-inner\"><div class=\"wpb_wrapper\">\n\t<div class=\"wpb_text_column wpb_content_element container\" >\n\t\t<div class=\"wpb_wrapper\">\n\t\t\t<h2><\/h2>\n<h2>Finanzas e informes<\/h2>\n\n\t\t<\/div>\n\t<\/div>\n<\/div><\/div><\/div><\/div><div class=\"vc_row-full-width vc_clearfix\"><\/div><div data-vc-full-width=\"true\" data-vc-full-width-temp=\"true\" data-vc-full-width-init=\"false\" data-vc-stretch-content=\"true\" class=\"vc_row wpb_row vc_row-fluid rental-housing-section vc_row-no-padding\"><div class=\"wpb_column vc_column_container vc_col-sm-12\"><div class=\"vc_column-inner\"><div class=\"wpb_wrapper\">\n\t<div class=\"wpb_text_column wpb_content_element container tal\" >\n\t\t<div class=\"wpb_wrapper\">\n\t\t\t<p style=\"text-align: left;\">La gesti\u00f3n cuidadosa y responsable de los recursos financieros de nuestra organizaci\u00f3n se lleva a cabo mediante una planificaci\u00f3n s\u00f3lida y estrat\u00e9gica. Garantizar la protecci\u00f3n adecuada de los activos existentes y su uso eficiente en el cumplimiento de nuestra misi\u00f3n es de suma importancia. Con la h\u00e1bil supervisi\u00f3n de la junta directiva, la supervisi\u00f3n del equipo de Contabilidad y Finanzas y el firme apoyo de Gesti\u00f3n de Activos, todos los interesados pueden tener la seguridad de que cualquier inversi\u00f3n en People&#039;s Self-Help Housing se gestiona con prudencia y prudencia.<\/p>\n<p>Para obtener informaci\u00f3n adicional, p\u00f3ngase en contacto con <a href=\"mailto:communications@pshhc.org\">communications@pshhc.org<\/a>.<\/p>\n\n\t\t<\/div>\n\t<\/div>\n<div class=\"vc_tta-container\" data-vc-action=\"collapse\"><div class=\"vc_general vc_tta vc_tta-accordion vc_tta-color-grey vc_tta-style-classic vc_tta-shape-rounded vc_tta-o-shape-group vc_tta-controls-align-default  container\"><div class=\"vc_tta-panels-container\"><div class=\"vc_tta-panels\"><div class=\"vc_tta-panel vc_active\" id=\"1646178078269-b3fc58b1-4ec7\" data-vc-content=\".vc_tta-panel-body\"><div class=\"vc_tta-panel-heading\"><h4 class=\"vc_tta-panel-title vc_tta-controls-icon-position-left\"><a href=\"#1646178078269-b3fc58b1-4ec7\" data-vc-accordion data-vc-container=\".vc_tta-container\"><span class=\"vc_tta-title-text\">Exenciones y Presentaciones<\/span><i class=\"vc_tta-controls-icon vc_tta-controls-icon-plus\"><\/i><\/a><\/h4><\/div><div class=\"vc_tta-panel-body\">\n\t<div class=\"wpb_text_column wpb_content_element\" >\n\t\t<div class=\"wpb_wrapper\">\n\t\t\t<ul>\n<li><a href=\"https:\/\/www.pshhc.org\/wp-content\/uploads\/2026\/01\/PSHHC_Tax-Returns_6-30-24_FINAL-Public-Copy_FINAL.pdf\" target=\"_blank\" rel=\"noopener\">IRS 990<\/a><\/li>\n<li><a href=\"https:\/\/www.pshhc.org\/wp-content\/uploads\/2019\/07\/PSHH-501-C-3-IRS-Tax-Exempt-Letter-04-2018.pdf\" target=\"_blank\" rel=\"noopener noreferrer\">Carta de determinaci\u00f3n de organizaci\u00f3n sin fines de lucro 501C3 del IRS<\/a><\/li>\n<li><a href=\"https:\/\/www.pshhc.org\/wp-content\/uploads\/2024\/10\/Articles-of-Incorporation.pdf\" target=\"_blank\" rel=\"noopener\">Estatutos de una sociedad comercial<\/a><\/li>\n<li><a href=\"https:\/\/www.pshhc.org\/wp-content\/uploads\/2019\/07\/State-Exemption-Letter.pdf\" target=\"_blank\" rel=\"noopener noreferrer\">Carta estatal de exenci\u00f3n para organizaciones sin fines de lucro<\/a><\/li>\n<\/ul>\n\n\t\t<\/div>\n\t<\/div>\n<\/div><\/div><div class=\"vc_tta-panel\" id=\"1646178079977-f5f9adf0-6126\" data-vc-content=\".vc_tta-panel-body\"><div class=\"vc_tta-panel-heading\"><h4 class=\"vc_tta-panel-title vc_tta-controls-icon-position-left\"><a href=\"#1646178079977-f5f9adf0-6126\" data-vc-accordion data-vc-container=\".vc_tta-container\"><span class=\"vc_tta-title-text\">Reputaci\u00f3n en l\u00ednea<\/span><i class=\"vc_tta-controls-icon vc_tta-controls-icon-plus\"><\/i><\/a><\/h4><\/div><div class=\"vc_tta-panel-body\">\n\t<div class=\"wpb_text_column wpb_content_element\" >\n\t\t<div class=\"wpb_wrapper\">\n\t\t\t<ul>\n<li><a href=\"https:\/\/www.charitynavigator.org\/index.cfm?bay=search.profile&amp;ein=952750154\" target=\"_blank\" rel=\"noopener noreferrer\">Navegador de la caridad<\/a><\/li>\n<li><a href=\"https:\/\/app.candid.org\/profile\/8443574\/peoples-self-help-housing-95-2750154\" target=\"_blank\" rel=\"noopener\">Sincero<\/a><\/li>\n<\/ul>\n\n\t\t<\/div>\n\t<\/div>\n<\/div><\/div><div class=\"vc_tta-panel\" id=\"1646177947340-15798dc4-c31f\" data-vc-content=\".vc_tta-panel-body\"><div class=\"vc_tta-panel-heading\"><h4 class=\"vc_tta-panel-title vc_tta-controls-icon-position-left\"><a href=\"#1646177947340-15798dc4-c31f\" data-vc-accordion data-vc-container=\".vc_tta-container\"><span class=\"vc_tta-title-text\">Informes de impacto<\/span><i class=\"vc_tta-controls-icon vc_tta-controls-icon-plus\"><\/i><\/a><\/h4><\/div><div class=\"vc_tta-panel-body\">\n\t<div class=\"wpb_text_column wpb_content_element\" >\n\t\t<div class=\"wpb_wrapper\">\n\t\t\t<ul data-uw-styling-context=\"true\">\n<li data-uw-styling-context=\"true\">2024-25: <a href=\"https:\/\/www.pshhc.org\/es\/impactreport\/\">ing<\/a> | <a href=\"https:\/\/www.pshhc.org\/es\/impactreport-esp\/\">ESP<\/a><\/li>\n<li>2023-24: <a href=\"https:\/\/www.pshhc.org\/wp-content\/uploads\/2024\/12\/2023-24-Impact-Report.pdf\" target=\"_blank\" rel=\"noopener\">ing<\/a> | <a href=\"https:\/\/www.pshhc.org\/wp-content\/uploads\/2024\/12\/2023-24-Impact-Report-Spanish-3.pdf\" target=\"_blank\" rel=\"noopener\">ESP<\/a><\/li>\n<li data-uw-styling-context=\"true\">2022-23: <a href=\"https:\/\/www.pshhc.org\/wp-content\/uploads\/2023\/10\/2022-23-Impact-Report-Web.pdf\" target=\"_blank\" rel=\"noopener\">ing<\/a> | <a href=\"https:\/\/www.pshhc.org\/wp-content\/uploads\/2023\/10\/2022-23-Impact-Report-Spanish-Web.pdf\" target=\"_blank\" rel=\"noopener\">ESP<\/a><\/li>\n<li data-uw-styling-context=\"true\"><a href=\"https:\/\/www.pshhc.org\/wp-content\/uploads\/2022\/10\/2021-22-Impact-Report-Design-File.pdf\" target=\"_blank\" rel=\"noopener\">2021-22<\/a><\/li>\n<li data-uw-styling-context=\"true\"><a href=\"https:\/\/www.pshhc.org\/wp-content\/uploads\/2021\/10\/2020-21-Impact-Report-Design-File.pdf\" data-uw-styling-context=\"true\">2020-21<\/a><\/li>\n<li data-uw-styling-context=\"true\"><a href=\"https:\/\/www.pshhc.org\/wp-content\/uploads\/2020\/10\/2019-20-Impact-Report-Design-File.pdf\" data-uw-styling-context=\"true\">2019-20<\/a><\/li>\n<li data-uw-styling-context=\"true\"><a href=\"https:\/\/www.pshhc.org\/wp-content\/uploads\/2020\/03\/2018-19-Annual-Report-Design-File_WEB.pdf\" data-uw-styling-context=\"true\">2018-19<\/a><\/li>\n<li data-uw-styling-context=\"true\"><a href=\"https:\/\/www.pshhc.org\/wp-content\/uploads\/2019\/10\/2017-18-Annual-Report-WEB.pdf\" data-uw-styling-context=\"true\">2017-18<\/a><\/li>\n<li data-uw-styling-context=\"true\"><a href=\"https:\/\/www.pshhc.org\/wp-content\/uploads\/2019\/10\/2017-Annual-Report-Interim-Single-Page.pdf\" data-uw-styling-context=\"true\">2017<\/a><\/li>\n<\/ul>\n\n\t\t<\/div>\n\t<\/div>\n<\/div><\/div><div class=\"vc_tta-panel\" id=\"1646177947379-57783430-eb09\" data-vc-content=\".vc_tta-panel-body\"><div class=\"vc_tta-panel-heading\"><h4 class=\"vc_tta-panel-title vc_tta-controls-icon-position-left\"><a href=\"#1646177947379-57783430-eb09\" data-vc-accordion data-vc-container=\".vc_tta-container\"><span class=\"vc_tta-title-text\">Planes estrategicos<\/span><i class=\"vc_tta-controls-icon vc_tta-controls-icon-plus\"><\/i><\/a><\/h4><\/div><div class=\"vc_tta-panel-body\">\n\t<div class=\"wpb_text_column wpb_content_element\" >\n\t\t<div class=\"wpb_wrapper\">\n\t\t\t<ul data-uw-styling-context=\"true\">\n<li data-uw-styling-context=\"true\"><a href=\"https:\/\/www.pshhc.org\/es\/strategicplan\/\">2025-2030<\/a><\/li>\n<li data-uw-styling-context=\"true\"><a href=\"https:\/\/www.pshhc.org\/wp-content\/uploads\/2025\/07\/Strategic-Plan-2024_Web.pdf\" target=\"_blank\" rel=\"noopener\">2021-2024<\/a><\/li>\n<li data-uw-styling-context=\"true\"><a href=\"https:\/\/www.pshhc.org\/wp-content\/uploads\/2022\/03\/2018-2020-Strategic-Plan-WEB.pdf\" target=\"_blank\" rel=\"noopener\">2018-2020<\/a><\/li>\n<\/ul>\n\n\t\t<\/div>\n\t<\/div>\n<\/div><\/div><\/div><\/div><\/div><\/div><\/div><\/div><\/div><\/div><div class=\"vc_row-full-width vc_clearfix\"><\/div>\n<\/div>","protected":false},"excerpt":{"rendered":"Finanzas e informes. La gesti\u00f3n cuidadosa y responsable de los recursos financieros de nuestra organizaci\u00f3n se lleva a cabo mediante una planificaci\u00f3n s\u00f3lida y estrat\u00e9gica. Garantizar que los activos existentes est\u00e9n bien protegidos y se utilicen con pericia para el cumplimiento de nuestra misi\u00f3n es de suma importancia. Con la h\u00e1bil supervisi\u00f3n de la junta directiva, la supervisi\u00f3n del equipo de Contabilidad y Finanzas, y...  <a class=\"excerpt-read-more\" href=\"http:\/\/www.pshhc.org\/es\/financials-reporting\/\" title=\"Leer finanzas e informes\">Leer m\u00e1s &quot;<\/a>","protected":false},"author":1102,"featured_media":6288,"parent":0,"menu_order":0,"comment_status":"closed","ping_status":"closed","template":"page-wide.php","meta":{"_acf_changed":false,"footnotes":""},"class_list":["post-325","page","type-page","status-publish","has-post-thumbnail","hentry"],"acf":[],"yoast_head":"<!-- This site is optimized with the Yoast SEO plugin v26.9 - https:\/\/yoast.com\/product\/yoast-seo-wordpress\/ -->\n<title>Financials &amp; Reporting - People&#039;s Self-Help Housing<\/title>\n<meta name=\"description\" content=\"Financials &amp; Reporting The careful and responsible management of the financial resources of our organization is effected through robust and strategic planning. Ensuring that existing assets are well-protected and expertly\" \/>\n<meta name=\"robots\" content=\"index, follow, max-snippet:-1, max-image-preview:large, max-video-preview:-1\" \/>\n<link rel=\"canonical\" href=\"https:\/\/www.pshhc.org\/es\/financials-reporting\/\" \/>\n<meta property=\"og:locale\" content=\"es_MX\" \/>\n<meta property=\"og:type\" content=\"article\" \/>\n<meta property=\"og:title\" content=\"Financials &amp; Reporting - People&#039;s Self-Help Housing\" \/>\n<meta property=\"og:url\" content=\"https:\/\/www.pshhc.org\/es\/financials-reporting\/\" \/>\n<meta property=\"og:site_name\" content=\"People&#039;s Self-Help Housing\" \/>\n<meta property=\"article:modified_time\" content=\"2026-03-09T23:07:53+00:00\" \/>\n<meta property=\"og:image\" content=\"https:\/\/www.pshhc.org\/wp-content\/uploads\/2020\/09\/Peoples-Housing-7-11-08-174-scaled-e1599172552701.jpg\" \/>\n\t<meta property=\"og:image:width\" content=\"2560\" \/>\n\t<meta property=\"og:image:height\" content=\"1491\" \/>\n\t<meta property=\"og:image:type\" content=\"image\/jpeg\" \/>\n<meta name=\"twitter:card\" content=\"summary_large_image\" \/>\n<meta name=\"twitter:label1\" content=\"Tiempo de lectura\" \/>\n\t<meta name=\"twitter:data1\" content=\"2 minutos\" \/>\n<script type=\"application\/ld+json\" class=\"yoast-schema-graph\">{\"@context\":\"https:\/\/schema.org\",\"@graph\":[{\"@type\":\"WebPage\",\"@id\":\"https:\/\/www.pshhc.org\/financials-reporting\/\",\"url\":\"https:\/\/www.pshhc.org\/financials-reporting\/\",\"name\":\"Financials & Reporting - People&#039;s Self-Help Housing\",\"isPartOf\":{\"@id\":\"https:\/\/www.pshhc.org\/#website\"},\"primaryImageOfPage\":{\"@id\":\"https:\/\/www.pshhc.org\/financials-reporting\/#primaryimage\"},\"image\":{\"@id\":\"https:\/\/www.pshhc.org\/financials-reporting\/#primaryimage\"},\"thumbnailUrl\":\"https:\/\/www.pshhc.org\/wp-content\/uploads\/2020\/09\/Peoples-Housing-7-11-08-174-scaled-e1599172552701.jpg\",\"datePublished\":\"2019-05-23T08:44:00+00:00\",\"dateModified\":\"2026-03-09T23:07:53+00:00\",\"breadcrumb\":{\"@id\":\"https:\/\/www.pshhc.org\/financials-reporting\/#breadcrumb\"},\"inLanguage\":\"es\",\"potentialAction\":[{\"@type\":\"ReadAction\",\"target\":[\"https:\/\/www.pshhc.org\/financials-reporting\/\"]}]},{\"@type\":\"ImageObject\",\"inLanguage\":\"es\",\"@id\":\"https:\/\/www.pshhc.org\/financials-reporting\/#primaryimage\",\"url\":\"https:\/\/www.pshhc.org\/wp-content\/uploads\/2020\/09\/Peoples-Housing-7-11-08-174-scaled-e1599172552701.jpg\",\"contentUrl\":\"https:\/\/www.pshhc.org\/wp-content\/uploads\/2020\/09\/Peoples-Housing-7-11-08-174-scaled-e1599172552701.jpg\",\"width\":2560,\"height\":1491},{\"@type\":\"BreadcrumbList\",\"@id\":\"https:\/\/www.pshhc.org\/financials-reporting\/#breadcrumb\",\"itemListElement\":[{\"@type\":\"ListItem\",\"position\":1,\"name\":\"Home\",\"item\":\"https:\/\/www.pshhc.org\/\"},{\"@type\":\"ListItem\",\"position\":2,\"name\":\"Financials &#038; Reporting\"}]},{\"@type\":\"WebSite\",\"@id\":\"https:\/\/www.pshhc.org\/#website\",\"url\":\"https:\/\/www.pshhc.org\/\",\"name\":\"People&#039;s Self-Help Housing\",\"description\":\"People&#039;s Self-Help Housing\",\"potentialAction\":[{\"@type\":\"SearchAction\",\"target\":{\"@type\":\"EntryPoint\",\"urlTemplate\":\"https:\/\/www.pshhc.org\/?s={search_term_string}\"},\"query-input\":{\"@type\":\"PropertyValueSpecification\",\"valueRequired\":true,\"valueName\":\"search_term_string\"}}],\"inLanguage\":\"es\"}]}<\/script>\n<!-- \/ Yoast SEO plugin. -->","yoast_head_json":{"title":"Finanzas e informes - People&#039;s Self-Help Housing","description":"Finanzas e informes. La gesti\u00f3n cuidadosa y responsable de los recursos financieros de nuestra organizaci\u00f3n se lleva a cabo mediante una planificaci\u00f3n s\u00f3lida y estrat\u00e9gica. Garantizamos que los activos existentes est\u00e9n bien protegidos y gestionados por expertos.","robots":{"index":"index","follow":"follow","max-snippet":"max-snippet:-1","max-image-preview":"max-image-preview:large","max-video-preview":"max-video-preview:-1"},"canonical":"https:\/\/www.pshhc.org\/es\/financials-reporting\/","og_locale":"es_MX","og_type":"article","og_title":"Financials & Reporting - People&#039;s Self-Help Housing","og_url":"https:\/\/www.pshhc.org\/es\/financials-reporting\/","og_site_name":"People&#039;s Self-Help Housing","article_modified_time":"2026-03-09T23:07:53+00:00","og_image":[{"width":2560,"height":1491,"url":"https:\/\/www.pshhc.org\/wp-content\/uploads\/2020\/09\/Peoples-Housing-7-11-08-174-scaled-e1599172552701.jpg","type":"image\/jpeg"}],"twitter_card":"summary_large_image","twitter_misc":{"Tiempo de lectura":"2 minutos"},"schema":{"@context":"https:\/\/schema.org","@graph":[{"@type":"WebPage","@id":"https:\/\/www.pshhc.org\/financials-reporting\/","url":"https:\/\/www.pshhc.org\/financials-reporting\/","name":"Finanzas e informes - People&#039;s Self-Help Housing","isPartOf":{"@id":"https:\/\/www.pshhc.org\/#website"},"primaryImageOfPage":{"@id":"https:\/\/www.pshhc.org\/financials-reporting\/#primaryimage"},"image":{"@id":"https:\/\/www.pshhc.org\/financials-reporting\/#primaryimage"},"thumbnailUrl":"https:\/\/www.pshhc.org\/wp-content\/uploads\/2020\/09\/Peoples-Housing-7-11-08-174-scaled-e1599172552701.jpg","datePublished":"2019-05-23T08:44:00+00:00","dateModified":"2026-03-09T23:07:53+00:00","breadcrumb":{"@id":"https:\/\/www.pshhc.org\/financials-reporting\/#breadcrumb"},"inLanguage":"es","potentialAction":[{"@type":"ReadAction","target":["https:\/\/www.pshhc.org\/financials-reporting\/"]}]},{"@type":"ImageObject","inLanguage":"es","@id":"https:\/\/www.pshhc.org\/financials-reporting\/#primaryimage","url":"https:\/\/www.pshhc.org\/wp-content\/uploads\/2020\/09\/Peoples-Housing-7-11-08-174-scaled-e1599172552701.jpg","contentUrl":"https:\/\/www.pshhc.org\/wp-content\/uploads\/2020\/09\/Peoples-Housing-7-11-08-174-scaled-e1599172552701.jpg","width":2560,"height":1491},{"@type":"BreadcrumbList","@id":"https:\/\/www.pshhc.org\/financials-reporting\/#breadcrumb","itemListElement":[{"@type":"ListItem","position":1,"name":"Home","item":"https:\/\/www.pshhc.org\/"},{"@type":"ListItem","position":2,"name":"Financials &#038; Reporting"}]},{"@type":"WebSite","@id":"https:\/\/www.pshhc.org\/#website","url":"https:\/\/www.pshhc.org\/","name":"Vivienda de autoayuda de People &amp; #039; s","description":"Vivienda de autoayuda de People &amp; #039; s","potentialAction":[{"@type":"SearchAction","target":{"@type":"EntryPoint","urlTemplate":"https:\/\/www.pshhc.org\/?s={search_term_string}"},"query-input":{"@type":"PropertyValueSpecification","valueRequired":true,"valueName":"search_term_string"}}],"inLanguage":"es"}]}},"jetpack_sharing_enabled":true,"_links":{"self":[{"href":"http:\/\/www.pshhc.org\/es\/wp-json\/wp\/v2\/pages\/325","targetHints":{"allow":["GET"]}}],"collection":[{"href":"http:\/\/www.pshhc.org\/es\/wp-json\/wp\/v2\/pages"}],"about":[{"href":"http:\/\/www.pshhc.org\/es\/wp-json\/wp\/v2\/types\/page"}],"author":[{"embeddable":true,"href":"http:\/\/www.pshhc.org\/es\/wp-json\/wp\/v2\/users\/1102"}],"replies":[{"embeddable":true,"href":"http:\/\/www.pshhc.org\/es\/wp-json\/wp\/v2\/comments?post=325"}],"version-history":[{"count":42,"href":"http:\/\/www.pshhc.org\/es\/wp-json\/wp\/v2\/pages\/325\/revisions"}],"predecessor-version":[{"id":140526,"href":"http:\/\/www.pshhc.org\/es\/wp-json\/wp\/v2\/pages\/325\/revisions\/140526"}],"wp:featuredmedia":[{"embeddable":true,"href":"http:\/\/www.pshhc.org\/es\/wp-json\/wp\/v2\/media\/6288"}],"wp:attachment":[{"href":"http:\/\/www.pshhc.org\/es\/wp-json\/wp\/v2\/media?parent=325"}],"curies":[{"name":"gracias","href":"https:\/\/api.w.org\/{rel}","templated":true}]}}