{"id":135566,"date":"2024-12-11T21:42:06","date_gmt":"2024-12-11T21:42:06","guid":{"rendered":"https:\/\/www.pshhc.org\/?page_id=135566"},"modified":"2025-12-15T22:40:59","modified_gmt":"2025-12-15T22:40:59","slug":"55-years","status":"publish","type":"page","link":"http:\/\/www.pshhc.org\/es\/55-years\/","title":{"rendered":"55 aniversario"},"content":{"rendered":"<div class=\"wpb-content-wrapper\"><div data-vc-full-width=\"true\" data-vc-full-width-temp=\"true\" data-vc-full-width-init=\"false\" data-vc-stretch-content=\"true\" class=\"vc_row wpb_row vc_row-fluid inner-housing-section vc_row-no-padding\"><div class=\"wpb_column vc_column_container vc_col-sm-12\"><div class=\"vc_column-inner\"><div class=\"wpb_wrapper\"><div class=\"vc_empty_space\"   style=\"height: 55px\"><span class=\"vc_empty_space_inner\"><\/span><\/div>\n\t<div class=\"wpb_text_column wpb_content_element container\" >\n\t\t<div class=\"wpb_wrapper\">\n\t\t\t<h2>Celebrando 55 a\u00f1os<\/h2>\n\n\t\t<\/div>\n\t<\/div>\n<\/div><\/div><\/div><\/div><div class=\"vc_row-full-width vc_clearfix\"><\/div><div data-vc-full-width=\"true\" data-vc-full-width-temp=\"true\" data-vc-full-width-init=\"false\" data-vc-stretch-content=\"true\" class=\"vc_row wpb_row vc_row-fluid rental-housing-section vc_row-no-padding\"><div class=\"wpb_column vc_column_container vc_col-sm-12\"><div class=\"vc_column-inner\"><div class=\"wpb_wrapper\"><div class=\"vc_row wpb_row vc_inner vc_row-fluid\"><div class=\"wpb_column vc_column_container vc_col-sm-12\"><div class=\"vc_column-inner\"><div class=\"wpb_wrapper\"><div class=\"vc_empty_space\"   style=\"height: 32px\"><span class=\"vc_empty_space_inner\"><\/span><\/div>\n\t<div class=\"wpb_text_column wpb_content_element container\" >\n\t\t<div class=\"wpb_wrapper\">\n\t\t\t<p>\u00a1Qu\u00e9 privilegio para una organizaci\u00f3n celebrar 55 a\u00f1os!<\/p>\n<p>Desde nuestros or\u00edgenes tras el seminal <a href=\"https:\/\/www.hcd.ca.gov\/planning-and-community-development\/affirmatively-furthering-fair-housing\" target=\"_blank\" rel=\"noopener\">Ley de Vivienda Justa<\/a> Hasta el d\u00eda de hoy, hemos estado orgullosos de participar en las numerosas asociaciones que han tra\u00eddo decenas de miles de unidades de vivienda asequible a la Costa Central.<\/p>\n<p>Estos no han sucedido por accidente, sino gracias a una planificaci\u00f3n intencional y a la voluntad de las comunidades de cuatro condados de dar una c\u00e1lida bienvenida a sus hogares a familias, trabajadores esenciales, cuidadores, veteranos, personas mayores y, de hecho, a personas de todas las edades y condiciones sociales.<\/p>\n<p>A continuaci\u00f3n encontrar\u00e1 algunos momentos destacados de nuestros 55 a\u00f1os y, si tiene recuerdos o fotograf\u00edas de nuestro pasado, comp\u00e1rtalos con nosotros. <a href=\"mailto:communications@pshhc.org\">aqu\u00ed<\/a>!<\/p>\n<p><img loading=\"lazy\" decoding=\"async\" class=\"alignleft\" src=\"https:\/\/mcusercontent.com\/6a939a0af8b67684f9e32254a\/images\/f51696e1-af53-8aac-328c-69869323f9c0.png\" width=\"75\" height=\"57\" align=\"left\" data-file-id=\"13684465\" \/><\/p>\n<p>&nbsp;<\/p>\n<p>&nbsp;<\/p>\n<p><strong>Ken Trigueiro<\/strong><br \/>\n<em>CEO y presidente<\/em><\/p>\n\n\t\t<\/div>\n\t<\/div>\n<div class=\"vc_empty_space\"   style=\"height: 32px\"><span class=\"vc_empty_space_inner\"><\/span><\/div><div class=\"ubtn-ctn-center\"><a class=\"ubtn-link ult-adjust-bottom-margin ubtn-center ubtn-custom\" href=\"https:\/\/form-renderer-app.donorperfect.io\/give\/pshh\" ><button type=\"button\" id=\"ubtn-8541\"  class=\"ubtn ult-adjust-bottom-margin ult-responsive ubtn-custom ubtn-no-hover-bg  none  ubtn-center   tooltip-69d7d3e453085\"  data-hover=\"#9B0002\" data-border-color=\"\" data-bg=\"#9B0002\" data-hover-bg=\"#FFFFFF\" data-border-hover=\"\" data-shadow-hover=\"\" data-shadow-click=\"none\" data-shadow=\"\" data-shd-shadow=\"\"  data-ultimate-target='#ubtn-8541'  data-responsive-json-new='{\"font-size\":\"\",\"line-height\":\"\"}'  style=\"font-weight:normal;width:380px;min-height:45px;padding:px px;border:none;background: #9B0002;color: #FFFFFF;\"><span class=\"ubtn-hover\" style=\"background-color:#FFFFFF\"><\/span><span class=\"ubtn-data ubtn-text\" >Haz un regalo en honor a nuestro 55 aniversario<\/span><\/button><\/a><\/div><\/div><\/div><\/div><\/div>\n\t<div class=\"wpb_raw_code wpb_raw_html wpb_content_element\" >\n\t\t<div class=\"wpb_wrapper\">\n\t\t\t<iframe src='https:\/\/cdn.knightlab.com\/libs\/timeline3\/latest\/embed\/index.html?source=1XCwfij3KQz9QEoRKI7G9H9Kt6jWc13AaAsGLrGnQSp8&font=Default&lang=en&initial_zoom=2&height=650' width='100%' height='650' webkitallowfullscreen mozallowfullscreen allowfullscreen frameborder='0'><\/iframe>\n\t\t<\/div>\n\t<\/div>\n<\/div><\/div><\/div><\/div><div class=\"vc_row-full-width vc_clearfix\"><\/div>\n<\/div>","protected":false},"excerpt":{"rendered":"Celebrando 55 a\u00f1os \u00a1Qu\u00e9 privilegio para una organizaci\u00f3n celebrar 55 a\u00f1os! Desde nuestros or\u00edgenes, poco despu\u00e9s de la influyente Ley de Vivienda Justa, hasta hoy, hemos estado orgullosos de participar en las numerosas asociaciones que han tra\u00eddo decenas de miles de unidades de vivienda asequible a la Costa Central. Estas no han sido...  <a class=\"excerpt-read-more\" href=\"http:\/\/www.pshhc.org\/es\/55-years\/\" title=\"Leer 55 Aniversario\">Leer m\u00e1s &quot;<\/a>","protected":false},"author":1105,"featured_media":116727,"parent":0,"menu_order":0,"comment_status":"closed","ping_status":"closed","template":"page-wide.php","meta":{"_acf_changed":false,"footnotes":""},"class_list":["post-135566","page","type-page","status-publish","has-post-thumbnail","hentry"],"acf":[],"yoast_head":"<!-- This site is optimized with the Yoast SEO plugin v26.9 - https:\/\/yoast.com\/product\/yoast-seo-wordpress\/ -->\n<title>55th Anniversary - People&#039;s Self-Help Housing<\/title>\n<meta name=\"description\" content=\"With a mission to build affordable homes with site-based services that offer opportunities to change lives and strengthen communities, People\u2019s Self-Help Housing is the longest-serving nonprofit housing organization on California\u2019s Central Coast.\" \/>\n<meta name=\"robots\" content=\"index, follow, max-snippet:-1, max-image-preview:large, max-video-preview:-1\" \/>\n<link rel=\"canonical\" href=\"https:\/\/www.pshhc.org\/es\/55-years\/\" \/>\n<meta property=\"og:locale\" content=\"es_MX\" \/>\n<meta property=\"og:type\" content=\"article\" \/>\n<meta property=\"og:title\" content=\"55th Anniversary - People&#039;s Self-Help Housing\" \/>\n<meta property=\"og:description\" content=\"With a mission to build affordable homes with site-based services that offer opportunities to change lives and strengthen communities, People\u2019s Self-Help Housing is the longest-serving nonprofit housing organization on California\u2019s Central Coast.\" \/>\n<meta property=\"og:url\" content=\"https:\/\/www.pshhc.org\/es\/55-years\/\" \/>\n<meta property=\"og:site_name\" content=\"People&#039;s Self-Help Housing\" \/>\n<meta property=\"article:modified_time\" content=\"2025-12-15T22:40:59+00:00\" \/>\n<meta property=\"og:image\" content=\"https:\/\/www.pshhc.org\/wp-content\/uploads\/2023\/10\/P1030238-scaled.jpg\" \/>\n\t<meta property=\"og:image:width\" content=\"2560\" \/>\n\t<meta property=\"og:image:height\" content=\"1707\" \/>\n\t<meta property=\"og:image:type\" content=\"image\/jpeg\" \/>\n<meta name=\"twitter:card\" content=\"summary_large_image\" \/>\n<meta name=\"twitter:label1\" content=\"Tiempo de lectura\" \/>\n\t<meta name=\"twitter:data1\" content=\"2 minutos\" \/>\n<script type=\"application\/ld+json\" class=\"yoast-schema-graph\">{\"@context\":\"https:\/\/schema.org\",\"@graph\":[{\"@type\":\"WebPage\",\"@id\":\"https:\/\/www.pshhc.org\/55-years\/\",\"url\":\"https:\/\/www.pshhc.org\/55-years\/\",\"name\":\"55th Anniversary - People&#039;s Self-Help Housing\",\"isPartOf\":{\"@id\":\"https:\/\/www.pshhc.org\/#website\"},\"primaryImageOfPage\":{\"@id\":\"https:\/\/www.pshhc.org\/55-years\/#primaryimage\"},\"image\":{\"@id\":\"https:\/\/www.pshhc.org\/55-years\/#primaryimage\"},\"thumbnailUrl\":\"https:\/\/www.pshhc.org\/wp-content\/uploads\/2023\/10\/P1030238-scaled-e1771542249986.jpg\",\"datePublished\":\"2024-12-11T21:42:06+00:00\",\"dateModified\":\"2025-12-15T22:40:59+00:00\",\"description\":\"With a mission to build affordable homes with site-based services that offer opportunities to change lives and strengthen communities, People\u2019s Self-Help Housing is the longest-serving nonprofit housing organization on California\u2019s Central Coast.\",\"breadcrumb\":{\"@id\":\"https:\/\/www.pshhc.org\/55-years\/#breadcrumb\"},\"inLanguage\":\"es\",\"potentialAction\":[{\"@type\":\"ReadAction\",\"target\":[\"https:\/\/www.pshhc.org\/55-years\/\"]}]},{\"@type\":\"ImageObject\",\"inLanguage\":\"es\",\"@id\":\"https:\/\/www.pshhc.org\/55-years\/#primaryimage\",\"url\":\"https:\/\/www.pshhc.org\/wp-content\/uploads\/2023\/10\/P1030238-scaled-e1771542249986.jpg\",\"contentUrl\":\"https:\/\/www.pshhc.org\/wp-content\/uploads\/2023\/10\/P1030238-scaled-e1771542249986.jpg\",\"width\":2560,\"height\":1382},{\"@type\":\"BreadcrumbList\",\"@id\":\"https:\/\/www.pshhc.org\/55-years\/#breadcrumb\",\"itemListElement\":[{\"@type\":\"ListItem\",\"position\":1,\"name\":\"Home\",\"item\":\"https:\/\/www.pshhc.org\/\"},{\"@type\":\"ListItem\",\"position\":2,\"name\":\"55th Anniversary\"}]},{\"@type\":\"WebSite\",\"@id\":\"https:\/\/www.pshhc.org\/#website\",\"url\":\"https:\/\/www.pshhc.org\/\",\"name\":\"People&#039;s Self-Help Housing\",\"description\":\"People&#039;s Self-Help Housing\",\"potentialAction\":[{\"@type\":\"SearchAction\",\"target\":{\"@type\":\"EntryPoint\",\"urlTemplate\":\"https:\/\/www.pshhc.org\/?s={search_term_string}\"},\"query-input\":{\"@type\":\"PropertyValueSpecification\",\"valueRequired\":true,\"valueName\":\"search_term_string\"}}],\"inLanguage\":\"es\"}]}<\/script>\n<!-- \/ Yoast SEO plugin. -->","yoast_head_json":{"title":"55.\u00ba aniversario de la Vivienda Popular de Autoayuda","description":"Con la misi\u00f3n de construir viviendas asequibles con servicios en el sitio que ofrecen oportunidades para cambiar vidas y fortalecer las comunidades, People&#039;s Self-Help Housing es la organizaci\u00f3n de vivienda sin fines de lucro con m\u00e1s a\u00f1os de servicio en la Costa Central de California.","robots":{"index":"index","follow":"follow","max-snippet":"max-snippet:-1","max-image-preview":"max-image-preview:large","max-video-preview":"max-video-preview:-1"},"canonical":"https:\/\/www.pshhc.org\/es\/55-years\/","og_locale":"es_MX","og_type":"article","og_title":"55th Anniversary - People&#039;s Self-Help Housing","og_description":"With a mission to build affordable homes with site-based services that offer opportunities to change lives and strengthen communities, People\u2019s Self-Help Housing is the longest-serving nonprofit housing organization on California\u2019s Central Coast.","og_url":"https:\/\/www.pshhc.org\/es\/55-years\/","og_site_name":"People&#039;s Self-Help Housing","article_modified_time":"2025-12-15T22:40:59+00:00","og_image":[{"width":2560,"height":1707,"url":"https:\/\/www.pshhc.org\/wp-content\/uploads\/2023\/10\/P1030238-scaled.jpg","type":"image\/jpeg"}],"twitter_card":"summary_large_image","twitter_misc":{"Tiempo de lectura":"2 minutos"},"schema":{"@context":"https:\/\/schema.org","@graph":[{"@type":"WebPage","@id":"https:\/\/www.pshhc.org\/55-years\/","url":"https:\/\/www.pshhc.org\/55-years\/","name":"55.\u00ba aniversario de la Vivienda Popular de Autoayuda","isPartOf":{"@id":"https:\/\/www.pshhc.org\/#website"},"primaryImageOfPage":{"@id":"https:\/\/www.pshhc.org\/55-years\/#primaryimage"},"image":{"@id":"https:\/\/www.pshhc.org\/55-years\/#primaryimage"},"thumbnailUrl":"https:\/\/www.pshhc.org\/wp-content\/uploads\/2023\/10\/P1030238-scaled-e1771542249986.jpg","datePublished":"2024-12-11T21:42:06+00:00","dateModified":"2025-12-15T22:40:59+00:00","description":"Con la misi\u00f3n de construir viviendas asequibles con servicios en el sitio que ofrecen oportunidades para cambiar vidas y fortalecer las comunidades, People&#039;s Self-Help Housing es la organizaci\u00f3n de vivienda sin fines de lucro con m\u00e1s a\u00f1os de servicio en la Costa Central de California.","breadcrumb":{"@id":"https:\/\/www.pshhc.org\/55-years\/#breadcrumb"},"inLanguage":"es","potentialAction":[{"@type":"ReadAction","target":["https:\/\/www.pshhc.org\/55-years\/"]}]},{"@type":"ImageObject","inLanguage":"es","@id":"https:\/\/www.pshhc.org\/55-years\/#primaryimage","url":"https:\/\/www.pshhc.org\/wp-content\/uploads\/2023\/10\/P1030238-scaled-e1771542249986.jpg","contentUrl":"https:\/\/www.pshhc.org\/wp-content\/uploads\/2023\/10\/P1030238-scaled-e1771542249986.jpg","width":2560,"height":1382},{"@type":"BreadcrumbList","@id":"https:\/\/www.pshhc.org\/55-years\/#breadcrumb","itemListElement":[{"@type":"ListItem","position":1,"name":"Home","item":"https:\/\/www.pshhc.org\/"},{"@type":"ListItem","position":2,"name":"55th Anniversary"}]},{"@type":"WebSite","@id":"https:\/\/www.pshhc.org\/#website","url":"https:\/\/www.pshhc.org\/","name":"Vivienda de autoayuda de People &amp; #039; s","description":"Vivienda de autoayuda de People &amp; #039; s","potentialAction":[{"@type":"SearchAction","target":{"@type":"EntryPoint","urlTemplate":"https:\/\/www.pshhc.org\/?s={search_term_string}"},"query-input":{"@type":"PropertyValueSpecification","valueRequired":true,"valueName":"search_term_string"}}],"inLanguage":"es"}]}},"jetpack_sharing_enabled":true,"_links":{"self":[{"href":"http:\/\/www.pshhc.org\/es\/wp-json\/wp\/v2\/pages\/135566","targetHints":{"allow":["GET"]}}],"collection":[{"href":"http:\/\/www.pshhc.org\/es\/wp-json\/wp\/v2\/pages"}],"about":[{"href":"http:\/\/www.pshhc.org\/es\/wp-json\/wp\/v2\/types\/page"}],"author":[{"embeddable":true,"href":"http:\/\/www.pshhc.org\/es\/wp-json\/wp\/v2\/users\/1105"}],"replies":[{"embeddable":true,"href":"http:\/\/www.pshhc.org\/es\/wp-json\/wp\/v2\/comments?post=135566"}],"version-history":[{"count":11,"href":"http:\/\/www.pshhc.org\/es\/wp-json\/wp\/v2\/pages\/135566\/revisions"}],"predecessor-version":[{"id":137830,"href":"http:\/\/www.pshhc.org\/es\/wp-json\/wp\/v2\/pages\/135566\/revisions\/137830"}],"wp:featuredmedia":[{"embeddable":true,"href":"http:\/\/www.pshhc.org\/es\/wp-json\/wp\/v2\/media\/116727"}],"wp:attachment":[{"href":"http:\/\/www.pshhc.org\/es\/wp-json\/wp\/v2\/media?parent=135566"}],"curies":[{"name":"gracias","href":"https:\/\/api.w.org\/{rel}","templated":true}]}}